{"id":3167,"date":"2017-10-23T12:17:12","date_gmt":"2017-10-23T10:17:12","guid":{"rendered":"https:\/\/cozydots.com\/?page_id=3167"},"modified":"2017-12-05T10:32:11","modified_gmt":"2017-12-05T09:32:11","slug":"rueckgabe-erstattung","status":"publish","type":"page","link":"https:\/\/cozydots.com\/de\/rueckgabe-erstattung\/","title":{"rendered":"R\u00fcckgabe &#038; Erstattung"},"content":{"rendered":"<h3 dir=\"ltr\" style=\"text-align: center;\">R\u00fcckgabe &amp; Erstattung<\/h3>\n<p style=\"text-align: center;\">aus den Gesch\u00e4ftsbedingungen:<\/p>\n<p dir=\"ltr\" style=\"text-align: center;\">\u00a7 6 \u00a0WIDERRUFSRECHT<\/p>\n<p dir=\"ltr\" style=\"text-align: center;\">1.<\/p>\n<p dir=\"ltr\" style=\"text-align: center;\">Der Kunde hat das Recht, binnen vierzehn Tagen ohne Angabe von Gr\u00fcnden diesen Vertrag zu widerrufen.<\/p>\n<p dir=\"ltr\" style=\"text-align: center;\">2.<\/p>\n<p dir=\"ltr\" style=\"text-align: center;\">Die Widerrufsfrist betr\u00e4gt vierzehn Tage ab dem Tag, an dem der Kunde oder ein vom Kunden benannter Dritter, der nicht der Bef\u00f6rderer ist, die Waren in Besitz genommen hat.<\/p>\n<p dir=\"ltr\" style=\"text-align: center;\">3.<\/p>\n<p dir=\"ltr\" style=\"text-align: center;\">Um das Widerrufsrecht auszu\u00fcben, muss der Kunde dem Unternehmer, mittels einer eindeutigen Erkl\u00e4rung \u00a0\u00fcber den Entschluss, diesen Vertrag zu widerrufen, informieren. Zu diesem Zweck sollte er, die in vorliegenden Verkaufsbedienungen die Unternehmensdaten nutzen.<\/p>\n<p dir=\"ltr\" style=\"text-align: center;\">4.<\/p>\n<p dir=\"ltr\" style=\"text-align: center;\">Der Kunde kann daf\u00fcr das beigef\u00fcgte Muster-Widerrufsformular verwenden, das jedoch nicht vorgeschrieben ist.<\/p>\n<p dir=\"ltr\" style=\"text-align: center;\">Das Widerrufsformular finden Sie an der letzten Seiten von AGB.<\/p>\n<p dir=\"ltr\" style=\"text-align: center;\">5.<\/p>\n<p dir=\"ltr\" style=\"text-align: center;\">Zur Wahrung der Widerrufsfrist reicht es aus, dass der Verbraucher die Mitteilung \u00fcber die Aus\u00fcbung des Widerrufsrechts vor Ablauf der Widerrufsfrist absendet.<\/p>\n<p dir=\"ltr\" style=\"text-align: center;\">6.<\/p>\n<p dir=\"ltr\" style=\"text-align: center;\">Folgen des Widerrufs<\/p>\n<p dir=\"ltr\" style=\"text-align: center;\">a.<\/p>\n<p dir=\"ltr\" style=\"text-align: center;\">Wenn Sie diesen Vertrag widerrufen, haben wir Ihnen alle Zahlungen, die wir von Ihnen erhalten haben, einschlie\u00dflich der Lieferkosten (mit Ausnahme der zus\u00e4tzlichen Kosten, die sich daraus ergeben, dass Sie eine andere Art der Lieferung als die von uns angebotene, g\u00fcnstigste Standardlieferung gew\u00e4hlt haben), unverz\u00fcglich und sp\u00e4testens binnen vierzehn Tagen ab dem Tag zur\u00fcckzuzahlen, an dem die Mitteilung \u00fcber Ihren Widerruf dieses Vertrags bei uns eingegangen ist.<\/p>\n<p dir=\"ltr\" style=\"text-align: center;\">b.<\/p>\n<p dir=\"ltr\" style=\"text-align: center;\">F\u00fcr diese R\u00fcckzahlung\u00a0verwenden wir dasselbe Zahlungsmittel, das Sie bei der urspr\u00fcnglichen Transaktion eingesetzt haben, es sei denn, mit Ihnen wurde ausdr\u00fccklich etwas anderes vereinbart; in keinem Fall werden Ihnen wegen dieser R\u00fcckzahlung Entgelte berechnet.<\/p>\n<p dir=\"ltr\" style=\"text-align: center;\">c.<\/p>\n<p dir=\"ltr\" style=\"text-align: center;\">Der Unternehmer kann die R\u00fcckzahlung verweigern, bis er die Ware wieder zur\u00fcckerhalten hat oder bis der Verbraucher den Nachweis erbracht hat, dass er die Waren zur\u00fcckgesandt hat, je nachdem, welches der fr\u00fchere Zeitpunkt ist.<\/p>\n<p dir=\"ltr\" style=\"text-align: center;\">d.<\/p>\n<p dir=\"ltr\" style=\"text-align: center;\">Sie haben die Waren unverz\u00fcglich und in jedem Fall sp\u00e4testens binnen vierzehn Tagen ab dem Tag, an dem Sie uns \u00fcber den Widerruf dieses Vertrages unterrichten, an uns zur\u00fcckzusenden oder zu \u00fcbergeben. Die Frist ist gewahrt, wenn Sie die Waren vor Ablauf der Frist von vierzehn Tagen absenden.\u00a0Die Waren sollten auf die in diesem Reglement genannte Adresse (\u00a7 3)\u00a0zur\u00fcckgesendet werden.<\/p>\n<p dir=\"ltr\" style=\"text-align: center;\">e.<\/p>\n<p dir=\"ltr\" style=\"text-align: center;\">. Sie tragen die unmittelbaren Kosten der R\u00fccksendung der Waren.<\/p>\n<p dir=\"ltr\" style=\"text-align: center;\">f.<\/p>\n<p dir=\"ltr\" style=\"text-align: center;\">Sie m\u00fcssen f\u00fcr einen etwaigen Wertverlust der Waren nur aufkommen, wenn dieser Wertverlust auf einen zur Pr\u00fcfung der Beschaffenheit, Eigenschaften und Funktionsweise der Waren nicht notwendigen Umgang mit ihnen zur\u00fcckzuf\u00fchren ist.<\/p>\n<p dir=\"ltr\" style=\"text-align: center;\">7.<\/p>\n<p dir=\"ltr\" style=\"text-align: center;\">Was sollen Sie machen, wenn man die Waren aufgrund ihrer Natur nicht normal per Post zur\u00fccksenden kann (und welche Kosten tragen Sie dann), finden Sie entsprechende Informationen in der Warenbeschreibung im Shop.<\/p>\n<p dir=\"ltr\" style=\"text-align: center;\">8.<\/p>\n<p dir=\"ltr\" style=\"text-align: center;\">Das Widerrufsrecht besteht nicht bei Vertr\u00e4gen<\/p>\n<p dir=\"ltr\" style=\"text-align: center;\">a.<\/p>\n<p dir=\"ltr\" style=\"text-align: center;\">zur Lieferung von Waren, die nicht vorgefertigt sind und f\u00fcr deren Herstellung eine individuelle Auswahl oder Bestimmung durch den Verbraucher ma\u00dfgeblich ist oder die eindeutig auf die pers\u00f6nlichen Bed\u00fcrfnisse des Verbrauchers zugeschnitten sind.<\/p>\n<p dir=\"ltr\" style=\"text-align: center;\">\u00a7 7 \u00a0REKLAMATION \u00a0UND \u00a0GARANTIE<\/p>\n<p dir=\"ltr\" style=\"text-align: center;\">1.<\/p>\n<p dir=\"ltr\" style=\"text-align: center;\">Der Unternehmer verpflichtet ist, Waren frei von M\u00e4ngeln zu liefern.<\/p>\n<p dir=\"ltr\" style=\"text-align: center;\">2.<\/p>\n<p dir=\"ltr\" style=\"text-align: center;\">Wenn die beim Unternehmer gekaufte Ware defekt ist, steht dem Kunde das Recht auf<\/p>\n<p dir=\"ltr\" style=\"text-align: center;\">Gew\u00e4hrleistung wegen Sachmangels zu, die durch Vorschriften von Zivilprozessordnung geregelt ist.<\/p>\n<p dir=\"ltr\" style=\"text-align: center;\">3.<\/p>\n<p dir=\"ltr\" style=\"text-align: center;\">Die Reklamation sollte man schriftlich oder auf dem elektronischen Weg auf die Adresse des Unternehmers vorbringen.<\/p>\n<p dir=\"ltr\" style=\"text-align: center;\">4.<\/p>\n<p dir=\"ltr\" style=\"text-align: center;\">Es wird empfohlen, in der Reklamation folgende Informationen zu enthalten:<\/p>\n<p dir=\"ltr\" style=\"text-align: center;\">kurze, sachliche Beschreibung des Mangels, das Datum, wann der Mangel erschien, Personalangaben des Verbrauchers und die Forderung der Reklamation wegen des Mangels.<\/p>\n<p dir=\"ltr\" style=\"text-align: center;\">5.<\/p>\n<p dir=\"ltr\" style=\"text-align: center;\">Der Unternehmer verpflichtet ist eine Haltung gegen\u00fcber einer Beschwerde des Verbrauchers innerhalb von 14 Tagen einnehmen. Und wenn er das nicht getan hat, ist das gleichwertig damit, dass er den Anspruch des Verbrauchers anerkannt hat.<\/p>\n<p dir=\"ltr\" style=\"text-align: center;\">6.<\/p>\n<p dir=\"ltr\" style=\"text-align: center;\">Die reklamierten Waren sollten auf die in diesem Reglement genannte Adresse (\u00a7 3)\u00a0zur\u00fcckgesendet werden.<\/p>\n<p dir=\"ltr\" style=\"text-align: center;\">7.<\/p>\n<p dir=\"ltr\" style=\"text-align: center;\">Wenn auf die Ware Garantie geleistet wurde, die Information dar\u00fcber und ihr Inhalt befinden sich in der Warenbeschreibung im Online-Shop.<\/p>\n","protected":false},"excerpt":{"rendered":"<p>R\u00fcckgabe &amp; Erstattung aus den Gesch\u00e4ftsbedingungen: \u00a7 6 \u00a0WIDERRUFSRECHT 1. Der Kunde hat das Recht, binnen vierzehn Tagen ohne Angabe von Gr\u00fcnden diesen Vertrag zu widerrufen. 2. Die Widerrufsfrist betr\u00e4gt vierzehn Tage ab dem Tag, an dem der Kunde oder ein vom Kunden benannter Dritter, der nicht der Bef\u00f6rderer ist, die Waren in Besitz genommen [&#8230;]\n","protected":false},"author":1,"featured_media":0,"parent":0,"menu_order":0,"comment_status":"closed","ping_status":"closed","template":"template-fullwidth-contained.php","meta":{"footnotes":""},"class_list":["post-3167","page","type-page","status-publish","hentry"],"yoast_head":"<!-- This site is optimized with the Yoast SEO plugin v27.0 - https:\/\/yoast.com\/product\/yoast-seo-wordpress\/ -->\n<title>R\u00fcckgabe &amp; Erstattung - Cozydots.com<\/title>\n<meta name=\"robots\" content=\"index, follow, max-snippet:-1, max-image-preview:large, max-video-preview:-1\" \/>\n<link rel=\"canonical\" href=\"https:\/\/cozydots.com\/de\/rueckgabe-erstattung\/\" \/>\n<meta property=\"og:locale\" content=\"de_DE\" \/>\n<meta property=\"og:type\" content=\"article\" \/>\n<meta property=\"og:title\" content=\"R\u00fcckgabe &amp; Erstattung - Cozydots.com\" \/>\n<meta property=\"og:description\" content=\"R\u00fcckgabe &amp; Erstattung aus den Gesch\u00e4ftsbedingungen: \u00a7 6 \u00a0WIDERRUFSRECHT 1. Der Kunde hat das Recht, binnen vierzehn Tagen ohne Angabe von Gr\u00fcnden diesen Vertrag zu widerrufen. 2. Die Widerrufsfrist betr\u00e4gt vierzehn Tage ab dem Tag, an dem der Kunde oder ein vom Kunden benannter Dritter, der nicht der Bef\u00f6rderer ist, die Waren in Besitz genommen [...]\" \/>\n<meta property=\"og:url\" content=\"https:\/\/cozydots.com\/de\/rueckgabe-erstattung\/\" \/>\n<meta property=\"og:site_name\" content=\"Cozydots.com\" \/>\n<meta property=\"article:modified_time\" content=\"2017-12-05T09:32:11+00:00\" \/>\n<meta name=\"twitter:card\" content=\"summary_large_image\" \/>\n<meta name=\"twitter:label1\" content=\"Gesch\u00e4tzte Lesezeit\" \/>\n\t<meta name=\"twitter:data1\" content=\"3\u00a0Minuten\" \/>\n<script type=\"application\/ld+json\" class=\"yoast-schema-graph\">{\"@context\":\"https:\/\/schema.org\",\"@graph\":[{\"@type\":\"WebPage\",\"@id\":\"https:\/\/cozydots.com\/de\/rueckgabe-erstattung\/\",\"url\":\"https:\/\/cozydots.com\/de\/rueckgabe-erstattung\/\",\"name\":\"R\u00fcckgabe & Erstattung - Cozydots.com\",\"isPartOf\":{\"@id\":\"https:\/\/cozydots.com\/de\/#website\"},\"datePublished\":\"2017-10-23T10:17:12+00:00\",\"dateModified\":\"2017-12-05T09:32:11+00:00\",\"breadcrumb\":{\"@id\":\"https:\/\/cozydots.com\/de\/rueckgabe-erstattung\/#breadcrumb\"},\"inLanguage\":\"de\",\"potentialAction\":[{\"@type\":\"ReadAction\",\"target\":[\"https:\/\/cozydots.com\/de\/rueckgabe-erstattung\/\"]}]},{\"@type\":\"BreadcrumbList\",\"@id\":\"https:\/\/cozydots.com\/de\/rueckgabe-erstattung\/#breadcrumb\",\"itemListElement\":[{\"@type\":\"ListItem\",\"position\":1,\"name\":\"Strona g\u0142\u00f3wna\",\"item\":\"https:\/\/cozydots.com\/de\/\"},{\"@type\":\"ListItem\",\"position\":2,\"name\":\"R\u00fcckgabe &#038; Erstattung\"}]},{\"@type\":\"WebSite\",\"@id\":\"https:\/\/cozydots.com\/de\/#website\",\"url\":\"https:\/\/cozydots.com\/de\/\",\"name\":\"Cozydots.com\",\"description\":\"Producent namiot\u00f3w Tipi\",\"publisher\":{\"@id\":\"https:\/\/cozydots.com\/de\/#organization\"},\"potentialAction\":[{\"@type\":\"SearchAction\",\"target\":{\"@type\":\"EntryPoint\",\"urlTemplate\":\"https:\/\/cozydots.com\/de\/?s={search_term_string}\"},\"query-input\":{\"@type\":\"PropertyValueSpecification\",\"valueRequired\":true,\"valueName\":\"search_term_string\"}}],\"inLanguage\":\"de\"},{\"@type\":\"Organization\",\"@id\":\"https:\/\/cozydots.com\/de\/#organization\",\"name\":\"Cozydots.com\",\"url\":\"https:\/\/cozydots.com\/de\/\",\"logo\":{\"@type\":\"ImageObject\",\"inLanguage\":\"de\",\"@id\":\"https:\/\/cozydots.com\/de\/#\/schema\/logo\/image\/\",\"url\":\"https:\/\/cozydots.com\/wp-content\/uploads\/2021\/10\/cozyshop_logo.png\",\"contentUrl\":\"https:\/\/cozydots.com\/wp-content\/uploads\/2021\/10\/cozyshop_logo.png\",\"width\":400,\"height\":121,\"caption\":\"Cozydots.com\"},\"image\":{\"@id\":\"https:\/\/cozydots.com\/de\/#\/schema\/logo\/image\/\"}}]}<\/script>\n<!-- \/ Yoast SEO plugin. -->","yoast_head_json":{"title":"R\u00fcckgabe & Erstattung - Cozydots.com","robots":{"index":"index","follow":"follow","max-snippet":"max-snippet:-1","max-image-preview":"max-image-preview:large","max-video-preview":"max-video-preview:-1"},"canonical":"https:\/\/cozydots.com\/de\/rueckgabe-erstattung\/","og_locale":"de_DE","og_type":"article","og_title":"R\u00fcckgabe & Erstattung - Cozydots.com","og_description":"R\u00fcckgabe &amp; Erstattung aus den Gesch\u00e4ftsbedingungen: \u00a7 6 \u00a0WIDERRUFSRECHT 1. Der Kunde hat das Recht, binnen vierzehn Tagen ohne Angabe von Gr\u00fcnden diesen Vertrag zu widerrufen. 2. Die Widerrufsfrist betr\u00e4gt vierzehn Tage ab dem Tag, an dem der Kunde oder ein vom Kunden benannter Dritter, der nicht der Bef\u00f6rderer ist, die Waren in Besitz genommen [...]","og_url":"https:\/\/cozydots.com\/de\/rueckgabe-erstattung\/","og_site_name":"Cozydots.com","article_modified_time":"2017-12-05T09:32:11+00:00","twitter_card":"summary_large_image","twitter_misc":{"Gesch\u00e4tzte Lesezeit":"3\u00a0Minuten"},"schema":{"@context":"https:\/\/schema.org","@graph":[{"@type":"WebPage","@id":"https:\/\/cozydots.com\/de\/rueckgabe-erstattung\/","url":"https:\/\/cozydots.com\/de\/rueckgabe-erstattung\/","name":"R\u00fcckgabe & Erstattung - Cozydots.com","isPartOf":{"@id":"https:\/\/cozydots.com\/de\/#website"},"datePublished":"2017-10-23T10:17:12+00:00","dateModified":"2017-12-05T09:32:11+00:00","breadcrumb":{"@id":"https:\/\/cozydots.com\/de\/rueckgabe-erstattung\/#breadcrumb"},"inLanguage":"de","potentialAction":[{"@type":"ReadAction","target":["https:\/\/cozydots.com\/de\/rueckgabe-erstattung\/"]}]},{"@type":"BreadcrumbList","@id":"https:\/\/cozydots.com\/de\/rueckgabe-erstattung\/#breadcrumb","itemListElement":[{"@type":"ListItem","position":1,"name":"Strona g\u0142\u00f3wna","item":"https:\/\/cozydots.com\/de\/"},{"@type":"ListItem","position":2,"name":"R\u00fcckgabe &#038; Erstattung"}]},{"@type":"WebSite","@id":"https:\/\/cozydots.com\/de\/#website","url":"https:\/\/cozydots.com\/de\/","name":"Cozydots.com","description":"Producent namiot\u00f3w Tipi","publisher":{"@id":"https:\/\/cozydots.com\/de\/#organization"},"potentialAction":[{"@type":"SearchAction","target":{"@type":"EntryPoint","urlTemplate":"https:\/\/cozydots.com\/de\/?s={search_term_string}"},"query-input":{"@type":"PropertyValueSpecification","valueRequired":true,"valueName":"search_term_string"}}],"inLanguage":"de"},{"@type":"Organization","@id":"https:\/\/cozydots.com\/de\/#organization","name":"Cozydots.com","url":"https:\/\/cozydots.com\/de\/","logo":{"@type":"ImageObject","inLanguage":"de","@id":"https:\/\/cozydots.com\/de\/#\/schema\/logo\/image\/","url":"https:\/\/cozydots.com\/wp-content\/uploads\/2021\/10\/cozyshop_logo.png","contentUrl":"https:\/\/cozydots.com\/wp-content\/uploads\/2021\/10\/cozyshop_logo.png","width":400,"height":121,"caption":"Cozydots.com"},"image":{"@id":"https:\/\/cozydots.com\/de\/#\/schema\/logo\/image\/"}}]}},"_links":{"self":[{"href":"https:\/\/cozydots.com\/de\/wp-json\/wp\/v2\/pages\/3167","targetHints":{"allow":["GET"]}}],"collection":[{"href":"https:\/\/cozydots.com\/de\/wp-json\/wp\/v2\/pages"}],"about":[{"href":"https:\/\/cozydots.com\/de\/wp-json\/wp\/v2\/types\/page"}],"author":[{"embeddable":true,"href":"https:\/\/cozydots.com\/de\/wp-json\/wp\/v2\/users\/1"}],"replies":[{"embeddable":true,"href":"https:\/\/cozydots.com\/de\/wp-json\/wp\/v2\/comments?post=3167"}],"version-history":[{"count":0,"href":"https:\/\/cozydots.com\/de\/wp-json\/wp\/v2\/pages\/3167\/revisions"}],"wp:attachment":[{"href":"https:\/\/cozydots.com\/de\/wp-json\/wp\/v2\/media?parent=3167"}],"curies":[{"name":"wp","href":"https:\/\/api.w.org\/{rel}","templated":true}]}}