{"id":720,"date":"2017-06-26T17:32:50","date_gmt":"2017-06-26T15:32:50","guid":{"rendered":"https:\/\/cozydots.com\/?page_id=720\/"},"modified":"2023-02-07T12:01:05","modified_gmt":"2023-02-07T11:01:05","slug":"versand","status":"publish","type":"page","link":"https:\/\/cozydots.com\/de\/versand\/","title":{"rendered":"Versand"},"content":{"rendered":"<div class=\"row align-center\"  id=\"row-125426922\">\n\n\t<div id=\"col-1628979067\" class=\"col medium-10 small-12 large-10\"  >\n\t\t\t\t<div class=\"col-inner\"  >\n\t\t\t\n\t\t\t\n<div class=\"container section-title-container\" ><h3 class=\"section-title section-title-normal\"><b><\/b><span class=\"section-title-main\" >Versand<\/span><b><\/b><\/h3><\/div>\n<h3>Deutschland<\/h3>\n<ul>\n<li>Ab einem Warenwert von 150 Euro liefern wir <strong>Versandkostenfrei<\/strong><\/li>\n<li>Bei einem Warenwert unter 150 Euro berechnen wir pauschal 4,99 Euro<\/li>\n<\/ul>\n<h3>\u00d6sterreich, Luxemburg, Polen, Niederlande und Belgien<\/h3>\n<ul>\n<li>Ab einem Warenwert von 150 Euro liefern wir Versandkostenfrei<\/li>\n<li>Paketpauschale: EUR 4,99 pro Bestellung<\/li>\n<\/ul>\n<h3>Schweiz<\/h3>\n<ul>\n<li>Paketpauschale: EUR 19,00 pro Bestellung (DHL EXPRESS)<\/li>\n<\/ul>\n<h3>Spanien, Frankreich und Tschechien<\/h3>\n<ul>\n<li>Ab einem Warenwert von 150 Euro liefern wir Versandkostenfrei<\/li>\n<li>Paketpauschale: EUR 11,99 pro Bestellung<\/li>\n<\/ul>\n<h3>Wie wird verschickt ?<\/h3>\n<p>Die Produkte aus unserem Sortiment werden per DPD, GLS oder DHL. N\u00e4here Informationen entnehmen Sie bitte der Artikelbeschreibung.<\/p>\n<h3>Wichtiger Hinweis:<\/h3>\n<p>Werden Waren mit offensichtlichen Transportsch\u00e4den angeliefert, so reklamieren Sie solche Fehler bitte sofort bei dem Zusteller und nehmen Sie schnellstm\u00f6glich mit uns Kontakt auf. Eine Vers\u00e4umung einer Reklamation oder Kontaktaufnahme hat auf die gesetzlichen Gew\u00e4hrleistungsanspr\u00fcche von Verbrauchern keine Konsequenzen und dient lediglich dazu, den Anbieter zu unterst\u00fctzen, seine Anspr\u00fcche gegen\u00fcber dem mit der Auslieferung der Ware beauftragten Unternehmen bzw. der Versicherung geltend zu machen.<br \/>\n<small><br \/>\n<em>*DHL STANDARD, GLS &#8211; max. 2-4 tage<\/em><br \/>\n<em>*DHL EXPRESS (air cargo) &#8211; max. 2 tage (die Bestellung muss vor 12:00 Uhr erfolgen).<\/em><br \/>\n<em>Die Preise in der Tabelle k\u00f6nnen je nach Euro-Wechselkurs leicht variieren.\u00a0Der aktuelle Preis ist im Warenkorb \/ Sumarry, nach dem Einloggen oder Eingeben der Lieferadresse sichtbar<\/em><br \/>\n<\/small><\/p>\n<p>&nbsp;<\/p>\n\t\t<\/div>\n\t\t\t\t\t<\/div>\n\n\t\n<\/div>\n","protected":false},"excerpt":{"rendered":"","protected":false},"author":1,"featured_media":0,"parent":0,"menu_order":0,"comment_status":"closed","ping_status":"closed","template":"","meta":{"footnotes":""},"class_list":["post-720","page","type-page","status-publish","hentry"],"yoast_head":"<!-- This site is optimized with the Yoast SEO plugin v27.0 - https:\/\/yoast.com\/product\/yoast-seo-wordpress\/ -->\n<title>Versand - Cozydots.com<\/title>\n<meta name=\"robots\" content=\"index, follow, max-snippet:-1, max-image-preview:large, max-video-preview:-1\" \/>\n<link rel=\"canonical\" href=\"https:\/\/cozydots.com\/de\/versand\/\" \/>\n<meta property=\"og:locale\" content=\"de_DE\" \/>\n<meta property=\"og:type\" content=\"article\" \/>\n<meta property=\"og:title\" content=\"Versand - Cozydots.com\" \/>\n<meta property=\"og:url\" content=\"https:\/\/cozydots.com\/de\/versand\/\" \/>\n<meta property=\"og:site_name\" content=\"Cozydots.com\" \/>\n<meta property=\"article:modified_time\" content=\"2023-02-07T11:01:05+00:00\" \/>\n<meta name=\"twitter:card\" content=\"summary_large_image\" \/>\n<meta name=\"twitter:label1\" content=\"Gesch\u00e4tzte Lesezeit\" \/>\n\t<meta name=\"twitter:data1\" content=\"2\u00a0Minuten\" \/>\n<script type=\"application\/ld+json\" class=\"yoast-schema-graph\">{\"@context\":\"https:\/\/schema.org\",\"@graph\":[{\"@type\":\"WebPage\",\"@id\":\"https:\/\/cozydots.com\/de\/versand\/\",\"url\":\"https:\/\/cozydots.com\/de\/versand\/\",\"name\":\"Versand - Cozydots.com\",\"isPartOf\":{\"@id\":\"https:\/\/cozydots.com\/de\/#website\"},\"datePublished\":\"2017-06-26T15:32:50+00:00\",\"dateModified\":\"2023-02-07T11:01:05+00:00\",\"breadcrumb\":{\"@id\":\"https:\/\/cozydots.com\/de\/versand\/#breadcrumb\"},\"inLanguage\":\"de\",\"potentialAction\":[{\"@type\":\"ReadAction\",\"target\":[\"https:\/\/cozydots.com\/de\/versand\/\"]}]},{\"@type\":\"BreadcrumbList\",\"@id\":\"https:\/\/cozydots.com\/de\/versand\/#breadcrumb\",\"itemListElement\":[{\"@type\":\"ListItem\",\"position\":1,\"name\":\"Strona g\u0142\u00f3wna\",\"item\":\"https:\/\/cozydots.com\/de\/\"},{\"@type\":\"ListItem\",\"position\":2,\"name\":\"Versand\"}]},{\"@type\":\"WebSite\",\"@id\":\"https:\/\/cozydots.com\/de\/#website\",\"url\":\"https:\/\/cozydots.com\/de\/\",\"name\":\"Cozydots.com\",\"description\":\"Producent namiot\u00f3w Tipi\",\"publisher\":{\"@id\":\"https:\/\/cozydots.com\/de\/#organization\"},\"potentialAction\":[{\"@type\":\"SearchAction\",\"target\":{\"@type\":\"EntryPoint\",\"urlTemplate\":\"https:\/\/cozydots.com\/de\/?s={search_term_string}\"},\"query-input\":{\"@type\":\"PropertyValueSpecification\",\"valueRequired\":true,\"valueName\":\"search_term_string\"}}],\"inLanguage\":\"de\"},{\"@type\":\"Organization\",\"@id\":\"https:\/\/cozydots.com\/de\/#organization\",\"name\":\"Cozydots.com\",\"url\":\"https:\/\/cozydots.com\/de\/\",\"logo\":{\"@type\":\"ImageObject\",\"inLanguage\":\"de\",\"@id\":\"https:\/\/cozydots.com\/de\/#\/schema\/logo\/image\/\",\"url\":\"https:\/\/cozydots.com\/wp-content\/uploads\/2021\/10\/cozyshop_logo.png\",\"contentUrl\":\"https:\/\/cozydots.com\/wp-content\/uploads\/2021\/10\/cozyshop_logo.png\",\"width\":400,\"height\":121,\"caption\":\"Cozydots.com\"},\"image\":{\"@id\":\"https:\/\/cozydots.com\/de\/#\/schema\/logo\/image\/\"}}]}<\/script>\n<!-- \/ Yoast SEO plugin. -->","yoast_head_json":{"title":"Versand - Cozydots.com","robots":{"index":"index","follow":"follow","max-snippet":"max-snippet:-1","max-image-preview":"max-image-preview:large","max-video-preview":"max-video-preview:-1"},"canonical":"https:\/\/cozydots.com\/de\/versand\/","og_locale":"de_DE","og_type":"article","og_title":"Versand - Cozydots.com","og_url":"https:\/\/cozydots.com\/de\/versand\/","og_site_name":"Cozydots.com","article_modified_time":"2023-02-07T11:01:05+00:00","twitter_card":"summary_large_image","twitter_misc":{"Gesch\u00e4tzte Lesezeit":"2\u00a0Minuten"},"schema":{"@context":"https:\/\/schema.org","@graph":[{"@type":"WebPage","@id":"https:\/\/cozydots.com\/de\/versand\/","url":"https:\/\/cozydots.com\/de\/versand\/","name":"Versand - Cozydots.com","isPartOf":{"@id":"https:\/\/cozydots.com\/de\/#website"},"datePublished":"2017-06-26T15:32:50+00:00","dateModified":"2023-02-07T11:01:05+00:00","breadcrumb":{"@id":"https:\/\/cozydots.com\/de\/versand\/#breadcrumb"},"inLanguage":"de","potentialAction":[{"@type":"ReadAction","target":["https:\/\/cozydots.com\/de\/versand\/"]}]},{"@type":"BreadcrumbList","@id":"https:\/\/cozydots.com\/de\/versand\/#breadcrumb","itemListElement":[{"@type":"ListItem","position":1,"name":"Strona g\u0142\u00f3wna","item":"https:\/\/cozydots.com\/de\/"},{"@type":"ListItem","position":2,"name":"Versand"}]},{"@type":"WebSite","@id":"https:\/\/cozydots.com\/de\/#website","url":"https:\/\/cozydots.com\/de\/","name":"Cozydots.com","description":"Producent namiot\u00f3w Tipi","publisher":{"@id":"https:\/\/cozydots.com\/de\/#organization"},"potentialAction":[{"@type":"SearchAction","target":{"@type":"EntryPoint","urlTemplate":"https:\/\/cozydots.com\/de\/?s={search_term_string}"},"query-input":{"@type":"PropertyValueSpecification","valueRequired":true,"valueName":"search_term_string"}}],"inLanguage":"de"},{"@type":"Organization","@id":"https:\/\/cozydots.com\/de\/#organization","name":"Cozydots.com","url":"https:\/\/cozydots.com\/de\/","logo":{"@type":"ImageObject","inLanguage":"de","@id":"https:\/\/cozydots.com\/de\/#\/schema\/logo\/image\/","url":"https:\/\/cozydots.com\/wp-content\/uploads\/2021\/10\/cozyshop_logo.png","contentUrl":"https:\/\/cozydots.com\/wp-content\/uploads\/2021\/10\/cozyshop_logo.png","width":400,"height":121,"caption":"Cozydots.com"},"image":{"@id":"https:\/\/cozydots.com\/de\/#\/schema\/logo\/image\/"}}]}},"_links":{"self":[{"href":"https:\/\/cozydots.com\/de\/wp-json\/wp\/v2\/pages\/720","targetHints":{"allow":["GET"]}}],"collection":[{"href":"https:\/\/cozydots.com\/de\/wp-json\/wp\/v2\/pages"}],"about":[{"href":"https:\/\/cozydots.com\/de\/wp-json\/wp\/v2\/types\/page"}],"author":[{"embeddable":true,"href":"https:\/\/cozydots.com\/de\/wp-json\/wp\/v2\/users\/1"}],"replies":[{"embeddable":true,"href":"https:\/\/cozydots.com\/de\/wp-json\/wp\/v2\/comments?post=720"}],"version-history":[{"count":7,"href":"https:\/\/cozydots.com\/de\/wp-json\/wp\/v2\/pages\/720\/revisions"}],"predecessor-version":[{"id":54525,"href":"https:\/\/cozydots.com\/de\/wp-json\/wp\/v2\/pages\/720\/revisions\/54525"}],"wp:attachment":[{"href":"https:\/\/cozydots.com\/de\/wp-json\/wp\/v2\/media?parent=720"}],"curies":[{"name":"wp","href":"https:\/\/api.w.org\/{rel}","templated":true}]}}