{"id":1115,"date":"2017-07-31T18:36:02","date_gmt":"2017-07-31T16:36:03","guid":{"rendered":"https:\/\/cozydots.com\/?post_type=product&#038;p=1115\/"},"modified":"2023-06-06T10:47:45","modified_gmt":"2023-06-06T08:47:45","slug":"set-indianertipi-kinderzelt-aztec-2","status":"publish","type":"product","link":"https:\/\/cozydots.com\/de\/produkt\/set-indianertipi-kinderzelt-aztec-2\/","title":{"rendered":"Tipi Zelt Aztec, Spielezelt 6 Elemente"},"content":{"rendered":"<p><img loading=\"lazy\" decoding=\"async\" class=\"wp-image-41501 alignright\" src=\"https:\/\/cozydots.com\/wp-content\/uploads\/2021\/11\/pp-1503.jpg\" alt=\"indian tipi aztec\" width=\"600\" height=\"600\" srcset=\"https:\/\/cozydots.com\/wp-content\/uploads\/2021\/11\/pp-1503.jpg 1200w, https:\/\/cozydots.com\/wp-content\/uploads\/2021\/11\/pp-1503-400x400.jpg 400w, https:\/\/cozydots.com\/wp-content\/uploads\/2021\/11\/pp-1503-150x150.jpg 150w, https:\/\/cozydots.com\/wp-content\/uploads\/2021\/11\/pp-1503-768x768.jpg 768w, https:\/\/cozydots.com\/wp-content\/uploads\/2021\/11\/pp-1503-470x470.jpg 470w, https:\/\/cozydots.com\/wp-content\/uploads\/2021\/11\/pp-1503-800x800.jpg 800w, https:\/\/cozydots.com\/wp-content\/uploads\/2021\/11\/pp-1503-100x100.jpg 100w\" sizes=\"auto, (max-width: 600px) 100vw, 600px\" \/>Tipi Zelt f\u00fcr Kinder im aztekischen Design von Cozyshop. Ein Tipi ist eine ideale Dekoration f\u00fcr ein Kinderzimmer und das beste Geschenk f\u00fcr einen Jungen. Tipi Spielzelt zum Spielen und Lesen von B\u00fcchern. Das Tipi Zelt Kinder ist ein guter Ort, um das ganze Jahr \u00fcber Spa\u00df zu haben. Tipi Kinderzelt kann zu Hause und im Garten genutzt werden. Das Zelt hat eine Fenster\u00f6ffnung und eine Tasche f\u00fcr kleine Spielsachen.<\/p>\n<p>Die Bodenmatte ist aus kr\u00e4ftigem Canvas gefertigt und hat eine farbige Cactus Anwendung und ist isoliert. Das Tipi Spielzeit des Babys ist aus beigefarbenem Segeltuch und wei\u00dfem Gr\u00fcn mit schwarzer Baumwolle und der Eingang ist mit schwarzen Pompons verziert. 2 Kissen sind in Zeltfarbe mit Cactus<\/p>\n<p>Das Zelt ist perfekt f\u00fcr jedes Kinderzimmer<\/p>\n<h2><strong>Set beinhaltet:<\/strong><\/h2>\n<ul>\n<li>Tipi Zelt<\/li>\n<li>4 Stangen aus nat\u00fcrlichem Kiefernholz (Stahl)<\/li>\n<li>Spielmatte<\/li>\n<li>2 Kissen<\/li>\n<li>stabilizer<\/li>\n<\/ul>\n","protected":false},"excerpt":{"rendered":"<p>Tipi Zelt f\u00fcr Kinder im aztekischen Design von Cozyshop. Ein Tipi ist eine ideale Dekoration f\u00fcr ein Kinderzimmer und das beste Geschenk f\u00fcr einen Jungen.<\/p>\n","protected":false},"featured_media":48673,"comment_status":"open","ping_status":"closed","template":"","meta":[],"product_brand":[],"product_cat":[78],"product_tag":[1438],"class_list":{"0":"post-1115","1":"product","2":"type-product","3":"status-publish","4":"has-post-thumbnail","6":"product_cat-tipi-zelt","7":"product_tag-pla-de","9":"first","10":"instock","11":"sale","12":"taxable","13":"shipping-taxable","14":"product-type-simple"},"yoast_head":"<!-- This site is optimized with the Yoast SEO plugin v27.0 - https:\/\/yoast.com\/product\/yoast-seo-wordpress\/ -->\n<title>Tipi Zelt Aztec, Spielezelt 6 Elemente - Cozydots.com<\/title>\n<meta name=\"description\" content=\"Tipi Zelt f\u00fcr Kinder im aztekischen Design von Cozyshop. Ein Tipi ist eine ideale Dekoration f\u00fcr ein Kinderzimmer und das beste Geschenk f\u00fcr einen Jungen.\" \/>\n<meta name=\"robots\" content=\"index, follow, max-snippet:-1, max-image-preview:large, max-video-preview:-1\" \/>\n<link rel=\"canonical\" href=\"https:\/\/cozydots.com\/de\/produkt\/set-indianertipi-kinderzelt-aztec-2\/\" \/>\n<meta property=\"og:locale\" content=\"de_DE\" \/>\n<meta property=\"og:type\" content=\"article\" \/>\n<meta property=\"og:title\" content=\"Tipi Zelt Aztec, Spielezelt 6 Elemente - Cozydots.com\" \/>\n<meta property=\"og:description\" content=\"Tipi Zelt f\u00fcr Kinder im aztekischen Design von Cozyshop. Ein Tipi ist eine ideale Dekoration f\u00fcr ein Kinderzimmer und das beste Geschenk f\u00fcr einen Jungen.\" \/>\n<meta property=\"og:url\" content=\"https:\/\/cozydots.com\/de\/produkt\/set-indianertipi-kinderzelt-aztec-2\/\" \/>\n<meta property=\"og:site_name\" content=\"Cozydots.com\" \/>\n<meta property=\"article:modified_time\" content=\"2023-06-06T08:47:45+00:00\" \/>\n<meta property=\"og:image\" content=\"https:\/\/cozydots.com\/wp-content\/uploads\/2017\/07\/kids_tipi_tent_indian_s1.jpg\" \/>\n\t<meta property=\"og:image:width\" content=\"1200\" \/>\n\t<meta property=\"og:image:height\" content=\"1200\" \/>\n\t<meta property=\"og:image:type\" content=\"image\/jpeg\" \/>\n<meta name=\"twitter:card\" content=\"summary_large_image\" \/>\n<meta name=\"twitter:label1\" content=\"Gesch\u00e4tzte Lesezeit\" \/>\n\t<meta name=\"twitter:data1\" content=\"1\u00a0Minute\" \/>\n<script type=\"application\/ld+json\" class=\"yoast-schema-graph\">{\"@context\":\"https:\/\/schema.org\",\"@graph\":[{\"@type\":\"WebPage\",\"@id\":\"https:\/\/cozydots.com\/de\/produkt\/set-indianertipi-kinderzelt-aztec-2\/\",\"url\":\"https:\/\/cozydots.com\/de\/produkt\/set-indianertipi-kinderzelt-aztec-2\/\",\"name\":\"Tipi Zelt Aztec, Spielezelt 6 Elemente - Cozydots.com\",\"isPartOf\":{\"@id\":\"https:\/\/cozydots.com\/de\/#website\"},\"primaryImageOfPage\":{\"@id\":\"https:\/\/cozydots.com\/de\/produkt\/set-indianertipi-kinderzelt-aztec-2\/#primaryimage\"},\"image\":{\"@id\":\"https:\/\/cozydots.com\/de\/produkt\/set-indianertipi-kinderzelt-aztec-2\/#primaryimage\"},\"thumbnailUrl\":\"https:\/\/cozydots.com\/wp-content\/uploads\/2017\/07\/kids_tipi_tent_indian_s1.jpg\",\"datePublished\":\"2017-07-31T16:36:03+00:00\",\"dateModified\":\"2023-06-06T08:47:45+00:00\",\"description\":\"Tipi Zelt f\u00fcr Kinder im aztekischen Design von Cozyshop. Ein Tipi ist eine ideale Dekoration f\u00fcr ein Kinderzimmer und das beste Geschenk f\u00fcr einen Jungen.\",\"breadcrumb\":{\"@id\":\"https:\/\/cozydots.com\/de\/produkt\/set-indianertipi-kinderzelt-aztec-2\/#breadcrumb\"},\"inLanguage\":\"de\",\"potentialAction\":[{\"@type\":\"ReadAction\",\"target\":[\"https:\/\/cozydots.com\/de\/produkt\/set-indianertipi-kinderzelt-aztec-2\/\"]}]},{\"@type\":\"ImageObject\",\"inLanguage\":\"de\",\"@id\":\"https:\/\/cozydots.com\/de\/produkt\/set-indianertipi-kinderzelt-aztec-2\/#primaryimage\",\"url\":\"https:\/\/cozydots.com\/wp-content\/uploads\/2017\/07\/kids_tipi_tent_indian_s1.jpg\",\"contentUrl\":\"https:\/\/cozydots.com\/wp-content\/uploads\/2017\/07\/kids_tipi_tent_indian_s1.jpg\",\"width\":1200,\"height\":1200,\"caption\":\"kids_tipi_tent_indian_s1\"},{\"@type\":\"BreadcrumbList\",\"@id\":\"https:\/\/cozydots.com\/de\/produkt\/set-indianertipi-kinderzelt-aztec-2\/#breadcrumb\",\"itemListElement\":[{\"@type\":\"ListItem\",\"position\":1,\"name\":\"Strona g\u0142\u00f3wna\",\"item\":\"https:\/\/cozydots.com\/de\/\"},{\"@type\":\"ListItem\",\"position\":2,\"name\":\"Shop\",\"item\":\"https:\/\/cozydots.com\/de\/shop\/\"},{\"@type\":\"ListItem\",\"position\":3,\"name\":\"Tipi Zelt Aztec, Spielezelt 6 Elemente\"}]},{\"@type\":\"WebSite\",\"@id\":\"https:\/\/cozydots.com\/de\/#website\",\"url\":\"https:\/\/cozydots.com\/de\/\",\"name\":\"Cozydots.com\",\"description\":\"Producent namiot\u00f3w Tipi\",\"publisher\":{\"@id\":\"https:\/\/cozydots.com\/de\/#organization\"},\"potentialAction\":[{\"@type\":\"SearchAction\",\"target\":{\"@type\":\"EntryPoint\",\"urlTemplate\":\"https:\/\/cozydots.com\/de\/?s={search_term_string}\"},\"query-input\":{\"@type\":\"PropertyValueSpecification\",\"valueRequired\":true,\"valueName\":\"search_term_string\"}}],\"inLanguage\":\"de\"},{\"@type\":\"Organization\",\"@id\":\"https:\/\/cozydots.com\/de\/#organization\",\"name\":\"Cozydots.com\",\"url\":\"https:\/\/cozydots.com\/de\/\",\"logo\":{\"@type\":\"ImageObject\",\"inLanguage\":\"de\",\"@id\":\"https:\/\/cozydots.com\/de\/#\/schema\/logo\/image\/\",\"url\":\"https:\/\/cozydots.com\/wp-content\/uploads\/2021\/10\/cozyshop_logo.png\",\"contentUrl\":\"https:\/\/cozydots.com\/wp-content\/uploads\/2021\/10\/cozyshop_logo.png\",\"width\":400,\"height\":121,\"caption\":\"Cozydots.com\"},\"image\":{\"@id\":\"https:\/\/cozydots.com\/de\/#\/schema\/logo\/image\/\"}}]}<\/script>\n<!-- \/ Yoast SEO plugin. -->","yoast_head_json":{"title":"Tipi Zelt Aztec, Spielezelt 6 Elemente - Cozydots.com","description":"Tipi Zelt f\u00fcr Kinder im aztekischen Design von Cozyshop. Ein Tipi ist eine ideale Dekoration f\u00fcr ein Kinderzimmer und das beste Geschenk f\u00fcr einen Jungen.","robots":{"index":"index","follow":"follow","max-snippet":"max-snippet:-1","max-image-preview":"max-image-preview:large","max-video-preview":"max-video-preview:-1"},"canonical":"https:\/\/cozydots.com\/de\/produkt\/set-indianertipi-kinderzelt-aztec-2\/","og_locale":"de_DE","og_type":"article","og_title":"Tipi Zelt Aztec, Spielezelt 6 Elemente - Cozydots.com","og_description":"Tipi Zelt f\u00fcr Kinder im aztekischen Design von Cozyshop. Ein Tipi ist eine ideale Dekoration f\u00fcr ein Kinderzimmer und das beste Geschenk f\u00fcr einen Jungen.","og_url":"https:\/\/cozydots.com\/de\/produkt\/set-indianertipi-kinderzelt-aztec-2\/","og_site_name":"Cozydots.com","article_modified_time":"2023-06-06T08:47:45+00:00","og_image":[{"width":1200,"height":1200,"url":"https:\/\/cozydots.com\/wp-content\/uploads\/2017\/07\/kids_tipi_tent_indian_s1.jpg","type":"image\/jpeg"}],"twitter_card":"summary_large_image","twitter_misc":{"Gesch\u00e4tzte Lesezeit":"1\u00a0Minute"},"schema":{"@context":"https:\/\/schema.org","@graph":[{"@type":"WebPage","@id":"https:\/\/cozydots.com\/de\/produkt\/set-indianertipi-kinderzelt-aztec-2\/","url":"https:\/\/cozydots.com\/de\/produkt\/set-indianertipi-kinderzelt-aztec-2\/","name":"Tipi Zelt Aztec, Spielezelt 6 Elemente - Cozydots.com","isPartOf":{"@id":"https:\/\/cozydots.com\/de\/#website"},"primaryImageOfPage":{"@id":"https:\/\/cozydots.com\/de\/produkt\/set-indianertipi-kinderzelt-aztec-2\/#primaryimage"},"image":{"@id":"https:\/\/cozydots.com\/de\/produkt\/set-indianertipi-kinderzelt-aztec-2\/#primaryimage"},"thumbnailUrl":"https:\/\/cozydots.com\/wp-content\/uploads\/2017\/07\/kids_tipi_tent_indian_s1.jpg","datePublished":"2017-07-31T16:36:03+00:00","dateModified":"2023-06-06T08:47:45+00:00","description":"Tipi Zelt f\u00fcr Kinder im aztekischen Design von Cozyshop. Ein Tipi ist eine ideale Dekoration f\u00fcr ein Kinderzimmer und das beste Geschenk f\u00fcr einen Jungen.","breadcrumb":{"@id":"https:\/\/cozydots.com\/de\/produkt\/set-indianertipi-kinderzelt-aztec-2\/#breadcrumb"},"inLanguage":"de","potentialAction":[{"@type":"ReadAction","target":["https:\/\/cozydots.com\/de\/produkt\/set-indianertipi-kinderzelt-aztec-2\/"]}]},{"@type":"ImageObject","inLanguage":"de","@id":"https:\/\/cozydots.com\/de\/produkt\/set-indianertipi-kinderzelt-aztec-2\/#primaryimage","url":"https:\/\/cozydots.com\/wp-content\/uploads\/2017\/07\/kids_tipi_tent_indian_s1.jpg","contentUrl":"https:\/\/cozydots.com\/wp-content\/uploads\/2017\/07\/kids_tipi_tent_indian_s1.jpg","width":1200,"height":1200,"caption":"kids_tipi_tent_indian_s1"},{"@type":"BreadcrumbList","@id":"https:\/\/cozydots.com\/de\/produkt\/set-indianertipi-kinderzelt-aztec-2\/#breadcrumb","itemListElement":[{"@type":"ListItem","position":1,"name":"Strona g\u0142\u00f3wna","item":"https:\/\/cozydots.com\/de\/"},{"@type":"ListItem","position":2,"name":"Shop","item":"https:\/\/cozydots.com\/de\/shop\/"},{"@type":"ListItem","position":3,"name":"Tipi Zelt Aztec, Spielezelt 6 Elemente"}]},{"@type":"WebSite","@id":"https:\/\/cozydots.com\/de\/#website","url":"https:\/\/cozydots.com\/de\/","name":"Cozydots.com","description":"Producent namiot\u00f3w Tipi","publisher":{"@id":"https:\/\/cozydots.com\/de\/#organization"},"potentialAction":[{"@type":"SearchAction","target":{"@type":"EntryPoint","urlTemplate":"https:\/\/cozydots.com\/de\/?s={search_term_string}"},"query-input":{"@type":"PropertyValueSpecification","valueRequired":true,"valueName":"search_term_string"}}],"inLanguage":"de"},{"@type":"Organization","@id":"https:\/\/cozydots.com\/de\/#organization","name":"Cozydots.com","url":"https:\/\/cozydots.com\/de\/","logo":{"@type":"ImageObject","inLanguage":"de","@id":"https:\/\/cozydots.com\/de\/#\/schema\/logo\/image\/","url":"https:\/\/cozydots.com\/wp-content\/uploads\/2021\/10\/cozyshop_logo.png","contentUrl":"https:\/\/cozydots.com\/wp-content\/uploads\/2021\/10\/cozyshop_logo.png","width":400,"height":121,"caption":"Cozydots.com"},"image":{"@id":"https:\/\/cozydots.com\/de\/#\/schema\/logo\/image\/"}}]}},"_links":{"self":[{"href":"https:\/\/cozydots.com\/de\/wp-json\/wp\/v2\/product\/1115","targetHints":{"allow":["GET"]}}],"collection":[{"href":"https:\/\/cozydots.com\/de\/wp-json\/wp\/v2\/product"}],"about":[{"href":"https:\/\/cozydots.com\/de\/wp-json\/wp\/v2\/types\/product"}],"replies":[{"embeddable":true,"href":"https:\/\/cozydots.com\/de\/wp-json\/wp\/v2\/comments?post=1115"}],"wp:featuredmedia":[{"embeddable":true,"href":"https:\/\/cozydots.com\/de\/wp-json\/wp\/v2\/media\/48673"}],"wp:attachment":[{"href":"https:\/\/cozydots.com\/de\/wp-json\/wp\/v2\/media?parent=1115"}],"wp:term":[{"taxonomy":"product_brand","embeddable":true,"href":"https:\/\/cozydots.com\/de\/wp-json\/wp\/v2\/product_brand?post=1115"},{"taxonomy":"product_cat","embeddable":true,"href":"https:\/\/cozydots.com\/de\/wp-json\/wp\/v2\/product_cat?post=1115"},{"taxonomy":"product_tag","embeddable":true,"href":"https:\/\/cozydots.com\/de\/wp-json\/wp\/v2\/product_tag?post=1115"}],"curies":[{"name":"wp","href":"https:\/\/api.w.org\/{rel}","templated":true}]}}