{"id":1126,"date":"2017-07-31T19:11:18","date_gmt":"2017-07-31T17:11:19","guid":{"rendered":"https:\/\/cozydots.com\/?post_type=product&#038;p=1126\/"},"modified":"2024-06-10T21:48:38","modified_gmt":"2024-06-10T19:48:38","slug":"kinderzelt-indianisches-tipi-aztec-2","status":"publish","type":"product","link":"https:\/\/cozydots.com\/de\/produkt\/kinderzelt-indianisches-tipi-aztec-2\/","title":{"rendered":"Tipi Aztekischen Kinderzelt f\u00fcr Jungen"},"content":{"rendered":"<h1><strong>Tipi Aztekischen Kinderzelt f\u00fcr Jungen<\/strong><\/h1>\n<p><strong>Tipi Kinderzelt im aztekischen Design von Cozy &amp; Dozy<\/strong>. Ein indisches Spielzelt f\u00fcr Kinder ist eine ideale Babyzimmerdekoration und das beste Babygeschenk. Tipi Zelt Kinder zum Spielen und Lesen von B\u00fcchern.<br \/>\nDas Indianerzelt ist ein guter Ort, um das ganze Jahr \u00fcber Spa\u00df zu haben. Tipi kann zu Hause und im Garten genutzt werden.<br \/>\nDas Tipi Spielzelt hat eine Fenster\u00f6ffnung und eine Tasche f\u00fcr kleine Spielsachen.<\/p>\n<p><strong>Das Kinderzelt Tipi des Babys ist aus beigefarbenem Canvas und farbiger Baumwolle gefertigt und der Eingang ist mit schwarzen Pompons verziert.<\/strong><br \/>\nEs bietet Platz f\u00fcr bis zu 3 Kinder<\/p>\n<h2><strong>Set beinhaltet:<\/strong><\/h2>\n<ul>\n<li>Tipi Zelt<\/li>\n<li>4 Stangen aus nat\u00fcrlichem Kiefernholz (Stahl)<\/li>\n<li>stabilizer<\/li>\n<\/ul>\n<h2><strong>Abmessungen:<\/strong><\/h2>\n<ul>\n<li>H\u00f6he des Tippees nach dem Aufklappen: 150 cm<\/li>\n<li>Spitzenh\u00f6he nach dem Falten: 170 cm<\/li>\n<li>Kippbodenfl\u00e4che: ca. 110 \u00d7 110 \u00d7 110 cm<\/li>\n<\/ul>\n<p>Das Zelt hat 2-3 Kinder. Er l\u00e4sst sich leicht zusammenfalten und in einer speziellen Tasche mit Tragegriff aufbewahren, die Bestandteil des Sets ist.<\/p>\n<h2><strong>Komposition:<\/strong><\/h2>\n<ul>\n<li>100% Baumwolle, es ist zertifiziert und CE-zertifiziert.<\/li>\n<\/ul>\n<p>Die Stoffe, aus denen wir unsere Zelte n\u00e4hen, stammen aus Europa und haben Zertifikate und Zulassungen, die ihre Sicherheit f\u00fcr Kinder best\u00e4tigen.\u00a0 Tipi wurde in Polen hergestellt.<\/p>\n<h2><strong>Behandlung:<\/strong><\/h2>\n<ul>\n<li>Waschbar in der Waschmaschine bei 40 Grad, Zentrifugieren &#8211; 800 Umdrehungen<\/li>\n<li>Nicht chemisch waschen<\/li>\n<li>Nicht bleichen<\/li>\n<\/ul>\n<p>Zeitpunkt der Auftragsausf\u00fchrung: 1-2 Werktage + Lieferzeit.\u00a0Gerne stellen wir Ihnen ein Tipi speziell nach Ihren Vorstellungen zusammen. Schreiben Sie uns und erfahren Sie mehr.<\/p>\n<p>&nbsp;<\/p>\n<p>&nbsp;<\/p>\n","protected":false},"excerpt":{"rendered":"<p><strong>Tipi Zelt Aztec<\/strong>\u00a0ist der ideale Ort zum Spa\u00df. In Set: Tipi Zelt, eine Zelttasche, vier Kieferstangen<\/p>\n","protected":false},"featured_media":41485,"comment_status":"open","ping_status":"closed","template":"","meta":[],"product_brand":[],"product_cat":[78],"product_tag":[],"class_list":{"0":"post-1126","1":"product","2":"type-product","3":"status-publish","4":"has-post-thumbnail","6":"product_cat-tipi-zelt","8":"first","9":"instock","10":"taxable","11":"shipping-taxable","12":"product-type-simple"},"yoast_head":"<!-- This site is optimized with the Yoast SEO plugin v27.0 - https:\/\/yoast.com\/product\/yoast-seo-wordpress\/ -->\n<title>Tipi Aztekischen Kinderzelt f\u00fcr Jungen - Cozydots.com<\/title>\n<meta name=\"robots\" content=\"index, follow, max-snippet:-1, max-image-preview:large, max-video-preview:-1\" \/>\n<link rel=\"canonical\" href=\"https:\/\/cozydots.com\/de\/produkt\/kinderzelt-indianisches-tipi-aztec-2\/\" \/>\n<meta property=\"og:locale\" content=\"de_DE\" \/>\n<meta property=\"og:type\" content=\"article\" \/>\n<meta property=\"og:title\" content=\"Tipi Aztekischen Kinderzelt f\u00fcr Jungen - Cozydots.com\" \/>\n<meta property=\"og:description\" content=\"Tipi Zelt Aztec\u00a0ist der ideale Ort zum Spa\u00df. In Set: Tipi Zelt, eine Zelttasche, vier Kieferstangen\" \/>\n<meta property=\"og:url\" content=\"https:\/\/cozydots.com\/de\/produkt\/kinderzelt-indianisches-tipi-aztec-2\/\" \/>\n<meta property=\"og:site_name\" content=\"Cozydots.com\" \/>\n<meta property=\"article:modified_time\" content=\"2024-06-10T19:48:38+00:00\" \/>\n<meta property=\"og:image\" content=\"https:\/\/cozydots.com\/wp-content\/uploads\/2021\/11\/pp-1499.jpg\" \/>\n\t<meta property=\"og:image:width\" content=\"1200\" \/>\n\t<meta property=\"og:image:height\" content=\"1200\" \/>\n\t<meta property=\"og:image:type\" content=\"image\/jpeg\" \/>\n<meta name=\"twitter:card\" content=\"summary_large_image\" \/>\n<meta name=\"twitter:label1\" content=\"Gesch\u00e4tzte Lesezeit\" \/>\n\t<meta name=\"twitter:data1\" content=\"2\u00a0Minuten\" \/>\n<script type=\"application\/ld+json\" class=\"yoast-schema-graph\">{\"@context\":\"https:\/\/schema.org\",\"@graph\":[{\"@type\":\"WebPage\",\"@id\":\"https:\/\/cozydots.com\/de\/produkt\/kinderzelt-indianisches-tipi-aztec-2\/\",\"url\":\"https:\/\/cozydots.com\/de\/produkt\/kinderzelt-indianisches-tipi-aztec-2\/\",\"name\":\"Tipi Aztekischen Kinderzelt f\u00fcr Jungen - Cozydots.com\",\"isPartOf\":{\"@id\":\"https:\/\/cozydots.com\/de\/#website\"},\"primaryImageOfPage\":{\"@id\":\"https:\/\/cozydots.com\/de\/produkt\/kinderzelt-indianisches-tipi-aztec-2\/#primaryimage\"},\"image\":{\"@id\":\"https:\/\/cozydots.com\/de\/produkt\/kinderzelt-indianisches-tipi-aztec-2\/#primaryimage\"},\"thumbnailUrl\":\"https:\/\/cozydots.com\/wp-content\/uploads\/2021\/11\/pp-1499.jpg\",\"datePublished\":\"2017-07-31T17:11:19+00:00\",\"dateModified\":\"2024-06-10T19:48:38+00:00\",\"breadcrumb\":{\"@id\":\"https:\/\/cozydots.com\/de\/produkt\/kinderzelt-indianisches-tipi-aztec-2\/#breadcrumb\"},\"inLanguage\":\"de\",\"potentialAction\":[{\"@type\":\"ReadAction\",\"target\":[\"https:\/\/cozydots.com\/de\/produkt\/kinderzelt-indianisches-tipi-aztec-2\/\"]}]},{\"@type\":\"ImageObject\",\"inLanguage\":\"de\",\"@id\":\"https:\/\/cozydots.com\/de\/produkt\/kinderzelt-indianisches-tipi-aztec-2\/#primaryimage\",\"url\":\"https:\/\/cozydots.com\/wp-content\/uploads\/2021\/11\/pp-1499.jpg\",\"contentUrl\":\"https:\/\/cozydots.com\/wp-content\/uploads\/2021\/11\/pp-1499.jpg\",\"width\":1200,\"height\":1200},{\"@type\":\"BreadcrumbList\",\"@id\":\"https:\/\/cozydots.com\/de\/produkt\/kinderzelt-indianisches-tipi-aztec-2\/#breadcrumb\",\"itemListElement\":[{\"@type\":\"ListItem\",\"position\":1,\"name\":\"Strona g\u0142\u00f3wna\",\"item\":\"https:\/\/cozydots.com\/de\/\"},{\"@type\":\"ListItem\",\"position\":2,\"name\":\"Shop\",\"item\":\"https:\/\/cozydots.com\/de\/shop\/\"},{\"@type\":\"ListItem\",\"position\":3,\"name\":\"Tipi Aztekischen Kinderzelt f\u00fcr Jungen\"}]},{\"@type\":\"WebSite\",\"@id\":\"https:\/\/cozydots.com\/de\/#website\",\"url\":\"https:\/\/cozydots.com\/de\/\",\"name\":\"Cozydots.com\",\"description\":\"Producent namiot\u00f3w Tipi\",\"publisher\":{\"@id\":\"https:\/\/cozydots.com\/de\/#organization\"},\"potentialAction\":[{\"@type\":\"SearchAction\",\"target\":{\"@type\":\"EntryPoint\",\"urlTemplate\":\"https:\/\/cozydots.com\/de\/?s={search_term_string}\"},\"query-input\":{\"@type\":\"PropertyValueSpecification\",\"valueRequired\":true,\"valueName\":\"search_term_string\"}}],\"inLanguage\":\"de\"},{\"@type\":\"Organization\",\"@id\":\"https:\/\/cozydots.com\/de\/#organization\",\"name\":\"Cozydots.com\",\"url\":\"https:\/\/cozydots.com\/de\/\",\"logo\":{\"@type\":\"ImageObject\",\"inLanguage\":\"de\",\"@id\":\"https:\/\/cozydots.com\/de\/#\/schema\/logo\/image\/\",\"url\":\"https:\/\/cozydots.com\/wp-content\/uploads\/2021\/10\/cozyshop_logo.png\",\"contentUrl\":\"https:\/\/cozydots.com\/wp-content\/uploads\/2021\/10\/cozyshop_logo.png\",\"width\":400,\"height\":121,\"caption\":\"Cozydots.com\"},\"image\":{\"@id\":\"https:\/\/cozydots.com\/de\/#\/schema\/logo\/image\/\"}}]}<\/script>\n<!-- \/ Yoast SEO plugin. -->","yoast_head_json":{"title":"Tipi Aztekischen Kinderzelt f\u00fcr Jungen - Cozydots.com","robots":{"index":"index","follow":"follow","max-snippet":"max-snippet:-1","max-image-preview":"max-image-preview:large","max-video-preview":"max-video-preview:-1"},"canonical":"https:\/\/cozydots.com\/de\/produkt\/kinderzelt-indianisches-tipi-aztec-2\/","og_locale":"de_DE","og_type":"article","og_title":"Tipi Aztekischen Kinderzelt f\u00fcr Jungen - Cozydots.com","og_description":"Tipi Zelt Aztec\u00a0ist der ideale Ort zum Spa\u00df. In Set: Tipi Zelt, eine Zelttasche, vier Kieferstangen","og_url":"https:\/\/cozydots.com\/de\/produkt\/kinderzelt-indianisches-tipi-aztec-2\/","og_site_name":"Cozydots.com","article_modified_time":"2024-06-10T19:48:38+00:00","og_image":[{"width":1200,"height":1200,"url":"https:\/\/cozydots.com\/wp-content\/uploads\/2021\/11\/pp-1499.jpg","type":"image\/jpeg"}],"twitter_card":"summary_large_image","twitter_misc":{"Gesch\u00e4tzte Lesezeit":"2\u00a0Minuten"},"schema":{"@context":"https:\/\/schema.org","@graph":[{"@type":"WebPage","@id":"https:\/\/cozydots.com\/de\/produkt\/kinderzelt-indianisches-tipi-aztec-2\/","url":"https:\/\/cozydots.com\/de\/produkt\/kinderzelt-indianisches-tipi-aztec-2\/","name":"Tipi Aztekischen Kinderzelt f\u00fcr Jungen - Cozydots.com","isPartOf":{"@id":"https:\/\/cozydots.com\/de\/#website"},"primaryImageOfPage":{"@id":"https:\/\/cozydots.com\/de\/produkt\/kinderzelt-indianisches-tipi-aztec-2\/#primaryimage"},"image":{"@id":"https:\/\/cozydots.com\/de\/produkt\/kinderzelt-indianisches-tipi-aztec-2\/#primaryimage"},"thumbnailUrl":"https:\/\/cozydots.com\/wp-content\/uploads\/2021\/11\/pp-1499.jpg","datePublished":"2017-07-31T17:11:19+00:00","dateModified":"2024-06-10T19:48:38+00:00","breadcrumb":{"@id":"https:\/\/cozydots.com\/de\/produkt\/kinderzelt-indianisches-tipi-aztec-2\/#breadcrumb"},"inLanguage":"de","potentialAction":[{"@type":"ReadAction","target":["https:\/\/cozydots.com\/de\/produkt\/kinderzelt-indianisches-tipi-aztec-2\/"]}]},{"@type":"ImageObject","inLanguage":"de","@id":"https:\/\/cozydots.com\/de\/produkt\/kinderzelt-indianisches-tipi-aztec-2\/#primaryimage","url":"https:\/\/cozydots.com\/wp-content\/uploads\/2021\/11\/pp-1499.jpg","contentUrl":"https:\/\/cozydots.com\/wp-content\/uploads\/2021\/11\/pp-1499.jpg","width":1200,"height":1200},{"@type":"BreadcrumbList","@id":"https:\/\/cozydots.com\/de\/produkt\/kinderzelt-indianisches-tipi-aztec-2\/#breadcrumb","itemListElement":[{"@type":"ListItem","position":1,"name":"Strona g\u0142\u00f3wna","item":"https:\/\/cozydots.com\/de\/"},{"@type":"ListItem","position":2,"name":"Shop","item":"https:\/\/cozydots.com\/de\/shop\/"},{"@type":"ListItem","position":3,"name":"Tipi Aztekischen Kinderzelt f\u00fcr Jungen"}]},{"@type":"WebSite","@id":"https:\/\/cozydots.com\/de\/#website","url":"https:\/\/cozydots.com\/de\/","name":"Cozydots.com","description":"Producent namiot\u00f3w Tipi","publisher":{"@id":"https:\/\/cozydots.com\/de\/#organization"},"potentialAction":[{"@type":"SearchAction","target":{"@type":"EntryPoint","urlTemplate":"https:\/\/cozydots.com\/de\/?s={search_term_string}"},"query-input":{"@type":"PropertyValueSpecification","valueRequired":true,"valueName":"search_term_string"}}],"inLanguage":"de"},{"@type":"Organization","@id":"https:\/\/cozydots.com\/de\/#organization","name":"Cozydots.com","url":"https:\/\/cozydots.com\/de\/","logo":{"@type":"ImageObject","inLanguage":"de","@id":"https:\/\/cozydots.com\/de\/#\/schema\/logo\/image\/","url":"https:\/\/cozydots.com\/wp-content\/uploads\/2021\/10\/cozyshop_logo.png","contentUrl":"https:\/\/cozydots.com\/wp-content\/uploads\/2021\/10\/cozyshop_logo.png","width":400,"height":121,"caption":"Cozydots.com"},"image":{"@id":"https:\/\/cozydots.com\/de\/#\/schema\/logo\/image\/"}}]}},"_links":{"self":[{"href":"https:\/\/cozydots.com\/de\/wp-json\/wp\/v2\/product\/1126","targetHints":{"allow":["GET"]}}],"collection":[{"href":"https:\/\/cozydots.com\/de\/wp-json\/wp\/v2\/product"}],"about":[{"href":"https:\/\/cozydots.com\/de\/wp-json\/wp\/v2\/types\/product"}],"replies":[{"embeddable":true,"href":"https:\/\/cozydots.com\/de\/wp-json\/wp\/v2\/comments?post=1126"}],"wp:featuredmedia":[{"embeddable":true,"href":"https:\/\/cozydots.com\/de\/wp-json\/wp\/v2\/media\/41485"}],"wp:attachment":[{"href":"https:\/\/cozydots.com\/de\/wp-json\/wp\/v2\/media?parent=1126"}],"wp:term":[{"taxonomy":"product_brand","embeddable":true,"href":"https:\/\/cozydots.com\/de\/wp-json\/wp\/v2\/product_brand?post=1126"},{"taxonomy":"product_cat","embeddable":true,"href":"https:\/\/cozydots.com\/de\/wp-json\/wp\/v2\/product_cat?post=1126"},{"taxonomy":"product_tag","embeddable":true,"href":"https:\/\/cozydots.com\/de\/wp-json\/wp\/v2\/product_tag?post=1126"}],"curies":[{"name":"wp","href":"https:\/\/api.w.org\/{rel}","templated":true}]}}