{"id":1420,"date":"2017-08-03T11:12:49","date_gmt":"2017-08-03T09:12:49","guid":{"rendered":"https:\/\/cozydots.com\/?post_type=product&#038;p=1420\/"},"modified":"2026-01-01T17:58:31","modified_gmt":"2026-01-01T16:58:31","slug":"set-indianertipi-kinderzelt-honey","status":"publish","type":"product","link":"https:\/\/cozydots.com\/de\/produkt\/set-indianertipi-kinderzelt-honey\/","title":{"rendered":"Tipi zelt f\u00fcr Kinder \u2013 Honey Tipi-Zelt mit 6 Elementen"},"content":{"rendered":"<h2><a class=\"has-lightbox\" href=\"https:\/\/cozydots.com\/wp-content\/uploads\/2017\/08\/specyfikacja-honey-de.jpg\"><img loading=\"lazy\" decoding=\"async\" class=\"alignright wp-image-43001\" src=\"https:\/\/cozydots.com\/wp-content\/uploads\/2017\/08\/specyfikacja-honey-de.jpg\" alt=\"\" width=\"600\" height=\"600\" srcset=\"https:\/\/cozydots.com\/wp-content\/uploads\/2017\/08\/specyfikacja-honey-de.jpg 1200w, https:\/\/cozydots.com\/wp-content\/uploads\/2017\/08\/specyfikacja-honey-de-400x400.jpg 400w, https:\/\/cozydots.com\/wp-content\/uploads\/2017\/08\/specyfikacja-honey-de-150x150.jpg 150w, https:\/\/cozydots.com\/wp-content\/uploads\/2017\/08\/specyfikacja-honey-de-768x768.jpg 768w, https:\/\/cozydots.com\/wp-content\/uploads\/2017\/08\/specyfikacja-honey-de-470x470.jpg 470w, https:\/\/cozydots.com\/wp-content\/uploads\/2017\/08\/specyfikacja-honey-de-800x800.jpg 800w, https:\/\/cozydots.com\/wp-content\/uploads\/2017\/08\/specyfikacja-honey-de-100x100.jpg 100w\" sizes=\"auto, (max-width: 600px) 100vw, 600px\" \/><\/a>Tipi zelt f\u00fcr Kinder Honey<\/h2>\n<p>Schwarzes Tipi Zelt f\u00fcr Kinder von Cozy&amp;Dozy. Tipi Spielzelt ist die perfekte Dekoration f\u00fcr ein Babyzimmer und das beste Geschenk f\u00fcr einen Jungen.<\/p>\n<p>Das Tipi Zelt ist ein guter Ort, um das ganze Jahr \u00fcber Spa\u00df zu haben. Tipi Spielzelt f\u00fcr Kinder kann zu Hause und im Garten genutzt werden. Das Kinderzelt Tipi hat eine Fenster\u00f6ffnung und eine Tasche f\u00fcr kleine Spielsachen.<\/p>\n<p>Bodenmatte aus starkem Canvas und Honigbaumwolle, isoliert. Das Zelt ist aus beige Leinwand und schwarzer Baumwolle gefertigt und der Eingang ist mit Senfpompons verziert. Zwei Kissen sind im Zeltstil verziert<\/p>\n<p>Unsere Produkte werden mit viel Liebe zum Detail handgen\u00e4ht und zeichnen sich durch Benutzerfreundlichkeit und Sicherheit aus.<\/p>\n<p>Das Zelt ist f\u00fcr Spiel und Spa\u00df f\u00fcr bis zu drei Kinder ausgelegt. Tipi-Zelte hat eine Gesamth\u00f6he von 170 cm (max) und die Matte misst 110\u00d7110 cm. Das Kinderzelt ist ein ideales Geschenk f\u00fcr M\u00e4dchen und Jungen. Sorgt f\u00fcr viel Spa\u00df zu Hause oder im Garten.<\/p>\n<h3><strong>Set beinhaltet:<\/strong><\/h3>\n<ul>\n<li><strong>Tipi Zelt<\/strong><\/li>\n<li><strong>Stabilisator<\/strong>\u00a0(verhindert, dass sich der Rahmen bewegt)<\/li>\n<li>4 Stangen aus nat\u00fcrlichem Kiefernholz (Stahl)<\/li>\n<li><strong>Spielmatte<\/strong><\/li>\n<li><strong>2 Kissen<\/strong><\/li>\n<\/ul>\n","protected":false},"excerpt":{"rendered":"<p>Unsere Tipi werden mit viel Liebe zum Detail handgen\u00e4ht und zeichnen sich durch Benutzerfreundlichkeit und Sicherheit aus.<\/p>\n","protected":false},"featured_media":53551,"comment_status":"open","ping_status":"closed","template":"","meta":[],"product_brand":[],"product_cat":[78],"product_tag":[1438],"class_list":{"0":"post-1420","1":"product","2":"type-product","3":"status-publish","4":"has-post-thumbnail","6":"product_cat-tipi-zelt","7":"product_tag-pla-de","9":"first","10":"instock","11":"sale","12":"taxable","13":"shipping-taxable","14":"product-type-simple"},"yoast_head":"<!-- This site is optimized with the Yoast SEO plugin v27.0 - https:\/\/yoast.com\/product\/yoast-seo-wordpress\/ -->\n<title>Tipi zelt f\u00fcr Kinder \u2013 Honey Tipi-Zelt mit 6 Elementen - Cozydots.com<\/title>\n<meta name=\"description\" content=\"Tipi Zelt f\u00fcr Kinder Honey. Das Kinderzelt Tipi hat eine Fenster\u00f6ffnung und eine Tasche f\u00fcr kleine Spielsachen. 100% Baumwolle\" \/>\n<meta name=\"robots\" content=\"index, follow, max-snippet:-1, max-image-preview:large, max-video-preview:-1\" \/>\n<link rel=\"canonical\" href=\"https:\/\/cozydots.com\/de\/produkt\/set-indianertipi-kinderzelt-honey\/\" \/>\n<meta property=\"og:locale\" content=\"de_DE\" \/>\n<meta property=\"og:type\" content=\"article\" \/>\n<meta property=\"og:title\" content=\"Tipi zelt f\u00fcr Kinder \u2013 Honey Tipi-Zelt mit 6 Elementen - Cozydots.com\" \/>\n<meta property=\"og:description\" content=\"Tipi Zelt f\u00fcr Kinder Honey. Das Kinderzelt Tipi hat eine Fenster\u00f6ffnung und eine Tasche f\u00fcr kleine Spielsachen. 100% Baumwolle\" \/>\n<meta property=\"og:url\" content=\"https:\/\/cozydots.com\/de\/produkt\/set-indianertipi-kinderzelt-honey\/\" \/>\n<meta property=\"og:site_name\" content=\"Cozydots.com\" \/>\n<meta property=\"article:modified_time\" content=\"2026-01-01T16:58:31+00:00\" \/>\n<meta property=\"og:image\" content=\"https:\/\/cozydots.com\/wp-content\/uploads\/2017\/08\/kids_tipi_tent_honey_s1_f9.jpg\" \/>\n\t<meta property=\"og:image:width\" content=\"1200\" \/>\n\t<meta property=\"og:image:height\" content=\"1200\" \/>\n\t<meta property=\"og:image:type\" content=\"image\/jpeg\" \/>\n<meta name=\"twitter:card\" content=\"summary_large_image\" \/>\n<meta name=\"twitter:label1\" content=\"Gesch\u00e4tzte Lesezeit\" \/>\n\t<meta name=\"twitter:data1\" content=\"2\u00a0Minuten\" \/>\n<script type=\"application\/ld+json\" class=\"yoast-schema-graph\">{\"@context\":\"https:\/\/schema.org\",\"@graph\":[{\"@type\":\"WebPage\",\"@id\":\"https:\/\/cozydots.com\/de\/produkt\/set-indianertipi-kinderzelt-honey\/\",\"url\":\"https:\/\/cozydots.com\/de\/produkt\/set-indianertipi-kinderzelt-honey\/\",\"name\":\"Tipi zelt f\u00fcr Kinder \u2013 Honey Tipi-Zelt mit 6 Elementen - Cozydots.com\",\"isPartOf\":{\"@id\":\"https:\/\/cozydots.com\/de\/#website\"},\"primaryImageOfPage\":{\"@id\":\"https:\/\/cozydots.com\/de\/produkt\/set-indianertipi-kinderzelt-honey\/#primaryimage\"},\"image\":{\"@id\":\"https:\/\/cozydots.com\/de\/produkt\/set-indianertipi-kinderzelt-honey\/#primaryimage\"},\"thumbnailUrl\":\"https:\/\/cozydots.com\/wp-content\/uploads\/2017\/08\/kids_tipi_tent_honey_s1_f9.jpg\",\"datePublished\":\"2017-08-03T09:12:49+00:00\",\"dateModified\":\"2026-01-01T16:58:31+00:00\",\"description\":\"Tipi Zelt f\u00fcr Kinder Honey. Das Kinderzelt Tipi hat eine Fenster\u00f6ffnung und eine Tasche f\u00fcr kleine Spielsachen. 100% Baumwolle\",\"breadcrumb\":{\"@id\":\"https:\/\/cozydots.com\/de\/produkt\/set-indianertipi-kinderzelt-honey\/#breadcrumb\"},\"inLanguage\":\"de\",\"potentialAction\":[{\"@type\":\"ReadAction\",\"target\":[\"https:\/\/cozydots.com\/de\/produkt\/set-indianertipi-kinderzelt-honey\/\"]}]},{\"@type\":\"ImageObject\",\"inLanguage\":\"de\",\"@id\":\"https:\/\/cozydots.com\/de\/produkt\/set-indianertipi-kinderzelt-honey\/#primaryimage\",\"url\":\"https:\/\/cozydots.com\/wp-content\/uploads\/2017\/08\/kids_tipi_tent_honey_s1_f9.jpg\",\"contentUrl\":\"https:\/\/cozydots.com\/wp-content\/uploads\/2017\/08\/kids_tipi_tent_honey_s1_f9.jpg\",\"width\":1200,\"height\":1200,\"caption\":\"kids tipi tent honey\"},{\"@type\":\"BreadcrumbList\",\"@id\":\"https:\/\/cozydots.com\/de\/produkt\/set-indianertipi-kinderzelt-honey\/#breadcrumb\",\"itemListElement\":[{\"@type\":\"ListItem\",\"position\":1,\"name\":\"Strona g\u0142\u00f3wna\",\"item\":\"https:\/\/cozydots.com\/de\/\"},{\"@type\":\"ListItem\",\"position\":2,\"name\":\"Shop\",\"item\":\"https:\/\/cozydots.com\/de\/shop\/\"},{\"@type\":\"ListItem\",\"position\":3,\"name\":\"Tipi zelt f\u00fcr Kinder \u2013 Honey Tipi-Zelt mit 6 Elementen\"}]},{\"@type\":\"WebSite\",\"@id\":\"https:\/\/cozydots.com\/de\/#website\",\"url\":\"https:\/\/cozydots.com\/de\/\",\"name\":\"Cozydots.com\",\"description\":\"Producent namiot\u00f3w Tipi\",\"publisher\":{\"@id\":\"https:\/\/cozydots.com\/de\/#organization\"},\"potentialAction\":[{\"@type\":\"SearchAction\",\"target\":{\"@type\":\"EntryPoint\",\"urlTemplate\":\"https:\/\/cozydots.com\/de\/?s={search_term_string}\"},\"query-input\":{\"@type\":\"PropertyValueSpecification\",\"valueRequired\":true,\"valueName\":\"search_term_string\"}}],\"inLanguage\":\"de\"},{\"@type\":\"Organization\",\"@id\":\"https:\/\/cozydots.com\/de\/#organization\",\"name\":\"Cozydots.com\",\"url\":\"https:\/\/cozydots.com\/de\/\",\"logo\":{\"@type\":\"ImageObject\",\"inLanguage\":\"de\",\"@id\":\"https:\/\/cozydots.com\/de\/#\/schema\/logo\/image\/\",\"url\":\"https:\/\/cozydots.com\/wp-content\/uploads\/2021\/10\/cozyshop_logo.png\",\"contentUrl\":\"https:\/\/cozydots.com\/wp-content\/uploads\/2021\/10\/cozyshop_logo.png\",\"width\":400,\"height\":121,\"caption\":\"Cozydots.com\"},\"image\":{\"@id\":\"https:\/\/cozydots.com\/de\/#\/schema\/logo\/image\/\"}}]}<\/script>\n<!-- \/ Yoast SEO plugin. -->","yoast_head_json":{"title":"Tipi zelt f\u00fcr Kinder \u2013 Honey Tipi-Zelt mit 6 Elementen - Cozydots.com","description":"Tipi Zelt f\u00fcr Kinder Honey. Das Kinderzelt Tipi hat eine Fenster\u00f6ffnung und eine Tasche f\u00fcr kleine Spielsachen. 100% Baumwolle","robots":{"index":"index","follow":"follow","max-snippet":"max-snippet:-1","max-image-preview":"max-image-preview:large","max-video-preview":"max-video-preview:-1"},"canonical":"https:\/\/cozydots.com\/de\/produkt\/set-indianertipi-kinderzelt-honey\/","og_locale":"de_DE","og_type":"article","og_title":"Tipi zelt f\u00fcr Kinder \u2013 Honey Tipi-Zelt mit 6 Elementen - Cozydots.com","og_description":"Tipi Zelt f\u00fcr Kinder Honey. Das Kinderzelt Tipi hat eine Fenster\u00f6ffnung und eine Tasche f\u00fcr kleine Spielsachen. 100% Baumwolle","og_url":"https:\/\/cozydots.com\/de\/produkt\/set-indianertipi-kinderzelt-honey\/","og_site_name":"Cozydots.com","article_modified_time":"2026-01-01T16:58:31+00:00","og_image":[{"width":1200,"height":1200,"url":"https:\/\/cozydots.com\/wp-content\/uploads\/2017\/08\/kids_tipi_tent_honey_s1_f9.jpg","type":"image\/jpeg"}],"twitter_card":"summary_large_image","twitter_misc":{"Gesch\u00e4tzte Lesezeit":"2\u00a0Minuten"},"schema":{"@context":"https:\/\/schema.org","@graph":[{"@type":"WebPage","@id":"https:\/\/cozydots.com\/de\/produkt\/set-indianertipi-kinderzelt-honey\/","url":"https:\/\/cozydots.com\/de\/produkt\/set-indianertipi-kinderzelt-honey\/","name":"Tipi zelt f\u00fcr Kinder \u2013 Honey Tipi-Zelt mit 6 Elementen - Cozydots.com","isPartOf":{"@id":"https:\/\/cozydots.com\/de\/#website"},"primaryImageOfPage":{"@id":"https:\/\/cozydots.com\/de\/produkt\/set-indianertipi-kinderzelt-honey\/#primaryimage"},"image":{"@id":"https:\/\/cozydots.com\/de\/produkt\/set-indianertipi-kinderzelt-honey\/#primaryimage"},"thumbnailUrl":"https:\/\/cozydots.com\/wp-content\/uploads\/2017\/08\/kids_tipi_tent_honey_s1_f9.jpg","datePublished":"2017-08-03T09:12:49+00:00","dateModified":"2026-01-01T16:58:31+00:00","description":"Tipi Zelt f\u00fcr Kinder Honey. Das Kinderzelt Tipi hat eine Fenster\u00f6ffnung und eine Tasche f\u00fcr kleine Spielsachen. 100% Baumwolle","breadcrumb":{"@id":"https:\/\/cozydots.com\/de\/produkt\/set-indianertipi-kinderzelt-honey\/#breadcrumb"},"inLanguage":"de","potentialAction":[{"@type":"ReadAction","target":["https:\/\/cozydots.com\/de\/produkt\/set-indianertipi-kinderzelt-honey\/"]}]},{"@type":"ImageObject","inLanguage":"de","@id":"https:\/\/cozydots.com\/de\/produkt\/set-indianertipi-kinderzelt-honey\/#primaryimage","url":"https:\/\/cozydots.com\/wp-content\/uploads\/2017\/08\/kids_tipi_tent_honey_s1_f9.jpg","contentUrl":"https:\/\/cozydots.com\/wp-content\/uploads\/2017\/08\/kids_tipi_tent_honey_s1_f9.jpg","width":1200,"height":1200,"caption":"kids tipi tent honey"},{"@type":"BreadcrumbList","@id":"https:\/\/cozydots.com\/de\/produkt\/set-indianertipi-kinderzelt-honey\/#breadcrumb","itemListElement":[{"@type":"ListItem","position":1,"name":"Strona g\u0142\u00f3wna","item":"https:\/\/cozydots.com\/de\/"},{"@type":"ListItem","position":2,"name":"Shop","item":"https:\/\/cozydots.com\/de\/shop\/"},{"@type":"ListItem","position":3,"name":"Tipi zelt f\u00fcr Kinder \u2013 Honey Tipi-Zelt mit 6 Elementen"}]},{"@type":"WebSite","@id":"https:\/\/cozydots.com\/de\/#website","url":"https:\/\/cozydots.com\/de\/","name":"Cozydots.com","description":"Producent namiot\u00f3w Tipi","publisher":{"@id":"https:\/\/cozydots.com\/de\/#organization"},"potentialAction":[{"@type":"SearchAction","target":{"@type":"EntryPoint","urlTemplate":"https:\/\/cozydots.com\/de\/?s={search_term_string}"},"query-input":{"@type":"PropertyValueSpecification","valueRequired":true,"valueName":"search_term_string"}}],"inLanguage":"de"},{"@type":"Organization","@id":"https:\/\/cozydots.com\/de\/#organization","name":"Cozydots.com","url":"https:\/\/cozydots.com\/de\/","logo":{"@type":"ImageObject","inLanguage":"de","@id":"https:\/\/cozydots.com\/de\/#\/schema\/logo\/image\/","url":"https:\/\/cozydots.com\/wp-content\/uploads\/2021\/10\/cozyshop_logo.png","contentUrl":"https:\/\/cozydots.com\/wp-content\/uploads\/2021\/10\/cozyshop_logo.png","width":400,"height":121,"caption":"Cozydots.com"},"image":{"@id":"https:\/\/cozydots.com\/de\/#\/schema\/logo\/image\/"}}]}},"_links":{"self":[{"href":"https:\/\/cozydots.com\/de\/wp-json\/wp\/v2\/product\/1420","targetHints":{"allow":["GET"]}}],"collection":[{"href":"https:\/\/cozydots.com\/de\/wp-json\/wp\/v2\/product"}],"about":[{"href":"https:\/\/cozydots.com\/de\/wp-json\/wp\/v2\/types\/product"}],"replies":[{"embeddable":true,"href":"https:\/\/cozydots.com\/de\/wp-json\/wp\/v2\/comments?post=1420"}],"wp:featuredmedia":[{"embeddable":true,"href":"https:\/\/cozydots.com\/de\/wp-json\/wp\/v2\/media\/53551"}],"wp:attachment":[{"href":"https:\/\/cozydots.com\/de\/wp-json\/wp\/v2\/media?parent=1420"}],"wp:term":[{"taxonomy":"product_brand","embeddable":true,"href":"https:\/\/cozydots.com\/de\/wp-json\/wp\/v2\/product_brand?post=1420"},{"taxonomy":"product_cat","embeddable":true,"href":"https:\/\/cozydots.com\/de\/wp-json\/wp\/v2\/product_cat?post=1420"},{"taxonomy":"product_tag","embeddable":true,"href":"https:\/\/cozydots.com\/de\/wp-json\/wp\/v2\/product_tag?post=1420"}],"curies":[{"name":"wp","href":"https:\/\/api.w.org\/{rel}","templated":true}]}}