{"id":1491,"date":"2017-08-03T15:16:39","date_gmt":"2017-08-03T13:16:39","guid":{"rendered":"https:\/\/cozydots.com\/?post_type=product&#038;p=1491\/"},"modified":"2023-02-08T11:58:13","modified_gmt":"2023-02-08T10:58:13","slug":"kinderzelt-indianisches-tipi-mexican","status":"publish","type":"product","link":"https:\/\/cozydots.com\/de\/produkt\/kinderzelt-indianisches-tipi-mexican\/","title":{"rendered":"Spielzelt Tipi f\u00fcr Jungen, Kinderzelt Aztec"},"content":{"rendered":"<h1>Tipi Aztec Kinderzelt von Cozyshop,<\/h1>\n<p><strong>Tipi Zelt f\u00fcr Kinder in mexikanischen Designs von Cozyshop<\/strong>. Das mexikanische Zelt ist die perfekte Dekoration f\u00fcr ein Kinderzimmer und das beste Geschenk f\u00fcr Jungen. Tipi Zelt Kinder zum Spa\u00df, Verstecken und Ausruhen.<\/p>\n<p>Das Kinder Spielzelt ist ein guter Ort, um das ganze Jahr \u00fcber Spa\u00df zu haben. Tipi Spielzelt kann zu Hause und im Garten genutzt werden.<\/p>\n<p>Das Kinderzelt Tipi hat ein Fenster offen, eine Spielzeugtasche. <strong>Indianer tipi f\u00fcr ein Kind aus Leinwand und Baumwolle in geomarischen Mustern auf einem gr\u00fcnen Hintergrund und einem Eingang dekoriert braune Quasten<\/strong>.<br \/>\nSpielzelt passt 2-3 Kinder.<br \/>\nEin mexikanisches Zelt ist perfekt f\u00fcr ein Zimmer des Jungen<\/p>\n<p>Das mexikanische Tipi Mexican aus dem Cozyshop<\/p>\n<h2>Set beinhaltet:<\/h2>\n<ul>\n<li>Zelt<\/li>\n<li>4 Stangen aus nat\u00fcrlichem Kiefernholz (Stahl)<\/li>\n<li>stabilizer<\/li>\n<\/ul>\n<h2>Abmessungen:<\/h2>\n<ul>\n<li>H\u00f6he des Tippees nach dem Aufklappen: 150 cm<\/li>\n<li>Spitzenh\u00f6he nach dem Falten: 170 cm<\/li>\n<li>Kippbodenfl\u00e4che: ca. 110 \u00d7 110 \u00d7 110 cm<\/li>\n<\/ul>\n<p>Das Zelt hat 2-3 Kinder. Er l\u00e4sst sich leicht zusammenfalten und in einer speziellen Tasche mit Tragegriff aufbewahren, die Bestandteil des Sets ist.<\/p>\n<h2>Komposition<\/h2>\n<ul>\n<li>100% Baumwolle, e<span style=\"color: #555555\">s ist  zertifiziert und CE-zertifiziert.<\/span><\/li>\n<\/ul>\n<p>Die Stoffe, aus denen wir unsere Zelte n\u00e4hen, stammen aus Europa und haben Zertifikate und Zulassungen, die ihre Sicherheit f\u00fcr Kinder best\u00e4tigen.\u00a0 Tipi wurde in Polen hergestellt.<\/p>\n<h2>Behandlung:<\/h2>\n<ul>\n<li>Waschbar in der Waschmaschine bei 40 Grad, Zentrifugieren &#8211; 800 Umdrehungen<\/li>\n<li>Nicht chemisch waschen<\/li>\n<li>Nicht bleichen<\/li>\n<\/ul>\n<p>Zeitpunkt der Auftragsausf\u00fchrung: 1-2 Werktage + Lieferzeit.\u00a0Gerne stellen wir Ihnen ein Tipi speziell nach Ihren Vorstellungen zusammen. Schreiben Sie uns und erfahren Sie mehr.<\/p>\n","protected":false},"excerpt":{"rendered":"<p>Gr\u00fcnes Zelt mit Fransen. Ideal f\u00fcr Jungen<\/p>\n","protected":false},"featured_media":41471,"comment_status":"open","ping_status":"closed","template":"","meta":[],"product_brand":[],"product_cat":[78],"product_tag":[],"class_list":{"0":"post-1491","1":"product","2":"type-product","3":"status-publish","4":"has-post-thumbnail","6":"product_cat-tipi-zelt","8":"first","9":"instock","10":"sale","11":"taxable","12":"shipping-taxable","13":"product-type-simple"},"yoast_head":"<!-- This site is optimized with the Yoast SEO plugin v27.0 - https:\/\/yoast.com\/product\/yoast-seo-wordpress\/ -->\n<title>Spielzelt Tipi f\u00fcr Jungen, Kinderzelt Aztec - Cozydots.com<\/title>\n<meta name=\"robots\" content=\"index, follow, max-snippet:-1, max-image-preview:large, max-video-preview:-1\" \/>\n<link rel=\"canonical\" href=\"https:\/\/cozydots.com\/de\/produkt\/kinderzelt-indianisches-tipi-mexican\/\" \/>\n<meta property=\"og:locale\" content=\"de_DE\" \/>\n<meta property=\"og:type\" content=\"article\" \/>\n<meta property=\"og:title\" content=\"Spielzelt Tipi f\u00fcr Jungen, Kinderzelt Aztec - Cozydots.com\" \/>\n<meta property=\"og:description\" content=\"Gr\u00fcnes Zelt mit Fransen. Ideal f\u00fcr Jungen\" \/>\n<meta property=\"og:url\" content=\"https:\/\/cozydots.com\/de\/produkt\/kinderzelt-indianisches-tipi-mexican\/\" \/>\n<meta property=\"og:site_name\" content=\"Cozydots.com\" \/>\n<meta property=\"article:modified_time\" content=\"2023-02-08T10:58:13+00:00\" \/>\n<meta property=\"og:image\" content=\"https:\/\/cozydots.com\/wp-content\/uploads\/2021\/11\/pp-1494.jpg\" \/>\n\t<meta property=\"og:image:width\" content=\"1200\" \/>\n\t<meta property=\"og:image:height\" content=\"1200\" \/>\n\t<meta property=\"og:image:type\" content=\"image\/jpeg\" \/>\n<meta name=\"twitter:card\" content=\"summary_large_image\" \/>\n<meta name=\"twitter:label1\" content=\"Gesch\u00e4tzte Lesezeit\" \/>\n\t<meta name=\"twitter:data1\" content=\"2\u00a0Minuten\" \/>\n<script type=\"application\/ld+json\" class=\"yoast-schema-graph\">{\"@context\":\"https:\/\/schema.org\",\"@graph\":[{\"@type\":\"WebPage\",\"@id\":\"https:\/\/cozydots.com\/de\/produkt\/kinderzelt-indianisches-tipi-mexican\/\",\"url\":\"https:\/\/cozydots.com\/de\/produkt\/kinderzelt-indianisches-tipi-mexican\/\",\"name\":\"Spielzelt Tipi f\u00fcr Jungen, Kinderzelt Aztec - Cozydots.com\",\"isPartOf\":{\"@id\":\"https:\/\/cozydots.com\/de\/#website\"},\"primaryImageOfPage\":{\"@id\":\"https:\/\/cozydots.com\/de\/produkt\/kinderzelt-indianisches-tipi-mexican\/#primaryimage\"},\"image\":{\"@id\":\"https:\/\/cozydots.com\/de\/produkt\/kinderzelt-indianisches-tipi-mexican\/#primaryimage\"},\"thumbnailUrl\":\"https:\/\/cozydots.com\/wp-content\/uploads\/2021\/11\/pp-1494.jpg\",\"datePublished\":\"2017-08-03T13:16:39+00:00\",\"dateModified\":\"2023-02-08T10:58:13+00:00\",\"breadcrumb\":{\"@id\":\"https:\/\/cozydots.com\/de\/produkt\/kinderzelt-indianisches-tipi-mexican\/#breadcrumb\"},\"inLanguage\":\"de\",\"potentialAction\":[{\"@type\":\"ReadAction\",\"target\":[\"https:\/\/cozydots.com\/de\/produkt\/kinderzelt-indianisches-tipi-mexican\/\"]}]},{\"@type\":\"ImageObject\",\"inLanguage\":\"de\",\"@id\":\"https:\/\/cozydots.com\/de\/produkt\/kinderzelt-indianisches-tipi-mexican\/#primaryimage\",\"url\":\"https:\/\/cozydots.com\/wp-content\/uploads\/2021\/11\/pp-1494.jpg\",\"contentUrl\":\"https:\/\/cozydots.com\/wp-content\/uploads\/2021\/11\/pp-1494.jpg\",\"width\":1200,\"height\":1200},{\"@type\":\"BreadcrumbList\",\"@id\":\"https:\/\/cozydots.com\/de\/produkt\/kinderzelt-indianisches-tipi-mexican\/#breadcrumb\",\"itemListElement\":[{\"@type\":\"ListItem\",\"position\":1,\"name\":\"Strona g\u0142\u00f3wna\",\"item\":\"https:\/\/cozydots.com\/de\/\"},{\"@type\":\"ListItem\",\"position\":2,\"name\":\"Shop\",\"item\":\"https:\/\/cozydots.com\/de\/shop\/\"},{\"@type\":\"ListItem\",\"position\":3,\"name\":\"Spielzelt Tipi f\u00fcr Jungen, Kinderzelt Aztec\"}]},{\"@type\":\"WebSite\",\"@id\":\"https:\/\/cozydots.com\/de\/#website\",\"url\":\"https:\/\/cozydots.com\/de\/\",\"name\":\"Cozydots.com\",\"description\":\"Producent namiot\u00f3w Tipi\",\"publisher\":{\"@id\":\"https:\/\/cozydots.com\/de\/#organization\"},\"potentialAction\":[{\"@type\":\"SearchAction\",\"target\":{\"@type\":\"EntryPoint\",\"urlTemplate\":\"https:\/\/cozydots.com\/de\/?s={search_term_string}\"},\"query-input\":{\"@type\":\"PropertyValueSpecification\",\"valueRequired\":true,\"valueName\":\"search_term_string\"}}],\"inLanguage\":\"de\"},{\"@type\":\"Organization\",\"@id\":\"https:\/\/cozydots.com\/de\/#organization\",\"name\":\"Cozydots.com\",\"url\":\"https:\/\/cozydots.com\/de\/\",\"logo\":{\"@type\":\"ImageObject\",\"inLanguage\":\"de\",\"@id\":\"https:\/\/cozydots.com\/de\/#\/schema\/logo\/image\/\",\"url\":\"https:\/\/cozydots.com\/wp-content\/uploads\/2021\/10\/cozyshop_logo.png\",\"contentUrl\":\"https:\/\/cozydots.com\/wp-content\/uploads\/2021\/10\/cozyshop_logo.png\",\"width\":400,\"height\":121,\"caption\":\"Cozydots.com\"},\"image\":{\"@id\":\"https:\/\/cozydots.com\/de\/#\/schema\/logo\/image\/\"}}]}<\/script>\n<!-- \/ Yoast SEO plugin. -->","yoast_head_json":{"title":"Spielzelt Tipi f\u00fcr Jungen, Kinderzelt Aztec - Cozydots.com","robots":{"index":"index","follow":"follow","max-snippet":"max-snippet:-1","max-image-preview":"max-image-preview:large","max-video-preview":"max-video-preview:-1"},"canonical":"https:\/\/cozydots.com\/de\/produkt\/kinderzelt-indianisches-tipi-mexican\/","og_locale":"de_DE","og_type":"article","og_title":"Spielzelt Tipi f\u00fcr Jungen, Kinderzelt Aztec - Cozydots.com","og_description":"Gr\u00fcnes Zelt mit Fransen. Ideal f\u00fcr Jungen","og_url":"https:\/\/cozydots.com\/de\/produkt\/kinderzelt-indianisches-tipi-mexican\/","og_site_name":"Cozydots.com","article_modified_time":"2023-02-08T10:58:13+00:00","og_image":[{"width":1200,"height":1200,"url":"https:\/\/cozydots.com\/wp-content\/uploads\/2021\/11\/pp-1494.jpg","type":"image\/jpeg"}],"twitter_card":"summary_large_image","twitter_misc":{"Gesch\u00e4tzte Lesezeit":"2\u00a0Minuten"},"schema":{"@context":"https:\/\/schema.org","@graph":[{"@type":"WebPage","@id":"https:\/\/cozydots.com\/de\/produkt\/kinderzelt-indianisches-tipi-mexican\/","url":"https:\/\/cozydots.com\/de\/produkt\/kinderzelt-indianisches-tipi-mexican\/","name":"Spielzelt Tipi f\u00fcr Jungen, Kinderzelt Aztec - Cozydots.com","isPartOf":{"@id":"https:\/\/cozydots.com\/de\/#website"},"primaryImageOfPage":{"@id":"https:\/\/cozydots.com\/de\/produkt\/kinderzelt-indianisches-tipi-mexican\/#primaryimage"},"image":{"@id":"https:\/\/cozydots.com\/de\/produkt\/kinderzelt-indianisches-tipi-mexican\/#primaryimage"},"thumbnailUrl":"https:\/\/cozydots.com\/wp-content\/uploads\/2021\/11\/pp-1494.jpg","datePublished":"2017-08-03T13:16:39+00:00","dateModified":"2023-02-08T10:58:13+00:00","breadcrumb":{"@id":"https:\/\/cozydots.com\/de\/produkt\/kinderzelt-indianisches-tipi-mexican\/#breadcrumb"},"inLanguage":"de","potentialAction":[{"@type":"ReadAction","target":["https:\/\/cozydots.com\/de\/produkt\/kinderzelt-indianisches-tipi-mexican\/"]}]},{"@type":"ImageObject","inLanguage":"de","@id":"https:\/\/cozydots.com\/de\/produkt\/kinderzelt-indianisches-tipi-mexican\/#primaryimage","url":"https:\/\/cozydots.com\/wp-content\/uploads\/2021\/11\/pp-1494.jpg","contentUrl":"https:\/\/cozydots.com\/wp-content\/uploads\/2021\/11\/pp-1494.jpg","width":1200,"height":1200},{"@type":"BreadcrumbList","@id":"https:\/\/cozydots.com\/de\/produkt\/kinderzelt-indianisches-tipi-mexican\/#breadcrumb","itemListElement":[{"@type":"ListItem","position":1,"name":"Strona g\u0142\u00f3wna","item":"https:\/\/cozydots.com\/de\/"},{"@type":"ListItem","position":2,"name":"Shop","item":"https:\/\/cozydots.com\/de\/shop\/"},{"@type":"ListItem","position":3,"name":"Spielzelt Tipi f\u00fcr Jungen, Kinderzelt Aztec"}]},{"@type":"WebSite","@id":"https:\/\/cozydots.com\/de\/#website","url":"https:\/\/cozydots.com\/de\/","name":"Cozydots.com","description":"Producent namiot\u00f3w Tipi","publisher":{"@id":"https:\/\/cozydots.com\/de\/#organization"},"potentialAction":[{"@type":"SearchAction","target":{"@type":"EntryPoint","urlTemplate":"https:\/\/cozydots.com\/de\/?s={search_term_string}"},"query-input":{"@type":"PropertyValueSpecification","valueRequired":true,"valueName":"search_term_string"}}],"inLanguage":"de"},{"@type":"Organization","@id":"https:\/\/cozydots.com\/de\/#organization","name":"Cozydots.com","url":"https:\/\/cozydots.com\/de\/","logo":{"@type":"ImageObject","inLanguage":"de","@id":"https:\/\/cozydots.com\/de\/#\/schema\/logo\/image\/","url":"https:\/\/cozydots.com\/wp-content\/uploads\/2021\/10\/cozyshop_logo.png","contentUrl":"https:\/\/cozydots.com\/wp-content\/uploads\/2021\/10\/cozyshop_logo.png","width":400,"height":121,"caption":"Cozydots.com"},"image":{"@id":"https:\/\/cozydots.com\/de\/#\/schema\/logo\/image\/"}}]}},"_links":{"self":[{"href":"https:\/\/cozydots.com\/de\/wp-json\/wp\/v2\/product\/1491","targetHints":{"allow":["GET"]}}],"collection":[{"href":"https:\/\/cozydots.com\/de\/wp-json\/wp\/v2\/product"}],"about":[{"href":"https:\/\/cozydots.com\/de\/wp-json\/wp\/v2\/types\/product"}],"replies":[{"embeddable":true,"href":"https:\/\/cozydots.com\/de\/wp-json\/wp\/v2\/comments?post=1491"}],"wp:featuredmedia":[{"embeddable":true,"href":"https:\/\/cozydots.com\/de\/wp-json\/wp\/v2\/media\/41471"}],"wp:attachment":[{"href":"https:\/\/cozydots.com\/de\/wp-json\/wp\/v2\/media?parent=1491"}],"wp:term":[{"taxonomy":"product_brand","embeddable":true,"href":"https:\/\/cozydots.com\/de\/wp-json\/wp\/v2\/product_brand?post=1491"},{"taxonomy":"product_cat","embeddable":true,"href":"https:\/\/cozydots.com\/de\/wp-json\/wp\/v2\/product_cat?post=1491"},{"taxonomy":"product_tag","embeddable":true,"href":"https:\/\/cozydots.com\/de\/wp-json\/wp\/v2\/product_tag?post=1491"}],"curies":[{"name":"wp","href":"https:\/\/api.w.org\/{rel}","templated":true}]}}