{"id":1614,"date":"2017-08-13T15:37:54","date_gmt":"2017-08-13T13:37:55","guid":{"rendered":"https:\/\/cozydots.com\/?post_type=product&#038;p=1614\/"},"modified":"2023-02-08T11:58:15","modified_gmt":"2023-02-08T10:58:15","slug":"spielzelt-tipi-indisches-kinderzelt-fuer-jungen-indian","status":"publish","type":"product","link":"https:\/\/cozydots.com\/de\/produkt\/spielzelt-tipi-indisches-kinderzelt-fuer-jungen-indian\/","title":{"rendered":"Spielzelt Tipi Indisches Kinderzelt f\u00fcr Jungen Indian"},"content":{"rendered":"<h2>Spielzelt Tipi Indisches Kinderzelt f\u00fcr Jungen Indian<\/h2>\n<p><strong>Tipi Zelt f\u00fcr Kinder im aztekischen Design von Cozyshop.<\/strong> Ein indisches Tipi Zelt Kinder ist eine ideale Dekoration f\u00fcr ein Kinderzimmer und das beste Geschenk f\u00fcr einen Jungen. Tipi f\u00fcr einen Jungen, B\u00fccher zu lesen und zu spielen.<br \/>\nDas Spielzelt f\u00fcr Kinder ist ein guter Ort, um das ganze Jahr \u00fcber Spa\u00df zu haben. Kinderzelt Tipi kann zu Hause und im Garten genutzt werden.<br \/>\nDas Tipi Spielzelt hat eine Fenster\u00f6ffnung und eine Tasche f\u00fcr kleine Spielsachen.<\/p>\n<p><strong>Das Baby Tipi ist aus beige Leinwand und farbigen Baumwolle Minze, und der Eingang ist mit t\u00fcrkisfarbenen Pompons verziert.<\/strong><br \/>\nEs bietet Platz f\u00fcr bis zu 3 Kinder<\/p>\n<p><strong>Das Zelt ist perfekt f\u00fcr jeden Jungen Zimmer<\/strong><\/p>\n<h2><strong>Set beinhaltet:<\/strong><\/h2>\n<ul>\n<li>Zelt<\/li>\n<li>4 Stangen aus nat\u00fcrlichem Kiefernholz (Stahl)<\/li>\n<li>Zeltbezug (mit eingen\u00e4hter und aufgereihter Henkel)<\/li>\n<\/ul>\n","protected":false},"excerpt":{"rendered":"<p>Aztekenzelt mit Pompons. Ideal f\u00fcr Kinderzimmer<\/p>\n","protected":false},"featured_media":41422,"comment_status":"open","ping_status":"closed","template":"","meta":[],"product_brand":[],"product_cat":[78],"product_tag":[],"class_list":{"0":"post-1614","1":"product","2":"type-product","3":"status-publish","4":"has-post-thumbnail","6":"product_cat-tipi-zelt","8":"first","9":"instock","10":"taxable","11":"shipping-taxable","12":"product-type-simple"},"yoast_head":"<!-- This site is optimized with the Yoast SEO plugin v27.0 - https:\/\/yoast.com\/product\/yoast-seo-wordpress\/ -->\n<title>Spielzelt Tipi Indisches Kinderzelt f\u00fcr Jungen Indian - Cozydots.com<\/title>\n<meta name=\"description\" content=\"Aztekenzelt mit Pompons. Ideal f\u00fcr Kinderzimmer\" \/>\n<meta name=\"robots\" content=\"index, follow, max-snippet:-1, max-image-preview:large, max-video-preview:-1\" \/>\n<link rel=\"canonical\" href=\"https:\/\/cozydots.com\/de\/produkt\/spielzelt-tipi-indisches-kinderzelt-fuer-jungen-indian\/\" \/>\n<meta property=\"og:locale\" content=\"de_DE\" \/>\n<meta property=\"og:type\" content=\"article\" \/>\n<meta property=\"og:title\" content=\"Spielzelt Tipi Indisches Kinderzelt f\u00fcr Jungen Indian - Cozydots.com\" \/>\n<meta property=\"og:description\" content=\"Aztekenzelt mit Pompons. Ideal f\u00fcr Kinderzimmer\" \/>\n<meta property=\"og:url\" content=\"https:\/\/cozydots.com\/de\/produkt\/spielzelt-tipi-indisches-kinderzelt-fuer-jungen-indian\/\" \/>\n<meta property=\"og:site_name\" content=\"Cozydots.com\" \/>\n<meta property=\"article:modified_time\" content=\"2023-02-08T10:58:15+00:00\" \/>\n<meta property=\"og:image\" content=\"https:\/\/cozydots.com\/wp-content\/uploads\/2021\/11\/pp-1408.jpg\" \/>\n\t<meta property=\"og:image:width\" content=\"1200\" \/>\n\t<meta property=\"og:image:height\" content=\"1200\" \/>\n\t<meta property=\"og:image:type\" content=\"image\/jpeg\" \/>\n<meta name=\"twitter:card\" content=\"summary_large_image\" \/>\n<meta name=\"twitter:label1\" content=\"Gesch\u00e4tzte Lesezeit\" \/>\n\t<meta name=\"twitter:data1\" content=\"1\u00a0Minute\" \/>\n<script type=\"application\/ld+json\" class=\"yoast-schema-graph\">{\"@context\":\"https:\/\/schema.org\",\"@graph\":[{\"@type\":\"WebPage\",\"@id\":\"https:\/\/cozydots.com\/de\/produkt\/spielzelt-tipi-indisches-kinderzelt-fuer-jungen-indian\/\",\"url\":\"https:\/\/cozydots.com\/de\/produkt\/spielzelt-tipi-indisches-kinderzelt-fuer-jungen-indian\/\",\"name\":\"Spielzelt Tipi Indisches Kinderzelt f\u00fcr Jungen Indian - Cozydots.com\",\"isPartOf\":{\"@id\":\"https:\/\/cozydots.com\/de\/#website\"},\"primaryImageOfPage\":{\"@id\":\"https:\/\/cozydots.com\/de\/produkt\/spielzelt-tipi-indisches-kinderzelt-fuer-jungen-indian\/#primaryimage\"},\"image\":{\"@id\":\"https:\/\/cozydots.com\/de\/produkt\/spielzelt-tipi-indisches-kinderzelt-fuer-jungen-indian\/#primaryimage\"},\"thumbnailUrl\":\"https:\/\/cozydots.com\/wp-content\/uploads\/2021\/11\/pp-1408.jpg\",\"datePublished\":\"2017-08-13T13:37:55+00:00\",\"dateModified\":\"2023-02-08T10:58:15+00:00\",\"description\":\"Aztekenzelt mit Pompons. Ideal f\u00fcr Kinderzimmer\",\"breadcrumb\":{\"@id\":\"https:\/\/cozydots.com\/de\/produkt\/spielzelt-tipi-indisches-kinderzelt-fuer-jungen-indian\/#breadcrumb\"},\"inLanguage\":\"de\",\"potentialAction\":[{\"@type\":\"ReadAction\",\"target\":[\"https:\/\/cozydots.com\/de\/produkt\/spielzelt-tipi-indisches-kinderzelt-fuer-jungen-indian\/\"]}]},{\"@type\":\"ImageObject\",\"inLanguage\":\"de\",\"@id\":\"https:\/\/cozydots.com\/de\/produkt\/spielzelt-tipi-indisches-kinderzelt-fuer-jungen-indian\/#primaryimage\",\"url\":\"https:\/\/cozydots.com\/wp-content\/uploads\/2021\/11\/pp-1408.jpg\",\"contentUrl\":\"https:\/\/cozydots.com\/wp-content\/uploads\/2021\/11\/pp-1408.jpg\",\"width\":1200,\"height\":1200},{\"@type\":\"BreadcrumbList\",\"@id\":\"https:\/\/cozydots.com\/de\/produkt\/spielzelt-tipi-indisches-kinderzelt-fuer-jungen-indian\/#breadcrumb\",\"itemListElement\":[{\"@type\":\"ListItem\",\"position\":1,\"name\":\"Strona g\u0142\u00f3wna\",\"item\":\"https:\/\/cozydots.com\/de\/\"},{\"@type\":\"ListItem\",\"position\":2,\"name\":\"Shop\",\"item\":\"https:\/\/cozydots.com\/de\/shop\/\"},{\"@type\":\"ListItem\",\"position\":3,\"name\":\"Spielzelt Tipi Indisches Kinderzelt f\u00fcr Jungen Indian\"}]},{\"@type\":\"WebSite\",\"@id\":\"https:\/\/cozydots.com\/de\/#website\",\"url\":\"https:\/\/cozydots.com\/de\/\",\"name\":\"Cozydots.com\",\"description\":\"Producent namiot\u00f3w Tipi\",\"publisher\":{\"@id\":\"https:\/\/cozydots.com\/de\/#organization\"},\"potentialAction\":[{\"@type\":\"SearchAction\",\"target\":{\"@type\":\"EntryPoint\",\"urlTemplate\":\"https:\/\/cozydots.com\/de\/?s={search_term_string}\"},\"query-input\":{\"@type\":\"PropertyValueSpecification\",\"valueRequired\":true,\"valueName\":\"search_term_string\"}}],\"inLanguage\":\"de\"},{\"@type\":\"Organization\",\"@id\":\"https:\/\/cozydots.com\/de\/#organization\",\"name\":\"Cozydots.com\",\"url\":\"https:\/\/cozydots.com\/de\/\",\"logo\":{\"@type\":\"ImageObject\",\"inLanguage\":\"de\",\"@id\":\"https:\/\/cozydots.com\/de\/#\/schema\/logo\/image\/\",\"url\":\"https:\/\/cozydots.com\/wp-content\/uploads\/2021\/10\/cozyshop_logo.png\",\"contentUrl\":\"https:\/\/cozydots.com\/wp-content\/uploads\/2021\/10\/cozyshop_logo.png\",\"width\":400,\"height\":121,\"caption\":\"Cozydots.com\"},\"image\":{\"@id\":\"https:\/\/cozydots.com\/de\/#\/schema\/logo\/image\/\"}}]}<\/script>\n<!-- \/ Yoast SEO plugin. -->","yoast_head_json":{"title":"Spielzelt Tipi Indisches Kinderzelt f\u00fcr Jungen Indian - Cozydots.com","description":"Aztekenzelt mit Pompons. Ideal f\u00fcr Kinderzimmer","robots":{"index":"index","follow":"follow","max-snippet":"max-snippet:-1","max-image-preview":"max-image-preview:large","max-video-preview":"max-video-preview:-1"},"canonical":"https:\/\/cozydots.com\/de\/produkt\/spielzelt-tipi-indisches-kinderzelt-fuer-jungen-indian\/","og_locale":"de_DE","og_type":"article","og_title":"Spielzelt Tipi Indisches Kinderzelt f\u00fcr Jungen Indian - Cozydots.com","og_description":"Aztekenzelt mit Pompons. Ideal f\u00fcr Kinderzimmer","og_url":"https:\/\/cozydots.com\/de\/produkt\/spielzelt-tipi-indisches-kinderzelt-fuer-jungen-indian\/","og_site_name":"Cozydots.com","article_modified_time":"2023-02-08T10:58:15+00:00","og_image":[{"width":1200,"height":1200,"url":"https:\/\/cozydots.com\/wp-content\/uploads\/2021\/11\/pp-1408.jpg","type":"image\/jpeg"}],"twitter_card":"summary_large_image","twitter_misc":{"Gesch\u00e4tzte Lesezeit":"1\u00a0Minute"},"schema":{"@context":"https:\/\/schema.org","@graph":[{"@type":"WebPage","@id":"https:\/\/cozydots.com\/de\/produkt\/spielzelt-tipi-indisches-kinderzelt-fuer-jungen-indian\/","url":"https:\/\/cozydots.com\/de\/produkt\/spielzelt-tipi-indisches-kinderzelt-fuer-jungen-indian\/","name":"Spielzelt Tipi Indisches Kinderzelt f\u00fcr Jungen Indian - Cozydots.com","isPartOf":{"@id":"https:\/\/cozydots.com\/de\/#website"},"primaryImageOfPage":{"@id":"https:\/\/cozydots.com\/de\/produkt\/spielzelt-tipi-indisches-kinderzelt-fuer-jungen-indian\/#primaryimage"},"image":{"@id":"https:\/\/cozydots.com\/de\/produkt\/spielzelt-tipi-indisches-kinderzelt-fuer-jungen-indian\/#primaryimage"},"thumbnailUrl":"https:\/\/cozydots.com\/wp-content\/uploads\/2021\/11\/pp-1408.jpg","datePublished":"2017-08-13T13:37:55+00:00","dateModified":"2023-02-08T10:58:15+00:00","description":"Aztekenzelt mit Pompons. Ideal f\u00fcr Kinderzimmer","breadcrumb":{"@id":"https:\/\/cozydots.com\/de\/produkt\/spielzelt-tipi-indisches-kinderzelt-fuer-jungen-indian\/#breadcrumb"},"inLanguage":"de","potentialAction":[{"@type":"ReadAction","target":["https:\/\/cozydots.com\/de\/produkt\/spielzelt-tipi-indisches-kinderzelt-fuer-jungen-indian\/"]}]},{"@type":"ImageObject","inLanguage":"de","@id":"https:\/\/cozydots.com\/de\/produkt\/spielzelt-tipi-indisches-kinderzelt-fuer-jungen-indian\/#primaryimage","url":"https:\/\/cozydots.com\/wp-content\/uploads\/2021\/11\/pp-1408.jpg","contentUrl":"https:\/\/cozydots.com\/wp-content\/uploads\/2021\/11\/pp-1408.jpg","width":1200,"height":1200},{"@type":"BreadcrumbList","@id":"https:\/\/cozydots.com\/de\/produkt\/spielzelt-tipi-indisches-kinderzelt-fuer-jungen-indian\/#breadcrumb","itemListElement":[{"@type":"ListItem","position":1,"name":"Strona g\u0142\u00f3wna","item":"https:\/\/cozydots.com\/de\/"},{"@type":"ListItem","position":2,"name":"Shop","item":"https:\/\/cozydots.com\/de\/shop\/"},{"@type":"ListItem","position":3,"name":"Spielzelt Tipi Indisches Kinderzelt f\u00fcr Jungen Indian"}]},{"@type":"WebSite","@id":"https:\/\/cozydots.com\/de\/#website","url":"https:\/\/cozydots.com\/de\/","name":"Cozydots.com","description":"Producent namiot\u00f3w Tipi","publisher":{"@id":"https:\/\/cozydots.com\/de\/#organization"},"potentialAction":[{"@type":"SearchAction","target":{"@type":"EntryPoint","urlTemplate":"https:\/\/cozydots.com\/de\/?s={search_term_string}"},"query-input":{"@type":"PropertyValueSpecification","valueRequired":true,"valueName":"search_term_string"}}],"inLanguage":"de"},{"@type":"Organization","@id":"https:\/\/cozydots.com\/de\/#organization","name":"Cozydots.com","url":"https:\/\/cozydots.com\/de\/","logo":{"@type":"ImageObject","inLanguage":"de","@id":"https:\/\/cozydots.com\/de\/#\/schema\/logo\/image\/","url":"https:\/\/cozydots.com\/wp-content\/uploads\/2021\/10\/cozyshop_logo.png","contentUrl":"https:\/\/cozydots.com\/wp-content\/uploads\/2021\/10\/cozyshop_logo.png","width":400,"height":121,"caption":"Cozydots.com"},"image":{"@id":"https:\/\/cozydots.com\/de\/#\/schema\/logo\/image\/"}}]}},"_links":{"self":[{"href":"https:\/\/cozydots.com\/de\/wp-json\/wp\/v2\/product\/1614","targetHints":{"allow":["GET"]}}],"collection":[{"href":"https:\/\/cozydots.com\/de\/wp-json\/wp\/v2\/product"}],"about":[{"href":"https:\/\/cozydots.com\/de\/wp-json\/wp\/v2\/types\/product"}],"replies":[{"embeddable":true,"href":"https:\/\/cozydots.com\/de\/wp-json\/wp\/v2\/comments?post=1614"}],"wp:featuredmedia":[{"embeddable":true,"href":"https:\/\/cozydots.com\/de\/wp-json\/wp\/v2\/media\/41422"}],"wp:attachment":[{"href":"https:\/\/cozydots.com\/de\/wp-json\/wp\/v2\/media?parent=1614"}],"wp:term":[{"taxonomy":"product_brand","embeddable":true,"href":"https:\/\/cozydots.com\/de\/wp-json\/wp\/v2\/product_brand?post=1614"},{"taxonomy":"product_cat","embeddable":true,"href":"https:\/\/cozydots.com\/de\/wp-json\/wp\/v2\/product_cat?post=1614"},{"taxonomy":"product_tag","embeddable":true,"href":"https:\/\/cozydots.com\/de\/wp-json\/wp\/v2\/product_tag?post=1614"}],"curies":[{"name":"wp","href":"https:\/\/api.w.org\/{rel}","templated":true}]}}