{"id":20111,"date":"2019-06-06T12:54:42","date_gmt":"2019-06-06T10:54:43","guid":{"rendered":"https:\/\/cozydots.com\/?post_type=product&#038;p=20111"},"modified":"2023-07-05T22:32:54","modified_gmt":"2023-07-05T20:32:54","slug":"tipi-zelt-boho-kinderzelt-mit-quasten-set-4-el","status":"publish","type":"product","link":"https:\/\/cozydots.com\/de\/produkt\/tipi-zelt-boho-kinderzelt-mit-quasten-set-4-el\/","title":{"rendered":"Tipi zelt Boho &#8211; Kinderzelt mit Quasten set 4 el."},"content":{"rendered":"<p>Rosa Tipi zelt mit Quasten von Cozyshop, indisches Tipi Boho.<\/p>\n<p>T<strong>ipi zelt Boho f\u00fcr Kinder ist aus starker PREMIUM Baumwolle gefertigt<\/strong>. Das Boho Tipi Zelt ist ein beigegraues Tipi, das mit blauem Unkraut verziert ist, das Boho Tipi Haus wird mit faltbaren Pinienst\u00e4ben und einer Aufbewahrungstasche geliefert.<\/p>\n<p><strong>Alle Gewebeelemente k\u00f6nnen in der Waschmaschine gewaschen werden.<\/strong>\u00a0Alle Modelle werden von uns entworfen und wir garantieren Ihnen, dass Sie ein einzigartiges und hochwertiges Produkt erhalten.<\/p>\n<p>Das Boho-Kit von Cozyshop besteht aus:<\/p>\n<ul>\n<li>rosa Tipi mit Karton\u00fcberzug am Zelt (mit eingen\u00e4htem Griff und Kordelzug)<\/li>\n<li>weiche Matte zum Spielen in rosa Farbe<\/li>\n<li>4 Sticks aus nat\u00fcrlichem Kiefernholz (Rahmen).<\/li>\n<li>tipi stabilizer<\/li>\n<\/ul>\n<p>Dimensions:<\/p>\n<ul>\n<li>H\u00f6he (mit Sticks) im aufgeklappten Zustand: 150 cmH\u00f6he (mit Stangen) im eingeklappten Zustand: 170 cm<\/li>\n<li>Bodenfl\u00e4che: ca. 110\u00d7110 cm<\/li>\n<li>Wigwam in dieser Gr\u00f6\u00dfe bietet Platz f\u00fcr 2-3 Kinder.<\/li>\n<\/ul>\n<p>Es ist leicht und daher leicht zu transportieren. Es kann in einer speziellen Tasche mit einem Griff am Set aufbewahrt werden.<\/p>\n<p>Zusammensetzung:<\/p>\n<ul>\n<li>100% Baumwolle. Es hat das Zertifikat und das Zertifikat CE<\/li>\n<\/ul>\n<p>Stoffen europ\u00e4ischer Herkunft. Das Zelt wird in Polen hergestellt.<\/p>\n<p>Pflegemethode:<\/p>\n<ul>\n<li>Kann in der Waschmaschine bei 40\u00b0C gewaschen werden,<\/li>\n<li>Zentrifugation \u2013 800 U\/min<\/li>\n<li>Nicht chemisch waschen<\/li>\n<li>Nicht bleichen<\/li>\n<\/ul>\n<p>Zeit der Auftragsabwicklung: 2-3 Werktage + Lieferzeit.<\/p>\n","protected":false},"excerpt":{"rendered":"<p id=\"tw-target-text\" class=\"tw-data-text tw-ta tw-text-small\" dir=\"ltr\" data-placeholder=\"T\u0142umaczenie\"><span lang=\"de\">Rosa Tipizelt zum Spielen, verziert mit silbernen Quasten. Tipi mit Fenster und Tasche f\u00fcr Spielzeug.<\/span><\/p>\n","protected":false},"featured_media":41436,"comment_status":"open","ping_status":"closed","template":"","meta":[],"product_brand":[],"product_cat":[78,1087],"product_tag":[],"class_list":{"0":"post-20111","1":"product","2":"type-product","3":"status-publish","4":"has-post-thumbnail","6":"product_cat-tipi-zelt","7":"product_cat-sale","9":"first","10":"instock","11":"sale","12":"taxable","13":"shipping-taxable","14":"product-type-simple"},"yoast_head":"<!-- This site is optimized with the Yoast SEO plugin v27.0 - https:\/\/yoast.com\/product\/yoast-seo-wordpress\/ -->\n<title>Tipi zelt Boho - Kinderzelt mit Quasten set 4 el. - Cozydots.com<\/title>\n<meta name=\"description\" content=\"Rosa Tipizelt zum Spielen, verziert mit silbernen Quasten. Tipi mit Fenster und Tasche f\u00fcr Spielzeug.\" \/>\n<meta name=\"robots\" content=\"index, follow, max-snippet:-1, max-image-preview:large, max-video-preview:-1\" \/>\n<link rel=\"canonical\" href=\"https:\/\/cozydots.com\/de\/produkt\/tipi-zelt-boho-kinderzelt-mit-quasten-set-4-el\/\" \/>\n<meta property=\"og:locale\" content=\"de_DE\" \/>\n<meta property=\"og:type\" content=\"article\" \/>\n<meta property=\"og:title\" content=\"Tipi zelt Boho - Kinderzelt mit Quasten set 4 el. - Cozydots.com\" \/>\n<meta property=\"og:description\" content=\"Rosa Tipizelt zum Spielen, verziert mit silbernen Quasten. Tipi mit Fenster und Tasche f\u00fcr Spielzeug.\" \/>\n<meta property=\"og:url\" content=\"https:\/\/cozydots.com\/de\/produkt\/tipi-zelt-boho-kinderzelt-mit-quasten-set-4-el\/\" \/>\n<meta property=\"og:site_name\" content=\"Cozydots.com\" \/>\n<meta property=\"article:modified_time\" content=\"2023-07-05T20:32:54+00:00\" \/>\n<meta property=\"og:image\" content=\"https:\/\/cozydots.com\/wp-content\/uploads\/2021\/11\/pp-1413.jpg\" \/>\n\t<meta property=\"og:image:width\" content=\"1200\" \/>\n\t<meta property=\"og:image:height\" content=\"1200\" \/>\n\t<meta property=\"og:image:type\" content=\"image\/jpeg\" \/>\n<meta name=\"twitter:card\" content=\"summary_large_image\" \/>\n<meta name=\"twitter:label1\" content=\"Gesch\u00e4tzte Lesezeit\" \/>\n\t<meta name=\"twitter:data1\" content=\"2\u00a0Minuten\" \/>\n<script type=\"application\/ld+json\" class=\"yoast-schema-graph\">{\"@context\":\"https:\/\/schema.org\",\"@graph\":[{\"@type\":\"WebPage\",\"@id\":\"https:\/\/cozydots.com\/de\/produkt\/tipi-zelt-boho-kinderzelt-mit-quasten-set-4-el\/\",\"url\":\"https:\/\/cozydots.com\/de\/produkt\/tipi-zelt-boho-kinderzelt-mit-quasten-set-4-el\/\",\"name\":\"Tipi zelt Boho - Kinderzelt mit Quasten set 4 el. - Cozydots.com\",\"isPartOf\":{\"@id\":\"https:\/\/cozydots.com\/de\/#website\"},\"primaryImageOfPage\":{\"@id\":\"https:\/\/cozydots.com\/de\/produkt\/tipi-zelt-boho-kinderzelt-mit-quasten-set-4-el\/#primaryimage\"},\"image\":{\"@id\":\"https:\/\/cozydots.com\/de\/produkt\/tipi-zelt-boho-kinderzelt-mit-quasten-set-4-el\/#primaryimage\"},\"thumbnailUrl\":\"https:\/\/cozydots.com\/wp-content\/uploads\/2021\/11\/pp-1413.jpg\",\"datePublished\":\"2019-06-06T10:54:43+00:00\",\"dateModified\":\"2023-07-05T20:32:54+00:00\",\"description\":\"Rosa Tipizelt zum Spielen, verziert mit silbernen Quasten. Tipi mit Fenster und Tasche f\u00fcr Spielzeug.\",\"breadcrumb\":{\"@id\":\"https:\/\/cozydots.com\/de\/produkt\/tipi-zelt-boho-kinderzelt-mit-quasten-set-4-el\/#breadcrumb\"},\"inLanguage\":\"de\",\"potentialAction\":[{\"@type\":\"ReadAction\",\"target\":[\"https:\/\/cozydots.com\/de\/produkt\/tipi-zelt-boho-kinderzelt-mit-quasten-set-4-el\/\"]}]},{\"@type\":\"ImageObject\",\"inLanguage\":\"de\",\"@id\":\"https:\/\/cozydots.com\/de\/produkt\/tipi-zelt-boho-kinderzelt-mit-quasten-set-4-el\/#primaryimage\",\"url\":\"https:\/\/cozydots.com\/wp-content\/uploads\/2021\/11\/pp-1413.jpg\",\"contentUrl\":\"https:\/\/cozydots.com\/wp-content\/uploads\/2021\/11\/pp-1413.jpg\",\"width\":1200,\"height\":1200},{\"@type\":\"BreadcrumbList\",\"@id\":\"https:\/\/cozydots.com\/de\/produkt\/tipi-zelt-boho-kinderzelt-mit-quasten-set-4-el\/#breadcrumb\",\"itemListElement\":[{\"@type\":\"ListItem\",\"position\":1,\"name\":\"Strona g\u0142\u00f3wna\",\"item\":\"https:\/\/cozydots.com\/de\/\"},{\"@type\":\"ListItem\",\"position\":2,\"name\":\"Shop\",\"item\":\"https:\/\/cozydots.com\/de\/shop\/\"},{\"@type\":\"ListItem\",\"position\":3,\"name\":\"Tipi zelt Boho &#8211; Kinderzelt mit Quasten set 4 el.\"}]},{\"@type\":\"WebSite\",\"@id\":\"https:\/\/cozydots.com\/de\/#website\",\"url\":\"https:\/\/cozydots.com\/de\/\",\"name\":\"Cozydots.com\",\"description\":\"Producent namiot\u00f3w Tipi\",\"publisher\":{\"@id\":\"https:\/\/cozydots.com\/de\/#organization\"},\"potentialAction\":[{\"@type\":\"SearchAction\",\"target\":{\"@type\":\"EntryPoint\",\"urlTemplate\":\"https:\/\/cozydots.com\/de\/?s={search_term_string}\"},\"query-input\":{\"@type\":\"PropertyValueSpecification\",\"valueRequired\":true,\"valueName\":\"search_term_string\"}}],\"inLanguage\":\"de\"},{\"@type\":\"Organization\",\"@id\":\"https:\/\/cozydots.com\/de\/#organization\",\"name\":\"Cozydots.com\",\"url\":\"https:\/\/cozydots.com\/de\/\",\"logo\":{\"@type\":\"ImageObject\",\"inLanguage\":\"de\",\"@id\":\"https:\/\/cozydots.com\/de\/#\/schema\/logo\/image\/\",\"url\":\"https:\/\/cozydots.com\/wp-content\/uploads\/2021\/10\/cozyshop_logo.png\",\"contentUrl\":\"https:\/\/cozydots.com\/wp-content\/uploads\/2021\/10\/cozyshop_logo.png\",\"width\":400,\"height\":121,\"caption\":\"Cozydots.com\"},\"image\":{\"@id\":\"https:\/\/cozydots.com\/de\/#\/schema\/logo\/image\/\"}}]}<\/script>\n<!-- \/ Yoast SEO plugin. -->","yoast_head_json":{"title":"Tipi zelt Boho - Kinderzelt mit Quasten set 4 el. - Cozydots.com","description":"Rosa Tipizelt zum Spielen, verziert mit silbernen Quasten. Tipi mit Fenster und Tasche f\u00fcr Spielzeug.","robots":{"index":"index","follow":"follow","max-snippet":"max-snippet:-1","max-image-preview":"max-image-preview:large","max-video-preview":"max-video-preview:-1"},"canonical":"https:\/\/cozydots.com\/de\/produkt\/tipi-zelt-boho-kinderzelt-mit-quasten-set-4-el\/","og_locale":"de_DE","og_type":"article","og_title":"Tipi zelt Boho - Kinderzelt mit Quasten set 4 el. - Cozydots.com","og_description":"Rosa Tipizelt zum Spielen, verziert mit silbernen Quasten. Tipi mit Fenster und Tasche f\u00fcr Spielzeug.","og_url":"https:\/\/cozydots.com\/de\/produkt\/tipi-zelt-boho-kinderzelt-mit-quasten-set-4-el\/","og_site_name":"Cozydots.com","article_modified_time":"2023-07-05T20:32:54+00:00","og_image":[{"width":1200,"height":1200,"url":"https:\/\/cozydots.com\/wp-content\/uploads\/2021\/11\/pp-1413.jpg","type":"image\/jpeg"}],"twitter_card":"summary_large_image","twitter_misc":{"Gesch\u00e4tzte Lesezeit":"2\u00a0Minuten"},"schema":{"@context":"https:\/\/schema.org","@graph":[{"@type":"WebPage","@id":"https:\/\/cozydots.com\/de\/produkt\/tipi-zelt-boho-kinderzelt-mit-quasten-set-4-el\/","url":"https:\/\/cozydots.com\/de\/produkt\/tipi-zelt-boho-kinderzelt-mit-quasten-set-4-el\/","name":"Tipi zelt Boho - Kinderzelt mit Quasten set 4 el. - Cozydots.com","isPartOf":{"@id":"https:\/\/cozydots.com\/de\/#website"},"primaryImageOfPage":{"@id":"https:\/\/cozydots.com\/de\/produkt\/tipi-zelt-boho-kinderzelt-mit-quasten-set-4-el\/#primaryimage"},"image":{"@id":"https:\/\/cozydots.com\/de\/produkt\/tipi-zelt-boho-kinderzelt-mit-quasten-set-4-el\/#primaryimage"},"thumbnailUrl":"https:\/\/cozydots.com\/wp-content\/uploads\/2021\/11\/pp-1413.jpg","datePublished":"2019-06-06T10:54:43+00:00","dateModified":"2023-07-05T20:32:54+00:00","description":"Rosa Tipizelt zum Spielen, verziert mit silbernen Quasten. Tipi mit Fenster und Tasche f\u00fcr Spielzeug.","breadcrumb":{"@id":"https:\/\/cozydots.com\/de\/produkt\/tipi-zelt-boho-kinderzelt-mit-quasten-set-4-el\/#breadcrumb"},"inLanguage":"de","potentialAction":[{"@type":"ReadAction","target":["https:\/\/cozydots.com\/de\/produkt\/tipi-zelt-boho-kinderzelt-mit-quasten-set-4-el\/"]}]},{"@type":"ImageObject","inLanguage":"de","@id":"https:\/\/cozydots.com\/de\/produkt\/tipi-zelt-boho-kinderzelt-mit-quasten-set-4-el\/#primaryimage","url":"https:\/\/cozydots.com\/wp-content\/uploads\/2021\/11\/pp-1413.jpg","contentUrl":"https:\/\/cozydots.com\/wp-content\/uploads\/2021\/11\/pp-1413.jpg","width":1200,"height":1200},{"@type":"BreadcrumbList","@id":"https:\/\/cozydots.com\/de\/produkt\/tipi-zelt-boho-kinderzelt-mit-quasten-set-4-el\/#breadcrumb","itemListElement":[{"@type":"ListItem","position":1,"name":"Strona g\u0142\u00f3wna","item":"https:\/\/cozydots.com\/de\/"},{"@type":"ListItem","position":2,"name":"Shop","item":"https:\/\/cozydots.com\/de\/shop\/"},{"@type":"ListItem","position":3,"name":"Tipi zelt Boho &#8211; Kinderzelt mit Quasten set 4 el."}]},{"@type":"WebSite","@id":"https:\/\/cozydots.com\/de\/#website","url":"https:\/\/cozydots.com\/de\/","name":"Cozydots.com","description":"Producent namiot\u00f3w Tipi","publisher":{"@id":"https:\/\/cozydots.com\/de\/#organization"},"potentialAction":[{"@type":"SearchAction","target":{"@type":"EntryPoint","urlTemplate":"https:\/\/cozydots.com\/de\/?s={search_term_string}"},"query-input":{"@type":"PropertyValueSpecification","valueRequired":true,"valueName":"search_term_string"}}],"inLanguage":"de"},{"@type":"Organization","@id":"https:\/\/cozydots.com\/de\/#organization","name":"Cozydots.com","url":"https:\/\/cozydots.com\/de\/","logo":{"@type":"ImageObject","inLanguage":"de","@id":"https:\/\/cozydots.com\/de\/#\/schema\/logo\/image\/","url":"https:\/\/cozydots.com\/wp-content\/uploads\/2021\/10\/cozyshop_logo.png","contentUrl":"https:\/\/cozydots.com\/wp-content\/uploads\/2021\/10\/cozyshop_logo.png","width":400,"height":121,"caption":"Cozydots.com"},"image":{"@id":"https:\/\/cozydots.com\/de\/#\/schema\/logo\/image\/"}}]}},"_links":{"self":[{"href":"https:\/\/cozydots.com\/de\/wp-json\/wp\/v2\/product\/20111","targetHints":{"allow":["GET"]}}],"collection":[{"href":"https:\/\/cozydots.com\/de\/wp-json\/wp\/v2\/product"}],"about":[{"href":"https:\/\/cozydots.com\/de\/wp-json\/wp\/v2\/types\/product"}],"replies":[{"embeddable":true,"href":"https:\/\/cozydots.com\/de\/wp-json\/wp\/v2\/comments?post=20111"}],"wp:featuredmedia":[{"embeddable":true,"href":"https:\/\/cozydots.com\/de\/wp-json\/wp\/v2\/media\/41436"}],"wp:attachment":[{"href":"https:\/\/cozydots.com\/de\/wp-json\/wp\/v2\/media?parent=20111"}],"wp:term":[{"taxonomy":"product_brand","embeddable":true,"href":"https:\/\/cozydots.com\/de\/wp-json\/wp\/v2\/product_brand?post=20111"},{"taxonomy":"product_cat","embeddable":true,"href":"https:\/\/cozydots.com\/de\/wp-json\/wp\/v2\/product_cat?post=20111"},{"taxonomy":"product_tag","embeddable":true,"href":"https:\/\/cozydots.com\/de\/wp-json\/wp\/v2\/product_tag?post=20111"}],"curies":[{"name":"wp","href":"https:\/\/api.w.org\/{rel}","templated":true}]}}