{"id":3095,"date":"2017-10-20T11:15:32","date_gmt":"2017-10-20T09:15:30","guid":{"rendered":"https:\/\/cozydots.com\/?post_type=product&#038;p=3095"},"modified":"2023-02-08T11:58:15","modified_gmt":"2023-02-08T10:58:15","slug":"kit-kinderzelt-black-white-tipi-fuer-jungen","status":"publish","type":"product","link":"https:\/\/cozydots.com\/de\/produkt\/kit-kinderzelt-black-white-tipi-fuer-jungen\/","title":{"rendered":"Kinderzelt Stripes, tipi f\u00fcr Jungen &#8211; kit Kissen und Matte"},"content":{"rendered":"<p>Indian Tipi ist ein einzigartiger Ort, um unter freiem Himmel und zu Hause zu spielen. Ein Kinderzelt ist ein guter Platz zum Ausruhen und Leseecke f\u00fcr B\u00fccher. Kinder-Tipi ist ein modisches Gestaltungselement eines Kinderzimmers.<\/p>\n<p>Black&amp;White Tipizelt ist aus strapazierf\u00e4higem Canvas und Baumwolle in schwarz-wei\u00dfen Streifen gefertigt. Der Eingang zum Wigwam ist mit einem schwarzen Band. \u00a0Zus\u00e4tzlich sind zwei Kissen, eine Stabilizer und eine warme Matte im Set enthalten. Das Kinder Zelt hat eine Zeltfach f\u00fcr Spielzeug und ein Rollladenfenster, alle Stoffteile k\u00f6nnen in der Waschmaschine gewaschen werden. Das Kinderzelt l\u00e4sst sich leicht zusammenfalten und nimmt wenig Platz in Anspruch.<\/p>\n<p>Indische Tipi werden nach der handwerklichen Methode hergestellt, hergestellt aus kindersicheren Stoffen europ\u00e4ischer Herkunft und in gepr\u00fcfter Qualit\u00e4t. Alle Modelle sind von uns entworfen und wir geben Ihnen die Garantie, dass Sie ein einzigartiges Produkt von bester Qualit\u00e4t erhalten.<\/p>\n<h2>Das Stripes Cozy Tipi-Kit ist im Lieferumfang enthalten:<\/h2>\n<ul>\n<li>tipi zelt<\/li>\n<li>wei\u00dfe, warme Matte f\u00fcr Spa\u00df<\/li>\n<li>zwei Kissen, sternf\u00f6rmig<\/li>\n<li>stabilizer<\/li>\n<li>4 Stangen aus nat\u00fcrlichem Kiefernholz (Rahmen).<\/li>\n<\/ul>\n<p>Wigwam kann auch ohne Matten und Kissen gekauft werden.<\/p>\n<p>&nbsp;<\/p>\n","protected":false},"excerpt":{"rendered":"<p>Gestreiftes Zelt mit Matte, zwei Kissen und einem Stabilisator. Hochwertige Stoffe, in Europa gen\u00e4ht.<\/p>\n","protected":false},"featured_media":41282,"comment_status":"open","ping_status":"closed","template":"","meta":[],"product_brand":[],"product_cat":[78],"product_tag":[],"class_list":{"0":"post-3095","1":"product","2":"type-product","3":"status-publish","4":"has-post-thumbnail","6":"product_cat-tipi-zelt","8":"first","9":"instock","10":"sale","11":"taxable","12":"shipping-taxable","13":"product-type-simple"},"yoast_head":"<!-- This site is optimized with the Yoast SEO plugin v27.0 - https:\/\/yoast.com\/product\/yoast-seo-wordpress\/ -->\n<title>Kinderzelt Stripes, tipi f\u00fcr Jungen - kit Kissen und Matte - Cozydots.com<\/title>\n<meta name=\"description\" content=\"Gestreiftes Zelt mit Matte, zwei Kissen und einem Stabilisator. Hochwertige Stoffe, in Europa gen\u00e4ht.\" \/>\n<meta name=\"robots\" content=\"index, follow, max-snippet:-1, max-image-preview:large, max-video-preview:-1\" \/>\n<link rel=\"canonical\" href=\"https:\/\/cozydots.com\/de\/produkt\/kit-kinderzelt-black-white-tipi-fuer-jungen\/\" \/>\n<meta property=\"og:locale\" content=\"de_DE\" \/>\n<meta property=\"og:type\" content=\"article\" \/>\n<meta property=\"og:title\" content=\"Kinderzelt Stripes, tipi f\u00fcr Jungen - kit Kissen und Matte - Cozydots.com\" \/>\n<meta property=\"og:description\" content=\"Gestreiftes Zelt mit Matte, zwei Kissen und einem Stabilisator. Hochwertige Stoffe, in Europa gen\u00e4ht.\" \/>\n<meta property=\"og:url\" content=\"https:\/\/cozydots.com\/de\/produkt\/kit-kinderzelt-black-white-tipi-fuer-jungen\/\" \/>\n<meta property=\"og:site_name\" content=\"Cozydots.com\" \/>\n<meta property=\"article:modified_time\" content=\"2023-02-08T10:58:15+00:00\" \/>\n<meta property=\"og:image\" content=\"https:\/\/cozydots.com\/wp-content\/uploads\/2021\/11\/pp-1248.jpg\" \/>\n\t<meta property=\"og:image:width\" content=\"1200\" \/>\n\t<meta property=\"og:image:height\" content=\"1200\" \/>\n\t<meta property=\"og:image:type\" content=\"image\/jpeg\" \/>\n<meta name=\"twitter:card\" content=\"summary_large_image\" \/>\n<meta name=\"twitter:label1\" content=\"Gesch\u00e4tzte Lesezeit\" \/>\n\t<meta name=\"twitter:data1\" content=\"1\u00a0Minute\" \/>\n<script type=\"application\/ld+json\" class=\"yoast-schema-graph\">{\"@context\":\"https:\/\/schema.org\",\"@graph\":[{\"@type\":\"WebPage\",\"@id\":\"https:\/\/cozydots.com\/de\/produkt\/kit-kinderzelt-black-white-tipi-fuer-jungen\/\",\"url\":\"https:\/\/cozydots.com\/de\/produkt\/kit-kinderzelt-black-white-tipi-fuer-jungen\/\",\"name\":\"Kinderzelt Stripes, tipi f\u00fcr Jungen - kit Kissen und Matte - Cozydots.com\",\"isPartOf\":{\"@id\":\"https:\/\/cozydots.com\/de\/#website\"},\"primaryImageOfPage\":{\"@id\":\"https:\/\/cozydots.com\/de\/produkt\/kit-kinderzelt-black-white-tipi-fuer-jungen\/#primaryimage\"},\"image\":{\"@id\":\"https:\/\/cozydots.com\/de\/produkt\/kit-kinderzelt-black-white-tipi-fuer-jungen\/#primaryimage\"},\"thumbnailUrl\":\"https:\/\/cozydots.com\/wp-content\/uploads\/2021\/11\/pp-1248.jpg\",\"datePublished\":\"2017-10-20T09:15:30+00:00\",\"dateModified\":\"2023-02-08T10:58:15+00:00\",\"description\":\"Gestreiftes Zelt mit Matte, zwei Kissen und einem Stabilisator. Hochwertige Stoffe, in Europa gen\u00e4ht.\",\"breadcrumb\":{\"@id\":\"https:\/\/cozydots.com\/de\/produkt\/kit-kinderzelt-black-white-tipi-fuer-jungen\/#breadcrumb\"},\"inLanguage\":\"de\",\"potentialAction\":[{\"@type\":\"ReadAction\",\"target\":[\"https:\/\/cozydots.com\/de\/produkt\/kit-kinderzelt-black-white-tipi-fuer-jungen\/\"]}]},{\"@type\":\"ImageObject\",\"inLanguage\":\"de\",\"@id\":\"https:\/\/cozydots.com\/de\/produkt\/kit-kinderzelt-black-white-tipi-fuer-jungen\/#primaryimage\",\"url\":\"https:\/\/cozydots.com\/wp-content\/uploads\/2021\/11\/pp-1248.jpg\",\"contentUrl\":\"https:\/\/cozydots.com\/wp-content\/uploads\/2021\/11\/pp-1248.jpg\",\"width\":1200,\"height\":1200,\"caption\":\"tipi tent cozydozy\"},{\"@type\":\"BreadcrumbList\",\"@id\":\"https:\/\/cozydots.com\/de\/produkt\/kit-kinderzelt-black-white-tipi-fuer-jungen\/#breadcrumb\",\"itemListElement\":[{\"@type\":\"ListItem\",\"position\":1,\"name\":\"Strona g\u0142\u00f3wna\",\"item\":\"https:\/\/cozydots.com\/de\/\"},{\"@type\":\"ListItem\",\"position\":2,\"name\":\"Shop\",\"item\":\"https:\/\/cozydots.com\/de\/shop\/\"},{\"@type\":\"ListItem\",\"position\":3,\"name\":\"Kinderzelt Stripes, tipi f\u00fcr Jungen &#8211; kit Kissen und Matte\"}]},{\"@type\":\"WebSite\",\"@id\":\"https:\/\/cozydots.com\/de\/#website\",\"url\":\"https:\/\/cozydots.com\/de\/\",\"name\":\"Cozydots.com\",\"description\":\"Producent namiot\u00f3w Tipi\",\"publisher\":{\"@id\":\"https:\/\/cozydots.com\/de\/#organization\"},\"potentialAction\":[{\"@type\":\"SearchAction\",\"target\":{\"@type\":\"EntryPoint\",\"urlTemplate\":\"https:\/\/cozydots.com\/de\/?s={search_term_string}\"},\"query-input\":{\"@type\":\"PropertyValueSpecification\",\"valueRequired\":true,\"valueName\":\"search_term_string\"}}],\"inLanguage\":\"de\"},{\"@type\":\"Organization\",\"@id\":\"https:\/\/cozydots.com\/de\/#organization\",\"name\":\"Cozydots.com\",\"url\":\"https:\/\/cozydots.com\/de\/\",\"logo\":{\"@type\":\"ImageObject\",\"inLanguage\":\"de\",\"@id\":\"https:\/\/cozydots.com\/de\/#\/schema\/logo\/image\/\",\"url\":\"https:\/\/cozydots.com\/wp-content\/uploads\/2021\/10\/cozyshop_logo.png\",\"contentUrl\":\"https:\/\/cozydots.com\/wp-content\/uploads\/2021\/10\/cozyshop_logo.png\",\"width\":400,\"height\":121,\"caption\":\"Cozydots.com\"},\"image\":{\"@id\":\"https:\/\/cozydots.com\/de\/#\/schema\/logo\/image\/\"}}]}<\/script>\n<!-- \/ Yoast SEO plugin. -->","yoast_head_json":{"title":"Kinderzelt Stripes, tipi f\u00fcr Jungen - kit Kissen und Matte - Cozydots.com","description":"Gestreiftes Zelt mit Matte, zwei Kissen und einem Stabilisator. Hochwertige Stoffe, in Europa gen\u00e4ht.","robots":{"index":"index","follow":"follow","max-snippet":"max-snippet:-1","max-image-preview":"max-image-preview:large","max-video-preview":"max-video-preview:-1"},"canonical":"https:\/\/cozydots.com\/de\/produkt\/kit-kinderzelt-black-white-tipi-fuer-jungen\/","og_locale":"de_DE","og_type":"article","og_title":"Kinderzelt Stripes, tipi f\u00fcr Jungen - kit Kissen und Matte - Cozydots.com","og_description":"Gestreiftes Zelt mit Matte, zwei Kissen und einem Stabilisator. Hochwertige Stoffe, in Europa gen\u00e4ht.","og_url":"https:\/\/cozydots.com\/de\/produkt\/kit-kinderzelt-black-white-tipi-fuer-jungen\/","og_site_name":"Cozydots.com","article_modified_time":"2023-02-08T10:58:15+00:00","og_image":[{"width":1200,"height":1200,"url":"https:\/\/cozydots.com\/wp-content\/uploads\/2021\/11\/pp-1248.jpg","type":"image\/jpeg"}],"twitter_card":"summary_large_image","twitter_misc":{"Gesch\u00e4tzte Lesezeit":"1\u00a0Minute"},"schema":{"@context":"https:\/\/schema.org","@graph":[{"@type":"WebPage","@id":"https:\/\/cozydots.com\/de\/produkt\/kit-kinderzelt-black-white-tipi-fuer-jungen\/","url":"https:\/\/cozydots.com\/de\/produkt\/kit-kinderzelt-black-white-tipi-fuer-jungen\/","name":"Kinderzelt Stripes, tipi f\u00fcr Jungen - kit Kissen und Matte - Cozydots.com","isPartOf":{"@id":"https:\/\/cozydots.com\/de\/#website"},"primaryImageOfPage":{"@id":"https:\/\/cozydots.com\/de\/produkt\/kit-kinderzelt-black-white-tipi-fuer-jungen\/#primaryimage"},"image":{"@id":"https:\/\/cozydots.com\/de\/produkt\/kit-kinderzelt-black-white-tipi-fuer-jungen\/#primaryimage"},"thumbnailUrl":"https:\/\/cozydots.com\/wp-content\/uploads\/2021\/11\/pp-1248.jpg","datePublished":"2017-10-20T09:15:30+00:00","dateModified":"2023-02-08T10:58:15+00:00","description":"Gestreiftes Zelt mit Matte, zwei Kissen und einem Stabilisator. Hochwertige Stoffe, in Europa gen\u00e4ht.","breadcrumb":{"@id":"https:\/\/cozydots.com\/de\/produkt\/kit-kinderzelt-black-white-tipi-fuer-jungen\/#breadcrumb"},"inLanguage":"de","potentialAction":[{"@type":"ReadAction","target":["https:\/\/cozydots.com\/de\/produkt\/kit-kinderzelt-black-white-tipi-fuer-jungen\/"]}]},{"@type":"ImageObject","inLanguage":"de","@id":"https:\/\/cozydots.com\/de\/produkt\/kit-kinderzelt-black-white-tipi-fuer-jungen\/#primaryimage","url":"https:\/\/cozydots.com\/wp-content\/uploads\/2021\/11\/pp-1248.jpg","contentUrl":"https:\/\/cozydots.com\/wp-content\/uploads\/2021\/11\/pp-1248.jpg","width":1200,"height":1200,"caption":"tipi tent cozydozy"},{"@type":"BreadcrumbList","@id":"https:\/\/cozydots.com\/de\/produkt\/kit-kinderzelt-black-white-tipi-fuer-jungen\/#breadcrumb","itemListElement":[{"@type":"ListItem","position":1,"name":"Strona g\u0142\u00f3wna","item":"https:\/\/cozydots.com\/de\/"},{"@type":"ListItem","position":2,"name":"Shop","item":"https:\/\/cozydots.com\/de\/shop\/"},{"@type":"ListItem","position":3,"name":"Kinderzelt Stripes, tipi f\u00fcr Jungen &#8211; kit Kissen und Matte"}]},{"@type":"WebSite","@id":"https:\/\/cozydots.com\/de\/#website","url":"https:\/\/cozydots.com\/de\/","name":"Cozydots.com","description":"Producent namiot\u00f3w Tipi","publisher":{"@id":"https:\/\/cozydots.com\/de\/#organization"},"potentialAction":[{"@type":"SearchAction","target":{"@type":"EntryPoint","urlTemplate":"https:\/\/cozydots.com\/de\/?s={search_term_string}"},"query-input":{"@type":"PropertyValueSpecification","valueRequired":true,"valueName":"search_term_string"}}],"inLanguage":"de"},{"@type":"Organization","@id":"https:\/\/cozydots.com\/de\/#organization","name":"Cozydots.com","url":"https:\/\/cozydots.com\/de\/","logo":{"@type":"ImageObject","inLanguage":"de","@id":"https:\/\/cozydots.com\/de\/#\/schema\/logo\/image\/","url":"https:\/\/cozydots.com\/wp-content\/uploads\/2021\/10\/cozyshop_logo.png","contentUrl":"https:\/\/cozydots.com\/wp-content\/uploads\/2021\/10\/cozyshop_logo.png","width":400,"height":121,"caption":"Cozydots.com"},"image":{"@id":"https:\/\/cozydots.com\/de\/#\/schema\/logo\/image\/"}}]}},"_links":{"self":[{"href":"https:\/\/cozydots.com\/de\/wp-json\/wp\/v2\/product\/3095","targetHints":{"allow":["GET"]}}],"collection":[{"href":"https:\/\/cozydots.com\/de\/wp-json\/wp\/v2\/product"}],"about":[{"href":"https:\/\/cozydots.com\/de\/wp-json\/wp\/v2\/types\/product"}],"replies":[{"embeddable":true,"href":"https:\/\/cozydots.com\/de\/wp-json\/wp\/v2\/comments?post=3095"}],"wp:featuredmedia":[{"embeddable":true,"href":"https:\/\/cozydots.com\/de\/wp-json\/wp\/v2\/media\/41282"}],"wp:attachment":[{"href":"https:\/\/cozydots.com\/de\/wp-json\/wp\/v2\/media?parent=3095"}],"wp:term":[{"taxonomy":"product_brand","embeddable":true,"href":"https:\/\/cozydots.com\/de\/wp-json\/wp\/v2\/product_brand?post=3095"},{"taxonomy":"product_cat","embeddable":true,"href":"https:\/\/cozydots.com\/de\/wp-json\/wp\/v2\/product_cat?post=3095"},{"taxonomy":"product_tag","embeddable":true,"href":"https:\/\/cozydots.com\/de\/wp-json\/wp\/v2\/product_tag?post=3095"}],"curies":[{"name":"wp","href":"https:\/\/api.w.org\/{rel}","templated":true}]}}