{"id":33258,"date":"2020-10-21T21:29:57","date_gmt":"2020-10-21T19:29:58","guid":{"rendered":"https:\/\/cozydots.com\/?post_type=product&#038;p=33258"},"modified":"2023-02-08T11:58:18","modified_gmt":"2023-02-08T10:58:18","slug":"kinderzelt-mit-kissen-und-matte-stone","status":"publish","type":"product","link":"https:\/\/cozydots.com\/de\/produkt\/kinderzelt-mit-kissen-und-matte-stone\/","title":{"rendered":"Kinderzelt mit Kissen und Matte &#8211; Stone"},"content":{"rendered":"<p>Das Tipi-Spielzelt aus der Stone-Serie ist ein gem\u00fctlicher Ort, um zu Hause zu spielen. Indischer Tipi von Cozyshop ist ein Garant f\u00fcr viel Spa\u00df und beste Qualit\u00e4t.<\/p>\n<p><strong>Wigwam aus der Stone-Serie ist ein gro\u00dfes Tipi Zelt 110 \u00d7 110 cm mit einer Tasche und einem Fenster aus starker Premium-Baumwolle. Der Eingang zum Zelt ist mit schwarzen Quasten verziert.<\/strong><\/p>\n<p>Das Spielzelt-Set enth\u00e4lt:<\/p>\n<ul>\n<li>Tipi Zelt<\/li>\n<li>Spielmatte (Farbe dunkelgrau)<\/li>\n<li>zwei sternf\u00f6rmige Kissen mit schwarzer Quaste<\/li>\n<li>4 Klappstangen + 4 Metallverbinder<\/li>\n<li>Anweisung<\/li>\n<li>Stabilisator<\/li>\n<\/ul>\n<p>Ma\u00dfe:<\/p>\n<ul>\n<li>H\u00f6he (mit Stangen) nach dem Entfalten: 150 cm<\/li>\n<li>H\u00f6he (mit Stangen) nach dem Falten: 170 cm<\/li>\n<li>Grundfl\u00e4che: ca. 110 \u00d7 110 cm<\/li>\n<\/ul>\n<p>Das Zelt ist f\u00fcr 2-3 Kinder ausgelegt. Der Tipi l\u00e4sst sich leicht zusammenfalten und nimmt nicht viel Platz ein.<\/p>\n<p>Komposition:<\/p>\n<ul>\n<li>100% Baumwolle, CE-Zertifikat<\/li>\n<li>Matten- und Kissenf\u00fcllung: 100% hypoallergener Silikonschaum<\/li>\n<\/ul>\n<p>Alle Stoffe, aus denen unsere Tipi-Zelte hergestellt werden, sind zertifiziert und stammen aus europ\u00e4ischen L\u00e4ndern, sodass sie f\u00fcr Kinder sicher sind. Alle Cozyshop-Artikel werden in Polen entworfen und gen\u00e4ht.<\/p>\n<p>Pflegemethode:<\/p>\n<p><img decoding=\"async\" class=\"alignnone\" title=\"wash 40\" src=\"https:\/\/cozydots.com\/wp-content\/uploads\/2019\/05\/wash40.svg\" alt=\"wash-40\" width=\"40\" \/>Bei 40 \u00b0 waschen &#8211; empfindliches Programm<\/p>\n<p><img decoding=\"async\" class=\"alignnone\" src=\"https:\/\/cozydots.com\/wp-content\/uploads\/2019\/05\/iron-l.svg\" alt=\"iron-L\" width=\"40px\" \/>Bei niedriger Temperatur b\u00fcgeln<\/p>\n<p><img decoding=\"async\" class=\"alignnone\" src=\"https:\/\/cozydots.com\/wp-content\/uploads\/2019\/05\/dryclean-0.svg\" alt=\"dryclean-0\" width=\"40px\" \/>Nicht im Trockner trocknen<\/p>\n<p><img decoding=\"async\" class=\"alignnone\" src=\"https:\/\/cozydots.com\/wp-content\/uploads\/2019\/05\/bleach-0.svg\" alt=\"bleach-0.svg\" width=\"40px\" \/>Nicht chemisch reinigen Nicht chlorieren<\/p>\n<p>ACHTUNG: B\u00fcgeln Sie keine Pompons und Quasten &#8211; sie k\u00f6nnen schmelzen!<\/p>\n","protected":false},"excerpt":{"rendered":"<p>Tipi-Zelt aus starkem Premium-Canvas-Stoff, verziert mit schwarzen Quasten, im Set mit zwei Kissen und einer weichen Matte. Mitgelieferter Stabilisator<\/p>\n","protected":false},"featured_media":41310,"comment_status":"open","ping_status":"closed","template":"","meta":[],"product_brand":[],"product_cat":[78],"product_tag":[],"class_list":{"0":"post-33258","1":"product","2":"type-product","3":"status-publish","4":"has-post-thumbnail","6":"product_cat-tipi-zelt","8":"first","9":"instock","10":"sale","11":"taxable","12":"shipping-taxable","13":"product-type-simple"},"yoast_head":"<!-- This site is optimized with the Yoast SEO plugin v27.0 - https:\/\/yoast.com\/product\/yoast-seo-wordpress\/ -->\n<title>Kinderzelt mit Kissen und Matte - Stone - Cozydots.com<\/title>\n<meta name=\"description\" content=\"Tipi-Zelt aus starkem Premium-Canvas-Stoff, verziert mit schwarzen Quasten, im Set mit zwei Kissen und einer weichen Matte. Mitgelieferter Stabilisator\" \/>\n<meta name=\"robots\" content=\"index, follow, max-snippet:-1, max-image-preview:large, max-video-preview:-1\" \/>\n<link rel=\"canonical\" href=\"https:\/\/cozydots.com\/de\/produkt\/kinderzelt-mit-kissen-und-matte-stone\/\" \/>\n<meta property=\"og:locale\" content=\"de_DE\" \/>\n<meta property=\"og:type\" content=\"article\" \/>\n<meta property=\"og:title\" content=\"Kinderzelt mit Kissen und Matte - Stone - Cozydots.com\" \/>\n<meta property=\"og:description\" content=\"Tipi-Zelt aus starkem Premium-Canvas-Stoff, verziert mit schwarzen Quasten, im Set mit zwei Kissen und einer weichen Matte. Mitgelieferter Stabilisator\" \/>\n<meta property=\"og:url\" content=\"https:\/\/cozydots.com\/de\/produkt\/kinderzelt-mit-kissen-und-matte-stone\/\" \/>\n<meta property=\"og:site_name\" content=\"Cozydots.com\" \/>\n<meta property=\"article:modified_time\" content=\"2023-02-08T10:58:18+00:00\" \/>\n<meta property=\"og:image\" content=\"https:\/\/cozydots.com\/wp-content\/uploads\/2021\/11\/pp-1274.jpg\" \/>\n\t<meta property=\"og:image:width\" content=\"1200\" \/>\n\t<meta property=\"og:image:height\" content=\"1200\" \/>\n\t<meta property=\"og:image:type\" content=\"image\/jpeg\" \/>\n<meta name=\"twitter:card\" content=\"summary_large_image\" \/>\n<meta name=\"twitter:label1\" content=\"Gesch\u00e4tzte Lesezeit\" \/>\n\t<meta name=\"twitter:data1\" content=\"2\u00a0Minuten\" \/>\n<script type=\"application\/ld+json\" class=\"yoast-schema-graph\">{\"@context\":\"https:\/\/schema.org\",\"@graph\":[{\"@type\":\"WebPage\",\"@id\":\"https:\/\/cozydots.com\/de\/produkt\/kinderzelt-mit-kissen-und-matte-stone\/\",\"url\":\"https:\/\/cozydots.com\/de\/produkt\/kinderzelt-mit-kissen-und-matte-stone\/\",\"name\":\"Kinderzelt mit Kissen und Matte - Stone - Cozydots.com\",\"isPartOf\":{\"@id\":\"https:\/\/cozydots.com\/de\/#website\"},\"primaryImageOfPage\":{\"@id\":\"https:\/\/cozydots.com\/de\/produkt\/kinderzelt-mit-kissen-und-matte-stone\/#primaryimage\"},\"image\":{\"@id\":\"https:\/\/cozydots.com\/de\/produkt\/kinderzelt-mit-kissen-und-matte-stone\/#primaryimage\"},\"thumbnailUrl\":\"https:\/\/cozydots.com\/wp-content\/uploads\/2021\/11\/pp-1274.jpg\",\"datePublished\":\"2020-10-21T19:29:58+00:00\",\"dateModified\":\"2023-02-08T10:58:18+00:00\",\"description\":\"Tipi-Zelt aus starkem Premium-Canvas-Stoff, verziert mit schwarzen Quasten, im Set mit zwei Kissen und einer weichen Matte. Mitgelieferter Stabilisator\",\"breadcrumb\":{\"@id\":\"https:\/\/cozydots.com\/de\/produkt\/kinderzelt-mit-kissen-und-matte-stone\/#breadcrumb\"},\"inLanguage\":\"de\",\"potentialAction\":[{\"@type\":\"ReadAction\",\"target\":[\"https:\/\/cozydots.com\/de\/produkt\/kinderzelt-mit-kissen-und-matte-stone\/\"]}]},{\"@type\":\"ImageObject\",\"inLanguage\":\"de\",\"@id\":\"https:\/\/cozydots.com\/de\/produkt\/kinderzelt-mit-kissen-und-matte-stone\/#primaryimage\",\"url\":\"https:\/\/cozydots.com\/wp-content\/uploads\/2021\/11\/pp-1274.jpg\",\"contentUrl\":\"https:\/\/cozydots.com\/wp-content\/uploads\/2021\/11\/pp-1274.jpg\",\"width\":1200,\"height\":1200},{\"@type\":\"BreadcrumbList\",\"@id\":\"https:\/\/cozydots.com\/de\/produkt\/kinderzelt-mit-kissen-und-matte-stone\/#breadcrumb\",\"itemListElement\":[{\"@type\":\"ListItem\",\"position\":1,\"name\":\"Strona g\u0142\u00f3wna\",\"item\":\"https:\/\/cozydots.com\/de\/\"},{\"@type\":\"ListItem\",\"position\":2,\"name\":\"Shop\",\"item\":\"https:\/\/cozydots.com\/de\/shop\/\"},{\"@type\":\"ListItem\",\"position\":3,\"name\":\"Kinderzelt mit Kissen und Matte &#8211; Stone\"}]},{\"@type\":\"WebSite\",\"@id\":\"https:\/\/cozydots.com\/de\/#website\",\"url\":\"https:\/\/cozydots.com\/de\/\",\"name\":\"Cozydots.com\",\"description\":\"Producent namiot\u00f3w Tipi\",\"publisher\":{\"@id\":\"https:\/\/cozydots.com\/de\/#organization\"},\"potentialAction\":[{\"@type\":\"SearchAction\",\"target\":{\"@type\":\"EntryPoint\",\"urlTemplate\":\"https:\/\/cozydots.com\/de\/?s={search_term_string}\"},\"query-input\":{\"@type\":\"PropertyValueSpecification\",\"valueRequired\":true,\"valueName\":\"search_term_string\"}}],\"inLanguage\":\"de\"},{\"@type\":\"Organization\",\"@id\":\"https:\/\/cozydots.com\/de\/#organization\",\"name\":\"Cozydots.com\",\"url\":\"https:\/\/cozydots.com\/de\/\",\"logo\":{\"@type\":\"ImageObject\",\"inLanguage\":\"de\",\"@id\":\"https:\/\/cozydots.com\/de\/#\/schema\/logo\/image\/\",\"url\":\"https:\/\/cozydots.com\/wp-content\/uploads\/2021\/10\/cozyshop_logo.png\",\"contentUrl\":\"https:\/\/cozydots.com\/wp-content\/uploads\/2021\/10\/cozyshop_logo.png\",\"width\":400,\"height\":121,\"caption\":\"Cozydots.com\"},\"image\":{\"@id\":\"https:\/\/cozydots.com\/de\/#\/schema\/logo\/image\/\"}}]}<\/script>\n<!-- \/ Yoast SEO plugin. -->","yoast_head_json":{"title":"Kinderzelt mit Kissen und Matte - Stone - Cozydots.com","description":"Tipi-Zelt aus starkem Premium-Canvas-Stoff, verziert mit schwarzen Quasten, im Set mit zwei Kissen und einer weichen Matte. Mitgelieferter Stabilisator","robots":{"index":"index","follow":"follow","max-snippet":"max-snippet:-1","max-image-preview":"max-image-preview:large","max-video-preview":"max-video-preview:-1"},"canonical":"https:\/\/cozydots.com\/de\/produkt\/kinderzelt-mit-kissen-und-matte-stone\/","og_locale":"de_DE","og_type":"article","og_title":"Kinderzelt mit Kissen und Matte - Stone - Cozydots.com","og_description":"Tipi-Zelt aus starkem Premium-Canvas-Stoff, verziert mit schwarzen Quasten, im Set mit zwei Kissen und einer weichen Matte. Mitgelieferter Stabilisator","og_url":"https:\/\/cozydots.com\/de\/produkt\/kinderzelt-mit-kissen-und-matte-stone\/","og_site_name":"Cozydots.com","article_modified_time":"2023-02-08T10:58:18+00:00","og_image":[{"width":1200,"height":1200,"url":"https:\/\/cozydots.com\/wp-content\/uploads\/2021\/11\/pp-1274.jpg","type":"image\/jpeg"}],"twitter_card":"summary_large_image","twitter_misc":{"Gesch\u00e4tzte Lesezeit":"2\u00a0Minuten"},"schema":{"@context":"https:\/\/schema.org","@graph":[{"@type":"WebPage","@id":"https:\/\/cozydots.com\/de\/produkt\/kinderzelt-mit-kissen-und-matte-stone\/","url":"https:\/\/cozydots.com\/de\/produkt\/kinderzelt-mit-kissen-und-matte-stone\/","name":"Kinderzelt mit Kissen und Matte - Stone - Cozydots.com","isPartOf":{"@id":"https:\/\/cozydots.com\/de\/#website"},"primaryImageOfPage":{"@id":"https:\/\/cozydots.com\/de\/produkt\/kinderzelt-mit-kissen-und-matte-stone\/#primaryimage"},"image":{"@id":"https:\/\/cozydots.com\/de\/produkt\/kinderzelt-mit-kissen-und-matte-stone\/#primaryimage"},"thumbnailUrl":"https:\/\/cozydots.com\/wp-content\/uploads\/2021\/11\/pp-1274.jpg","datePublished":"2020-10-21T19:29:58+00:00","dateModified":"2023-02-08T10:58:18+00:00","description":"Tipi-Zelt aus starkem Premium-Canvas-Stoff, verziert mit schwarzen Quasten, im Set mit zwei Kissen und einer weichen Matte. Mitgelieferter Stabilisator","breadcrumb":{"@id":"https:\/\/cozydots.com\/de\/produkt\/kinderzelt-mit-kissen-und-matte-stone\/#breadcrumb"},"inLanguage":"de","potentialAction":[{"@type":"ReadAction","target":["https:\/\/cozydots.com\/de\/produkt\/kinderzelt-mit-kissen-und-matte-stone\/"]}]},{"@type":"ImageObject","inLanguage":"de","@id":"https:\/\/cozydots.com\/de\/produkt\/kinderzelt-mit-kissen-und-matte-stone\/#primaryimage","url":"https:\/\/cozydots.com\/wp-content\/uploads\/2021\/11\/pp-1274.jpg","contentUrl":"https:\/\/cozydots.com\/wp-content\/uploads\/2021\/11\/pp-1274.jpg","width":1200,"height":1200},{"@type":"BreadcrumbList","@id":"https:\/\/cozydots.com\/de\/produkt\/kinderzelt-mit-kissen-und-matte-stone\/#breadcrumb","itemListElement":[{"@type":"ListItem","position":1,"name":"Strona g\u0142\u00f3wna","item":"https:\/\/cozydots.com\/de\/"},{"@type":"ListItem","position":2,"name":"Shop","item":"https:\/\/cozydots.com\/de\/shop\/"},{"@type":"ListItem","position":3,"name":"Kinderzelt mit Kissen und Matte &#8211; Stone"}]},{"@type":"WebSite","@id":"https:\/\/cozydots.com\/de\/#website","url":"https:\/\/cozydots.com\/de\/","name":"Cozydots.com","description":"Producent namiot\u00f3w Tipi","publisher":{"@id":"https:\/\/cozydots.com\/de\/#organization"},"potentialAction":[{"@type":"SearchAction","target":{"@type":"EntryPoint","urlTemplate":"https:\/\/cozydots.com\/de\/?s={search_term_string}"},"query-input":{"@type":"PropertyValueSpecification","valueRequired":true,"valueName":"search_term_string"}}],"inLanguage":"de"},{"@type":"Organization","@id":"https:\/\/cozydots.com\/de\/#organization","name":"Cozydots.com","url":"https:\/\/cozydots.com\/de\/","logo":{"@type":"ImageObject","inLanguage":"de","@id":"https:\/\/cozydots.com\/de\/#\/schema\/logo\/image\/","url":"https:\/\/cozydots.com\/wp-content\/uploads\/2021\/10\/cozyshop_logo.png","contentUrl":"https:\/\/cozydots.com\/wp-content\/uploads\/2021\/10\/cozyshop_logo.png","width":400,"height":121,"caption":"Cozydots.com"},"image":{"@id":"https:\/\/cozydots.com\/de\/#\/schema\/logo\/image\/"}}]}},"_links":{"self":[{"href":"https:\/\/cozydots.com\/de\/wp-json\/wp\/v2\/product\/33258","targetHints":{"allow":["GET"]}}],"collection":[{"href":"https:\/\/cozydots.com\/de\/wp-json\/wp\/v2\/product"}],"about":[{"href":"https:\/\/cozydots.com\/de\/wp-json\/wp\/v2\/types\/product"}],"replies":[{"embeddable":true,"href":"https:\/\/cozydots.com\/de\/wp-json\/wp\/v2\/comments?post=33258"}],"wp:featuredmedia":[{"embeddable":true,"href":"https:\/\/cozydots.com\/de\/wp-json\/wp\/v2\/media\/41310"}],"wp:attachment":[{"href":"https:\/\/cozydots.com\/de\/wp-json\/wp\/v2\/media?parent=33258"}],"wp:term":[{"taxonomy":"product_brand","embeddable":true,"href":"https:\/\/cozydots.com\/de\/wp-json\/wp\/v2\/product_brand?post=33258"},{"taxonomy":"product_cat","embeddable":true,"href":"https:\/\/cozydots.com\/de\/wp-json\/wp\/v2\/product_cat?post=33258"},{"taxonomy":"product_tag","embeddable":true,"href":"https:\/\/cozydots.com\/de\/wp-json\/wp\/v2\/product_tag?post=33258"}],"curies":[{"name":"wp","href":"https:\/\/api.w.org\/{rel}","templated":true}]}}