{"id":3588,"date":"2017-10-31T13:09:28","date_gmt":"2017-10-31T12:09:29","guid":{"rendered":"https:\/\/cozydots.com\/?post_type=product&#038;p=3588"},"modified":"2023-05-08T10:27:49","modified_gmt":"2023-05-08T08:27:49","slug":"tipi-zelt-stripes-tipi-fuer-jungen","status":"publish","type":"product","link":"https:\/\/cozydots.com\/de\/produkt\/tipi-zelt-stripes-tipi-fuer-jungen\/","title":{"rendered":"Tipi zelt Stripes, tipi f\u00fcr Jungen"},"content":{"rendered":"<p>Indian Tipi ist ein einzigartiger Ort, um unter freiem Himmel und zu Hause zu spielen. Ein Kinderzelt ist ein guter Platz zum Ausruhen und Leseecke f\u00fcr B\u00fccher. Kinder-Tipi ist ein modisches Gestaltungselement eines Kinderzimmers.<\/p>\n<p>Stripes Tipizelt ist aus strapazierf\u00e4higem Canvas und Baumwolle in schwarz-wei\u00dfen Streifen gefertigt. <strong>Der Eingang zum Wigwam ist mit einem schwarzen Band. <\/strong>Das Zelt hat eine Zeltfach f\u00fcr Spielzeug und ein Rollladenfenster, alle Stoffteile k\u00f6nnen in der Waschmaschine gewaschen werden. Das Kinderzelt l\u00e4sst sich leicht zusammenfalten und nimmt wenig Platz in Anspruch.<\/p>\n<p>Indische Tipi werden nach der handwerklichen Methode hergestellt, hergestellt aus kindersicheren Stoffen europ\u00e4ischer Herkunft und in gepr\u00fcfter Qualit\u00e4t. Alle Modelle sind von uns entworfen und wir geben Ihnen die Garantie, dass Sie ein einzigartiges Produkt von bester Qualit\u00e4t erhalten.<\/p>\n<p>Ein Satz Tipis mit einer Matte, Kissen und einer Girlande ist hier erh\u00e4ltlich:<\/p>\n<h2>Das Stripes Cozyshop Tipi-Kit enthalten:<\/h2>\n<ul>\n<li>tipi Zelt<\/li>\n<li>stabilizer<\/li>\n<li>4 Stangen aus nat\u00fcrlichem Kiefernholz (Rahmen).<\/li>\n<\/ul>\n","protected":false},"excerpt":{"rendered":"<p>Indian Tipi ist ein einzigartiger Ort, um unter freiem Himmel und zu Hause zu spielen. Ein Kinderzelt ist ein guter Platz zum Ausruhen und Leseecke f\u00fcr B\u00fccher.<\/p>\n","protected":false},"featured_media":41275,"comment_status":"open","ping_status":"closed","template":"","meta":[],"product_brand":[],"product_cat":[78],"product_tag":[],"class_list":{"0":"post-3588","1":"product","2":"type-product","3":"status-publish","4":"has-post-thumbnail","6":"product_cat-tipi-zelt","8":"first","9":"instock","10":"sale","11":"taxable","12":"shipping-taxable","13":"product-type-simple"},"yoast_head":"<!-- This site is optimized with the Yoast SEO plugin v27.0 - https:\/\/yoast.com\/product\/yoast-seo-wordpress\/ -->\n<title>Tipi zelt Stripes, tipi f\u00fcr Jungen - Cozydots.com<\/title>\n<meta name=\"description\" content=\"Indian Tipi ist ein einzigartiger Ort, um unter freiem Himmel und zu Hause zu spielen. Ein Kinderzelt ist ein guter Platz zum Ausruhen und Leseecke f\u00fcr B\u00fccher.\" \/>\n<meta name=\"robots\" content=\"index, follow, max-snippet:-1, max-image-preview:large, max-video-preview:-1\" \/>\n<link rel=\"canonical\" href=\"https:\/\/cozydots.com\/de\/produkt\/tipi-zelt-stripes-tipi-fuer-jungen\/\" \/>\n<meta property=\"og:locale\" content=\"de_DE\" \/>\n<meta property=\"og:type\" content=\"article\" \/>\n<meta property=\"og:title\" content=\"Tipi zelt Stripes, tipi f\u00fcr Jungen - Cozydots.com\" \/>\n<meta property=\"og:description\" content=\"Indian Tipi ist ein einzigartiger Ort, um unter freiem Himmel und zu Hause zu spielen. Ein Kinderzelt ist ein guter Platz zum Ausruhen und Leseecke f\u00fcr B\u00fccher.\" \/>\n<meta property=\"og:url\" content=\"https:\/\/cozydots.com\/de\/produkt\/tipi-zelt-stripes-tipi-fuer-jungen\/\" \/>\n<meta property=\"og:site_name\" content=\"Cozydots.com\" \/>\n<meta property=\"article:modified_time\" content=\"2023-05-08T08:27:49+00:00\" \/>\n<meta property=\"og:image\" content=\"https:\/\/cozydots.com\/wp-content\/uploads\/2021\/11\/pp-1243.jpg\" \/>\n\t<meta property=\"og:image:width\" content=\"1200\" \/>\n\t<meta property=\"og:image:height\" content=\"1200\" \/>\n\t<meta property=\"og:image:type\" content=\"image\/jpeg\" \/>\n<meta name=\"twitter:card\" content=\"summary_large_image\" \/>\n<meta name=\"twitter:label1\" content=\"Gesch\u00e4tzte Lesezeit\" \/>\n\t<meta name=\"twitter:data1\" content=\"1\u00a0Minute\" \/>\n<script type=\"application\/ld+json\" class=\"yoast-schema-graph\">{\"@context\":\"https:\/\/schema.org\",\"@graph\":[{\"@type\":\"WebPage\",\"@id\":\"https:\/\/cozydots.com\/de\/produkt\/tipi-zelt-stripes-tipi-fuer-jungen\/\",\"url\":\"https:\/\/cozydots.com\/de\/produkt\/tipi-zelt-stripes-tipi-fuer-jungen\/\",\"name\":\"Tipi zelt Stripes, tipi f\u00fcr Jungen - Cozydots.com\",\"isPartOf\":{\"@id\":\"https:\/\/cozydots.com\/de\/#website\"},\"primaryImageOfPage\":{\"@id\":\"https:\/\/cozydots.com\/de\/produkt\/tipi-zelt-stripes-tipi-fuer-jungen\/#primaryimage\"},\"image\":{\"@id\":\"https:\/\/cozydots.com\/de\/produkt\/tipi-zelt-stripes-tipi-fuer-jungen\/#primaryimage\"},\"thumbnailUrl\":\"https:\/\/cozydots.com\/wp-content\/uploads\/2021\/11\/pp-1243.jpg\",\"datePublished\":\"2017-10-31T12:09:29+00:00\",\"dateModified\":\"2023-05-08T08:27:49+00:00\",\"description\":\"Indian Tipi ist ein einzigartiger Ort, um unter freiem Himmel und zu Hause zu spielen. Ein Kinderzelt ist ein guter Platz zum Ausruhen und Leseecke f\u00fcr B\u00fccher.\",\"breadcrumb\":{\"@id\":\"https:\/\/cozydots.com\/de\/produkt\/tipi-zelt-stripes-tipi-fuer-jungen\/#breadcrumb\"},\"inLanguage\":\"de\",\"potentialAction\":[{\"@type\":\"ReadAction\",\"target\":[\"https:\/\/cozydots.com\/de\/produkt\/tipi-zelt-stripes-tipi-fuer-jungen\/\"]}]},{\"@type\":\"ImageObject\",\"inLanguage\":\"de\",\"@id\":\"https:\/\/cozydots.com\/de\/produkt\/tipi-zelt-stripes-tipi-fuer-jungen\/#primaryimage\",\"url\":\"https:\/\/cozydots.com\/wp-content\/uploads\/2021\/11\/pp-1243.jpg\",\"contentUrl\":\"https:\/\/cozydots.com\/wp-content\/uploads\/2021\/11\/pp-1243.jpg\",\"width\":1200,\"height\":1200},{\"@type\":\"BreadcrumbList\",\"@id\":\"https:\/\/cozydots.com\/de\/produkt\/tipi-zelt-stripes-tipi-fuer-jungen\/#breadcrumb\",\"itemListElement\":[{\"@type\":\"ListItem\",\"position\":1,\"name\":\"Strona g\u0142\u00f3wna\",\"item\":\"https:\/\/cozydots.com\/de\/\"},{\"@type\":\"ListItem\",\"position\":2,\"name\":\"Shop\",\"item\":\"https:\/\/cozydots.com\/de\/shop\/\"},{\"@type\":\"ListItem\",\"position\":3,\"name\":\"Tipi zelt Stripes, tipi f\u00fcr Jungen\"}]},{\"@type\":\"WebSite\",\"@id\":\"https:\/\/cozydots.com\/de\/#website\",\"url\":\"https:\/\/cozydots.com\/de\/\",\"name\":\"Cozydots.com\",\"description\":\"Producent namiot\u00f3w Tipi\",\"publisher\":{\"@id\":\"https:\/\/cozydots.com\/de\/#organization\"},\"potentialAction\":[{\"@type\":\"SearchAction\",\"target\":{\"@type\":\"EntryPoint\",\"urlTemplate\":\"https:\/\/cozydots.com\/de\/?s={search_term_string}\"},\"query-input\":{\"@type\":\"PropertyValueSpecification\",\"valueRequired\":true,\"valueName\":\"search_term_string\"}}],\"inLanguage\":\"de\"},{\"@type\":\"Organization\",\"@id\":\"https:\/\/cozydots.com\/de\/#organization\",\"name\":\"Cozydots.com\",\"url\":\"https:\/\/cozydots.com\/de\/\",\"logo\":{\"@type\":\"ImageObject\",\"inLanguage\":\"de\",\"@id\":\"https:\/\/cozydots.com\/de\/#\/schema\/logo\/image\/\",\"url\":\"https:\/\/cozydots.com\/wp-content\/uploads\/2021\/10\/cozyshop_logo.png\",\"contentUrl\":\"https:\/\/cozydots.com\/wp-content\/uploads\/2021\/10\/cozyshop_logo.png\",\"width\":400,\"height\":121,\"caption\":\"Cozydots.com\"},\"image\":{\"@id\":\"https:\/\/cozydots.com\/de\/#\/schema\/logo\/image\/\"}}]}<\/script>\n<!-- \/ Yoast SEO plugin. -->","yoast_head_json":{"title":"Tipi zelt Stripes, tipi f\u00fcr Jungen - Cozydots.com","description":"Indian Tipi ist ein einzigartiger Ort, um unter freiem Himmel und zu Hause zu spielen. Ein Kinderzelt ist ein guter Platz zum Ausruhen und Leseecke f\u00fcr B\u00fccher.","robots":{"index":"index","follow":"follow","max-snippet":"max-snippet:-1","max-image-preview":"max-image-preview:large","max-video-preview":"max-video-preview:-1"},"canonical":"https:\/\/cozydots.com\/de\/produkt\/tipi-zelt-stripes-tipi-fuer-jungen\/","og_locale":"de_DE","og_type":"article","og_title":"Tipi zelt Stripes, tipi f\u00fcr Jungen - Cozydots.com","og_description":"Indian Tipi ist ein einzigartiger Ort, um unter freiem Himmel und zu Hause zu spielen. Ein Kinderzelt ist ein guter Platz zum Ausruhen und Leseecke f\u00fcr B\u00fccher.","og_url":"https:\/\/cozydots.com\/de\/produkt\/tipi-zelt-stripes-tipi-fuer-jungen\/","og_site_name":"Cozydots.com","article_modified_time":"2023-05-08T08:27:49+00:00","og_image":[{"width":1200,"height":1200,"url":"https:\/\/cozydots.com\/wp-content\/uploads\/2021\/11\/pp-1243.jpg","type":"image\/jpeg"}],"twitter_card":"summary_large_image","twitter_misc":{"Gesch\u00e4tzte Lesezeit":"1\u00a0Minute"},"schema":{"@context":"https:\/\/schema.org","@graph":[{"@type":"WebPage","@id":"https:\/\/cozydots.com\/de\/produkt\/tipi-zelt-stripes-tipi-fuer-jungen\/","url":"https:\/\/cozydots.com\/de\/produkt\/tipi-zelt-stripes-tipi-fuer-jungen\/","name":"Tipi zelt Stripes, tipi f\u00fcr Jungen - Cozydots.com","isPartOf":{"@id":"https:\/\/cozydots.com\/de\/#website"},"primaryImageOfPage":{"@id":"https:\/\/cozydots.com\/de\/produkt\/tipi-zelt-stripes-tipi-fuer-jungen\/#primaryimage"},"image":{"@id":"https:\/\/cozydots.com\/de\/produkt\/tipi-zelt-stripes-tipi-fuer-jungen\/#primaryimage"},"thumbnailUrl":"https:\/\/cozydots.com\/wp-content\/uploads\/2021\/11\/pp-1243.jpg","datePublished":"2017-10-31T12:09:29+00:00","dateModified":"2023-05-08T08:27:49+00:00","description":"Indian Tipi ist ein einzigartiger Ort, um unter freiem Himmel und zu Hause zu spielen. Ein Kinderzelt ist ein guter Platz zum Ausruhen und Leseecke f\u00fcr B\u00fccher.","breadcrumb":{"@id":"https:\/\/cozydots.com\/de\/produkt\/tipi-zelt-stripes-tipi-fuer-jungen\/#breadcrumb"},"inLanguage":"de","potentialAction":[{"@type":"ReadAction","target":["https:\/\/cozydots.com\/de\/produkt\/tipi-zelt-stripes-tipi-fuer-jungen\/"]}]},{"@type":"ImageObject","inLanguage":"de","@id":"https:\/\/cozydots.com\/de\/produkt\/tipi-zelt-stripes-tipi-fuer-jungen\/#primaryimage","url":"https:\/\/cozydots.com\/wp-content\/uploads\/2021\/11\/pp-1243.jpg","contentUrl":"https:\/\/cozydots.com\/wp-content\/uploads\/2021\/11\/pp-1243.jpg","width":1200,"height":1200},{"@type":"BreadcrumbList","@id":"https:\/\/cozydots.com\/de\/produkt\/tipi-zelt-stripes-tipi-fuer-jungen\/#breadcrumb","itemListElement":[{"@type":"ListItem","position":1,"name":"Strona g\u0142\u00f3wna","item":"https:\/\/cozydots.com\/de\/"},{"@type":"ListItem","position":2,"name":"Shop","item":"https:\/\/cozydots.com\/de\/shop\/"},{"@type":"ListItem","position":3,"name":"Tipi zelt Stripes, tipi f\u00fcr Jungen"}]},{"@type":"WebSite","@id":"https:\/\/cozydots.com\/de\/#website","url":"https:\/\/cozydots.com\/de\/","name":"Cozydots.com","description":"Producent namiot\u00f3w Tipi","publisher":{"@id":"https:\/\/cozydots.com\/de\/#organization"},"potentialAction":[{"@type":"SearchAction","target":{"@type":"EntryPoint","urlTemplate":"https:\/\/cozydots.com\/de\/?s={search_term_string}"},"query-input":{"@type":"PropertyValueSpecification","valueRequired":true,"valueName":"search_term_string"}}],"inLanguage":"de"},{"@type":"Organization","@id":"https:\/\/cozydots.com\/de\/#organization","name":"Cozydots.com","url":"https:\/\/cozydots.com\/de\/","logo":{"@type":"ImageObject","inLanguage":"de","@id":"https:\/\/cozydots.com\/de\/#\/schema\/logo\/image\/","url":"https:\/\/cozydots.com\/wp-content\/uploads\/2021\/10\/cozyshop_logo.png","contentUrl":"https:\/\/cozydots.com\/wp-content\/uploads\/2021\/10\/cozyshop_logo.png","width":400,"height":121,"caption":"Cozydots.com"},"image":{"@id":"https:\/\/cozydots.com\/de\/#\/schema\/logo\/image\/"}}]}},"_links":{"self":[{"href":"https:\/\/cozydots.com\/de\/wp-json\/wp\/v2\/product\/3588","targetHints":{"allow":["GET"]}}],"collection":[{"href":"https:\/\/cozydots.com\/de\/wp-json\/wp\/v2\/product"}],"about":[{"href":"https:\/\/cozydots.com\/de\/wp-json\/wp\/v2\/types\/product"}],"replies":[{"embeddable":true,"href":"https:\/\/cozydots.com\/de\/wp-json\/wp\/v2\/comments?post=3588"}],"wp:featuredmedia":[{"embeddable":true,"href":"https:\/\/cozydots.com\/de\/wp-json\/wp\/v2\/media\/41275"}],"wp:attachment":[{"href":"https:\/\/cozydots.com\/de\/wp-json\/wp\/v2\/media?parent=3588"}],"wp:term":[{"taxonomy":"product_brand","embeddable":true,"href":"https:\/\/cozydots.com\/de\/wp-json\/wp\/v2\/product_brand?post=3588"},{"taxonomy":"product_cat","embeddable":true,"href":"https:\/\/cozydots.com\/de\/wp-json\/wp\/v2\/product_cat?post=3588"},{"taxonomy":"product_tag","embeddable":true,"href":"https:\/\/cozydots.com\/de\/wp-json\/wp\/v2\/product_tag?post=3588"}],"curies":[{"name":"wp","href":"https:\/\/api.w.org\/{rel}","templated":true}]}}