{"id":38324,"date":"2021-08-02T13:53:32","date_gmt":"2021-08-02T11:53:33","guid":{"rendered":"https:\/\/cozydots.com\/?post_type=product&#038;p=38324"},"modified":"2023-02-08T11:58:19","modified_gmt":"2023-02-08T10:58:19","slug":"tipi-zelt-honey-bee-outdoor-spielzelt-honig","status":"publish","type":"product","link":"https:\/\/cozydots.com\/de\/produkt\/tipi-zelt-honey-bee-outdoor-spielzelt-honig\/","title":{"rendered":"Tipi zelt Honey &#8211; Outdoor Spielzelt Honig"},"content":{"rendered":"<h3>Wasserdichtes Tipi-Zelt zum Spielen. Gartentippi Honig von Cozy.<\/h3>\n<p><strong>Das Garden Tipi-Zelt besteht aus wasserdichtem PREMIUM-Gewebe, wodurch es kein Wasser aufsaugt und zum Spielen im Garten geeignet ist.<\/strong><br \/>\n<strong>Das Au\u00dfenzelt ist leicht sauber zu halten. Das Tipi-Zelt f\u00fcr Kinder hat vier Seiten und einen wasserdichten Boden und zwei zu \u00f6ffnende Fenster mit einer Jalousie und dekorative Fahnen.<\/strong><\/p>\n<p>Tipi zelt wasserdicht und leicht abwaschbar, ideal tipi zum Spielen im Garten.<\/p>\n<p>Das Tipi-Cottage verf\u00fcgt \u00fcber einen Satz gefalteter Kiefernstangen. Alle Stoffelemente sind maschinenwaschbar. Ein Zelt f\u00fcr Kinder l\u00e4sst sich leicht zusammenklappen und nimmt nicht viel Platz ein.<\/p>\n<p>Alle Modelle wurden von uns entworfen und wir geben Ihnen die Garantie, dass Sie ein einzigartiges Produkt und die beste Qualit\u00e4t erhalten. Indische Tipi-Zelte werden in handgefertigter Methode aus Stoffen hergestellt, die f\u00fcr Kinder aus Europa sicher sind und \u00fcber Qualit\u00e4tszertifikate verf\u00fcgen.<\/p>\n<h3>Das Honey-Set von:<\/h3>\n<ul>\n<li><strong>Tipi<\/strong><\/li>\n<li><strong><strong><strong>4\u00a0<\/strong><\/strong><\/strong><span style=\"color: #555555;\">dekorative Fahnen<\/span><\/li>\n<li><strong>Stabilisator<\/strong>\u00a0(verhindert, dass sich der Rahmen bewegt)<\/li>\n<li>4 St\u00f6cke aus nat\u00fcrlichem Kiefernholz (Rahmen)<\/li>\n<\/ul>\n<h3>Zus\u00e4tzliche Information Ma\u00dfe:<\/h3>\n<ul>\n<li>H\u00f6he (mit Stangen) nach dem Entfalten: 150 cm H\u00f6he (mit Stangen)<\/li>\n<li>nach dem Falten: 170 cm Grundfl\u00e4che: ca. 110 \u00d7 110 cm<\/li>\n<li>Spielmatte: 110 \u00d7 110 cm Tipi in dieser Gr\u00f6\u00dfe bietet Platz f\u00fcr 2-3 Kinder.<\/li>\n<li>Es ist leicht und daher leicht zu transportieren.<\/li>\n<\/ul>\n","protected":false},"excerpt":{"rendered":"<p>Wasserabweisendes Tipi-Zelt zum Spielen in einem Set mit dekorative Fahnen, St\u00f6cken und stabilizer. Das Spielzelt hat zwei Fenster und eine Tasche f\u00fcr kleines Spielzeug.<\/p>\n","protected":false},"featured_media":41625,"comment_status":"open","ping_status":"closed","template":"","meta":[],"product_brand":[],"product_cat":[78],"product_tag":[],"class_list":{"0":"post-38324","1":"product","2":"type-product","3":"status-publish","4":"has-post-thumbnail","6":"product_cat-tipi-zelt","8":"first","9":"instock","10":"taxable","11":"shipping-taxable","12":"product-type-simple"},"yoast_head":"<!-- This site is optimized with the Yoast SEO plugin v27.0 - https:\/\/yoast.com\/product\/yoast-seo-wordpress\/ -->\n<title>Tipi zelt Honey - Outdoor Spielzelt Honig - Cozydots.com<\/title>\n<meta name=\"description\" content=\"Wasserabweisendes Tipi-Zelt zum Spielen in einem Set mit dekorative Fahnen, St\u00f6cken und stabilizer. Das Spielzelt hat zwei Fenster und eine Tasche f\u00fcr kleines Spielzeug.\" \/>\n<meta name=\"robots\" content=\"index, follow, max-snippet:-1, max-image-preview:large, max-video-preview:-1\" \/>\n<link rel=\"canonical\" href=\"https:\/\/cozydots.com\/de\/produkt\/tipi-zelt-honey-bee-outdoor-spielzelt-honig\/\" \/>\n<meta property=\"og:locale\" content=\"de_DE\" \/>\n<meta property=\"og:type\" content=\"article\" \/>\n<meta property=\"og:title\" content=\"Tipi zelt Honey - Outdoor Spielzelt Honig - Cozydots.com\" \/>\n<meta property=\"og:description\" content=\"Wasserabweisendes Tipi-Zelt zum Spielen in einem Set mit dekorative Fahnen, St\u00f6cken und stabilizer. Das Spielzelt hat zwei Fenster und eine Tasche f\u00fcr kleines Spielzeug.\" \/>\n<meta property=\"og:url\" content=\"https:\/\/cozydots.com\/de\/produkt\/tipi-zelt-honey-bee-outdoor-spielzelt-honig\/\" \/>\n<meta property=\"og:site_name\" content=\"Cozydots.com\" \/>\n<meta property=\"article:modified_time\" content=\"2023-02-08T10:58:19+00:00\" \/>\n<meta property=\"og:image\" content=\"https:\/\/cozydots.com\/wp-content\/uploads\/2021\/11\/pp-1622.jpg\" \/>\n\t<meta property=\"og:image:width\" content=\"1200\" \/>\n\t<meta property=\"og:image:height\" content=\"1200\" \/>\n\t<meta property=\"og:image:type\" content=\"image\/jpeg\" \/>\n<meta name=\"twitter:card\" content=\"summary_large_image\" \/>\n<meta name=\"twitter:label1\" content=\"Gesch\u00e4tzte Lesezeit\" \/>\n\t<meta name=\"twitter:data1\" content=\"2\u00a0Minuten\" \/>\n<script type=\"application\/ld+json\" class=\"yoast-schema-graph\">{\"@context\":\"https:\/\/schema.org\",\"@graph\":[{\"@type\":\"WebPage\",\"@id\":\"https:\/\/cozydots.com\/de\/produkt\/tipi-zelt-honey-bee-outdoor-spielzelt-honig\/\",\"url\":\"https:\/\/cozydots.com\/de\/produkt\/tipi-zelt-honey-bee-outdoor-spielzelt-honig\/\",\"name\":\"Tipi zelt Honey - Outdoor Spielzelt Honig - Cozydots.com\",\"isPartOf\":{\"@id\":\"https:\/\/cozydots.com\/de\/#website\"},\"primaryImageOfPage\":{\"@id\":\"https:\/\/cozydots.com\/de\/produkt\/tipi-zelt-honey-bee-outdoor-spielzelt-honig\/#primaryimage\"},\"image\":{\"@id\":\"https:\/\/cozydots.com\/de\/produkt\/tipi-zelt-honey-bee-outdoor-spielzelt-honig\/#primaryimage\"},\"thumbnailUrl\":\"https:\/\/cozydots.com\/wp-content\/uploads\/2021\/11\/pp-1622.jpg\",\"datePublished\":\"2021-08-02T11:53:33+00:00\",\"dateModified\":\"2023-02-08T10:58:19+00:00\",\"description\":\"Wasserabweisendes Tipi-Zelt zum Spielen in einem Set mit dekorative Fahnen, St\u00f6cken und stabilizer. Das Spielzelt hat zwei Fenster und eine Tasche f\u00fcr kleines Spielzeug.\",\"breadcrumb\":{\"@id\":\"https:\/\/cozydots.com\/de\/produkt\/tipi-zelt-honey-bee-outdoor-spielzelt-honig\/#breadcrumb\"},\"inLanguage\":\"de\",\"potentialAction\":[{\"@type\":\"ReadAction\",\"target\":[\"https:\/\/cozydots.com\/de\/produkt\/tipi-zelt-honey-bee-outdoor-spielzelt-honig\/\"]}]},{\"@type\":\"ImageObject\",\"inLanguage\":\"de\",\"@id\":\"https:\/\/cozydots.com\/de\/produkt\/tipi-zelt-honey-bee-outdoor-spielzelt-honig\/#primaryimage\",\"url\":\"https:\/\/cozydots.com\/wp-content\/uploads\/2021\/11\/pp-1622.jpg\",\"contentUrl\":\"https:\/\/cozydots.com\/wp-content\/uploads\/2021\/11\/pp-1622.jpg\",\"width\":1200,\"height\":1200},{\"@type\":\"BreadcrumbList\",\"@id\":\"https:\/\/cozydots.com\/de\/produkt\/tipi-zelt-honey-bee-outdoor-spielzelt-honig\/#breadcrumb\",\"itemListElement\":[{\"@type\":\"ListItem\",\"position\":1,\"name\":\"Strona g\u0142\u00f3wna\",\"item\":\"https:\/\/cozydots.com\/de\/\"},{\"@type\":\"ListItem\",\"position\":2,\"name\":\"Shop\",\"item\":\"https:\/\/cozydots.com\/de\/shop\/\"},{\"@type\":\"ListItem\",\"position\":3,\"name\":\"Tipi zelt Honey &#8211; Outdoor Spielzelt Honig\"}]},{\"@type\":\"WebSite\",\"@id\":\"https:\/\/cozydots.com\/de\/#website\",\"url\":\"https:\/\/cozydots.com\/de\/\",\"name\":\"Cozydots.com\",\"description\":\"Producent namiot\u00f3w Tipi\",\"publisher\":{\"@id\":\"https:\/\/cozydots.com\/de\/#organization\"},\"potentialAction\":[{\"@type\":\"SearchAction\",\"target\":{\"@type\":\"EntryPoint\",\"urlTemplate\":\"https:\/\/cozydots.com\/de\/?s={search_term_string}\"},\"query-input\":{\"@type\":\"PropertyValueSpecification\",\"valueRequired\":true,\"valueName\":\"search_term_string\"}}],\"inLanguage\":\"de\"},{\"@type\":\"Organization\",\"@id\":\"https:\/\/cozydots.com\/de\/#organization\",\"name\":\"Cozydots.com\",\"url\":\"https:\/\/cozydots.com\/de\/\",\"logo\":{\"@type\":\"ImageObject\",\"inLanguage\":\"de\",\"@id\":\"https:\/\/cozydots.com\/de\/#\/schema\/logo\/image\/\",\"url\":\"https:\/\/cozydots.com\/wp-content\/uploads\/2021\/10\/cozyshop_logo.png\",\"contentUrl\":\"https:\/\/cozydots.com\/wp-content\/uploads\/2021\/10\/cozyshop_logo.png\",\"width\":400,\"height\":121,\"caption\":\"Cozydots.com\"},\"image\":{\"@id\":\"https:\/\/cozydots.com\/de\/#\/schema\/logo\/image\/\"}}]}<\/script>\n<!-- \/ Yoast SEO plugin. -->","yoast_head_json":{"title":"Tipi zelt Honey - Outdoor Spielzelt Honig - Cozydots.com","description":"Wasserabweisendes Tipi-Zelt zum Spielen in einem Set mit dekorative Fahnen, St\u00f6cken und stabilizer. Das Spielzelt hat zwei Fenster und eine Tasche f\u00fcr kleines Spielzeug.","robots":{"index":"index","follow":"follow","max-snippet":"max-snippet:-1","max-image-preview":"max-image-preview:large","max-video-preview":"max-video-preview:-1"},"canonical":"https:\/\/cozydots.com\/de\/produkt\/tipi-zelt-honey-bee-outdoor-spielzelt-honig\/","og_locale":"de_DE","og_type":"article","og_title":"Tipi zelt Honey - Outdoor Spielzelt Honig - Cozydots.com","og_description":"Wasserabweisendes Tipi-Zelt zum Spielen in einem Set mit dekorative Fahnen, St\u00f6cken und stabilizer. Das Spielzelt hat zwei Fenster und eine Tasche f\u00fcr kleines Spielzeug.","og_url":"https:\/\/cozydots.com\/de\/produkt\/tipi-zelt-honey-bee-outdoor-spielzelt-honig\/","og_site_name":"Cozydots.com","article_modified_time":"2023-02-08T10:58:19+00:00","og_image":[{"width":1200,"height":1200,"url":"https:\/\/cozydots.com\/wp-content\/uploads\/2021\/11\/pp-1622.jpg","type":"image\/jpeg"}],"twitter_card":"summary_large_image","twitter_misc":{"Gesch\u00e4tzte Lesezeit":"2\u00a0Minuten"},"schema":{"@context":"https:\/\/schema.org","@graph":[{"@type":"WebPage","@id":"https:\/\/cozydots.com\/de\/produkt\/tipi-zelt-honey-bee-outdoor-spielzelt-honig\/","url":"https:\/\/cozydots.com\/de\/produkt\/tipi-zelt-honey-bee-outdoor-spielzelt-honig\/","name":"Tipi zelt Honey - Outdoor Spielzelt Honig - Cozydots.com","isPartOf":{"@id":"https:\/\/cozydots.com\/de\/#website"},"primaryImageOfPage":{"@id":"https:\/\/cozydots.com\/de\/produkt\/tipi-zelt-honey-bee-outdoor-spielzelt-honig\/#primaryimage"},"image":{"@id":"https:\/\/cozydots.com\/de\/produkt\/tipi-zelt-honey-bee-outdoor-spielzelt-honig\/#primaryimage"},"thumbnailUrl":"https:\/\/cozydots.com\/wp-content\/uploads\/2021\/11\/pp-1622.jpg","datePublished":"2021-08-02T11:53:33+00:00","dateModified":"2023-02-08T10:58:19+00:00","description":"Wasserabweisendes Tipi-Zelt zum Spielen in einem Set mit dekorative Fahnen, St\u00f6cken und stabilizer. Das Spielzelt hat zwei Fenster und eine Tasche f\u00fcr kleines Spielzeug.","breadcrumb":{"@id":"https:\/\/cozydots.com\/de\/produkt\/tipi-zelt-honey-bee-outdoor-spielzelt-honig\/#breadcrumb"},"inLanguage":"de","potentialAction":[{"@type":"ReadAction","target":["https:\/\/cozydots.com\/de\/produkt\/tipi-zelt-honey-bee-outdoor-spielzelt-honig\/"]}]},{"@type":"ImageObject","inLanguage":"de","@id":"https:\/\/cozydots.com\/de\/produkt\/tipi-zelt-honey-bee-outdoor-spielzelt-honig\/#primaryimage","url":"https:\/\/cozydots.com\/wp-content\/uploads\/2021\/11\/pp-1622.jpg","contentUrl":"https:\/\/cozydots.com\/wp-content\/uploads\/2021\/11\/pp-1622.jpg","width":1200,"height":1200},{"@type":"BreadcrumbList","@id":"https:\/\/cozydots.com\/de\/produkt\/tipi-zelt-honey-bee-outdoor-spielzelt-honig\/#breadcrumb","itemListElement":[{"@type":"ListItem","position":1,"name":"Strona g\u0142\u00f3wna","item":"https:\/\/cozydots.com\/de\/"},{"@type":"ListItem","position":2,"name":"Shop","item":"https:\/\/cozydots.com\/de\/shop\/"},{"@type":"ListItem","position":3,"name":"Tipi zelt Honey &#8211; Outdoor Spielzelt Honig"}]},{"@type":"WebSite","@id":"https:\/\/cozydots.com\/de\/#website","url":"https:\/\/cozydots.com\/de\/","name":"Cozydots.com","description":"Producent namiot\u00f3w Tipi","publisher":{"@id":"https:\/\/cozydots.com\/de\/#organization"},"potentialAction":[{"@type":"SearchAction","target":{"@type":"EntryPoint","urlTemplate":"https:\/\/cozydots.com\/de\/?s={search_term_string}"},"query-input":{"@type":"PropertyValueSpecification","valueRequired":true,"valueName":"search_term_string"}}],"inLanguage":"de"},{"@type":"Organization","@id":"https:\/\/cozydots.com\/de\/#organization","name":"Cozydots.com","url":"https:\/\/cozydots.com\/de\/","logo":{"@type":"ImageObject","inLanguage":"de","@id":"https:\/\/cozydots.com\/de\/#\/schema\/logo\/image\/","url":"https:\/\/cozydots.com\/wp-content\/uploads\/2021\/10\/cozyshop_logo.png","contentUrl":"https:\/\/cozydots.com\/wp-content\/uploads\/2021\/10\/cozyshop_logo.png","width":400,"height":121,"caption":"Cozydots.com"},"image":{"@id":"https:\/\/cozydots.com\/de\/#\/schema\/logo\/image\/"}}]}},"_links":{"self":[{"href":"https:\/\/cozydots.com\/de\/wp-json\/wp\/v2\/product\/38324","targetHints":{"allow":["GET"]}}],"collection":[{"href":"https:\/\/cozydots.com\/de\/wp-json\/wp\/v2\/product"}],"about":[{"href":"https:\/\/cozydots.com\/de\/wp-json\/wp\/v2\/types\/product"}],"replies":[{"embeddable":true,"href":"https:\/\/cozydots.com\/de\/wp-json\/wp\/v2\/comments?post=38324"}],"wp:featuredmedia":[{"embeddable":true,"href":"https:\/\/cozydots.com\/de\/wp-json\/wp\/v2\/media\/41625"}],"wp:attachment":[{"href":"https:\/\/cozydots.com\/de\/wp-json\/wp\/v2\/media?parent=38324"}],"wp:term":[{"taxonomy":"product_brand","embeddable":true,"href":"https:\/\/cozydots.com\/de\/wp-json\/wp\/v2\/product_brand?post=38324"},{"taxonomy":"product_cat","embeddable":true,"href":"https:\/\/cozydots.com\/de\/wp-json\/wp\/v2\/product_cat?post=38324"},{"taxonomy":"product_tag","embeddable":true,"href":"https:\/\/cozydots.com\/de\/wp-json\/wp\/v2\/product_tag?post=38324"}],"curies":[{"name":"wp","href":"https:\/\/api.w.org\/{rel}","templated":true}]}}