{"id":42797,"date":"2022-01-05T13:33:34","date_gmt":"2022-01-05T12:37:55","guid":{"rendered":"https:\/\/cozydots.com\/?post_type=product&#038;p=42797"},"modified":"2022-03-03T14:09:05","modified_gmt":"2022-03-03T13:09:05","slug":"blue-macaron-puff-biskuit-samtkissen","status":"publish","type":"product","link":"https:\/\/cozydots.com\/de\/produkt\/blue-macaron-puff-biskuit-samtkissen\/","title":{"rendered":"Blue Macaron-Puff, Biskuit-Samtkissen"},"content":{"rendered":"<h3>Candy-Kissen \u2013 Puff in Makronenform, Abmessungen 50\u00d730 cm.<\/h3>\n<p>Ein dekorativer Macaron-Pouf f\u00fcr ein Kind ist eine k\u00f6stlich aussehende Sitzgelegenheit in Form eines franz\u00f6sischen Kekses mit F\u00fcllung.<\/p>\n<p>In der Candy Shop-Kollektion finden Sie Hocker in verschiedenen Farben und Gr\u00f6\u00dfen sowie Tipi-Zelte, Girlanden, Teppiche und Kissen.<\/p>\n<p>Der Sitzpuff ist mit antiallergischem Schaum gef\u00fcllt.<\/p>\n<p>Das Macaroon-Kissen hat einen Rei\u00dfverschluss, der das Waschen erleichtert.<\/p>\n<p>Ma\u00dfe: ca. 50\u00d730 cm (+\/- 2,5 cm)<\/p>\n<p>Stoff: Samt Velours \u2013  Annex 4, Produktklasse I, CE<\/p>\n<p>Pflegemethode:<\/p>\n<ul>\n<li>Kein B\u00fcgeln<\/li>\n<li>Maschinenwaschbar bei 40 Grad, Schleudern \u2013 800 Umdrehungen<\/li>\n<li>Reinige chemisch nicht<\/li>\n<li>Nicht bleichen<\/li>\n<\/ul>\n<p>Entworfen und gen\u00e4ht in Polen von Cozy &amp; Dozy<\/p>\n","protected":false},"excerpt":{"rendered":"<p>Ein dekorativer Macaron-Pouf f\u00fcr ein Kind ist eine k\u00f6stlich aussehende Sitzgelegenheit in Form eines franz\u00f6sischen Kekses mit F\u00fcllung.<\/p>\n","protected":false},"featured_media":42790,"comment_status":"open","ping_status":"closed","template":"","meta":[],"product_brand":[],"product_cat":[104],"product_tag":[],"class_list":{"0":"post-42797","1":"product","2":"type-product","3":"status-publish","4":"has-post-thumbnail","6":"product_cat-kissen-puffs","8":"first","9":"instock","10":"taxable","11":"shipping-taxable","12":"product-type-simple"},"yoast_head":"<!-- This site is optimized with the Yoast SEO plugin v27.0 - https:\/\/yoast.com\/product\/yoast-seo-wordpress\/ -->\n<title>Blue Macaron-Puff, Biskuit-Samtkissen - Cozydots.com<\/title>\n<meta name=\"description\" content=\"Ein dekorativer Macaron-Pouf f\u00fcr ein Kind ist eine k\u00f6stlich aussehende Sitzgelegenheit in Form eines franz\u00f6sischen Kekses mit F\u00fcllung.\" \/>\n<meta name=\"robots\" content=\"index, follow, max-snippet:-1, max-image-preview:large, max-video-preview:-1\" \/>\n<link rel=\"canonical\" href=\"https:\/\/cozydots.com\/de\/produkt\/blue-macaron-puff-biskuit-samtkissen\/\" \/>\n<meta property=\"og:locale\" content=\"de_DE\" \/>\n<meta property=\"og:type\" content=\"article\" \/>\n<meta property=\"og:title\" content=\"Blue Macaron-Puff, Biskuit-Samtkissen - Cozydots.com\" \/>\n<meta property=\"og:description\" content=\"Ein dekorativer Macaron-Pouf f\u00fcr ein Kind ist eine k\u00f6stlich aussehende Sitzgelegenheit in Form eines franz\u00f6sischen Kekses mit F\u00fcllung.\" \/>\n<meta property=\"og:url\" content=\"https:\/\/cozydots.com\/de\/produkt\/blue-macaron-puff-biskuit-samtkissen\/\" \/>\n<meta property=\"og:site_name\" content=\"Cozydots.com\" \/>\n<meta property=\"article:modified_time\" content=\"2022-03-03T13:09:05+00:00\" \/>\n<meta property=\"og:image\" content=\"https:\/\/cozydots.com\/wp-content\/uploads\/2022\/01\/blue-pillow-cookie-cozy-dozy.jpg\" \/>\n\t<meta property=\"og:image:width\" content=\"1200\" \/>\n\t<meta property=\"og:image:height\" content=\"1200\" \/>\n\t<meta property=\"og:image:type\" content=\"image\/jpeg\" \/>\n<meta name=\"twitter:card\" content=\"summary_large_image\" \/>\n<meta name=\"twitter:label1\" content=\"Gesch\u00e4tzte Lesezeit\" \/>\n\t<meta name=\"twitter:data1\" content=\"1\u00a0Minute\" \/>\n<script type=\"application\/ld+json\" class=\"yoast-schema-graph\">{\"@context\":\"https:\/\/schema.org\",\"@graph\":[{\"@type\":\"WebPage\",\"@id\":\"https:\/\/cozydots.com\/de\/produkt\/blue-macaron-puff-biskuit-samtkissen\/\",\"url\":\"https:\/\/cozydots.com\/de\/produkt\/blue-macaron-puff-biskuit-samtkissen\/\",\"name\":\"Blue Macaron-Puff, Biskuit-Samtkissen - Cozydots.com\",\"isPartOf\":{\"@id\":\"https:\/\/cozydots.com\/de\/#website\"},\"primaryImageOfPage\":{\"@id\":\"https:\/\/cozydots.com\/de\/produkt\/blue-macaron-puff-biskuit-samtkissen\/#primaryimage\"},\"image\":{\"@id\":\"https:\/\/cozydots.com\/de\/produkt\/blue-macaron-puff-biskuit-samtkissen\/#primaryimage\"},\"thumbnailUrl\":\"https:\/\/cozydots.com\/wp-content\/uploads\/2022\/01\/blue-pillow-cookie-cozy-dozy.jpg\",\"datePublished\":\"2022-01-05T12:37:55+00:00\",\"dateModified\":\"2022-03-03T13:09:05+00:00\",\"description\":\"Ein dekorativer Macaron-Pouf f\u00fcr ein Kind ist eine k\u00f6stlich aussehende Sitzgelegenheit in Form eines franz\u00f6sischen Kekses mit F\u00fcllung.\",\"breadcrumb\":{\"@id\":\"https:\/\/cozydots.com\/de\/produkt\/blue-macaron-puff-biskuit-samtkissen\/#breadcrumb\"},\"inLanguage\":\"de\",\"potentialAction\":[{\"@type\":\"ReadAction\",\"target\":[\"https:\/\/cozydots.com\/de\/produkt\/blue-macaron-puff-biskuit-samtkissen\/\"]}]},{\"@type\":\"ImageObject\",\"inLanguage\":\"de\",\"@id\":\"https:\/\/cozydots.com\/de\/produkt\/blue-macaron-puff-biskuit-samtkissen\/#primaryimage\",\"url\":\"https:\/\/cozydots.com\/wp-content\/uploads\/2022\/01\/blue-pillow-cookie-cozy-dozy.jpg\",\"contentUrl\":\"https:\/\/cozydots.com\/wp-content\/uploads\/2022\/01\/blue-pillow-cookie-cozy-dozy.jpg\",\"width\":1200,\"height\":1200},{\"@type\":\"BreadcrumbList\",\"@id\":\"https:\/\/cozydots.com\/de\/produkt\/blue-macaron-puff-biskuit-samtkissen\/#breadcrumb\",\"itemListElement\":[{\"@type\":\"ListItem\",\"position\":1,\"name\":\"Strona g\u0142\u00f3wna\",\"item\":\"https:\/\/cozydots.com\/de\/\"},{\"@type\":\"ListItem\",\"position\":2,\"name\":\"Shop\",\"item\":\"https:\/\/cozydots.com\/de\/shop\/\"},{\"@type\":\"ListItem\",\"position\":3,\"name\":\"Blue Macaron-Puff, Biskuit-Samtkissen\"}]},{\"@type\":\"WebSite\",\"@id\":\"https:\/\/cozydots.com\/de\/#website\",\"url\":\"https:\/\/cozydots.com\/de\/\",\"name\":\"Cozydots.com\",\"description\":\"Producent namiot\u00f3w Tipi\",\"publisher\":{\"@id\":\"https:\/\/cozydots.com\/de\/#organization\"},\"potentialAction\":[{\"@type\":\"SearchAction\",\"target\":{\"@type\":\"EntryPoint\",\"urlTemplate\":\"https:\/\/cozydots.com\/de\/?s={search_term_string}\"},\"query-input\":{\"@type\":\"PropertyValueSpecification\",\"valueRequired\":true,\"valueName\":\"search_term_string\"}}],\"inLanguage\":\"de\"},{\"@type\":\"Organization\",\"@id\":\"https:\/\/cozydots.com\/de\/#organization\",\"name\":\"Cozydots.com\",\"url\":\"https:\/\/cozydots.com\/de\/\",\"logo\":{\"@type\":\"ImageObject\",\"inLanguage\":\"de\",\"@id\":\"https:\/\/cozydots.com\/de\/#\/schema\/logo\/image\/\",\"url\":\"https:\/\/cozydots.com\/wp-content\/uploads\/2021\/10\/cozyshop_logo.png\",\"contentUrl\":\"https:\/\/cozydots.com\/wp-content\/uploads\/2021\/10\/cozyshop_logo.png\",\"width\":400,\"height\":121,\"caption\":\"Cozydots.com\"},\"image\":{\"@id\":\"https:\/\/cozydots.com\/de\/#\/schema\/logo\/image\/\"}}]}<\/script>\n<!-- \/ Yoast SEO plugin. -->","yoast_head_json":{"title":"Blue Macaron-Puff, Biskuit-Samtkissen - Cozydots.com","description":"Ein dekorativer Macaron-Pouf f\u00fcr ein Kind ist eine k\u00f6stlich aussehende Sitzgelegenheit in Form eines franz\u00f6sischen Kekses mit F\u00fcllung.","robots":{"index":"index","follow":"follow","max-snippet":"max-snippet:-1","max-image-preview":"max-image-preview:large","max-video-preview":"max-video-preview:-1"},"canonical":"https:\/\/cozydots.com\/de\/produkt\/blue-macaron-puff-biskuit-samtkissen\/","og_locale":"de_DE","og_type":"article","og_title":"Blue Macaron-Puff, Biskuit-Samtkissen - Cozydots.com","og_description":"Ein dekorativer Macaron-Pouf f\u00fcr ein Kind ist eine k\u00f6stlich aussehende Sitzgelegenheit in Form eines franz\u00f6sischen Kekses mit F\u00fcllung.","og_url":"https:\/\/cozydots.com\/de\/produkt\/blue-macaron-puff-biskuit-samtkissen\/","og_site_name":"Cozydots.com","article_modified_time":"2022-03-03T13:09:05+00:00","og_image":[{"width":1200,"height":1200,"url":"https:\/\/cozydots.com\/wp-content\/uploads\/2022\/01\/blue-pillow-cookie-cozy-dozy.jpg","type":"image\/jpeg"}],"twitter_card":"summary_large_image","twitter_misc":{"Gesch\u00e4tzte Lesezeit":"1\u00a0Minute"},"schema":{"@context":"https:\/\/schema.org","@graph":[{"@type":"WebPage","@id":"https:\/\/cozydots.com\/de\/produkt\/blue-macaron-puff-biskuit-samtkissen\/","url":"https:\/\/cozydots.com\/de\/produkt\/blue-macaron-puff-biskuit-samtkissen\/","name":"Blue Macaron-Puff, Biskuit-Samtkissen - Cozydots.com","isPartOf":{"@id":"https:\/\/cozydots.com\/de\/#website"},"primaryImageOfPage":{"@id":"https:\/\/cozydots.com\/de\/produkt\/blue-macaron-puff-biskuit-samtkissen\/#primaryimage"},"image":{"@id":"https:\/\/cozydots.com\/de\/produkt\/blue-macaron-puff-biskuit-samtkissen\/#primaryimage"},"thumbnailUrl":"https:\/\/cozydots.com\/wp-content\/uploads\/2022\/01\/blue-pillow-cookie-cozy-dozy.jpg","datePublished":"2022-01-05T12:37:55+00:00","dateModified":"2022-03-03T13:09:05+00:00","description":"Ein dekorativer Macaron-Pouf f\u00fcr ein Kind ist eine k\u00f6stlich aussehende Sitzgelegenheit in Form eines franz\u00f6sischen Kekses mit F\u00fcllung.","breadcrumb":{"@id":"https:\/\/cozydots.com\/de\/produkt\/blue-macaron-puff-biskuit-samtkissen\/#breadcrumb"},"inLanguage":"de","potentialAction":[{"@type":"ReadAction","target":["https:\/\/cozydots.com\/de\/produkt\/blue-macaron-puff-biskuit-samtkissen\/"]}]},{"@type":"ImageObject","inLanguage":"de","@id":"https:\/\/cozydots.com\/de\/produkt\/blue-macaron-puff-biskuit-samtkissen\/#primaryimage","url":"https:\/\/cozydots.com\/wp-content\/uploads\/2022\/01\/blue-pillow-cookie-cozy-dozy.jpg","contentUrl":"https:\/\/cozydots.com\/wp-content\/uploads\/2022\/01\/blue-pillow-cookie-cozy-dozy.jpg","width":1200,"height":1200},{"@type":"BreadcrumbList","@id":"https:\/\/cozydots.com\/de\/produkt\/blue-macaron-puff-biskuit-samtkissen\/#breadcrumb","itemListElement":[{"@type":"ListItem","position":1,"name":"Strona g\u0142\u00f3wna","item":"https:\/\/cozydots.com\/de\/"},{"@type":"ListItem","position":2,"name":"Shop","item":"https:\/\/cozydots.com\/de\/shop\/"},{"@type":"ListItem","position":3,"name":"Blue Macaron-Puff, Biskuit-Samtkissen"}]},{"@type":"WebSite","@id":"https:\/\/cozydots.com\/de\/#website","url":"https:\/\/cozydots.com\/de\/","name":"Cozydots.com","description":"Producent namiot\u00f3w Tipi","publisher":{"@id":"https:\/\/cozydots.com\/de\/#organization"},"potentialAction":[{"@type":"SearchAction","target":{"@type":"EntryPoint","urlTemplate":"https:\/\/cozydots.com\/de\/?s={search_term_string}"},"query-input":{"@type":"PropertyValueSpecification","valueRequired":true,"valueName":"search_term_string"}}],"inLanguage":"de"},{"@type":"Organization","@id":"https:\/\/cozydots.com\/de\/#organization","name":"Cozydots.com","url":"https:\/\/cozydots.com\/de\/","logo":{"@type":"ImageObject","inLanguage":"de","@id":"https:\/\/cozydots.com\/de\/#\/schema\/logo\/image\/","url":"https:\/\/cozydots.com\/wp-content\/uploads\/2021\/10\/cozyshop_logo.png","contentUrl":"https:\/\/cozydots.com\/wp-content\/uploads\/2021\/10\/cozyshop_logo.png","width":400,"height":121,"caption":"Cozydots.com"},"image":{"@id":"https:\/\/cozydots.com\/de\/#\/schema\/logo\/image\/"}}]}},"_links":{"self":[{"href":"https:\/\/cozydots.com\/de\/wp-json\/wp\/v2\/product\/42797","targetHints":{"allow":["GET"]}}],"collection":[{"href":"https:\/\/cozydots.com\/de\/wp-json\/wp\/v2\/product"}],"about":[{"href":"https:\/\/cozydots.com\/de\/wp-json\/wp\/v2\/types\/product"}],"replies":[{"embeddable":true,"href":"https:\/\/cozydots.com\/de\/wp-json\/wp\/v2\/comments?post=42797"}],"wp:featuredmedia":[{"embeddable":true,"href":"https:\/\/cozydots.com\/de\/wp-json\/wp\/v2\/media\/42790"}],"wp:attachment":[{"href":"https:\/\/cozydots.com\/de\/wp-json\/wp\/v2\/media?parent=42797"}],"wp:term":[{"taxonomy":"product_brand","embeddable":true,"href":"https:\/\/cozydots.com\/de\/wp-json\/wp\/v2\/product_brand?post=42797"},{"taxonomy":"product_cat","embeddable":true,"href":"https:\/\/cozydots.com\/de\/wp-json\/wp\/v2\/product_cat?post=42797"},{"taxonomy":"product_tag","embeddable":true,"href":"https:\/\/cozydots.com\/de\/wp-json\/wp\/v2\/product_tag?post=42797"}],"curies":[{"name":"wp","href":"https:\/\/api.w.org\/{rel}","templated":true}]}}