{"id":42996,"date":"2022-01-11T10:07:50","date_gmt":"2022-01-11T09:13:51","guid":{"rendered":"https:\/\/cozydots.com\/?post_type=product&#038;p=42996"},"modified":"2022-02-27T12:31:29","modified_gmt":"2022-02-27T11:31:29","slug":"rosa-ballonkissen","status":"publish","type":"product","link":"https:\/\/cozydots.com\/de\/produkt\/rosa-ballonkissen\/","title":{"rendered":"Rosa Ballonkissen"},"content":{"rendered":"<h3>Das Kissen Cozy &amp; Dozy wird nicht nur Kinder faszinieren<\/h3>\n<p>Zu Hause gibt es nie zu viele Kissen \u2013 f\u00fcr diesen Slogan muss man doch niemanden \u00fcberzeugen, oder? Sch\u00f6ne und angenehm anzufassende Kissen schaffen eine gem\u00fctliche und warme Atmosph\u00e4re in jedem, auch in der strengsten, Interieur. Das Wichtigste f\u00fcr uns ist jedoch, dass kein Kind ein Nickerchen auf einem weichen und bequemen Kissen verachten wird. Auch f\u00fcr unsere Kinder, die von klein auf viele verschiedene Abenteuer erleben, ist ein gutes Nickerchen Gold wert.<\/p>\n<p>Kinder benutzen das Ballonkissen auch gerne beim Spielen. Die au\u00dfergew\u00f6hnliche Form des Kissens regt die Fantasie an und verwandelt den Ballon manchmal in einen Teddyb\u00e4r-Lutscher oder eine W\u00e4rmflasche. Die seltene Form des Ballonkissens zieht nicht nur Kinder, sondern auch Erwachsene auf sich. Manchmal h\u00f6ren wir sogar, dass Eltern ihren Kindern unsere Kissen stehlen und ihr Wohnzimmer damit dekorieren. \ud83d\ude09<\/p>\n<p><strong>Unsere Kissen finden selbst bei den gr\u00f6\u00dften Kritikern Anerkennung, weil sie mit gr\u00f6\u00dfter Sorgfalt und Liebe zum Detail hergestellt wurden. Dar\u00fcber hinaus sind sie aus hochwertigstem Material \u2013 100 % Baumwolle \u2013 gefertigt, was sehr lange f\u00fcr eine sch\u00f6ne und wirkungsvolle Optik des Kissens sorgt. Dieses Material ist auch , CE zertifiziert, was bedeutet, dass es sicher in der Anwendung ist und keine Schadstoffe enth\u00e4lt. So k\u00f6nnen Sie unsere Kissen auch Kindern mit empfindlichster Haut bedenkenlos geben.<\/strong><\/p>\n<p>Cozy &amp; Dozy Kissen sind au\u00dfergew\u00f6hnliche und einzigartige Produkte. Sie wurden von uns entworfen, bis ins kleinste Detail verfeinert und von unseren erfahrenen N\u00e4herinnen gen\u00e4ht. Dadurch k\u00f6nnen Sie sicher sein, dass Sie ein Produkt von h\u00f6chster Qualit\u00e4t erhalten, das wirklich sorgf\u00e4ltig hergestellt wurde.\u00a0<strong>Es ist uns aus einem bestimmten Grund sehr wichtig. Unsere Erfahrung zeigt, dass Kinder am besten von dem guten Beispiel ihrer Eltern lernen. Wenn Ihr Kind ein sch\u00f6nes, hochwertiges Produkt erh\u00e4lt, lernt es schon fr\u00fch Farbkombinationen und ein Gef\u00fchl f\u00fcr \u00c4sthetik. Sie wissen auch, dass es sich lohnt, in qualitativ hochwertige Produkte zu investieren, da sie l\u00e4nger bei uns bleiben.<\/strong><\/p>\n<p>Abmessungen:<\/p>\n<ul>\n<li>50 x 35 cm<\/li>\n<\/ul>\n<p>Komposition:<\/p>\n<ul>\n<li>100% Baumwolle ( Zertifikat, CE)<\/li>\n<li>Kissenf\u00fcllung \u2013 Silikonkugel, antiallergisch. Zus\u00e4tzlich verhindert die eingen\u00e4hte Silikonwolle ein Verklumpen der F\u00fcllung.<\/li>\n<\/ul>\n<p>Waschen:<\/p>\n<ul>\n<li>Maschinenwaschbar bei 40 Grad,<\/li>\n<li>Spin \u2013 800 Umdrehungen,<\/li>\n<li>nicht chemisch reinigen, nicht bleichen,<\/li>\n<li>Sch\u00fctteln Sie es nach dem Waschen, um das Gie\u00dfen zu arrangieren.<\/li>\n<li>auf einer ebenen Fl\u00e4che trocknen.<\/li>\n<\/ul>\n<p>&nbsp;<\/p>\n","protected":false},"excerpt":{"rendered":"<p>Erinnern Sie sich an die Kindheitsschmerzen, als Ihr Ballon wenige Stunden nach dem Kauf platzte und nur noch zum Wegwerfen geeignet war? Gl\u00fccklicherweise bedroht diese Situation Ihr Kind mit dem Cosy &amp; Dozy Ballon nicht. Das Kissen ist so effektiv wie ein echter Ballon, aber es wird nicht so leicht besch\u00e4digt, sodass es viele Jahre bei Ihnen bleibt. Wir wissen bereits, welches Geschenk wir w\u00e4hlen werden, und Sie?<\/p>\n","protected":false},"featured_media":42982,"comment_status":"open","ping_status":"closed","template":"","meta":[],"product_brand":[],"product_cat":[104],"product_tag":[],"class_list":{"0":"post-42996","1":"product","2":"type-product","3":"status-publish","4":"has-post-thumbnail","6":"product_cat-kissen-puffs","8":"first","9":"instock","10":"taxable","11":"shipping-taxable","12":"product-type-simple"},"yoast_head":"<!-- This site is optimized with the Yoast SEO plugin v27.0 - https:\/\/yoast.com\/product\/yoast-seo-wordpress\/ -->\n<title>Rosa Ballonkissen - Cozydots.com<\/title>\n<meta name=\"description\" content=\"Erinnern Sie sich an die Kindheitsschmerzen, als Ihr Ballon wenige Stunden nach dem Kauf platzte und nur noch zum Wegwerfen geeignet war? Gl\u00fccklicherweise bedroht diese Situation Ihr Kind mit dem Cosy &amp; Dozy Ballon nicht. Das Kissen ist so effektiv wie ein echter Ballon, aber es wird nicht so leicht besch\u00e4digt, sodass es viele Jahre bei Ihnen bleibt. Wir wissen bereits, welches Geschenk wir w\u00e4hlen werden, und Sie?\" \/>\n<meta name=\"robots\" content=\"index, follow, max-snippet:-1, max-image-preview:large, max-video-preview:-1\" \/>\n<link rel=\"canonical\" href=\"https:\/\/cozydots.com\/de\/produkt\/rosa-ballonkissen\/\" \/>\n<meta property=\"og:locale\" content=\"de_DE\" \/>\n<meta property=\"og:type\" content=\"article\" \/>\n<meta property=\"og:title\" content=\"Rosa Ballonkissen - Cozydots.com\" \/>\n<meta property=\"og:description\" content=\"Erinnern Sie sich an die Kindheitsschmerzen, als Ihr Ballon wenige Stunden nach dem Kauf platzte und nur noch zum Wegwerfen geeignet war? Gl\u00fccklicherweise bedroht diese Situation Ihr Kind mit dem Cosy &amp; Dozy Ballon nicht. Das Kissen ist so effektiv wie ein echter Ballon, aber es wird nicht so leicht besch\u00e4digt, sodass es viele Jahre bei Ihnen bleibt. Wir wissen bereits, welches Geschenk wir w\u00e4hlen werden, und Sie?\" \/>\n<meta property=\"og:url\" content=\"https:\/\/cozydots.com\/de\/produkt\/rosa-ballonkissen\/\" \/>\n<meta property=\"og:site_name\" content=\"Cozydots.com\" \/>\n<meta property=\"article:modified_time\" content=\"2022-02-27T11:31:29+00:00\" \/>\n<meta property=\"og:image\" content=\"https:\/\/cozydots.com\/wp-content\/uploads\/2022\/01\/poduszka_balloon.jpg\" \/>\n\t<meta property=\"og:image:width\" content=\"1200\" \/>\n\t<meta property=\"og:image:height\" content=\"1200\" \/>\n\t<meta property=\"og:image:type\" content=\"image\/jpeg\" \/>\n<meta name=\"twitter:card\" content=\"summary_large_image\" \/>\n<meta name=\"twitter:label1\" content=\"Gesch\u00e4tzte Lesezeit\" \/>\n\t<meta name=\"twitter:data1\" content=\"3\u00a0Minuten\" \/>\n<script type=\"application\/ld+json\" class=\"yoast-schema-graph\">{\"@context\":\"https:\/\/schema.org\",\"@graph\":[{\"@type\":\"WebPage\",\"@id\":\"https:\/\/cozydots.com\/de\/produkt\/rosa-ballonkissen\/\",\"url\":\"https:\/\/cozydots.com\/de\/produkt\/rosa-ballonkissen\/\",\"name\":\"Rosa Ballonkissen - Cozydots.com\",\"isPartOf\":{\"@id\":\"https:\/\/cozydots.com\/de\/#website\"},\"primaryImageOfPage\":{\"@id\":\"https:\/\/cozydots.com\/de\/produkt\/rosa-ballonkissen\/#primaryimage\"},\"image\":{\"@id\":\"https:\/\/cozydots.com\/de\/produkt\/rosa-ballonkissen\/#primaryimage\"},\"thumbnailUrl\":\"https:\/\/cozydots.com\/wp-content\/uploads\/2022\/01\/poduszka_balloon.jpg\",\"datePublished\":\"2022-01-11T09:13:51+00:00\",\"dateModified\":\"2022-02-27T11:31:29+00:00\",\"description\":\"Erinnern Sie sich an die Kindheitsschmerzen, als Ihr Ballon wenige Stunden nach dem Kauf platzte und nur noch zum Wegwerfen geeignet war? Gl\u00fccklicherweise bedroht diese Situation Ihr Kind mit dem Cosy & Dozy Ballon nicht. Das Kissen ist so effektiv wie ein echter Ballon, aber es wird nicht so leicht besch\u00e4digt, sodass es viele Jahre bei Ihnen bleibt. Wir wissen bereits, welches Geschenk wir w\u00e4hlen werden, und Sie?\",\"breadcrumb\":{\"@id\":\"https:\/\/cozydots.com\/de\/produkt\/rosa-ballonkissen\/#breadcrumb\"},\"inLanguage\":\"de\",\"potentialAction\":[{\"@type\":\"ReadAction\",\"target\":[\"https:\/\/cozydots.com\/de\/produkt\/rosa-ballonkissen\/\"]}]},{\"@type\":\"ImageObject\",\"inLanguage\":\"de\",\"@id\":\"https:\/\/cozydots.com\/de\/produkt\/rosa-ballonkissen\/#primaryimage\",\"url\":\"https:\/\/cozydots.com\/wp-content\/uploads\/2022\/01\/poduszka_balloon.jpg\",\"contentUrl\":\"https:\/\/cozydots.com\/wp-content\/uploads\/2022\/01\/poduszka_balloon.jpg\",\"width\":1200,\"height\":1200},{\"@type\":\"BreadcrumbList\",\"@id\":\"https:\/\/cozydots.com\/de\/produkt\/rosa-ballonkissen\/#breadcrumb\",\"itemListElement\":[{\"@type\":\"ListItem\",\"position\":1,\"name\":\"Strona g\u0142\u00f3wna\",\"item\":\"https:\/\/cozydots.com\/de\/\"},{\"@type\":\"ListItem\",\"position\":2,\"name\":\"Shop\",\"item\":\"https:\/\/cozydots.com\/de\/shop\/\"},{\"@type\":\"ListItem\",\"position\":3,\"name\":\"Rosa Ballonkissen\"}]},{\"@type\":\"WebSite\",\"@id\":\"https:\/\/cozydots.com\/de\/#website\",\"url\":\"https:\/\/cozydots.com\/de\/\",\"name\":\"Cozydots.com\",\"description\":\"Producent namiot\u00f3w Tipi\",\"publisher\":{\"@id\":\"https:\/\/cozydots.com\/de\/#organization\"},\"potentialAction\":[{\"@type\":\"SearchAction\",\"target\":{\"@type\":\"EntryPoint\",\"urlTemplate\":\"https:\/\/cozydots.com\/de\/?s={search_term_string}\"},\"query-input\":{\"@type\":\"PropertyValueSpecification\",\"valueRequired\":true,\"valueName\":\"search_term_string\"}}],\"inLanguage\":\"de\"},{\"@type\":\"Organization\",\"@id\":\"https:\/\/cozydots.com\/de\/#organization\",\"name\":\"Cozydots.com\",\"url\":\"https:\/\/cozydots.com\/de\/\",\"logo\":{\"@type\":\"ImageObject\",\"inLanguage\":\"de\",\"@id\":\"https:\/\/cozydots.com\/de\/#\/schema\/logo\/image\/\",\"url\":\"https:\/\/cozydots.com\/wp-content\/uploads\/2021\/10\/cozyshop_logo.png\",\"contentUrl\":\"https:\/\/cozydots.com\/wp-content\/uploads\/2021\/10\/cozyshop_logo.png\",\"width\":400,\"height\":121,\"caption\":\"Cozydots.com\"},\"image\":{\"@id\":\"https:\/\/cozydots.com\/de\/#\/schema\/logo\/image\/\"}}]}<\/script>\n<!-- \/ Yoast SEO plugin. -->","yoast_head_json":{"title":"Rosa Ballonkissen - Cozydots.com","description":"Erinnern Sie sich an die Kindheitsschmerzen, als Ihr Ballon wenige Stunden nach dem Kauf platzte und nur noch zum Wegwerfen geeignet war? Gl\u00fccklicherweise bedroht diese Situation Ihr Kind mit dem Cosy & Dozy Ballon nicht. Das Kissen ist so effektiv wie ein echter Ballon, aber es wird nicht so leicht besch\u00e4digt, sodass es viele Jahre bei Ihnen bleibt. Wir wissen bereits, welches Geschenk wir w\u00e4hlen werden, und Sie?","robots":{"index":"index","follow":"follow","max-snippet":"max-snippet:-1","max-image-preview":"max-image-preview:large","max-video-preview":"max-video-preview:-1"},"canonical":"https:\/\/cozydots.com\/de\/produkt\/rosa-ballonkissen\/","og_locale":"de_DE","og_type":"article","og_title":"Rosa Ballonkissen - Cozydots.com","og_description":"Erinnern Sie sich an die Kindheitsschmerzen, als Ihr Ballon wenige Stunden nach dem Kauf platzte und nur noch zum Wegwerfen geeignet war? Gl\u00fccklicherweise bedroht diese Situation Ihr Kind mit dem Cosy & Dozy Ballon nicht. Das Kissen ist so effektiv wie ein echter Ballon, aber es wird nicht so leicht besch\u00e4digt, sodass es viele Jahre bei Ihnen bleibt. Wir wissen bereits, welches Geschenk wir w\u00e4hlen werden, und Sie?","og_url":"https:\/\/cozydots.com\/de\/produkt\/rosa-ballonkissen\/","og_site_name":"Cozydots.com","article_modified_time":"2022-02-27T11:31:29+00:00","og_image":[{"width":1200,"height":1200,"url":"https:\/\/cozydots.com\/wp-content\/uploads\/2022\/01\/poduszka_balloon.jpg","type":"image\/jpeg"}],"twitter_card":"summary_large_image","twitter_misc":{"Gesch\u00e4tzte Lesezeit":"3\u00a0Minuten"},"schema":{"@context":"https:\/\/schema.org","@graph":[{"@type":"WebPage","@id":"https:\/\/cozydots.com\/de\/produkt\/rosa-ballonkissen\/","url":"https:\/\/cozydots.com\/de\/produkt\/rosa-ballonkissen\/","name":"Rosa Ballonkissen - Cozydots.com","isPartOf":{"@id":"https:\/\/cozydots.com\/de\/#website"},"primaryImageOfPage":{"@id":"https:\/\/cozydots.com\/de\/produkt\/rosa-ballonkissen\/#primaryimage"},"image":{"@id":"https:\/\/cozydots.com\/de\/produkt\/rosa-ballonkissen\/#primaryimage"},"thumbnailUrl":"https:\/\/cozydots.com\/wp-content\/uploads\/2022\/01\/poduszka_balloon.jpg","datePublished":"2022-01-11T09:13:51+00:00","dateModified":"2022-02-27T11:31:29+00:00","description":"Erinnern Sie sich an die Kindheitsschmerzen, als Ihr Ballon wenige Stunden nach dem Kauf platzte und nur noch zum Wegwerfen geeignet war? Gl\u00fccklicherweise bedroht diese Situation Ihr Kind mit dem Cosy & Dozy Ballon nicht. Das Kissen ist so effektiv wie ein echter Ballon, aber es wird nicht so leicht besch\u00e4digt, sodass es viele Jahre bei Ihnen bleibt. Wir wissen bereits, welches Geschenk wir w\u00e4hlen werden, und Sie?","breadcrumb":{"@id":"https:\/\/cozydots.com\/de\/produkt\/rosa-ballonkissen\/#breadcrumb"},"inLanguage":"de","potentialAction":[{"@type":"ReadAction","target":["https:\/\/cozydots.com\/de\/produkt\/rosa-ballonkissen\/"]}]},{"@type":"ImageObject","inLanguage":"de","@id":"https:\/\/cozydots.com\/de\/produkt\/rosa-ballonkissen\/#primaryimage","url":"https:\/\/cozydots.com\/wp-content\/uploads\/2022\/01\/poduszka_balloon.jpg","contentUrl":"https:\/\/cozydots.com\/wp-content\/uploads\/2022\/01\/poduszka_balloon.jpg","width":1200,"height":1200},{"@type":"BreadcrumbList","@id":"https:\/\/cozydots.com\/de\/produkt\/rosa-ballonkissen\/#breadcrumb","itemListElement":[{"@type":"ListItem","position":1,"name":"Strona g\u0142\u00f3wna","item":"https:\/\/cozydots.com\/de\/"},{"@type":"ListItem","position":2,"name":"Shop","item":"https:\/\/cozydots.com\/de\/shop\/"},{"@type":"ListItem","position":3,"name":"Rosa Ballonkissen"}]},{"@type":"WebSite","@id":"https:\/\/cozydots.com\/de\/#website","url":"https:\/\/cozydots.com\/de\/","name":"Cozydots.com","description":"Producent namiot\u00f3w Tipi","publisher":{"@id":"https:\/\/cozydots.com\/de\/#organization"},"potentialAction":[{"@type":"SearchAction","target":{"@type":"EntryPoint","urlTemplate":"https:\/\/cozydots.com\/de\/?s={search_term_string}"},"query-input":{"@type":"PropertyValueSpecification","valueRequired":true,"valueName":"search_term_string"}}],"inLanguage":"de"},{"@type":"Organization","@id":"https:\/\/cozydots.com\/de\/#organization","name":"Cozydots.com","url":"https:\/\/cozydots.com\/de\/","logo":{"@type":"ImageObject","inLanguage":"de","@id":"https:\/\/cozydots.com\/de\/#\/schema\/logo\/image\/","url":"https:\/\/cozydots.com\/wp-content\/uploads\/2021\/10\/cozyshop_logo.png","contentUrl":"https:\/\/cozydots.com\/wp-content\/uploads\/2021\/10\/cozyshop_logo.png","width":400,"height":121,"caption":"Cozydots.com"},"image":{"@id":"https:\/\/cozydots.com\/de\/#\/schema\/logo\/image\/"}}]}},"_links":{"self":[{"href":"https:\/\/cozydots.com\/de\/wp-json\/wp\/v2\/product\/42996","targetHints":{"allow":["GET"]}}],"collection":[{"href":"https:\/\/cozydots.com\/de\/wp-json\/wp\/v2\/product"}],"about":[{"href":"https:\/\/cozydots.com\/de\/wp-json\/wp\/v2\/types\/product"}],"replies":[{"embeddable":true,"href":"https:\/\/cozydots.com\/de\/wp-json\/wp\/v2\/comments?post=42996"}],"wp:featuredmedia":[{"embeddable":true,"href":"https:\/\/cozydots.com\/de\/wp-json\/wp\/v2\/media\/42982"}],"wp:attachment":[{"href":"https:\/\/cozydots.com\/de\/wp-json\/wp\/v2\/media?parent=42996"}],"wp:term":[{"taxonomy":"product_brand","embeddable":true,"href":"https:\/\/cozydots.com\/de\/wp-json\/wp\/v2\/product_brand?post=42996"},{"taxonomy":"product_cat","embeddable":true,"href":"https:\/\/cozydots.com\/de\/wp-json\/wp\/v2\/product_cat?post=42996"},{"taxonomy":"product_tag","embeddable":true,"href":"https:\/\/cozydots.com\/de\/wp-json\/wp\/v2\/product_tag?post=42996"}],"curies":[{"name":"wp","href":"https:\/\/api.w.org\/{rel}","templated":true}]}}