{"id":46992,"date":"2022-01-11T11:31:34","date_gmt":"2022-01-11T11:23:28","guid":{"rendered":"https:\/\/cozydots.com\/?post_type=product&#038;p=46992"},"modified":"2022-02-27T12:31:29","modified_gmt":"2022-02-27T11:31:29","slug":"kissen-muschel-dusty-pink-samtkissen","status":"publish","type":"product","link":"https:\/\/cozydots.com\/de\/produkt\/kissen-muschel-dusty-pink-samtkissen\/","title":{"rendered":"Kissen Muschel Dusty Pink, Samtkissen"},"content":{"rendered":"<div>\n<p align=\"center\"><strong><span lang=\"EN-US\">\u00a0 \u00a0 \u00a0 \u00a0 \u00a0 \u00a0 \u00a0 \u00a0 \u00a0 \u00a0 \u00a0 \u00a0 \u00a0 \u00a0 \u00a0 \u00a0 \u00a0 \u00a0 \u00a0 \u00a0Tauchen Sie ein in die Unterwasserwelt mit Cozy &amp; Dozy<\/span><\/strong><\/p>\n<\/div>\n<div>\n<p><span lang=\"EN-US\">Jeder Meeresforscher wei\u00df, dass es keine Unterwasserwelt ohne viele bunte Muscheln gibt. <\/span>Und vor allem sind sie wundervolle Artefakte und eine Quelle des Stolzes f\u00fcr alle Arten von Abenteuern. Wer mindestens einmal eine Erinnerungsmuschel aus dem Urlaub mitgebracht hat, soll die Hand heben. Wir bewerben uns! Aus diesem Grund darf unsere Meereskollektion ohne ein Kissen dieser Form nicht komplett sein.<\/p>\n<\/div>\n<div>\n<p><span lang=\"EN-US\">Sie k\u00f6nnen die H\u00e4nde nicht vom Dusty Pink Shell Kissen lassen! Es ist aus einem sehr weichen Samt. Dieses Material macht die Nutzung des Kissens zu einem \u00e4u\u00dferst angenehmen Erlebnis. Ihr Baby wird sie gerne umarmen und zu allen Nickerchen mitnehmen.<\/span><\/p>\n<\/div>\n<div>\n<p><span lang=\"EN-US\">Die Sicherheit der Kinder steht bei uns immer an erster Stelle, deshalb ist das Kissen aus 100% Samt von h\u00f6chster Qualit\u00e4t. Dieses Material ist , CE-zertifiziert, was bedeutet, dass es selbst f\u00fcr die empfindlichste Haut freundlich ist &#8211; es verursacht keine Allergien und Reizungen. So k\u00f6nnen Sie Ihrem Kind unser Produkt bedenkenlos schenken.<\/span><\/p>\n<\/div>\n<div>\n<p><span lang=\"EN-US\">Das Dusty Pink Shell Kissen ist ein au\u00dfergew\u00f6hnliches und einzigartiges Produkt. Es wurde von uns entworfen, bis ins kleinste Detail verfeinert und von unseren erfahrenen N\u00e4herinnen gen\u00e4ht. Dadurch k\u00f6nnen Sie sicher sein, dass Sie ein Produkt von h\u00f6chster Qualit\u00e4t erhalten, das wirklich sorgf\u00e4ltig hergestellt wurde. Es ist uns aus einem bestimmten Grund sehr wichtig. Unsere Erfahrung zeigt, dass Kinder am besten von dem guten Beispiel ihrer Eltern lernen. Wenn Ihr Kind ein sch\u00f6nes, hochwertiges Produkt erh\u00e4lt, lernt es schon fr\u00fch Farbkombinationen und ein Gef\u00fchl f\u00fcr \u00c4sthetik. Sie wissen auch, dass es sich lohnt, in qualitativ hochwertige Produkte zu investieren, da sie l\u00e4nger bei uns bleiben.<\/span><\/p>\n<\/div>\n<div>\n<p><strong><span lang=\"EN-US\">Wir haben oft erlebt, dass Eltern vor Familienfeiern die Kissen oder Spielsachen ihrer Kinder versteckten. Cozy &amp; Dozy Kissen sind sicher &#8211; sie sehen in jedem Raum sch\u00f6n und effektiv aus. Au\u00dferdem h\u00f6ren wir manchmal sogar, dass Eltern ihren Kindern unsere Kissen stehlen.<\/span><\/strong><\/p>\n<\/div>\n<div>\n<p><strong><span lang=\"EN-US\">Das Pink Shell Kissen passt wunderbar zu anderen Produkten aus der Marine Kollektion &#8211; im Cozy &amp; Dozy Angebot findest du ein Tipizelt, Matten, weitere Kissen und eine Girlande zum Set. So schaffen Sie f\u00fcr Ihr Kind einen stimmigen Raum voller unterschiedlicher Produkte, mit dem sich bestimmt keine Langeweile in seinem Zimmer niederlassen wird.<\/span><\/strong><\/p>\n<div>\n<p><span lang=\"EN-US\">Abmessungen:<\/span><\/p>\n<\/div>\n<div>\n<p><span lang=\"EN-US\">\u2022 45 x 45 cm\u00b2<\/span><\/p>\n<\/div>\n<div>\n<p><span lang=\"EN-US\">Komposition:<\/span><\/p>\n<\/div>\n<div>\n<p><span lang=\"EN-US\">\u2022 100 % Samt ( Zertifikat, CE)<\/span><\/p>\n<\/div>\n<div>\n<p><span lang=\"EN-US\">\u2022 Kissenf\u00fcllung &#8211; Silikonkugel, antiallergisch. Zus\u00e4tzlich verhindert die eingen\u00e4hte Silikonwolle ein Verklumpen der F\u00fcllung.<\/span><\/p>\n<\/div>\n<div>\n<p><span lang=\"EN-US\">Waschen:<\/span><\/p>\n<\/div>\n<div>\n<p><span lang=\"EN-US\">\u2022 Maschinenwaschbar bei 40 Grad,<\/span><\/p>\n<\/div>\n<div>\n<p><span lang=\"EN-US\">\u2022 Spinnen &#8211; 800 Umdrehungen,<\/span><\/p>\n<\/div>\n<div>\n<p><span lang=\"EN-US\">\u2022 nicht chemisch reinigen, nicht bleichen,<\/span><\/p>\n<\/div>\n<div>\n<p><span lang=\"EN-US\">\u2022 Nach dem Waschen sch\u00fctteln, um das Gie\u00dfen zu arrangieren,<\/span><\/p>\n<\/div>\n<div>\n<p><span lang=\"EN-US\">\u2022 auf einer ebenen Fl\u00e4che trocknen. Ohne was k\u00f6nnen wir uns das Meer nicht vorstellen? Nat\u00fcrlich ohne sch\u00f6ne und einzigartige Muscheln. Und es ist am besten, wenn diese Schalen weich sind und sich angenehm anf\u00fchlen!<\/span><\/p>\n<\/div>\n<\/div>\n","protected":false},"excerpt":{"rendered":"<p>Ohne was wir uns das Meer nicht vorstellen k\u00f6nnen? Nat\u00fcrlich ohne sch\u00f6ne und einzigartige Muscheln. Und es ist am besten, wenn diese Schalen weich sind und sich angenehm anf\u00fchlen!<\/p>\n","protected":false},"featured_media":50909,"comment_status":"open","ping_status":"closed","template":"","meta":[],"product_brand":[],"product_cat":[104],"product_tag":[],"class_list":{"0":"post-46992","1":"product","2":"type-product","3":"status-publish","4":"has-post-thumbnail","6":"product_cat-kissen-puffs","8":"first","9":"instock","10":"taxable","11":"shipping-taxable","12":"product-type-simple"},"yoast_head":"<!-- This site is optimized with the Yoast SEO plugin v27.0 - https:\/\/yoast.com\/product\/yoast-seo-wordpress\/ -->\n<title>Kissen Muschel Dusty Pink, Samtkissen - Cozydots.com<\/title>\n<meta name=\"description\" content=\"Ohne was wir uns das Meer nicht vorstellen k\u00f6nnen? Nat\u00fcrlich ohne sch\u00f6ne und einzigartige Muscheln. Und es ist am besten, wenn diese Schalen weich sind und sich angenehm anf\u00fchlen!\" \/>\n<meta name=\"robots\" content=\"index, follow, max-snippet:-1, max-image-preview:large, max-video-preview:-1\" \/>\n<link rel=\"canonical\" href=\"https:\/\/cozydots.com\/de\/produkt\/kissen-muschel-dusty-pink-samtkissen\/\" \/>\n<meta property=\"og:locale\" content=\"de_DE\" \/>\n<meta property=\"og:type\" content=\"article\" \/>\n<meta property=\"og:title\" content=\"Kissen Muschel Dusty Pink, Samtkissen - Cozydots.com\" \/>\n<meta property=\"og:description\" content=\"Ohne was wir uns das Meer nicht vorstellen k\u00f6nnen? Nat\u00fcrlich ohne sch\u00f6ne und einzigartige Muscheln. Und es ist am besten, wenn diese Schalen weich sind und sich angenehm anf\u00fchlen!\" \/>\n<meta property=\"og:url\" content=\"https:\/\/cozydots.com\/de\/produkt\/kissen-muschel-dusty-pink-samtkissen\/\" \/>\n<meta property=\"og:site_name\" content=\"Cozydots.com\" \/>\n<meta property=\"article:modified_time\" content=\"2022-02-27T11:31:29+00:00\" \/>\n<meta property=\"og:image\" content=\"https:\/\/cozydots.com\/wp-content\/uploads\/2022\/01\/shell-pink-pillow-mermaid.jpg\" \/>\n\t<meta property=\"og:image:width\" content=\"1200\" \/>\n\t<meta property=\"og:image:height\" content=\"1200\" \/>\n\t<meta property=\"og:image:type\" content=\"image\/jpeg\" \/>\n<meta name=\"twitter:card\" content=\"summary_large_image\" \/>\n<meta name=\"twitter:label1\" content=\"Gesch\u00e4tzte Lesezeit\" \/>\n\t<meta name=\"twitter:data1\" content=\"3\u00a0Minuten\" \/>\n<script type=\"application\/ld+json\" class=\"yoast-schema-graph\">{\"@context\":\"https:\/\/schema.org\",\"@graph\":[{\"@type\":\"WebPage\",\"@id\":\"https:\/\/cozydots.com\/de\/produkt\/kissen-muschel-dusty-pink-samtkissen\/\",\"url\":\"https:\/\/cozydots.com\/de\/produkt\/kissen-muschel-dusty-pink-samtkissen\/\",\"name\":\"Kissen Muschel Dusty Pink, Samtkissen - Cozydots.com\",\"isPartOf\":{\"@id\":\"https:\/\/cozydots.com\/de\/#website\"},\"primaryImageOfPage\":{\"@id\":\"https:\/\/cozydots.com\/de\/produkt\/kissen-muschel-dusty-pink-samtkissen\/#primaryimage\"},\"image\":{\"@id\":\"https:\/\/cozydots.com\/de\/produkt\/kissen-muschel-dusty-pink-samtkissen\/#primaryimage\"},\"thumbnailUrl\":\"https:\/\/cozydots.com\/wp-content\/uploads\/2022\/01\/shell-pink-pillow-mermaid.jpg\",\"datePublished\":\"2022-01-11T11:23:28+00:00\",\"dateModified\":\"2022-02-27T11:31:29+00:00\",\"description\":\"Ohne was wir uns das Meer nicht vorstellen k\u00f6nnen? Nat\u00fcrlich ohne sch\u00f6ne und einzigartige Muscheln. Und es ist am besten, wenn diese Schalen weich sind und sich angenehm anf\u00fchlen!\",\"breadcrumb\":{\"@id\":\"https:\/\/cozydots.com\/de\/produkt\/kissen-muschel-dusty-pink-samtkissen\/#breadcrumb\"},\"inLanguage\":\"de\",\"potentialAction\":[{\"@type\":\"ReadAction\",\"target\":[\"https:\/\/cozydots.com\/de\/produkt\/kissen-muschel-dusty-pink-samtkissen\/\"]}]},{\"@type\":\"ImageObject\",\"inLanguage\":\"de\",\"@id\":\"https:\/\/cozydots.com\/de\/produkt\/kissen-muschel-dusty-pink-samtkissen\/#primaryimage\",\"url\":\"https:\/\/cozydots.com\/wp-content\/uploads\/2022\/01\/shell-pink-pillow-mermaid.jpg\",\"contentUrl\":\"https:\/\/cozydots.com\/wp-content\/uploads\/2022\/01\/shell-pink-pillow-mermaid.jpg\",\"width\":1200,\"height\":1200},{\"@type\":\"BreadcrumbList\",\"@id\":\"https:\/\/cozydots.com\/de\/produkt\/kissen-muschel-dusty-pink-samtkissen\/#breadcrumb\",\"itemListElement\":[{\"@type\":\"ListItem\",\"position\":1,\"name\":\"Strona g\u0142\u00f3wna\",\"item\":\"https:\/\/cozydots.com\/de\/\"},{\"@type\":\"ListItem\",\"position\":2,\"name\":\"Shop\",\"item\":\"https:\/\/cozydots.com\/de\/shop\/\"},{\"@type\":\"ListItem\",\"position\":3,\"name\":\"Kissen Muschel Dusty Pink, Samtkissen\"}]},{\"@type\":\"WebSite\",\"@id\":\"https:\/\/cozydots.com\/de\/#website\",\"url\":\"https:\/\/cozydots.com\/de\/\",\"name\":\"Cozydots.com\",\"description\":\"Producent namiot\u00f3w Tipi\",\"publisher\":{\"@id\":\"https:\/\/cozydots.com\/de\/#organization\"},\"potentialAction\":[{\"@type\":\"SearchAction\",\"target\":{\"@type\":\"EntryPoint\",\"urlTemplate\":\"https:\/\/cozydots.com\/de\/?s={search_term_string}\"},\"query-input\":{\"@type\":\"PropertyValueSpecification\",\"valueRequired\":true,\"valueName\":\"search_term_string\"}}],\"inLanguage\":\"de\"},{\"@type\":\"Organization\",\"@id\":\"https:\/\/cozydots.com\/de\/#organization\",\"name\":\"Cozydots.com\",\"url\":\"https:\/\/cozydots.com\/de\/\",\"logo\":{\"@type\":\"ImageObject\",\"inLanguage\":\"de\",\"@id\":\"https:\/\/cozydots.com\/de\/#\/schema\/logo\/image\/\",\"url\":\"https:\/\/cozydots.com\/wp-content\/uploads\/2021\/10\/cozyshop_logo.png\",\"contentUrl\":\"https:\/\/cozydots.com\/wp-content\/uploads\/2021\/10\/cozyshop_logo.png\",\"width\":400,\"height\":121,\"caption\":\"Cozydots.com\"},\"image\":{\"@id\":\"https:\/\/cozydots.com\/de\/#\/schema\/logo\/image\/\"}}]}<\/script>\n<!-- \/ Yoast SEO plugin. -->","yoast_head_json":{"title":"Kissen Muschel Dusty Pink, Samtkissen - Cozydots.com","description":"Ohne was wir uns das Meer nicht vorstellen k\u00f6nnen? Nat\u00fcrlich ohne sch\u00f6ne und einzigartige Muscheln. Und es ist am besten, wenn diese Schalen weich sind und sich angenehm anf\u00fchlen!","robots":{"index":"index","follow":"follow","max-snippet":"max-snippet:-1","max-image-preview":"max-image-preview:large","max-video-preview":"max-video-preview:-1"},"canonical":"https:\/\/cozydots.com\/de\/produkt\/kissen-muschel-dusty-pink-samtkissen\/","og_locale":"de_DE","og_type":"article","og_title":"Kissen Muschel Dusty Pink, Samtkissen - Cozydots.com","og_description":"Ohne was wir uns das Meer nicht vorstellen k\u00f6nnen? Nat\u00fcrlich ohne sch\u00f6ne und einzigartige Muscheln. Und es ist am besten, wenn diese Schalen weich sind und sich angenehm anf\u00fchlen!","og_url":"https:\/\/cozydots.com\/de\/produkt\/kissen-muschel-dusty-pink-samtkissen\/","og_site_name":"Cozydots.com","article_modified_time":"2022-02-27T11:31:29+00:00","og_image":[{"width":1200,"height":1200,"url":"https:\/\/cozydots.com\/wp-content\/uploads\/2022\/01\/shell-pink-pillow-mermaid.jpg","type":"image\/jpeg"}],"twitter_card":"summary_large_image","twitter_misc":{"Gesch\u00e4tzte Lesezeit":"3\u00a0Minuten"},"schema":{"@context":"https:\/\/schema.org","@graph":[{"@type":"WebPage","@id":"https:\/\/cozydots.com\/de\/produkt\/kissen-muschel-dusty-pink-samtkissen\/","url":"https:\/\/cozydots.com\/de\/produkt\/kissen-muschel-dusty-pink-samtkissen\/","name":"Kissen Muschel Dusty Pink, Samtkissen - Cozydots.com","isPartOf":{"@id":"https:\/\/cozydots.com\/de\/#website"},"primaryImageOfPage":{"@id":"https:\/\/cozydots.com\/de\/produkt\/kissen-muschel-dusty-pink-samtkissen\/#primaryimage"},"image":{"@id":"https:\/\/cozydots.com\/de\/produkt\/kissen-muschel-dusty-pink-samtkissen\/#primaryimage"},"thumbnailUrl":"https:\/\/cozydots.com\/wp-content\/uploads\/2022\/01\/shell-pink-pillow-mermaid.jpg","datePublished":"2022-01-11T11:23:28+00:00","dateModified":"2022-02-27T11:31:29+00:00","description":"Ohne was wir uns das Meer nicht vorstellen k\u00f6nnen? Nat\u00fcrlich ohne sch\u00f6ne und einzigartige Muscheln. Und es ist am besten, wenn diese Schalen weich sind und sich angenehm anf\u00fchlen!","breadcrumb":{"@id":"https:\/\/cozydots.com\/de\/produkt\/kissen-muschel-dusty-pink-samtkissen\/#breadcrumb"},"inLanguage":"de","potentialAction":[{"@type":"ReadAction","target":["https:\/\/cozydots.com\/de\/produkt\/kissen-muschel-dusty-pink-samtkissen\/"]}]},{"@type":"ImageObject","inLanguage":"de","@id":"https:\/\/cozydots.com\/de\/produkt\/kissen-muschel-dusty-pink-samtkissen\/#primaryimage","url":"https:\/\/cozydots.com\/wp-content\/uploads\/2022\/01\/shell-pink-pillow-mermaid.jpg","contentUrl":"https:\/\/cozydots.com\/wp-content\/uploads\/2022\/01\/shell-pink-pillow-mermaid.jpg","width":1200,"height":1200},{"@type":"BreadcrumbList","@id":"https:\/\/cozydots.com\/de\/produkt\/kissen-muschel-dusty-pink-samtkissen\/#breadcrumb","itemListElement":[{"@type":"ListItem","position":1,"name":"Strona g\u0142\u00f3wna","item":"https:\/\/cozydots.com\/de\/"},{"@type":"ListItem","position":2,"name":"Shop","item":"https:\/\/cozydots.com\/de\/shop\/"},{"@type":"ListItem","position":3,"name":"Kissen Muschel Dusty Pink, Samtkissen"}]},{"@type":"WebSite","@id":"https:\/\/cozydots.com\/de\/#website","url":"https:\/\/cozydots.com\/de\/","name":"Cozydots.com","description":"Producent namiot\u00f3w Tipi","publisher":{"@id":"https:\/\/cozydots.com\/de\/#organization"},"potentialAction":[{"@type":"SearchAction","target":{"@type":"EntryPoint","urlTemplate":"https:\/\/cozydots.com\/de\/?s={search_term_string}"},"query-input":{"@type":"PropertyValueSpecification","valueRequired":true,"valueName":"search_term_string"}}],"inLanguage":"de"},{"@type":"Organization","@id":"https:\/\/cozydots.com\/de\/#organization","name":"Cozydots.com","url":"https:\/\/cozydots.com\/de\/","logo":{"@type":"ImageObject","inLanguage":"de","@id":"https:\/\/cozydots.com\/de\/#\/schema\/logo\/image\/","url":"https:\/\/cozydots.com\/wp-content\/uploads\/2021\/10\/cozyshop_logo.png","contentUrl":"https:\/\/cozydots.com\/wp-content\/uploads\/2021\/10\/cozyshop_logo.png","width":400,"height":121,"caption":"Cozydots.com"},"image":{"@id":"https:\/\/cozydots.com\/de\/#\/schema\/logo\/image\/"}}]}},"_links":{"self":[{"href":"https:\/\/cozydots.com\/de\/wp-json\/wp\/v2\/product\/46992","targetHints":{"allow":["GET"]}}],"collection":[{"href":"https:\/\/cozydots.com\/de\/wp-json\/wp\/v2\/product"}],"about":[{"href":"https:\/\/cozydots.com\/de\/wp-json\/wp\/v2\/types\/product"}],"replies":[{"embeddable":true,"href":"https:\/\/cozydots.com\/de\/wp-json\/wp\/v2\/comments?post=46992"}],"wp:featuredmedia":[{"embeddable":true,"href":"https:\/\/cozydots.com\/de\/wp-json\/wp\/v2\/media\/50909"}],"wp:attachment":[{"href":"https:\/\/cozydots.com\/de\/wp-json\/wp\/v2\/media?parent=46992"}],"wp:term":[{"taxonomy":"product_brand","embeddable":true,"href":"https:\/\/cozydots.com\/de\/wp-json\/wp\/v2\/product_brand?post=46992"},{"taxonomy":"product_cat","embeddable":true,"href":"https:\/\/cozydots.com\/de\/wp-json\/wp\/v2\/product_cat?post=46992"},{"taxonomy":"product_tag","embeddable":true,"href":"https:\/\/cozydots.com\/de\/wp-json\/wp\/v2\/product_tag?post=46992"}],"curies":[{"name":"wp","href":"https:\/\/api.w.org\/{rel}","templated":true}]}}