{"id":48120,"date":"2022-02-22T18:13:50","date_gmt":"2022-02-22T18:25:45","guid":{"rendered":"https:\/\/cozydots.com\/?post_type=product&#038;p=48120"},"modified":"2022-06-29T17:31:29","modified_gmt":"2022-06-29T15:31:29","slug":"teppich-muschel-rosa-velvet-shell-spielmatte-dark-pink","status":"publish","type":"product","link":"https:\/\/cozydots.com\/de\/produkt\/teppich-muschel-rosa-velvet-shell-spielmatte-dark-pink\/","title":{"rendered":"Teppich Muschel Rosa \u2013 Velvet Shell Spielmatte Dark Pink"},"content":{"rendered":"<p><b>Velvet Shell Spielmatte von Cozy &amp; Dozy<\/b><\/p>\n<p><b>Der muschelf\u00f6rmige Samtteppich ist eine weiche Spielmatte, die sich hervorragend f\u00fcr verschiedene Aktivit\u00e4ten auf dem Boden eignet. Perfekt f\u00fcr Kinderzimmer und Teenagerzimmer.<\/b><\/p>\n<p>Die Muschelmatte ist in zwei Rosat\u00f6nen erh\u00e4ltlich \u2013 hell und schmutzig rosa.<\/p>\n<p><b>Velvet Shell steht im Einklang mit der Little Mermaid-Kollektion, in der Sie Kissen, Girlanden und Zelte finden.<\/b><\/p>\n<p>Die Matte ist in einem Baumwollbeutel verpackt.<\/p>\n<p>Abmessungen: (+\/- 2,5 cm) 110 x 115 cm<\/p>\n<p>Material:<\/p>\n<ul>\n<li>100% Samt, CE-Zulassung<\/li>\n<li>antiallergische F\u00fcllung \u2013 Silikonkugel<\/li>\n<\/ul>\n<p>Waschen :<\/p>\n<ul>\n<li>in der Waschmaschine 40 Grad<\/li>\n<li>Kein B\u00fcgeln<\/li>\n<li>kann im Trockner getrocknet werden<\/li>\n<li>nicht chloren, nicht bleichen<\/li>\n<\/ul>\n<p>Alle Cozy &amp; Dozy Produkte werden in Polen entworfen und gen\u00e4ht.<\/p>\n","protected":false},"excerpt":{"rendered":"<p>Gesteppte, dicke Spielmatte in Muschelform. Ein schmutziger rosa Teppich f\u00fcr ein Kinderzimmer. 110 x 115 cm<\/p>\n","protected":false},"featured_media":48097,"comment_status":"open","ping_status":"closed","template":"","meta":[],"product_brand":[],"product_cat":[107],"product_tag":[],"class_list":{"0":"post-48120","1":"product","2":"type-product","3":"status-publish","4":"has-post-thumbnail","6":"product_cat-spielsack-and-spielmatte","8":"first","9":"instock","10":"taxable","11":"shipping-taxable","12":"product-type-simple"},"yoast_head":"<!-- This site is optimized with the Yoast SEO plugin v27.0 - https:\/\/yoast.com\/product\/yoast-seo-wordpress\/ -->\n<title>Teppich Muschel Rosa \u2013 Velvet Shell Spielmatte Dark Pink - Cozydots.com<\/title>\n<meta name=\"description\" content=\"Gesteppte, dicke Spielmatte in Muschelform. Ein schmutziger rosa Teppich f\u00fcr ein Kinderzimmer. 110 x 115 cm\" \/>\n<meta name=\"robots\" content=\"index, follow, max-snippet:-1, max-image-preview:large, max-video-preview:-1\" \/>\n<link rel=\"canonical\" href=\"https:\/\/cozydots.com\/de\/produkt\/teppich-muschel-rosa-velvet-shell-spielmatte-dark-pink\/\" \/>\n<meta property=\"og:locale\" content=\"de_DE\" \/>\n<meta property=\"og:type\" content=\"article\" \/>\n<meta property=\"og:title\" content=\"Teppich Muschel Rosa \u2013 Velvet Shell Spielmatte Dark Pink - Cozydots.com\" \/>\n<meta property=\"og:description\" content=\"Gesteppte, dicke Spielmatte in Muschelform. Ein schmutziger rosa Teppich f\u00fcr ein Kinderzimmer. 110 x 115 cm\" \/>\n<meta property=\"og:url\" content=\"https:\/\/cozydots.com\/de\/produkt\/teppich-muschel-rosa-velvet-shell-spielmatte-dark-pink\/\" \/>\n<meta property=\"og:site_name\" content=\"Cozydots.com\" \/>\n<meta property=\"article:modified_time\" content=\"2022-06-29T15:31:29+00:00\" \/>\n<meta property=\"og:image\" content=\"https:\/\/cozydots.com\/wp-content\/uploads\/2022\/02\/pink-tipi-velvet-1187x1200.png\" \/>\n\t<meta property=\"og:image:width\" content=\"1187\" \/>\n\t<meta property=\"og:image:height\" content=\"1200\" \/>\n\t<meta property=\"og:image:type\" content=\"image\/png\" \/>\n<meta name=\"twitter:card\" content=\"summary_large_image\" \/>\n<meta name=\"twitter:label1\" content=\"Gesch\u00e4tzte Lesezeit\" \/>\n\t<meta name=\"twitter:data1\" content=\"1\u00a0Minute\" \/>\n<script type=\"application\/ld+json\" class=\"yoast-schema-graph\">{\"@context\":\"https:\/\/schema.org\",\"@graph\":[{\"@type\":\"WebPage\",\"@id\":\"https:\/\/cozydots.com\/de\/produkt\/teppich-muschel-rosa-velvet-shell-spielmatte-dark-pink\/\",\"url\":\"https:\/\/cozydots.com\/de\/produkt\/teppich-muschel-rosa-velvet-shell-spielmatte-dark-pink\/\",\"name\":\"Teppich Muschel Rosa \u2013 Velvet Shell Spielmatte Dark Pink - Cozydots.com\",\"isPartOf\":{\"@id\":\"https:\/\/cozydots.com\/de\/#website\"},\"primaryImageOfPage\":{\"@id\":\"https:\/\/cozydots.com\/de\/produkt\/teppich-muschel-rosa-velvet-shell-spielmatte-dark-pink\/#primaryimage\"},\"image\":{\"@id\":\"https:\/\/cozydots.com\/de\/produkt\/teppich-muschel-rosa-velvet-shell-spielmatte-dark-pink\/#primaryimage\"},\"thumbnailUrl\":\"https:\/\/cozydots.com\/wp-content\/uploads\/2022\/02\/pink-tipi-velvet.png\",\"datePublished\":\"2022-02-22T18:25:45+00:00\",\"dateModified\":\"2022-06-29T15:31:29+00:00\",\"description\":\"Gesteppte, dicke Spielmatte in Muschelform. Ein schmutziger rosa Teppich f\u00fcr ein Kinderzimmer. 110 x 115 cm\",\"breadcrumb\":{\"@id\":\"https:\/\/cozydots.com\/de\/produkt\/teppich-muschel-rosa-velvet-shell-spielmatte-dark-pink\/#breadcrumb\"},\"inLanguage\":\"de\",\"potentialAction\":[{\"@type\":\"ReadAction\",\"target\":[\"https:\/\/cozydots.com\/de\/produkt\/teppich-muschel-rosa-velvet-shell-spielmatte-dark-pink\/\"]}]},{\"@type\":\"ImageObject\",\"inLanguage\":\"de\",\"@id\":\"https:\/\/cozydots.com\/de\/produkt\/teppich-muschel-rosa-velvet-shell-spielmatte-dark-pink\/#primaryimage\",\"url\":\"https:\/\/cozydots.com\/wp-content\/uploads\/2022\/02\/pink-tipi-velvet.png\",\"contentUrl\":\"https:\/\/cozydots.com\/wp-content\/uploads\/2022\/02\/pink-tipi-velvet.png\",\"width\":1200,\"height\":1213},{\"@type\":\"BreadcrumbList\",\"@id\":\"https:\/\/cozydots.com\/de\/produkt\/teppich-muschel-rosa-velvet-shell-spielmatte-dark-pink\/#breadcrumb\",\"itemListElement\":[{\"@type\":\"ListItem\",\"position\":1,\"name\":\"Strona g\u0142\u00f3wna\",\"item\":\"https:\/\/cozydots.com\/de\/\"},{\"@type\":\"ListItem\",\"position\":2,\"name\":\"Shop\",\"item\":\"https:\/\/cozydots.com\/de\/shop\/\"},{\"@type\":\"ListItem\",\"position\":3,\"name\":\"Teppich Muschel Rosa \u2013 Velvet Shell Spielmatte Dark Pink\"}]},{\"@type\":\"WebSite\",\"@id\":\"https:\/\/cozydots.com\/de\/#website\",\"url\":\"https:\/\/cozydots.com\/de\/\",\"name\":\"Cozydots.com\",\"description\":\"Producent namiot\u00f3w Tipi\",\"publisher\":{\"@id\":\"https:\/\/cozydots.com\/de\/#organization\"},\"potentialAction\":[{\"@type\":\"SearchAction\",\"target\":{\"@type\":\"EntryPoint\",\"urlTemplate\":\"https:\/\/cozydots.com\/de\/?s={search_term_string}\"},\"query-input\":{\"@type\":\"PropertyValueSpecification\",\"valueRequired\":true,\"valueName\":\"search_term_string\"}}],\"inLanguage\":\"de\"},{\"@type\":\"Organization\",\"@id\":\"https:\/\/cozydots.com\/de\/#organization\",\"name\":\"Cozydots.com\",\"url\":\"https:\/\/cozydots.com\/de\/\",\"logo\":{\"@type\":\"ImageObject\",\"inLanguage\":\"de\",\"@id\":\"https:\/\/cozydots.com\/de\/#\/schema\/logo\/image\/\",\"url\":\"https:\/\/cozydots.com\/wp-content\/uploads\/2021\/10\/cozyshop_logo.png\",\"contentUrl\":\"https:\/\/cozydots.com\/wp-content\/uploads\/2021\/10\/cozyshop_logo.png\",\"width\":400,\"height\":121,\"caption\":\"Cozydots.com\"},\"image\":{\"@id\":\"https:\/\/cozydots.com\/de\/#\/schema\/logo\/image\/\"}}]}<\/script>\n<!-- \/ Yoast SEO plugin. -->","yoast_head_json":{"title":"Teppich Muschel Rosa \u2013 Velvet Shell Spielmatte Dark Pink - Cozydots.com","description":"Gesteppte, dicke Spielmatte in Muschelform. Ein schmutziger rosa Teppich f\u00fcr ein Kinderzimmer. 110 x 115 cm","robots":{"index":"index","follow":"follow","max-snippet":"max-snippet:-1","max-image-preview":"max-image-preview:large","max-video-preview":"max-video-preview:-1"},"canonical":"https:\/\/cozydots.com\/de\/produkt\/teppich-muschel-rosa-velvet-shell-spielmatte-dark-pink\/","og_locale":"de_DE","og_type":"article","og_title":"Teppich Muschel Rosa \u2013 Velvet Shell Spielmatte Dark Pink - Cozydots.com","og_description":"Gesteppte, dicke Spielmatte in Muschelform. Ein schmutziger rosa Teppich f\u00fcr ein Kinderzimmer. 110 x 115 cm","og_url":"https:\/\/cozydots.com\/de\/produkt\/teppich-muschel-rosa-velvet-shell-spielmatte-dark-pink\/","og_site_name":"Cozydots.com","article_modified_time":"2022-06-29T15:31:29+00:00","og_image":[{"width":1187,"height":1200,"url":"https:\/\/cozydots.com\/wp-content\/uploads\/2022\/02\/pink-tipi-velvet-1187x1200.png","type":"image\/png"}],"twitter_card":"summary_large_image","twitter_misc":{"Gesch\u00e4tzte Lesezeit":"1\u00a0Minute"},"schema":{"@context":"https:\/\/schema.org","@graph":[{"@type":"WebPage","@id":"https:\/\/cozydots.com\/de\/produkt\/teppich-muschel-rosa-velvet-shell-spielmatte-dark-pink\/","url":"https:\/\/cozydots.com\/de\/produkt\/teppich-muschel-rosa-velvet-shell-spielmatte-dark-pink\/","name":"Teppich Muschel Rosa \u2013 Velvet Shell Spielmatte Dark Pink - Cozydots.com","isPartOf":{"@id":"https:\/\/cozydots.com\/de\/#website"},"primaryImageOfPage":{"@id":"https:\/\/cozydots.com\/de\/produkt\/teppich-muschel-rosa-velvet-shell-spielmatte-dark-pink\/#primaryimage"},"image":{"@id":"https:\/\/cozydots.com\/de\/produkt\/teppich-muschel-rosa-velvet-shell-spielmatte-dark-pink\/#primaryimage"},"thumbnailUrl":"https:\/\/cozydots.com\/wp-content\/uploads\/2022\/02\/pink-tipi-velvet.png","datePublished":"2022-02-22T18:25:45+00:00","dateModified":"2022-06-29T15:31:29+00:00","description":"Gesteppte, dicke Spielmatte in Muschelform. Ein schmutziger rosa Teppich f\u00fcr ein Kinderzimmer. 110 x 115 cm","breadcrumb":{"@id":"https:\/\/cozydots.com\/de\/produkt\/teppich-muschel-rosa-velvet-shell-spielmatte-dark-pink\/#breadcrumb"},"inLanguage":"de","potentialAction":[{"@type":"ReadAction","target":["https:\/\/cozydots.com\/de\/produkt\/teppich-muschel-rosa-velvet-shell-spielmatte-dark-pink\/"]}]},{"@type":"ImageObject","inLanguage":"de","@id":"https:\/\/cozydots.com\/de\/produkt\/teppich-muschel-rosa-velvet-shell-spielmatte-dark-pink\/#primaryimage","url":"https:\/\/cozydots.com\/wp-content\/uploads\/2022\/02\/pink-tipi-velvet.png","contentUrl":"https:\/\/cozydots.com\/wp-content\/uploads\/2022\/02\/pink-tipi-velvet.png","width":1200,"height":1213},{"@type":"BreadcrumbList","@id":"https:\/\/cozydots.com\/de\/produkt\/teppich-muschel-rosa-velvet-shell-spielmatte-dark-pink\/#breadcrumb","itemListElement":[{"@type":"ListItem","position":1,"name":"Strona g\u0142\u00f3wna","item":"https:\/\/cozydots.com\/de\/"},{"@type":"ListItem","position":2,"name":"Shop","item":"https:\/\/cozydots.com\/de\/shop\/"},{"@type":"ListItem","position":3,"name":"Teppich Muschel Rosa \u2013 Velvet Shell Spielmatte Dark Pink"}]},{"@type":"WebSite","@id":"https:\/\/cozydots.com\/de\/#website","url":"https:\/\/cozydots.com\/de\/","name":"Cozydots.com","description":"Producent namiot\u00f3w Tipi","publisher":{"@id":"https:\/\/cozydots.com\/de\/#organization"},"potentialAction":[{"@type":"SearchAction","target":{"@type":"EntryPoint","urlTemplate":"https:\/\/cozydots.com\/de\/?s={search_term_string}"},"query-input":{"@type":"PropertyValueSpecification","valueRequired":true,"valueName":"search_term_string"}}],"inLanguage":"de"},{"@type":"Organization","@id":"https:\/\/cozydots.com\/de\/#organization","name":"Cozydots.com","url":"https:\/\/cozydots.com\/de\/","logo":{"@type":"ImageObject","inLanguage":"de","@id":"https:\/\/cozydots.com\/de\/#\/schema\/logo\/image\/","url":"https:\/\/cozydots.com\/wp-content\/uploads\/2021\/10\/cozyshop_logo.png","contentUrl":"https:\/\/cozydots.com\/wp-content\/uploads\/2021\/10\/cozyshop_logo.png","width":400,"height":121,"caption":"Cozydots.com"},"image":{"@id":"https:\/\/cozydots.com\/de\/#\/schema\/logo\/image\/"}}]}},"_links":{"self":[{"href":"https:\/\/cozydots.com\/de\/wp-json\/wp\/v2\/product\/48120","targetHints":{"allow":["GET"]}}],"collection":[{"href":"https:\/\/cozydots.com\/de\/wp-json\/wp\/v2\/product"}],"about":[{"href":"https:\/\/cozydots.com\/de\/wp-json\/wp\/v2\/types\/product"}],"replies":[{"embeddable":true,"href":"https:\/\/cozydots.com\/de\/wp-json\/wp\/v2\/comments?post=48120"}],"wp:featuredmedia":[{"embeddable":true,"href":"https:\/\/cozydots.com\/de\/wp-json\/wp\/v2\/media\/48097"}],"wp:attachment":[{"href":"https:\/\/cozydots.com\/de\/wp-json\/wp\/v2\/media?parent=48120"}],"wp:term":[{"taxonomy":"product_brand","embeddable":true,"href":"https:\/\/cozydots.com\/de\/wp-json\/wp\/v2\/product_brand?post=48120"},{"taxonomy":"product_cat","embeddable":true,"href":"https:\/\/cozydots.com\/de\/wp-json\/wp\/v2\/product_cat?post=48120"},{"taxonomy":"product_tag","embeddable":true,"href":"https:\/\/cozydots.com\/de\/wp-json\/wp\/v2\/product_tag?post=48120"}],"curies":[{"name":"wp","href":"https:\/\/api.w.org\/{rel}","templated":true}]}}