{"id":48749,"date":"2022-02-23T15:47:05","date_gmt":"2022-02-23T14:52:33","guid":{"rendered":"https:\/\/cozydots.com\/?post_type=product&#038;p=48749"},"modified":"2022-02-27T12:31:28","modified_gmt":"2022-02-27T11:31:28","slug":"blattfoermige-spielmatte-honey-leaf-play-mat","status":"publish","type":"product","link":"https:\/\/cozydots.com\/de\/produkt\/blattfoermige-spielmatte-honey-leaf-play-mat\/","title":{"rendered":"Blattf\u00f6rmige Spielmatte Honey Leaf Play mat"},"content":{"rendered":"<p><b>Eine weiche Matte aus dickem Samt mit einem Honigblatt<\/b><\/p>\n<p>Die Matte eignet sich perfekt als dekoratives Element in einem Kinderzimmer, ein Teppich \u2013 eine Spielmatte.<\/p>\n<p>Die Matte steht im Einklang mit unserer Velvet-Kollektion, die Kissen, Girlanden und Tipi-Zelte umfasst.<\/p>\n<p>Ma\u00dfe: ca. 105\u00d795 cm (+\/- 2,5 cm)<\/p>\n<p>Stoff: Samt \\ Velours \u2013  Annex 4, Produktklasse I, CE<\/p>\n<p>Pflegemethode:<\/p>\n<ul>\n<li>Kein B\u00fcgeln<\/li>\n<li>Maschinenwaschbar bei 40 Grad, Schleudern \u2013 800 Umdrehungen<\/li>\n<li>Reinige chemisch nicht<\/li>\n<li>Nicht bleichen<\/li>\n<\/ul>\n<p>Entworfen und gen\u00e4ht in Polen von Cozy &amp; Dozy<\/p>\n","protected":false},"excerpt":{"rendered":"<p><b>Eine Matte, ein blattf\u00f6rmiger Teppich. Ein Bl\u00e4tterteppich 105 \u00d7 95 cm aus dickem Samt.<\/b><\/p>\n","protected":false},"featured_media":48737,"comment_status":"open","ping_status":"closed","template":"","meta":[],"product_brand":[],"product_cat":[107],"product_tag":[],"class_list":{"0":"post-48749","1":"product","2":"type-product","3":"status-publish","4":"has-post-thumbnail","6":"product_cat-spielsack-and-spielmatte","8":"first","9":"instock","10":"sale","11":"taxable","12":"shipping-taxable","13":"product-type-simple"},"yoast_head":"<!-- This site is optimized with the Yoast SEO plugin v27.0 - https:\/\/yoast.com\/product\/yoast-seo-wordpress\/ -->\n<title>Blattf\u00f6rmige Spielmatte Honey Leaf Play mat - Cozydots.com<\/title>\n<meta name=\"description\" content=\"Eine Matte, ein blattf\u00f6rmiger Teppich. Ein Bl\u00e4tterteppich 105 \u00d7 95 cm aus dickem Samt.\" \/>\n<meta name=\"robots\" content=\"index, follow, max-snippet:-1, max-image-preview:large, max-video-preview:-1\" \/>\n<link rel=\"canonical\" href=\"https:\/\/cozydots.com\/de\/produkt\/blattfoermige-spielmatte-honey-leaf-play-mat\/\" \/>\n<meta property=\"og:locale\" content=\"de_DE\" \/>\n<meta property=\"og:type\" content=\"article\" \/>\n<meta property=\"og:title\" content=\"Blattf\u00f6rmige Spielmatte Honey Leaf Play mat - Cozydots.com\" \/>\n<meta property=\"og:description\" content=\"Eine Matte, ein blattf\u00f6rmiger Teppich. Ein Bl\u00e4tterteppich 105 \u00d7 95 cm aus dickem Samt.\" \/>\n<meta property=\"og:url\" content=\"https:\/\/cozydots.com\/de\/produkt\/blattfoermige-spielmatte-honey-leaf-play-mat\/\" \/>\n<meta property=\"og:site_name\" content=\"Cozydots.com\" \/>\n<meta property=\"article:modified_time\" content=\"2022-02-27T11:31:28+00:00\" \/>\n<meta property=\"og:image\" content=\"https:\/\/cozydots.com\/wp-content\/uploads\/2022\/02\/mata_lisc.jpg\" \/>\n\t<meta property=\"og:image:width\" content=\"1200\" \/>\n\t<meta property=\"og:image:height\" content=\"1200\" \/>\n\t<meta property=\"og:image:type\" content=\"image\/jpeg\" \/>\n<meta name=\"twitter:card\" content=\"summary_large_image\" \/>\n<meta name=\"twitter:label1\" content=\"Gesch\u00e4tzte Lesezeit\" \/>\n\t<meta name=\"twitter:data1\" content=\"1\u00a0Minute\" \/>\n<script type=\"application\/ld+json\" class=\"yoast-schema-graph\">{\"@context\":\"https:\/\/schema.org\",\"@graph\":[{\"@type\":\"WebPage\",\"@id\":\"https:\/\/cozydots.com\/de\/produkt\/blattfoermige-spielmatte-honey-leaf-play-mat\/\",\"url\":\"https:\/\/cozydots.com\/de\/produkt\/blattfoermige-spielmatte-honey-leaf-play-mat\/\",\"name\":\"Blattf\u00f6rmige Spielmatte Honey Leaf Play mat - Cozydots.com\",\"isPartOf\":{\"@id\":\"https:\/\/cozydots.com\/de\/#website\"},\"primaryImageOfPage\":{\"@id\":\"https:\/\/cozydots.com\/de\/produkt\/blattfoermige-spielmatte-honey-leaf-play-mat\/#primaryimage\"},\"image\":{\"@id\":\"https:\/\/cozydots.com\/de\/produkt\/blattfoermige-spielmatte-honey-leaf-play-mat\/#primaryimage\"},\"thumbnailUrl\":\"https:\/\/cozydots.com\/wp-content\/uploads\/2022\/02\/mata_lisc.jpg\",\"datePublished\":\"2022-02-23T14:52:33+00:00\",\"dateModified\":\"2022-02-27T11:31:28+00:00\",\"description\":\"Eine Matte, ein blattf\u00f6rmiger Teppich. Ein Bl\u00e4tterteppich 105 \u00d7 95 cm aus dickem Samt.\",\"breadcrumb\":{\"@id\":\"https:\/\/cozydots.com\/de\/produkt\/blattfoermige-spielmatte-honey-leaf-play-mat\/#breadcrumb\"},\"inLanguage\":\"de\",\"potentialAction\":[{\"@type\":\"ReadAction\",\"target\":[\"https:\/\/cozydots.com\/de\/produkt\/blattfoermige-spielmatte-honey-leaf-play-mat\/\"]}]},{\"@type\":\"ImageObject\",\"inLanguage\":\"de\",\"@id\":\"https:\/\/cozydots.com\/de\/produkt\/blattfoermige-spielmatte-honey-leaf-play-mat\/#primaryimage\",\"url\":\"https:\/\/cozydots.com\/wp-content\/uploads\/2022\/02\/mata_lisc.jpg\",\"contentUrl\":\"https:\/\/cozydots.com\/wp-content\/uploads\/2022\/02\/mata_lisc.jpg\",\"width\":1200,\"height\":1200},{\"@type\":\"BreadcrumbList\",\"@id\":\"https:\/\/cozydots.com\/de\/produkt\/blattfoermige-spielmatte-honey-leaf-play-mat\/#breadcrumb\",\"itemListElement\":[{\"@type\":\"ListItem\",\"position\":1,\"name\":\"Strona g\u0142\u00f3wna\",\"item\":\"https:\/\/cozydots.com\/de\/\"},{\"@type\":\"ListItem\",\"position\":2,\"name\":\"Shop\",\"item\":\"https:\/\/cozydots.com\/de\/shop\/\"},{\"@type\":\"ListItem\",\"position\":3,\"name\":\"Blattf\u00f6rmige Spielmatte Honey Leaf Play mat\"}]},{\"@type\":\"WebSite\",\"@id\":\"https:\/\/cozydots.com\/de\/#website\",\"url\":\"https:\/\/cozydots.com\/de\/\",\"name\":\"Cozydots.com\",\"description\":\"Producent namiot\u00f3w Tipi\",\"publisher\":{\"@id\":\"https:\/\/cozydots.com\/de\/#organization\"},\"potentialAction\":[{\"@type\":\"SearchAction\",\"target\":{\"@type\":\"EntryPoint\",\"urlTemplate\":\"https:\/\/cozydots.com\/de\/?s={search_term_string}\"},\"query-input\":{\"@type\":\"PropertyValueSpecification\",\"valueRequired\":true,\"valueName\":\"search_term_string\"}}],\"inLanguage\":\"de\"},{\"@type\":\"Organization\",\"@id\":\"https:\/\/cozydots.com\/de\/#organization\",\"name\":\"Cozydots.com\",\"url\":\"https:\/\/cozydots.com\/de\/\",\"logo\":{\"@type\":\"ImageObject\",\"inLanguage\":\"de\",\"@id\":\"https:\/\/cozydots.com\/de\/#\/schema\/logo\/image\/\",\"url\":\"https:\/\/cozydots.com\/wp-content\/uploads\/2021\/10\/cozyshop_logo.png\",\"contentUrl\":\"https:\/\/cozydots.com\/wp-content\/uploads\/2021\/10\/cozyshop_logo.png\",\"width\":400,\"height\":121,\"caption\":\"Cozydots.com\"},\"image\":{\"@id\":\"https:\/\/cozydots.com\/de\/#\/schema\/logo\/image\/\"}}]}<\/script>\n<!-- \/ Yoast SEO plugin. -->","yoast_head_json":{"title":"Blattf\u00f6rmige Spielmatte Honey Leaf Play mat - Cozydots.com","description":"Eine Matte, ein blattf\u00f6rmiger Teppich. Ein Bl\u00e4tterteppich 105 \u00d7 95 cm aus dickem Samt.","robots":{"index":"index","follow":"follow","max-snippet":"max-snippet:-1","max-image-preview":"max-image-preview:large","max-video-preview":"max-video-preview:-1"},"canonical":"https:\/\/cozydots.com\/de\/produkt\/blattfoermige-spielmatte-honey-leaf-play-mat\/","og_locale":"de_DE","og_type":"article","og_title":"Blattf\u00f6rmige Spielmatte Honey Leaf Play mat - Cozydots.com","og_description":"Eine Matte, ein blattf\u00f6rmiger Teppich. Ein Bl\u00e4tterteppich 105 \u00d7 95 cm aus dickem Samt.","og_url":"https:\/\/cozydots.com\/de\/produkt\/blattfoermige-spielmatte-honey-leaf-play-mat\/","og_site_name":"Cozydots.com","article_modified_time":"2022-02-27T11:31:28+00:00","og_image":[{"width":1200,"height":1200,"url":"https:\/\/cozydots.com\/wp-content\/uploads\/2022\/02\/mata_lisc.jpg","type":"image\/jpeg"}],"twitter_card":"summary_large_image","twitter_misc":{"Gesch\u00e4tzte Lesezeit":"1\u00a0Minute"},"schema":{"@context":"https:\/\/schema.org","@graph":[{"@type":"WebPage","@id":"https:\/\/cozydots.com\/de\/produkt\/blattfoermige-spielmatte-honey-leaf-play-mat\/","url":"https:\/\/cozydots.com\/de\/produkt\/blattfoermige-spielmatte-honey-leaf-play-mat\/","name":"Blattf\u00f6rmige Spielmatte Honey Leaf Play mat - Cozydots.com","isPartOf":{"@id":"https:\/\/cozydots.com\/de\/#website"},"primaryImageOfPage":{"@id":"https:\/\/cozydots.com\/de\/produkt\/blattfoermige-spielmatte-honey-leaf-play-mat\/#primaryimage"},"image":{"@id":"https:\/\/cozydots.com\/de\/produkt\/blattfoermige-spielmatte-honey-leaf-play-mat\/#primaryimage"},"thumbnailUrl":"https:\/\/cozydots.com\/wp-content\/uploads\/2022\/02\/mata_lisc.jpg","datePublished":"2022-02-23T14:52:33+00:00","dateModified":"2022-02-27T11:31:28+00:00","description":"Eine Matte, ein blattf\u00f6rmiger Teppich. Ein Bl\u00e4tterteppich 105 \u00d7 95 cm aus dickem Samt.","breadcrumb":{"@id":"https:\/\/cozydots.com\/de\/produkt\/blattfoermige-spielmatte-honey-leaf-play-mat\/#breadcrumb"},"inLanguage":"de","potentialAction":[{"@type":"ReadAction","target":["https:\/\/cozydots.com\/de\/produkt\/blattfoermige-spielmatte-honey-leaf-play-mat\/"]}]},{"@type":"ImageObject","inLanguage":"de","@id":"https:\/\/cozydots.com\/de\/produkt\/blattfoermige-spielmatte-honey-leaf-play-mat\/#primaryimage","url":"https:\/\/cozydots.com\/wp-content\/uploads\/2022\/02\/mata_lisc.jpg","contentUrl":"https:\/\/cozydots.com\/wp-content\/uploads\/2022\/02\/mata_lisc.jpg","width":1200,"height":1200},{"@type":"BreadcrumbList","@id":"https:\/\/cozydots.com\/de\/produkt\/blattfoermige-spielmatte-honey-leaf-play-mat\/#breadcrumb","itemListElement":[{"@type":"ListItem","position":1,"name":"Strona g\u0142\u00f3wna","item":"https:\/\/cozydots.com\/de\/"},{"@type":"ListItem","position":2,"name":"Shop","item":"https:\/\/cozydots.com\/de\/shop\/"},{"@type":"ListItem","position":3,"name":"Blattf\u00f6rmige Spielmatte Honey Leaf Play mat"}]},{"@type":"WebSite","@id":"https:\/\/cozydots.com\/de\/#website","url":"https:\/\/cozydots.com\/de\/","name":"Cozydots.com","description":"Producent namiot\u00f3w Tipi","publisher":{"@id":"https:\/\/cozydots.com\/de\/#organization"},"potentialAction":[{"@type":"SearchAction","target":{"@type":"EntryPoint","urlTemplate":"https:\/\/cozydots.com\/de\/?s={search_term_string}"},"query-input":{"@type":"PropertyValueSpecification","valueRequired":true,"valueName":"search_term_string"}}],"inLanguage":"de"},{"@type":"Organization","@id":"https:\/\/cozydots.com\/de\/#organization","name":"Cozydots.com","url":"https:\/\/cozydots.com\/de\/","logo":{"@type":"ImageObject","inLanguage":"de","@id":"https:\/\/cozydots.com\/de\/#\/schema\/logo\/image\/","url":"https:\/\/cozydots.com\/wp-content\/uploads\/2021\/10\/cozyshop_logo.png","contentUrl":"https:\/\/cozydots.com\/wp-content\/uploads\/2021\/10\/cozyshop_logo.png","width":400,"height":121,"caption":"Cozydots.com"},"image":{"@id":"https:\/\/cozydots.com\/de\/#\/schema\/logo\/image\/"}}]}},"_links":{"self":[{"href":"https:\/\/cozydots.com\/de\/wp-json\/wp\/v2\/product\/48749","targetHints":{"allow":["GET"]}}],"collection":[{"href":"https:\/\/cozydots.com\/de\/wp-json\/wp\/v2\/product"}],"about":[{"href":"https:\/\/cozydots.com\/de\/wp-json\/wp\/v2\/types\/product"}],"replies":[{"embeddable":true,"href":"https:\/\/cozydots.com\/de\/wp-json\/wp\/v2\/comments?post=48749"}],"wp:featuredmedia":[{"embeddable":true,"href":"https:\/\/cozydots.com\/de\/wp-json\/wp\/v2\/media\/48737"}],"wp:attachment":[{"href":"https:\/\/cozydots.com\/de\/wp-json\/wp\/v2\/media?parent=48749"}],"wp:term":[{"taxonomy":"product_brand","embeddable":true,"href":"https:\/\/cozydots.com\/de\/wp-json\/wp\/v2\/product_brand?post=48749"},{"taxonomy":"product_cat","embeddable":true,"href":"https:\/\/cozydots.com\/de\/wp-json\/wp\/v2\/product_cat?post=48749"},{"taxonomy":"product_tag","embeddable":true,"href":"https:\/\/cozydots.com\/de\/wp-json\/wp\/v2\/product_tag?post=48749"}],"curies":[{"name":"wp","href":"https:\/\/api.w.org\/{rel}","templated":true}]}}