{"id":48893,"date":"2022-02-24T14:33:16","date_gmt":"2022-02-24T13:53:08","guid":{"rendered":"https:\/\/cozydots.com\/?post_type=product&#038;p=48893"},"modified":"2022-06-29T17:18:53","modified_gmt":"2022-06-29T15:18:53","slug":"tipi-zelt-candy-red-tipi-spielzelt-fuer-kinder-mit-gepolsterter-decke","status":"publish","type":"product","link":"https:\/\/cozydots.com\/de\/produkt\/tipi-zelt-candy-red-tipi-spielzelt-fuer-kinder-mit-gepolsterter-decke\/","title":{"rendered":"Tipi Zelt Candy Red, Tipi Spielzelt f\u00fcr Kinder mit Gepolsterter Decke"},"content":{"rendered":"<p><b>Tipi Zelt Candy<\/b><\/p>\n<p><b>Tipi Spielzelt f\u00fcr Kinder mit Gepolsterter Decke Cozy &amp; Dozy<\/b><\/p>\n<p>Das Candy-Zelt besteht aus starkem Canvas (<b>100% Baumwolle 270g\/m2<\/b>) und ist mit bunter Baumwolle verziert, die wie Markisen aussieht. Die Candy-Kollektion ist eine Anspielung auf bunte S\u00fc\u00dfwarenl\u00e4den.<\/p>\n<p>Ein Zelt ist ein gro\u00dfartiger Ort zum Spielen zu Hause, auf der Terrasse oder im Garten. Das Spiel-Tipi hat ein Fenster mit Rollo und zwei Taschen f\u00fcr Spielzeug. Das Candy Zelt mit Matte l\u00e4sst sich mit Kissen in Form von Luftballons, Macarons und bunten Girlanden kombinieren. Candy ist eine von Gesch\u00e4ften inspirierte Kollektion mit s\u00fc\u00dfen Donuts, Macarons-Keksen und bunten Luftballons.<\/p>\n<p>Zelte im Candy-Shop-Stil mit dekorativer Markise sind ein toller Ort zum Spielen und eine gem\u00fctliche Ecke zum Ausruhen.<\/p>\n<p><b>Das Candy-Set von Cozy &amp; Dozy beinhaltet:<\/b><\/p>\n<ul>\n<li><b>Tipi-Zelt<\/b> (Farben zur Auswahl)<\/li>\n<li>Spielmatte<\/li>\n<li>4 St\u00f6cke aus nat\u00fcrlichem Kiefernholz (Rahmen)<\/li>\n<li><b>Stabilisator<\/b> (verhindert, dass sich der Rahmen bewegt)<\/li>\n<\/ul>\n<table class=\"woocommerce-product-attributes shop_attributes\">\n<tbody>\n<tr class=\"woocommerce-product-attributes-item woocommerce-product-attributes-item--weight\">\n<th class=\"woocommerce-product-attributes-item__label\">GEWICHT<\/th>\n<td class=\"woocommerce-product-attributes-item__value\" data-o_content=\"2 kg\">2 kg<\/td>\n<\/tr>\n<tr class=\"woocommerce-product-attributes-item woocommerce-product-attributes-item--attribute_pa_wysokosc-rozlozone\">\n<th class=\"woocommerce-product-attributes-item__label\">H\u00d6HE (MIT STANGEN) NACH DEM AUSKLAPPEN<\/th>\n<td class=\"woocommerce-product-attributes-item__value\">150 cm<\/td>\n<\/tr>\n<tr class=\"woocommerce-product-attributes-item woocommerce-product-attributes-item--attribute_pa_wysokosc-zlozona\">\n<th class=\"woocommerce-product-attributes-item__label\">H\u00d6HE (MIT STANGEN) NACH DEM KLAPPEN<\/th>\n<td class=\"woocommerce-product-attributes-item__value\">170 cm<\/td>\n<\/tr>\n<tr class=\"woocommerce-product-attributes-item woocommerce-product-attributes-item--attribute_pa_powierzchnia-podlogi\">\n<th class=\"woocommerce-product-attributes-item__label\">WOHNFL\u00c4CHE<\/th>\n<td class=\"woocommerce-product-attributes-item__value\">110 x 110 cm<\/td>\n<\/tr>\n<tr class=\"woocommerce-product-attributes-item woocommerce-product-attributes-item--attribute_pa_tkanina\">\n<th class=\"woocommerce-product-attributes-item__label\">TKANINA<\/th>\n<td class=\"woocommerce-product-attributes-item__value\">100% Baumwolle 270g \/ m2,\u00a0<span style=\"color: #555555;font-family: inherit;font-size: inherit\">sicher f\u00fcr Kinder, zertifizierte Stoffe<\/span><\/td>\n<\/tr>\n<tr class=\"woocommerce-product-attributes-item woocommerce-product-attributes-item--attribute_pa_wypelnienie-maty-i-poduszek\">\n<th class=\"woocommerce-product-attributes-item__label\">F\u00dcLLUNG DER MATTEN UND KISSEN<\/th>\n<td class=\"woocommerce-product-attributes-item__value\">100% antiallergische Silikonwatte<\/td>\n<\/tr>\n<tr class=\"woocommerce-product-attributes-item woocommerce-product-attributes-item--attribute_pa_mata\">\n<th class=\"woocommerce-product-attributes-item__label\">DECKE<\/th>\n<td class=\"woocommerce-product-attributes-item__value\">110 x 110 cm<\/td>\n<\/tr>\n<tr class=\"woocommerce-product-attributes-item woocommerce-product-attributes-item--attribute_pa_stelaz\">\n<th class=\"woocommerce-product-attributes-item__label\">RAHMEN<\/th>\n<td class=\"woocommerce-product-attributes-item__value\">Kiefernholzst\u00e4bchen \/ Metallverschl\u00fcsse<\/td>\n<\/tr>\n<tr class=\"woocommerce-product-attributes-item woocommerce-product-attributes-item--attribute_pa_instrukcja-prania\">\n<th class=\"woocommerce-product-attributes-item__label\">WASCHANLEITUNG<\/th>\n<td class=\"woocommerce-product-attributes-item__value\">Das Material kann bei 40 Grad in der Maschine gewaschen werden, Schleudern \u2013 max 800 Umdrehungen \/ Nicht chemisch reinigen \/ Nicht bleichen<\/td>\n<\/tr>\n<tr class=\"woocommerce-product-attributes-item woocommerce-product-attributes-item--attribute_pa_szacowany-czas-montazu\">\n<th class=\"woocommerce-product-attributes-item__label\">GESCH\u00c4TZTE MONTAGEZEIT<\/th>\n<td class=\"woocommerce-product-attributes-item__value\">5 min<\/td>\n<\/tr>\n<\/tbody>\n<\/table>\n<p><b>Entworfen und hergestellt in Europa<\/b><\/p>\n<p>Alle Modelle werden von uns entworfen und wir geben Ihnen die Garantie, dass Sie ein einzigartiges Produkt und beste Qualit\u00e4t erhalten. Tipi-Zelte werden in Handarbeit hergestellt, aus f\u00fcr Kinder sicheren Stoffen aus Europa und mit Qualit\u00e4tszertifikaten.<\/p>\n<p>Tipi in verschiedenen Farben erh\u00e4ltlich.<\/p>\n<p><b>Mach dich bereit, Spa\u00df zu haben<\/b><\/p>\n<p>Tipi in dieser Gr\u00f6\u00dfe bieten Platz f\u00fcr 2-3 Kinder. Es ist leicht und daher leicht zu transportieren. Es kann in einer speziellen Tasche mit Griff aufbewahrt werden (nicht im Set enthalten)<\/p>\n<p>Die Stoffe, aus denen unsere Tipi-Zelte hergestellt werden, sind zertifiziert und stammen nur aus europ\u00e4ischen L\u00e4ndern, was sie f\u00fcr Kinder sicher macht.<\/p>\n<p><b>Alle Cozy &amp; Dozy Produkte werden in Polen entworfen und gen\u00e4ht.<\/b><\/p>\n","protected":false},"excerpt":{"rendered":"<p>Ein Zelt ist ein gro\u00dfartiger Ort zum Spielen zu Hause, auf der Terrasse oder im Garten. Das Spiel-Tipi hat ein Fenster mit Rollo und zwei Taschen f\u00fcr Spielzeug.<\/p>\n","protected":false},"featured_media":48887,"comment_status":"open","ping_status":"closed","template":"","meta":[],"product_brand":[],"product_cat":[78],"product_tag":[],"class_list":{"0":"post-48893","1":"product","2":"type-product","3":"status-publish","4":"has-post-thumbnail","6":"product_cat-tipi-zelt","8":"first","9":"instock","10":"sale","11":"taxable","12":"shipping-taxable","13":"product-type-simple"},"yoast_head":"<!-- This site is optimized with the Yoast SEO plugin v27.0 - https:\/\/yoast.com\/product\/yoast-seo-wordpress\/ -->\n<title>Tipi Zelt Candy Red, Tipi Spielzelt f\u00fcr Kinder mit Gepolsterter Decke - Cozydots.com<\/title>\n<meta name=\"description\" content=\"Ein Zelt ist ein gro\u00dfartiger Ort zum Spielen zu Hause, auf der Terrasse oder im Garten. Das Spiel-Tipi hat ein Fenster mit Rollo und zwei Taschen f\u00fcr Spielzeug.\" \/>\n<meta name=\"robots\" content=\"index, follow, max-snippet:-1, max-image-preview:large, max-video-preview:-1\" \/>\n<link rel=\"canonical\" href=\"https:\/\/cozydots.com\/de\/produkt\/tipi-zelt-candy-red-tipi-spielzelt-fuer-kinder-mit-gepolsterter-decke\/\" \/>\n<meta property=\"og:locale\" content=\"de_DE\" \/>\n<meta property=\"og:type\" content=\"article\" \/>\n<meta property=\"og:title\" content=\"Tipi Zelt Candy Red, Tipi Spielzelt f\u00fcr Kinder mit Gepolsterter Decke - Cozydots.com\" \/>\n<meta property=\"og:description\" content=\"Ein Zelt ist ein gro\u00dfartiger Ort zum Spielen zu Hause, auf der Terrasse oder im Garten. Das Spiel-Tipi hat ein Fenster mit Rollo und zwei Taschen f\u00fcr Spielzeug.\" \/>\n<meta property=\"og:url\" content=\"https:\/\/cozydots.com\/de\/produkt\/tipi-zelt-candy-red-tipi-spielzelt-fuer-kinder-mit-gepolsterter-decke\/\" \/>\n<meta property=\"og:site_name\" content=\"Cozydots.com\" \/>\n<meta property=\"article:modified_time\" content=\"2022-06-29T15:18:53+00:00\" \/>\n<meta property=\"og:image\" content=\"https:\/\/cozydots.com\/wp-content\/uploads\/2022\/02\/candy-red-tipi.jpg\" \/>\n\t<meta property=\"og:image:width\" content=\"1200\" \/>\n\t<meta property=\"og:image:height\" content=\"1200\" \/>\n\t<meta property=\"og:image:type\" content=\"image\/jpeg\" \/>\n<meta name=\"twitter:card\" content=\"summary_large_image\" \/>\n<meta name=\"twitter:label1\" content=\"Gesch\u00e4tzte Lesezeit\" \/>\n\t<meta name=\"twitter:data1\" content=\"3\u00a0Minuten\" \/>\n<script type=\"application\/ld+json\" class=\"yoast-schema-graph\">{\"@context\":\"https:\/\/schema.org\",\"@graph\":[{\"@type\":\"WebPage\",\"@id\":\"https:\/\/cozydots.com\/de\/produkt\/tipi-zelt-candy-red-tipi-spielzelt-fuer-kinder-mit-gepolsterter-decke\/\",\"url\":\"https:\/\/cozydots.com\/de\/produkt\/tipi-zelt-candy-red-tipi-spielzelt-fuer-kinder-mit-gepolsterter-decke\/\",\"name\":\"Tipi Zelt Candy Red, Tipi Spielzelt f\u00fcr Kinder mit Gepolsterter Decke - Cozydots.com\",\"isPartOf\":{\"@id\":\"https:\/\/cozydots.com\/de\/#website\"},\"primaryImageOfPage\":{\"@id\":\"https:\/\/cozydots.com\/de\/produkt\/tipi-zelt-candy-red-tipi-spielzelt-fuer-kinder-mit-gepolsterter-decke\/#primaryimage\"},\"image\":{\"@id\":\"https:\/\/cozydots.com\/de\/produkt\/tipi-zelt-candy-red-tipi-spielzelt-fuer-kinder-mit-gepolsterter-decke\/#primaryimage\"},\"thumbnailUrl\":\"https:\/\/cozydots.com\/wp-content\/uploads\/2022\/02\/candy-red-tipi.jpg\",\"datePublished\":\"2022-02-24T13:53:08+00:00\",\"dateModified\":\"2022-06-29T15:18:53+00:00\",\"description\":\"Ein Zelt ist ein gro\u00dfartiger Ort zum Spielen zu Hause, auf der Terrasse oder im Garten. Das Spiel-Tipi hat ein Fenster mit Rollo und zwei Taschen f\u00fcr Spielzeug.\",\"breadcrumb\":{\"@id\":\"https:\/\/cozydots.com\/de\/produkt\/tipi-zelt-candy-red-tipi-spielzelt-fuer-kinder-mit-gepolsterter-decke\/#breadcrumb\"},\"inLanguage\":\"de\",\"potentialAction\":[{\"@type\":\"ReadAction\",\"target\":[\"https:\/\/cozydots.com\/de\/produkt\/tipi-zelt-candy-red-tipi-spielzelt-fuer-kinder-mit-gepolsterter-decke\/\"]}]},{\"@type\":\"ImageObject\",\"inLanguage\":\"de\",\"@id\":\"https:\/\/cozydots.com\/de\/produkt\/tipi-zelt-candy-red-tipi-spielzelt-fuer-kinder-mit-gepolsterter-decke\/#primaryimage\",\"url\":\"https:\/\/cozydots.com\/wp-content\/uploads\/2022\/02\/candy-red-tipi.jpg\",\"contentUrl\":\"https:\/\/cozydots.com\/wp-content\/uploads\/2022\/02\/candy-red-tipi.jpg\",\"width\":1200,\"height\":1200},{\"@type\":\"BreadcrumbList\",\"@id\":\"https:\/\/cozydots.com\/de\/produkt\/tipi-zelt-candy-red-tipi-spielzelt-fuer-kinder-mit-gepolsterter-decke\/#breadcrumb\",\"itemListElement\":[{\"@type\":\"ListItem\",\"position\":1,\"name\":\"Strona g\u0142\u00f3wna\",\"item\":\"https:\/\/cozydots.com\/de\/\"},{\"@type\":\"ListItem\",\"position\":2,\"name\":\"Shop\",\"item\":\"https:\/\/cozydots.com\/de\/shop\/\"},{\"@type\":\"ListItem\",\"position\":3,\"name\":\"Tipi Zelt Candy Red, Tipi Spielzelt f\u00fcr Kinder mit Gepolsterter Decke\"}]},{\"@type\":\"WebSite\",\"@id\":\"https:\/\/cozydots.com\/de\/#website\",\"url\":\"https:\/\/cozydots.com\/de\/\",\"name\":\"Cozydots.com\",\"description\":\"Producent namiot\u00f3w Tipi\",\"publisher\":{\"@id\":\"https:\/\/cozydots.com\/de\/#organization\"},\"potentialAction\":[{\"@type\":\"SearchAction\",\"target\":{\"@type\":\"EntryPoint\",\"urlTemplate\":\"https:\/\/cozydots.com\/de\/?s={search_term_string}\"},\"query-input\":{\"@type\":\"PropertyValueSpecification\",\"valueRequired\":true,\"valueName\":\"search_term_string\"}}],\"inLanguage\":\"de\"},{\"@type\":\"Organization\",\"@id\":\"https:\/\/cozydots.com\/de\/#organization\",\"name\":\"Cozydots.com\",\"url\":\"https:\/\/cozydots.com\/de\/\",\"logo\":{\"@type\":\"ImageObject\",\"inLanguage\":\"de\",\"@id\":\"https:\/\/cozydots.com\/de\/#\/schema\/logo\/image\/\",\"url\":\"https:\/\/cozydots.com\/wp-content\/uploads\/2021\/10\/cozyshop_logo.png\",\"contentUrl\":\"https:\/\/cozydots.com\/wp-content\/uploads\/2021\/10\/cozyshop_logo.png\",\"width\":400,\"height\":121,\"caption\":\"Cozydots.com\"},\"image\":{\"@id\":\"https:\/\/cozydots.com\/de\/#\/schema\/logo\/image\/\"}}]}<\/script>\n<!-- \/ Yoast SEO plugin. -->","yoast_head_json":{"title":"Tipi Zelt Candy Red, Tipi Spielzelt f\u00fcr Kinder mit Gepolsterter Decke - Cozydots.com","description":"Ein Zelt ist ein gro\u00dfartiger Ort zum Spielen zu Hause, auf der Terrasse oder im Garten. Das Spiel-Tipi hat ein Fenster mit Rollo und zwei Taschen f\u00fcr Spielzeug.","robots":{"index":"index","follow":"follow","max-snippet":"max-snippet:-1","max-image-preview":"max-image-preview:large","max-video-preview":"max-video-preview:-1"},"canonical":"https:\/\/cozydots.com\/de\/produkt\/tipi-zelt-candy-red-tipi-spielzelt-fuer-kinder-mit-gepolsterter-decke\/","og_locale":"de_DE","og_type":"article","og_title":"Tipi Zelt Candy Red, Tipi Spielzelt f\u00fcr Kinder mit Gepolsterter Decke - Cozydots.com","og_description":"Ein Zelt ist ein gro\u00dfartiger Ort zum Spielen zu Hause, auf der Terrasse oder im Garten. Das Spiel-Tipi hat ein Fenster mit Rollo und zwei Taschen f\u00fcr Spielzeug.","og_url":"https:\/\/cozydots.com\/de\/produkt\/tipi-zelt-candy-red-tipi-spielzelt-fuer-kinder-mit-gepolsterter-decke\/","og_site_name":"Cozydots.com","article_modified_time":"2022-06-29T15:18:53+00:00","og_image":[{"width":1200,"height":1200,"url":"https:\/\/cozydots.com\/wp-content\/uploads\/2022\/02\/candy-red-tipi.jpg","type":"image\/jpeg"}],"twitter_card":"summary_large_image","twitter_misc":{"Gesch\u00e4tzte Lesezeit":"3\u00a0Minuten"},"schema":{"@context":"https:\/\/schema.org","@graph":[{"@type":"WebPage","@id":"https:\/\/cozydots.com\/de\/produkt\/tipi-zelt-candy-red-tipi-spielzelt-fuer-kinder-mit-gepolsterter-decke\/","url":"https:\/\/cozydots.com\/de\/produkt\/tipi-zelt-candy-red-tipi-spielzelt-fuer-kinder-mit-gepolsterter-decke\/","name":"Tipi Zelt Candy Red, Tipi Spielzelt f\u00fcr Kinder mit Gepolsterter Decke - Cozydots.com","isPartOf":{"@id":"https:\/\/cozydots.com\/de\/#website"},"primaryImageOfPage":{"@id":"https:\/\/cozydots.com\/de\/produkt\/tipi-zelt-candy-red-tipi-spielzelt-fuer-kinder-mit-gepolsterter-decke\/#primaryimage"},"image":{"@id":"https:\/\/cozydots.com\/de\/produkt\/tipi-zelt-candy-red-tipi-spielzelt-fuer-kinder-mit-gepolsterter-decke\/#primaryimage"},"thumbnailUrl":"https:\/\/cozydots.com\/wp-content\/uploads\/2022\/02\/candy-red-tipi.jpg","datePublished":"2022-02-24T13:53:08+00:00","dateModified":"2022-06-29T15:18:53+00:00","description":"Ein Zelt ist ein gro\u00dfartiger Ort zum Spielen zu Hause, auf der Terrasse oder im Garten. Das Spiel-Tipi hat ein Fenster mit Rollo und zwei Taschen f\u00fcr Spielzeug.","breadcrumb":{"@id":"https:\/\/cozydots.com\/de\/produkt\/tipi-zelt-candy-red-tipi-spielzelt-fuer-kinder-mit-gepolsterter-decke\/#breadcrumb"},"inLanguage":"de","potentialAction":[{"@type":"ReadAction","target":["https:\/\/cozydots.com\/de\/produkt\/tipi-zelt-candy-red-tipi-spielzelt-fuer-kinder-mit-gepolsterter-decke\/"]}]},{"@type":"ImageObject","inLanguage":"de","@id":"https:\/\/cozydots.com\/de\/produkt\/tipi-zelt-candy-red-tipi-spielzelt-fuer-kinder-mit-gepolsterter-decke\/#primaryimage","url":"https:\/\/cozydots.com\/wp-content\/uploads\/2022\/02\/candy-red-tipi.jpg","contentUrl":"https:\/\/cozydots.com\/wp-content\/uploads\/2022\/02\/candy-red-tipi.jpg","width":1200,"height":1200},{"@type":"BreadcrumbList","@id":"https:\/\/cozydots.com\/de\/produkt\/tipi-zelt-candy-red-tipi-spielzelt-fuer-kinder-mit-gepolsterter-decke\/#breadcrumb","itemListElement":[{"@type":"ListItem","position":1,"name":"Strona g\u0142\u00f3wna","item":"https:\/\/cozydots.com\/de\/"},{"@type":"ListItem","position":2,"name":"Shop","item":"https:\/\/cozydots.com\/de\/shop\/"},{"@type":"ListItem","position":3,"name":"Tipi Zelt Candy Red, Tipi Spielzelt f\u00fcr Kinder mit Gepolsterter Decke"}]},{"@type":"WebSite","@id":"https:\/\/cozydots.com\/de\/#website","url":"https:\/\/cozydots.com\/de\/","name":"Cozydots.com","description":"Producent namiot\u00f3w Tipi","publisher":{"@id":"https:\/\/cozydots.com\/de\/#organization"},"potentialAction":[{"@type":"SearchAction","target":{"@type":"EntryPoint","urlTemplate":"https:\/\/cozydots.com\/de\/?s={search_term_string}"},"query-input":{"@type":"PropertyValueSpecification","valueRequired":true,"valueName":"search_term_string"}}],"inLanguage":"de"},{"@type":"Organization","@id":"https:\/\/cozydots.com\/de\/#organization","name":"Cozydots.com","url":"https:\/\/cozydots.com\/de\/","logo":{"@type":"ImageObject","inLanguage":"de","@id":"https:\/\/cozydots.com\/de\/#\/schema\/logo\/image\/","url":"https:\/\/cozydots.com\/wp-content\/uploads\/2021\/10\/cozyshop_logo.png","contentUrl":"https:\/\/cozydots.com\/wp-content\/uploads\/2021\/10\/cozyshop_logo.png","width":400,"height":121,"caption":"Cozydots.com"},"image":{"@id":"https:\/\/cozydots.com\/de\/#\/schema\/logo\/image\/"}}]}},"_links":{"self":[{"href":"https:\/\/cozydots.com\/de\/wp-json\/wp\/v2\/product\/48893","targetHints":{"allow":["GET"]}}],"collection":[{"href":"https:\/\/cozydots.com\/de\/wp-json\/wp\/v2\/product"}],"about":[{"href":"https:\/\/cozydots.com\/de\/wp-json\/wp\/v2\/types\/product"}],"replies":[{"embeddable":true,"href":"https:\/\/cozydots.com\/de\/wp-json\/wp\/v2\/comments?post=48893"}],"wp:featuredmedia":[{"embeddable":true,"href":"https:\/\/cozydots.com\/de\/wp-json\/wp\/v2\/media\/48887"}],"wp:attachment":[{"href":"https:\/\/cozydots.com\/de\/wp-json\/wp\/v2\/media?parent=48893"}],"wp:term":[{"taxonomy":"product_brand","embeddable":true,"href":"https:\/\/cozydots.com\/de\/wp-json\/wp\/v2\/product_brand?post=48893"},{"taxonomy":"product_cat","embeddable":true,"href":"https:\/\/cozydots.com\/de\/wp-json\/wp\/v2\/product_cat?post=48893"},{"taxonomy":"product_tag","embeddable":true,"href":"https:\/\/cozydots.com\/de\/wp-json\/wp\/v2\/product_tag?post=48893"}],"curies":[{"name":"wp","href":"https:\/\/api.w.org\/{rel}","templated":true}]}}