{"id":50184,"date":"2022-03-02T13:39:10","date_gmt":"2022-03-02T12:39:10","guid":{"rendered":"https:\/\/cozydots.com\/?post_type=product&#038;p=50184"},"modified":"2023-02-08T11:58:07","modified_gmt":"2023-02-08T10:58:07","slug":"tipi-zelt-blue-sea-velvet-tipi-fuer-kinder-mit-matte-und-kissen","status":"publish","type":"product","link":"https:\/\/cozydots.com\/de\/produkt\/tipi-zelt-blue-sea-velvet-tipi-fuer-kinder-mit-matte-und-kissen\/","title":{"rendered":"Tipi zelt Blue Sea, Velvet Tipi f\u00fcr Kinder mit Matte und Kissen"},"content":{"rendered":"<p><b>Das Spielzelt aus der Blue Sea Serie ist ein blaues Tipi aus starkem Canvas und verziert mit weichem Samt und silbernem Klebeband.<\/b><\/p>\n<p>Ein Tipi-Zelt ist ein gro\u00dfartiger Ort zum Spielen zu Hause, auf der Terrasse oder im Garten.<\/p>\n<p><b>Das blaue Spiel-Tipi hat ein Fenster mit Rollo und zwei Taschen f\u00fcr Spielzeug.<\/b><\/p>\n<p>Das blaue Babyzelt kann mit einer muschel- oder seesternf\u00f6rmigen Matte, Kissen und einer Girlande kombiniert werden.<\/p>\n<p>Blue Sea ist eine Kollektion, die von der Unterwasserwelt inspiriert wurde \u2013 das Blau des Meeres, Seesterne am Strand, bunte Muscheln und freundliche Seepferdchen.<\/p>\n<p><b>Wigwam wurde entwickelt, um das Auge lange zu erfreuen und f\u00fcr sicheren Spa\u00df zu sorgen.<\/b><\/p>\n<p><b>Tipi hat 4 Seiten \u2013 Spielfl\u00e4che ca. 1 m2, H\u00f6he ausgeklappt ca. 150cm.<\/b><\/p>\n<p><b>Jedes Zelt wird mit klappbaren Kiefernstangen und einem Stabilisator geliefert, der die Stangen steif h\u00e4lt, um die Stabilit\u00e4t des Zeltes zu gew\u00e4hrleisten.<\/b><\/p>\n<p><b>Alle Produkte von COZY &amp; DOZY wurden in Polen entwickelt und hergestellt und haben CE-Erkl\u00e4rungen f\u00fcr Kinderprodukte.<\/b><\/p>\n<p>Das Set beinhaltet:<\/p>\n<ul>\n<li>Tipi-Zelt<\/li>\n<li><span style=\"color: #555555\">Blaue Seesternmatte<\/span><\/li>\n<li><span style=\"color: #555555\">graues Starfishkisse<\/span><\/li>\n<li>4 klappbare Kiefernst\u00e4be (8 H\u00e4lften) + Elemente zum Verbinden von St\u00f6cken (8 Schrauben und 4 lange Muttern)<\/li>\n<li>Anweisung<\/li>\n<li>Stabilisator + Saite<\/li>\n<\/ul>\n<p>Materialien:<\/p>\n<ul>\n<li>starke Baumwolle mit  Zertifikat<\/li>\n<li>Samt mit  Zertifikat<\/li>\n<\/ul>\n<p>Pflegemethode:<\/p>\n<ul>\n<li>Maschinenwaschbar bei 40 Grad,<\/li>\n<li>Spin \u2013 800 Umdrehungen<\/li>\n<li>Reinige chemisch nicht<\/li>\n<li>Nicht bleichen<\/li>\n<\/ul>\n","protected":false},"excerpt":{"rendered":"<p>Tipi-Zelt aus fester Baumwolle und Samt, hellblau mit einer gro\u00dfen Matte und einem Kissen. St\u00f6cke und Stabilisator enthalten.<\/p>\n","protected":false},"featured_media":48769,"comment_status":"open","ping_status":"closed","template":"","meta":[],"product_brand":[],"product_cat":[78],"product_tag":[1438],"class_list":{"0":"post-50184","1":"product","2":"type-product","3":"status-publish","4":"has-post-thumbnail","6":"product_cat-tipi-zelt","7":"product_tag-pla-de","9":"first","10":"instock","11":"taxable","12":"shipping-taxable","13":"product-type-simple"},"yoast_head":"<!-- This site is optimized with the Yoast SEO plugin v27.0 - https:\/\/yoast.com\/product\/yoast-seo-wordpress\/ -->\n<title>Tipi zelt Blue Sea, Velvet Tipi f\u00fcr Kinder mit Matte und Kissen - Cozydots.com<\/title>\n<meta name=\"description\" content=\"Tipi-Zelt aus fester Baumwolle und Samt, hellblau mit einer gro\u00dfen Matte und einem Kissen. St\u00f6cke und Stabilisator enthalten.\" \/>\n<meta name=\"robots\" content=\"index, follow, max-snippet:-1, max-image-preview:large, max-video-preview:-1\" \/>\n<link rel=\"canonical\" href=\"https:\/\/cozydots.com\/de\/produkt\/tipi-zelt-blue-sea-velvet-tipi-fuer-kinder-mit-matte-und-kissen\/\" \/>\n<meta property=\"og:locale\" content=\"de_DE\" \/>\n<meta property=\"og:type\" content=\"article\" \/>\n<meta property=\"og:title\" content=\"Tipi zelt Blue Sea, Velvet Tipi f\u00fcr Kinder mit Matte und Kissen - Cozydots.com\" \/>\n<meta property=\"og:description\" content=\"Tipi-Zelt aus fester Baumwolle und Samt, hellblau mit einer gro\u00dfen Matte und einem Kissen. St\u00f6cke und Stabilisator enthalten.\" \/>\n<meta property=\"og:url\" content=\"https:\/\/cozydots.com\/de\/produkt\/tipi-zelt-blue-sea-velvet-tipi-fuer-kinder-mit-matte-und-kissen\/\" \/>\n<meta property=\"og:site_name\" content=\"Cozydots.com\" \/>\n<meta property=\"article:modified_time\" content=\"2023-02-08T10:58:07+00:00\" \/>\n<meta property=\"og:image\" content=\"https:\/\/cozydots.com\/wp-content\/uploads\/2022\/02\/blue-sea-tipi-set.jpg\" \/>\n\t<meta property=\"og:image:width\" content=\"1200\" \/>\n\t<meta property=\"og:image:height\" content=\"1312\" \/>\n\t<meta property=\"og:image:type\" content=\"image\/jpeg\" \/>\n<meta name=\"twitter:card\" content=\"summary_large_image\" \/>\n<meta name=\"twitter:label1\" content=\"Gesch\u00e4tzte Lesezeit\" \/>\n\t<meta name=\"twitter:data1\" content=\"2\u00a0Minuten\" \/>\n<script type=\"application\/ld+json\" class=\"yoast-schema-graph\">{\"@context\":\"https:\/\/schema.org\",\"@graph\":[{\"@type\":\"WebPage\",\"@id\":\"https:\/\/cozydots.com\/de\/produkt\/tipi-zelt-blue-sea-velvet-tipi-fuer-kinder-mit-matte-und-kissen\/\",\"url\":\"https:\/\/cozydots.com\/de\/produkt\/tipi-zelt-blue-sea-velvet-tipi-fuer-kinder-mit-matte-und-kissen\/\",\"name\":\"Tipi zelt Blue Sea, Velvet Tipi f\u00fcr Kinder mit Matte und Kissen - Cozydots.com\",\"isPartOf\":{\"@id\":\"https:\/\/cozydots.com\/de\/#website\"},\"primaryImageOfPage\":{\"@id\":\"https:\/\/cozydots.com\/de\/produkt\/tipi-zelt-blue-sea-velvet-tipi-fuer-kinder-mit-matte-und-kissen\/#primaryimage\"},\"image\":{\"@id\":\"https:\/\/cozydots.com\/de\/produkt\/tipi-zelt-blue-sea-velvet-tipi-fuer-kinder-mit-matte-und-kissen\/#primaryimage\"},\"thumbnailUrl\":\"https:\/\/cozydots.com\/wp-content\/uploads\/2022\/02\/blue-sea-tipi-set.jpg\",\"datePublished\":\"2022-03-02T12:39:10+00:00\",\"dateModified\":\"2023-02-08T10:58:07+00:00\",\"description\":\"Tipi-Zelt aus fester Baumwolle und Samt, hellblau mit einer gro\u00dfen Matte und einem Kissen. St\u00f6cke und Stabilisator enthalten.\",\"breadcrumb\":{\"@id\":\"https:\/\/cozydots.com\/de\/produkt\/tipi-zelt-blue-sea-velvet-tipi-fuer-kinder-mit-matte-und-kissen\/#breadcrumb\"},\"inLanguage\":\"de\",\"potentialAction\":[{\"@type\":\"ReadAction\",\"target\":[\"https:\/\/cozydots.com\/de\/produkt\/tipi-zelt-blue-sea-velvet-tipi-fuer-kinder-mit-matte-und-kissen\/\"]}]},{\"@type\":\"ImageObject\",\"inLanguage\":\"de\",\"@id\":\"https:\/\/cozydots.com\/de\/produkt\/tipi-zelt-blue-sea-velvet-tipi-fuer-kinder-mit-matte-und-kissen\/#primaryimage\",\"url\":\"https:\/\/cozydots.com\/wp-content\/uploads\/2022\/02\/blue-sea-tipi-set.jpg\",\"contentUrl\":\"https:\/\/cozydots.com\/wp-content\/uploads\/2022\/02\/blue-sea-tipi-set.jpg\",\"width\":1200,\"height\":1312},{\"@type\":\"BreadcrumbList\",\"@id\":\"https:\/\/cozydots.com\/de\/produkt\/tipi-zelt-blue-sea-velvet-tipi-fuer-kinder-mit-matte-und-kissen\/#breadcrumb\",\"itemListElement\":[{\"@type\":\"ListItem\",\"position\":1,\"name\":\"Strona g\u0142\u00f3wna\",\"item\":\"https:\/\/cozydots.com\/de\/\"},{\"@type\":\"ListItem\",\"position\":2,\"name\":\"Shop\",\"item\":\"https:\/\/cozydots.com\/de\/shop\/\"},{\"@type\":\"ListItem\",\"position\":3,\"name\":\"Tipi zelt Blue Sea, Velvet Tipi f\u00fcr Kinder mit Matte und Kissen\"}]},{\"@type\":\"WebSite\",\"@id\":\"https:\/\/cozydots.com\/de\/#website\",\"url\":\"https:\/\/cozydots.com\/de\/\",\"name\":\"Cozydots.com\",\"description\":\"Producent namiot\u00f3w Tipi\",\"publisher\":{\"@id\":\"https:\/\/cozydots.com\/de\/#organization\"},\"potentialAction\":[{\"@type\":\"SearchAction\",\"target\":{\"@type\":\"EntryPoint\",\"urlTemplate\":\"https:\/\/cozydots.com\/de\/?s={search_term_string}\"},\"query-input\":{\"@type\":\"PropertyValueSpecification\",\"valueRequired\":true,\"valueName\":\"search_term_string\"}}],\"inLanguage\":\"de\"},{\"@type\":\"Organization\",\"@id\":\"https:\/\/cozydots.com\/de\/#organization\",\"name\":\"Cozydots.com\",\"url\":\"https:\/\/cozydots.com\/de\/\",\"logo\":{\"@type\":\"ImageObject\",\"inLanguage\":\"de\",\"@id\":\"https:\/\/cozydots.com\/de\/#\/schema\/logo\/image\/\",\"url\":\"https:\/\/cozydots.com\/wp-content\/uploads\/2021\/10\/cozyshop_logo.png\",\"contentUrl\":\"https:\/\/cozydots.com\/wp-content\/uploads\/2021\/10\/cozyshop_logo.png\",\"width\":400,\"height\":121,\"caption\":\"Cozydots.com\"},\"image\":{\"@id\":\"https:\/\/cozydots.com\/de\/#\/schema\/logo\/image\/\"}}]}<\/script>\n<!-- \/ Yoast SEO plugin. -->","yoast_head_json":{"title":"Tipi zelt Blue Sea, Velvet Tipi f\u00fcr Kinder mit Matte und Kissen - Cozydots.com","description":"Tipi-Zelt aus fester Baumwolle und Samt, hellblau mit einer gro\u00dfen Matte und einem Kissen. St\u00f6cke und Stabilisator enthalten.","robots":{"index":"index","follow":"follow","max-snippet":"max-snippet:-1","max-image-preview":"max-image-preview:large","max-video-preview":"max-video-preview:-1"},"canonical":"https:\/\/cozydots.com\/de\/produkt\/tipi-zelt-blue-sea-velvet-tipi-fuer-kinder-mit-matte-und-kissen\/","og_locale":"de_DE","og_type":"article","og_title":"Tipi zelt Blue Sea, Velvet Tipi f\u00fcr Kinder mit Matte und Kissen - Cozydots.com","og_description":"Tipi-Zelt aus fester Baumwolle und Samt, hellblau mit einer gro\u00dfen Matte und einem Kissen. St\u00f6cke und Stabilisator enthalten.","og_url":"https:\/\/cozydots.com\/de\/produkt\/tipi-zelt-blue-sea-velvet-tipi-fuer-kinder-mit-matte-und-kissen\/","og_site_name":"Cozydots.com","article_modified_time":"2023-02-08T10:58:07+00:00","og_image":[{"width":1200,"height":1312,"url":"https:\/\/cozydots.com\/wp-content\/uploads\/2022\/02\/blue-sea-tipi-set.jpg","type":"image\/jpeg"}],"twitter_card":"summary_large_image","twitter_misc":{"Gesch\u00e4tzte Lesezeit":"2\u00a0Minuten"},"schema":{"@context":"https:\/\/schema.org","@graph":[{"@type":"WebPage","@id":"https:\/\/cozydots.com\/de\/produkt\/tipi-zelt-blue-sea-velvet-tipi-fuer-kinder-mit-matte-und-kissen\/","url":"https:\/\/cozydots.com\/de\/produkt\/tipi-zelt-blue-sea-velvet-tipi-fuer-kinder-mit-matte-und-kissen\/","name":"Tipi zelt Blue Sea, Velvet Tipi f\u00fcr Kinder mit Matte und Kissen - Cozydots.com","isPartOf":{"@id":"https:\/\/cozydots.com\/de\/#website"},"primaryImageOfPage":{"@id":"https:\/\/cozydots.com\/de\/produkt\/tipi-zelt-blue-sea-velvet-tipi-fuer-kinder-mit-matte-und-kissen\/#primaryimage"},"image":{"@id":"https:\/\/cozydots.com\/de\/produkt\/tipi-zelt-blue-sea-velvet-tipi-fuer-kinder-mit-matte-und-kissen\/#primaryimage"},"thumbnailUrl":"https:\/\/cozydots.com\/wp-content\/uploads\/2022\/02\/blue-sea-tipi-set.jpg","datePublished":"2022-03-02T12:39:10+00:00","dateModified":"2023-02-08T10:58:07+00:00","description":"Tipi-Zelt aus fester Baumwolle und Samt, hellblau mit einer gro\u00dfen Matte und einem Kissen. St\u00f6cke und Stabilisator enthalten.","breadcrumb":{"@id":"https:\/\/cozydots.com\/de\/produkt\/tipi-zelt-blue-sea-velvet-tipi-fuer-kinder-mit-matte-und-kissen\/#breadcrumb"},"inLanguage":"de","potentialAction":[{"@type":"ReadAction","target":["https:\/\/cozydots.com\/de\/produkt\/tipi-zelt-blue-sea-velvet-tipi-fuer-kinder-mit-matte-und-kissen\/"]}]},{"@type":"ImageObject","inLanguage":"de","@id":"https:\/\/cozydots.com\/de\/produkt\/tipi-zelt-blue-sea-velvet-tipi-fuer-kinder-mit-matte-und-kissen\/#primaryimage","url":"https:\/\/cozydots.com\/wp-content\/uploads\/2022\/02\/blue-sea-tipi-set.jpg","contentUrl":"https:\/\/cozydots.com\/wp-content\/uploads\/2022\/02\/blue-sea-tipi-set.jpg","width":1200,"height":1312},{"@type":"BreadcrumbList","@id":"https:\/\/cozydots.com\/de\/produkt\/tipi-zelt-blue-sea-velvet-tipi-fuer-kinder-mit-matte-und-kissen\/#breadcrumb","itemListElement":[{"@type":"ListItem","position":1,"name":"Strona g\u0142\u00f3wna","item":"https:\/\/cozydots.com\/de\/"},{"@type":"ListItem","position":2,"name":"Shop","item":"https:\/\/cozydots.com\/de\/shop\/"},{"@type":"ListItem","position":3,"name":"Tipi zelt Blue Sea, Velvet Tipi f\u00fcr Kinder mit Matte und Kissen"}]},{"@type":"WebSite","@id":"https:\/\/cozydots.com\/de\/#website","url":"https:\/\/cozydots.com\/de\/","name":"Cozydots.com","description":"Producent namiot\u00f3w Tipi","publisher":{"@id":"https:\/\/cozydots.com\/de\/#organization"},"potentialAction":[{"@type":"SearchAction","target":{"@type":"EntryPoint","urlTemplate":"https:\/\/cozydots.com\/de\/?s={search_term_string}"},"query-input":{"@type":"PropertyValueSpecification","valueRequired":true,"valueName":"search_term_string"}}],"inLanguage":"de"},{"@type":"Organization","@id":"https:\/\/cozydots.com\/de\/#organization","name":"Cozydots.com","url":"https:\/\/cozydots.com\/de\/","logo":{"@type":"ImageObject","inLanguage":"de","@id":"https:\/\/cozydots.com\/de\/#\/schema\/logo\/image\/","url":"https:\/\/cozydots.com\/wp-content\/uploads\/2021\/10\/cozyshop_logo.png","contentUrl":"https:\/\/cozydots.com\/wp-content\/uploads\/2021\/10\/cozyshop_logo.png","width":400,"height":121,"caption":"Cozydots.com"},"image":{"@id":"https:\/\/cozydots.com\/de\/#\/schema\/logo\/image\/"}}]}},"_links":{"self":[{"href":"https:\/\/cozydots.com\/de\/wp-json\/wp\/v2\/product\/50184","targetHints":{"allow":["GET"]}}],"collection":[{"href":"https:\/\/cozydots.com\/de\/wp-json\/wp\/v2\/product"}],"about":[{"href":"https:\/\/cozydots.com\/de\/wp-json\/wp\/v2\/types\/product"}],"replies":[{"embeddable":true,"href":"https:\/\/cozydots.com\/de\/wp-json\/wp\/v2\/comments?post=50184"}],"wp:featuredmedia":[{"embeddable":true,"href":"https:\/\/cozydots.com\/de\/wp-json\/wp\/v2\/media\/48769"}],"wp:attachment":[{"href":"https:\/\/cozydots.com\/de\/wp-json\/wp\/v2\/media?parent=50184"}],"wp:term":[{"taxonomy":"product_brand","embeddable":true,"href":"https:\/\/cozydots.com\/de\/wp-json\/wp\/v2\/product_brand?post=50184"},{"taxonomy":"product_cat","embeddable":true,"href":"https:\/\/cozydots.com\/de\/wp-json\/wp\/v2\/product_cat?post=50184"},{"taxonomy":"product_tag","embeddable":true,"href":"https:\/\/cozydots.com\/de\/wp-json\/wp\/v2\/product_tag?post=50184"}],"curies":[{"name":"wp","href":"https:\/\/api.w.org\/{rel}","templated":true}]}}