{"id":50413,"date":"2022-03-24T15:32:38","date_gmt":"2022-03-24T14:44:03","guid":{"rendered":"https:\/\/cozydots.com\/?post_type=product&#038;p=50413"},"modified":"2023-02-08T12:12:14","modified_gmt":"2023-02-08T11:12:14","slug":"tipi-zelt-garden-honey-draussen-und-drinnen-spielzelt-weiche-matte","status":"publish","type":"product","link":"https:\/\/cozydots.com\/de\/produkt\/tipi-zelt-garden-honey-draussen-und-drinnen-spielzelt-weiche-matte\/","title":{"rendered":"Tipi-Set Outdoor f\u00fcr Kinder Garden Honey \u2013 drau\u00dfen und drinnen Spielzelt + weiche Matte"},"content":{"rendered":"<p style=\"text-align: left;\"><b>Tipi-Set Outdoor f\u00fcr Kinder &#8211; Garden, d<\/b><b>rau\u00dfen und drinnen Spielzelt Cozy &amp; Dozy<\/b><\/p>\n<p>Das Outdoor-Tipi-Zelt ist aus wasserabweisendem <b>PREMIUM-Material<\/b> gefertigt, nimmt also kein Wasser auf und eignet sich zum Spielen im Garten.<\/p>\n<p>Das Outdoor-Zelt ist leicht sauber zu halten.Kinder-Tipizelt zum Spielen hat vier Seiten und einen eingen\u00e4hten wasserdichten Boden,\u00a0weiche Matte,\u00a0Aufbewahrungstasche, faltbare Kiefernst\u00f6cke, Zeltstabilisator, Spielzeugtasche und zwei zu \u00f6ffnende Fenster mit Rollo.<\/p>\n<p>Alle Stoffelemente sind maschinenwaschbar. Ein Zelt f\u00fcr Kinder l\u00e4sst sich leicht zusammenfalten und nimmt nicht viel Platz ein.<\/p>\n<p><b>Entworfen und hergestellt in Europa<\/b><\/p>\n<p>Alle Modelle werden von uns entworfen und wir geben Ihnen die Garantie, dass Sie ein einzigartiges Produkt und beste Qualit\u00e4t erhalten. Tipi-Zelte werden in Handarbeit hergestellt, aus f\u00fcr Kinder sicheren Stoffen aus Europa und mit Qualit\u00e4tszertifikaten.<\/p>\n<p>Tipi in verschiedenen Farben erh\u00e4ltlich.<\/p>\n<p><b>Mach dich bereit, Spa\u00df zu haben<\/b><\/p>\n<p>Tipi in dieser Gr\u00f6\u00dfe bieten Platz f\u00fcr 2-3 Kinder. Es ist leicht und daher leicht zu transportieren. Es kann in einer speziellen Tasche mit Griff aufbewahrt werden (nicht im Set enthalten)<\/p>\n<p>Die Stoffe, aus denen unsere Tipi-Zelte hergestellt werden, sind zertifiziert und stammen nur aus europ\u00e4ischen L\u00e4ndern, was sie f\u00fcr Kinder sicher macht.<\/p>\n<p><b>Alle Cozy &amp; Dozy Produkte werden in Polen entworfen und gen\u00e4ht.<\/b><\/p>\n<p><b>Das Garden Tipi Set von Cozy &amp; Dozy beinhaltet:<\/b><\/p>\n<ul>\n<li><b>Tipi-Zelt<\/b> (Farben zur Auswahl)<\/li>\n<li>weiche Matte,<\/li>\n<li>Tipi-Tasche<\/li>\n<li>dekorative Fahnen<\/li>\n<li>4 St\u00f6cke aus nat\u00fcrlichem Kiefernholz (Rahmen)<\/li>\n<li><b>Stabilisator<\/b> (verhindert, dass sich der Rahmen bewegt)<\/li>\n<\/ul>\n","protected":false},"excerpt":{"rendered":"<p>Tipi-Set Outdoor f\u00fcr Kinder &#8211; Garden, drau\u00dfen und drinnen Spielzelt Cozy &amp; Dozy Das Outdoor-Tipi-Zelt ist aus wasserabweisendem PREMIUM-Material gefertigt, nimmt also kein Wasser auf und eignet sich zum Spielen im Garten. Das Outdoor-Zelt ist leicht sauber zu halten.Kinder-Tipizelt zum Spielen hat vier Seiten und einen eingen\u00e4hten wasserdichten Boden,\u00a0weiche Matte,\u00a0Aufbewahrungstasche, faltbare Kiefernst\u00f6cke, Zeltstabilisator, Spielzeugtasche und [&#8230;]\n","protected":false},"featured_media":41632,"comment_status":"open","ping_status":"closed","template":"","meta":[],"product_brand":[],"product_cat":[78],"product_tag":[1438],"class_list":{"0":"post-50413","1":"product","2":"type-product","3":"status-publish","4":"has-post-thumbnail","6":"product_cat-tipi-zelt","7":"product_tag-pla-de","9":"first","10":"instock","11":"taxable","12":"shipping-taxable","13":"product-type-simple"},"yoast_head":"<!-- This site is optimized with the Yoast SEO plugin v27.0 - https:\/\/yoast.com\/product\/yoast-seo-wordpress\/ -->\n<title>Tipi-Set Outdoor f\u00fcr Kinder Garden Honey \u2013 drau\u00dfen und drinnen Spielzelt + weiche Matte - Cozydots.com<\/title>\n<meta name=\"description\" content=\"Wasserabweisendes Tipi-Zelt zum Spielen in einem Set mit einer\u00a0dekorative Fahnen,eine weiche Matte und eine Tipitasche, klappbare Holzst\u00e4be und Stabilisator Das Spielzelt hat zwei Fenster und eine Tasche f\u00fcr kleines Spielzeug.\" \/>\n<meta name=\"robots\" content=\"index, follow, max-snippet:-1, max-image-preview:large, max-video-preview:-1\" \/>\n<link rel=\"canonical\" href=\"https:\/\/cozydots.com\/de\/produkt\/tipi-zelt-garden-honey-draussen-und-drinnen-spielzelt-weiche-matte\/\" \/>\n<meta property=\"og:locale\" content=\"de_DE\" \/>\n<meta property=\"og:type\" content=\"article\" \/>\n<meta property=\"og:title\" content=\"Tipi-Set Outdoor f\u00fcr Kinder Garden Honey \u2013 drau\u00dfen und drinnen Spielzelt + weiche Matte - Cozydots.com\" \/>\n<meta property=\"og:description\" content=\"Wasserabweisendes Tipi-Zelt zum Spielen in einem Set mit einer\u00a0dekorative Fahnen,eine weiche Matte und eine Tipitasche, klappbare Holzst\u00e4be und Stabilisator Das Spielzelt hat zwei Fenster und eine Tasche f\u00fcr kleines Spielzeug.\" \/>\n<meta property=\"og:url\" content=\"https:\/\/cozydots.com\/de\/produkt\/tipi-zelt-garden-honey-draussen-und-drinnen-spielzelt-weiche-matte\/\" \/>\n<meta property=\"og:site_name\" content=\"Cozydots.com\" \/>\n<meta property=\"article:modified_time\" content=\"2023-02-08T11:12:14+00:00\" \/>\n<meta property=\"og:image\" content=\"https:\/\/cozydots.com\/wp-content\/uploads\/2021\/11\/pp-1626.jpg\" \/>\n\t<meta property=\"og:image:width\" content=\"1200\" \/>\n\t<meta property=\"og:image:height\" content=\"1200\" \/>\n\t<meta property=\"og:image:type\" content=\"image\/jpeg\" \/>\n<meta name=\"twitter:card\" content=\"summary_large_image\" \/>\n<meta name=\"twitter:label1\" content=\"Gesch\u00e4tzte Lesezeit\" \/>\n\t<meta name=\"twitter:data1\" content=\"2\u00a0Minuten\" \/>\n<script type=\"application\/ld+json\" class=\"yoast-schema-graph\">{\"@context\":\"https:\/\/schema.org\",\"@graph\":[{\"@type\":\"WebPage\",\"@id\":\"https:\/\/cozydots.com\/de\/produkt\/tipi-zelt-garden-honey-draussen-und-drinnen-spielzelt-weiche-matte\/\",\"url\":\"https:\/\/cozydots.com\/de\/produkt\/tipi-zelt-garden-honey-draussen-und-drinnen-spielzelt-weiche-matte\/\",\"name\":\"Tipi-Set Outdoor f\u00fcr Kinder Garden Honey \u2013 drau\u00dfen und drinnen Spielzelt + weiche Matte - Cozydots.com\",\"isPartOf\":{\"@id\":\"https:\/\/cozydots.com\/de\/#website\"},\"primaryImageOfPage\":{\"@id\":\"https:\/\/cozydots.com\/de\/produkt\/tipi-zelt-garden-honey-draussen-und-drinnen-spielzelt-weiche-matte\/#primaryimage\"},\"image\":{\"@id\":\"https:\/\/cozydots.com\/de\/produkt\/tipi-zelt-garden-honey-draussen-und-drinnen-spielzelt-weiche-matte\/#primaryimage\"},\"thumbnailUrl\":\"https:\/\/cozydots.com\/wp-content\/uploads\/2021\/11\/pp-1626.jpg\",\"datePublished\":\"2022-03-24T14:44:03+00:00\",\"dateModified\":\"2023-02-08T11:12:14+00:00\",\"description\":\"Wasserabweisendes Tipi-Zelt zum Spielen in einem Set mit einer\u00a0dekorative Fahnen,eine weiche Matte und eine Tipitasche, klappbare Holzst\u00e4be und Stabilisator Das Spielzelt hat zwei Fenster und eine Tasche f\u00fcr kleines Spielzeug.\",\"breadcrumb\":{\"@id\":\"https:\/\/cozydots.com\/de\/produkt\/tipi-zelt-garden-honey-draussen-und-drinnen-spielzelt-weiche-matte\/#breadcrumb\"},\"inLanguage\":\"de\",\"potentialAction\":[{\"@type\":\"ReadAction\",\"target\":[\"https:\/\/cozydots.com\/de\/produkt\/tipi-zelt-garden-honey-draussen-und-drinnen-spielzelt-weiche-matte\/\"]}]},{\"@type\":\"ImageObject\",\"inLanguage\":\"de\",\"@id\":\"https:\/\/cozydots.com\/de\/produkt\/tipi-zelt-garden-honey-draussen-und-drinnen-spielzelt-weiche-matte\/#primaryimage\",\"url\":\"https:\/\/cozydots.com\/wp-content\/uploads\/2021\/11\/pp-1626.jpg\",\"contentUrl\":\"https:\/\/cozydots.com\/wp-content\/uploads\/2021\/11\/pp-1626.jpg\",\"width\":1200,\"height\":1200},{\"@type\":\"BreadcrumbList\",\"@id\":\"https:\/\/cozydots.com\/de\/produkt\/tipi-zelt-garden-honey-draussen-und-drinnen-spielzelt-weiche-matte\/#breadcrumb\",\"itemListElement\":[{\"@type\":\"ListItem\",\"position\":1,\"name\":\"Strona g\u0142\u00f3wna\",\"item\":\"https:\/\/cozydots.com\/de\/\"},{\"@type\":\"ListItem\",\"position\":2,\"name\":\"Shop\",\"item\":\"https:\/\/cozydots.com\/de\/shop\/\"},{\"@type\":\"ListItem\",\"position\":3,\"name\":\"Tipi-Set Outdoor f\u00fcr Kinder Garden Honey \u2013 drau\u00dfen und drinnen Spielzelt + weiche Matte\"}]},{\"@type\":\"WebSite\",\"@id\":\"https:\/\/cozydots.com\/de\/#website\",\"url\":\"https:\/\/cozydots.com\/de\/\",\"name\":\"Cozydots.com\",\"description\":\"Producent namiot\u00f3w Tipi\",\"publisher\":{\"@id\":\"https:\/\/cozydots.com\/de\/#organization\"},\"potentialAction\":[{\"@type\":\"SearchAction\",\"target\":{\"@type\":\"EntryPoint\",\"urlTemplate\":\"https:\/\/cozydots.com\/de\/?s={search_term_string}\"},\"query-input\":{\"@type\":\"PropertyValueSpecification\",\"valueRequired\":true,\"valueName\":\"search_term_string\"}}],\"inLanguage\":\"de\"},{\"@type\":\"Organization\",\"@id\":\"https:\/\/cozydots.com\/de\/#organization\",\"name\":\"Cozydots.com\",\"url\":\"https:\/\/cozydots.com\/de\/\",\"logo\":{\"@type\":\"ImageObject\",\"inLanguage\":\"de\",\"@id\":\"https:\/\/cozydots.com\/de\/#\/schema\/logo\/image\/\",\"url\":\"https:\/\/cozydots.com\/wp-content\/uploads\/2021\/10\/cozyshop_logo.png\",\"contentUrl\":\"https:\/\/cozydots.com\/wp-content\/uploads\/2021\/10\/cozyshop_logo.png\",\"width\":400,\"height\":121,\"caption\":\"Cozydots.com\"},\"image\":{\"@id\":\"https:\/\/cozydots.com\/de\/#\/schema\/logo\/image\/\"}}]}<\/script>\n<!-- \/ Yoast SEO plugin. -->","yoast_head_json":{"title":"Tipi-Set Outdoor f\u00fcr Kinder Garden Honey \u2013 drau\u00dfen und drinnen Spielzelt + weiche Matte - Cozydots.com","description":"Wasserabweisendes Tipi-Zelt zum Spielen in einem Set mit einer\u00a0dekorative Fahnen,eine weiche Matte und eine Tipitasche, klappbare Holzst\u00e4be und Stabilisator Das Spielzelt hat zwei Fenster und eine Tasche f\u00fcr kleines Spielzeug.","robots":{"index":"index","follow":"follow","max-snippet":"max-snippet:-1","max-image-preview":"max-image-preview:large","max-video-preview":"max-video-preview:-1"},"canonical":"https:\/\/cozydots.com\/de\/produkt\/tipi-zelt-garden-honey-draussen-und-drinnen-spielzelt-weiche-matte\/","og_locale":"de_DE","og_type":"article","og_title":"Tipi-Set Outdoor f\u00fcr Kinder Garden Honey \u2013 drau\u00dfen und drinnen Spielzelt + weiche Matte - Cozydots.com","og_description":"Wasserabweisendes Tipi-Zelt zum Spielen in einem Set mit einer\u00a0dekorative Fahnen,eine weiche Matte und eine Tipitasche, klappbare Holzst\u00e4be und Stabilisator Das Spielzelt hat zwei Fenster und eine Tasche f\u00fcr kleines Spielzeug.","og_url":"https:\/\/cozydots.com\/de\/produkt\/tipi-zelt-garden-honey-draussen-und-drinnen-spielzelt-weiche-matte\/","og_site_name":"Cozydots.com","article_modified_time":"2023-02-08T11:12:14+00:00","og_image":[{"width":1200,"height":1200,"url":"https:\/\/cozydots.com\/wp-content\/uploads\/2021\/11\/pp-1626.jpg","type":"image\/jpeg"}],"twitter_card":"summary_large_image","twitter_misc":{"Gesch\u00e4tzte Lesezeit":"2\u00a0Minuten"},"schema":{"@context":"https:\/\/schema.org","@graph":[{"@type":"WebPage","@id":"https:\/\/cozydots.com\/de\/produkt\/tipi-zelt-garden-honey-draussen-und-drinnen-spielzelt-weiche-matte\/","url":"https:\/\/cozydots.com\/de\/produkt\/tipi-zelt-garden-honey-draussen-und-drinnen-spielzelt-weiche-matte\/","name":"Tipi-Set Outdoor f\u00fcr Kinder Garden Honey \u2013 drau\u00dfen und drinnen Spielzelt + weiche Matte - Cozydots.com","isPartOf":{"@id":"https:\/\/cozydots.com\/de\/#website"},"primaryImageOfPage":{"@id":"https:\/\/cozydots.com\/de\/produkt\/tipi-zelt-garden-honey-draussen-und-drinnen-spielzelt-weiche-matte\/#primaryimage"},"image":{"@id":"https:\/\/cozydots.com\/de\/produkt\/tipi-zelt-garden-honey-draussen-und-drinnen-spielzelt-weiche-matte\/#primaryimage"},"thumbnailUrl":"https:\/\/cozydots.com\/wp-content\/uploads\/2021\/11\/pp-1626.jpg","datePublished":"2022-03-24T14:44:03+00:00","dateModified":"2023-02-08T11:12:14+00:00","description":"Wasserabweisendes Tipi-Zelt zum Spielen in einem Set mit einer\u00a0dekorative Fahnen,eine weiche Matte und eine Tipitasche, klappbare Holzst\u00e4be und Stabilisator Das Spielzelt hat zwei Fenster und eine Tasche f\u00fcr kleines Spielzeug.","breadcrumb":{"@id":"https:\/\/cozydots.com\/de\/produkt\/tipi-zelt-garden-honey-draussen-und-drinnen-spielzelt-weiche-matte\/#breadcrumb"},"inLanguage":"de","potentialAction":[{"@type":"ReadAction","target":["https:\/\/cozydots.com\/de\/produkt\/tipi-zelt-garden-honey-draussen-und-drinnen-spielzelt-weiche-matte\/"]}]},{"@type":"ImageObject","inLanguage":"de","@id":"https:\/\/cozydots.com\/de\/produkt\/tipi-zelt-garden-honey-draussen-und-drinnen-spielzelt-weiche-matte\/#primaryimage","url":"https:\/\/cozydots.com\/wp-content\/uploads\/2021\/11\/pp-1626.jpg","contentUrl":"https:\/\/cozydots.com\/wp-content\/uploads\/2021\/11\/pp-1626.jpg","width":1200,"height":1200},{"@type":"BreadcrumbList","@id":"https:\/\/cozydots.com\/de\/produkt\/tipi-zelt-garden-honey-draussen-und-drinnen-spielzelt-weiche-matte\/#breadcrumb","itemListElement":[{"@type":"ListItem","position":1,"name":"Strona g\u0142\u00f3wna","item":"https:\/\/cozydots.com\/de\/"},{"@type":"ListItem","position":2,"name":"Shop","item":"https:\/\/cozydots.com\/de\/shop\/"},{"@type":"ListItem","position":3,"name":"Tipi-Set Outdoor f\u00fcr Kinder Garden Honey \u2013 drau\u00dfen und drinnen Spielzelt + weiche Matte"}]},{"@type":"WebSite","@id":"https:\/\/cozydots.com\/de\/#website","url":"https:\/\/cozydots.com\/de\/","name":"Cozydots.com","description":"Producent namiot\u00f3w Tipi","publisher":{"@id":"https:\/\/cozydots.com\/de\/#organization"},"potentialAction":[{"@type":"SearchAction","target":{"@type":"EntryPoint","urlTemplate":"https:\/\/cozydots.com\/de\/?s={search_term_string}"},"query-input":{"@type":"PropertyValueSpecification","valueRequired":true,"valueName":"search_term_string"}}],"inLanguage":"de"},{"@type":"Organization","@id":"https:\/\/cozydots.com\/de\/#organization","name":"Cozydots.com","url":"https:\/\/cozydots.com\/de\/","logo":{"@type":"ImageObject","inLanguage":"de","@id":"https:\/\/cozydots.com\/de\/#\/schema\/logo\/image\/","url":"https:\/\/cozydots.com\/wp-content\/uploads\/2021\/10\/cozyshop_logo.png","contentUrl":"https:\/\/cozydots.com\/wp-content\/uploads\/2021\/10\/cozyshop_logo.png","width":400,"height":121,"caption":"Cozydots.com"},"image":{"@id":"https:\/\/cozydots.com\/de\/#\/schema\/logo\/image\/"}}]}},"_links":{"self":[{"href":"https:\/\/cozydots.com\/de\/wp-json\/wp\/v2\/product\/50413","targetHints":{"allow":["GET"]}}],"collection":[{"href":"https:\/\/cozydots.com\/de\/wp-json\/wp\/v2\/product"}],"about":[{"href":"https:\/\/cozydots.com\/de\/wp-json\/wp\/v2\/types\/product"}],"replies":[{"embeddable":true,"href":"https:\/\/cozydots.com\/de\/wp-json\/wp\/v2\/comments?post=50413"}],"wp:featuredmedia":[{"embeddable":true,"href":"https:\/\/cozydots.com\/de\/wp-json\/wp\/v2\/media\/41632"}],"wp:attachment":[{"href":"https:\/\/cozydots.com\/de\/wp-json\/wp\/v2\/media?parent=50413"}],"wp:term":[{"taxonomy":"product_brand","embeddable":true,"href":"https:\/\/cozydots.com\/de\/wp-json\/wp\/v2\/product_brand?post=50413"},{"taxonomy":"product_cat","embeddable":true,"href":"https:\/\/cozydots.com\/de\/wp-json\/wp\/v2\/product_cat?post=50413"},{"taxonomy":"product_tag","embeddable":true,"href":"https:\/\/cozydots.com\/de\/wp-json\/wp\/v2\/product_tag?post=50413"}],"curies":[{"name":"wp","href":"https:\/\/api.w.org\/{rel}","templated":true}]}}