{"id":50916,"date":"2022-03-29T13:37:19","date_gmt":"2022-03-29T11:37:19","guid":{"rendered":"https:\/\/cozydots.com\/?post_type=product&#038;p=50916"},"modified":"2023-02-08T11:58:18","modified_gmt":"2023-02-08T10:58:18","slug":"muschelkissen-dark-green-samtkissen-shell","status":"publish","type":"product","link":"https:\/\/cozydots.com\/de\/produkt\/muschelkissen-dark-green-samtkissen-shell\/","title":{"rendered":"Muschelkissen Dark Green, Samtkissen Shell"},"content":{"rendered":"<h3>Dunkelgr\u00fcn\u00a0Kissen aus Muschelsamt<\/h3>\n<p><img loading=\"lazy\" decoding=\"async\" class=\"alignnone size-medium wp-image-50785 alignright\" src=\"https:\/\/cozydots.com\/wp-content\/uploads\/2022\/03\/velvet-pillows-shell-400x400.jpg\" alt=\"\" width=\"400\" height=\"400\" srcset=\"https:\/\/cozydots.com\/wp-content\/uploads\/2022\/03\/velvet-pillows-shell-400x400.jpg 400w, https:\/\/cozydots.com\/wp-content\/uploads\/2022\/03\/velvet-pillows-shell.jpg 1200w, https:\/\/cozydots.com\/wp-content\/uploads\/2022\/03\/velvet-pillows-shell-150x150.jpg 150w, https:\/\/cozydots.com\/wp-content\/uploads\/2022\/03\/velvet-pillows-shell-768x768.jpg 768w, https:\/\/cozydots.com\/wp-content\/uploads\/2022\/03\/velvet-pillows-shell-470x470.jpg 470w, https:\/\/cozydots.com\/wp-content\/uploads\/2022\/03\/velvet-pillows-shell-800x800.jpg 800w, https:\/\/cozydots.com\/wp-content\/uploads\/2022\/03\/velvet-pillows-shell-100x100.jpg 100w\" sizes=\"auto, (max-width: 400px) 100vw, 400px\" \/><br \/>\nUnd am besten ist es, wenn diese Schalen weich und angenehm anzufassen sind!<\/p>\n<p>Shell Pillow ist eine sch\u00f6ne Erg\u00e4nzung f\u00fcr jeden Raum. Es wird sowohl ein Schlafzimmer als auch ein Wohnzimmer und ein Kinderzimmer schm\u00fccken.<\/p>\n<p>Jeder findet etwas f\u00fcr sich.<\/p>\n<p><span class=\"Apple-converted-space\">\u00a0<\/span><strong>Sie k\u00f6nnen Ihre H\u00e4nde nicht von dem Shell-Kissen lassen! Es ist aus einem sehr weichen Samt. Dieses Material macht die Verwendung des Kissens zu einem \u00e4u\u00dferst angenehmen Erlebnis. Ihr Baby wird sie gerne umarmen und zu allen Nickerchen mitnehmen<\/strong><\/p>\n<p>Eine Auswahl an Muscheln in verschiedenen Farben: Wei\u00df, Grau, Dunkelrosa, Hellrosa, Blau, Marineblau, Honig, Gelb, Gr\u00fcn, Dunkelgr\u00fcn, T\u00fcrkis<\/p>\n<p><span class=\"Apple-converted-space\">\u00a0<\/span>Ma\u00dfe:<\/p>\n<ul>\n<li><span class=\"Apple-converted-space\">\u00a0<\/span>48 \u00d7 55 cm<\/li>\n<\/ul>\n<p>Komposition:<\/p>\n<ul>\n<li><span class=\"Apple-converted-space\">\u00a0<\/span>100 % Samt ( Zertifikat, CE)<\/li>\n<li>\u00a0<span style=\"color: #555555\">F\u00fcllen des Kissens \u2013 Silikonkugel, antiallergisch.<\/span><\/li>\n<\/ul>\n<p>Waschen:<\/p>\n<ul>\n<li>Maschinenwaschbar bei 40 Grad,<\/li>\n<li><span style=\"color: #555555\">Schleudern \u2013 800 Umdrehungen,<\/span><\/li>\n<li><span style=\"color: #555555\">nicht chemisch reinigen, nicht bleichen,<\/span><\/li>\n<li><span style=\"color: #555555\">Nach dem Waschen sch\u00fctteln, um den Guss zu arrangieren,<\/span><\/li>\n<li><span style=\"color: #555555\">auf einer ebenen Fl\u00e4che trocknen.<\/span><\/li>\n<\/ul>\n","protected":false},"excerpt":{"rendered":"<p>Ein gro\u00dfes und weiches dekoratives Velvet Shell Kissen 48 \u00d7 55 cm. Es sieht auf dem Sofa und Sessel wundersch\u00f6n aus.<\/p>\n","protected":false},"featured_media":50694,"comment_status":"open","ping_status":"closed","template":"","meta":[],"product_brand":[],"product_cat":[104],"product_tag":[],"class_list":{"0":"post-50916","1":"product","2":"type-product","3":"status-publish","4":"has-post-thumbnail","6":"product_cat-kissen-puffs","8":"first","9":"instock","10":"sale","11":"taxable","12":"shipping-taxable","13":"product-type-variable","14":"has-default-attributes"},"yoast_head":"<!-- This site is optimized with the Yoast SEO plugin v27.0 - https:\/\/yoast.com\/product\/yoast-seo-wordpress\/ -->\n<title>Muschelkissen Dark Green, Samtkissen Shell - Cozydots.com<\/title>\n<meta name=\"description\" content=\"Ein gro\u00dfes und weiches dekoratives Velvet Shell Kissen 48 \u00d7 55 cm. Es sieht auf dem Sofa und Sessel wundersch\u00f6n aus.\" \/>\n<meta name=\"robots\" content=\"index, follow, max-snippet:-1, max-image-preview:large, max-video-preview:-1\" \/>\n<link rel=\"canonical\" href=\"https:\/\/cozydots.com\/de\/produkt\/muschelkissen-dark-green-samtkissen-shell\/\" \/>\n<meta property=\"og:locale\" content=\"de_DE\" \/>\n<meta property=\"og:type\" content=\"article\" \/>\n<meta property=\"og:title\" content=\"Muschelkissen Dark Green, Samtkissen Shell - Cozydots.com\" \/>\n<meta property=\"og:description\" content=\"Ein gro\u00dfes und weiches dekoratives Velvet Shell Kissen 48 \u00d7 55 cm. Es sieht auf dem Sofa und Sessel wundersch\u00f6n aus.\" \/>\n<meta property=\"og:url\" content=\"https:\/\/cozydots.com\/de\/produkt\/muschelkissen-dark-green-samtkissen-shell\/\" \/>\n<meta property=\"og:site_name\" content=\"Cozydots.com\" \/>\n<meta property=\"article:modified_time\" content=\"2023-02-08T10:58:18+00:00\" \/>\n<meta property=\"og:image\" content=\"https:\/\/cozydots.com\/wp-content\/uploads\/2022\/03\/shell-pillows-velvet-green-and-honey.jpg\" \/>\n\t<meta property=\"og:image:width\" content=\"1200\" \/>\n\t<meta property=\"og:image:height\" content=\"1200\" \/>\n\t<meta property=\"og:image:type\" content=\"image\/jpeg\" \/>\n<meta name=\"twitter:card\" content=\"summary_large_image\" \/>\n<meta name=\"twitter:label1\" content=\"Gesch\u00e4tzte Lesezeit\" \/>\n\t<meta name=\"twitter:data1\" content=\"2\u00a0Minuten\" \/>\n<script type=\"application\/ld+json\" class=\"yoast-schema-graph\">{\"@context\":\"https:\/\/schema.org\",\"@graph\":[{\"@type\":\"WebPage\",\"@id\":\"https:\/\/cozydots.com\/de\/produkt\/muschelkissen-dark-green-samtkissen-shell\/\",\"url\":\"https:\/\/cozydots.com\/de\/produkt\/muschelkissen-dark-green-samtkissen-shell\/\",\"name\":\"Muschelkissen Dark Green, Samtkissen Shell - Cozydots.com\",\"isPartOf\":{\"@id\":\"https:\/\/cozydots.com\/de\/#website\"},\"primaryImageOfPage\":{\"@id\":\"https:\/\/cozydots.com\/de\/produkt\/muschelkissen-dark-green-samtkissen-shell\/#primaryimage\"},\"image\":{\"@id\":\"https:\/\/cozydots.com\/de\/produkt\/muschelkissen-dark-green-samtkissen-shell\/#primaryimage\"},\"thumbnailUrl\":\"https:\/\/cozydots.com\/wp-content\/uploads\/2022\/03\/shell-pillows-velvet-green-and-honey.jpg\",\"datePublished\":\"2022-03-29T11:37:19+00:00\",\"dateModified\":\"2023-02-08T10:58:18+00:00\",\"description\":\"Ein gro\u00dfes und weiches dekoratives Velvet Shell Kissen 48 \u00d7 55 cm. Es sieht auf dem Sofa und Sessel wundersch\u00f6n aus.\",\"breadcrumb\":{\"@id\":\"https:\/\/cozydots.com\/de\/produkt\/muschelkissen-dark-green-samtkissen-shell\/#breadcrumb\"},\"inLanguage\":\"de\",\"potentialAction\":[{\"@type\":\"ReadAction\",\"target\":[\"https:\/\/cozydots.com\/de\/produkt\/muschelkissen-dark-green-samtkissen-shell\/\"]}]},{\"@type\":\"ImageObject\",\"inLanguage\":\"de\",\"@id\":\"https:\/\/cozydots.com\/de\/produkt\/muschelkissen-dark-green-samtkissen-shell\/#primaryimage\",\"url\":\"https:\/\/cozydots.com\/wp-content\/uploads\/2022\/03\/shell-pillows-velvet-green-and-honey.jpg\",\"contentUrl\":\"https:\/\/cozydots.com\/wp-content\/uploads\/2022\/03\/shell-pillows-velvet-green-and-honey.jpg\",\"width\":1200,\"height\":1200},{\"@type\":\"BreadcrumbList\",\"@id\":\"https:\/\/cozydots.com\/de\/produkt\/muschelkissen-dark-green-samtkissen-shell\/#breadcrumb\",\"itemListElement\":[{\"@type\":\"ListItem\",\"position\":1,\"name\":\"Strona g\u0142\u00f3wna\",\"item\":\"https:\/\/cozydots.com\/de\/\"},{\"@type\":\"ListItem\",\"position\":2,\"name\":\"Shop\",\"item\":\"https:\/\/cozydots.com\/de\/shop\/\"},{\"@type\":\"ListItem\",\"position\":3,\"name\":\"Muschelkissen Dark Green, Samtkissen Shell\"}]},{\"@type\":\"WebSite\",\"@id\":\"https:\/\/cozydots.com\/de\/#website\",\"url\":\"https:\/\/cozydots.com\/de\/\",\"name\":\"Cozydots.com\",\"description\":\"Producent namiot\u00f3w Tipi\",\"publisher\":{\"@id\":\"https:\/\/cozydots.com\/de\/#organization\"},\"potentialAction\":[{\"@type\":\"SearchAction\",\"target\":{\"@type\":\"EntryPoint\",\"urlTemplate\":\"https:\/\/cozydots.com\/de\/?s={search_term_string}\"},\"query-input\":{\"@type\":\"PropertyValueSpecification\",\"valueRequired\":true,\"valueName\":\"search_term_string\"}}],\"inLanguage\":\"de\"},{\"@type\":\"Organization\",\"@id\":\"https:\/\/cozydots.com\/de\/#organization\",\"name\":\"Cozydots.com\",\"url\":\"https:\/\/cozydots.com\/de\/\",\"logo\":{\"@type\":\"ImageObject\",\"inLanguage\":\"de\",\"@id\":\"https:\/\/cozydots.com\/de\/#\/schema\/logo\/image\/\",\"url\":\"https:\/\/cozydots.com\/wp-content\/uploads\/2021\/10\/cozyshop_logo.png\",\"contentUrl\":\"https:\/\/cozydots.com\/wp-content\/uploads\/2021\/10\/cozyshop_logo.png\",\"width\":400,\"height\":121,\"caption\":\"Cozydots.com\"},\"image\":{\"@id\":\"https:\/\/cozydots.com\/de\/#\/schema\/logo\/image\/\"}}]}<\/script>\n<!-- \/ Yoast SEO plugin. -->","yoast_head_json":{"title":"Muschelkissen Dark Green, Samtkissen Shell - Cozydots.com","description":"Ein gro\u00dfes und weiches dekoratives Velvet Shell Kissen 48 \u00d7 55 cm. Es sieht auf dem Sofa und Sessel wundersch\u00f6n aus.","robots":{"index":"index","follow":"follow","max-snippet":"max-snippet:-1","max-image-preview":"max-image-preview:large","max-video-preview":"max-video-preview:-1"},"canonical":"https:\/\/cozydots.com\/de\/produkt\/muschelkissen-dark-green-samtkissen-shell\/","og_locale":"de_DE","og_type":"article","og_title":"Muschelkissen Dark Green, Samtkissen Shell - Cozydots.com","og_description":"Ein gro\u00dfes und weiches dekoratives Velvet Shell Kissen 48 \u00d7 55 cm. Es sieht auf dem Sofa und Sessel wundersch\u00f6n aus.","og_url":"https:\/\/cozydots.com\/de\/produkt\/muschelkissen-dark-green-samtkissen-shell\/","og_site_name":"Cozydots.com","article_modified_time":"2023-02-08T10:58:18+00:00","og_image":[{"width":1200,"height":1200,"url":"https:\/\/cozydots.com\/wp-content\/uploads\/2022\/03\/shell-pillows-velvet-green-and-honey.jpg","type":"image\/jpeg"}],"twitter_card":"summary_large_image","twitter_misc":{"Gesch\u00e4tzte Lesezeit":"2\u00a0Minuten"},"schema":{"@context":"https:\/\/schema.org","@graph":[{"@type":"WebPage","@id":"https:\/\/cozydots.com\/de\/produkt\/muschelkissen-dark-green-samtkissen-shell\/","url":"https:\/\/cozydots.com\/de\/produkt\/muschelkissen-dark-green-samtkissen-shell\/","name":"Muschelkissen Dark Green, Samtkissen Shell - Cozydots.com","isPartOf":{"@id":"https:\/\/cozydots.com\/de\/#website"},"primaryImageOfPage":{"@id":"https:\/\/cozydots.com\/de\/produkt\/muschelkissen-dark-green-samtkissen-shell\/#primaryimage"},"image":{"@id":"https:\/\/cozydots.com\/de\/produkt\/muschelkissen-dark-green-samtkissen-shell\/#primaryimage"},"thumbnailUrl":"https:\/\/cozydots.com\/wp-content\/uploads\/2022\/03\/shell-pillows-velvet-green-and-honey.jpg","datePublished":"2022-03-29T11:37:19+00:00","dateModified":"2023-02-08T10:58:18+00:00","description":"Ein gro\u00dfes und weiches dekoratives Velvet Shell Kissen 48 \u00d7 55 cm. Es sieht auf dem Sofa und Sessel wundersch\u00f6n aus.","breadcrumb":{"@id":"https:\/\/cozydots.com\/de\/produkt\/muschelkissen-dark-green-samtkissen-shell\/#breadcrumb"},"inLanguage":"de","potentialAction":[{"@type":"ReadAction","target":["https:\/\/cozydots.com\/de\/produkt\/muschelkissen-dark-green-samtkissen-shell\/"]}]},{"@type":"ImageObject","inLanguage":"de","@id":"https:\/\/cozydots.com\/de\/produkt\/muschelkissen-dark-green-samtkissen-shell\/#primaryimage","url":"https:\/\/cozydots.com\/wp-content\/uploads\/2022\/03\/shell-pillows-velvet-green-and-honey.jpg","contentUrl":"https:\/\/cozydots.com\/wp-content\/uploads\/2022\/03\/shell-pillows-velvet-green-and-honey.jpg","width":1200,"height":1200},{"@type":"BreadcrumbList","@id":"https:\/\/cozydots.com\/de\/produkt\/muschelkissen-dark-green-samtkissen-shell\/#breadcrumb","itemListElement":[{"@type":"ListItem","position":1,"name":"Strona g\u0142\u00f3wna","item":"https:\/\/cozydots.com\/de\/"},{"@type":"ListItem","position":2,"name":"Shop","item":"https:\/\/cozydots.com\/de\/shop\/"},{"@type":"ListItem","position":3,"name":"Muschelkissen Dark Green, Samtkissen Shell"}]},{"@type":"WebSite","@id":"https:\/\/cozydots.com\/de\/#website","url":"https:\/\/cozydots.com\/de\/","name":"Cozydots.com","description":"Producent namiot\u00f3w Tipi","publisher":{"@id":"https:\/\/cozydots.com\/de\/#organization"},"potentialAction":[{"@type":"SearchAction","target":{"@type":"EntryPoint","urlTemplate":"https:\/\/cozydots.com\/de\/?s={search_term_string}"},"query-input":{"@type":"PropertyValueSpecification","valueRequired":true,"valueName":"search_term_string"}}],"inLanguage":"de"},{"@type":"Organization","@id":"https:\/\/cozydots.com\/de\/#organization","name":"Cozydots.com","url":"https:\/\/cozydots.com\/de\/","logo":{"@type":"ImageObject","inLanguage":"de","@id":"https:\/\/cozydots.com\/de\/#\/schema\/logo\/image\/","url":"https:\/\/cozydots.com\/wp-content\/uploads\/2021\/10\/cozyshop_logo.png","contentUrl":"https:\/\/cozydots.com\/wp-content\/uploads\/2021\/10\/cozyshop_logo.png","width":400,"height":121,"caption":"Cozydots.com"},"image":{"@id":"https:\/\/cozydots.com\/de\/#\/schema\/logo\/image\/"}}]}},"_links":{"self":[{"href":"https:\/\/cozydots.com\/de\/wp-json\/wp\/v2\/product\/50916","targetHints":{"allow":["GET"]}}],"collection":[{"href":"https:\/\/cozydots.com\/de\/wp-json\/wp\/v2\/product"}],"about":[{"href":"https:\/\/cozydots.com\/de\/wp-json\/wp\/v2\/types\/product"}],"replies":[{"embeddable":true,"href":"https:\/\/cozydots.com\/de\/wp-json\/wp\/v2\/comments?post=50916"}],"wp:featuredmedia":[{"embeddable":true,"href":"https:\/\/cozydots.com\/de\/wp-json\/wp\/v2\/media\/50694"}],"wp:attachment":[{"href":"https:\/\/cozydots.com\/de\/wp-json\/wp\/v2\/media?parent=50916"}],"wp:term":[{"taxonomy":"product_brand","embeddable":true,"href":"https:\/\/cozydots.com\/de\/wp-json\/wp\/v2\/product_brand?post=50916"},{"taxonomy":"product_cat","embeddable":true,"href":"https:\/\/cozydots.com\/de\/wp-json\/wp\/v2\/product_cat?post=50916"},{"taxonomy":"product_tag","embeddable":true,"href":"https:\/\/cozydots.com\/de\/wp-json\/wp\/v2\/product_tag?post=50916"}],"curies":[{"name":"wp","href":"https:\/\/api.w.org\/{rel}","templated":true}]}}