{"id":51104,"date":"2022-04-04T10:48:31","date_gmt":"2022-04-12T20:12:02","guid":{"rendered":"https:\/\/cozydots.com\/?post_type=product&#038;p=51104"},"modified":"2022-04-12T22:12:02","modified_gmt":"2022-04-12T20:12:02","slug":"velvet-quilt-tagesdecke-verschiedene-groessen","status":"publish","type":"product","link":"https:\/\/cozydots.com\/de\/produkt\/velvet-quilt-tagesdecke-verschiedene-groessen\/","title":{"rendered":"Velvet Quilt Tagesdecke &#8211; verschiedene Gr\u00f6\u00dfen"},"content":{"rendered":"<p><strong>Die Tagesdecke Velvet Quilt f\u00fcr ein Kinderbett ist eine doppelseitige Tagesdecke mit weicher F\u00fcllung.<\/strong> <img loading=\"lazy\" decoding=\"async\" class=\"size-medium wp-image-50687 alignright\" src=\"https:\/\/cozydots.com\/wp-content\/uploads\/2022\/03\/SHELL-PILLOWS-DARK-PINK-400x400.jpg\" alt=\"\" width=\"400\" height=\"400\" srcset=\"https:\/\/cozydots.com\/wp-content\/uploads\/2022\/03\/SHELL-PILLOWS-DARK-PINK-400x400.jpg 400w, https:\/\/cozydots.com\/wp-content\/uploads\/2022\/03\/SHELL-PILLOWS-DARK-PINK.jpg 1200w, https:\/\/cozydots.com\/wp-content\/uploads\/2022\/03\/SHELL-PILLOWS-DARK-PINK-150x150.jpg 150w, https:\/\/cozydots.com\/wp-content\/uploads\/2022\/03\/SHELL-PILLOWS-DARK-PINK-768x768.jpg 768w, https:\/\/cozydots.com\/wp-content\/uploads\/2022\/03\/SHELL-PILLOWS-DARK-PINK-470x470.jpg 470w, https:\/\/cozydots.com\/wp-content\/uploads\/2022\/03\/SHELL-PILLOWS-DARK-PINK-800x800.jpg 800w, https:\/\/cozydots.com\/wp-content\/uploads\/2022\/03\/SHELL-PILLOWS-DARK-PINK-100x100.jpg 100w\" sizes=\"auto, (max-width: 400px) 100vw, 400px\" \/><\/p>\n<p>Ein Bett ist oft ein Lieblingsplatz im Kinderzimmer. Ein Ort zum Faulenzen, M\u00e4rchenlesen oder ein Ort zum Spielen mit Ihren Lieblingsspielzeugen.<\/p>\n<p><strong>Eine Bettdecke ist ein Muss in jedem Zimmer. Die weiche Tagesdecke von Cozy &amp; Dozy ist eine zweifarbige, gesteppte Decke, f\u00fcr die Sie auch Kissen und Kissenbez\u00fcge finden.<\/strong><\/p>\n<p>Die Steppdecke hat innen eine antiallergische F\u00fcllung, die ihr Form und Dicke verleiht und sie auf dem Bett sch\u00f6n aussehen l\u00e4sst.<\/p>\n<p>Der Cope kommt in mehreren Gr\u00f6\u00dfen und Farben.<\/p>\n<p><em>Wenn Sie ein Ma\u00df f\u00fcr Ihr Bett ben\u00f6tigen, schreiben Sie uns: shop@cozyanddozy.com<\/em><\/p>\n<p>Stoff:<\/p>\n<ul>\n<li>100 % Samt<\/li>\n<li><span style=\"color: #555555\">Silikonf\u00fcllung, antiallergische Isolierung<\/span><\/li>\n<\/ul>\n<p>Pflegemethode:<\/p>\n<ul>\n<li>Maschinenw\u00e4sche bei 40\u00b0 &#8211; Schonwaschgang<\/li>\n<li><span style=\"color: #555555\">Bei niedriger Temperatur b\u00fcgeln<\/span><\/li>\n<li><span style=\"color: #555555\">Reinige chemisch nicht<\/span><\/li>\n<li><span style=\"color: #555555\">Nicht chloren<\/span><\/li>\n<\/ul>\n","protected":false},"excerpt":{"rendered":"<p>Eine weiche, doppelseitige Bettdecke. Eine gesteppte Tagesdecke aus Samt, verziert mit einer Borte.<\/p>\n","protected":false},"featured_media":50764,"comment_status":"open","ping_status":"closed","template":"","meta":[],"product_brand":[],"product_cat":[113],"product_tag":[],"class_list":{"0":"post-51104","1":"product","2":"type-product","3":"status-publish","4":"has-post-thumbnail","6":"product_cat-bettwaesche","8":"first","9":"instock","10":"taxable","11":"shipping-taxable","12":"product-type-variable"},"yoast_head":"<!-- This site is optimized with the Yoast SEO plugin v27.0 - https:\/\/yoast.com\/product\/yoast-seo-wordpress\/ -->\n<title>Velvet Quilt Tagesdecke - verschiedene Gr\u00f6\u00dfen - Cozydots.com<\/title>\n<meta name=\"description\" content=\"Eine weiche, doppelseitige Bettdecke. Eine gesteppte Tagesdecke aus Samt, verziert mit einer Borte.\" \/>\n<meta name=\"robots\" content=\"index, follow, max-snippet:-1, max-image-preview:large, max-video-preview:-1\" \/>\n<link rel=\"canonical\" href=\"https:\/\/cozydots.com\/de\/produkt\/velvet-quilt-tagesdecke-verschiedene-groessen\/\" \/>\n<meta property=\"og:locale\" content=\"de_DE\" \/>\n<meta property=\"og:type\" content=\"article\" \/>\n<meta property=\"og:title\" content=\"Velvet Quilt Tagesdecke - verschiedene Gr\u00f6\u00dfen - Cozydots.com\" \/>\n<meta property=\"og:description\" content=\"Eine weiche, doppelseitige Bettdecke. Eine gesteppte Tagesdecke aus Samt, verziert mit einer Borte.\" \/>\n<meta property=\"og:url\" content=\"https:\/\/cozydots.com\/de\/produkt\/velvet-quilt-tagesdecke-verschiedene-groessen\/\" \/>\n<meta property=\"og:site_name\" content=\"Cozydots.com\" \/>\n<meta property=\"og:image\" content=\"https:\/\/cozydots.com\/wp-content\/uploads\/2022\/03\/TWO-SIDE-VELVET-BED-COVERS.jpg\" \/>\n\t<meta property=\"og:image:width\" content=\"1200\" \/>\n\t<meta property=\"og:image:height\" content=\"1200\" \/>\n\t<meta property=\"og:image:type\" content=\"image\/jpeg\" \/>\n<meta name=\"twitter:card\" content=\"summary_large_image\" \/>\n<meta name=\"twitter:label1\" content=\"Gesch\u00e4tzte Lesezeit\" \/>\n\t<meta name=\"twitter:data1\" content=\"1\u00a0Minute\" \/>\n<script type=\"application\/ld+json\" class=\"yoast-schema-graph\">{\"@context\":\"https:\/\/schema.org\",\"@graph\":[{\"@type\":\"WebPage\",\"@id\":\"https:\/\/cozydots.com\/de\/produkt\/velvet-quilt-tagesdecke-verschiedene-groessen\/\",\"url\":\"https:\/\/cozydots.com\/de\/produkt\/velvet-quilt-tagesdecke-verschiedene-groessen\/\",\"name\":\"Velvet Quilt Tagesdecke - verschiedene Gr\u00f6\u00dfen - Cozydots.com\",\"isPartOf\":{\"@id\":\"https:\/\/cozydots.com\/de\/#website\"},\"primaryImageOfPage\":{\"@id\":\"https:\/\/cozydots.com\/de\/produkt\/velvet-quilt-tagesdecke-verschiedene-groessen\/#primaryimage\"},\"image\":{\"@id\":\"https:\/\/cozydots.com\/de\/produkt\/velvet-quilt-tagesdecke-verschiedene-groessen\/#primaryimage\"},\"thumbnailUrl\":\"https:\/\/cozydots.com\/wp-content\/uploads\/2022\/03\/TWO-SIDE-VELVET-BED-COVERS.jpg\",\"datePublished\":\"2022-04-12T20:12:02+00:00\",\"description\":\"Eine weiche, doppelseitige Bettdecke. Eine gesteppte Tagesdecke aus Samt, verziert mit einer Borte.\",\"breadcrumb\":{\"@id\":\"https:\/\/cozydots.com\/de\/produkt\/velvet-quilt-tagesdecke-verschiedene-groessen\/#breadcrumb\"},\"inLanguage\":\"de\",\"potentialAction\":[{\"@type\":\"ReadAction\",\"target\":[\"https:\/\/cozydots.com\/de\/produkt\/velvet-quilt-tagesdecke-verschiedene-groessen\/\"]}]},{\"@type\":\"ImageObject\",\"inLanguage\":\"de\",\"@id\":\"https:\/\/cozydots.com\/de\/produkt\/velvet-quilt-tagesdecke-verschiedene-groessen\/#primaryimage\",\"url\":\"https:\/\/cozydots.com\/wp-content\/uploads\/2022\/03\/TWO-SIDE-VELVET-BED-COVERS.jpg\",\"contentUrl\":\"https:\/\/cozydots.com\/wp-content\/uploads\/2022\/03\/TWO-SIDE-VELVET-BED-COVERS.jpg\",\"width\":1200,\"height\":1200},{\"@type\":\"BreadcrumbList\",\"@id\":\"https:\/\/cozydots.com\/de\/produkt\/velvet-quilt-tagesdecke-verschiedene-groessen\/#breadcrumb\",\"itemListElement\":[{\"@type\":\"ListItem\",\"position\":1,\"name\":\"Strona g\u0142\u00f3wna\",\"item\":\"https:\/\/cozydots.com\/de\/\"},{\"@type\":\"ListItem\",\"position\":2,\"name\":\"Shop\",\"item\":\"https:\/\/cozydots.com\/de\/shop\/\"},{\"@type\":\"ListItem\",\"position\":3,\"name\":\"Velvet Quilt Tagesdecke &#8211; verschiedene Gr\u00f6\u00dfen\"}]},{\"@type\":\"WebSite\",\"@id\":\"https:\/\/cozydots.com\/de\/#website\",\"url\":\"https:\/\/cozydots.com\/de\/\",\"name\":\"Cozydots.com\",\"description\":\"Producent namiot\u00f3w Tipi\",\"publisher\":{\"@id\":\"https:\/\/cozydots.com\/de\/#organization\"},\"potentialAction\":[{\"@type\":\"SearchAction\",\"target\":{\"@type\":\"EntryPoint\",\"urlTemplate\":\"https:\/\/cozydots.com\/de\/?s={search_term_string}\"},\"query-input\":{\"@type\":\"PropertyValueSpecification\",\"valueRequired\":true,\"valueName\":\"search_term_string\"}}],\"inLanguage\":\"de\"},{\"@type\":\"Organization\",\"@id\":\"https:\/\/cozydots.com\/de\/#organization\",\"name\":\"Cozydots.com\",\"url\":\"https:\/\/cozydots.com\/de\/\",\"logo\":{\"@type\":\"ImageObject\",\"inLanguage\":\"de\",\"@id\":\"https:\/\/cozydots.com\/de\/#\/schema\/logo\/image\/\",\"url\":\"https:\/\/cozydots.com\/wp-content\/uploads\/2021\/10\/cozyshop_logo.png\",\"contentUrl\":\"https:\/\/cozydots.com\/wp-content\/uploads\/2021\/10\/cozyshop_logo.png\",\"width\":400,\"height\":121,\"caption\":\"Cozydots.com\"},\"image\":{\"@id\":\"https:\/\/cozydots.com\/de\/#\/schema\/logo\/image\/\"}}]}<\/script>\n<!-- \/ Yoast SEO plugin. -->","yoast_head_json":{"title":"Velvet Quilt Tagesdecke - verschiedene Gr\u00f6\u00dfen - Cozydots.com","description":"Eine weiche, doppelseitige Bettdecke. Eine gesteppte Tagesdecke aus Samt, verziert mit einer Borte.","robots":{"index":"index","follow":"follow","max-snippet":"max-snippet:-1","max-image-preview":"max-image-preview:large","max-video-preview":"max-video-preview:-1"},"canonical":"https:\/\/cozydots.com\/de\/produkt\/velvet-quilt-tagesdecke-verschiedene-groessen\/","og_locale":"de_DE","og_type":"article","og_title":"Velvet Quilt Tagesdecke - verschiedene Gr\u00f6\u00dfen - Cozydots.com","og_description":"Eine weiche, doppelseitige Bettdecke. Eine gesteppte Tagesdecke aus Samt, verziert mit einer Borte.","og_url":"https:\/\/cozydots.com\/de\/produkt\/velvet-quilt-tagesdecke-verschiedene-groessen\/","og_site_name":"Cozydots.com","og_image":[{"width":1200,"height":1200,"url":"https:\/\/cozydots.com\/wp-content\/uploads\/2022\/03\/TWO-SIDE-VELVET-BED-COVERS.jpg","type":"image\/jpeg"}],"twitter_card":"summary_large_image","twitter_misc":{"Gesch\u00e4tzte Lesezeit":"1\u00a0Minute"},"schema":{"@context":"https:\/\/schema.org","@graph":[{"@type":"WebPage","@id":"https:\/\/cozydots.com\/de\/produkt\/velvet-quilt-tagesdecke-verschiedene-groessen\/","url":"https:\/\/cozydots.com\/de\/produkt\/velvet-quilt-tagesdecke-verschiedene-groessen\/","name":"Velvet Quilt Tagesdecke - verschiedene Gr\u00f6\u00dfen - Cozydots.com","isPartOf":{"@id":"https:\/\/cozydots.com\/de\/#website"},"primaryImageOfPage":{"@id":"https:\/\/cozydots.com\/de\/produkt\/velvet-quilt-tagesdecke-verschiedene-groessen\/#primaryimage"},"image":{"@id":"https:\/\/cozydots.com\/de\/produkt\/velvet-quilt-tagesdecke-verschiedene-groessen\/#primaryimage"},"thumbnailUrl":"https:\/\/cozydots.com\/wp-content\/uploads\/2022\/03\/TWO-SIDE-VELVET-BED-COVERS.jpg","datePublished":"2022-04-12T20:12:02+00:00","description":"Eine weiche, doppelseitige Bettdecke. Eine gesteppte Tagesdecke aus Samt, verziert mit einer Borte.","breadcrumb":{"@id":"https:\/\/cozydots.com\/de\/produkt\/velvet-quilt-tagesdecke-verschiedene-groessen\/#breadcrumb"},"inLanguage":"de","potentialAction":[{"@type":"ReadAction","target":["https:\/\/cozydots.com\/de\/produkt\/velvet-quilt-tagesdecke-verschiedene-groessen\/"]}]},{"@type":"ImageObject","inLanguage":"de","@id":"https:\/\/cozydots.com\/de\/produkt\/velvet-quilt-tagesdecke-verschiedene-groessen\/#primaryimage","url":"https:\/\/cozydots.com\/wp-content\/uploads\/2022\/03\/TWO-SIDE-VELVET-BED-COVERS.jpg","contentUrl":"https:\/\/cozydots.com\/wp-content\/uploads\/2022\/03\/TWO-SIDE-VELVET-BED-COVERS.jpg","width":1200,"height":1200},{"@type":"BreadcrumbList","@id":"https:\/\/cozydots.com\/de\/produkt\/velvet-quilt-tagesdecke-verschiedene-groessen\/#breadcrumb","itemListElement":[{"@type":"ListItem","position":1,"name":"Strona g\u0142\u00f3wna","item":"https:\/\/cozydots.com\/de\/"},{"@type":"ListItem","position":2,"name":"Shop","item":"https:\/\/cozydots.com\/de\/shop\/"},{"@type":"ListItem","position":3,"name":"Velvet Quilt Tagesdecke &#8211; verschiedene Gr\u00f6\u00dfen"}]},{"@type":"WebSite","@id":"https:\/\/cozydots.com\/de\/#website","url":"https:\/\/cozydots.com\/de\/","name":"Cozydots.com","description":"Producent namiot\u00f3w Tipi","publisher":{"@id":"https:\/\/cozydots.com\/de\/#organization"},"potentialAction":[{"@type":"SearchAction","target":{"@type":"EntryPoint","urlTemplate":"https:\/\/cozydots.com\/de\/?s={search_term_string}"},"query-input":{"@type":"PropertyValueSpecification","valueRequired":true,"valueName":"search_term_string"}}],"inLanguage":"de"},{"@type":"Organization","@id":"https:\/\/cozydots.com\/de\/#organization","name":"Cozydots.com","url":"https:\/\/cozydots.com\/de\/","logo":{"@type":"ImageObject","inLanguage":"de","@id":"https:\/\/cozydots.com\/de\/#\/schema\/logo\/image\/","url":"https:\/\/cozydots.com\/wp-content\/uploads\/2021\/10\/cozyshop_logo.png","contentUrl":"https:\/\/cozydots.com\/wp-content\/uploads\/2021\/10\/cozyshop_logo.png","width":400,"height":121,"caption":"Cozydots.com"},"image":{"@id":"https:\/\/cozydots.com\/de\/#\/schema\/logo\/image\/"}}]}},"_links":{"self":[{"href":"https:\/\/cozydots.com\/de\/wp-json\/wp\/v2\/product\/51104","targetHints":{"allow":["GET"]}}],"collection":[{"href":"https:\/\/cozydots.com\/de\/wp-json\/wp\/v2\/product"}],"about":[{"href":"https:\/\/cozydots.com\/de\/wp-json\/wp\/v2\/types\/product"}],"replies":[{"embeddable":true,"href":"https:\/\/cozydots.com\/de\/wp-json\/wp\/v2\/comments?post=51104"}],"wp:featuredmedia":[{"embeddable":true,"href":"https:\/\/cozydots.com\/de\/wp-json\/wp\/v2\/media\/50764"}],"wp:attachment":[{"href":"https:\/\/cozydots.com\/de\/wp-json\/wp\/v2\/media?parent=51104"}],"wp:term":[{"taxonomy":"product_brand","embeddable":true,"href":"https:\/\/cozydots.com\/de\/wp-json\/wp\/v2\/product_brand?post=51104"},{"taxonomy":"product_cat","embeddable":true,"href":"https:\/\/cozydots.com\/de\/wp-json\/wp\/v2\/product_cat?post=51104"},{"taxonomy":"product_tag","embeddable":true,"href":"https:\/\/cozydots.com\/de\/wp-json\/wp\/v2\/product_tag?post=51104"}],"curies":[{"name":"wp","href":"https:\/\/api.w.org\/{rel}","templated":true}]}}