{"id":51721,"date":"2022-06-03T13:03:55","date_gmt":"2022-06-03T11:03:56","guid":{"rendered":"https:\/\/cozydots.com\/?post_type=product&#038;p=51721"},"modified":"2022-06-29T17:42:50","modified_gmt":"2022-06-29T15:42:50","slug":"bodenkissen-aus-grey-samt-grosser-patchwork-hocker","status":"publish","type":"product","link":"https:\/\/cozydots.com\/de\/produkt\/bodenkissen-aus-grey-samt-grosser-patchwork-hocker\/","title":{"rendered":"Bodenkissen aus Grey Samt, gro\u00dfer Patchwork-Hocker"},"content":{"rendered":"<h3><strong>Patchwork-Bodenkissen aus Grey samt<\/strong><\/h3>\n<p><strong>Der dekorative Kinderhocker<\/strong>\u00a0ist ein gro\u00dfer, gem\u00fctlicher Sitz, der sich perfekt f\u00fcr den t\u00e4glichen Spa\u00df und die Entspannung eignet.<\/p>\n<p>Der <strong>Hocker ist mit antiallergischem Schaum gef\u00fcllt<\/strong>.<\/p>\n<p><strong>Das Grau Bodenkissen hat einen Rei\u00dfverschlus<\/strong>s zum einfachen Waschen.<\/p>\n<p>Ein bunter Sitzsack ist eine tolle Dekoration f\u00fcr ein Kinderzimmer und ein beliebter Ort zum Spielen.<\/p>\n<p>Das <strong>Bodenkissen Grey ist der perfekte Hocker f\u00fcr ein Jugendzimmer.<\/strong><\/p>\n<p>GREY VELVET &#8211; Patchwork-Kissen in folgenden Farben: Rosa, Gr\u00fcn, Natur.<\/p>\n<p>Spezifikation:<\/p>\n<ul>\n<li>Ma\u00dfe: ca. 70 \u00d7 10 cm (+\/- 2,5 cm)<\/li>\n<li><span style=\"color: #555555\">F\u00fcllung und Ball aus antiallergischem Schaumstoff<\/span><\/li>\n<li><span style=\"color: #555555\">Stoff: Velvet Velours \u2013 CE<\/span><\/li>\n<\/ul>\n<p>In der Velvet-Kollektion finden Sie Poufs in anderen Farben und Gr\u00f6\u00dfen sowie Tipi-Zelte, Girlanden, Teppiche und Kissen.<\/p>\n<p>Behandlungsmethode:<\/p>\n<ul>\n<li>Kein B\u00fcgeln<\/li>\n<li><span style=\"color: #555555\">Maschinenwaschbar bei 40 Grad, Schleudern &#8211; 800 U\/min<\/span><\/li>\n<li><span style=\"color: #555555\">Reinige chemisch nicht<\/span><\/li>\n<li><span style=\"color: #555555\">Nicht bleichen<\/span><\/li>\n<\/ul>\n<p>Entworfen und gen\u00e4ht in Polen von Cozy &amp; Dozy<\/p>\n","protected":false},"excerpt":{"rendered":"<p>Der dekorative Hocker f\u00fcr Kinder ist ein gro\u00dfer, gem\u00fctlicher Sitz, der sich perfekt f\u00fcr allt\u00e4gliche Spiele und Ruhe eignet.<\/p>\n","protected":false},"featured_media":51728,"comment_status":"open","ping_status":"closed","template":"","meta":[],"product_brand":[],"product_cat":[104],"product_tag":[],"class_list":{"0":"post-51721","1":"product","2":"type-product","3":"status-publish","4":"has-post-thumbnail","6":"product_cat-kissen-puffs","8":"first","9":"instock","10":"taxable","11":"shipping-taxable","12":"product-type-simple"},"yoast_head":"<!-- This site is optimized with the Yoast SEO plugin v27.0 - https:\/\/yoast.com\/product\/yoast-seo-wordpress\/ -->\n<title>Bodenkissen aus Grey Samt, gro\u00dfer Patchwork-Hocker - Cozydots.com<\/title>\n<meta name=\"description\" content=\"Der dekorative Hocker f\u00fcr Kinder ist ein gro\u00dfer, gem\u00fctlicher Sitz, der sich perfekt f\u00fcr allt\u00e4gliche Spiele und Ruhe eignet.\" \/>\n<meta name=\"robots\" content=\"index, follow, max-snippet:-1, max-image-preview:large, max-video-preview:-1\" \/>\n<link rel=\"canonical\" href=\"https:\/\/cozydots.com\/de\/produkt\/bodenkissen-aus-grey-samt-grosser-patchwork-hocker\/\" \/>\n<meta property=\"og:locale\" content=\"de_DE\" \/>\n<meta property=\"og:type\" content=\"article\" \/>\n<meta property=\"og:title\" content=\"Bodenkissen aus Grey Samt, gro\u00dfer Patchwork-Hocker - Cozydots.com\" \/>\n<meta property=\"og:description\" content=\"Der dekorative Hocker f\u00fcr Kinder ist ein gro\u00dfer, gem\u00fctlicher Sitz, der sich perfekt f\u00fcr allt\u00e4gliche Spiele und Ruhe eignet.\" \/>\n<meta property=\"og:url\" content=\"https:\/\/cozydots.com\/de\/produkt\/bodenkissen-aus-grey-samt-grosser-patchwork-hocker\/\" \/>\n<meta property=\"og:site_name\" content=\"Cozydots.com\" \/>\n<meta property=\"article:modified_time\" content=\"2022-06-29T15:42:50+00:00\" \/>\n<meta property=\"og:image\" content=\"https:\/\/cozydots.com\/wp-content\/uploads\/2022\/06\/kp-6475.jpg\" \/>\n\t<meta property=\"og:image:width\" content=\"1200\" \/>\n\t<meta property=\"og:image:height\" content=\"1200\" \/>\n\t<meta property=\"og:image:type\" content=\"image\/jpeg\" \/>\n<meta name=\"twitter:card\" content=\"summary_large_image\" \/>\n<meta name=\"twitter:label1\" content=\"Gesch\u00e4tzte Lesezeit\" \/>\n\t<meta name=\"twitter:data1\" content=\"1\u00a0Minute\" \/>\n<script type=\"application\/ld+json\" class=\"yoast-schema-graph\">{\"@context\":\"https:\/\/schema.org\",\"@graph\":[{\"@type\":\"WebPage\",\"@id\":\"https:\/\/cozydots.com\/de\/produkt\/bodenkissen-aus-grey-samt-grosser-patchwork-hocker\/\",\"url\":\"https:\/\/cozydots.com\/de\/produkt\/bodenkissen-aus-grey-samt-grosser-patchwork-hocker\/\",\"name\":\"Bodenkissen aus Grey Samt, gro\u00dfer Patchwork-Hocker - Cozydots.com\",\"isPartOf\":{\"@id\":\"https:\/\/cozydots.com\/de\/#website\"},\"primaryImageOfPage\":{\"@id\":\"https:\/\/cozydots.com\/de\/produkt\/bodenkissen-aus-grey-samt-grosser-patchwork-hocker\/#primaryimage\"},\"image\":{\"@id\":\"https:\/\/cozydots.com\/de\/produkt\/bodenkissen-aus-grey-samt-grosser-patchwork-hocker\/#primaryimage\"},\"thumbnailUrl\":\"https:\/\/cozydots.com\/wp-content\/uploads\/2022\/06\/kp-6475.jpg\",\"datePublished\":\"2022-06-03T11:03:56+00:00\",\"dateModified\":\"2022-06-29T15:42:50+00:00\",\"description\":\"Der dekorative Hocker f\u00fcr Kinder ist ein gro\u00dfer, gem\u00fctlicher Sitz, der sich perfekt f\u00fcr allt\u00e4gliche Spiele und Ruhe eignet.\",\"breadcrumb\":{\"@id\":\"https:\/\/cozydots.com\/de\/produkt\/bodenkissen-aus-grey-samt-grosser-patchwork-hocker\/#breadcrumb\"},\"inLanguage\":\"de\",\"potentialAction\":[{\"@type\":\"ReadAction\",\"target\":[\"https:\/\/cozydots.com\/de\/produkt\/bodenkissen-aus-grey-samt-grosser-patchwork-hocker\/\"]}]},{\"@type\":\"ImageObject\",\"inLanguage\":\"de\",\"@id\":\"https:\/\/cozydots.com\/de\/produkt\/bodenkissen-aus-grey-samt-grosser-patchwork-hocker\/#primaryimage\",\"url\":\"https:\/\/cozydots.com\/wp-content\/uploads\/2022\/06\/kp-6475.jpg\",\"contentUrl\":\"https:\/\/cozydots.com\/wp-content\/uploads\/2022\/06\/kp-6475.jpg\",\"width\":1200,\"height\":1200},{\"@type\":\"BreadcrumbList\",\"@id\":\"https:\/\/cozydots.com\/de\/produkt\/bodenkissen-aus-grey-samt-grosser-patchwork-hocker\/#breadcrumb\",\"itemListElement\":[{\"@type\":\"ListItem\",\"position\":1,\"name\":\"Strona g\u0142\u00f3wna\",\"item\":\"https:\/\/cozydots.com\/de\/\"},{\"@type\":\"ListItem\",\"position\":2,\"name\":\"Shop\",\"item\":\"https:\/\/cozydots.com\/de\/shop\/\"},{\"@type\":\"ListItem\",\"position\":3,\"name\":\"Bodenkissen aus Grey Samt, gro\u00dfer Patchwork-Hocker\"}]},{\"@type\":\"WebSite\",\"@id\":\"https:\/\/cozydots.com\/de\/#website\",\"url\":\"https:\/\/cozydots.com\/de\/\",\"name\":\"Cozydots.com\",\"description\":\"Producent namiot\u00f3w Tipi\",\"publisher\":{\"@id\":\"https:\/\/cozydots.com\/de\/#organization\"},\"potentialAction\":[{\"@type\":\"SearchAction\",\"target\":{\"@type\":\"EntryPoint\",\"urlTemplate\":\"https:\/\/cozydots.com\/de\/?s={search_term_string}\"},\"query-input\":{\"@type\":\"PropertyValueSpecification\",\"valueRequired\":true,\"valueName\":\"search_term_string\"}}],\"inLanguage\":\"de\"},{\"@type\":\"Organization\",\"@id\":\"https:\/\/cozydots.com\/de\/#organization\",\"name\":\"Cozydots.com\",\"url\":\"https:\/\/cozydots.com\/de\/\",\"logo\":{\"@type\":\"ImageObject\",\"inLanguage\":\"de\",\"@id\":\"https:\/\/cozydots.com\/de\/#\/schema\/logo\/image\/\",\"url\":\"https:\/\/cozydots.com\/wp-content\/uploads\/2021\/10\/cozyshop_logo.png\",\"contentUrl\":\"https:\/\/cozydots.com\/wp-content\/uploads\/2021\/10\/cozyshop_logo.png\",\"width\":400,\"height\":121,\"caption\":\"Cozydots.com\"},\"image\":{\"@id\":\"https:\/\/cozydots.com\/de\/#\/schema\/logo\/image\/\"}}]}<\/script>\n<!-- \/ Yoast SEO plugin. -->","yoast_head_json":{"title":"Bodenkissen aus Grey Samt, gro\u00dfer Patchwork-Hocker - Cozydots.com","description":"Der dekorative Hocker f\u00fcr Kinder ist ein gro\u00dfer, gem\u00fctlicher Sitz, der sich perfekt f\u00fcr allt\u00e4gliche Spiele und Ruhe eignet.","robots":{"index":"index","follow":"follow","max-snippet":"max-snippet:-1","max-image-preview":"max-image-preview:large","max-video-preview":"max-video-preview:-1"},"canonical":"https:\/\/cozydots.com\/de\/produkt\/bodenkissen-aus-grey-samt-grosser-patchwork-hocker\/","og_locale":"de_DE","og_type":"article","og_title":"Bodenkissen aus Grey Samt, gro\u00dfer Patchwork-Hocker - Cozydots.com","og_description":"Der dekorative Hocker f\u00fcr Kinder ist ein gro\u00dfer, gem\u00fctlicher Sitz, der sich perfekt f\u00fcr allt\u00e4gliche Spiele und Ruhe eignet.","og_url":"https:\/\/cozydots.com\/de\/produkt\/bodenkissen-aus-grey-samt-grosser-patchwork-hocker\/","og_site_name":"Cozydots.com","article_modified_time":"2022-06-29T15:42:50+00:00","og_image":[{"width":1200,"height":1200,"url":"https:\/\/cozydots.com\/wp-content\/uploads\/2022\/06\/kp-6475.jpg","type":"image\/jpeg"}],"twitter_card":"summary_large_image","twitter_misc":{"Gesch\u00e4tzte Lesezeit":"1\u00a0Minute"},"schema":{"@context":"https:\/\/schema.org","@graph":[{"@type":"WebPage","@id":"https:\/\/cozydots.com\/de\/produkt\/bodenkissen-aus-grey-samt-grosser-patchwork-hocker\/","url":"https:\/\/cozydots.com\/de\/produkt\/bodenkissen-aus-grey-samt-grosser-patchwork-hocker\/","name":"Bodenkissen aus Grey Samt, gro\u00dfer Patchwork-Hocker - Cozydots.com","isPartOf":{"@id":"https:\/\/cozydots.com\/de\/#website"},"primaryImageOfPage":{"@id":"https:\/\/cozydots.com\/de\/produkt\/bodenkissen-aus-grey-samt-grosser-patchwork-hocker\/#primaryimage"},"image":{"@id":"https:\/\/cozydots.com\/de\/produkt\/bodenkissen-aus-grey-samt-grosser-patchwork-hocker\/#primaryimage"},"thumbnailUrl":"https:\/\/cozydots.com\/wp-content\/uploads\/2022\/06\/kp-6475.jpg","datePublished":"2022-06-03T11:03:56+00:00","dateModified":"2022-06-29T15:42:50+00:00","description":"Der dekorative Hocker f\u00fcr Kinder ist ein gro\u00dfer, gem\u00fctlicher Sitz, der sich perfekt f\u00fcr allt\u00e4gliche Spiele und Ruhe eignet.","breadcrumb":{"@id":"https:\/\/cozydots.com\/de\/produkt\/bodenkissen-aus-grey-samt-grosser-patchwork-hocker\/#breadcrumb"},"inLanguage":"de","potentialAction":[{"@type":"ReadAction","target":["https:\/\/cozydots.com\/de\/produkt\/bodenkissen-aus-grey-samt-grosser-patchwork-hocker\/"]}]},{"@type":"ImageObject","inLanguage":"de","@id":"https:\/\/cozydots.com\/de\/produkt\/bodenkissen-aus-grey-samt-grosser-patchwork-hocker\/#primaryimage","url":"https:\/\/cozydots.com\/wp-content\/uploads\/2022\/06\/kp-6475.jpg","contentUrl":"https:\/\/cozydots.com\/wp-content\/uploads\/2022\/06\/kp-6475.jpg","width":1200,"height":1200},{"@type":"BreadcrumbList","@id":"https:\/\/cozydots.com\/de\/produkt\/bodenkissen-aus-grey-samt-grosser-patchwork-hocker\/#breadcrumb","itemListElement":[{"@type":"ListItem","position":1,"name":"Strona g\u0142\u00f3wna","item":"https:\/\/cozydots.com\/de\/"},{"@type":"ListItem","position":2,"name":"Shop","item":"https:\/\/cozydots.com\/de\/shop\/"},{"@type":"ListItem","position":3,"name":"Bodenkissen aus Grey Samt, gro\u00dfer Patchwork-Hocker"}]},{"@type":"WebSite","@id":"https:\/\/cozydots.com\/de\/#website","url":"https:\/\/cozydots.com\/de\/","name":"Cozydots.com","description":"Producent namiot\u00f3w Tipi","publisher":{"@id":"https:\/\/cozydots.com\/de\/#organization"},"potentialAction":[{"@type":"SearchAction","target":{"@type":"EntryPoint","urlTemplate":"https:\/\/cozydots.com\/de\/?s={search_term_string}"},"query-input":{"@type":"PropertyValueSpecification","valueRequired":true,"valueName":"search_term_string"}}],"inLanguage":"de"},{"@type":"Organization","@id":"https:\/\/cozydots.com\/de\/#organization","name":"Cozydots.com","url":"https:\/\/cozydots.com\/de\/","logo":{"@type":"ImageObject","inLanguage":"de","@id":"https:\/\/cozydots.com\/de\/#\/schema\/logo\/image\/","url":"https:\/\/cozydots.com\/wp-content\/uploads\/2021\/10\/cozyshop_logo.png","contentUrl":"https:\/\/cozydots.com\/wp-content\/uploads\/2021\/10\/cozyshop_logo.png","width":400,"height":121,"caption":"Cozydots.com"},"image":{"@id":"https:\/\/cozydots.com\/de\/#\/schema\/logo\/image\/"}}]}},"_links":{"self":[{"href":"https:\/\/cozydots.com\/de\/wp-json\/wp\/v2\/product\/51721","targetHints":{"allow":["GET"]}}],"collection":[{"href":"https:\/\/cozydots.com\/de\/wp-json\/wp\/v2\/product"}],"about":[{"href":"https:\/\/cozydots.com\/de\/wp-json\/wp\/v2\/types\/product"}],"replies":[{"embeddable":true,"href":"https:\/\/cozydots.com\/de\/wp-json\/wp\/v2\/comments?post=51721"}],"wp:featuredmedia":[{"embeddable":true,"href":"https:\/\/cozydots.com\/de\/wp-json\/wp\/v2\/media\/51728"}],"wp:attachment":[{"href":"https:\/\/cozydots.com\/de\/wp-json\/wp\/v2\/media?parent=51721"}],"wp:term":[{"taxonomy":"product_brand","embeddable":true,"href":"https:\/\/cozydots.com\/de\/wp-json\/wp\/v2\/product_brand?post=51721"},{"taxonomy":"product_cat","embeddable":true,"href":"https:\/\/cozydots.com\/de\/wp-json\/wp\/v2\/product_cat?post=51721"},{"taxonomy":"product_tag","embeddable":true,"href":"https:\/\/cozydots.com\/de\/wp-json\/wp\/v2\/product_tag?post=51721"}],"curies":[{"name":"wp","href":"https:\/\/api.w.org\/{rel}","templated":true}]}}