{"id":52080,"date":"2022-03-04T13:11:56","date_gmt":"2022-06-29T14:58:32","guid":{"rendered":"https:\/\/cozydots.com\/?post_type=product&#038;p=52080"},"modified":"2022-06-29T16:58:32","modified_gmt":"2022-06-29T14:58:32","slug":"tipi-zelt-pink-frill-pinkes-tipi-zelt-mit-rueschen-5er-set","status":"publish","type":"product","link":"https:\/\/cozydots.com\/de\/produkt\/tipi-zelt-pink-frill-pinkes-tipi-zelt-mit-rueschen-5er-set\/","title":{"rendered":"Tipi zelt Pink Frill, Pinkes Tipi-Zelt mit R\u00fcschen, 5er-Set"},"content":{"rendered":"<p><strong>Ein Zelt mit R\u00fcschen aus der Pink Frill-Serie ist ein M\u00e4dchenzimmer-Set mit einer weichen, gro\u00dfen runden Matte, einem Herzkissen und einem gro\u00dfen 110 x 150 cm gro\u00dfen Zelt. Das perfekte Spielset.<\/strong><\/p>\n<p>Indian Tipi ist ein fantastischer Ort, um drau\u00dfen und zu Hause zu spielen. Ein Tipi-Zelt f\u00fcr Kinder ist ein guter Ort zum Ausruhen und eine Ecke zum Lesen von B\u00fcchern. Ein Wigwam f\u00fcr ein Kind ist ein modisches Element einer Kinderzimmerdekoration.<\/p>\n<p><strong>Das Kinderzelt hat eine eingen\u00e4hte Tasche f\u00fcr Spielzeug und ein Fenster mit Rollladen. Alle Stoffteile sind maschinenwaschbar. Das Kinderzelt l\u00e4sst sich leicht zusammenfalten und nimmt nicht viel Platz ein.<\/strong><\/p>\n<p>Indianertipis werden in Handarbeit hergestellt, aus kindersicheren Stoffen aus Europa und mit Qualit\u00e4tszertifikaten. Alle Modelle werden von uns entworfen und wir garantieren, dass Sie ein einzigartiges Produkt in bester Qualit\u00e4t erhalten.<\/p>\n<p>Das Pink Frill Tipi-Set von COZY &amp; DOZY beinhaltet:<\/p>\n<ul>\n<li>Tipi f\u00fcr ein M\u00e4dchen<\/li>\n<li><span style=\"color: #555555\">weiche runde Matte mit R\u00fcschen<\/span><\/li>\n<li><span style=\"color: #555555\">Herzkissen<\/span><\/li>\n<li><span style=\"color: #555555\">Stabilisator<\/span><\/li>\n<li><span style=\"color: #555555\">4 Stangen aus naturbelassenem Kiefernholz (Gestell).<\/span><\/li>\n<\/ul>\n<p>Das Wigwam ist auch ohne Matte und Kissen erh\u00e4ltlich.<\/p>\n<p>Zus\u00e4tzliche Information<\/p>\n<p>Ma\u00dfe:<\/p>\n<ul>\n<li>H\u00f6he (mit Stangen) ausgeklappt: 150 cm<\/li>\n<li><span style=\"color: #555555\">H\u00f6he (mit Stangen) zusammengeklappt: 170 cm<\/span><\/li>\n<li><span style=\"color: #555555\">Grundfl\u00e4che: ca. 110 \u00d7 110 cm<\/span><\/li>\n<li><span style=\"color: #555555\">Matte: 120 \u00d7 120 cm<\/span><\/li>\n<\/ul>\n<p>Das Zelt ist f\u00fcr 2-3 Kinder ausgelegt. Tipi l\u00e4sst sich leicht zusammenklappen und nimmt nicht viel Platz ein. Sie k\u00f6nnen sie in einem Baumwollbeutel mit Griff aufbewahren, der im Set enthalten ist.<\/p>\n<p>Komposition:<\/p>\n<ul>\n<li>100 % Baumwolle, CE-gepr\u00fcft, sicher f\u00fcr Kinder, zertifizierte Stoffe<\/li>\n<li><span style=\"color: #555555\">F\u00fcllung der Matte und Kissen: 100 % hypoallergener Silikonschaum<\/span><\/li>\n<\/ul>\n<p>Alle Stoffe, aus denen unsere Tipi-Zelte hergestellt werden, sind zertifiziert und stammen aus europ\u00e4ischen L\u00e4ndern, was sie f\u00fcr Kinder sicher macht.<\/p>\n<p>Alle Cozy &amp; Dozy-Produkte werden in Polen entworfen und gen\u00e4ht.<\/p>\n<p>Pflegemethode:<\/p>\n<ul>\n<li>Maschinenw\u00e4sche bei 40\u00b0 \u2013 Schonwaschgang<\/li>\n<li><span style=\"color: #555555\">Bei niedriger Temperatur b\u00fcgeln<\/span><\/li>\n<li><span style=\"color: #555555\">Nicht im Trockner trocknen<\/span><\/li>\n<li><span style=\"color: #555555\">Reinige chemisch nicht<\/span><\/li>\n<li><span style=\"color: #555555\">Nicht chloren<\/span><\/li>\n<\/ul>\n","protected":false},"excerpt":{"rendered":"<p>Ein Zelt mit R\u00fcschen aus der Pink Frill-Serie ist ein M\u00e4dchenzimmer-Set mit einer weichen, gro\u00dfen runden Matte, einem Herzkissen und einem gro\u00dfen 110 x 150 cm gro\u00dfen Zelt. Das perfekte Spielset.<\/p>\n","protected":false},"featured_media":50075,"comment_status":"open","ping_status":"closed","template":"","meta":[],"product_brand":[],"product_cat":[78],"product_tag":[],"class_list":{"0":"post-52080","1":"product","2":"type-product","3":"status-publish","4":"has-post-thumbnail","6":"product_cat-tipi-zelt","8":"first","9":"instock","10":"sale","11":"taxable","12":"shipping-taxable","13":"product-type-simple"},"yoast_head":"<!-- This site is optimized with the Yoast SEO plugin v27.0 - https:\/\/yoast.com\/product\/yoast-seo-wordpress\/ -->\n<title>Tipi zelt Pink Frill, Pinkes Tipi-Zelt mit R\u00fcschen, 5er-Set - Cozydots.com<\/title>\n<meta name=\"description\" content=\"Ein Zelt mit R\u00fcschen aus der Pink Frill-Serie ist ein M\u00e4dchenzimmer-Set mit einer weichen, gro\u00dfen runden Matte, einem Herzkissen und einem gro\u00dfen 110 x 150 cm gro\u00dfen Zelt. Das perfekte Spielset.\" \/>\n<meta name=\"robots\" content=\"index, follow, max-snippet:-1, max-image-preview:large, max-video-preview:-1\" \/>\n<link rel=\"canonical\" href=\"https:\/\/cozydots.com\/de\/produkt\/tipi-zelt-pink-frill-pinkes-tipi-zelt-mit-rueschen-5er-set\/\" \/>\n<meta property=\"og:locale\" content=\"de_DE\" \/>\n<meta property=\"og:type\" content=\"article\" \/>\n<meta property=\"og:title\" content=\"Tipi zelt Pink Frill, Pinkes Tipi-Zelt mit R\u00fcschen, 5er-Set - Cozydots.com\" \/>\n<meta property=\"og:description\" content=\"Ein Zelt mit R\u00fcschen aus der Pink Frill-Serie ist ein M\u00e4dchenzimmer-Set mit einer weichen, gro\u00dfen runden Matte, einem Herzkissen und einem gro\u00dfen 110 x 150 cm gro\u00dfen Zelt. Das perfekte Spielset.\" \/>\n<meta property=\"og:url\" content=\"https:\/\/cozydots.com\/de\/produkt\/tipi-zelt-pink-frill-pinkes-tipi-zelt-mit-rueschen-5er-set\/\" \/>\n<meta property=\"og:site_name\" content=\"Cozydots.com\" \/>\n<meta property=\"og:image\" content=\"https:\/\/cozydots.com\/wp-content\/uploads\/2022\/02\/pink-frill-tipi-set.jpg\" \/>\n\t<meta property=\"og:image:width\" content=\"1200\" \/>\n\t<meta property=\"og:image:height\" content=\"1395\" \/>\n\t<meta property=\"og:image:type\" content=\"image\/jpeg\" \/>\n<meta name=\"twitter:card\" content=\"summary_large_image\" \/>\n<meta name=\"twitter:label1\" content=\"Gesch\u00e4tzte Lesezeit\" \/>\n\t<meta name=\"twitter:data1\" content=\"2\u00a0Minuten\" \/>\n<script type=\"application\/ld+json\" class=\"yoast-schema-graph\">{\"@context\":\"https:\/\/schema.org\",\"@graph\":[{\"@type\":\"WebPage\",\"@id\":\"https:\/\/cozydots.com\/de\/produkt\/tipi-zelt-pink-frill-pinkes-tipi-zelt-mit-rueschen-5er-set\/\",\"url\":\"https:\/\/cozydots.com\/de\/produkt\/tipi-zelt-pink-frill-pinkes-tipi-zelt-mit-rueschen-5er-set\/\",\"name\":\"Tipi zelt Pink Frill, Pinkes Tipi-Zelt mit R\u00fcschen, 5er-Set - Cozydots.com\",\"isPartOf\":{\"@id\":\"https:\/\/cozydots.com\/de\/#website\"},\"primaryImageOfPage\":{\"@id\":\"https:\/\/cozydots.com\/de\/produkt\/tipi-zelt-pink-frill-pinkes-tipi-zelt-mit-rueschen-5er-set\/#primaryimage\"},\"image\":{\"@id\":\"https:\/\/cozydots.com\/de\/produkt\/tipi-zelt-pink-frill-pinkes-tipi-zelt-mit-rueschen-5er-set\/#primaryimage\"},\"thumbnailUrl\":\"https:\/\/cozydots.com\/wp-content\/uploads\/2022\/02\/pink-frill-tipi-set.jpg\",\"datePublished\":\"2022-06-29T14:58:32+00:00\",\"description\":\"Ein Zelt mit R\u00fcschen aus der Pink Frill-Serie ist ein M\u00e4dchenzimmer-Set mit einer weichen, gro\u00dfen runden Matte, einem Herzkissen und einem gro\u00dfen 110 x 150 cm gro\u00dfen Zelt. Das perfekte Spielset.\",\"breadcrumb\":{\"@id\":\"https:\/\/cozydots.com\/de\/produkt\/tipi-zelt-pink-frill-pinkes-tipi-zelt-mit-rueschen-5er-set\/#breadcrumb\"},\"inLanguage\":\"de\",\"potentialAction\":[{\"@type\":\"ReadAction\",\"target\":[\"https:\/\/cozydots.com\/de\/produkt\/tipi-zelt-pink-frill-pinkes-tipi-zelt-mit-rueschen-5er-set\/\"]}]},{\"@type\":\"ImageObject\",\"inLanguage\":\"de\",\"@id\":\"https:\/\/cozydots.com\/de\/produkt\/tipi-zelt-pink-frill-pinkes-tipi-zelt-mit-rueschen-5er-set\/#primaryimage\",\"url\":\"https:\/\/cozydots.com\/wp-content\/uploads\/2022\/02\/pink-frill-tipi-set.jpg\",\"contentUrl\":\"https:\/\/cozydots.com\/wp-content\/uploads\/2022\/02\/pink-frill-tipi-set.jpg\",\"width\":1200,\"height\":1395},{\"@type\":\"BreadcrumbList\",\"@id\":\"https:\/\/cozydots.com\/de\/produkt\/tipi-zelt-pink-frill-pinkes-tipi-zelt-mit-rueschen-5er-set\/#breadcrumb\",\"itemListElement\":[{\"@type\":\"ListItem\",\"position\":1,\"name\":\"Strona g\u0142\u00f3wna\",\"item\":\"https:\/\/cozydots.com\/de\/\"},{\"@type\":\"ListItem\",\"position\":2,\"name\":\"Shop\",\"item\":\"https:\/\/cozydots.com\/de\/shop\/\"},{\"@type\":\"ListItem\",\"position\":3,\"name\":\"Tipi zelt Pink Frill, Pinkes Tipi-Zelt mit R\u00fcschen, 5er-Set\"}]},{\"@type\":\"WebSite\",\"@id\":\"https:\/\/cozydots.com\/de\/#website\",\"url\":\"https:\/\/cozydots.com\/de\/\",\"name\":\"Cozydots.com\",\"description\":\"Producent namiot\u00f3w Tipi\",\"publisher\":{\"@id\":\"https:\/\/cozydots.com\/de\/#organization\"},\"potentialAction\":[{\"@type\":\"SearchAction\",\"target\":{\"@type\":\"EntryPoint\",\"urlTemplate\":\"https:\/\/cozydots.com\/de\/?s={search_term_string}\"},\"query-input\":{\"@type\":\"PropertyValueSpecification\",\"valueRequired\":true,\"valueName\":\"search_term_string\"}}],\"inLanguage\":\"de\"},{\"@type\":\"Organization\",\"@id\":\"https:\/\/cozydots.com\/de\/#organization\",\"name\":\"Cozydots.com\",\"url\":\"https:\/\/cozydots.com\/de\/\",\"logo\":{\"@type\":\"ImageObject\",\"inLanguage\":\"de\",\"@id\":\"https:\/\/cozydots.com\/de\/#\/schema\/logo\/image\/\",\"url\":\"https:\/\/cozydots.com\/wp-content\/uploads\/2021\/10\/cozyshop_logo.png\",\"contentUrl\":\"https:\/\/cozydots.com\/wp-content\/uploads\/2021\/10\/cozyshop_logo.png\",\"width\":400,\"height\":121,\"caption\":\"Cozydots.com\"},\"image\":{\"@id\":\"https:\/\/cozydots.com\/de\/#\/schema\/logo\/image\/\"}}]}<\/script>\n<!-- \/ Yoast SEO plugin. -->","yoast_head_json":{"title":"Tipi zelt Pink Frill, Pinkes Tipi-Zelt mit R\u00fcschen, 5er-Set - Cozydots.com","description":"Ein Zelt mit R\u00fcschen aus der Pink Frill-Serie ist ein M\u00e4dchenzimmer-Set mit einer weichen, gro\u00dfen runden Matte, einem Herzkissen und einem gro\u00dfen 110 x 150 cm gro\u00dfen Zelt. Das perfekte Spielset.","robots":{"index":"index","follow":"follow","max-snippet":"max-snippet:-1","max-image-preview":"max-image-preview:large","max-video-preview":"max-video-preview:-1"},"canonical":"https:\/\/cozydots.com\/de\/produkt\/tipi-zelt-pink-frill-pinkes-tipi-zelt-mit-rueschen-5er-set\/","og_locale":"de_DE","og_type":"article","og_title":"Tipi zelt Pink Frill, Pinkes Tipi-Zelt mit R\u00fcschen, 5er-Set - Cozydots.com","og_description":"Ein Zelt mit R\u00fcschen aus der Pink Frill-Serie ist ein M\u00e4dchenzimmer-Set mit einer weichen, gro\u00dfen runden Matte, einem Herzkissen und einem gro\u00dfen 110 x 150 cm gro\u00dfen Zelt. Das perfekte Spielset.","og_url":"https:\/\/cozydots.com\/de\/produkt\/tipi-zelt-pink-frill-pinkes-tipi-zelt-mit-rueschen-5er-set\/","og_site_name":"Cozydots.com","og_image":[{"width":1200,"height":1395,"url":"https:\/\/cozydots.com\/wp-content\/uploads\/2022\/02\/pink-frill-tipi-set.jpg","type":"image\/jpeg"}],"twitter_card":"summary_large_image","twitter_misc":{"Gesch\u00e4tzte Lesezeit":"2\u00a0Minuten"},"schema":{"@context":"https:\/\/schema.org","@graph":[{"@type":"WebPage","@id":"https:\/\/cozydots.com\/de\/produkt\/tipi-zelt-pink-frill-pinkes-tipi-zelt-mit-rueschen-5er-set\/","url":"https:\/\/cozydots.com\/de\/produkt\/tipi-zelt-pink-frill-pinkes-tipi-zelt-mit-rueschen-5er-set\/","name":"Tipi zelt Pink Frill, Pinkes Tipi-Zelt mit R\u00fcschen, 5er-Set - Cozydots.com","isPartOf":{"@id":"https:\/\/cozydots.com\/de\/#website"},"primaryImageOfPage":{"@id":"https:\/\/cozydots.com\/de\/produkt\/tipi-zelt-pink-frill-pinkes-tipi-zelt-mit-rueschen-5er-set\/#primaryimage"},"image":{"@id":"https:\/\/cozydots.com\/de\/produkt\/tipi-zelt-pink-frill-pinkes-tipi-zelt-mit-rueschen-5er-set\/#primaryimage"},"thumbnailUrl":"https:\/\/cozydots.com\/wp-content\/uploads\/2022\/02\/pink-frill-tipi-set.jpg","datePublished":"2022-06-29T14:58:32+00:00","description":"Ein Zelt mit R\u00fcschen aus der Pink Frill-Serie ist ein M\u00e4dchenzimmer-Set mit einer weichen, gro\u00dfen runden Matte, einem Herzkissen und einem gro\u00dfen 110 x 150 cm gro\u00dfen Zelt. Das perfekte Spielset.","breadcrumb":{"@id":"https:\/\/cozydots.com\/de\/produkt\/tipi-zelt-pink-frill-pinkes-tipi-zelt-mit-rueschen-5er-set\/#breadcrumb"},"inLanguage":"de","potentialAction":[{"@type":"ReadAction","target":["https:\/\/cozydots.com\/de\/produkt\/tipi-zelt-pink-frill-pinkes-tipi-zelt-mit-rueschen-5er-set\/"]}]},{"@type":"ImageObject","inLanguage":"de","@id":"https:\/\/cozydots.com\/de\/produkt\/tipi-zelt-pink-frill-pinkes-tipi-zelt-mit-rueschen-5er-set\/#primaryimage","url":"https:\/\/cozydots.com\/wp-content\/uploads\/2022\/02\/pink-frill-tipi-set.jpg","contentUrl":"https:\/\/cozydots.com\/wp-content\/uploads\/2022\/02\/pink-frill-tipi-set.jpg","width":1200,"height":1395},{"@type":"BreadcrumbList","@id":"https:\/\/cozydots.com\/de\/produkt\/tipi-zelt-pink-frill-pinkes-tipi-zelt-mit-rueschen-5er-set\/#breadcrumb","itemListElement":[{"@type":"ListItem","position":1,"name":"Strona g\u0142\u00f3wna","item":"https:\/\/cozydots.com\/de\/"},{"@type":"ListItem","position":2,"name":"Shop","item":"https:\/\/cozydots.com\/de\/shop\/"},{"@type":"ListItem","position":3,"name":"Tipi zelt Pink Frill, Pinkes Tipi-Zelt mit R\u00fcschen, 5er-Set"}]},{"@type":"WebSite","@id":"https:\/\/cozydots.com\/de\/#website","url":"https:\/\/cozydots.com\/de\/","name":"Cozydots.com","description":"Producent namiot\u00f3w Tipi","publisher":{"@id":"https:\/\/cozydots.com\/de\/#organization"},"potentialAction":[{"@type":"SearchAction","target":{"@type":"EntryPoint","urlTemplate":"https:\/\/cozydots.com\/de\/?s={search_term_string}"},"query-input":{"@type":"PropertyValueSpecification","valueRequired":true,"valueName":"search_term_string"}}],"inLanguage":"de"},{"@type":"Organization","@id":"https:\/\/cozydots.com\/de\/#organization","name":"Cozydots.com","url":"https:\/\/cozydots.com\/de\/","logo":{"@type":"ImageObject","inLanguage":"de","@id":"https:\/\/cozydots.com\/de\/#\/schema\/logo\/image\/","url":"https:\/\/cozydots.com\/wp-content\/uploads\/2021\/10\/cozyshop_logo.png","contentUrl":"https:\/\/cozydots.com\/wp-content\/uploads\/2021\/10\/cozyshop_logo.png","width":400,"height":121,"caption":"Cozydots.com"},"image":{"@id":"https:\/\/cozydots.com\/de\/#\/schema\/logo\/image\/"}}]}},"_links":{"self":[{"href":"https:\/\/cozydots.com\/de\/wp-json\/wp\/v2\/product\/52080","targetHints":{"allow":["GET"]}}],"collection":[{"href":"https:\/\/cozydots.com\/de\/wp-json\/wp\/v2\/product"}],"about":[{"href":"https:\/\/cozydots.com\/de\/wp-json\/wp\/v2\/types\/product"}],"replies":[{"embeddable":true,"href":"https:\/\/cozydots.com\/de\/wp-json\/wp\/v2\/comments?post=52080"}],"wp:featuredmedia":[{"embeddable":true,"href":"https:\/\/cozydots.com\/de\/wp-json\/wp\/v2\/media\/50075"}],"wp:attachment":[{"href":"https:\/\/cozydots.com\/de\/wp-json\/wp\/v2\/media?parent=52080"}],"wp:term":[{"taxonomy":"product_brand","embeddable":true,"href":"https:\/\/cozydots.com\/de\/wp-json\/wp\/v2\/product_brand?post=52080"},{"taxonomy":"product_cat","embeddable":true,"href":"https:\/\/cozydots.com\/de\/wp-json\/wp\/v2\/product_cat?post=52080"},{"taxonomy":"product_tag","embeddable":true,"href":"https:\/\/cozydots.com\/de\/wp-json\/wp\/v2\/product_tag?post=52080"}],"curies":[{"name":"wp","href":"https:\/\/api.w.org\/{rel}","templated":true}]}}