{"id":52738,"date":"2022-08-03T14:12:57","date_gmt":"2022-08-03T12:12:57","guid":{"rendered":"https:\/\/cozydots.com\/?post_type=product&#038;p=52738"},"modified":"2023-02-08T12:12:12","modified_gmt":"2023-02-08T11:12:12","slug":"tipi-zelt-grey-velvet-spielzelt-mit-weiche-matte","status":"publish","type":"product","link":"https:\/\/cozydots.com\/de\/produkt\/tipi-zelt-grey-velvet-spielzelt-mit-weiche-matte\/","title":{"rendered":"Tipi zelt Grey Velvet, Spielzelt mit weiche Matte"},"content":{"rendered":"<p><img loading=\"lazy\" decoding=\"async\" class=\"alignnone size-medium wp-image-52706 alignright\" src=\"https:\/\/cozydots.com\/wp-content\/uploads\/2022\/02\/teepee-velvet-grey--400x400.jpg\" alt=\"\" width=\"400\" height=\"400\" srcset=\"https:\/\/cozydots.com\/wp-content\/uploads\/2022\/02\/teepee-velvet-grey--400x400.jpg 400w, https:\/\/cozydots.com\/wp-content\/uploads\/2022\/02\/teepee-velvet-grey-.jpg 1200w, https:\/\/cozydots.com\/wp-content\/uploads\/2022\/02\/teepee-velvet-grey--150x150.jpg 150w, https:\/\/cozydots.com\/wp-content\/uploads\/2022\/02\/teepee-velvet-grey--768x768.jpg 768w, https:\/\/cozydots.com\/wp-content\/uploads\/2022\/02\/teepee-velvet-grey--470x470.jpg 470w, https:\/\/cozydots.com\/wp-content\/uploads\/2022\/02\/teepee-velvet-grey--800x800.jpg 800w, https:\/\/cozydots.com\/wp-content\/uploads\/2022\/02\/teepee-velvet-grey--100x100.jpg 100w\" sizes=\"auto, (max-width: 400px) 100vw, 400px\" \/><\/p>\n<p><b>Das Spielzelt aus der Velvet-Serie ist ein gr\u00fcnes Tipi mit weiche Matte. <\/b><b>Das Tipi-Zelt besteht aus starkem Segeltuch und ist mit\u00a0Honig\u00a0Pompons verziert. <\/b><b>Ein Zelt ist ein gro\u00dfartiger Ort zum Spielen zu Hause, auf der Terrasse oder im Garten.<\/b><\/p>\n<p>Das Spieltipi hat ein Fenster mit aufrollbarem Rollo und zwei Taschen f\u00fcr Spielzeug.<\/p>\n<p>Das Abenteuerzelt f\u00fcr Kinder wird mit einer weichen Matte.\u00a0Das Tipi-Zelt ist ein gro\u00dfartiger Ort zum Spielen und eine gem\u00fctliche Ecke zum Ausruhen.<\/p>\n<p>Wigwam wurde entwickelt, um das Auge lange zu erfreuen und sicheren Spielspa\u00df zu gew\u00e4hrleisten.<\/p>\n<p><b>Tipi hat 4 Seiten \u2013 Spielfl\u00e4che ca. 1 m2, H\u00f6he aufgeklappt ca. 150cm.<\/b><\/p>\n<p>Jedes Zelt wird mit klappbaren Kiefernstangen und einem Stabilisator geliefert, der die Stangen steif h\u00e4lt, um die Stabilit\u00e4t des Zeltes zu gew\u00e4hrleisten.<\/p>\n<p>Alle Produkte von COZY &amp; DOZY wurden in Polen entworfen und hergestellt und verf\u00fcgen \u00fcber eine CE-Erkl\u00e4rung f\u00fcr Kinderprodukte.<\/p>\n<h3>Das Kit beinhaltet:<\/h3>\n<ul>\n<li>Tipi-Zelt<\/li>\n<li>weiche Matte &#8211; velvet<\/li>\n<li>4 klappbare Kiefernst\u00f6cke (8 H\u00e4lften) + Elemente zum Verbinden von St\u00f6cken (8 Schrauben und 4 lange Muttern)<\/li>\n<li>Anweisung<\/li>\n<li>Stabilisator + Schnur<\/li>\n<\/ul>\n","protected":false},"excerpt":{"rendered":"<p>Das Spieltipi hat ein Fenster mit aufrollbarem Rollo und zwei Taschen f\u00fcr Spielzeug. Set mit Matte.<\/p>\n","protected":false},"featured_media":52692,"comment_status":"open","ping_status":"closed","template":"","meta":[],"product_brand":[],"product_cat":[78],"product_tag":[1438],"class_list":{"0":"post-52738","1":"product","2":"type-product","3":"status-publish","4":"has-post-thumbnail","6":"product_cat-tipi-zelt","7":"product_tag-pla-de","9":"first","10":"instock","11":"taxable","12":"shipping-taxable","13":"product-type-simple"},"yoast_head":"<!-- This site is optimized with the Yoast SEO plugin v27.0 - https:\/\/yoast.com\/product\/yoast-seo-wordpress\/ -->\n<title>Tipi zelt Grey Velvet, Spielzelt mit weiche Matte - Cozydots.com<\/title>\n<meta name=\"description\" content=\"Das Spielzelt aus der Velvet-Serie ist ein gr\u00fcnes Tipi mit weiche Matte. Das Tipi-Zelt besteht aus starkem Segeltuch und ist mit honig Pompons verziert.\" \/>\n<meta name=\"robots\" content=\"index, follow, max-snippet:-1, max-image-preview:large, max-video-preview:-1\" \/>\n<link rel=\"canonical\" href=\"https:\/\/cozydots.com\/de\/produkt\/tipi-zelt-grey-velvet-spielzelt-mit-weiche-matte\/\" \/>\n<meta property=\"og:locale\" content=\"de_DE\" \/>\n<meta property=\"og:type\" content=\"article\" \/>\n<meta property=\"og:title\" content=\"Tipi zelt Grey Velvet, Spielzelt mit weiche Matte - Cozydots.com\" \/>\n<meta property=\"og:description\" content=\"Das Spielzelt aus der Velvet-Serie ist ein gr\u00fcnes Tipi mit weiche Matte. Das Tipi-Zelt besteht aus starkem Segeltuch und ist mit honig Pompons verziert.\" \/>\n<meta property=\"og:url\" content=\"https:\/\/cozydots.com\/de\/produkt\/tipi-zelt-grey-velvet-spielzelt-mit-weiche-matte\/\" \/>\n<meta property=\"og:site_name\" content=\"Cozydots.com\" \/>\n<meta property=\"article:modified_time\" content=\"2023-02-08T11:12:12+00:00\" \/>\n<meta property=\"og:image\" content=\"https:\/\/cozydots.com\/wp-content\/uploads\/2022\/02\/teepee-grey-velvet-with-mat.jpg\" \/>\n\t<meta property=\"og:image:width\" content=\"1200\" \/>\n\t<meta property=\"og:image:height\" content=\"1200\" \/>\n\t<meta property=\"og:image:type\" content=\"image\/jpeg\" \/>\n<meta name=\"twitter:card\" content=\"summary_large_image\" \/>\n<meta name=\"twitter:label1\" content=\"Gesch\u00e4tzte Lesezeit\" \/>\n\t<meta name=\"twitter:data1\" content=\"2\u00a0Minuten\" \/>\n<script type=\"application\/ld+json\" class=\"yoast-schema-graph\">{\"@context\":\"https:\/\/schema.org\",\"@graph\":[{\"@type\":\"WebPage\",\"@id\":\"https:\/\/cozydots.com\/de\/produkt\/tipi-zelt-grey-velvet-spielzelt-mit-weiche-matte\/\",\"url\":\"https:\/\/cozydots.com\/de\/produkt\/tipi-zelt-grey-velvet-spielzelt-mit-weiche-matte\/\",\"name\":\"Tipi zelt Grey Velvet, Spielzelt mit weiche Matte - Cozydots.com\",\"isPartOf\":{\"@id\":\"https:\/\/cozydots.com\/de\/#website\"},\"primaryImageOfPage\":{\"@id\":\"https:\/\/cozydots.com\/de\/produkt\/tipi-zelt-grey-velvet-spielzelt-mit-weiche-matte\/#primaryimage\"},\"image\":{\"@id\":\"https:\/\/cozydots.com\/de\/produkt\/tipi-zelt-grey-velvet-spielzelt-mit-weiche-matte\/#primaryimage\"},\"thumbnailUrl\":\"https:\/\/cozydots.com\/wp-content\/uploads\/2022\/02\/teepee-grey-velvet-with-mat.jpg\",\"datePublished\":\"2022-08-03T12:12:57+00:00\",\"dateModified\":\"2023-02-08T11:12:12+00:00\",\"description\":\"Das Spielzelt aus der Velvet-Serie ist ein gr\u00fcnes Tipi mit weiche Matte. Das Tipi-Zelt besteht aus starkem Segeltuch und ist mit honig Pompons verziert.\",\"breadcrumb\":{\"@id\":\"https:\/\/cozydots.com\/de\/produkt\/tipi-zelt-grey-velvet-spielzelt-mit-weiche-matte\/#breadcrumb\"},\"inLanguage\":\"de\",\"potentialAction\":[{\"@type\":\"ReadAction\",\"target\":[\"https:\/\/cozydots.com\/de\/produkt\/tipi-zelt-grey-velvet-spielzelt-mit-weiche-matte\/\"]}]},{\"@type\":\"ImageObject\",\"inLanguage\":\"de\",\"@id\":\"https:\/\/cozydots.com\/de\/produkt\/tipi-zelt-grey-velvet-spielzelt-mit-weiche-matte\/#primaryimage\",\"url\":\"https:\/\/cozydots.com\/wp-content\/uploads\/2022\/02\/teepee-grey-velvet-with-mat.jpg\",\"contentUrl\":\"https:\/\/cozydots.com\/wp-content\/uploads\/2022\/02\/teepee-grey-velvet-with-mat.jpg\",\"width\":1200,\"height\":1200},{\"@type\":\"BreadcrumbList\",\"@id\":\"https:\/\/cozydots.com\/de\/produkt\/tipi-zelt-grey-velvet-spielzelt-mit-weiche-matte\/#breadcrumb\",\"itemListElement\":[{\"@type\":\"ListItem\",\"position\":1,\"name\":\"Strona g\u0142\u00f3wna\",\"item\":\"https:\/\/cozydots.com\/de\/\"},{\"@type\":\"ListItem\",\"position\":2,\"name\":\"Shop\",\"item\":\"https:\/\/cozydots.com\/de\/shop\/\"},{\"@type\":\"ListItem\",\"position\":3,\"name\":\"Tipi zelt Grey Velvet, Spielzelt mit weiche Matte\"}]},{\"@type\":\"WebSite\",\"@id\":\"https:\/\/cozydots.com\/de\/#website\",\"url\":\"https:\/\/cozydots.com\/de\/\",\"name\":\"Cozydots.com\",\"description\":\"Producent namiot\u00f3w Tipi\",\"publisher\":{\"@id\":\"https:\/\/cozydots.com\/de\/#organization\"},\"potentialAction\":[{\"@type\":\"SearchAction\",\"target\":{\"@type\":\"EntryPoint\",\"urlTemplate\":\"https:\/\/cozydots.com\/de\/?s={search_term_string}\"},\"query-input\":{\"@type\":\"PropertyValueSpecification\",\"valueRequired\":true,\"valueName\":\"search_term_string\"}}],\"inLanguage\":\"de\"},{\"@type\":\"Organization\",\"@id\":\"https:\/\/cozydots.com\/de\/#organization\",\"name\":\"Cozydots.com\",\"url\":\"https:\/\/cozydots.com\/de\/\",\"logo\":{\"@type\":\"ImageObject\",\"inLanguage\":\"de\",\"@id\":\"https:\/\/cozydots.com\/de\/#\/schema\/logo\/image\/\",\"url\":\"https:\/\/cozydots.com\/wp-content\/uploads\/2021\/10\/cozyshop_logo.png\",\"contentUrl\":\"https:\/\/cozydots.com\/wp-content\/uploads\/2021\/10\/cozyshop_logo.png\",\"width\":400,\"height\":121,\"caption\":\"Cozydots.com\"},\"image\":{\"@id\":\"https:\/\/cozydots.com\/de\/#\/schema\/logo\/image\/\"}}]}<\/script>\n<!-- \/ Yoast SEO plugin. -->","yoast_head_json":{"title":"Tipi zelt Grey Velvet, Spielzelt mit weiche Matte - Cozydots.com","description":"Das Spielzelt aus der Velvet-Serie ist ein gr\u00fcnes Tipi mit weiche Matte. Das Tipi-Zelt besteht aus starkem Segeltuch und ist mit honig Pompons verziert.","robots":{"index":"index","follow":"follow","max-snippet":"max-snippet:-1","max-image-preview":"max-image-preview:large","max-video-preview":"max-video-preview:-1"},"canonical":"https:\/\/cozydots.com\/de\/produkt\/tipi-zelt-grey-velvet-spielzelt-mit-weiche-matte\/","og_locale":"de_DE","og_type":"article","og_title":"Tipi zelt Grey Velvet, Spielzelt mit weiche Matte - Cozydots.com","og_description":"Das Spielzelt aus der Velvet-Serie ist ein gr\u00fcnes Tipi mit weiche Matte. Das Tipi-Zelt besteht aus starkem Segeltuch und ist mit honig Pompons verziert.","og_url":"https:\/\/cozydots.com\/de\/produkt\/tipi-zelt-grey-velvet-spielzelt-mit-weiche-matte\/","og_site_name":"Cozydots.com","article_modified_time":"2023-02-08T11:12:12+00:00","og_image":[{"width":1200,"height":1200,"url":"https:\/\/cozydots.com\/wp-content\/uploads\/2022\/02\/teepee-grey-velvet-with-mat.jpg","type":"image\/jpeg"}],"twitter_card":"summary_large_image","twitter_misc":{"Gesch\u00e4tzte Lesezeit":"2\u00a0Minuten"},"schema":{"@context":"https:\/\/schema.org","@graph":[{"@type":"WebPage","@id":"https:\/\/cozydots.com\/de\/produkt\/tipi-zelt-grey-velvet-spielzelt-mit-weiche-matte\/","url":"https:\/\/cozydots.com\/de\/produkt\/tipi-zelt-grey-velvet-spielzelt-mit-weiche-matte\/","name":"Tipi zelt Grey Velvet, Spielzelt mit weiche Matte - Cozydots.com","isPartOf":{"@id":"https:\/\/cozydots.com\/de\/#website"},"primaryImageOfPage":{"@id":"https:\/\/cozydots.com\/de\/produkt\/tipi-zelt-grey-velvet-spielzelt-mit-weiche-matte\/#primaryimage"},"image":{"@id":"https:\/\/cozydots.com\/de\/produkt\/tipi-zelt-grey-velvet-spielzelt-mit-weiche-matte\/#primaryimage"},"thumbnailUrl":"https:\/\/cozydots.com\/wp-content\/uploads\/2022\/02\/teepee-grey-velvet-with-mat.jpg","datePublished":"2022-08-03T12:12:57+00:00","dateModified":"2023-02-08T11:12:12+00:00","description":"Das Spielzelt aus der Velvet-Serie ist ein gr\u00fcnes Tipi mit weiche Matte. Das Tipi-Zelt besteht aus starkem Segeltuch und ist mit honig Pompons verziert.","breadcrumb":{"@id":"https:\/\/cozydots.com\/de\/produkt\/tipi-zelt-grey-velvet-spielzelt-mit-weiche-matte\/#breadcrumb"},"inLanguage":"de","potentialAction":[{"@type":"ReadAction","target":["https:\/\/cozydots.com\/de\/produkt\/tipi-zelt-grey-velvet-spielzelt-mit-weiche-matte\/"]}]},{"@type":"ImageObject","inLanguage":"de","@id":"https:\/\/cozydots.com\/de\/produkt\/tipi-zelt-grey-velvet-spielzelt-mit-weiche-matte\/#primaryimage","url":"https:\/\/cozydots.com\/wp-content\/uploads\/2022\/02\/teepee-grey-velvet-with-mat.jpg","contentUrl":"https:\/\/cozydots.com\/wp-content\/uploads\/2022\/02\/teepee-grey-velvet-with-mat.jpg","width":1200,"height":1200},{"@type":"BreadcrumbList","@id":"https:\/\/cozydots.com\/de\/produkt\/tipi-zelt-grey-velvet-spielzelt-mit-weiche-matte\/#breadcrumb","itemListElement":[{"@type":"ListItem","position":1,"name":"Strona g\u0142\u00f3wna","item":"https:\/\/cozydots.com\/de\/"},{"@type":"ListItem","position":2,"name":"Shop","item":"https:\/\/cozydots.com\/de\/shop\/"},{"@type":"ListItem","position":3,"name":"Tipi zelt Grey Velvet, Spielzelt mit weiche Matte"}]},{"@type":"WebSite","@id":"https:\/\/cozydots.com\/de\/#website","url":"https:\/\/cozydots.com\/de\/","name":"Cozydots.com","description":"Producent namiot\u00f3w Tipi","publisher":{"@id":"https:\/\/cozydots.com\/de\/#organization"},"potentialAction":[{"@type":"SearchAction","target":{"@type":"EntryPoint","urlTemplate":"https:\/\/cozydots.com\/de\/?s={search_term_string}"},"query-input":{"@type":"PropertyValueSpecification","valueRequired":true,"valueName":"search_term_string"}}],"inLanguage":"de"},{"@type":"Organization","@id":"https:\/\/cozydots.com\/de\/#organization","name":"Cozydots.com","url":"https:\/\/cozydots.com\/de\/","logo":{"@type":"ImageObject","inLanguage":"de","@id":"https:\/\/cozydots.com\/de\/#\/schema\/logo\/image\/","url":"https:\/\/cozydots.com\/wp-content\/uploads\/2021\/10\/cozyshop_logo.png","contentUrl":"https:\/\/cozydots.com\/wp-content\/uploads\/2021\/10\/cozyshop_logo.png","width":400,"height":121,"caption":"Cozydots.com"},"image":{"@id":"https:\/\/cozydots.com\/de\/#\/schema\/logo\/image\/"}}]}},"_links":{"self":[{"href":"https:\/\/cozydots.com\/de\/wp-json\/wp\/v2\/product\/52738","targetHints":{"allow":["GET"]}}],"collection":[{"href":"https:\/\/cozydots.com\/de\/wp-json\/wp\/v2\/product"}],"about":[{"href":"https:\/\/cozydots.com\/de\/wp-json\/wp\/v2\/types\/product"}],"replies":[{"embeddable":true,"href":"https:\/\/cozydots.com\/de\/wp-json\/wp\/v2\/comments?post=52738"}],"wp:featuredmedia":[{"embeddable":true,"href":"https:\/\/cozydots.com\/de\/wp-json\/wp\/v2\/media\/52692"}],"wp:attachment":[{"href":"https:\/\/cozydots.com\/de\/wp-json\/wp\/v2\/media?parent=52738"}],"wp:term":[{"taxonomy":"product_brand","embeddable":true,"href":"https:\/\/cozydots.com\/de\/wp-json\/wp\/v2\/product_brand?post=52738"},{"taxonomy":"product_cat","embeddable":true,"href":"https:\/\/cozydots.com\/de\/wp-json\/wp\/v2\/product_cat?post=52738"},{"taxonomy":"product_tag","embeddable":true,"href":"https:\/\/cozydots.com\/de\/wp-json\/wp\/v2\/product_tag?post=52738"}],"curies":[{"name":"wp","href":"https:\/\/api.w.org\/{rel}","templated":true}]}}