{"id":53056,"date":"2022-08-12T16:21:09","date_gmt":"2022-08-12T16:26:33","guid":{"rendered":"https:\/\/cozydots.com\/?post_type=product&#038;p=53056"},"modified":"2023-02-08T11:58:09","modified_gmt":"2023-02-08T10:58:09","slug":"schlafsack-fuer-kinder-retro-blue-75-x-140-cm","status":"publish","type":"product","link":"https:\/\/cozydots.com\/de\/produkt\/schlafsack-fuer-kinder-retro-blue-75-x-140-cm\/","title":{"rendered":"Schlafsack f\u00fcr Kinder Retro Blue 75 \u00d7 140 cm"},"content":{"rendered":"<h3><img loading=\"lazy\" decoding=\"async\" class=\"alignnone size-medium wp-image-52855 alignright\" src=\"https:\/\/cozydots.com\/wp-content\/uploads\/2022\/08\/spiworki-przedszkolne-cozydots-400x400.jpg\" alt=\"\" width=\"400\" height=\"400\" srcset=\"https:\/\/cozydots.com\/wp-content\/uploads\/2022\/08\/spiworki-przedszkolne-cozydots-400x400.jpg 400w, https:\/\/cozydots.com\/wp-content\/uploads\/2022\/08\/spiworki-przedszkolne-cozydots-1200x1200.jpg 1200w, https:\/\/cozydots.com\/wp-content\/uploads\/2022\/08\/spiworki-przedszkolne-cozydots-150x150.jpg 150w, https:\/\/cozydots.com\/wp-content\/uploads\/2022\/08\/spiworki-przedszkolne-cozydots-768x768.jpg 768w, https:\/\/cozydots.com\/wp-content\/uploads\/2022\/08\/spiworki-przedszkolne-cozydots-470x470.jpg 470w, https:\/\/cozydots.com\/wp-content\/uploads\/2022\/08\/spiworki-przedszkolne-cozydots-800x800.jpg 800w, https:\/\/cozydots.com\/wp-content\/uploads\/2022\/08\/spiworki-przedszkolne-cozydots-100x100.jpg 100w, https:\/\/cozydots.com\/wp-content\/uploads\/2022\/08\/spiworki-przedszkolne-cozydots.jpg 1280w\" sizes=\"auto, (max-width: 400px) 100vw, 400px\" \/><\/h3>\n<h3>Der Schlafsack des Vorschulkindes ist eine kuschelige Bettw\u00e4sche aus Baumwolle und Samt, komplett mit einem kleinen Kissen, einer Aufbewahrungstasche und einem Ausweis.<\/h3>\n<p>Ein <strong>Schlafsack f\u00fcr Kinder<\/strong> im Vorschulalter ist eine kuschelige <strong>Bettw\u00e4sche aus Baumwolle und Samt.<\/strong><\/p>\n<p>Die <strong>Bettw\u00e4sche des Kindergartens<\/strong> ist mit einer <strong>antiallergischen Bettdecke und einem Kopfkissen gef\u00fcllt<\/strong>. Au\u00dferdem enth\u00e4lt das <strong>Set ein kleines Kissen \u2013 zum Umarmen, eine Aufbewahrungstasche und einen Ausweis zum Unterschreiben mit Vor- und Nachnamen.<\/strong><\/p>\n<p>Ein Schlafsack aus der Retro-Serie ist in ged\u00e4mpften Farben von Mustern und Farben im Vintage-Stil inspiriert.<\/p>\n<p>RETRO BLUE gestreifter Babyschlafsack in folgenden Farben: Hellgr\u00fcn, Honig, Marineblau, Blau und Hellgrau.<\/p>\n<p>Die Retro-Kollektion umfasst 3 Schlafsackmodelle: Retro, Retro Blue, Retro Pink.<\/p>\n<p>Der <strong>Schlafsack<\/strong> hat einen Rei\u00dfverschluss, damit das Kind w\u00e4hrend eines Nickerchens nicht auff\u00e4llt.<\/p>\n<p><strong>Dar\u00fcber hinaus verf\u00fcgt es \u00fcber ein abnehmbares Kissen (Kissen), um das Waschen in der Waschmaschine zu erleichtern.<\/strong><\/p>\n<p>Ein farbenfroher Schlafsack von Cozy &amp; Dozy ist die perfekte L\u00f6sung f\u00fcr Kinder im Alter von 2 bis 7 Jahren.<br \/>\n<img loading=\"lazy\" decoding=\"async\" class=\"alignnone size-medium wp-image-52904 alignright\" src=\"https:\/\/cozydots.com\/wp-content\/uploads\/2022\/08\/poduszka-do-spiworka-400x400.jpg\" alt=\"\" width=\"400\" height=\"400\" srcset=\"https:\/\/cozydots.com\/wp-content\/uploads\/2022\/08\/poduszka-do-spiworka-400x400.jpg 400w, https:\/\/cozydots.com\/wp-content\/uploads\/2022\/08\/poduszka-do-spiworka.jpg 1200w, https:\/\/cozydots.com\/wp-content\/uploads\/2022\/08\/poduszka-do-spiworka-150x150.jpg 150w, https:\/\/cozydots.com\/wp-content\/uploads\/2022\/08\/poduszka-do-spiworka-768x768.jpg 768w, https:\/\/cozydots.com\/wp-content\/uploads\/2022\/08\/poduszka-do-spiworka-470x470.jpg 470w, https:\/\/cozydots.com\/wp-content\/uploads\/2022\/08\/poduszka-do-spiworka-800x800.jpg 800w, https:\/\/cozydots.com\/wp-content\/uploads\/2022\/08\/poduszka-do-spiworka-100x100.jpg 100w\" sizes=\"auto, (max-width: 400px) 100vw, 400px\" \/><br \/>\nDer <strong>Schlafsack ist nicht nur perfekt f\u00fcr ein Nickerchen im Kindergarten, sondern auch eine gro\u00dfartige L\u00f6sung f\u00fcr bequemes Schlafen au\u00dferhalb des Hauses \u2013 im Urlaub, bei Freunden oder auf Reisen.<\/strong><\/p>\n<p>Ma\u00dfe:<\/p>\n<ul>\n<li>Schlafbereich 140 \u00d7 75<\/li>\n<li>Gesamtl\u00e4nge im aufgeklappten Zustand 240 \u00d7 75<\/li>\n<li>kleines Kissen 40 \u00d7 23<\/li>\n<\/ul>\n<p>Inbegriffen:<\/p>\n<ul>\n<li>Schlafsack (mit abnehmbarem Kissen)<\/li>\n<li>kleines Kissen<\/li>\n<li>Id card<\/li>\n<li>Aufbewahrungstasche<\/li>\n<\/ul>\n<p>Lieferzeit: 5-10 Werktage + Lieferzeit (nach Deutschland 2-3 Werktage)<\/p>\n<p>Komposition:<\/p>\n<ul>\n<li>100% Baumwolle (Innenseite)<\/li>\n<li>Samt 100% (Au\u00dfenseite)<\/li>\n<\/ul>\n<p>Pflegemethode:<\/p>\n<ul>\n<li>bei 40 Grad in der Waschmaschine waschen<\/li>\n<li>Nicht bleichen<\/li>\n<li>B\u00fcgeln Sie die Baumwollseite bei 180 Grad<\/li>\n<\/ul>\n<p>Schlafsack f\u00fcr Kinder im Vorschulalter, komplett entworfen und gen\u00e4ht von Cozy &amp; Dozy.<\/p>\n<p>Alle Stoffe, aus denen wir n\u00e4hen, sind zertifiziert und sicher f\u00fcr Kinder. Das Produkt ist CE-zertifiziert.<\/p>\n","protected":false},"excerpt":{"rendered":"<p><b>Schlafsack f\u00fcr Kinder im Vorschulalter mit zus\u00e4tzlichem Kopfkissen, Aufbewahrungsbeutel und Ausweis.<\/b><\/p>\n","protected":false},"featured_media":52976,"comment_status":"open","ping_status":"closed","template":"","meta":[],"product_brand":[],"product_cat":[113],"product_tag":[],"class_list":{"0":"post-53056","1":"product","2":"type-product","3":"status-publish","4":"has-post-thumbnail","6":"product_cat-bettwaesche","8":"first","9":"instock","10":"taxable","11":"shipping-taxable","12":"product-type-simple"},"yoast_head":"<!-- This site is optimized with the Yoast SEO plugin v27.0 - https:\/\/yoast.com\/product\/yoast-seo-wordpress\/ -->\n<title>Schlafsack f\u00fcr Kinder Retro Blue 75 \u00d7 140 cm - Cozydots.com<\/title>\n<meta name=\"description\" content=\"Schlafsack f\u00fcr Kinder im Vorschulalter mit zus\u00e4tzlichem Kopfkissen, Aufbewahrungsbeutel und Ausweis.\" \/>\n<meta name=\"robots\" content=\"index, follow, max-snippet:-1, max-image-preview:large, max-video-preview:-1\" \/>\n<link rel=\"canonical\" href=\"https:\/\/cozydots.com\/de\/produkt\/schlafsack-fuer-kinder-retro-blue-75-x-140-cm\/\" \/>\n<meta property=\"og:locale\" content=\"de_DE\" \/>\n<meta property=\"og:type\" content=\"article\" \/>\n<meta property=\"og:title\" content=\"Schlafsack f\u00fcr Kinder Retro Blue 75 \u00d7 140 cm - Cozydots.com\" \/>\n<meta property=\"og:description\" content=\"Schlafsack f\u00fcr Kinder im Vorschulalter mit zus\u00e4tzlichem Kopfkissen, Aufbewahrungsbeutel und Ausweis.\" \/>\n<meta property=\"og:url\" content=\"https:\/\/cozydots.com\/de\/produkt\/schlafsack-fuer-kinder-retro-blue-75-x-140-cm\/\" \/>\n<meta property=\"og:site_name\" content=\"Cozydots.com\" \/>\n<meta property=\"article:modified_time\" content=\"2023-02-08T10:58:09+00:00\" \/>\n<meta property=\"og:image\" content=\"https:\/\/cozydots.com\/wp-content\/uploads\/2022\/08\/spiworek-szkolny-blue-retro.jpg\" \/>\n\t<meta property=\"og:image:width\" content=\"1200\" \/>\n\t<meta property=\"og:image:height\" content=\"1200\" \/>\n\t<meta property=\"og:image:type\" content=\"image\/jpeg\" \/>\n<meta name=\"twitter:card\" content=\"summary_large_image\" \/>\n<meta name=\"twitter:label1\" content=\"Gesch\u00e4tzte Lesezeit\" \/>\n\t<meta name=\"twitter:data1\" content=\"3\u00a0Minuten\" \/>\n<script type=\"application\/ld+json\" class=\"yoast-schema-graph\">{\"@context\":\"https:\/\/schema.org\",\"@graph\":[{\"@type\":\"WebPage\",\"@id\":\"https:\/\/cozydots.com\/de\/produkt\/schlafsack-fuer-kinder-retro-blue-75-x-140-cm\/\",\"url\":\"https:\/\/cozydots.com\/de\/produkt\/schlafsack-fuer-kinder-retro-blue-75-x-140-cm\/\",\"name\":\"Schlafsack f\u00fcr Kinder Retro Blue 75 \u00d7 140 cm - Cozydots.com\",\"isPartOf\":{\"@id\":\"https:\/\/cozydots.com\/de\/#website\"},\"primaryImageOfPage\":{\"@id\":\"https:\/\/cozydots.com\/de\/produkt\/schlafsack-fuer-kinder-retro-blue-75-x-140-cm\/#primaryimage\"},\"image\":{\"@id\":\"https:\/\/cozydots.com\/de\/produkt\/schlafsack-fuer-kinder-retro-blue-75-x-140-cm\/#primaryimage\"},\"thumbnailUrl\":\"https:\/\/cozydots.com\/wp-content\/uploads\/2022\/08\/spiworek-szkolny-blue-retro.jpg\",\"datePublished\":\"2022-08-12T16:26:33+00:00\",\"dateModified\":\"2023-02-08T10:58:09+00:00\",\"description\":\"Schlafsack f\u00fcr Kinder im Vorschulalter mit zus\u00e4tzlichem Kopfkissen, Aufbewahrungsbeutel und Ausweis.\",\"breadcrumb\":{\"@id\":\"https:\/\/cozydots.com\/de\/produkt\/schlafsack-fuer-kinder-retro-blue-75-x-140-cm\/#breadcrumb\"},\"inLanguage\":\"de\",\"potentialAction\":[{\"@type\":\"ReadAction\",\"target\":[\"https:\/\/cozydots.com\/de\/produkt\/schlafsack-fuer-kinder-retro-blue-75-x-140-cm\/\"]}]},{\"@type\":\"ImageObject\",\"inLanguage\":\"de\",\"@id\":\"https:\/\/cozydots.com\/de\/produkt\/schlafsack-fuer-kinder-retro-blue-75-x-140-cm\/#primaryimage\",\"url\":\"https:\/\/cozydots.com\/wp-content\/uploads\/2022\/08\/spiworek-szkolny-blue-retro.jpg\",\"contentUrl\":\"https:\/\/cozydots.com\/wp-content\/uploads\/2022\/08\/spiworek-szkolny-blue-retro.jpg\",\"width\":1200,\"height\":1200},{\"@type\":\"BreadcrumbList\",\"@id\":\"https:\/\/cozydots.com\/de\/produkt\/schlafsack-fuer-kinder-retro-blue-75-x-140-cm\/#breadcrumb\",\"itemListElement\":[{\"@type\":\"ListItem\",\"position\":1,\"name\":\"Strona g\u0142\u00f3wna\",\"item\":\"https:\/\/cozydots.com\/de\/\"},{\"@type\":\"ListItem\",\"position\":2,\"name\":\"Shop\",\"item\":\"https:\/\/cozydots.com\/de\/shop\/\"},{\"@type\":\"ListItem\",\"position\":3,\"name\":\"Schlafsack f\u00fcr Kinder Retro Blue 75 \u00d7 140 cm\"}]},{\"@type\":\"WebSite\",\"@id\":\"https:\/\/cozydots.com\/de\/#website\",\"url\":\"https:\/\/cozydots.com\/de\/\",\"name\":\"Cozydots.com\",\"description\":\"Producent namiot\u00f3w Tipi\",\"publisher\":{\"@id\":\"https:\/\/cozydots.com\/de\/#organization\"},\"potentialAction\":[{\"@type\":\"SearchAction\",\"target\":{\"@type\":\"EntryPoint\",\"urlTemplate\":\"https:\/\/cozydots.com\/de\/?s={search_term_string}\"},\"query-input\":{\"@type\":\"PropertyValueSpecification\",\"valueRequired\":true,\"valueName\":\"search_term_string\"}}],\"inLanguage\":\"de\"},{\"@type\":\"Organization\",\"@id\":\"https:\/\/cozydots.com\/de\/#organization\",\"name\":\"Cozydots.com\",\"url\":\"https:\/\/cozydots.com\/de\/\",\"logo\":{\"@type\":\"ImageObject\",\"inLanguage\":\"de\",\"@id\":\"https:\/\/cozydots.com\/de\/#\/schema\/logo\/image\/\",\"url\":\"https:\/\/cozydots.com\/wp-content\/uploads\/2021\/10\/cozyshop_logo.png\",\"contentUrl\":\"https:\/\/cozydots.com\/wp-content\/uploads\/2021\/10\/cozyshop_logo.png\",\"width\":400,\"height\":121,\"caption\":\"Cozydots.com\"},\"image\":{\"@id\":\"https:\/\/cozydots.com\/de\/#\/schema\/logo\/image\/\"}}]}<\/script>\n<!-- \/ Yoast SEO plugin. -->","yoast_head_json":{"title":"Schlafsack f\u00fcr Kinder Retro Blue 75 \u00d7 140 cm - Cozydots.com","description":"Schlafsack f\u00fcr Kinder im Vorschulalter mit zus\u00e4tzlichem Kopfkissen, Aufbewahrungsbeutel und Ausweis.","robots":{"index":"index","follow":"follow","max-snippet":"max-snippet:-1","max-image-preview":"max-image-preview:large","max-video-preview":"max-video-preview:-1"},"canonical":"https:\/\/cozydots.com\/de\/produkt\/schlafsack-fuer-kinder-retro-blue-75-x-140-cm\/","og_locale":"de_DE","og_type":"article","og_title":"Schlafsack f\u00fcr Kinder Retro Blue 75 \u00d7 140 cm - Cozydots.com","og_description":"Schlafsack f\u00fcr Kinder im Vorschulalter mit zus\u00e4tzlichem Kopfkissen, Aufbewahrungsbeutel und Ausweis.","og_url":"https:\/\/cozydots.com\/de\/produkt\/schlafsack-fuer-kinder-retro-blue-75-x-140-cm\/","og_site_name":"Cozydots.com","article_modified_time":"2023-02-08T10:58:09+00:00","og_image":[{"width":1200,"height":1200,"url":"https:\/\/cozydots.com\/wp-content\/uploads\/2022\/08\/spiworek-szkolny-blue-retro.jpg","type":"image\/jpeg"}],"twitter_card":"summary_large_image","twitter_misc":{"Gesch\u00e4tzte Lesezeit":"3\u00a0Minuten"},"schema":{"@context":"https:\/\/schema.org","@graph":[{"@type":"WebPage","@id":"https:\/\/cozydots.com\/de\/produkt\/schlafsack-fuer-kinder-retro-blue-75-x-140-cm\/","url":"https:\/\/cozydots.com\/de\/produkt\/schlafsack-fuer-kinder-retro-blue-75-x-140-cm\/","name":"Schlafsack f\u00fcr Kinder Retro Blue 75 \u00d7 140 cm - Cozydots.com","isPartOf":{"@id":"https:\/\/cozydots.com\/de\/#website"},"primaryImageOfPage":{"@id":"https:\/\/cozydots.com\/de\/produkt\/schlafsack-fuer-kinder-retro-blue-75-x-140-cm\/#primaryimage"},"image":{"@id":"https:\/\/cozydots.com\/de\/produkt\/schlafsack-fuer-kinder-retro-blue-75-x-140-cm\/#primaryimage"},"thumbnailUrl":"https:\/\/cozydots.com\/wp-content\/uploads\/2022\/08\/spiworek-szkolny-blue-retro.jpg","datePublished":"2022-08-12T16:26:33+00:00","dateModified":"2023-02-08T10:58:09+00:00","description":"Schlafsack f\u00fcr Kinder im Vorschulalter mit zus\u00e4tzlichem Kopfkissen, Aufbewahrungsbeutel und Ausweis.","breadcrumb":{"@id":"https:\/\/cozydots.com\/de\/produkt\/schlafsack-fuer-kinder-retro-blue-75-x-140-cm\/#breadcrumb"},"inLanguage":"de","potentialAction":[{"@type":"ReadAction","target":["https:\/\/cozydots.com\/de\/produkt\/schlafsack-fuer-kinder-retro-blue-75-x-140-cm\/"]}]},{"@type":"ImageObject","inLanguage":"de","@id":"https:\/\/cozydots.com\/de\/produkt\/schlafsack-fuer-kinder-retro-blue-75-x-140-cm\/#primaryimage","url":"https:\/\/cozydots.com\/wp-content\/uploads\/2022\/08\/spiworek-szkolny-blue-retro.jpg","contentUrl":"https:\/\/cozydots.com\/wp-content\/uploads\/2022\/08\/spiworek-szkolny-blue-retro.jpg","width":1200,"height":1200},{"@type":"BreadcrumbList","@id":"https:\/\/cozydots.com\/de\/produkt\/schlafsack-fuer-kinder-retro-blue-75-x-140-cm\/#breadcrumb","itemListElement":[{"@type":"ListItem","position":1,"name":"Strona g\u0142\u00f3wna","item":"https:\/\/cozydots.com\/de\/"},{"@type":"ListItem","position":2,"name":"Shop","item":"https:\/\/cozydots.com\/de\/shop\/"},{"@type":"ListItem","position":3,"name":"Schlafsack f\u00fcr Kinder Retro Blue 75 \u00d7 140 cm"}]},{"@type":"WebSite","@id":"https:\/\/cozydots.com\/de\/#website","url":"https:\/\/cozydots.com\/de\/","name":"Cozydots.com","description":"Producent namiot\u00f3w Tipi","publisher":{"@id":"https:\/\/cozydots.com\/de\/#organization"},"potentialAction":[{"@type":"SearchAction","target":{"@type":"EntryPoint","urlTemplate":"https:\/\/cozydots.com\/de\/?s={search_term_string}"},"query-input":{"@type":"PropertyValueSpecification","valueRequired":true,"valueName":"search_term_string"}}],"inLanguage":"de"},{"@type":"Organization","@id":"https:\/\/cozydots.com\/de\/#organization","name":"Cozydots.com","url":"https:\/\/cozydots.com\/de\/","logo":{"@type":"ImageObject","inLanguage":"de","@id":"https:\/\/cozydots.com\/de\/#\/schema\/logo\/image\/","url":"https:\/\/cozydots.com\/wp-content\/uploads\/2021\/10\/cozyshop_logo.png","contentUrl":"https:\/\/cozydots.com\/wp-content\/uploads\/2021\/10\/cozyshop_logo.png","width":400,"height":121,"caption":"Cozydots.com"},"image":{"@id":"https:\/\/cozydots.com\/de\/#\/schema\/logo\/image\/"}}]}},"_links":{"self":[{"href":"https:\/\/cozydots.com\/de\/wp-json\/wp\/v2\/product\/53056","targetHints":{"allow":["GET"]}}],"collection":[{"href":"https:\/\/cozydots.com\/de\/wp-json\/wp\/v2\/product"}],"about":[{"href":"https:\/\/cozydots.com\/de\/wp-json\/wp\/v2\/types\/product"}],"replies":[{"embeddable":true,"href":"https:\/\/cozydots.com\/de\/wp-json\/wp\/v2\/comments?post=53056"}],"wp:featuredmedia":[{"embeddable":true,"href":"https:\/\/cozydots.com\/de\/wp-json\/wp\/v2\/media\/52976"}],"wp:attachment":[{"href":"https:\/\/cozydots.com\/de\/wp-json\/wp\/v2\/media?parent=53056"}],"wp:term":[{"taxonomy":"product_brand","embeddable":true,"href":"https:\/\/cozydots.com\/de\/wp-json\/wp\/v2\/product_brand?post=53056"},{"taxonomy":"product_cat","embeddable":true,"href":"https:\/\/cozydots.com\/de\/wp-json\/wp\/v2\/product_cat?post=53056"},{"taxonomy":"product_tag","embeddable":true,"href":"https:\/\/cozydots.com\/de\/wp-json\/wp\/v2\/product_tag?post=53056"}],"curies":[{"name":"wp","href":"https:\/\/api.w.org\/{rel}","templated":true}]}}