{"id":53281,"date":"2022-09-28T12:48:39","date_gmt":"2022-09-28T10:48:39","guid":{"rendered":"https:\/\/cozydots.com\/?post_type=product&#038;p=53281"},"modified":"2022-09-28T12:56:26","modified_gmt":"2022-09-28T10:56:26","slug":"tipi-zelt-basic-grey-set-8-tlg","status":"publish","type":"product","link":"https:\/\/cozydots.com\/de\/produkt\/tipi-zelt-basic-grey-set-8-tlg\/","title":{"rendered":"Tipi Zelt Basic Grey, Set 8-tlg."},"content":{"rendered":"<h3><img loading=\"lazy\" decoding=\"async\" class=\"alignnone size-medium wp-image-51174 alignright\" src=\"https:\/\/cozydots.com\/wp-content\/uploads\/2022\/04\/pillows-and-mat-basic-grey-400x400.jpg\" alt=\"\" width=\"400\" height=\"400\" srcset=\"https:\/\/cozydots.com\/wp-content\/uploads\/2022\/04\/pillows-and-mat-basic-grey-400x400.jpg 400w, https:\/\/cozydots.com\/wp-content\/uploads\/2022\/04\/pillows-and-mat-basic-grey.jpg 1200w, https:\/\/cozydots.com\/wp-content\/uploads\/2022\/04\/pillows-and-mat-basic-grey-150x150.jpg 150w, https:\/\/cozydots.com\/wp-content\/uploads\/2022\/04\/pillows-and-mat-basic-grey-768x768.jpg 768w, https:\/\/cozydots.com\/wp-content\/uploads\/2022\/04\/pillows-and-mat-basic-grey-470x470.jpg 470w, https:\/\/cozydots.com\/wp-content\/uploads\/2022\/04\/pillows-and-mat-basic-grey-800x800.jpg 800w, https:\/\/cozydots.com\/wp-content\/uploads\/2022\/04\/pillows-and-mat-basic-grey-100x100.jpg 100w\" sizes=\"auto, (max-width: 400px) 100vw, 400px\" \/><\/h3>\n<h3>Ein gro\u00dfes Spielset von Cozy &amp; Dozy, Tipi zelt BASIC GREY, ein Set aus 8 Elementen.<\/h3>\n<p>Viel Spa\u00df, Elemente zum Spielen und Dekorieren eines Kinderzimmers.<\/p>\n<p><strong>Ein stabiles Tipi-Zelt im Set mit einer weichen Matte, zwei Kissen, einer Girlande und einem gro\u00dfen Korb f\u00fcr Spielzeug. Jedes Zelt hat 4 klappbare Stangen und einen Stabilisator, dank dem das Spielen sicher ist, und das Zelt sieht gut aus, f\u00e4llt nicht zusammen und bietet viel Platz zum Spielen.<\/strong><\/p>\n<p>Wir n\u00e4hen Zelte aus dicken Stoffen, die best\u00e4ndig gegen h\u00e4ufiges Waschen und Abrieb sind.<\/p>\n<p>Alle Stoffelemente sind maschinenwaschbar &#8211; 40 Grad.<\/p>\n<p>Die von uns verwendeten Stoffe haben Sicherheitszulassungen f\u00fcr Kinder. Jede Kollektion wird von Cozy &amp; Dozy entworfen und in unserem Studio in Polen gen\u00e4ht.<\/p>\n<h4>Das Basic Grey Tipi-Set von Cozy &amp; Dozy beinhaltet:<\/h4>\n<ul>\n<li>Tipi-Zelt mit Fenster<\/li>\n<li><span style=\"color: #555555\">weiche Matte<\/span><\/li>\n<li><span style=\"color: #555555\">dekorative Girlande 170 cm<\/span><\/li>\n<li><span style=\"color: #555555\">gro\u00dfer Korb f\u00fcr Spielzeug, mit einer Schnur festgezogen<\/span><\/li>\n<li><span style=\"color: #555555\">Zwei-Sterne-Kissen &#8211; 40&#215;40 cm<\/span><\/li>\n<li><span style=\"color: #555555\">Klappst\u00f6cke mit Aufbauanleitung<\/span><\/li>\n<li><span style=\"color: #555555\">Stabilisator<\/span><\/li>\n<\/ul>\n<h4>Komposition:<\/h4>\n<ul>\n<li>100% Baumwolle, hat ein Zertifikat und eine CE-Zulassung<\/li>\n<li><span style=\"color: #555555\">F\u00fcllmatten und Kissen: 100 % hypoallergener Silikonschaum<\/span><\/li>\n<\/ul>\n<h4>Ma\u00dfe:<\/h4>\n<ul>\n<li>H\u00f6he (mit Stangen) ausgeklappt: 150 cm<\/li>\n<li><span style=\"color: #555555\">H\u00f6he (mit Stangen) gefaltet: 170 cm<\/span><\/li>\n<li><span style=\"color: #555555\">Grundfl\u00e4che: ca. 110 \u00d7 110 cm<\/span><\/li>\n<\/ul>\n<p>Das Zelt ist f\u00fcr 2-3 Kinder ausgelegt. Tipi l\u00e4sst sich leicht zusammenklappen und nimmt nicht viel Platz ein.<\/p>\n<h4>Pflegemethode:<\/h4>\n<ul>\n<li>Maschinenw\u00e4sche bei 40\u00b0 &#8211; Schonwaschgang<\/li>\n<li><span style=\"color: #555555\">Bei niedriger Temperatur b\u00fcgeln<\/span><\/li>\n<li><span style=\"color: #555555\">Nicht im Trockner trocknen<\/span><\/li>\n<li><span style=\"color: #555555\">Reinige chemisch nicht<\/span><\/li>\n<li><span style=\"color: #555555\">Nicht chloren<\/span><\/li>\n<\/ul>\n<p>HINWEIS: Pompons und Quasten nicht b\u00fcgeln \u2013 sie k\u00f6nnten schmelzen!<\/p>\n","protected":false},"excerpt":{"rendered":"<p>Gro\u00dfes Tipi-Set zum Spielen mit Kissen und einem Korb f\u00fcr Spielzeug. Basic Grey Set 8-tlg. \u00fcber die Dekoration eines Kinderzimmers spielen.<\/p>\n","protected":false},"featured_media":51146,"comment_status":"open","ping_status":"closed","template":"","meta":[],"product_brand":[],"product_cat":[78],"product_tag":[1438],"class_list":{"0":"post-53281","1":"product","2":"type-product","3":"status-publish","4":"has-post-thumbnail","6":"product_cat-tipi-zelt","7":"product_tag-pla-de","9":"first","10":"instock","11":"sale","12":"taxable","13":"shipping-taxable","14":"product-type-simple"},"yoast_head":"<!-- This site is optimized with the Yoast SEO plugin v27.0 - https:\/\/yoast.com\/product\/yoast-seo-wordpress\/ -->\n<title>Tipi Zelt Basic Grey, Set 8-tlg. - Cozydots.com<\/title>\n<meta name=\"description\" content=\"Gro\u00dfes Tipi-Set zum Spielen mit Kissen und einem Korb f\u00fcr Spielzeug. Basic Grey Set 8-tlg. \u00fcber die Dekoration eines Kinderzimmers spielen.Tipi-Zelt Basic Black, Set 8-tlg.\" \/>\n<meta name=\"robots\" content=\"index, follow, max-snippet:-1, max-image-preview:large, max-video-preview:-1\" \/>\n<link rel=\"canonical\" href=\"https:\/\/cozydots.com\/de\/produkt\/tipi-zelt-basic-grey-set-8-tlg\/\" \/>\n<meta property=\"og:locale\" content=\"de_DE\" \/>\n<meta property=\"og:type\" content=\"article\" \/>\n<meta property=\"og:title\" content=\"Tipi Zelt Basic Grey, Set 8-tlg. - Cozydots.com\" \/>\n<meta property=\"og:description\" content=\"Gro\u00dfes Tipi-Set zum Spielen mit Kissen und einem Korb f\u00fcr Spielzeug. Basic Grey Set 8-tlg. \u00fcber die Dekoration eines Kinderzimmers spielen.Tipi-Zelt Basic Black, Set 8-tlg.\" \/>\n<meta property=\"og:url\" content=\"https:\/\/cozydots.com\/de\/produkt\/tipi-zelt-basic-grey-set-8-tlg\/\" \/>\n<meta property=\"og:site_name\" content=\"Cozydots.com\" \/>\n<meta property=\"article:modified_time\" content=\"2022-09-28T10:56:26+00:00\" \/>\n<meta property=\"og:image\" content=\"https:\/\/cozydots.com\/wp-content\/uploads\/2022\/04\/tipi-set-basic-grey-7-el.jpg\" \/>\n\t<meta property=\"og:image:width\" content=\"1200\" \/>\n\t<meta property=\"og:image:height\" content=\"1200\" \/>\n\t<meta property=\"og:image:type\" content=\"image\/jpeg\" \/>\n<meta name=\"twitter:card\" content=\"summary_large_image\" \/>\n<meta name=\"twitter:label1\" content=\"Gesch\u00e4tzte Lesezeit\" \/>\n\t<meta name=\"twitter:data1\" content=\"2\u00a0Minuten\" \/>\n<script type=\"application\/ld+json\" class=\"yoast-schema-graph\">{\"@context\":\"https:\/\/schema.org\",\"@graph\":[{\"@type\":\"WebPage\",\"@id\":\"https:\/\/cozydots.com\/de\/produkt\/tipi-zelt-basic-grey-set-8-tlg\/\",\"url\":\"https:\/\/cozydots.com\/de\/produkt\/tipi-zelt-basic-grey-set-8-tlg\/\",\"name\":\"Tipi Zelt Basic Grey, Set 8-tlg. - Cozydots.com\",\"isPartOf\":{\"@id\":\"https:\/\/cozydots.com\/de\/#website\"},\"primaryImageOfPage\":{\"@id\":\"https:\/\/cozydots.com\/de\/produkt\/tipi-zelt-basic-grey-set-8-tlg\/#primaryimage\"},\"image\":{\"@id\":\"https:\/\/cozydots.com\/de\/produkt\/tipi-zelt-basic-grey-set-8-tlg\/#primaryimage\"},\"thumbnailUrl\":\"https:\/\/cozydots.com\/wp-content\/uploads\/2022\/04\/tipi-set-basic-grey-7-el.jpg\",\"datePublished\":\"2022-09-28T10:48:39+00:00\",\"dateModified\":\"2022-09-28T10:56:26+00:00\",\"description\":\"Gro\u00dfes Tipi-Set zum Spielen mit Kissen und einem Korb f\u00fcr Spielzeug. Basic Grey Set 8-tlg. \u00fcber die Dekoration eines Kinderzimmers spielen.Tipi-Zelt Basic Black, Set 8-tlg.\",\"breadcrumb\":{\"@id\":\"https:\/\/cozydots.com\/de\/produkt\/tipi-zelt-basic-grey-set-8-tlg\/#breadcrumb\"},\"inLanguage\":\"de\",\"potentialAction\":[{\"@type\":\"ReadAction\",\"target\":[\"https:\/\/cozydots.com\/de\/produkt\/tipi-zelt-basic-grey-set-8-tlg\/\"]}]},{\"@type\":\"ImageObject\",\"inLanguage\":\"de\",\"@id\":\"https:\/\/cozydots.com\/de\/produkt\/tipi-zelt-basic-grey-set-8-tlg\/#primaryimage\",\"url\":\"https:\/\/cozydots.com\/wp-content\/uploads\/2022\/04\/tipi-set-basic-grey-7-el.jpg\",\"contentUrl\":\"https:\/\/cozydots.com\/wp-content\/uploads\/2022\/04\/tipi-set-basic-grey-7-el.jpg\",\"width\":1200,\"height\":1200},{\"@type\":\"BreadcrumbList\",\"@id\":\"https:\/\/cozydots.com\/de\/produkt\/tipi-zelt-basic-grey-set-8-tlg\/#breadcrumb\",\"itemListElement\":[{\"@type\":\"ListItem\",\"position\":1,\"name\":\"Strona g\u0142\u00f3wna\",\"item\":\"https:\/\/cozydots.com\/de\/\"},{\"@type\":\"ListItem\",\"position\":2,\"name\":\"Shop\",\"item\":\"https:\/\/cozydots.com\/de\/shop\/\"},{\"@type\":\"ListItem\",\"position\":3,\"name\":\"Tipi Zelt Basic Grey, Set 8-tlg.\"}]},{\"@type\":\"WebSite\",\"@id\":\"https:\/\/cozydots.com\/de\/#website\",\"url\":\"https:\/\/cozydots.com\/de\/\",\"name\":\"Cozydots.com\",\"description\":\"Producent namiot\u00f3w Tipi\",\"publisher\":{\"@id\":\"https:\/\/cozydots.com\/de\/#organization\"},\"potentialAction\":[{\"@type\":\"SearchAction\",\"target\":{\"@type\":\"EntryPoint\",\"urlTemplate\":\"https:\/\/cozydots.com\/de\/?s={search_term_string}\"},\"query-input\":{\"@type\":\"PropertyValueSpecification\",\"valueRequired\":true,\"valueName\":\"search_term_string\"}}],\"inLanguage\":\"de\"},{\"@type\":\"Organization\",\"@id\":\"https:\/\/cozydots.com\/de\/#organization\",\"name\":\"Cozydots.com\",\"url\":\"https:\/\/cozydots.com\/de\/\",\"logo\":{\"@type\":\"ImageObject\",\"inLanguage\":\"de\",\"@id\":\"https:\/\/cozydots.com\/de\/#\/schema\/logo\/image\/\",\"url\":\"https:\/\/cozydots.com\/wp-content\/uploads\/2021\/10\/cozyshop_logo.png\",\"contentUrl\":\"https:\/\/cozydots.com\/wp-content\/uploads\/2021\/10\/cozyshop_logo.png\",\"width\":400,\"height\":121,\"caption\":\"Cozydots.com\"},\"image\":{\"@id\":\"https:\/\/cozydots.com\/de\/#\/schema\/logo\/image\/\"}}]}<\/script>\n<!-- \/ Yoast SEO plugin. -->","yoast_head_json":{"title":"Tipi Zelt Basic Grey, Set 8-tlg. - Cozydots.com","description":"Gro\u00dfes Tipi-Set zum Spielen mit Kissen und einem Korb f\u00fcr Spielzeug. Basic Grey Set 8-tlg. \u00fcber die Dekoration eines Kinderzimmers spielen.Tipi-Zelt Basic Black, Set 8-tlg.","robots":{"index":"index","follow":"follow","max-snippet":"max-snippet:-1","max-image-preview":"max-image-preview:large","max-video-preview":"max-video-preview:-1"},"canonical":"https:\/\/cozydots.com\/de\/produkt\/tipi-zelt-basic-grey-set-8-tlg\/","og_locale":"de_DE","og_type":"article","og_title":"Tipi Zelt Basic Grey, Set 8-tlg. - Cozydots.com","og_description":"Gro\u00dfes Tipi-Set zum Spielen mit Kissen und einem Korb f\u00fcr Spielzeug. Basic Grey Set 8-tlg. \u00fcber die Dekoration eines Kinderzimmers spielen.Tipi-Zelt Basic Black, Set 8-tlg.","og_url":"https:\/\/cozydots.com\/de\/produkt\/tipi-zelt-basic-grey-set-8-tlg\/","og_site_name":"Cozydots.com","article_modified_time":"2022-09-28T10:56:26+00:00","og_image":[{"width":1200,"height":1200,"url":"https:\/\/cozydots.com\/wp-content\/uploads\/2022\/04\/tipi-set-basic-grey-7-el.jpg","type":"image\/jpeg"}],"twitter_card":"summary_large_image","twitter_misc":{"Gesch\u00e4tzte Lesezeit":"2\u00a0Minuten"},"schema":{"@context":"https:\/\/schema.org","@graph":[{"@type":"WebPage","@id":"https:\/\/cozydots.com\/de\/produkt\/tipi-zelt-basic-grey-set-8-tlg\/","url":"https:\/\/cozydots.com\/de\/produkt\/tipi-zelt-basic-grey-set-8-tlg\/","name":"Tipi Zelt Basic Grey, Set 8-tlg. - Cozydots.com","isPartOf":{"@id":"https:\/\/cozydots.com\/de\/#website"},"primaryImageOfPage":{"@id":"https:\/\/cozydots.com\/de\/produkt\/tipi-zelt-basic-grey-set-8-tlg\/#primaryimage"},"image":{"@id":"https:\/\/cozydots.com\/de\/produkt\/tipi-zelt-basic-grey-set-8-tlg\/#primaryimage"},"thumbnailUrl":"https:\/\/cozydots.com\/wp-content\/uploads\/2022\/04\/tipi-set-basic-grey-7-el.jpg","datePublished":"2022-09-28T10:48:39+00:00","dateModified":"2022-09-28T10:56:26+00:00","description":"Gro\u00dfes Tipi-Set zum Spielen mit Kissen und einem Korb f\u00fcr Spielzeug. Basic Grey Set 8-tlg. \u00fcber die Dekoration eines Kinderzimmers spielen.Tipi-Zelt Basic Black, Set 8-tlg.","breadcrumb":{"@id":"https:\/\/cozydots.com\/de\/produkt\/tipi-zelt-basic-grey-set-8-tlg\/#breadcrumb"},"inLanguage":"de","potentialAction":[{"@type":"ReadAction","target":["https:\/\/cozydots.com\/de\/produkt\/tipi-zelt-basic-grey-set-8-tlg\/"]}]},{"@type":"ImageObject","inLanguage":"de","@id":"https:\/\/cozydots.com\/de\/produkt\/tipi-zelt-basic-grey-set-8-tlg\/#primaryimage","url":"https:\/\/cozydots.com\/wp-content\/uploads\/2022\/04\/tipi-set-basic-grey-7-el.jpg","contentUrl":"https:\/\/cozydots.com\/wp-content\/uploads\/2022\/04\/tipi-set-basic-grey-7-el.jpg","width":1200,"height":1200},{"@type":"BreadcrumbList","@id":"https:\/\/cozydots.com\/de\/produkt\/tipi-zelt-basic-grey-set-8-tlg\/#breadcrumb","itemListElement":[{"@type":"ListItem","position":1,"name":"Strona g\u0142\u00f3wna","item":"https:\/\/cozydots.com\/de\/"},{"@type":"ListItem","position":2,"name":"Shop","item":"https:\/\/cozydots.com\/de\/shop\/"},{"@type":"ListItem","position":3,"name":"Tipi Zelt Basic Grey, Set 8-tlg."}]},{"@type":"WebSite","@id":"https:\/\/cozydots.com\/de\/#website","url":"https:\/\/cozydots.com\/de\/","name":"Cozydots.com","description":"Producent namiot\u00f3w Tipi","publisher":{"@id":"https:\/\/cozydots.com\/de\/#organization"},"potentialAction":[{"@type":"SearchAction","target":{"@type":"EntryPoint","urlTemplate":"https:\/\/cozydots.com\/de\/?s={search_term_string}"},"query-input":{"@type":"PropertyValueSpecification","valueRequired":true,"valueName":"search_term_string"}}],"inLanguage":"de"},{"@type":"Organization","@id":"https:\/\/cozydots.com\/de\/#organization","name":"Cozydots.com","url":"https:\/\/cozydots.com\/de\/","logo":{"@type":"ImageObject","inLanguage":"de","@id":"https:\/\/cozydots.com\/de\/#\/schema\/logo\/image\/","url":"https:\/\/cozydots.com\/wp-content\/uploads\/2021\/10\/cozyshop_logo.png","contentUrl":"https:\/\/cozydots.com\/wp-content\/uploads\/2021\/10\/cozyshop_logo.png","width":400,"height":121,"caption":"Cozydots.com"},"image":{"@id":"https:\/\/cozydots.com\/de\/#\/schema\/logo\/image\/"}}]}},"_links":{"self":[{"href":"https:\/\/cozydots.com\/de\/wp-json\/wp\/v2\/product\/53281","targetHints":{"allow":["GET"]}}],"collection":[{"href":"https:\/\/cozydots.com\/de\/wp-json\/wp\/v2\/product"}],"about":[{"href":"https:\/\/cozydots.com\/de\/wp-json\/wp\/v2\/types\/product"}],"replies":[{"embeddable":true,"href":"https:\/\/cozydots.com\/de\/wp-json\/wp\/v2\/comments?post=53281"}],"wp:featuredmedia":[{"embeddable":true,"href":"https:\/\/cozydots.com\/de\/wp-json\/wp\/v2\/media\/51146"}],"wp:attachment":[{"href":"https:\/\/cozydots.com\/de\/wp-json\/wp\/v2\/media?parent=53281"}],"wp:term":[{"taxonomy":"product_brand","embeddable":true,"href":"https:\/\/cozydots.com\/de\/wp-json\/wp\/v2\/product_brand?post=53281"},{"taxonomy":"product_cat","embeddable":true,"href":"https:\/\/cozydots.com\/de\/wp-json\/wp\/v2\/product_cat?post=53281"},{"taxonomy":"product_tag","embeddable":true,"href":"https:\/\/cozydots.com\/de\/wp-json\/wp\/v2\/product_tag?post=53281"}],"curies":[{"name":"wp","href":"https:\/\/api.w.org\/{rel}","templated":true}]}}