{"id":55017,"date":"2023-03-29T15:14:42","date_gmt":"2023-03-29T13:14:42","guid":{"rendered":"https:\/\/cozydots.com\/?post_type=product&#038;p=55017"},"modified":"2023-03-29T15:40:01","modified_gmt":"2023-03-29T13:40:01","slug":"tipi-zelt-cozy-white-velvet-spielzelt","status":"publish","type":"product","link":"https:\/\/cozydots.com\/de\/produkt\/tipi-zelt-cozy-white-velvet-spielzelt\/","title":{"rendered":"Tipi zelt Cozy White Velvet, Spielzelt"},"content":{"rendered":"<p><img loading=\"lazy\" decoding=\"async\" class=\"alignnone size-medium wp-image-54751 alignright\" src=\"https:\/\/cozydots.com\/wp-content\/uploads\/2023\/03\/flower-tipi-daisy-collection-400x400.jpg\" alt=\"\" width=\"400\" height=\"400\" srcset=\"https:\/\/cozydots.com\/wp-content\/uploads\/2023\/03\/flower-tipi-daisy-collection-400x400.jpg 400w, https:\/\/cozydots.com\/wp-content\/uploads\/2023\/03\/flower-tipi-daisy-collection-1200x1200.jpg 1200w, https:\/\/cozydots.com\/wp-content\/uploads\/2023\/03\/flower-tipi-daisy-collection-150x150.jpg 150w, https:\/\/cozydots.com\/wp-content\/uploads\/2023\/03\/flower-tipi-daisy-collection-768x768.jpg 768w, https:\/\/cozydots.com\/wp-content\/uploads\/2023\/03\/flower-tipi-daisy-collection-1536x1536.jpg 1536w, https:\/\/cozydots.com\/wp-content\/uploads\/2023\/03\/flower-tipi-daisy-collection-470x470.jpg 470w, https:\/\/cozydots.com\/wp-content\/uploads\/2023\/03\/flower-tipi-daisy-collection-800x800.jpg 800w, https:\/\/cozydots.com\/wp-content\/uploads\/2023\/03\/flower-tipi-daisy-collection-100x100.jpg 100w, https:\/\/cozydots.com\/wp-content\/uploads\/2023\/03\/flower-tipi-daisy-collection.jpg 2000w\" sizes=\"auto, (max-width: 400px) 100vw, 400px\" \/><\/p>\n<p>Das Spielzelt aus der Serie Cozy White Velvet ist ein stabiles Tipi.\u00a0<strong>Das Tipi-Zelt ist aus starkem Segeltuch gefertigt und mit einem Band mit Pompons verziert.<\/strong><\/p>\n<p>Das Spieltipi hat ein Fenster mit aufrollbarem Rollo und zwei Taschen f\u00fcr Spielzeug.<\/p>\n<p>Das Tipi-Zelt ist ein gro\u00dfartiger Ort zum Spielen und eine gem\u00fctliche Ecke zum Ausruhen.<\/p>\n<p>Wigwam wurde entwickelt, um das Auge lange zu erfreuen und sicheren Spielspa\u00df zu gew\u00e4hrleisten.<\/p>\n<p><b>Tipi hat 4 Seiten \u2013 Spielfl\u00e4che ca. 1 m2, H\u00f6he aufgeklappt ca. 150cm.<\/b><\/p>\n<p>Jedes Zelt wird mit klappbaren Kiefernstangen und einem Stabilisator geliefert, der die Stangen steif h\u00e4lt, um die Stabilit\u00e4t des Zeltes zu gew\u00e4hrleisten.<\/p>\n<p>Alle Produkte von COZY &amp; DOZY wurden in Polen entworfen und hergestellt und verf\u00fcgen \u00fcber eine CE-Erkl\u00e4rung f\u00fcr Kinderprodukte.<\/p>\n<h3>Das Kit beinhaltet:<\/h3>\n<ul>\n<li>Tipi-Zelt<\/li>\n<li>4 klappbare Kiefernst\u00f6cke (8 H\u00e4lften) + Elemente zum Verbinden von St\u00f6cken (8 Schrauben und 4 lange Muttern)<\/li>\n<li>Anweisung<\/li>\n<li>Stabilisator + Schnur<\/li>\n<\/ul>\n","protected":false},"excerpt":{"rendered":"<p>Das Spieltipi hat ein Fenster mit aufrollbarem Rollo und zwei Taschen f\u00fcr Spielzeug. Set mit Matte.<\/p>\n","protected":false},"featured_media":54709,"comment_status":"open","ping_status":"closed","template":"","meta":[],"product_brand":[],"product_cat":[78],"product_tag":[1438],"class_list":{"0":"post-55017","1":"product","2":"type-product","3":"status-publish","4":"has-post-thumbnail","6":"product_cat-tipi-zelt","7":"product_tag-pla-de","9":"first","10":"instock","11":"taxable","12":"shipping-taxable","13":"product-type-simple"},"yoast_head":"<!-- This site is optimized with the Yoast SEO plugin v27.0 - https:\/\/yoast.com\/product\/yoast-seo-wordpress\/ -->\n<title>Tipi zelt Cozy White Velvet, Spielzelt - Cozydots.com<\/title>\n<meta name=\"description\" content=\"Ein gro\u00dfes, stabiles Spielzelt mit Fenster und Taschen.\" \/>\n<meta name=\"robots\" content=\"index, follow, max-snippet:-1, max-image-preview:large, max-video-preview:-1\" \/>\n<link rel=\"canonical\" href=\"https:\/\/cozydots.com\/de\/produkt\/tipi-zelt-cozy-white-velvet-spielzelt\/\" \/>\n<meta property=\"og:locale\" content=\"de_DE\" \/>\n<meta property=\"og:type\" content=\"article\" \/>\n<meta property=\"og:title\" content=\"Tipi zelt Cozy White Velvet, Spielzelt - Cozydots.com\" \/>\n<meta property=\"og:description\" content=\"Ein gro\u00dfes, stabiles Spielzelt mit Fenster und Taschen.\" \/>\n<meta property=\"og:url\" content=\"https:\/\/cozydots.com\/de\/produkt\/tipi-zelt-cozy-white-velvet-spielzelt\/\" \/>\n<meta property=\"og:site_name\" content=\"Cozydots.com\" \/>\n<meta property=\"article:modified_time\" content=\"2023-03-29T13:40:01+00:00\" \/>\n<meta property=\"og:image\" content=\"https:\/\/cozydots.com\/wp-content\/uploads\/2023\/03\/cozywhite-teepee-scaled.jpg\" \/>\n\t<meta property=\"og:image:width\" content=\"1890\" \/>\n\t<meta property=\"og:image:height\" content=\"2560\" \/>\n\t<meta property=\"og:image:type\" content=\"image\/jpeg\" \/>\n<meta name=\"twitter:card\" content=\"summary_large_image\" \/>\n<meta name=\"twitter:label1\" content=\"Gesch\u00e4tzte Lesezeit\" \/>\n\t<meta name=\"twitter:data1\" content=\"2\u00a0Minuten\" \/>\n<script type=\"application\/ld+json\" class=\"yoast-schema-graph\">{\"@context\":\"https:\/\/schema.org\",\"@graph\":[{\"@type\":\"WebPage\",\"@id\":\"https:\/\/cozydots.com\/de\/produkt\/tipi-zelt-cozy-white-velvet-spielzelt\/\",\"url\":\"https:\/\/cozydots.com\/de\/produkt\/tipi-zelt-cozy-white-velvet-spielzelt\/\",\"name\":\"Tipi zelt Cozy White Velvet, Spielzelt - Cozydots.com\",\"isPartOf\":{\"@id\":\"https:\/\/cozydots.com\/de\/#website\"},\"primaryImageOfPage\":{\"@id\":\"https:\/\/cozydots.com\/de\/produkt\/tipi-zelt-cozy-white-velvet-spielzelt\/#primaryimage\"},\"image\":{\"@id\":\"https:\/\/cozydots.com\/de\/produkt\/tipi-zelt-cozy-white-velvet-spielzelt\/#primaryimage\"},\"thumbnailUrl\":\"https:\/\/cozydots.com\/wp-content\/uploads\/2023\/03\/cozywhite-teepee-scaled.jpg\",\"datePublished\":\"2023-03-29T13:14:42+00:00\",\"dateModified\":\"2023-03-29T13:40:01+00:00\",\"description\":\"Ein gro\u00dfes, stabiles Spielzelt mit Fenster und Taschen.\",\"breadcrumb\":{\"@id\":\"https:\/\/cozydots.com\/de\/produkt\/tipi-zelt-cozy-white-velvet-spielzelt\/#breadcrumb\"},\"inLanguage\":\"de\",\"potentialAction\":[{\"@type\":\"ReadAction\",\"target\":[\"https:\/\/cozydots.com\/de\/produkt\/tipi-zelt-cozy-white-velvet-spielzelt\/\"]}]},{\"@type\":\"ImageObject\",\"inLanguage\":\"de\",\"@id\":\"https:\/\/cozydots.com\/de\/produkt\/tipi-zelt-cozy-white-velvet-spielzelt\/#primaryimage\",\"url\":\"https:\/\/cozydots.com\/wp-content\/uploads\/2023\/03\/cozywhite-teepee-scaled.jpg\",\"contentUrl\":\"https:\/\/cozydots.com\/wp-content\/uploads\/2023\/03\/cozywhite-teepee-scaled.jpg\",\"width\":1890,\"height\":2560},{\"@type\":\"BreadcrumbList\",\"@id\":\"https:\/\/cozydots.com\/de\/produkt\/tipi-zelt-cozy-white-velvet-spielzelt\/#breadcrumb\",\"itemListElement\":[{\"@type\":\"ListItem\",\"position\":1,\"name\":\"Strona g\u0142\u00f3wna\",\"item\":\"https:\/\/cozydots.com\/de\/\"},{\"@type\":\"ListItem\",\"position\":2,\"name\":\"Shop\",\"item\":\"https:\/\/cozydots.com\/de\/shop\/\"},{\"@type\":\"ListItem\",\"position\":3,\"name\":\"Tipi zelt Cozy White Velvet, Spielzelt\"}]},{\"@type\":\"WebSite\",\"@id\":\"https:\/\/cozydots.com\/de\/#website\",\"url\":\"https:\/\/cozydots.com\/de\/\",\"name\":\"Cozydots.com\",\"description\":\"Producent namiot\u00f3w Tipi\",\"publisher\":{\"@id\":\"https:\/\/cozydots.com\/de\/#organization\"},\"potentialAction\":[{\"@type\":\"SearchAction\",\"target\":{\"@type\":\"EntryPoint\",\"urlTemplate\":\"https:\/\/cozydots.com\/de\/?s={search_term_string}\"},\"query-input\":{\"@type\":\"PropertyValueSpecification\",\"valueRequired\":true,\"valueName\":\"search_term_string\"}}],\"inLanguage\":\"de\"},{\"@type\":\"Organization\",\"@id\":\"https:\/\/cozydots.com\/de\/#organization\",\"name\":\"Cozydots.com\",\"url\":\"https:\/\/cozydots.com\/de\/\",\"logo\":{\"@type\":\"ImageObject\",\"inLanguage\":\"de\",\"@id\":\"https:\/\/cozydots.com\/de\/#\/schema\/logo\/image\/\",\"url\":\"https:\/\/cozydots.com\/wp-content\/uploads\/2021\/10\/cozyshop_logo.png\",\"contentUrl\":\"https:\/\/cozydots.com\/wp-content\/uploads\/2021\/10\/cozyshop_logo.png\",\"width\":400,\"height\":121,\"caption\":\"Cozydots.com\"},\"image\":{\"@id\":\"https:\/\/cozydots.com\/de\/#\/schema\/logo\/image\/\"}}]}<\/script>\n<!-- \/ Yoast SEO plugin. -->","yoast_head_json":{"title":"Tipi zelt Cozy White Velvet, Spielzelt - Cozydots.com","description":"Ein gro\u00dfes, stabiles Spielzelt mit Fenster und Taschen.","robots":{"index":"index","follow":"follow","max-snippet":"max-snippet:-1","max-image-preview":"max-image-preview:large","max-video-preview":"max-video-preview:-1"},"canonical":"https:\/\/cozydots.com\/de\/produkt\/tipi-zelt-cozy-white-velvet-spielzelt\/","og_locale":"de_DE","og_type":"article","og_title":"Tipi zelt Cozy White Velvet, Spielzelt - Cozydots.com","og_description":"Ein gro\u00dfes, stabiles Spielzelt mit Fenster und Taschen.","og_url":"https:\/\/cozydots.com\/de\/produkt\/tipi-zelt-cozy-white-velvet-spielzelt\/","og_site_name":"Cozydots.com","article_modified_time":"2023-03-29T13:40:01+00:00","og_image":[{"width":1890,"height":2560,"url":"https:\/\/cozydots.com\/wp-content\/uploads\/2023\/03\/cozywhite-teepee-scaled.jpg","type":"image\/jpeg"}],"twitter_card":"summary_large_image","twitter_misc":{"Gesch\u00e4tzte Lesezeit":"2\u00a0Minuten"},"schema":{"@context":"https:\/\/schema.org","@graph":[{"@type":"WebPage","@id":"https:\/\/cozydots.com\/de\/produkt\/tipi-zelt-cozy-white-velvet-spielzelt\/","url":"https:\/\/cozydots.com\/de\/produkt\/tipi-zelt-cozy-white-velvet-spielzelt\/","name":"Tipi zelt Cozy White Velvet, Spielzelt - Cozydots.com","isPartOf":{"@id":"https:\/\/cozydots.com\/de\/#website"},"primaryImageOfPage":{"@id":"https:\/\/cozydots.com\/de\/produkt\/tipi-zelt-cozy-white-velvet-spielzelt\/#primaryimage"},"image":{"@id":"https:\/\/cozydots.com\/de\/produkt\/tipi-zelt-cozy-white-velvet-spielzelt\/#primaryimage"},"thumbnailUrl":"https:\/\/cozydots.com\/wp-content\/uploads\/2023\/03\/cozywhite-teepee-scaled.jpg","datePublished":"2023-03-29T13:14:42+00:00","dateModified":"2023-03-29T13:40:01+00:00","description":"Ein gro\u00dfes, stabiles Spielzelt mit Fenster und Taschen.","breadcrumb":{"@id":"https:\/\/cozydots.com\/de\/produkt\/tipi-zelt-cozy-white-velvet-spielzelt\/#breadcrumb"},"inLanguage":"de","potentialAction":[{"@type":"ReadAction","target":["https:\/\/cozydots.com\/de\/produkt\/tipi-zelt-cozy-white-velvet-spielzelt\/"]}]},{"@type":"ImageObject","inLanguage":"de","@id":"https:\/\/cozydots.com\/de\/produkt\/tipi-zelt-cozy-white-velvet-spielzelt\/#primaryimage","url":"https:\/\/cozydots.com\/wp-content\/uploads\/2023\/03\/cozywhite-teepee-scaled.jpg","contentUrl":"https:\/\/cozydots.com\/wp-content\/uploads\/2023\/03\/cozywhite-teepee-scaled.jpg","width":1890,"height":2560},{"@type":"BreadcrumbList","@id":"https:\/\/cozydots.com\/de\/produkt\/tipi-zelt-cozy-white-velvet-spielzelt\/#breadcrumb","itemListElement":[{"@type":"ListItem","position":1,"name":"Strona g\u0142\u00f3wna","item":"https:\/\/cozydots.com\/de\/"},{"@type":"ListItem","position":2,"name":"Shop","item":"https:\/\/cozydots.com\/de\/shop\/"},{"@type":"ListItem","position":3,"name":"Tipi zelt Cozy White Velvet, Spielzelt"}]},{"@type":"WebSite","@id":"https:\/\/cozydots.com\/de\/#website","url":"https:\/\/cozydots.com\/de\/","name":"Cozydots.com","description":"Producent namiot\u00f3w Tipi","publisher":{"@id":"https:\/\/cozydots.com\/de\/#organization"},"potentialAction":[{"@type":"SearchAction","target":{"@type":"EntryPoint","urlTemplate":"https:\/\/cozydots.com\/de\/?s={search_term_string}"},"query-input":{"@type":"PropertyValueSpecification","valueRequired":true,"valueName":"search_term_string"}}],"inLanguage":"de"},{"@type":"Organization","@id":"https:\/\/cozydots.com\/de\/#organization","name":"Cozydots.com","url":"https:\/\/cozydots.com\/de\/","logo":{"@type":"ImageObject","inLanguage":"de","@id":"https:\/\/cozydots.com\/de\/#\/schema\/logo\/image\/","url":"https:\/\/cozydots.com\/wp-content\/uploads\/2021\/10\/cozyshop_logo.png","contentUrl":"https:\/\/cozydots.com\/wp-content\/uploads\/2021\/10\/cozyshop_logo.png","width":400,"height":121,"caption":"Cozydots.com"},"image":{"@id":"https:\/\/cozydots.com\/de\/#\/schema\/logo\/image\/"}}]}},"_links":{"self":[{"href":"https:\/\/cozydots.com\/de\/wp-json\/wp\/v2\/product\/55017","targetHints":{"allow":["GET"]}}],"collection":[{"href":"https:\/\/cozydots.com\/de\/wp-json\/wp\/v2\/product"}],"about":[{"href":"https:\/\/cozydots.com\/de\/wp-json\/wp\/v2\/types\/product"}],"replies":[{"embeddable":true,"href":"https:\/\/cozydots.com\/de\/wp-json\/wp\/v2\/comments?post=55017"}],"wp:featuredmedia":[{"embeddable":true,"href":"https:\/\/cozydots.com\/de\/wp-json\/wp\/v2\/media\/54709"}],"wp:attachment":[{"href":"https:\/\/cozydots.com\/de\/wp-json\/wp\/v2\/media?parent=55017"}],"wp:term":[{"taxonomy":"product_brand","embeddable":true,"href":"https:\/\/cozydots.com\/de\/wp-json\/wp\/v2\/product_brand?post=55017"},{"taxonomy":"product_cat","embeddable":true,"href":"https:\/\/cozydots.com\/de\/wp-json\/wp\/v2\/product_cat?post=55017"},{"taxonomy":"product_tag","embeddable":true,"href":"https:\/\/cozydots.com\/de\/wp-json\/wp\/v2\/product_tag?post=55017"}],"curies":[{"name":"wp","href":"https:\/\/api.w.org\/{rel}","templated":true}]}}