{"id":55021,"date":"2023-03-29T16:04:38","date_gmt":"2023-03-29T14:04:39","guid":{"rendered":"https:\/\/cozydots.com\/?post_type=product&#038;p=55021"},"modified":"2023-03-29T17:07:34","modified_gmt":"2023-03-29T15:07:34","slug":"tipi-zelt-daisy-set-mit-matte-kissen-und-girlande","status":"publish","type":"product","link":"https:\/\/cozydots.com\/de\/produkt\/tipi-zelt-daisy-set-mit-matte-kissen-und-girlande\/","title":{"rendered":"Tipi-Zelt Daisy, Set mit Matte, Kissen und Girlande"},"content":{"rendered":"<p><strong>Das Spielzelt aus der Daisy-Kollektion ist ein wei\u00dfes Tipi mit dekorativer Honigbommelborte. Das Tipi-Zelt besteht aus starkem Segeltuch, wei\u00dfem Samt-Tipi und G\u00e4nsebl\u00fcmchen-Samt-Spielmatte, gro\u00dfem Blumenkissen und 200 cm langer G\u00e4nsebl\u00fcmchen-Girlande.<\/strong><\/p>\n<p><strong>Ein Zelt ist ein gro\u00dfartiger Ort zum Spielen zu Hause, auf der Terrasse oder im Garten.<\/strong> Tipi hat ein Fenster mit aufrollbarem Rollo und zwei Taschen f\u00fcr Spielzeug. Das gem\u00fctliche Zelt f\u00fcr Kinder wird mit einer weichen Matte geliefert.<\/p>\n<p><strong>Das Tipi-Zelt ist ein gro\u00dfartiger Ort zum Spielen und eine gem\u00fctliche Ecke zum Ausruhen. Wigwam wurde entwickelt, um das Auge lange zu erfreuen und sicheren Spielspa\u00df zu gew\u00e4hrleisten.<\/strong><\/p>\n<p>Tipi hat 4 Seiten \u2013 Spielfl\u00e4che ca. 1 m2, H\u00f6he aufgeklappt ca. 150cm.<\/p>\n<p>Jedes Zelt wird mit klappbaren Kiefernstangen und einem Stabilisator geliefert, der die Stangen steif h\u00e4lt, um die Stabilit\u00e4t des Zeltes zu gew\u00e4hrleisten.<\/p>\n<p><strong>Das Kit enth\u00e4lt:<\/strong><\/p>\n<ul>\n<li>Tipi-Zelt<\/li>\n<li><span style=\"color: #555555\">G\u00e4nsebl\u00fcmchen-Spielmatte (112&#215;112 cm)<\/span><\/li>\n<li><span style=\"color: #555555\">G\u00e4nsebl\u00fcmchenkissen (52x52cm)<\/span><\/li>\n<li><span style=\"color: #555555\">G\u00e4nsebl\u00fcmchengirlande (5 Blumen, 200 cm lang)<\/span><\/li>\n<li><span style=\"color: #555555\">4 klappbare Kiefernst\u00f6cke (8 H\u00e4lften) + Elemente zum Verbinden von St\u00f6cken (4 Verbinder)<\/span><\/li>\n<li><span style=\"color: #555555\">Anweisung<\/span><\/li>\n<li><span style=\"color: #555555\">Stabilisator + Schnur<\/span><\/li>\n<\/ul>\n","protected":false},"excerpt":{"rendered":"<p>Das Spieltipi hat ein Fenster mit aufrollbarem Rollo und zwei Taschen f\u00fcr Spielzeug. Set mit Matte.<\/p>\n","protected":false},"featured_media":54723,"comment_status":"open","ping_status":"closed","template":"","meta":[],"product_brand":[],"product_cat":[78],"product_tag":[1438],"class_list":{"0":"post-55021","1":"product","2":"type-product","3":"status-publish","4":"has-post-thumbnail","6":"product_cat-tipi-zelt","7":"product_tag-pla-de","9":"first","10":"instock","11":"sale","12":"taxable","13":"shipping-taxable","14":"product-type-simple"},"yoast_head":"<!-- This site is optimized with the Yoast SEO plugin v27.0 - https:\/\/yoast.com\/product\/yoast-seo-wordpress\/ -->\n<title>Tipi-Zelt Daisy, Set mit Matte, Kissen und Girlande - Cozydots.com<\/title>\n<meta name=\"description\" content=\"Ein zartes, m\u00e4dchenhaftes G\u00e4nsebl\u00fcmchenzelt mit einer Matte, einem Kissen und einer Girlande.\" \/>\n<meta name=\"robots\" content=\"index, follow, max-snippet:-1, max-image-preview:large, max-video-preview:-1\" \/>\n<link rel=\"canonical\" href=\"https:\/\/cozydots.com\/de\/produkt\/tipi-zelt-daisy-set-mit-matte-kissen-und-girlande\/\" \/>\n<meta property=\"og:locale\" content=\"de_DE\" \/>\n<meta property=\"og:type\" content=\"article\" \/>\n<meta property=\"og:title\" content=\"Tipi-Zelt Daisy, Set mit Matte, Kissen und Girlande - Cozydots.com\" \/>\n<meta property=\"og:description\" content=\"Ein zartes, m\u00e4dchenhaftes G\u00e4nsebl\u00fcmchenzelt mit einer Matte, einem Kissen und einer Girlande.\" \/>\n<meta property=\"og:url\" content=\"https:\/\/cozydots.com\/de\/produkt\/tipi-zelt-daisy-set-mit-matte-kissen-und-girlande\/\" \/>\n<meta property=\"og:site_name\" content=\"Cozydots.com\" \/>\n<meta property=\"article:modified_time\" content=\"2023-03-29T15:07:34+00:00\" \/>\n<meta property=\"og:image\" content=\"https:\/\/cozydots.com\/wp-content\/uploads\/2023\/03\/daisy-collection-teepee-tent-with-mat-and-pillows-scaled.jpg\" \/>\n\t<meta property=\"og:image:width\" content=\"1973\" \/>\n\t<meta property=\"og:image:height\" content=\"2560\" \/>\n\t<meta property=\"og:image:type\" content=\"image\/jpeg\" \/>\n<meta name=\"twitter:card\" content=\"summary_large_image\" \/>\n<meta name=\"twitter:label1\" content=\"Gesch\u00e4tzte Lesezeit\" \/>\n\t<meta name=\"twitter:data1\" content=\"1\u00a0Minute\" \/>\n<script type=\"application\/ld+json\" class=\"yoast-schema-graph\">{\"@context\":\"https:\/\/schema.org\",\"@graph\":[{\"@type\":\"WebPage\",\"@id\":\"https:\/\/cozydots.com\/de\/produkt\/tipi-zelt-daisy-set-mit-matte-kissen-und-girlande\/\",\"url\":\"https:\/\/cozydots.com\/de\/produkt\/tipi-zelt-daisy-set-mit-matte-kissen-und-girlande\/\",\"name\":\"Tipi-Zelt Daisy, Set mit Matte, Kissen und Girlande - Cozydots.com\",\"isPartOf\":{\"@id\":\"https:\/\/cozydots.com\/de\/#website\"},\"primaryImageOfPage\":{\"@id\":\"https:\/\/cozydots.com\/de\/produkt\/tipi-zelt-daisy-set-mit-matte-kissen-und-girlande\/#primaryimage\"},\"image\":{\"@id\":\"https:\/\/cozydots.com\/de\/produkt\/tipi-zelt-daisy-set-mit-matte-kissen-und-girlande\/#primaryimage\"},\"thumbnailUrl\":\"https:\/\/cozydots.com\/wp-content\/uploads\/2023\/03\/daisy-collection-teepee-tent-with-mat-and-pillows-scaled.jpg\",\"datePublished\":\"2023-03-29T14:04:39+00:00\",\"dateModified\":\"2023-03-29T15:07:34+00:00\",\"description\":\"Ein zartes, m\u00e4dchenhaftes G\u00e4nsebl\u00fcmchenzelt mit einer Matte, einem Kissen und einer Girlande.\",\"breadcrumb\":{\"@id\":\"https:\/\/cozydots.com\/de\/produkt\/tipi-zelt-daisy-set-mit-matte-kissen-und-girlande\/#breadcrumb\"},\"inLanguage\":\"de\",\"potentialAction\":[{\"@type\":\"ReadAction\",\"target\":[\"https:\/\/cozydots.com\/de\/produkt\/tipi-zelt-daisy-set-mit-matte-kissen-und-girlande\/\"]}]},{\"@type\":\"ImageObject\",\"inLanguage\":\"de\",\"@id\":\"https:\/\/cozydots.com\/de\/produkt\/tipi-zelt-daisy-set-mit-matte-kissen-und-girlande\/#primaryimage\",\"url\":\"https:\/\/cozydots.com\/wp-content\/uploads\/2023\/03\/daisy-collection-teepee-tent-with-mat-and-pillows-scaled.jpg\",\"contentUrl\":\"https:\/\/cozydots.com\/wp-content\/uploads\/2023\/03\/daisy-collection-teepee-tent-with-mat-and-pillows-scaled.jpg\",\"width\":1973,\"height\":2560},{\"@type\":\"BreadcrumbList\",\"@id\":\"https:\/\/cozydots.com\/de\/produkt\/tipi-zelt-daisy-set-mit-matte-kissen-und-girlande\/#breadcrumb\",\"itemListElement\":[{\"@type\":\"ListItem\",\"position\":1,\"name\":\"Strona g\u0142\u00f3wna\",\"item\":\"https:\/\/cozydots.com\/de\/\"},{\"@type\":\"ListItem\",\"position\":2,\"name\":\"Shop\",\"item\":\"https:\/\/cozydots.com\/de\/shop\/\"},{\"@type\":\"ListItem\",\"position\":3,\"name\":\"Tipi-Zelt Daisy, Set mit Matte, Kissen und Girlande\"}]},{\"@type\":\"WebSite\",\"@id\":\"https:\/\/cozydots.com\/de\/#website\",\"url\":\"https:\/\/cozydots.com\/de\/\",\"name\":\"Cozydots.com\",\"description\":\"Producent namiot\u00f3w Tipi\",\"publisher\":{\"@id\":\"https:\/\/cozydots.com\/de\/#organization\"},\"potentialAction\":[{\"@type\":\"SearchAction\",\"target\":{\"@type\":\"EntryPoint\",\"urlTemplate\":\"https:\/\/cozydots.com\/de\/?s={search_term_string}\"},\"query-input\":{\"@type\":\"PropertyValueSpecification\",\"valueRequired\":true,\"valueName\":\"search_term_string\"}}],\"inLanguage\":\"de\"},{\"@type\":\"Organization\",\"@id\":\"https:\/\/cozydots.com\/de\/#organization\",\"name\":\"Cozydots.com\",\"url\":\"https:\/\/cozydots.com\/de\/\",\"logo\":{\"@type\":\"ImageObject\",\"inLanguage\":\"de\",\"@id\":\"https:\/\/cozydots.com\/de\/#\/schema\/logo\/image\/\",\"url\":\"https:\/\/cozydots.com\/wp-content\/uploads\/2021\/10\/cozyshop_logo.png\",\"contentUrl\":\"https:\/\/cozydots.com\/wp-content\/uploads\/2021\/10\/cozyshop_logo.png\",\"width\":400,\"height\":121,\"caption\":\"Cozydots.com\"},\"image\":{\"@id\":\"https:\/\/cozydots.com\/de\/#\/schema\/logo\/image\/\"}}]}<\/script>\n<!-- \/ Yoast SEO plugin. -->","yoast_head_json":{"title":"Tipi-Zelt Daisy, Set mit Matte, Kissen und Girlande - Cozydots.com","description":"Ein zartes, m\u00e4dchenhaftes G\u00e4nsebl\u00fcmchenzelt mit einer Matte, einem Kissen und einer Girlande.","robots":{"index":"index","follow":"follow","max-snippet":"max-snippet:-1","max-image-preview":"max-image-preview:large","max-video-preview":"max-video-preview:-1"},"canonical":"https:\/\/cozydots.com\/de\/produkt\/tipi-zelt-daisy-set-mit-matte-kissen-und-girlande\/","og_locale":"de_DE","og_type":"article","og_title":"Tipi-Zelt Daisy, Set mit Matte, Kissen und Girlande - Cozydots.com","og_description":"Ein zartes, m\u00e4dchenhaftes G\u00e4nsebl\u00fcmchenzelt mit einer Matte, einem Kissen und einer Girlande.","og_url":"https:\/\/cozydots.com\/de\/produkt\/tipi-zelt-daisy-set-mit-matte-kissen-und-girlande\/","og_site_name":"Cozydots.com","article_modified_time":"2023-03-29T15:07:34+00:00","og_image":[{"width":1973,"height":2560,"url":"https:\/\/cozydots.com\/wp-content\/uploads\/2023\/03\/daisy-collection-teepee-tent-with-mat-and-pillows-scaled.jpg","type":"image\/jpeg"}],"twitter_card":"summary_large_image","twitter_misc":{"Gesch\u00e4tzte Lesezeit":"1\u00a0Minute"},"schema":{"@context":"https:\/\/schema.org","@graph":[{"@type":"WebPage","@id":"https:\/\/cozydots.com\/de\/produkt\/tipi-zelt-daisy-set-mit-matte-kissen-und-girlande\/","url":"https:\/\/cozydots.com\/de\/produkt\/tipi-zelt-daisy-set-mit-matte-kissen-und-girlande\/","name":"Tipi-Zelt Daisy, Set mit Matte, Kissen und Girlande - Cozydots.com","isPartOf":{"@id":"https:\/\/cozydots.com\/de\/#website"},"primaryImageOfPage":{"@id":"https:\/\/cozydots.com\/de\/produkt\/tipi-zelt-daisy-set-mit-matte-kissen-und-girlande\/#primaryimage"},"image":{"@id":"https:\/\/cozydots.com\/de\/produkt\/tipi-zelt-daisy-set-mit-matte-kissen-und-girlande\/#primaryimage"},"thumbnailUrl":"https:\/\/cozydots.com\/wp-content\/uploads\/2023\/03\/daisy-collection-teepee-tent-with-mat-and-pillows-scaled.jpg","datePublished":"2023-03-29T14:04:39+00:00","dateModified":"2023-03-29T15:07:34+00:00","description":"Ein zartes, m\u00e4dchenhaftes G\u00e4nsebl\u00fcmchenzelt mit einer Matte, einem Kissen und einer Girlande.","breadcrumb":{"@id":"https:\/\/cozydots.com\/de\/produkt\/tipi-zelt-daisy-set-mit-matte-kissen-und-girlande\/#breadcrumb"},"inLanguage":"de","potentialAction":[{"@type":"ReadAction","target":["https:\/\/cozydots.com\/de\/produkt\/tipi-zelt-daisy-set-mit-matte-kissen-und-girlande\/"]}]},{"@type":"ImageObject","inLanguage":"de","@id":"https:\/\/cozydots.com\/de\/produkt\/tipi-zelt-daisy-set-mit-matte-kissen-und-girlande\/#primaryimage","url":"https:\/\/cozydots.com\/wp-content\/uploads\/2023\/03\/daisy-collection-teepee-tent-with-mat-and-pillows-scaled.jpg","contentUrl":"https:\/\/cozydots.com\/wp-content\/uploads\/2023\/03\/daisy-collection-teepee-tent-with-mat-and-pillows-scaled.jpg","width":1973,"height":2560},{"@type":"BreadcrumbList","@id":"https:\/\/cozydots.com\/de\/produkt\/tipi-zelt-daisy-set-mit-matte-kissen-und-girlande\/#breadcrumb","itemListElement":[{"@type":"ListItem","position":1,"name":"Strona g\u0142\u00f3wna","item":"https:\/\/cozydots.com\/de\/"},{"@type":"ListItem","position":2,"name":"Shop","item":"https:\/\/cozydots.com\/de\/shop\/"},{"@type":"ListItem","position":3,"name":"Tipi-Zelt Daisy, Set mit Matte, Kissen und Girlande"}]},{"@type":"WebSite","@id":"https:\/\/cozydots.com\/de\/#website","url":"https:\/\/cozydots.com\/de\/","name":"Cozydots.com","description":"Producent namiot\u00f3w Tipi","publisher":{"@id":"https:\/\/cozydots.com\/de\/#organization"},"potentialAction":[{"@type":"SearchAction","target":{"@type":"EntryPoint","urlTemplate":"https:\/\/cozydots.com\/de\/?s={search_term_string}"},"query-input":{"@type":"PropertyValueSpecification","valueRequired":true,"valueName":"search_term_string"}}],"inLanguage":"de"},{"@type":"Organization","@id":"https:\/\/cozydots.com\/de\/#organization","name":"Cozydots.com","url":"https:\/\/cozydots.com\/de\/","logo":{"@type":"ImageObject","inLanguage":"de","@id":"https:\/\/cozydots.com\/de\/#\/schema\/logo\/image\/","url":"https:\/\/cozydots.com\/wp-content\/uploads\/2021\/10\/cozyshop_logo.png","contentUrl":"https:\/\/cozydots.com\/wp-content\/uploads\/2021\/10\/cozyshop_logo.png","width":400,"height":121,"caption":"Cozydots.com"},"image":{"@id":"https:\/\/cozydots.com\/de\/#\/schema\/logo\/image\/"}}]}},"_links":{"self":[{"href":"https:\/\/cozydots.com\/de\/wp-json\/wp\/v2\/product\/55021","targetHints":{"allow":["GET"]}}],"collection":[{"href":"https:\/\/cozydots.com\/de\/wp-json\/wp\/v2\/product"}],"about":[{"href":"https:\/\/cozydots.com\/de\/wp-json\/wp\/v2\/types\/product"}],"replies":[{"embeddable":true,"href":"https:\/\/cozydots.com\/de\/wp-json\/wp\/v2\/comments?post=55021"}],"wp:featuredmedia":[{"embeddable":true,"href":"https:\/\/cozydots.com\/de\/wp-json\/wp\/v2\/media\/54723"}],"wp:attachment":[{"href":"https:\/\/cozydots.com\/de\/wp-json\/wp\/v2\/media?parent=55021"}],"wp:term":[{"taxonomy":"product_brand","embeddable":true,"href":"https:\/\/cozydots.com\/de\/wp-json\/wp\/v2\/product_brand?post=55021"},{"taxonomy":"product_cat","embeddable":true,"href":"https:\/\/cozydots.com\/de\/wp-json\/wp\/v2\/product_cat?post=55021"},{"taxonomy":"product_tag","embeddable":true,"href":"https:\/\/cozydots.com\/de\/wp-json\/wp\/v2\/product_tag?post=55021"}],"curies":[{"name":"wp","href":"https:\/\/api.w.org\/{rel}","templated":true}]}}