{"id":55049,"date":"2023-04-04T12:35:44","date_gmt":"2023-04-04T10:35:44","guid":{"rendered":"https:\/\/cozydots.com\/?post_type=product&#038;p=55049"},"modified":"2023-04-27T12:18:43","modified_gmt":"2023-04-27T10:18:43","slug":"spielmatte-in-blumenform-gaensebluemchen","status":"publish","type":"product","link":"https:\/\/cozydots.com\/de\/produkt\/spielmatte-in-blumenform-gaensebluemchen\/","title":{"rendered":"Spielmatte in Blumenform G\u00e4nsebl\u00fcmchen"},"content":{"rendered":"<p><img loading=\"lazy\" decoding=\"async\" class=\"alignnone size-medium wp-image-54856 alignright\" src=\"https:\/\/cozydots.com\/wp-content\/uploads\/2023\/03\/namiot-tipi-kwiaty-stokrotki-400x400.jpg\" alt=\"\" width=\"400\" height=\"400\" srcset=\"https:\/\/cozydots.com\/wp-content\/uploads\/2023\/03\/namiot-tipi-kwiaty-stokrotki-400x400.jpg 400w, https:\/\/cozydots.com\/wp-content\/uploads\/2023\/03\/namiot-tipi-kwiaty-stokrotki-1200x1200.jpg 1200w, https:\/\/cozydots.com\/wp-content\/uploads\/2023\/03\/namiot-tipi-kwiaty-stokrotki-150x150.jpg 150w, https:\/\/cozydots.com\/wp-content\/uploads\/2023\/03\/namiot-tipi-kwiaty-stokrotki-768x768.jpg 768w, https:\/\/cozydots.com\/wp-content\/uploads\/2023\/03\/namiot-tipi-kwiaty-stokrotki-1536x1536.jpg 1536w, https:\/\/cozydots.com\/wp-content\/uploads\/2023\/03\/namiot-tipi-kwiaty-stokrotki-470x470.jpg 470w, https:\/\/cozydots.com\/wp-content\/uploads\/2023\/03\/namiot-tipi-kwiaty-stokrotki-800x800.jpg 800w, https:\/\/cozydots.com\/wp-content\/uploads\/2023\/03\/namiot-tipi-kwiaty-stokrotki-100x100.jpg 100w, https:\/\/cozydots.com\/wp-content\/uploads\/2023\/03\/namiot-tipi-kwiaty-stokrotki.jpg 2000w\" sizes=\"auto, (max-width: 400px) 100vw, 400px\" \/><\/p>\n<p><strong>Ein weicher dicker Veloursteppich in Form einer G\u00e4nsebl\u00fcmchenblume<\/strong><\/p>\n<p>Der Teppich eignet sich perfekt als Dekorationselement in einem Kinderzimmer, ein flauschiger Teppich &#8211; ein Spielteppich.<\/p>\n<p>Der Teppich passt zu unserer Daisy-Kollektion, die Kissen, Girlanden und Tipi-Zelte umfasst.<\/p>\n<p>Blumenf\u00f6rmiger Teppich in Wei\u00df und Gelb, Ma\u00dfe: 112cmx112cm<\/p>\n<p>Stoff: Samt Velours \u2013 CE<\/p>\n<p>Pflegemethode:<\/p>\n<ul>\n<li>Kein B\u00fcgeln<\/li>\n<li>Maschinenwaschbar bei 40 Grad, Schleudern \u2013 800 Umdrehungen<\/li>\n<li>Reinige chemisch nicht<\/li>\n<li>Nicht bleichen<\/li>\n<\/ul>\n<p>Entworfen und gen\u00e4ht in Polen von Cozy &amp; Dozy<\/p>\n","protected":false},"excerpt":{"rendered":"<p>Ein weicher dicker Veloursteppich in Form einer G\u00e4nsebl\u00fcmchenblume Der Teppich eignet sich perfekt als Dekorationselement in einem Kinderzimmer, ein flauschiger Teppich &#8211; ein Spielteppich. Der Teppich passt zu unserer Daisy-Kollektion, die Kissen, Girlanden und Tipi-Zelte umfasst. Blumenf\u00f6rmiger Teppich in Wei\u00df und Gelb, Ma\u00dfe: 112cmx112cm Stoff: Samt Velours \u2013 CE Pflegemethode: Kein B\u00fcgeln Maschinenwaschbar bei 40 [&#8230;]\n","protected":false},"featured_media":55056,"comment_status":"open","ping_status":"closed","template":"","meta":[],"product_brand":[],"product_cat":[107],"product_tag":[],"class_list":{"0":"post-55049","1":"product","2":"type-product","3":"status-publish","4":"has-post-thumbnail","6":"product_cat-spielsack-and-spielmatte","8":"first","9":"instock","10":"taxable","11":"shipping-taxable","12":"product-type-simple"},"yoast_head":"<!-- This site is optimized with the Yoast SEO plugin v27.0 - https:\/\/yoast.com\/product\/yoast-seo-wordpress\/ -->\n<title>Spielmatte in Blumenform G\u00e4nsebl\u00fcmchen - Cozydots.com<\/title>\n<meta name=\"description\" content=\"Ein weicher dicker Veloursteppich in Form einer G\u00e4nsebl\u00fcmchenblume 112x112 c\" \/>\n<meta name=\"robots\" content=\"index, follow, max-snippet:-1, max-image-preview:large, max-video-preview:-1\" \/>\n<link rel=\"canonical\" href=\"https:\/\/cozydots.com\/de\/produkt\/spielmatte-in-blumenform-gaensebluemchen\/\" \/>\n<meta property=\"og:locale\" content=\"de_DE\" \/>\n<meta property=\"og:type\" content=\"article\" \/>\n<meta property=\"og:title\" content=\"Spielmatte in Blumenform G\u00e4nsebl\u00fcmchen - Cozydots.com\" \/>\n<meta property=\"og:description\" content=\"Ein weicher dicker Veloursteppich in Form einer G\u00e4nsebl\u00fcmchenblume 112x112 c\" \/>\n<meta property=\"og:url\" content=\"https:\/\/cozydots.com\/de\/produkt\/spielmatte-in-blumenform-gaensebluemchen\/\" \/>\n<meta property=\"og:site_name\" content=\"Cozydots.com\" \/>\n<meta property=\"article:modified_time\" content=\"2023-04-27T10:18:43+00:00\" \/>\n<meta property=\"og:image\" content=\"https:\/\/cozydots.com\/wp-content\/uploads\/2023\/04\/daisy-mat-cozyanddozy.jpg\" \/>\n\t<meta property=\"og:image:width\" content=\"1200\" \/>\n\t<meta property=\"og:image:height\" content=\"1200\" \/>\n\t<meta property=\"og:image:type\" content=\"image\/jpeg\" \/>\n<meta name=\"twitter:card\" content=\"summary_large_image\" \/>\n<meta name=\"twitter:label1\" content=\"Gesch\u00e4tzte Lesezeit\" \/>\n\t<meta name=\"twitter:data1\" content=\"1\u00a0Minute\" \/>\n<script type=\"application\/ld+json\" class=\"yoast-schema-graph\">{\"@context\":\"https:\/\/schema.org\",\"@graph\":[{\"@type\":\"WebPage\",\"@id\":\"https:\/\/cozydots.com\/de\/produkt\/spielmatte-in-blumenform-gaensebluemchen\/\",\"url\":\"https:\/\/cozydots.com\/de\/produkt\/spielmatte-in-blumenform-gaensebluemchen\/\",\"name\":\"Spielmatte in Blumenform G\u00e4nsebl\u00fcmchen - Cozydots.com\",\"isPartOf\":{\"@id\":\"https:\/\/cozydots.com\/de\/#website\"},\"primaryImageOfPage\":{\"@id\":\"https:\/\/cozydots.com\/de\/produkt\/spielmatte-in-blumenform-gaensebluemchen\/#primaryimage\"},\"image\":{\"@id\":\"https:\/\/cozydots.com\/de\/produkt\/spielmatte-in-blumenform-gaensebluemchen\/#primaryimage\"},\"thumbnailUrl\":\"https:\/\/cozydots.com\/wp-content\/uploads\/2023\/04\/daisy-mat-cozyanddozy.jpg\",\"datePublished\":\"2023-04-04T10:35:44+00:00\",\"dateModified\":\"2023-04-27T10:18:43+00:00\",\"description\":\"Ein weicher dicker Veloursteppich in Form einer G\u00e4nsebl\u00fcmchenblume 112x112 c\",\"breadcrumb\":{\"@id\":\"https:\/\/cozydots.com\/de\/produkt\/spielmatte-in-blumenform-gaensebluemchen\/#breadcrumb\"},\"inLanguage\":\"de\",\"potentialAction\":[{\"@type\":\"ReadAction\",\"target\":[\"https:\/\/cozydots.com\/de\/produkt\/spielmatte-in-blumenform-gaensebluemchen\/\"]}]},{\"@type\":\"ImageObject\",\"inLanguage\":\"de\",\"@id\":\"https:\/\/cozydots.com\/de\/produkt\/spielmatte-in-blumenform-gaensebluemchen\/#primaryimage\",\"url\":\"https:\/\/cozydots.com\/wp-content\/uploads\/2023\/04\/daisy-mat-cozyanddozy.jpg\",\"contentUrl\":\"https:\/\/cozydots.com\/wp-content\/uploads\/2023\/04\/daisy-mat-cozyanddozy.jpg\",\"width\":1200,\"height\":1200},{\"@type\":\"BreadcrumbList\",\"@id\":\"https:\/\/cozydots.com\/de\/produkt\/spielmatte-in-blumenform-gaensebluemchen\/#breadcrumb\",\"itemListElement\":[{\"@type\":\"ListItem\",\"position\":1,\"name\":\"Strona g\u0142\u00f3wna\",\"item\":\"https:\/\/cozydots.com\/de\/\"},{\"@type\":\"ListItem\",\"position\":2,\"name\":\"Shop\",\"item\":\"https:\/\/cozydots.com\/de\/shop\/\"},{\"@type\":\"ListItem\",\"position\":3,\"name\":\"Spielmatte in Blumenform G\u00e4nsebl\u00fcmchen\"}]},{\"@type\":\"WebSite\",\"@id\":\"https:\/\/cozydots.com\/de\/#website\",\"url\":\"https:\/\/cozydots.com\/de\/\",\"name\":\"Cozydots.com\",\"description\":\"Producent namiot\u00f3w Tipi\",\"publisher\":{\"@id\":\"https:\/\/cozydots.com\/de\/#organization\"},\"potentialAction\":[{\"@type\":\"SearchAction\",\"target\":{\"@type\":\"EntryPoint\",\"urlTemplate\":\"https:\/\/cozydots.com\/de\/?s={search_term_string}\"},\"query-input\":{\"@type\":\"PropertyValueSpecification\",\"valueRequired\":true,\"valueName\":\"search_term_string\"}}],\"inLanguage\":\"de\"},{\"@type\":\"Organization\",\"@id\":\"https:\/\/cozydots.com\/de\/#organization\",\"name\":\"Cozydots.com\",\"url\":\"https:\/\/cozydots.com\/de\/\",\"logo\":{\"@type\":\"ImageObject\",\"inLanguage\":\"de\",\"@id\":\"https:\/\/cozydots.com\/de\/#\/schema\/logo\/image\/\",\"url\":\"https:\/\/cozydots.com\/wp-content\/uploads\/2021\/10\/cozyshop_logo.png\",\"contentUrl\":\"https:\/\/cozydots.com\/wp-content\/uploads\/2021\/10\/cozyshop_logo.png\",\"width\":400,\"height\":121,\"caption\":\"Cozydots.com\"},\"image\":{\"@id\":\"https:\/\/cozydots.com\/de\/#\/schema\/logo\/image\/\"}}]}<\/script>\n<!-- \/ Yoast SEO plugin. -->","yoast_head_json":{"title":"Spielmatte in Blumenform G\u00e4nsebl\u00fcmchen - Cozydots.com","description":"Ein weicher dicker Veloursteppich in Form einer G\u00e4nsebl\u00fcmchenblume 112x112 c","robots":{"index":"index","follow":"follow","max-snippet":"max-snippet:-1","max-image-preview":"max-image-preview:large","max-video-preview":"max-video-preview:-1"},"canonical":"https:\/\/cozydots.com\/de\/produkt\/spielmatte-in-blumenform-gaensebluemchen\/","og_locale":"de_DE","og_type":"article","og_title":"Spielmatte in Blumenform G\u00e4nsebl\u00fcmchen - Cozydots.com","og_description":"Ein weicher dicker Veloursteppich in Form einer G\u00e4nsebl\u00fcmchenblume 112x112 c","og_url":"https:\/\/cozydots.com\/de\/produkt\/spielmatte-in-blumenform-gaensebluemchen\/","og_site_name":"Cozydots.com","article_modified_time":"2023-04-27T10:18:43+00:00","og_image":[{"width":1200,"height":1200,"url":"https:\/\/cozydots.com\/wp-content\/uploads\/2023\/04\/daisy-mat-cozyanddozy.jpg","type":"image\/jpeg"}],"twitter_card":"summary_large_image","twitter_misc":{"Gesch\u00e4tzte Lesezeit":"1\u00a0Minute"},"schema":{"@context":"https:\/\/schema.org","@graph":[{"@type":"WebPage","@id":"https:\/\/cozydots.com\/de\/produkt\/spielmatte-in-blumenform-gaensebluemchen\/","url":"https:\/\/cozydots.com\/de\/produkt\/spielmatte-in-blumenform-gaensebluemchen\/","name":"Spielmatte in Blumenform G\u00e4nsebl\u00fcmchen - Cozydots.com","isPartOf":{"@id":"https:\/\/cozydots.com\/de\/#website"},"primaryImageOfPage":{"@id":"https:\/\/cozydots.com\/de\/produkt\/spielmatte-in-blumenform-gaensebluemchen\/#primaryimage"},"image":{"@id":"https:\/\/cozydots.com\/de\/produkt\/spielmatte-in-blumenform-gaensebluemchen\/#primaryimage"},"thumbnailUrl":"https:\/\/cozydots.com\/wp-content\/uploads\/2023\/04\/daisy-mat-cozyanddozy.jpg","datePublished":"2023-04-04T10:35:44+00:00","dateModified":"2023-04-27T10:18:43+00:00","description":"Ein weicher dicker Veloursteppich in Form einer G\u00e4nsebl\u00fcmchenblume 112x112 c","breadcrumb":{"@id":"https:\/\/cozydots.com\/de\/produkt\/spielmatte-in-blumenform-gaensebluemchen\/#breadcrumb"},"inLanguage":"de","potentialAction":[{"@type":"ReadAction","target":["https:\/\/cozydots.com\/de\/produkt\/spielmatte-in-blumenform-gaensebluemchen\/"]}]},{"@type":"ImageObject","inLanguage":"de","@id":"https:\/\/cozydots.com\/de\/produkt\/spielmatte-in-blumenform-gaensebluemchen\/#primaryimage","url":"https:\/\/cozydots.com\/wp-content\/uploads\/2023\/04\/daisy-mat-cozyanddozy.jpg","contentUrl":"https:\/\/cozydots.com\/wp-content\/uploads\/2023\/04\/daisy-mat-cozyanddozy.jpg","width":1200,"height":1200},{"@type":"BreadcrumbList","@id":"https:\/\/cozydots.com\/de\/produkt\/spielmatte-in-blumenform-gaensebluemchen\/#breadcrumb","itemListElement":[{"@type":"ListItem","position":1,"name":"Strona g\u0142\u00f3wna","item":"https:\/\/cozydots.com\/de\/"},{"@type":"ListItem","position":2,"name":"Shop","item":"https:\/\/cozydots.com\/de\/shop\/"},{"@type":"ListItem","position":3,"name":"Spielmatte in Blumenform G\u00e4nsebl\u00fcmchen"}]},{"@type":"WebSite","@id":"https:\/\/cozydots.com\/de\/#website","url":"https:\/\/cozydots.com\/de\/","name":"Cozydots.com","description":"Producent namiot\u00f3w Tipi","publisher":{"@id":"https:\/\/cozydots.com\/de\/#organization"},"potentialAction":[{"@type":"SearchAction","target":{"@type":"EntryPoint","urlTemplate":"https:\/\/cozydots.com\/de\/?s={search_term_string}"},"query-input":{"@type":"PropertyValueSpecification","valueRequired":true,"valueName":"search_term_string"}}],"inLanguage":"de"},{"@type":"Organization","@id":"https:\/\/cozydots.com\/de\/#organization","name":"Cozydots.com","url":"https:\/\/cozydots.com\/de\/","logo":{"@type":"ImageObject","inLanguage":"de","@id":"https:\/\/cozydots.com\/de\/#\/schema\/logo\/image\/","url":"https:\/\/cozydots.com\/wp-content\/uploads\/2021\/10\/cozyshop_logo.png","contentUrl":"https:\/\/cozydots.com\/wp-content\/uploads\/2021\/10\/cozyshop_logo.png","width":400,"height":121,"caption":"Cozydots.com"},"image":{"@id":"https:\/\/cozydots.com\/de\/#\/schema\/logo\/image\/"}}]}},"_links":{"self":[{"href":"https:\/\/cozydots.com\/de\/wp-json\/wp\/v2\/product\/55049","targetHints":{"allow":["GET"]}}],"collection":[{"href":"https:\/\/cozydots.com\/de\/wp-json\/wp\/v2\/product"}],"about":[{"href":"https:\/\/cozydots.com\/de\/wp-json\/wp\/v2\/types\/product"}],"replies":[{"embeddable":true,"href":"https:\/\/cozydots.com\/de\/wp-json\/wp\/v2\/comments?post=55049"}],"wp:featuredmedia":[{"embeddable":true,"href":"https:\/\/cozydots.com\/de\/wp-json\/wp\/v2\/media\/55056"}],"wp:attachment":[{"href":"https:\/\/cozydots.com\/de\/wp-json\/wp\/v2\/media?parent=55049"}],"wp:term":[{"taxonomy":"product_brand","embeddable":true,"href":"https:\/\/cozydots.com\/de\/wp-json\/wp\/v2\/product_brand?post=55049"},{"taxonomy":"product_cat","embeddable":true,"href":"https:\/\/cozydots.com\/de\/wp-json\/wp\/v2\/product_cat?post=55049"},{"taxonomy":"product_tag","embeddable":true,"href":"https:\/\/cozydots.com\/de\/wp-json\/wp\/v2\/product_tag?post=55049"}],"curies":[{"name":"wp","href":"https:\/\/api.w.org\/{rel}","templated":true}]}}