{"id":55128,"date":"2023-04-12T12:44:34","date_gmt":"2023-04-12T11:14:44","guid":{"rendered":"https:\/\/cozydots.com\/?post_type=product&#038;p=55128"},"modified":"2023-04-12T13:15:54","modified_gmt":"2023-04-12T11:15:54","slug":"girlande-daisy-bluetengirlande-250cm","status":"publish","type":"product","link":"https:\/\/cozydots.com\/de\/produkt\/girlande-daisy-bluetengirlande-250cm\/","title":{"rendered":"Girlande Daisy, Bl\u00fctengirlande 250cm"},"content":{"rendered":"<h3>Dekorative Girlande aus wei\u00dfen Blumen &#8211; G\u00e4nsebl\u00fcmchen, aus Samt.<\/h3>\n<p>Wir lieben gem\u00fctliche Innenr\u00e4ume und Blumen sind die beste Dekoration in jedem Raum.<\/p>\n<p><strong>Die G\u00e4nsebl\u00fcmchen-Girlande ist eine sch\u00f6ne Innendekoration, sie wird eine leere Wand perfekt erg\u00e4nzen, sie kann auch ein Ort sein, an dem Sie Urlaubsfotos anbringen, ein Fenster oder ein M\u00e4dchenzimmer dekorieren und ihm einen leichten Charakter verleihen. In dieser Version hat die Girlande 6 Blumen.<\/strong><\/p>\n<p>MASSE:<\/p>\n<ul>\n<li>Gesamtl\u00e4nge der Girlande &#8211; 250 cm<\/li>\n<li><span style=\"color: #555555\">Bl\u00fctenbreite: 22cm \u00b1 1cm,<\/span><\/li>\n<li><span style=\"color: #555555\">Bl\u00fctenh\u00f6he: 22 cm \u00b1 1 cm<\/span><\/li>\n<\/ul>\n<p>MATERIAL:<\/p>\n<ul>\n<li>100 % SAMT<\/li>\n<li><span style=\"color: #555555\">Girlande in einem Baumwollbeutel verkauft<\/span><\/li>\n<li><span style=\"color: #555555\">antiallergische Polsterung, einseitiges Muster<\/span><\/li>\n<\/ul>\n<p>PFLEGE:<\/p>\n<ul>\n<li>Maschinenwaschbar bei 40\u00b0C<\/li>\n<li><span style=\"color: #555555\">maximale Drehzahl 800 U\/min<\/span><\/li>\n<li><span style=\"color: #555555\">flach trocknen,<\/span><\/li>\n<li><span style=\"color: #555555\">kann im Trockner getrocknet werden<\/span><\/li>\n<li><span style=\"color: #555555\">nicht bleichen<\/span><\/li>\n<li><span style=\"color: #555555\">durch die Baumwolle b\u00fcgeln<\/span><\/li>\n<\/ul>\n<p>Lieferung (Werktage): 2-3 Tage<\/p>\n","protected":false},"excerpt":{"rendered":"<p><strong>Die G\u00e4nsebl\u00fcmchen-Girlande ist eine sch\u00f6ne Innendekoration.<\/strong><\/p>\n","protected":false},"featured_media":54772,"comment_status":"open","ping_status":"closed","template":"","meta":[],"product_brand":[],"product_cat":[110],"product_tag":[],"class_list":{"0":"post-55128","1":"product","2":"type-product","3":"status-publish","4":"has-post-thumbnail","6":"product_cat-zubehoer","8":"first","9":"instock","10":"taxable","11":"shipping-taxable","12":"product-type-simple"},"yoast_head":"<!-- This site is optimized with the Yoast SEO plugin v27.0 - https:\/\/yoast.com\/product\/yoast-seo-wordpress\/ -->\n<title>Girlande Daisy, Bl\u00fctengirlande 250cm - Cozydots.com<\/title>\n<meta name=\"robots\" content=\"index, follow, max-snippet:-1, max-image-preview:large, max-video-preview:-1\" \/>\n<link rel=\"canonical\" href=\"https:\/\/cozydots.com\/de\/produkt\/girlande-daisy-bluetengirlande-250cm\/\" \/>\n<meta property=\"og:locale\" content=\"de_DE\" \/>\n<meta property=\"og:type\" content=\"article\" \/>\n<meta property=\"og:title\" content=\"Girlande Daisy, Bl\u00fctengirlande 250cm - Cozydots.com\" \/>\n<meta property=\"og:description\" content=\"Die G\u00e4nsebl\u00fcmchen-Girlande ist eine sch\u00f6ne Innendekoration.\" \/>\n<meta property=\"og:url\" content=\"https:\/\/cozydots.com\/de\/produkt\/girlande-daisy-bluetengirlande-250cm\/\" \/>\n<meta property=\"og:site_name\" content=\"Cozydots.com\" \/>\n<meta property=\"article:modified_time\" content=\"2023-04-12T11:15:54+00:00\" \/>\n<meta property=\"og:image\" content=\"https:\/\/cozydots.com\/wp-content\/uploads\/2023\/03\/garland-daisy-flowers.jpg\" \/>\n\t<meta property=\"og:image:width\" content=\"2000\" \/>\n\t<meta property=\"og:image:height\" content=\"1349\" \/>\n\t<meta property=\"og:image:type\" content=\"image\/jpeg\" \/>\n<meta name=\"twitter:card\" content=\"summary_large_image\" \/>\n<meta name=\"twitter:label1\" content=\"Gesch\u00e4tzte Lesezeit\" \/>\n\t<meta name=\"twitter:data1\" content=\"1\u00a0Minute\" \/>\n<script type=\"application\/ld+json\" class=\"yoast-schema-graph\">{\"@context\":\"https:\/\/schema.org\",\"@graph\":[{\"@type\":\"WebPage\",\"@id\":\"https:\/\/cozydots.com\/de\/produkt\/girlande-daisy-bluetengirlande-250cm\/\",\"url\":\"https:\/\/cozydots.com\/de\/produkt\/girlande-daisy-bluetengirlande-250cm\/\",\"name\":\"Girlande Daisy, Bl\u00fctengirlande 250cm - Cozydots.com\",\"isPartOf\":{\"@id\":\"https:\/\/cozydots.com\/de\/#website\"},\"primaryImageOfPage\":{\"@id\":\"https:\/\/cozydots.com\/de\/produkt\/girlande-daisy-bluetengirlande-250cm\/#primaryimage\"},\"image\":{\"@id\":\"https:\/\/cozydots.com\/de\/produkt\/girlande-daisy-bluetengirlande-250cm\/#primaryimage\"},\"thumbnailUrl\":\"https:\/\/cozydots.com\/wp-content\/uploads\/2023\/03\/garland-daisy-flowers.jpg\",\"datePublished\":\"2023-04-12T11:14:44+00:00\",\"dateModified\":\"2023-04-12T11:15:54+00:00\",\"breadcrumb\":{\"@id\":\"https:\/\/cozydots.com\/de\/produkt\/girlande-daisy-bluetengirlande-250cm\/#breadcrumb\"},\"inLanguage\":\"de\",\"potentialAction\":[{\"@type\":\"ReadAction\",\"target\":[\"https:\/\/cozydots.com\/de\/produkt\/girlande-daisy-bluetengirlande-250cm\/\"]}]},{\"@type\":\"ImageObject\",\"inLanguage\":\"de\",\"@id\":\"https:\/\/cozydots.com\/de\/produkt\/girlande-daisy-bluetengirlande-250cm\/#primaryimage\",\"url\":\"https:\/\/cozydots.com\/wp-content\/uploads\/2023\/03\/garland-daisy-flowers.jpg\",\"contentUrl\":\"https:\/\/cozydots.com\/wp-content\/uploads\/2023\/03\/garland-daisy-flowers.jpg\",\"width\":2000,\"height\":1349},{\"@type\":\"BreadcrumbList\",\"@id\":\"https:\/\/cozydots.com\/de\/produkt\/girlande-daisy-bluetengirlande-250cm\/#breadcrumb\",\"itemListElement\":[{\"@type\":\"ListItem\",\"position\":1,\"name\":\"Strona g\u0142\u00f3wna\",\"item\":\"https:\/\/cozydots.com\/de\/\"},{\"@type\":\"ListItem\",\"position\":2,\"name\":\"Shop\",\"item\":\"https:\/\/cozydots.com\/de\/shop\/\"},{\"@type\":\"ListItem\",\"position\":3,\"name\":\"Girlande Daisy, Bl\u00fctengirlande 250cm\"}]},{\"@type\":\"WebSite\",\"@id\":\"https:\/\/cozydots.com\/de\/#website\",\"url\":\"https:\/\/cozydots.com\/de\/\",\"name\":\"Cozydots.com\",\"description\":\"Producent namiot\u00f3w Tipi\",\"publisher\":{\"@id\":\"https:\/\/cozydots.com\/de\/#organization\"},\"potentialAction\":[{\"@type\":\"SearchAction\",\"target\":{\"@type\":\"EntryPoint\",\"urlTemplate\":\"https:\/\/cozydots.com\/de\/?s={search_term_string}\"},\"query-input\":{\"@type\":\"PropertyValueSpecification\",\"valueRequired\":true,\"valueName\":\"search_term_string\"}}],\"inLanguage\":\"de\"},{\"@type\":\"Organization\",\"@id\":\"https:\/\/cozydots.com\/de\/#organization\",\"name\":\"Cozydots.com\",\"url\":\"https:\/\/cozydots.com\/de\/\",\"logo\":{\"@type\":\"ImageObject\",\"inLanguage\":\"de\",\"@id\":\"https:\/\/cozydots.com\/de\/#\/schema\/logo\/image\/\",\"url\":\"https:\/\/cozydots.com\/wp-content\/uploads\/2021\/10\/cozyshop_logo.png\",\"contentUrl\":\"https:\/\/cozydots.com\/wp-content\/uploads\/2021\/10\/cozyshop_logo.png\",\"width\":400,\"height\":121,\"caption\":\"Cozydots.com\"},\"image\":{\"@id\":\"https:\/\/cozydots.com\/de\/#\/schema\/logo\/image\/\"}}]}<\/script>\n<!-- \/ Yoast SEO plugin. -->","yoast_head_json":{"title":"Girlande Daisy, Bl\u00fctengirlande 250cm - Cozydots.com","robots":{"index":"index","follow":"follow","max-snippet":"max-snippet:-1","max-image-preview":"max-image-preview:large","max-video-preview":"max-video-preview:-1"},"canonical":"https:\/\/cozydots.com\/de\/produkt\/girlande-daisy-bluetengirlande-250cm\/","og_locale":"de_DE","og_type":"article","og_title":"Girlande Daisy, Bl\u00fctengirlande 250cm - Cozydots.com","og_description":"Die G\u00e4nsebl\u00fcmchen-Girlande ist eine sch\u00f6ne Innendekoration.","og_url":"https:\/\/cozydots.com\/de\/produkt\/girlande-daisy-bluetengirlande-250cm\/","og_site_name":"Cozydots.com","article_modified_time":"2023-04-12T11:15:54+00:00","og_image":[{"width":2000,"height":1349,"url":"https:\/\/cozydots.com\/wp-content\/uploads\/2023\/03\/garland-daisy-flowers.jpg","type":"image\/jpeg"}],"twitter_card":"summary_large_image","twitter_misc":{"Gesch\u00e4tzte Lesezeit":"1\u00a0Minute"},"schema":{"@context":"https:\/\/schema.org","@graph":[{"@type":"WebPage","@id":"https:\/\/cozydots.com\/de\/produkt\/girlande-daisy-bluetengirlande-250cm\/","url":"https:\/\/cozydots.com\/de\/produkt\/girlande-daisy-bluetengirlande-250cm\/","name":"Girlande Daisy, Bl\u00fctengirlande 250cm - Cozydots.com","isPartOf":{"@id":"https:\/\/cozydots.com\/de\/#website"},"primaryImageOfPage":{"@id":"https:\/\/cozydots.com\/de\/produkt\/girlande-daisy-bluetengirlande-250cm\/#primaryimage"},"image":{"@id":"https:\/\/cozydots.com\/de\/produkt\/girlande-daisy-bluetengirlande-250cm\/#primaryimage"},"thumbnailUrl":"https:\/\/cozydots.com\/wp-content\/uploads\/2023\/03\/garland-daisy-flowers.jpg","datePublished":"2023-04-12T11:14:44+00:00","dateModified":"2023-04-12T11:15:54+00:00","breadcrumb":{"@id":"https:\/\/cozydots.com\/de\/produkt\/girlande-daisy-bluetengirlande-250cm\/#breadcrumb"},"inLanguage":"de","potentialAction":[{"@type":"ReadAction","target":["https:\/\/cozydots.com\/de\/produkt\/girlande-daisy-bluetengirlande-250cm\/"]}]},{"@type":"ImageObject","inLanguage":"de","@id":"https:\/\/cozydots.com\/de\/produkt\/girlande-daisy-bluetengirlande-250cm\/#primaryimage","url":"https:\/\/cozydots.com\/wp-content\/uploads\/2023\/03\/garland-daisy-flowers.jpg","contentUrl":"https:\/\/cozydots.com\/wp-content\/uploads\/2023\/03\/garland-daisy-flowers.jpg","width":2000,"height":1349},{"@type":"BreadcrumbList","@id":"https:\/\/cozydots.com\/de\/produkt\/girlande-daisy-bluetengirlande-250cm\/#breadcrumb","itemListElement":[{"@type":"ListItem","position":1,"name":"Strona g\u0142\u00f3wna","item":"https:\/\/cozydots.com\/de\/"},{"@type":"ListItem","position":2,"name":"Shop","item":"https:\/\/cozydots.com\/de\/shop\/"},{"@type":"ListItem","position":3,"name":"Girlande Daisy, Bl\u00fctengirlande 250cm"}]},{"@type":"WebSite","@id":"https:\/\/cozydots.com\/de\/#website","url":"https:\/\/cozydots.com\/de\/","name":"Cozydots.com","description":"Producent namiot\u00f3w Tipi","publisher":{"@id":"https:\/\/cozydots.com\/de\/#organization"},"potentialAction":[{"@type":"SearchAction","target":{"@type":"EntryPoint","urlTemplate":"https:\/\/cozydots.com\/de\/?s={search_term_string}"},"query-input":{"@type":"PropertyValueSpecification","valueRequired":true,"valueName":"search_term_string"}}],"inLanguage":"de"},{"@type":"Organization","@id":"https:\/\/cozydots.com\/de\/#organization","name":"Cozydots.com","url":"https:\/\/cozydots.com\/de\/","logo":{"@type":"ImageObject","inLanguage":"de","@id":"https:\/\/cozydots.com\/de\/#\/schema\/logo\/image\/","url":"https:\/\/cozydots.com\/wp-content\/uploads\/2021\/10\/cozyshop_logo.png","contentUrl":"https:\/\/cozydots.com\/wp-content\/uploads\/2021\/10\/cozyshop_logo.png","width":400,"height":121,"caption":"Cozydots.com"},"image":{"@id":"https:\/\/cozydots.com\/de\/#\/schema\/logo\/image\/"}}]}},"_links":{"self":[{"href":"https:\/\/cozydots.com\/de\/wp-json\/wp\/v2\/product\/55128","targetHints":{"allow":["GET"]}}],"collection":[{"href":"https:\/\/cozydots.com\/de\/wp-json\/wp\/v2\/product"}],"about":[{"href":"https:\/\/cozydots.com\/de\/wp-json\/wp\/v2\/types\/product"}],"replies":[{"embeddable":true,"href":"https:\/\/cozydots.com\/de\/wp-json\/wp\/v2\/comments?post=55128"}],"wp:featuredmedia":[{"embeddable":true,"href":"https:\/\/cozydots.com\/de\/wp-json\/wp\/v2\/media\/54772"}],"wp:attachment":[{"href":"https:\/\/cozydots.com\/de\/wp-json\/wp\/v2\/media?parent=55128"}],"wp:term":[{"taxonomy":"product_brand","embeddable":true,"href":"https:\/\/cozydots.com\/de\/wp-json\/wp\/v2\/product_brand?post=55128"},{"taxonomy":"product_cat","embeddable":true,"href":"https:\/\/cozydots.com\/de\/wp-json\/wp\/v2\/product_cat?post=55128"},{"taxonomy":"product_tag","embeddable":true,"href":"https:\/\/cozydots.com\/de\/wp-json\/wp\/v2\/product_tag?post=55128"}],"curies":[{"name":"wp","href":"https:\/\/api.w.org\/{rel}","templated":true}]}}