{"id":55137,"date":"2023-04-12T13:55:18","date_gmt":"2023-04-12T12:23:40","guid":{"rendered":"https:\/\/cozydots.com\/?post_type=product&#038;p=55137"},"modified":"2023-04-12T14:23:40","modified_gmt":"2023-04-12T12:23:40","slug":"blumenkissen-grosses-gaensebluemchenkissen-gelb","status":"publish","type":"product","link":"https:\/\/cozydots.com\/de\/produkt\/blumenkissen-grosses-gaensebluemchenkissen-gelb\/","title":{"rendered":"Blumenkissen, gro\u00dfes G\u00e4nsebl\u00fcmchenkissen &#8211; gelb"},"content":{"rendered":"<h3>Blumenf\u00f6rmiges Kissen &#8211; Samt G\u00e4nsebl\u00fcmchen 62\u00d762 cm gelb und wei\u00df.<\/h3>\n<p>Ohne was k\u00f6nnen wir uns den Fr\u00fchling nicht vorstellen? Nat\u00fcrlich ohne sch\u00f6ne und einzigartige G\u00e4nsebl\u00fcmchen.<\/p>\n<p>Und es ist am besten, wenn diese G\u00e4nsebl\u00fcmchen Kissen weich und angenehm anzufassen sind!<\/p>\n<p><strong>Kissen aus der Daisy-Kollektion sind eine sch\u00f6ne Erg\u00e4nzung f\u00fcr jeden Raum. Es wird sowohl das Schlafzimmer als auch das Wohnzimmer und das Kinderzimmer schm\u00fccken.<\/strong><\/p>\n<p>Jeder findet etwas f\u00fcr sich.<\/p>\n<p>Du kannst deine Finger nicht von Daisys Kissen lassen! Es ist aus sehr weichem Samt. Dieses Material macht die Verwendung des Kissens zu einem \u00e4u\u00dferst angenehmen Erlebnis. Ihr Kind wird es sicherlich lieben, damit zu kuscheln und es f\u00fcr alle Nickerchen mitzunehmen<\/p>\n<p>Sie k\u00f6nnen Blumen in verschiedenen Farben w\u00e4hlen: wei\u00df, gelb, dunkelrosa, hellrosa, grau, violett und beige.<\/p>\n<p><span class=\"Apple-converted-space\">\u00a0 <\/span>Ma\u00dfe:<\/p>\n<ul>\n<li>62 x 62 cm<\/li>\n<\/ul>\n<p>Komposition:<\/p>\n<ul>\n<li>100 % Samt (CE-Zertifikat)<\/li>\n<li><span style=\"color: #555555\">Kissenf\u00fcllung &#8211; Silikonkugel, antiallergisch.<\/span><\/li>\n<\/ul>\n<p>Waschen:<\/p>\n<ul>\n<li>Maschinenwaschbar bei 40 Grad,<\/li>\n<li><span style=\"color: #555555\">Spinnen &#8211; 800 Umdrehungen,<\/span><\/li>\n<li><span style=\"color: #555555\">nicht chemisch reinigen, nicht bleichen,<\/span><\/li>\n<li><span style=\"color: #555555\">Nach dem Waschen sch\u00fctteln, um die F\u00fcllung anzuordnen,<\/span><\/li>\n<li><span style=\"color: #555555\">auf einer ebenen Fl\u00e4che trocknen.<\/span><\/li>\n<\/ul>\n","protected":false},"excerpt":{"rendered":"<p>Gro\u00dfes und weiches Dekokissen aus Samt Daisy 62x62cm. Es sieht auf dem Sofa und Sessel wundersch\u00f6n aus.<\/p>\n","protected":false},"featured_media":54646,"comment_status":"open","ping_status":"closed","template":"","meta":[],"product_brand":[],"product_cat":[104],"product_tag":[],"class_list":{"0":"post-55137","1":"product","2":"type-product","3":"status-publish","4":"has-post-thumbnail","6":"product_cat-kissen-puffs","8":"first","9":"instock","10":"taxable","11":"shipping-taxable","12":"product-type-simple"},"yoast_head":"<!-- This site is optimized with the Yoast SEO plugin v27.0 - https:\/\/yoast.com\/product\/yoast-seo-wordpress\/ -->\n<title>Blumenkissen, gro\u00dfes G\u00e4nsebl\u00fcmchenkissen - gelb - Cozydots.com<\/title>\n<meta name=\"description\" content=\"Gro\u00dfes und weiches Dekokissen aus Samt Daisy 62x62cm. Es sieht auf dem Sofa und Sessel wundersch\u00f6n aus.\" \/>\n<meta name=\"robots\" content=\"index, follow, max-snippet:-1, max-image-preview:large, max-video-preview:-1\" \/>\n<link rel=\"canonical\" href=\"https:\/\/cozydots.com\/de\/produkt\/blumenkissen-grosses-gaensebluemchenkissen-gelb\/\" \/>\n<meta property=\"og:locale\" content=\"de_DE\" \/>\n<meta property=\"og:type\" content=\"article\" \/>\n<meta property=\"og:title\" content=\"Blumenkissen, gro\u00dfes G\u00e4nsebl\u00fcmchenkissen - gelb - Cozydots.com\" \/>\n<meta property=\"og:description\" content=\"Gro\u00dfes und weiches Dekokissen aus Samt Daisy 62x62cm. Es sieht auf dem Sofa und Sessel wundersch\u00f6n aus.\" \/>\n<meta property=\"og:url\" content=\"https:\/\/cozydots.com\/de\/produkt\/blumenkissen-grosses-gaensebluemchenkissen-gelb\/\" \/>\n<meta property=\"og:site_name\" content=\"Cozydots.com\" \/>\n<meta property=\"og:image\" content=\"https:\/\/cozydots.com\/wp-content\/uploads\/2023\/03\/bed-pillows-flower.jpg\" \/>\n\t<meta property=\"og:image:width\" content=\"2000\" \/>\n\t<meta property=\"og:image:height\" content=\"2000\" \/>\n\t<meta property=\"og:image:type\" content=\"image\/jpeg\" \/>\n<meta name=\"twitter:card\" content=\"summary_large_image\" \/>\n<meta name=\"twitter:label1\" content=\"Gesch\u00e4tzte Lesezeit\" \/>\n\t<meta name=\"twitter:data1\" content=\"1\u00a0Minute\" \/>\n<script type=\"application\/ld+json\" class=\"yoast-schema-graph\">{\"@context\":\"https:\/\/schema.org\",\"@graph\":[{\"@type\":\"WebPage\",\"@id\":\"https:\/\/cozydots.com\/de\/produkt\/blumenkissen-grosses-gaensebluemchenkissen-gelb\/\",\"url\":\"https:\/\/cozydots.com\/de\/produkt\/blumenkissen-grosses-gaensebluemchenkissen-gelb\/\",\"name\":\"Blumenkissen, gro\u00dfes G\u00e4nsebl\u00fcmchenkissen - gelb - Cozydots.com\",\"isPartOf\":{\"@id\":\"https:\/\/cozydots.com\/de\/#website\"},\"primaryImageOfPage\":{\"@id\":\"https:\/\/cozydots.com\/de\/produkt\/blumenkissen-grosses-gaensebluemchenkissen-gelb\/#primaryimage\"},\"image\":{\"@id\":\"https:\/\/cozydots.com\/de\/produkt\/blumenkissen-grosses-gaensebluemchenkissen-gelb\/#primaryimage\"},\"thumbnailUrl\":\"https:\/\/cozydots.com\/wp-content\/uploads\/2023\/03\/bed-pillows-flower.jpg\",\"datePublished\":\"2023-04-12T12:23:40+00:00\",\"description\":\"Gro\u00dfes und weiches Dekokissen aus Samt Daisy 62x62cm. Es sieht auf dem Sofa und Sessel wundersch\u00f6n aus.\",\"breadcrumb\":{\"@id\":\"https:\/\/cozydots.com\/de\/produkt\/blumenkissen-grosses-gaensebluemchenkissen-gelb\/#breadcrumb\"},\"inLanguage\":\"de\",\"potentialAction\":[{\"@type\":\"ReadAction\",\"target\":[\"https:\/\/cozydots.com\/de\/produkt\/blumenkissen-grosses-gaensebluemchenkissen-gelb\/\"]}]},{\"@type\":\"ImageObject\",\"inLanguage\":\"de\",\"@id\":\"https:\/\/cozydots.com\/de\/produkt\/blumenkissen-grosses-gaensebluemchenkissen-gelb\/#primaryimage\",\"url\":\"https:\/\/cozydots.com\/wp-content\/uploads\/2023\/03\/bed-pillows-flower.jpg\",\"contentUrl\":\"https:\/\/cozydots.com\/wp-content\/uploads\/2023\/03\/bed-pillows-flower.jpg\",\"width\":2000,\"height\":2000},{\"@type\":\"BreadcrumbList\",\"@id\":\"https:\/\/cozydots.com\/de\/produkt\/blumenkissen-grosses-gaensebluemchenkissen-gelb\/#breadcrumb\",\"itemListElement\":[{\"@type\":\"ListItem\",\"position\":1,\"name\":\"Strona g\u0142\u00f3wna\",\"item\":\"https:\/\/cozydots.com\/de\/\"},{\"@type\":\"ListItem\",\"position\":2,\"name\":\"Shop\",\"item\":\"https:\/\/cozydots.com\/de\/shop\/\"},{\"@type\":\"ListItem\",\"position\":3,\"name\":\"Blumenkissen, gro\u00dfes G\u00e4nsebl\u00fcmchenkissen &#8211; gelb\"}]},{\"@type\":\"WebSite\",\"@id\":\"https:\/\/cozydots.com\/de\/#website\",\"url\":\"https:\/\/cozydots.com\/de\/\",\"name\":\"Cozydots.com\",\"description\":\"Producent namiot\u00f3w Tipi\",\"publisher\":{\"@id\":\"https:\/\/cozydots.com\/de\/#organization\"},\"potentialAction\":[{\"@type\":\"SearchAction\",\"target\":{\"@type\":\"EntryPoint\",\"urlTemplate\":\"https:\/\/cozydots.com\/de\/?s={search_term_string}\"},\"query-input\":{\"@type\":\"PropertyValueSpecification\",\"valueRequired\":true,\"valueName\":\"search_term_string\"}}],\"inLanguage\":\"de\"},{\"@type\":\"Organization\",\"@id\":\"https:\/\/cozydots.com\/de\/#organization\",\"name\":\"Cozydots.com\",\"url\":\"https:\/\/cozydots.com\/de\/\",\"logo\":{\"@type\":\"ImageObject\",\"inLanguage\":\"de\",\"@id\":\"https:\/\/cozydots.com\/de\/#\/schema\/logo\/image\/\",\"url\":\"https:\/\/cozydots.com\/wp-content\/uploads\/2021\/10\/cozyshop_logo.png\",\"contentUrl\":\"https:\/\/cozydots.com\/wp-content\/uploads\/2021\/10\/cozyshop_logo.png\",\"width\":400,\"height\":121,\"caption\":\"Cozydots.com\"},\"image\":{\"@id\":\"https:\/\/cozydots.com\/de\/#\/schema\/logo\/image\/\"}}]}<\/script>\n<!-- \/ Yoast SEO plugin. -->","yoast_head_json":{"title":"Blumenkissen, gro\u00dfes G\u00e4nsebl\u00fcmchenkissen - gelb - Cozydots.com","description":"Gro\u00dfes und weiches Dekokissen aus Samt Daisy 62x62cm. Es sieht auf dem Sofa und Sessel wundersch\u00f6n aus.","robots":{"index":"index","follow":"follow","max-snippet":"max-snippet:-1","max-image-preview":"max-image-preview:large","max-video-preview":"max-video-preview:-1"},"canonical":"https:\/\/cozydots.com\/de\/produkt\/blumenkissen-grosses-gaensebluemchenkissen-gelb\/","og_locale":"de_DE","og_type":"article","og_title":"Blumenkissen, gro\u00dfes G\u00e4nsebl\u00fcmchenkissen - gelb - Cozydots.com","og_description":"Gro\u00dfes und weiches Dekokissen aus Samt Daisy 62x62cm. Es sieht auf dem Sofa und Sessel wundersch\u00f6n aus.","og_url":"https:\/\/cozydots.com\/de\/produkt\/blumenkissen-grosses-gaensebluemchenkissen-gelb\/","og_site_name":"Cozydots.com","og_image":[{"width":2000,"height":2000,"url":"https:\/\/cozydots.com\/wp-content\/uploads\/2023\/03\/bed-pillows-flower.jpg","type":"image\/jpeg"}],"twitter_card":"summary_large_image","twitter_misc":{"Gesch\u00e4tzte Lesezeit":"1\u00a0Minute"},"schema":{"@context":"https:\/\/schema.org","@graph":[{"@type":"WebPage","@id":"https:\/\/cozydots.com\/de\/produkt\/blumenkissen-grosses-gaensebluemchenkissen-gelb\/","url":"https:\/\/cozydots.com\/de\/produkt\/blumenkissen-grosses-gaensebluemchenkissen-gelb\/","name":"Blumenkissen, gro\u00dfes G\u00e4nsebl\u00fcmchenkissen - gelb - Cozydots.com","isPartOf":{"@id":"https:\/\/cozydots.com\/de\/#website"},"primaryImageOfPage":{"@id":"https:\/\/cozydots.com\/de\/produkt\/blumenkissen-grosses-gaensebluemchenkissen-gelb\/#primaryimage"},"image":{"@id":"https:\/\/cozydots.com\/de\/produkt\/blumenkissen-grosses-gaensebluemchenkissen-gelb\/#primaryimage"},"thumbnailUrl":"https:\/\/cozydots.com\/wp-content\/uploads\/2023\/03\/bed-pillows-flower.jpg","datePublished":"2023-04-12T12:23:40+00:00","description":"Gro\u00dfes und weiches Dekokissen aus Samt Daisy 62x62cm. Es sieht auf dem Sofa und Sessel wundersch\u00f6n aus.","breadcrumb":{"@id":"https:\/\/cozydots.com\/de\/produkt\/blumenkissen-grosses-gaensebluemchenkissen-gelb\/#breadcrumb"},"inLanguage":"de","potentialAction":[{"@type":"ReadAction","target":["https:\/\/cozydots.com\/de\/produkt\/blumenkissen-grosses-gaensebluemchenkissen-gelb\/"]}]},{"@type":"ImageObject","inLanguage":"de","@id":"https:\/\/cozydots.com\/de\/produkt\/blumenkissen-grosses-gaensebluemchenkissen-gelb\/#primaryimage","url":"https:\/\/cozydots.com\/wp-content\/uploads\/2023\/03\/bed-pillows-flower.jpg","contentUrl":"https:\/\/cozydots.com\/wp-content\/uploads\/2023\/03\/bed-pillows-flower.jpg","width":2000,"height":2000},{"@type":"BreadcrumbList","@id":"https:\/\/cozydots.com\/de\/produkt\/blumenkissen-grosses-gaensebluemchenkissen-gelb\/#breadcrumb","itemListElement":[{"@type":"ListItem","position":1,"name":"Strona g\u0142\u00f3wna","item":"https:\/\/cozydots.com\/de\/"},{"@type":"ListItem","position":2,"name":"Shop","item":"https:\/\/cozydots.com\/de\/shop\/"},{"@type":"ListItem","position":3,"name":"Blumenkissen, gro\u00dfes G\u00e4nsebl\u00fcmchenkissen &#8211; gelb"}]},{"@type":"WebSite","@id":"https:\/\/cozydots.com\/de\/#website","url":"https:\/\/cozydots.com\/de\/","name":"Cozydots.com","description":"Producent namiot\u00f3w Tipi","publisher":{"@id":"https:\/\/cozydots.com\/de\/#organization"},"potentialAction":[{"@type":"SearchAction","target":{"@type":"EntryPoint","urlTemplate":"https:\/\/cozydots.com\/de\/?s={search_term_string}"},"query-input":{"@type":"PropertyValueSpecification","valueRequired":true,"valueName":"search_term_string"}}],"inLanguage":"de"},{"@type":"Organization","@id":"https:\/\/cozydots.com\/de\/#organization","name":"Cozydots.com","url":"https:\/\/cozydots.com\/de\/","logo":{"@type":"ImageObject","inLanguage":"de","@id":"https:\/\/cozydots.com\/de\/#\/schema\/logo\/image\/","url":"https:\/\/cozydots.com\/wp-content\/uploads\/2021\/10\/cozyshop_logo.png","contentUrl":"https:\/\/cozydots.com\/wp-content\/uploads\/2021\/10\/cozyshop_logo.png","width":400,"height":121,"caption":"Cozydots.com"},"image":{"@id":"https:\/\/cozydots.com\/de\/#\/schema\/logo\/image\/"}}]}},"_links":{"self":[{"href":"https:\/\/cozydots.com\/de\/wp-json\/wp\/v2\/product\/55137","targetHints":{"allow":["GET"]}}],"collection":[{"href":"https:\/\/cozydots.com\/de\/wp-json\/wp\/v2\/product"}],"about":[{"href":"https:\/\/cozydots.com\/de\/wp-json\/wp\/v2\/types\/product"}],"replies":[{"embeddable":true,"href":"https:\/\/cozydots.com\/de\/wp-json\/wp\/v2\/comments?post=55137"}],"wp:featuredmedia":[{"embeddable":true,"href":"https:\/\/cozydots.com\/de\/wp-json\/wp\/v2\/media\/54646"}],"wp:attachment":[{"href":"https:\/\/cozydots.com\/de\/wp-json\/wp\/v2\/media?parent=55137"}],"wp:term":[{"taxonomy":"product_brand","embeddable":true,"href":"https:\/\/cozydots.com\/de\/wp-json\/wp\/v2\/product_brand?post=55137"},{"taxonomy":"product_cat","embeddable":true,"href":"https:\/\/cozydots.com\/de\/wp-json\/wp\/v2\/product_cat?post=55137"},{"taxonomy":"product_tag","embeddable":true,"href":"https:\/\/cozydots.com\/de\/wp-json\/wp\/v2\/product_tag?post=55137"}],"curies":[{"name":"wp","href":"https:\/\/api.w.org\/{rel}","templated":true}]}}