{"id":55357,"date":"2023-05-21T22:31:19","date_gmt":"2023-05-21T20:31:20","guid":{"rendered":"https:\/\/cozydots.com\/?post_type=product&#038;p=55357"},"modified":"2023-05-21T22:40:34","modified_gmt":"2023-05-21T20:40:34","slug":"blumenkissen-daisy-flower-dunkelpink-samtkissen-gaensebluemchen","status":"publish","type":"product","link":"https:\/\/cozydots.com\/de\/produkt\/blumenkissen-daisy-flower-dunkelpink-samtkissen-gaensebluemchen\/","title":{"rendered":"Blumenkissen, Daisy Flower dunkelpink Samtkissen G\u00e4nsebl\u00fcmchen"},"content":{"rendered":"<h3 style=\"text-align: left\"><img loading=\"lazy\" decoding=\"async\" class=\"alignnone size-medium wp-image-55311 alignright\" src=\"https:\/\/cozydots.com\/wp-content\/uploads\/2023\/05\/pion-poduszki-kwiatki-400x400.jpeg\" alt=\"\" width=\"400\" height=\"400\" srcset=\"https:\/\/cozydots.com\/wp-content\/uploads\/2023\/05\/pion-poduszki-kwiatki-400x400.jpeg 400w, https:\/\/cozydots.com\/wp-content\/uploads\/2023\/05\/pion-poduszki-kwiatki.jpeg 1200w, https:\/\/cozydots.com\/wp-content\/uploads\/2023\/05\/pion-poduszki-kwiatki-150x150.jpeg 150w, https:\/\/cozydots.com\/wp-content\/uploads\/2023\/05\/pion-poduszki-kwiatki-768x768.jpeg 768w, https:\/\/cozydots.com\/wp-content\/uploads\/2023\/05\/pion-poduszki-kwiatki-470x470.jpeg 470w, https:\/\/cozydots.com\/wp-content\/uploads\/2023\/05\/pion-poduszki-kwiatki-800x800.jpeg 800w, https:\/\/cozydots.com\/wp-content\/uploads\/2023\/05\/pion-poduszki-kwiatki-100x100.jpeg 100w\" sizes=\"auto, (max-width: 400px) 100vw, 400px\" \/><\/h3>\n<h3 style=\"text-align: left\">Blumensamtkissen G\u00e4nsebl\u00fcmchen<\/h3>\n<p>Ohne was k\u00f6nnen wir uns den Fr\u00fchling nicht vorstellen? Nat\u00fcrlich ohne sch\u00f6ne und einzigartige G\u00e4nsebl\u00fcmchen.<\/p>\n<p>Und es ist am besten, wenn diese G\u00e4nsebl\u00fcmchen weich sind und sich angenehm anf\u00fchlen!<\/p>\n<p><strong>Kissen aus der Daisy-Kollektion sind eine sch\u00f6ne Erg\u00e4nzung f\u00fcr jeden Raum. Es wird sowohl das Schlafzimmer als auch das Wohnzimmer und das Kinderzimmer schm\u00fccken.<\/strong><\/p>\n<p>Jeder findet etwas f\u00fcr sich.<\/p>\n<p>Du kannst deine H\u00e4nde nicht von Daisys Kissen lassen! Es ist aus sehr weichem Samt. Dieses Material macht die Verwendung des Kissens zu einem \u00e4u\u00dferst angenehmen Erlebnis. Ihr Kind wird es sicherlich lieben, damit zu kuscheln und es f\u00fcr alle Nickerchen mitzunehmen<\/p>\n<p>Sie k\u00f6nnen Blumen in verschiedenen Farben w\u00e4hlen: wei\u00df, gelb, dunkelrosa, hellrosa, grau, violett und beige.<\/p>\n<p>&nbsp;<\/p>\n<p><span class=\"Apple-converted-space\">\u00a0<\/span>Ma\u00dfe:<\/p>\n<ul>\n<li><span class=\"Apple-converted-space\">\u00a0<\/span>52&#215;52 cm<\/li>\n<\/ul>\n<p>Komposition:<\/p>\n<ul>\n<li><span class=\"Apple-converted-space\">\u00a0<\/span>100 % Samt ( Zertifikat, CE)<\/li>\n<li>\u00a0<span style=\"color: #555555\">F\u00fcllen des Kissens \u2013 Silikonkugel, antiallergisch.<\/span><\/li>\n<\/ul>\n<p>Waschen:<\/p>\n<ul>\n<li>Maschinenwaschbar bei 40 Grad,<\/li>\n<li><span style=\"color: #555555\">Schleudern \u2013 800 Umdrehungen,<\/span><\/li>\n<li><span style=\"color: #555555\">nicht chemisch reinigen, nicht bleichen,<\/span><\/li>\n<li><span style=\"color: #555555\">Nach dem Waschen sch\u00fctteln, um den Guss zu arrangieren,<\/span><\/li>\n<li><span style=\"color: #555555\">auf einer ebenen Fl\u00e4che trocknen.<\/span><\/li>\n<\/ul>\n","protected":false},"excerpt":{"rendered":"<p>Ein gro\u00dfes und weiches dekoratives Velvet dunkelpink Blumenkissen 52&#215;52 cm. Es sieht auf dem Sofa und Sessel wundersch\u00f6n aus.<\/p>\n","protected":false},"featured_media":55255,"comment_status":"open","ping_status":"closed","template":"","meta":[],"product_brand":[],"product_cat":[104],"product_tag":[],"class_list":{"0":"post-55357","1":"product","2":"type-product","3":"status-publish","4":"has-post-thumbnail","6":"product_cat-kissen-puffs","8":"first","9":"instock","10":"taxable","11":"shipping-taxable","12":"product-type-simple"},"yoast_head":"<!-- This site is optimized with the Yoast SEO plugin v27.0 - https:\/\/yoast.com\/product\/yoast-seo-wordpress\/ -->\n<title>Blumenkissen, Daisy Flower dunkelpink Samtkissen G\u00e4nsebl\u00fcmchen - Cozydots.com<\/title>\n<meta name=\"description\" content=\"Ein gro\u00dfes G\u00e4nsebl\u00fcmchen-Kissen, eine sch\u00f6ne Dekoration f\u00fcr ein M\u00e4dchenzimmer.\" \/>\n<meta name=\"robots\" content=\"index, follow, max-snippet:-1, max-image-preview:large, max-video-preview:-1\" \/>\n<link rel=\"canonical\" href=\"https:\/\/cozydots.com\/de\/produkt\/blumenkissen-daisy-flower-dunkelpink-samtkissen-gaensebluemchen\/\" \/>\n<meta property=\"og:locale\" content=\"de_DE\" \/>\n<meta property=\"og:type\" content=\"article\" \/>\n<meta property=\"og:title\" content=\"Blumenkissen, Daisy Flower dunkelpink Samtkissen G\u00e4nsebl\u00fcmchen - Cozydots.com\" \/>\n<meta property=\"og:description\" content=\"Ein gro\u00dfes G\u00e4nsebl\u00fcmchen-Kissen, eine sch\u00f6ne Dekoration f\u00fcr ein M\u00e4dchenzimmer.\" \/>\n<meta property=\"og:url\" content=\"https:\/\/cozydots.com\/de\/produkt\/blumenkissen-daisy-flower-dunkelpink-samtkissen-gaensebluemchen\/\" \/>\n<meta property=\"og:site_name\" content=\"Cozydots.com\" \/>\n<meta property=\"article:modified_time\" content=\"2023-05-21T20:40:34+00:00\" \/>\n<meta property=\"og:image\" content=\"https:\/\/cozydots.com\/wp-content\/uploads\/2023\/05\/flower-pillow-beige-pink-violet.jpeg\" \/>\n\t<meta property=\"og:image:width\" content=\"1200\" \/>\n\t<meta property=\"og:image:height\" content=\"1200\" \/>\n\t<meta property=\"og:image:type\" content=\"image\/jpeg\" \/>\n<meta name=\"twitter:card\" content=\"summary_large_image\" \/>\n<meta name=\"twitter:label1\" content=\"Gesch\u00e4tzte Lesezeit\" \/>\n\t<meta name=\"twitter:data1\" content=\"2\u00a0Minuten\" \/>\n<script type=\"application\/ld+json\" class=\"yoast-schema-graph\">{\"@context\":\"https:\/\/schema.org\",\"@graph\":[{\"@type\":\"WebPage\",\"@id\":\"https:\/\/cozydots.com\/de\/produkt\/blumenkissen-daisy-flower-dunkelpink-samtkissen-gaensebluemchen\/\",\"url\":\"https:\/\/cozydots.com\/de\/produkt\/blumenkissen-daisy-flower-dunkelpink-samtkissen-gaensebluemchen\/\",\"name\":\"Blumenkissen, Daisy Flower dunkelpink Samtkissen G\u00e4nsebl\u00fcmchen - Cozydots.com\",\"isPartOf\":{\"@id\":\"https:\/\/cozydots.com\/de\/#website\"},\"primaryImageOfPage\":{\"@id\":\"https:\/\/cozydots.com\/de\/produkt\/blumenkissen-daisy-flower-dunkelpink-samtkissen-gaensebluemchen\/#primaryimage\"},\"image\":{\"@id\":\"https:\/\/cozydots.com\/de\/produkt\/blumenkissen-daisy-flower-dunkelpink-samtkissen-gaensebluemchen\/#primaryimage\"},\"thumbnailUrl\":\"https:\/\/cozydots.com\/wp-content\/uploads\/2023\/05\/flower-pillow-beige-pink-violet.jpeg\",\"datePublished\":\"2023-05-21T20:31:20+00:00\",\"dateModified\":\"2023-05-21T20:40:34+00:00\",\"description\":\"Ein gro\u00dfes G\u00e4nsebl\u00fcmchen-Kissen, eine sch\u00f6ne Dekoration f\u00fcr ein M\u00e4dchenzimmer.\",\"breadcrumb\":{\"@id\":\"https:\/\/cozydots.com\/de\/produkt\/blumenkissen-daisy-flower-dunkelpink-samtkissen-gaensebluemchen\/#breadcrumb\"},\"inLanguage\":\"de\",\"potentialAction\":[{\"@type\":\"ReadAction\",\"target\":[\"https:\/\/cozydots.com\/de\/produkt\/blumenkissen-daisy-flower-dunkelpink-samtkissen-gaensebluemchen\/\"]}]},{\"@type\":\"ImageObject\",\"inLanguage\":\"de\",\"@id\":\"https:\/\/cozydots.com\/de\/produkt\/blumenkissen-daisy-flower-dunkelpink-samtkissen-gaensebluemchen\/#primaryimage\",\"url\":\"https:\/\/cozydots.com\/wp-content\/uploads\/2023\/05\/flower-pillow-beige-pink-violet.jpeg\",\"contentUrl\":\"https:\/\/cozydots.com\/wp-content\/uploads\/2023\/05\/flower-pillow-beige-pink-violet.jpeg\",\"width\":1200,\"height\":1200},{\"@type\":\"BreadcrumbList\",\"@id\":\"https:\/\/cozydots.com\/de\/produkt\/blumenkissen-daisy-flower-dunkelpink-samtkissen-gaensebluemchen\/#breadcrumb\",\"itemListElement\":[{\"@type\":\"ListItem\",\"position\":1,\"name\":\"Strona g\u0142\u00f3wna\",\"item\":\"https:\/\/cozydots.com\/de\/\"},{\"@type\":\"ListItem\",\"position\":2,\"name\":\"Shop\",\"item\":\"https:\/\/cozydots.com\/de\/shop\/\"},{\"@type\":\"ListItem\",\"position\":3,\"name\":\"Blumenkissen, Daisy Flower dunkelpink Samtkissen G\u00e4nsebl\u00fcmchen\"}]},{\"@type\":\"WebSite\",\"@id\":\"https:\/\/cozydots.com\/de\/#website\",\"url\":\"https:\/\/cozydots.com\/de\/\",\"name\":\"Cozydots.com\",\"description\":\"Producent namiot\u00f3w Tipi\",\"publisher\":{\"@id\":\"https:\/\/cozydots.com\/de\/#organization\"},\"potentialAction\":[{\"@type\":\"SearchAction\",\"target\":{\"@type\":\"EntryPoint\",\"urlTemplate\":\"https:\/\/cozydots.com\/de\/?s={search_term_string}\"},\"query-input\":{\"@type\":\"PropertyValueSpecification\",\"valueRequired\":true,\"valueName\":\"search_term_string\"}}],\"inLanguage\":\"de\"},{\"@type\":\"Organization\",\"@id\":\"https:\/\/cozydots.com\/de\/#organization\",\"name\":\"Cozydots.com\",\"url\":\"https:\/\/cozydots.com\/de\/\",\"logo\":{\"@type\":\"ImageObject\",\"inLanguage\":\"de\",\"@id\":\"https:\/\/cozydots.com\/de\/#\/schema\/logo\/image\/\",\"url\":\"https:\/\/cozydots.com\/wp-content\/uploads\/2021\/10\/cozyshop_logo.png\",\"contentUrl\":\"https:\/\/cozydots.com\/wp-content\/uploads\/2021\/10\/cozyshop_logo.png\",\"width\":400,\"height\":121,\"caption\":\"Cozydots.com\"},\"image\":{\"@id\":\"https:\/\/cozydots.com\/de\/#\/schema\/logo\/image\/\"}}]}<\/script>\n<!-- \/ Yoast SEO plugin. -->","yoast_head_json":{"title":"Blumenkissen, Daisy Flower dunkelpink Samtkissen G\u00e4nsebl\u00fcmchen - Cozydots.com","description":"Ein gro\u00dfes G\u00e4nsebl\u00fcmchen-Kissen, eine sch\u00f6ne Dekoration f\u00fcr ein M\u00e4dchenzimmer.","robots":{"index":"index","follow":"follow","max-snippet":"max-snippet:-1","max-image-preview":"max-image-preview:large","max-video-preview":"max-video-preview:-1"},"canonical":"https:\/\/cozydots.com\/de\/produkt\/blumenkissen-daisy-flower-dunkelpink-samtkissen-gaensebluemchen\/","og_locale":"de_DE","og_type":"article","og_title":"Blumenkissen, Daisy Flower dunkelpink Samtkissen G\u00e4nsebl\u00fcmchen - Cozydots.com","og_description":"Ein gro\u00dfes G\u00e4nsebl\u00fcmchen-Kissen, eine sch\u00f6ne Dekoration f\u00fcr ein M\u00e4dchenzimmer.","og_url":"https:\/\/cozydots.com\/de\/produkt\/blumenkissen-daisy-flower-dunkelpink-samtkissen-gaensebluemchen\/","og_site_name":"Cozydots.com","article_modified_time":"2023-05-21T20:40:34+00:00","og_image":[{"width":1200,"height":1200,"url":"https:\/\/cozydots.com\/wp-content\/uploads\/2023\/05\/flower-pillow-beige-pink-violet.jpeg","type":"image\/jpeg"}],"twitter_card":"summary_large_image","twitter_misc":{"Gesch\u00e4tzte Lesezeit":"2\u00a0Minuten"},"schema":{"@context":"https:\/\/schema.org","@graph":[{"@type":"WebPage","@id":"https:\/\/cozydots.com\/de\/produkt\/blumenkissen-daisy-flower-dunkelpink-samtkissen-gaensebluemchen\/","url":"https:\/\/cozydots.com\/de\/produkt\/blumenkissen-daisy-flower-dunkelpink-samtkissen-gaensebluemchen\/","name":"Blumenkissen, Daisy Flower dunkelpink Samtkissen G\u00e4nsebl\u00fcmchen - Cozydots.com","isPartOf":{"@id":"https:\/\/cozydots.com\/de\/#website"},"primaryImageOfPage":{"@id":"https:\/\/cozydots.com\/de\/produkt\/blumenkissen-daisy-flower-dunkelpink-samtkissen-gaensebluemchen\/#primaryimage"},"image":{"@id":"https:\/\/cozydots.com\/de\/produkt\/blumenkissen-daisy-flower-dunkelpink-samtkissen-gaensebluemchen\/#primaryimage"},"thumbnailUrl":"https:\/\/cozydots.com\/wp-content\/uploads\/2023\/05\/flower-pillow-beige-pink-violet.jpeg","datePublished":"2023-05-21T20:31:20+00:00","dateModified":"2023-05-21T20:40:34+00:00","description":"Ein gro\u00dfes G\u00e4nsebl\u00fcmchen-Kissen, eine sch\u00f6ne Dekoration f\u00fcr ein M\u00e4dchenzimmer.","breadcrumb":{"@id":"https:\/\/cozydots.com\/de\/produkt\/blumenkissen-daisy-flower-dunkelpink-samtkissen-gaensebluemchen\/#breadcrumb"},"inLanguage":"de","potentialAction":[{"@type":"ReadAction","target":["https:\/\/cozydots.com\/de\/produkt\/blumenkissen-daisy-flower-dunkelpink-samtkissen-gaensebluemchen\/"]}]},{"@type":"ImageObject","inLanguage":"de","@id":"https:\/\/cozydots.com\/de\/produkt\/blumenkissen-daisy-flower-dunkelpink-samtkissen-gaensebluemchen\/#primaryimage","url":"https:\/\/cozydots.com\/wp-content\/uploads\/2023\/05\/flower-pillow-beige-pink-violet.jpeg","contentUrl":"https:\/\/cozydots.com\/wp-content\/uploads\/2023\/05\/flower-pillow-beige-pink-violet.jpeg","width":1200,"height":1200},{"@type":"BreadcrumbList","@id":"https:\/\/cozydots.com\/de\/produkt\/blumenkissen-daisy-flower-dunkelpink-samtkissen-gaensebluemchen\/#breadcrumb","itemListElement":[{"@type":"ListItem","position":1,"name":"Strona g\u0142\u00f3wna","item":"https:\/\/cozydots.com\/de\/"},{"@type":"ListItem","position":2,"name":"Shop","item":"https:\/\/cozydots.com\/de\/shop\/"},{"@type":"ListItem","position":3,"name":"Blumenkissen, Daisy Flower dunkelpink Samtkissen G\u00e4nsebl\u00fcmchen"}]},{"@type":"WebSite","@id":"https:\/\/cozydots.com\/de\/#website","url":"https:\/\/cozydots.com\/de\/","name":"Cozydots.com","description":"Producent namiot\u00f3w Tipi","publisher":{"@id":"https:\/\/cozydots.com\/de\/#organization"},"potentialAction":[{"@type":"SearchAction","target":{"@type":"EntryPoint","urlTemplate":"https:\/\/cozydots.com\/de\/?s={search_term_string}"},"query-input":{"@type":"PropertyValueSpecification","valueRequired":true,"valueName":"search_term_string"}}],"inLanguage":"de"},{"@type":"Organization","@id":"https:\/\/cozydots.com\/de\/#organization","name":"Cozydots.com","url":"https:\/\/cozydots.com\/de\/","logo":{"@type":"ImageObject","inLanguage":"de","@id":"https:\/\/cozydots.com\/de\/#\/schema\/logo\/image\/","url":"https:\/\/cozydots.com\/wp-content\/uploads\/2021\/10\/cozyshop_logo.png","contentUrl":"https:\/\/cozydots.com\/wp-content\/uploads\/2021\/10\/cozyshop_logo.png","width":400,"height":121,"caption":"Cozydots.com"},"image":{"@id":"https:\/\/cozydots.com\/de\/#\/schema\/logo\/image\/"}}]}},"_links":{"self":[{"href":"https:\/\/cozydots.com\/de\/wp-json\/wp\/v2\/product\/55357","targetHints":{"allow":["GET"]}}],"collection":[{"href":"https:\/\/cozydots.com\/de\/wp-json\/wp\/v2\/product"}],"about":[{"href":"https:\/\/cozydots.com\/de\/wp-json\/wp\/v2\/types\/product"}],"replies":[{"embeddable":true,"href":"https:\/\/cozydots.com\/de\/wp-json\/wp\/v2\/comments?post=55357"}],"wp:featuredmedia":[{"embeddable":true,"href":"https:\/\/cozydots.com\/de\/wp-json\/wp\/v2\/media\/55255"}],"wp:attachment":[{"href":"https:\/\/cozydots.com\/de\/wp-json\/wp\/v2\/media?parent=55357"}],"wp:term":[{"taxonomy":"product_brand","embeddable":true,"href":"https:\/\/cozydots.com\/de\/wp-json\/wp\/v2\/product_brand?post=55357"},{"taxonomy":"product_cat","embeddable":true,"href":"https:\/\/cozydots.com\/de\/wp-json\/wp\/v2\/product_cat?post=55357"},{"taxonomy":"product_tag","embeddable":true,"href":"https:\/\/cozydots.com\/de\/wp-json\/wp\/v2\/product_tag?post=55357"}],"curies":[{"name":"wp","href":"https:\/\/api.w.org\/{rel}","templated":true}]}}