{"id":55374,"date":"2023-05-21T23:39:51","date_gmt":"2023-05-21T21:39:51","guid":{"rendered":"https:\/\/cozydots.com\/?post_type=product&#038;p=55374"},"modified":"2023-05-21T23:50:57","modified_gmt":"2023-05-21T21:50:57","slug":"samt-kinderteppich-clover-gruene-spielmatte-112x112-cm","status":"publish","type":"product","link":"https:\/\/cozydots.com\/de\/produkt\/samt-kinderteppich-clover-gruene-spielmatte-112x112-cm\/","title":{"rendered":"Samt-Kinderteppich Clover, gr\u00fcne Spielmatte 112\u00d7112 cm"},"content":{"rendered":"<p><img loading=\"lazy\" decoding=\"async\" class=\"alignnone size-medium wp-image-55325 alignright\" src=\"https:\/\/cozydots.com\/wp-content\/uploads\/2023\/05\/mata-koniczynka-400x400.jpeg\" alt=\"\" width=\"400\" height=\"400\" srcset=\"https:\/\/cozydots.com\/wp-content\/uploads\/2023\/05\/mata-koniczynka-400x400.jpeg 400w, https:\/\/cozydots.com\/wp-content\/uploads\/2023\/05\/mata-koniczynka.jpeg 1200w, https:\/\/cozydots.com\/wp-content\/uploads\/2023\/05\/mata-koniczynka-150x150.jpeg 150w, https:\/\/cozydots.com\/wp-content\/uploads\/2023\/05\/mata-koniczynka-768x768.jpeg 768w, https:\/\/cozydots.com\/wp-content\/uploads\/2023\/05\/mata-koniczynka-470x470.jpeg 470w, https:\/\/cozydots.com\/wp-content\/uploads\/2023\/05\/mata-koniczynka-800x800.jpeg 800w, https:\/\/cozydots.com\/wp-content\/uploads\/2023\/05\/mata-koniczynka-100x100.jpeg 100w\" sizes=\"auto, (max-width: 400px) 100vw, 400px\" \/><\/p>\n<p><strong>Eine weiche Matte aus dickem Samt in Form eines vierbl\u00e4ttrigen Kleeblatts<\/strong><\/p>\n<p>Die Matte eignet sich perfekt als dekoratives Element im Kinderzimmer, als weicher Teppich \u2013 als Spielmatte.<\/p>\n<p>Ma\u00dfe: 112cmx112cm<\/p>\n<p>Stoff: Samt Velours \u2013 CE<\/p>\n<p>Pflegemethode:<\/p>\n<ul>\n<li>Kein B\u00fcgeln<\/li>\n<li>Maschinenwaschbar bei 40 Grad, Schleudern \u2013 800 Umdrehungen<\/li>\n<li>Reinige chemisch nicht<\/li>\n<li>Nicht bleichen<\/li>\n<\/ul>\n<p>Entworfen und gen\u00e4ht in Polen von Cozy &amp; Dozy<\/p>\n","protected":false},"excerpt":{"rendered":"<p>Ein Spielteppich in Kleeblattform. Kleeblattmatte 112 \u00d7 112 cm aus dickem Samt.<\/p>\n","protected":false},"featured_media":55269,"comment_status":"open","ping_status":"closed","template":"","meta":[],"product_brand":[],"product_cat":[107],"product_tag":[],"class_list":{"0":"post-55374","1":"product","2":"type-product","3":"status-publish","4":"has-post-thumbnail","6":"product_cat-spielsack-and-spielmatte","8":"first","9":"instock","10":"taxable","11":"shipping-taxable","12":"product-type-simple"},"yoast_head":"<!-- This site is optimized with the Yoast SEO plugin v27.0 - https:\/\/yoast.com\/product\/yoast-seo-wordpress\/ -->\n<title>Samt-Kinderteppich Clover, gr\u00fcne Spielmatte 112\u00d7112 cm - Cozydots.com<\/title>\n<meta name=\"description\" content=\"Ein Spielteppich in Kleeblattform. Kleeblattmatte 112 \u00d7 112 cm aus dickem Samt.\" \/>\n<meta name=\"robots\" content=\"index, follow, max-snippet:-1, max-image-preview:large, max-video-preview:-1\" \/>\n<link rel=\"canonical\" href=\"https:\/\/cozydots.com\/de\/produkt\/samt-kinderteppich-clover-gruene-spielmatte-112x112-cm\/\" \/>\n<meta property=\"og:locale\" content=\"de_DE\" \/>\n<meta property=\"og:type\" content=\"article\" \/>\n<meta property=\"og:title\" content=\"Samt-Kinderteppich Clover, gr\u00fcne Spielmatte 112\u00d7112 cm - Cozydots.com\" \/>\n<meta property=\"og:description\" content=\"Ein Spielteppich in Kleeblattform. Kleeblattmatte 112 \u00d7 112 cm aus dickem Samt.\" \/>\n<meta property=\"og:url\" content=\"https:\/\/cozydots.com\/de\/produkt\/samt-kinderteppich-clover-gruene-spielmatte-112x112-cm\/\" \/>\n<meta property=\"og:site_name\" content=\"Cozydots.com\" \/>\n<meta property=\"article:modified_time\" content=\"2023-05-21T21:50:57+00:00\" \/>\n<meta property=\"og:image\" content=\"https:\/\/cozydots.com\/wp-content\/uploads\/2023\/05\/koniczyna-poduszka-mata.jpeg\" \/>\n\t<meta property=\"og:image:width\" content=\"1200\" \/>\n\t<meta property=\"og:image:height\" content=\"1200\" \/>\n\t<meta property=\"og:image:type\" content=\"image\/jpeg\" \/>\n<meta name=\"twitter:card\" content=\"summary_large_image\" \/>\n<meta name=\"twitter:label1\" content=\"Gesch\u00e4tzte Lesezeit\" \/>\n\t<meta name=\"twitter:data1\" content=\"1\u00a0Minute\" \/>\n<script type=\"application\/ld+json\" class=\"yoast-schema-graph\">{\"@context\":\"https:\/\/schema.org\",\"@graph\":[{\"@type\":\"WebPage\",\"@id\":\"https:\/\/cozydots.com\/de\/produkt\/samt-kinderteppich-clover-gruene-spielmatte-112x112-cm\/\",\"url\":\"https:\/\/cozydots.com\/de\/produkt\/samt-kinderteppich-clover-gruene-spielmatte-112x112-cm\/\",\"name\":\"Samt-Kinderteppich Clover, gr\u00fcne Spielmatte 112\u00d7112 cm - Cozydots.com\",\"isPartOf\":{\"@id\":\"https:\/\/cozydots.com\/de\/#website\"},\"primaryImageOfPage\":{\"@id\":\"https:\/\/cozydots.com\/de\/produkt\/samt-kinderteppich-clover-gruene-spielmatte-112x112-cm\/#primaryimage\"},\"image\":{\"@id\":\"https:\/\/cozydots.com\/de\/produkt\/samt-kinderteppich-clover-gruene-spielmatte-112x112-cm\/#primaryimage\"},\"thumbnailUrl\":\"https:\/\/cozydots.com\/wp-content\/uploads\/2023\/05\/koniczyna-poduszka-mata.jpeg\",\"datePublished\":\"2023-05-21T21:39:51+00:00\",\"dateModified\":\"2023-05-21T21:50:57+00:00\",\"description\":\"Ein Spielteppich in Kleeblattform. Kleeblattmatte 112 \u00d7 112 cm aus dickem Samt.\",\"breadcrumb\":{\"@id\":\"https:\/\/cozydots.com\/de\/produkt\/samt-kinderteppich-clover-gruene-spielmatte-112x112-cm\/#breadcrumb\"},\"inLanguage\":\"de\",\"potentialAction\":[{\"@type\":\"ReadAction\",\"target\":[\"https:\/\/cozydots.com\/de\/produkt\/samt-kinderteppich-clover-gruene-spielmatte-112x112-cm\/\"]}]},{\"@type\":\"ImageObject\",\"inLanguage\":\"de\",\"@id\":\"https:\/\/cozydots.com\/de\/produkt\/samt-kinderteppich-clover-gruene-spielmatte-112x112-cm\/#primaryimage\",\"url\":\"https:\/\/cozydots.com\/wp-content\/uploads\/2023\/05\/koniczyna-poduszka-mata.jpeg\",\"contentUrl\":\"https:\/\/cozydots.com\/wp-content\/uploads\/2023\/05\/koniczyna-poduszka-mata.jpeg\",\"width\":1200,\"height\":1200},{\"@type\":\"BreadcrumbList\",\"@id\":\"https:\/\/cozydots.com\/de\/produkt\/samt-kinderteppich-clover-gruene-spielmatte-112x112-cm\/#breadcrumb\",\"itemListElement\":[{\"@type\":\"ListItem\",\"position\":1,\"name\":\"Strona g\u0142\u00f3wna\",\"item\":\"https:\/\/cozydots.com\/de\/\"},{\"@type\":\"ListItem\",\"position\":2,\"name\":\"Shop\",\"item\":\"https:\/\/cozydots.com\/de\/shop\/\"},{\"@type\":\"ListItem\",\"position\":3,\"name\":\"Samt-Kinderteppich Clover, gr\u00fcne Spielmatte 112\u00d7112 cm\"}]},{\"@type\":\"WebSite\",\"@id\":\"https:\/\/cozydots.com\/de\/#website\",\"url\":\"https:\/\/cozydots.com\/de\/\",\"name\":\"Cozydots.com\",\"description\":\"Producent namiot\u00f3w Tipi\",\"publisher\":{\"@id\":\"https:\/\/cozydots.com\/de\/#organization\"},\"potentialAction\":[{\"@type\":\"SearchAction\",\"target\":{\"@type\":\"EntryPoint\",\"urlTemplate\":\"https:\/\/cozydots.com\/de\/?s={search_term_string}\"},\"query-input\":{\"@type\":\"PropertyValueSpecification\",\"valueRequired\":true,\"valueName\":\"search_term_string\"}}],\"inLanguage\":\"de\"},{\"@type\":\"Organization\",\"@id\":\"https:\/\/cozydots.com\/de\/#organization\",\"name\":\"Cozydots.com\",\"url\":\"https:\/\/cozydots.com\/de\/\",\"logo\":{\"@type\":\"ImageObject\",\"inLanguage\":\"de\",\"@id\":\"https:\/\/cozydots.com\/de\/#\/schema\/logo\/image\/\",\"url\":\"https:\/\/cozydots.com\/wp-content\/uploads\/2021\/10\/cozyshop_logo.png\",\"contentUrl\":\"https:\/\/cozydots.com\/wp-content\/uploads\/2021\/10\/cozyshop_logo.png\",\"width\":400,\"height\":121,\"caption\":\"Cozydots.com\"},\"image\":{\"@id\":\"https:\/\/cozydots.com\/de\/#\/schema\/logo\/image\/\"}}]}<\/script>\n<!-- \/ Yoast SEO plugin. -->","yoast_head_json":{"title":"Samt-Kinderteppich Clover, gr\u00fcne Spielmatte 112\u00d7112 cm - Cozydots.com","description":"Ein Spielteppich in Kleeblattform. Kleeblattmatte 112 \u00d7 112 cm aus dickem Samt.","robots":{"index":"index","follow":"follow","max-snippet":"max-snippet:-1","max-image-preview":"max-image-preview:large","max-video-preview":"max-video-preview:-1"},"canonical":"https:\/\/cozydots.com\/de\/produkt\/samt-kinderteppich-clover-gruene-spielmatte-112x112-cm\/","og_locale":"de_DE","og_type":"article","og_title":"Samt-Kinderteppich Clover, gr\u00fcne Spielmatte 112\u00d7112 cm - Cozydots.com","og_description":"Ein Spielteppich in Kleeblattform. Kleeblattmatte 112 \u00d7 112 cm aus dickem Samt.","og_url":"https:\/\/cozydots.com\/de\/produkt\/samt-kinderteppich-clover-gruene-spielmatte-112x112-cm\/","og_site_name":"Cozydots.com","article_modified_time":"2023-05-21T21:50:57+00:00","og_image":[{"width":1200,"height":1200,"url":"https:\/\/cozydots.com\/wp-content\/uploads\/2023\/05\/koniczyna-poduszka-mata.jpeg","type":"image\/jpeg"}],"twitter_card":"summary_large_image","twitter_misc":{"Gesch\u00e4tzte Lesezeit":"1\u00a0Minute"},"schema":{"@context":"https:\/\/schema.org","@graph":[{"@type":"WebPage","@id":"https:\/\/cozydots.com\/de\/produkt\/samt-kinderteppich-clover-gruene-spielmatte-112x112-cm\/","url":"https:\/\/cozydots.com\/de\/produkt\/samt-kinderteppich-clover-gruene-spielmatte-112x112-cm\/","name":"Samt-Kinderteppich Clover, gr\u00fcne Spielmatte 112\u00d7112 cm - Cozydots.com","isPartOf":{"@id":"https:\/\/cozydots.com\/de\/#website"},"primaryImageOfPage":{"@id":"https:\/\/cozydots.com\/de\/produkt\/samt-kinderteppich-clover-gruene-spielmatte-112x112-cm\/#primaryimage"},"image":{"@id":"https:\/\/cozydots.com\/de\/produkt\/samt-kinderteppich-clover-gruene-spielmatte-112x112-cm\/#primaryimage"},"thumbnailUrl":"https:\/\/cozydots.com\/wp-content\/uploads\/2023\/05\/koniczyna-poduszka-mata.jpeg","datePublished":"2023-05-21T21:39:51+00:00","dateModified":"2023-05-21T21:50:57+00:00","description":"Ein Spielteppich in Kleeblattform. Kleeblattmatte 112 \u00d7 112 cm aus dickem Samt.","breadcrumb":{"@id":"https:\/\/cozydots.com\/de\/produkt\/samt-kinderteppich-clover-gruene-spielmatte-112x112-cm\/#breadcrumb"},"inLanguage":"de","potentialAction":[{"@type":"ReadAction","target":["https:\/\/cozydots.com\/de\/produkt\/samt-kinderteppich-clover-gruene-spielmatte-112x112-cm\/"]}]},{"@type":"ImageObject","inLanguage":"de","@id":"https:\/\/cozydots.com\/de\/produkt\/samt-kinderteppich-clover-gruene-spielmatte-112x112-cm\/#primaryimage","url":"https:\/\/cozydots.com\/wp-content\/uploads\/2023\/05\/koniczyna-poduszka-mata.jpeg","contentUrl":"https:\/\/cozydots.com\/wp-content\/uploads\/2023\/05\/koniczyna-poduszka-mata.jpeg","width":1200,"height":1200},{"@type":"BreadcrumbList","@id":"https:\/\/cozydots.com\/de\/produkt\/samt-kinderteppich-clover-gruene-spielmatte-112x112-cm\/#breadcrumb","itemListElement":[{"@type":"ListItem","position":1,"name":"Strona g\u0142\u00f3wna","item":"https:\/\/cozydots.com\/de\/"},{"@type":"ListItem","position":2,"name":"Shop","item":"https:\/\/cozydots.com\/de\/shop\/"},{"@type":"ListItem","position":3,"name":"Samt-Kinderteppich Clover, gr\u00fcne Spielmatte 112\u00d7112 cm"}]},{"@type":"WebSite","@id":"https:\/\/cozydots.com\/de\/#website","url":"https:\/\/cozydots.com\/de\/","name":"Cozydots.com","description":"Producent namiot\u00f3w Tipi","publisher":{"@id":"https:\/\/cozydots.com\/de\/#organization"},"potentialAction":[{"@type":"SearchAction","target":{"@type":"EntryPoint","urlTemplate":"https:\/\/cozydots.com\/de\/?s={search_term_string}"},"query-input":{"@type":"PropertyValueSpecification","valueRequired":true,"valueName":"search_term_string"}}],"inLanguage":"de"},{"@type":"Organization","@id":"https:\/\/cozydots.com\/de\/#organization","name":"Cozydots.com","url":"https:\/\/cozydots.com\/de\/","logo":{"@type":"ImageObject","inLanguage":"de","@id":"https:\/\/cozydots.com\/de\/#\/schema\/logo\/image\/","url":"https:\/\/cozydots.com\/wp-content\/uploads\/2021\/10\/cozyshop_logo.png","contentUrl":"https:\/\/cozydots.com\/wp-content\/uploads\/2021\/10\/cozyshop_logo.png","width":400,"height":121,"caption":"Cozydots.com"},"image":{"@id":"https:\/\/cozydots.com\/de\/#\/schema\/logo\/image\/"}}]}},"_links":{"self":[{"href":"https:\/\/cozydots.com\/de\/wp-json\/wp\/v2\/product\/55374","targetHints":{"allow":["GET"]}}],"collection":[{"href":"https:\/\/cozydots.com\/de\/wp-json\/wp\/v2\/product"}],"about":[{"href":"https:\/\/cozydots.com\/de\/wp-json\/wp\/v2\/types\/product"}],"replies":[{"embeddable":true,"href":"https:\/\/cozydots.com\/de\/wp-json\/wp\/v2\/comments?post=55374"}],"wp:featuredmedia":[{"embeddable":true,"href":"https:\/\/cozydots.com\/de\/wp-json\/wp\/v2\/media\/55269"}],"wp:attachment":[{"href":"https:\/\/cozydots.com\/de\/wp-json\/wp\/v2\/media?parent=55374"}],"wp:term":[{"taxonomy":"product_brand","embeddable":true,"href":"https:\/\/cozydots.com\/de\/wp-json\/wp\/v2\/product_brand?post=55374"},{"taxonomy":"product_cat","embeddable":true,"href":"https:\/\/cozydots.com\/de\/wp-json\/wp\/v2\/product_cat?post=55374"},{"taxonomy":"product_tag","embeddable":true,"href":"https:\/\/cozydots.com\/de\/wp-json\/wp\/v2\/product_tag?post=55374"}],"curies":[{"name":"wp","href":"https:\/\/api.w.org\/{rel}","templated":true}]}}