{"id":21402,"date":"2017-07-31T18:36:02","date_gmt":"2019-08-16T19:52:30","guid":{"rendered":"https:\/\/cozydots.com\/?post_type=product&#038;p=21402"},"modified":"2023-06-06T10:47:45","modified_gmt":"2023-06-06T08:47:45","slug":"tienda-tipi-de-diseno-azteca-set-aztec-2","status":"publish","type":"product","link":"https:\/\/cozydots.com\/es\/producto\/tienda-tipi-de-diseno-azteca-set-aztec-2\/","title":{"rendered":"Tienda Tipi de dise\u00f1o azteca &#8211; set Indian"},"content":{"rendered":"<p><img loading=\"lazy\" decoding=\"async\" class=\"wp-image-41501 alignright\" src=\"https:\/\/cozydots.com\/wp-content\/uploads\/2021\/11\/pp-1503.jpg\" alt=\"indian tipi aztec\" width=\"600\" height=\"600\" srcset=\"https:\/\/cozydots.com\/wp-content\/uploads\/2021\/11\/pp-1503.jpg 1200w, https:\/\/cozydots.com\/wp-content\/uploads\/2021\/11\/pp-1503-400x400.jpg 400w, https:\/\/cozydots.com\/wp-content\/uploads\/2021\/11\/pp-1503-150x150.jpg 150w, https:\/\/cozydots.com\/wp-content\/uploads\/2021\/11\/pp-1503-768x768.jpg 768w, https:\/\/cozydots.com\/wp-content\/uploads\/2021\/11\/pp-1503-470x470.jpg 470w, https:\/\/cozydots.com\/wp-content\/uploads\/2021\/11\/pp-1503-800x800.jpg 800w, https:\/\/cozydots.com\/wp-content\/uploads\/2021\/11\/pp-1503-100x100.jpg 100w\" sizes=\"auto, (max-width: 600px) 100vw, 600px\" \/><\/p>\n<h2>El conjunto azteca de Cozyshop es una tienda de campa\u00f1a tipi fuerte hecha de lona de primera calidad con un tejido denso.<\/h2>\n<p>La tienda tiene una ventana y un bolsillo para juguetes. La casa tipi se puede lavar en la lavadora, y despu\u00e9s de jugar se pliega f\u00e1cilmente.<br \/>\nLos accesorios cuidadosamente seleccionados (almohadas) son decoraciones adicionales en la habitaci\u00f3n y ayudan a descansar c\u00f3modamente en la tienda.<\/p>\n<h2><span style=\"font-size: 16px;font-weight: 400\">Juego de carpas Aztecas &#8211; la carpa Indian est\u00e1 incluida en el juego:\u00a0<\/span><\/h2>\n<ul>\n<li>Carpa Teepee de dise\u00f1o azteca<\/li>\n<li>Estera blanda con relleno hipoalerg\u00e9nico &#8211; Dise\u00f1o de cactus<\/li>\n<li>dos almohadas con motivos de cactus y pompones decorativos.<\/li>\n<li>8 palos de pino y 4 conectores de aluminio<\/li>\n<li>Instrucciones para la tienda de campa\u00f1a<\/li>\n<\/ul>\n<p>Tambi\u00e9n puede comprar la tienda Indian sin alfombra, guirnalda y almohadas.<\/p>\n<p>Plazo de entrega: 1-2 d\u00edas laborables + gastos de env\u00edo.<\/p>\n","protected":false},"excerpt":{"rendered":"<p>Una tienda de campa\u00f1a indian con un dise\u00f1o azteca y dos cojines, un suelo suave. Acogedora casa de tipis con ventana y bolsillo para juguetes.<\/p>\n","protected":false},"featured_media":48675,"comment_status":"open","ping_status":"closed","template":"","meta":[],"product_brand":[],"product_cat":[1272],"product_tag":[1439],"class_list":{"0":"post-21402","1":"product","2":"type-product","3":"status-publish","4":"has-post-thumbnail","6":"product_cat-tiendas-tipi","7":"product_tag-pla-es","9":"first","10":"instock","11":"sale","12":"taxable","13":"shipping-taxable","14":"product-type-simple"},"yoast_head":"<!-- This site is optimized with the Yoast SEO plugin v27.0 - https:\/\/yoast.com\/product\/yoast-seo-wordpress\/ -->\n<title>Tienda Tipi de dise\u00f1o azteca - set Indian - Cozydots.com<\/title>\n<meta name=\"description\" content=\"Una tienda de campa\u00f1a indian con un dise\u00f1o azteca y dos cojines, un suelo suave. Acogedora casa de tipis con ventana y bolsillo para juguetes.\" \/>\n<meta name=\"robots\" content=\"index, follow, max-snippet:-1, max-image-preview:large, max-video-preview:-1\" \/>\n<link rel=\"canonical\" href=\"https:\/\/cozydots.com\/es\/producto\/tienda-tipi-de-diseno-azteca-set-aztec-2\/\" \/>\n<meta property=\"og:locale\" content=\"es_ES\" \/>\n<meta property=\"og:type\" content=\"article\" \/>\n<meta property=\"og:title\" content=\"Tienda Tipi de dise\u00f1o azteca - set Indian - Cozydots.com\" \/>\n<meta property=\"og:description\" content=\"Una tienda de campa\u00f1a indian con un dise\u00f1o azteca y dos cojines, un suelo suave. Acogedora casa de tipis con ventana y bolsillo para juguetes.\" \/>\n<meta property=\"og:url\" content=\"https:\/\/cozydots.com\/es\/producto\/tienda-tipi-de-diseno-azteca-set-aztec-2\/\" \/>\n<meta property=\"og:site_name\" content=\"Cozydots.com\" \/>\n<meta property=\"article:modified_time\" content=\"2023-06-06T08:47:45+00:00\" \/>\n<meta property=\"og:image\" content=\"https:\/\/cozydots.com\/wp-content\/uploads\/2017\/07\/kids_tipi_tent_indian_s1.jpg\" \/>\n\t<meta property=\"og:image:width\" content=\"1200\" \/>\n\t<meta property=\"og:image:height\" content=\"1200\" \/>\n\t<meta property=\"og:image:type\" content=\"image\/jpeg\" \/>\n<meta name=\"twitter:card\" content=\"summary_large_image\" \/>\n<meta name=\"twitter:label1\" content=\"Tiempo de lectura\" \/>\n\t<meta name=\"twitter:data1\" content=\"2 minutos\" \/>\n<script type=\"application\/ld+json\" class=\"yoast-schema-graph\">{\"@context\":\"https:\/\/schema.org\",\"@graph\":[{\"@type\":\"WebPage\",\"@id\":\"https:\/\/cozydots.com\/es\/producto\/tienda-tipi-de-diseno-azteca-set-aztec-2\/\",\"url\":\"https:\/\/cozydots.com\/es\/producto\/tienda-tipi-de-diseno-azteca-set-aztec-2\/\",\"name\":\"Tienda Tipi de dise\u00f1o azteca - set Indian - Cozydots.com\",\"isPartOf\":{\"@id\":\"https:\/\/cozydots.com\/es\/#website\"},\"primaryImageOfPage\":{\"@id\":\"https:\/\/cozydots.com\/es\/producto\/tienda-tipi-de-diseno-azteca-set-aztec-2\/#primaryimage\"},\"image\":{\"@id\":\"https:\/\/cozydots.com\/es\/producto\/tienda-tipi-de-diseno-azteca-set-aztec-2\/#primaryimage\"},\"thumbnailUrl\":\"https:\/\/cozydots.com\/wp-content\/uploads\/2017\/07\/kids_tipi_tent_indian_s1.jpg\",\"datePublished\":\"2019-08-16T19:52:30+00:00\",\"dateModified\":\"2023-06-06T08:47:45+00:00\",\"description\":\"Una tienda de campa\u00f1a indian con un dise\u00f1o azteca y dos cojines, un suelo suave. Acogedora casa de tipis con ventana y bolsillo para juguetes.\",\"breadcrumb\":{\"@id\":\"https:\/\/cozydots.com\/es\/producto\/tienda-tipi-de-diseno-azteca-set-aztec-2\/#breadcrumb\"},\"inLanguage\":\"es\",\"potentialAction\":[{\"@type\":\"ReadAction\",\"target\":[\"https:\/\/cozydots.com\/es\/producto\/tienda-tipi-de-diseno-azteca-set-aztec-2\/\"]}]},{\"@type\":\"ImageObject\",\"inLanguage\":\"es\",\"@id\":\"https:\/\/cozydots.com\/es\/producto\/tienda-tipi-de-diseno-azteca-set-aztec-2\/#primaryimage\",\"url\":\"https:\/\/cozydots.com\/wp-content\/uploads\/2017\/07\/kids_tipi_tent_indian_s1.jpg\",\"contentUrl\":\"https:\/\/cozydots.com\/wp-content\/uploads\/2017\/07\/kids_tipi_tent_indian_s1.jpg\",\"width\":1200,\"height\":1200,\"caption\":\"kids_tipi_tent_indian_s1\"},{\"@type\":\"BreadcrumbList\",\"@id\":\"https:\/\/cozydots.com\/es\/producto\/tienda-tipi-de-diseno-azteca-set-aztec-2\/#breadcrumb\",\"itemListElement\":[{\"@type\":\"ListItem\",\"position\":1,\"name\":\"Strona g\u0142\u00f3wna\",\"item\":\"https:\/\/cozydots.com\/es\/\"},{\"@type\":\"ListItem\",\"position\":2,\"name\":\"Tienda\",\"item\":\"https:\/\/cozydots.com\/es\/tienda\/\"},{\"@type\":\"ListItem\",\"position\":3,\"name\":\"Tienda Tipi de dise\u00f1o azteca &#8211; set Indian\"}]},{\"@type\":\"WebSite\",\"@id\":\"https:\/\/cozydots.com\/es\/#website\",\"url\":\"https:\/\/cozydots.com\/es\/\",\"name\":\"Cozydots.com\",\"description\":\"Producent namiot\u00f3w Tipi\",\"publisher\":{\"@id\":\"https:\/\/cozydots.com\/es\/#organization\"},\"potentialAction\":[{\"@type\":\"SearchAction\",\"target\":{\"@type\":\"EntryPoint\",\"urlTemplate\":\"https:\/\/cozydots.com\/es\/?s={search_term_string}\"},\"query-input\":{\"@type\":\"PropertyValueSpecification\",\"valueRequired\":true,\"valueName\":\"search_term_string\"}}],\"inLanguage\":\"es\"},{\"@type\":\"Organization\",\"@id\":\"https:\/\/cozydots.com\/es\/#organization\",\"name\":\"Cozydots.com\",\"url\":\"https:\/\/cozydots.com\/es\/\",\"logo\":{\"@type\":\"ImageObject\",\"inLanguage\":\"es\",\"@id\":\"https:\/\/cozydots.com\/es\/#\/schema\/logo\/image\/\",\"url\":\"https:\/\/cozydots.com\/wp-content\/uploads\/2021\/10\/cozyshop_logo.png\",\"contentUrl\":\"https:\/\/cozydots.com\/wp-content\/uploads\/2021\/10\/cozyshop_logo.png\",\"width\":400,\"height\":121,\"caption\":\"Cozydots.com\"},\"image\":{\"@id\":\"https:\/\/cozydots.com\/es\/#\/schema\/logo\/image\/\"}}]}<\/script>\n<!-- \/ Yoast SEO plugin. -->","yoast_head_json":{"title":"Tienda Tipi de dise\u00f1o azteca - set Indian - Cozydots.com","description":"Una tienda de campa\u00f1a indian con un dise\u00f1o azteca y dos cojines, un suelo suave. Acogedora casa de tipis con ventana y bolsillo para juguetes.","robots":{"index":"index","follow":"follow","max-snippet":"max-snippet:-1","max-image-preview":"max-image-preview:large","max-video-preview":"max-video-preview:-1"},"canonical":"https:\/\/cozydots.com\/es\/producto\/tienda-tipi-de-diseno-azteca-set-aztec-2\/","og_locale":"es_ES","og_type":"article","og_title":"Tienda Tipi de dise\u00f1o azteca - set Indian - Cozydots.com","og_description":"Una tienda de campa\u00f1a indian con un dise\u00f1o azteca y dos cojines, un suelo suave. Acogedora casa de tipis con ventana y bolsillo para juguetes.","og_url":"https:\/\/cozydots.com\/es\/producto\/tienda-tipi-de-diseno-azteca-set-aztec-2\/","og_site_name":"Cozydots.com","article_modified_time":"2023-06-06T08:47:45+00:00","og_image":[{"width":1200,"height":1200,"url":"https:\/\/cozydots.com\/wp-content\/uploads\/2017\/07\/kids_tipi_tent_indian_s1.jpg","type":"image\/jpeg"}],"twitter_card":"summary_large_image","twitter_misc":{"Tiempo de lectura":"2 minutos"},"schema":{"@context":"https:\/\/schema.org","@graph":[{"@type":"WebPage","@id":"https:\/\/cozydots.com\/es\/producto\/tienda-tipi-de-diseno-azteca-set-aztec-2\/","url":"https:\/\/cozydots.com\/es\/producto\/tienda-tipi-de-diseno-azteca-set-aztec-2\/","name":"Tienda Tipi de dise\u00f1o azteca - set Indian - Cozydots.com","isPartOf":{"@id":"https:\/\/cozydots.com\/es\/#website"},"primaryImageOfPage":{"@id":"https:\/\/cozydots.com\/es\/producto\/tienda-tipi-de-diseno-azteca-set-aztec-2\/#primaryimage"},"image":{"@id":"https:\/\/cozydots.com\/es\/producto\/tienda-tipi-de-diseno-azteca-set-aztec-2\/#primaryimage"},"thumbnailUrl":"https:\/\/cozydots.com\/wp-content\/uploads\/2017\/07\/kids_tipi_tent_indian_s1.jpg","datePublished":"2019-08-16T19:52:30+00:00","dateModified":"2023-06-06T08:47:45+00:00","description":"Una tienda de campa\u00f1a indian con un dise\u00f1o azteca y dos cojines, un suelo suave. Acogedora casa de tipis con ventana y bolsillo para juguetes.","breadcrumb":{"@id":"https:\/\/cozydots.com\/es\/producto\/tienda-tipi-de-diseno-azteca-set-aztec-2\/#breadcrumb"},"inLanguage":"es","potentialAction":[{"@type":"ReadAction","target":["https:\/\/cozydots.com\/es\/producto\/tienda-tipi-de-diseno-azteca-set-aztec-2\/"]}]},{"@type":"ImageObject","inLanguage":"es","@id":"https:\/\/cozydots.com\/es\/producto\/tienda-tipi-de-diseno-azteca-set-aztec-2\/#primaryimage","url":"https:\/\/cozydots.com\/wp-content\/uploads\/2017\/07\/kids_tipi_tent_indian_s1.jpg","contentUrl":"https:\/\/cozydots.com\/wp-content\/uploads\/2017\/07\/kids_tipi_tent_indian_s1.jpg","width":1200,"height":1200,"caption":"kids_tipi_tent_indian_s1"},{"@type":"BreadcrumbList","@id":"https:\/\/cozydots.com\/es\/producto\/tienda-tipi-de-diseno-azteca-set-aztec-2\/#breadcrumb","itemListElement":[{"@type":"ListItem","position":1,"name":"Strona g\u0142\u00f3wna","item":"https:\/\/cozydots.com\/es\/"},{"@type":"ListItem","position":2,"name":"Tienda","item":"https:\/\/cozydots.com\/es\/tienda\/"},{"@type":"ListItem","position":3,"name":"Tienda Tipi de dise\u00f1o azteca &#8211; set Indian"}]},{"@type":"WebSite","@id":"https:\/\/cozydots.com\/es\/#website","url":"https:\/\/cozydots.com\/es\/","name":"Cozydots.com","description":"Producent namiot\u00f3w Tipi","publisher":{"@id":"https:\/\/cozydots.com\/es\/#organization"},"potentialAction":[{"@type":"SearchAction","target":{"@type":"EntryPoint","urlTemplate":"https:\/\/cozydots.com\/es\/?s={search_term_string}"},"query-input":{"@type":"PropertyValueSpecification","valueRequired":true,"valueName":"search_term_string"}}],"inLanguage":"es"},{"@type":"Organization","@id":"https:\/\/cozydots.com\/es\/#organization","name":"Cozydots.com","url":"https:\/\/cozydots.com\/es\/","logo":{"@type":"ImageObject","inLanguage":"es","@id":"https:\/\/cozydots.com\/es\/#\/schema\/logo\/image\/","url":"https:\/\/cozydots.com\/wp-content\/uploads\/2021\/10\/cozyshop_logo.png","contentUrl":"https:\/\/cozydots.com\/wp-content\/uploads\/2021\/10\/cozyshop_logo.png","width":400,"height":121,"caption":"Cozydots.com"},"image":{"@id":"https:\/\/cozydots.com\/es\/#\/schema\/logo\/image\/"}}]}},"_links":{"self":[{"href":"https:\/\/cozydots.com\/es\/wp-json\/wp\/v2\/product\/21402","targetHints":{"allow":["GET"]}}],"collection":[{"href":"https:\/\/cozydots.com\/es\/wp-json\/wp\/v2\/product"}],"about":[{"href":"https:\/\/cozydots.com\/es\/wp-json\/wp\/v2\/types\/product"}],"replies":[{"embeddable":true,"href":"https:\/\/cozydots.com\/es\/wp-json\/wp\/v2\/comments?post=21402"}],"wp:featuredmedia":[{"embeddable":true,"href":"https:\/\/cozydots.com\/es\/wp-json\/wp\/v2\/media\/48675"}],"wp:attachment":[{"href":"https:\/\/cozydots.com\/es\/wp-json\/wp\/v2\/media?parent=21402"}],"wp:term":[{"taxonomy":"product_brand","embeddable":true,"href":"https:\/\/cozydots.com\/es\/wp-json\/wp\/v2\/product_brand?post=21402"},{"taxonomy":"product_cat","embeddable":true,"href":"https:\/\/cozydots.com\/es\/wp-json\/wp\/v2\/product_cat?post=21402"},{"taxonomy":"product_tag","embeddable":true,"href":"https:\/\/cozydots.com\/es\/wp-json\/wp\/v2\/product_tag?post=21402"}],"curies":[{"name":"wp","href":"https:\/\/api.w.org\/{rel}","templated":true}]}}