{"id":21438,"date":"2017-10-20T11:07:11","date_gmt":"2019-08-16T20:43:55","guid":{"rendered":"https:\/\/cozydots.com\/?post_type=product&#038;p=21438"},"modified":"2023-02-08T11:58:07","modified_gmt":"2023-02-08T10:58:07","slug":"tienda-tipi-indian-tipi-esterilla-2-almohadas","status":"publish","type":"product","link":"https:\/\/cozydots.com\/es\/producto\/tienda-tipi-indian-tipi-esterilla-2-almohadas\/","title":{"rendered":"Tienda Tipi Etno, tipi + esterilla +  almohadas"},"content":{"rendered":"<p><img loading=\"lazy\" decoding=\"async\" class=\"alignright wp-image-41428\" src=\"https:\/\/cozydots.com\/wp-content\/uploads\/2021\/11\/pp-1410.jpg\" alt=\"tipi tent\" width=\"600\" height=\"600\" srcset=\"https:\/\/cozydots.com\/wp-content\/uploads\/2021\/11\/pp-1410.jpg 1200w, https:\/\/cozydots.com\/wp-content\/uploads\/2021\/11\/pp-1410-400x400.jpg 400w, https:\/\/cozydots.com\/wp-content\/uploads\/2021\/11\/pp-1410-150x150.jpg 150w, https:\/\/cozydots.com\/wp-content\/uploads\/2021\/11\/pp-1410-768x768.jpg 768w, https:\/\/cozydots.com\/wp-content\/uploads\/2021\/11\/pp-1410-470x470.jpg 470w, https:\/\/cozydots.com\/wp-content\/uploads\/2021\/11\/pp-1410-800x800.jpg 800w, https:\/\/cozydots.com\/wp-content\/uploads\/2021\/11\/pp-1410-100x100.jpg 100w\" sizes=\"auto, (max-width: 600px) 100vw, 600px\" \/><strong>La tienda Tipi Indian est\u00e1 hecha de un lienzo resistente y algod\u00f3n en coloridos patrones aztecas. <\/strong><\/p>\n<p>La entrada al tipi est\u00e1 decorada con un cintur\u00f3n turquesa con pompones. Tipi para el ni\u00f1o tiene una bolsa en la que puedes empacar todo el conjunto. Hay dos cojines grandes con pompones y una estera c\u00e1lida. Tipi tiene un bolsillo para juguetes y una ventana enrollable. Todas las piezas de tela se pueden lavar en la lavadora. La carpa infantil se pliega f\u00e1cilmente y no ocupa mucho espacio.<\/p>\n<p>La tienda tipi india est\u00e1 hecha con el m\u00e9todo artesanal con telas seguras para ni\u00f1os de origen europeo y calidad certificada. Todos los modelos est\u00e1n dise\u00f1ados por nosotros y le garantizamos que obtendr\u00e1 un producto \u00fanico de la mejor calidad.<\/p>\n<h2>La tienda Tipi INDIAN incluye lo siguiente:<\/h2>\n<ul>\n<li>tienda tipi<\/li>\n<li>estera suave en color menta<\/li>\n<li>cubierta de la tienda (con mango cosido y atado)<\/li>\n<li>4 postes de madera de pino natural (marco).<\/li>\n<\/ul>\n<p>Tipi tambi\u00e9n se puede comprar sin esteras y almohadas.<\/p>\n","protected":false},"excerpt":{"rendered":"<p>La tienda tipi india est\u00e1 hecha de lona y algod\u00f3n resistentes con coloridos patrones aztecas. La entrada al albergue est\u00e1 decorada con cinta turquesa con pompones.<\/p>\n","protected":false},"featured_media":53560,"comment_status":"open","ping_status":"closed","template":"","meta":[],"product_brand":[],"product_cat":[1272],"product_tag":[1439],"class_list":{"0":"post-21438","1":"product","2":"type-product","3":"status-publish","4":"has-post-thumbnail","6":"product_cat-tiendas-tipi","7":"product_tag-pla-es","9":"first","10":"instock","11":"taxable","12":"shipping-taxable","13":"product-type-simple"},"yoast_head":"<!-- This site is optimized with the Yoast SEO plugin v27.0 - https:\/\/yoast.com\/product\/yoast-seo-wordpress\/ -->\n<title>Tienda Tipi Etno, tipi + esterilla + almohadas - Cozydots.com<\/title>\n<meta name=\"description\" content=\"La tienda tipi india est\u00e1 hecha de lona y algod\u00f3n resistentes con coloridos patrones aztecas. La entrada al albergue est\u00e1 decorada con cinta turquesa con pompones.\" \/>\n<meta name=\"robots\" content=\"index, follow, max-snippet:-1, max-image-preview:large, max-video-preview:-1\" \/>\n<link rel=\"canonical\" href=\"https:\/\/cozydots.com\/es\/producto\/tienda-tipi-indian-tipi-esterilla-2-almohadas\/\" \/>\n<meta property=\"og:locale\" content=\"es_ES\" \/>\n<meta property=\"og:type\" content=\"article\" \/>\n<meta property=\"og:title\" content=\"Tienda Tipi Etno, tipi + esterilla + almohadas - Cozydots.com\" \/>\n<meta property=\"og:description\" content=\"La tienda tipi india est\u00e1 hecha de lona y algod\u00f3n resistentes con coloridos patrones aztecas. La entrada al albergue est\u00e1 decorada con cinta turquesa con pompones.\" \/>\n<meta property=\"og:url\" content=\"https:\/\/cozydots.com\/es\/producto\/tienda-tipi-indian-tipi-esterilla-2-almohadas\/\" \/>\n<meta property=\"og:site_name\" content=\"Cozydots.com\" \/>\n<meta property=\"article:modified_time\" content=\"2023-02-08T10:58:07+00:00\" \/>\n<meta property=\"og:image\" content=\"https:\/\/cozydots.com\/wp-content\/uploads\/2017\/10\/tipi_tent_etno_set_f9.jpg\" \/>\n\t<meta property=\"og:image:width\" content=\"1200\" \/>\n\t<meta property=\"og:image:height\" content=\"1200\" \/>\n\t<meta property=\"og:image:type\" content=\"image\/jpeg\" \/>\n<meta name=\"twitter:card\" content=\"summary_large_image\" \/>\n<meta name=\"twitter:label1\" content=\"Tiempo de lectura\" \/>\n\t<meta name=\"twitter:data1\" content=\"2 minutos\" \/>\n<script type=\"application\/ld+json\" class=\"yoast-schema-graph\">{\"@context\":\"https:\/\/schema.org\",\"@graph\":[{\"@type\":\"WebPage\",\"@id\":\"https:\/\/cozydots.com\/es\/producto\/tienda-tipi-indian-tipi-esterilla-2-almohadas\/\",\"url\":\"https:\/\/cozydots.com\/es\/producto\/tienda-tipi-indian-tipi-esterilla-2-almohadas\/\",\"name\":\"Tienda Tipi Etno, tipi + esterilla + almohadas - Cozydots.com\",\"isPartOf\":{\"@id\":\"https:\/\/cozydots.com\/es\/#website\"},\"primaryImageOfPage\":{\"@id\":\"https:\/\/cozydots.com\/es\/producto\/tienda-tipi-indian-tipi-esterilla-2-almohadas\/#primaryimage\"},\"image\":{\"@id\":\"https:\/\/cozydots.com\/es\/producto\/tienda-tipi-indian-tipi-esterilla-2-almohadas\/#primaryimage\"},\"thumbnailUrl\":\"https:\/\/cozydots.com\/wp-content\/uploads\/2017\/10\/tipi_tent_etno_set_f9.jpg\",\"datePublished\":\"2019-08-16T20:43:55+00:00\",\"dateModified\":\"2023-02-08T10:58:07+00:00\",\"description\":\"La tienda tipi india est\u00e1 hecha de lona y algod\u00f3n resistentes con coloridos patrones aztecas. La entrada al albergue est\u00e1 decorada con cinta turquesa con pompones.\",\"breadcrumb\":{\"@id\":\"https:\/\/cozydots.com\/es\/producto\/tienda-tipi-indian-tipi-esterilla-2-almohadas\/#breadcrumb\"},\"inLanguage\":\"es\",\"potentialAction\":[{\"@type\":\"ReadAction\",\"target\":[\"https:\/\/cozydots.com\/es\/producto\/tienda-tipi-indian-tipi-esterilla-2-almohadas\/\"]}]},{\"@type\":\"ImageObject\",\"inLanguage\":\"es\",\"@id\":\"https:\/\/cozydots.com\/es\/producto\/tienda-tipi-indian-tipi-esterilla-2-almohadas\/#primaryimage\",\"url\":\"https:\/\/cozydots.com\/wp-content\/uploads\/2017\/10\/tipi_tent_etno_set_f9.jpg\",\"contentUrl\":\"https:\/\/cozydots.com\/wp-content\/uploads\/2017\/10\/tipi_tent_etno_set_f9.jpg\",\"width\":1200,\"height\":1200,\"caption\":\"tipi tent indian\"},{\"@type\":\"BreadcrumbList\",\"@id\":\"https:\/\/cozydots.com\/es\/producto\/tienda-tipi-indian-tipi-esterilla-2-almohadas\/#breadcrumb\",\"itemListElement\":[{\"@type\":\"ListItem\",\"position\":1,\"name\":\"Strona g\u0142\u00f3wna\",\"item\":\"https:\/\/cozydots.com\/es\/\"},{\"@type\":\"ListItem\",\"position\":2,\"name\":\"Tienda\",\"item\":\"https:\/\/cozydots.com\/es\/tienda\/\"},{\"@type\":\"ListItem\",\"position\":3,\"name\":\"Tienda Tipi Etno, tipi + esterilla + almohadas\"}]},{\"@type\":\"WebSite\",\"@id\":\"https:\/\/cozydots.com\/es\/#website\",\"url\":\"https:\/\/cozydots.com\/es\/\",\"name\":\"Cozydots.com\",\"description\":\"Producent namiot\u00f3w Tipi\",\"publisher\":{\"@id\":\"https:\/\/cozydots.com\/es\/#organization\"},\"potentialAction\":[{\"@type\":\"SearchAction\",\"target\":{\"@type\":\"EntryPoint\",\"urlTemplate\":\"https:\/\/cozydots.com\/es\/?s={search_term_string}\"},\"query-input\":{\"@type\":\"PropertyValueSpecification\",\"valueRequired\":true,\"valueName\":\"search_term_string\"}}],\"inLanguage\":\"es\"},{\"@type\":\"Organization\",\"@id\":\"https:\/\/cozydots.com\/es\/#organization\",\"name\":\"Cozydots.com\",\"url\":\"https:\/\/cozydots.com\/es\/\",\"logo\":{\"@type\":\"ImageObject\",\"inLanguage\":\"es\",\"@id\":\"https:\/\/cozydots.com\/es\/#\/schema\/logo\/image\/\",\"url\":\"https:\/\/cozydots.com\/wp-content\/uploads\/2021\/10\/cozyshop_logo.png\",\"contentUrl\":\"https:\/\/cozydots.com\/wp-content\/uploads\/2021\/10\/cozyshop_logo.png\",\"width\":400,\"height\":121,\"caption\":\"Cozydots.com\"},\"image\":{\"@id\":\"https:\/\/cozydots.com\/es\/#\/schema\/logo\/image\/\"}}]}<\/script>\n<!-- \/ Yoast SEO plugin. -->","yoast_head_json":{"title":"Tienda Tipi Etno, tipi + esterilla + almohadas - Cozydots.com","description":"La tienda tipi india est\u00e1 hecha de lona y algod\u00f3n resistentes con coloridos patrones aztecas. La entrada al albergue est\u00e1 decorada con cinta turquesa con pompones.","robots":{"index":"index","follow":"follow","max-snippet":"max-snippet:-1","max-image-preview":"max-image-preview:large","max-video-preview":"max-video-preview:-1"},"canonical":"https:\/\/cozydots.com\/es\/producto\/tienda-tipi-indian-tipi-esterilla-2-almohadas\/","og_locale":"es_ES","og_type":"article","og_title":"Tienda Tipi Etno, tipi + esterilla + almohadas - Cozydots.com","og_description":"La tienda tipi india est\u00e1 hecha de lona y algod\u00f3n resistentes con coloridos patrones aztecas. La entrada al albergue est\u00e1 decorada con cinta turquesa con pompones.","og_url":"https:\/\/cozydots.com\/es\/producto\/tienda-tipi-indian-tipi-esterilla-2-almohadas\/","og_site_name":"Cozydots.com","article_modified_time":"2023-02-08T10:58:07+00:00","og_image":[{"width":1200,"height":1200,"url":"https:\/\/cozydots.com\/wp-content\/uploads\/2017\/10\/tipi_tent_etno_set_f9.jpg","type":"image\/jpeg"}],"twitter_card":"summary_large_image","twitter_misc":{"Tiempo de lectura":"2 minutos"},"schema":{"@context":"https:\/\/schema.org","@graph":[{"@type":"WebPage","@id":"https:\/\/cozydots.com\/es\/producto\/tienda-tipi-indian-tipi-esterilla-2-almohadas\/","url":"https:\/\/cozydots.com\/es\/producto\/tienda-tipi-indian-tipi-esterilla-2-almohadas\/","name":"Tienda Tipi Etno, tipi + esterilla + almohadas - Cozydots.com","isPartOf":{"@id":"https:\/\/cozydots.com\/es\/#website"},"primaryImageOfPage":{"@id":"https:\/\/cozydots.com\/es\/producto\/tienda-tipi-indian-tipi-esterilla-2-almohadas\/#primaryimage"},"image":{"@id":"https:\/\/cozydots.com\/es\/producto\/tienda-tipi-indian-tipi-esterilla-2-almohadas\/#primaryimage"},"thumbnailUrl":"https:\/\/cozydots.com\/wp-content\/uploads\/2017\/10\/tipi_tent_etno_set_f9.jpg","datePublished":"2019-08-16T20:43:55+00:00","dateModified":"2023-02-08T10:58:07+00:00","description":"La tienda tipi india est\u00e1 hecha de lona y algod\u00f3n resistentes con coloridos patrones aztecas. La entrada al albergue est\u00e1 decorada con cinta turquesa con pompones.","breadcrumb":{"@id":"https:\/\/cozydots.com\/es\/producto\/tienda-tipi-indian-tipi-esterilla-2-almohadas\/#breadcrumb"},"inLanguage":"es","potentialAction":[{"@type":"ReadAction","target":["https:\/\/cozydots.com\/es\/producto\/tienda-tipi-indian-tipi-esterilla-2-almohadas\/"]}]},{"@type":"ImageObject","inLanguage":"es","@id":"https:\/\/cozydots.com\/es\/producto\/tienda-tipi-indian-tipi-esterilla-2-almohadas\/#primaryimage","url":"https:\/\/cozydots.com\/wp-content\/uploads\/2017\/10\/tipi_tent_etno_set_f9.jpg","contentUrl":"https:\/\/cozydots.com\/wp-content\/uploads\/2017\/10\/tipi_tent_etno_set_f9.jpg","width":1200,"height":1200,"caption":"tipi tent indian"},{"@type":"BreadcrumbList","@id":"https:\/\/cozydots.com\/es\/producto\/tienda-tipi-indian-tipi-esterilla-2-almohadas\/#breadcrumb","itemListElement":[{"@type":"ListItem","position":1,"name":"Strona g\u0142\u00f3wna","item":"https:\/\/cozydots.com\/es\/"},{"@type":"ListItem","position":2,"name":"Tienda","item":"https:\/\/cozydots.com\/es\/tienda\/"},{"@type":"ListItem","position":3,"name":"Tienda Tipi Etno, tipi + esterilla + almohadas"}]},{"@type":"WebSite","@id":"https:\/\/cozydots.com\/es\/#website","url":"https:\/\/cozydots.com\/es\/","name":"Cozydots.com","description":"Producent namiot\u00f3w Tipi","publisher":{"@id":"https:\/\/cozydots.com\/es\/#organization"},"potentialAction":[{"@type":"SearchAction","target":{"@type":"EntryPoint","urlTemplate":"https:\/\/cozydots.com\/es\/?s={search_term_string}"},"query-input":{"@type":"PropertyValueSpecification","valueRequired":true,"valueName":"search_term_string"}}],"inLanguage":"es"},{"@type":"Organization","@id":"https:\/\/cozydots.com\/es\/#organization","name":"Cozydots.com","url":"https:\/\/cozydots.com\/es\/","logo":{"@type":"ImageObject","inLanguage":"es","@id":"https:\/\/cozydots.com\/es\/#\/schema\/logo\/image\/","url":"https:\/\/cozydots.com\/wp-content\/uploads\/2021\/10\/cozyshop_logo.png","contentUrl":"https:\/\/cozydots.com\/wp-content\/uploads\/2021\/10\/cozyshop_logo.png","width":400,"height":121,"caption":"Cozydots.com"},"image":{"@id":"https:\/\/cozydots.com\/es\/#\/schema\/logo\/image\/"}}]}},"_links":{"self":[{"href":"https:\/\/cozydots.com\/es\/wp-json\/wp\/v2\/product\/21438","targetHints":{"allow":["GET"]}}],"collection":[{"href":"https:\/\/cozydots.com\/es\/wp-json\/wp\/v2\/product"}],"about":[{"href":"https:\/\/cozydots.com\/es\/wp-json\/wp\/v2\/types\/product"}],"replies":[{"embeddable":true,"href":"https:\/\/cozydots.com\/es\/wp-json\/wp\/v2\/comments?post=21438"}],"wp:featuredmedia":[{"embeddable":true,"href":"https:\/\/cozydots.com\/es\/wp-json\/wp\/v2\/media\/53560"}],"wp:attachment":[{"href":"https:\/\/cozydots.com\/es\/wp-json\/wp\/v2\/media?parent=21438"}],"wp:term":[{"taxonomy":"product_brand","embeddable":true,"href":"https:\/\/cozydots.com\/es\/wp-json\/wp\/v2\/product_brand?post=21438"},{"taxonomy":"product_cat","embeddable":true,"href":"https:\/\/cozydots.com\/es\/wp-json\/wp\/v2\/product_cat?post=21438"},{"taxonomy":"product_tag","embeddable":true,"href":"https:\/\/cozydots.com\/es\/wp-json\/wp\/v2\/product_tag?post=21438"}],"curies":[{"name":"wp","href":"https:\/\/api.w.org\/{rel}","templated":true}]}}