{"id":21480,"date":"2017-08-03T11:12:49","date_gmt":"2019-08-17T12:01:17","guid":{"rendered":"https:\/\/cozydots.com\/?post_type=product&#038;p=21480"},"modified":"2026-01-01T17:58:31","modified_gmt":"2026-01-01T16:58:31","slug":"tienda-tipi-para-nino-juego-de-juego-con-colchoneta-y-almohadas-honey-set-7-el","status":"publish","type":"product","link":"https:\/\/cozydots.com\/es\/producto\/tienda-tipi-para-nino-juego-de-juego-con-colchoneta-y-almohadas-honey-set-7-el\/","title":{"rendered":"Tienda tipi para ni\u00f1o, juego de juego con colchoneta y almohadas Honey set 7 el."},"content":{"rendered":"<p><img loading=\"lazy\" decoding=\"async\" class=\"alignright size-large wp-image-16452\" src=\"https:\/\/cozydots.com\/wp-content\/uploads\/2021\/11\/pp-1315-1200x1200.jpg\" alt=\"tipi honey set\" width=\"600\" height=\"600\" \/><\/p>\n<p><strong>La tienda del tipi de la miel es un gran lugar para jugar, para leer o apenas para pasar el rato con otros cabritos. Apto para uso en interiores y exteriores.<\/strong><\/p>\n<p>Nuestro tipi se hace del algod\u00f3n grueso, durable y suave. Garantiza un espacio seguro con una sombra confortable. Una peque\u00f1a ventana enrollable le permite ver r\u00e1pidamente y vigilar a su peque\u00f1o. Tambi\u00e9n hay 2 bolsillos en el interior que ayudan a organizar todos los peque\u00f1os tesoros.<\/p>\n<p>Creemos que los peque\u00f1os detalles marcan la diferencia por lo que nuestras carpas son hechas a mano con especial cuidado en Europa. Cada art\u00edculo es \u00fanico. Puede estar seguro de que nuestro tipi se disfrutar\u00e1 durante muchos a\u00f1os.<\/p>\n<h2>El equipo de Honey set de Cozyshop incluye:<\/h2>\n<ul>\n<li>Tienda tipi<\/li>\n<li>4 postes de madera de pino natural (marco)<\/li>\n<li>Estuche de lona (con asa anudada y cord\u00f3n)<br \/>\nestera<\/li>\n<li>2 almohadas<\/li>\n<\/ul>\n<p>Disponible tambi\u00e9n sin colchoneta ni almohadas.<\/p>\n","protected":false},"excerpt":{"rendered":"<p>Tipi negro con pompones de miel en un conjunto con una estera gruesa y dos almohadas en forma de estrella.<\/p>\n","protected":false},"featured_media":53553,"comment_status":"open","ping_status":"closed","template":"","meta":[],"product_brand":[],"product_cat":[1272],"product_tag":[1439],"class_list":{"0":"post-21480","1":"product","2":"type-product","3":"status-publish","4":"has-post-thumbnail","6":"product_cat-tiendas-tipi","7":"product_tag-pla-es","9":"first","10":"instock","11":"sale","12":"taxable","13":"shipping-taxable","14":"product-type-simple"},"yoast_head":"<!-- This site is optimized with the Yoast SEO plugin v27.0 - https:\/\/yoast.com\/product\/yoast-seo-wordpress\/ -->\n<title>Tienda tipi para ni\u00f1o, juego de juego con colchoneta y almohadas Honey set 7 el. - Cozydots.com<\/title>\n<meta name=\"description\" content=\"Tipi negro con pompones de miel en un conjunto con una estera gruesa y dos almohadas en forma de estrella.\" \/>\n<meta name=\"robots\" content=\"index, follow, max-snippet:-1, max-image-preview:large, max-video-preview:-1\" \/>\n<link rel=\"canonical\" href=\"https:\/\/cozydots.com\/es\/producto\/tienda-tipi-para-nino-juego-de-juego-con-colchoneta-y-almohadas-honey-set-7-el\/\" \/>\n<meta property=\"og:locale\" content=\"es_ES\" \/>\n<meta property=\"og:type\" content=\"article\" \/>\n<meta property=\"og:title\" content=\"Tienda tipi para ni\u00f1o, juego de juego con colchoneta y almohadas Honey set 7 el. - Cozydots.com\" \/>\n<meta property=\"og:description\" content=\"Tipi negro con pompones de miel en un conjunto con una estera gruesa y dos almohadas en forma de estrella.\" \/>\n<meta property=\"og:url\" content=\"https:\/\/cozydots.com\/es\/producto\/tienda-tipi-para-nino-juego-de-juego-con-colchoneta-y-almohadas-honey-set-7-el\/\" \/>\n<meta property=\"og:site_name\" content=\"Cozydots.com\" \/>\n<meta property=\"article:modified_time\" content=\"2026-01-01T16:58:31+00:00\" \/>\n<meta property=\"og:image\" content=\"https:\/\/cozydots.com\/wp-content\/uploads\/2017\/08\/kids_tipi_tent_honey_s1_f9.jpg\" \/>\n\t<meta property=\"og:image:width\" content=\"1200\" \/>\n\t<meta property=\"og:image:height\" content=\"1200\" \/>\n\t<meta property=\"og:image:type\" content=\"image\/jpeg\" \/>\n<meta name=\"twitter:card\" content=\"summary_large_image\" \/>\n<meta name=\"twitter:label1\" content=\"Tiempo de lectura\" \/>\n\t<meta name=\"twitter:data1\" content=\"1 minuto\" \/>\n<script type=\"application\/ld+json\" class=\"yoast-schema-graph\">{\"@context\":\"https:\/\/schema.org\",\"@graph\":[{\"@type\":\"WebPage\",\"@id\":\"https:\/\/cozydots.com\/es\/producto\/tienda-tipi-para-nino-juego-de-juego-con-colchoneta-y-almohadas-honey-set-7-el\/\",\"url\":\"https:\/\/cozydots.com\/es\/producto\/tienda-tipi-para-nino-juego-de-juego-con-colchoneta-y-almohadas-honey-set-7-el\/\",\"name\":\"Tienda tipi para ni\u00f1o, juego de juego con colchoneta y almohadas Honey set 7 el. - Cozydots.com\",\"isPartOf\":{\"@id\":\"https:\/\/cozydots.com\/es\/#website\"},\"primaryImageOfPage\":{\"@id\":\"https:\/\/cozydots.com\/es\/producto\/tienda-tipi-para-nino-juego-de-juego-con-colchoneta-y-almohadas-honey-set-7-el\/#primaryimage\"},\"image\":{\"@id\":\"https:\/\/cozydots.com\/es\/producto\/tienda-tipi-para-nino-juego-de-juego-con-colchoneta-y-almohadas-honey-set-7-el\/#primaryimage\"},\"thumbnailUrl\":\"https:\/\/cozydots.com\/wp-content\/uploads\/2017\/08\/kids_tipi_tent_honey_s1_f9.jpg\",\"datePublished\":\"2019-08-17T12:01:17+00:00\",\"dateModified\":\"2026-01-01T16:58:31+00:00\",\"description\":\"Tipi negro con pompones de miel en un conjunto con una estera gruesa y dos almohadas en forma de estrella.\",\"breadcrumb\":{\"@id\":\"https:\/\/cozydots.com\/es\/producto\/tienda-tipi-para-nino-juego-de-juego-con-colchoneta-y-almohadas-honey-set-7-el\/#breadcrumb\"},\"inLanguage\":\"es\",\"potentialAction\":[{\"@type\":\"ReadAction\",\"target\":[\"https:\/\/cozydots.com\/es\/producto\/tienda-tipi-para-nino-juego-de-juego-con-colchoneta-y-almohadas-honey-set-7-el\/\"]}]},{\"@type\":\"ImageObject\",\"inLanguage\":\"es\",\"@id\":\"https:\/\/cozydots.com\/es\/producto\/tienda-tipi-para-nino-juego-de-juego-con-colchoneta-y-almohadas-honey-set-7-el\/#primaryimage\",\"url\":\"https:\/\/cozydots.com\/wp-content\/uploads\/2017\/08\/kids_tipi_tent_honey_s1_f9.jpg\",\"contentUrl\":\"https:\/\/cozydots.com\/wp-content\/uploads\/2017\/08\/kids_tipi_tent_honey_s1_f9.jpg\",\"width\":1200,\"height\":1200,\"caption\":\"kids tipi tent honey\"},{\"@type\":\"BreadcrumbList\",\"@id\":\"https:\/\/cozydots.com\/es\/producto\/tienda-tipi-para-nino-juego-de-juego-con-colchoneta-y-almohadas-honey-set-7-el\/#breadcrumb\",\"itemListElement\":[{\"@type\":\"ListItem\",\"position\":1,\"name\":\"Strona g\u0142\u00f3wna\",\"item\":\"https:\/\/cozydots.com\/es\/\"},{\"@type\":\"ListItem\",\"position\":2,\"name\":\"Tienda\",\"item\":\"https:\/\/cozydots.com\/es\/tienda\/\"},{\"@type\":\"ListItem\",\"position\":3,\"name\":\"Tienda tipi para ni\u00f1o, juego de juego con colchoneta y almohadas Honey set 7 el.\"}]},{\"@type\":\"WebSite\",\"@id\":\"https:\/\/cozydots.com\/es\/#website\",\"url\":\"https:\/\/cozydots.com\/es\/\",\"name\":\"Cozydots.com\",\"description\":\"Producent namiot\u00f3w Tipi\",\"publisher\":{\"@id\":\"https:\/\/cozydots.com\/es\/#organization\"},\"potentialAction\":[{\"@type\":\"SearchAction\",\"target\":{\"@type\":\"EntryPoint\",\"urlTemplate\":\"https:\/\/cozydots.com\/es\/?s={search_term_string}\"},\"query-input\":{\"@type\":\"PropertyValueSpecification\",\"valueRequired\":true,\"valueName\":\"search_term_string\"}}],\"inLanguage\":\"es\"},{\"@type\":\"Organization\",\"@id\":\"https:\/\/cozydots.com\/es\/#organization\",\"name\":\"Cozydots.com\",\"url\":\"https:\/\/cozydots.com\/es\/\",\"logo\":{\"@type\":\"ImageObject\",\"inLanguage\":\"es\",\"@id\":\"https:\/\/cozydots.com\/es\/#\/schema\/logo\/image\/\",\"url\":\"https:\/\/cozydots.com\/wp-content\/uploads\/2021\/10\/cozyshop_logo.png\",\"contentUrl\":\"https:\/\/cozydots.com\/wp-content\/uploads\/2021\/10\/cozyshop_logo.png\",\"width\":400,\"height\":121,\"caption\":\"Cozydots.com\"},\"image\":{\"@id\":\"https:\/\/cozydots.com\/es\/#\/schema\/logo\/image\/\"}}]}<\/script>\n<!-- \/ Yoast SEO plugin. -->","yoast_head_json":{"title":"Tienda tipi para ni\u00f1o, juego de juego con colchoneta y almohadas Honey set 7 el. - Cozydots.com","description":"Tipi negro con pompones de miel en un conjunto con una estera gruesa y dos almohadas en forma de estrella.","robots":{"index":"index","follow":"follow","max-snippet":"max-snippet:-1","max-image-preview":"max-image-preview:large","max-video-preview":"max-video-preview:-1"},"canonical":"https:\/\/cozydots.com\/es\/producto\/tienda-tipi-para-nino-juego-de-juego-con-colchoneta-y-almohadas-honey-set-7-el\/","og_locale":"es_ES","og_type":"article","og_title":"Tienda tipi para ni\u00f1o, juego de juego con colchoneta y almohadas Honey set 7 el. - Cozydots.com","og_description":"Tipi negro con pompones de miel en un conjunto con una estera gruesa y dos almohadas en forma de estrella.","og_url":"https:\/\/cozydots.com\/es\/producto\/tienda-tipi-para-nino-juego-de-juego-con-colchoneta-y-almohadas-honey-set-7-el\/","og_site_name":"Cozydots.com","article_modified_time":"2026-01-01T16:58:31+00:00","og_image":[{"width":1200,"height":1200,"url":"https:\/\/cozydots.com\/wp-content\/uploads\/2017\/08\/kids_tipi_tent_honey_s1_f9.jpg","type":"image\/jpeg"}],"twitter_card":"summary_large_image","twitter_misc":{"Tiempo de lectura":"1 minuto"},"schema":{"@context":"https:\/\/schema.org","@graph":[{"@type":"WebPage","@id":"https:\/\/cozydots.com\/es\/producto\/tienda-tipi-para-nino-juego-de-juego-con-colchoneta-y-almohadas-honey-set-7-el\/","url":"https:\/\/cozydots.com\/es\/producto\/tienda-tipi-para-nino-juego-de-juego-con-colchoneta-y-almohadas-honey-set-7-el\/","name":"Tienda tipi para ni\u00f1o, juego de juego con colchoneta y almohadas Honey set 7 el. - Cozydots.com","isPartOf":{"@id":"https:\/\/cozydots.com\/es\/#website"},"primaryImageOfPage":{"@id":"https:\/\/cozydots.com\/es\/producto\/tienda-tipi-para-nino-juego-de-juego-con-colchoneta-y-almohadas-honey-set-7-el\/#primaryimage"},"image":{"@id":"https:\/\/cozydots.com\/es\/producto\/tienda-tipi-para-nino-juego-de-juego-con-colchoneta-y-almohadas-honey-set-7-el\/#primaryimage"},"thumbnailUrl":"https:\/\/cozydots.com\/wp-content\/uploads\/2017\/08\/kids_tipi_tent_honey_s1_f9.jpg","datePublished":"2019-08-17T12:01:17+00:00","dateModified":"2026-01-01T16:58:31+00:00","description":"Tipi negro con pompones de miel en un conjunto con una estera gruesa y dos almohadas en forma de estrella.","breadcrumb":{"@id":"https:\/\/cozydots.com\/es\/producto\/tienda-tipi-para-nino-juego-de-juego-con-colchoneta-y-almohadas-honey-set-7-el\/#breadcrumb"},"inLanguage":"es","potentialAction":[{"@type":"ReadAction","target":["https:\/\/cozydots.com\/es\/producto\/tienda-tipi-para-nino-juego-de-juego-con-colchoneta-y-almohadas-honey-set-7-el\/"]}]},{"@type":"ImageObject","inLanguage":"es","@id":"https:\/\/cozydots.com\/es\/producto\/tienda-tipi-para-nino-juego-de-juego-con-colchoneta-y-almohadas-honey-set-7-el\/#primaryimage","url":"https:\/\/cozydots.com\/wp-content\/uploads\/2017\/08\/kids_tipi_tent_honey_s1_f9.jpg","contentUrl":"https:\/\/cozydots.com\/wp-content\/uploads\/2017\/08\/kids_tipi_tent_honey_s1_f9.jpg","width":1200,"height":1200,"caption":"kids tipi tent honey"},{"@type":"BreadcrumbList","@id":"https:\/\/cozydots.com\/es\/producto\/tienda-tipi-para-nino-juego-de-juego-con-colchoneta-y-almohadas-honey-set-7-el\/#breadcrumb","itemListElement":[{"@type":"ListItem","position":1,"name":"Strona g\u0142\u00f3wna","item":"https:\/\/cozydots.com\/es\/"},{"@type":"ListItem","position":2,"name":"Tienda","item":"https:\/\/cozydots.com\/es\/tienda\/"},{"@type":"ListItem","position":3,"name":"Tienda tipi para ni\u00f1o, juego de juego con colchoneta y almohadas Honey set 7 el."}]},{"@type":"WebSite","@id":"https:\/\/cozydots.com\/es\/#website","url":"https:\/\/cozydots.com\/es\/","name":"Cozydots.com","description":"Producent namiot\u00f3w Tipi","publisher":{"@id":"https:\/\/cozydots.com\/es\/#organization"},"potentialAction":[{"@type":"SearchAction","target":{"@type":"EntryPoint","urlTemplate":"https:\/\/cozydots.com\/es\/?s={search_term_string}"},"query-input":{"@type":"PropertyValueSpecification","valueRequired":true,"valueName":"search_term_string"}}],"inLanguage":"es"},{"@type":"Organization","@id":"https:\/\/cozydots.com\/es\/#organization","name":"Cozydots.com","url":"https:\/\/cozydots.com\/es\/","logo":{"@type":"ImageObject","inLanguage":"es","@id":"https:\/\/cozydots.com\/es\/#\/schema\/logo\/image\/","url":"https:\/\/cozydots.com\/wp-content\/uploads\/2021\/10\/cozyshop_logo.png","contentUrl":"https:\/\/cozydots.com\/wp-content\/uploads\/2021\/10\/cozyshop_logo.png","width":400,"height":121,"caption":"Cozydots.com"},"image":{"@id":"https:\/\/cozydots.com\/es\/#\/schema\/logo\/image\/"}}]}},"_links":{"self":[{"href":"https:\/\/cozydots.com\/es\/wp-json\/wp\/v2\/product\/21480","targetHints":{"allow":["GET"]}}],"collection":[{"href":"https:\/\/cozydots.com\/es\/wp-json\/wp\/v2\/product"}],"about":[{"href":"https:\/\/cozydots.com\/es\/wp-json\/wp\/v2\/types\/product"}],"replies":[{"embeddable":true,"href":"https:\/\/cozydots.com\/es\/wp-json\/wp\/v2\/comments?post=21480"}],"wp:featuredmedia":[{"embeddable":true,"href":"https:\/\/cozydots.com\/es\/wp-json\/wp\/v2\/media\/53553"}],"wp:attachment":[{"href":"https:\/\/cozydots.com\/es\/wp-json\/wp\/v2\/media?parent=21480"}],"wp:term":[{"taxonomy":"product_brand","embeddable":true,"href":"https:\/\/cozydots.com\/es\/wp-json\/wp\/v2\/product_brand?post=21480"},{"taxonomy":"product_cat","embeddable":true,"href":"https:\/\/cozydots.com\/es\/wp-json\/wp\/v2\/product_cat?post=21480"},{"taxonomy":"product_tag","embeddable":true,"href":"https:\/\/cozydots.com\/es\/wp-json\/wp\/v2\/product_tag?post=21480"}],"curies":[{"name":"wp","href":"https:\/\/api.w.org\/{rel}","templated":true}]}}