{"id":21760,"date":"2017-10-31T13:09:28","date_gmt":"2019-08-22T19:40:36","guid":{"rendered":"https:\/\/cozydots.com\/?post_type=product&#038;p=21760"},"modified":"2023-02-08T11:58:16","modified_gmt":"2023-02-08T10:58:16","slug":"tienda-tipi-rayado-negro-juego-de-tipi-stripes","status":"publish","type":"product","link":"https:\/\/cozydots.com\/es\/producto\/tienda-tipi-rayado-negro-juego-de-tipi-stripes\/","title":{"rendered":"Tienda tipi rayado negro, juego de tipi Stripes"},"content":{"rendered":"<p>El Stripes de Cozyshop es una tienda de campa\u00f1a tipi fuerte hecha de lona de primera calidad con un tejido denso.<\/p>\n<p>La tienda tipi una ventana y un bolsillo para juguetes. La casa tipi se puede lavar en la lavadora, y despu\u00e9s de jugar se pliega f\u00e1cilmente.<br \/>\nNuestro tipi se hace del algod\u00f3n grueso, durable y suave. <strong>Garantiza un espacio seguro con una sombra confortable. Una peque\u00f1a ventana enrollable le permite ver r\u00e1pidamente y vigilar a su peque\u00f1o.<\/strong> Tambi\u00e9n hay 2 bolsillos en el interior que ayudan a organizar todos los peque\u00f1os tesoros.<\/p>\n<p><strong>Juego de carpas Stripes est\u00e1 incluida:<\/strong><\/p>\n<ul>\n<li>Tienda Tipi de rayado<\/li>\n<li>8 palos de pino y 4 conectores de aluminio<\/li>\n<li>stabilizer<\/li>\n<li>Instrucciones para la tienda de campa\u00f1a<\/li>\n<\/ul>\n<p>Plazo de entrega: 1-2 d\u00edas laborables + gastos de env\u00edo.<\/p>\n<p><b>\u00a0<\/b><\/p>\n<p>&nbsp;<\/p>\n","protected":false},"excerpt":{"rendered":"<p>Una fuerte carpa de tipi para jugar con los bolsillos y una ventana. Estabilizador y cubierta incluidos.<\/p>\n","protected":false},"featured_media":41278,"comment_status":"open","ping_status":"closed","template":"","meta":[],"product_brand":[],"product_cat":[1272],"product_tag":[],"class_list":{"0":"post-21760","1":"product","2":"type-product","3":"status-publish","4":"has-post-thumbnail","6":"product_cat-tiendas-tipi","8":"first","9":"instock","10":"sale","11":"taxable","12":"shipping-taxable","13":"product-type-simple"},"yoast_head":"<!-- This site is optimized with the Yoast SEO plugin v27.0 - https:\/\/yoast.com\/product\/yoast-seo-wordpress\/ -->\n<title>Tienda tipi rayado negro, juego de tipi Stripes - Cozydots.com<\/title>\n<meta name=\"description\" content=\"Una fuerte carpa de tipi para jugar con los bolsillos y una ventana. Estabilizador y cubierta incluidos.\" \/>\n<meta name=\"robots\" content=\"index, follow, max-snippet:-1, max-image-preview:large, max-video-preview:-1\" \/>\n<link rel=\"canonical\" href=\"https:\/\/cozydots.com\/es\/producto\/tienda-tipi-rayado-negro-juego-de-tipi-stripes\/\" \/>\n<meta property=\"og:locale\" content=\"es_ES\" \/>\n<meta property=\"og:type\" content=\"article\" \/>\n<meta property=\"og:title\" content=\"Tienda tipi rayado negro, juego de tipi Stripes - Cozydots.com\" \/>\n<meta property=\"og:description\" content=\"Una fuerte carpa de tipi para jugar con los bolsillos y una ventana. Estabilizador y cubierta incluidos.\" \/>\n<meta property=\"og:url\" content=\"https:\/\/cozydots.com\/es\/producto\/tienda-tipi-rayado-negro-juego-de-tipi-stripes\/\" \/>\n<meta property=\"og:site_name\" content=\"Cozydots.com\" \/>\n<meta property=\"article:modified_time\" content=\"2023-02-08T10:58:16+00:00\" \/>\n<meta property=\"og:image\" content=\"https:\/\/cozydots.com\/wp-content\/uploads\/2021\/11\/pp-1243.jpg\" \/>\n\t<meta property=\"og:image:width\" content=\"1200\" \/>\n\t<meta property=\"og:image:height\" content=\"1200\" \/>\n\t<meta property=\"og:image:type\" content=\"image\/jpeg\" \/>\n<meta name=\"twitter:card\" content=\"summary_large_image\" \/>\n<meta name=\"twitter:label1\" content=\"Tiempo de lectura\" \/>\n\t<meta name=\"twitter:data1\" content=\"1 minuto\" \/>\n<script type=\"application\/ld+json\" class=\"yoast-schema-graph\">{\"@context\":\"https:\/\/schema.org\",\"@graph\":[{\"@type\":\"WebPage\",\"@id\":\"https:\/\/cozydots.com\/es\/producto\/tienda-tipi-rayado-negro-juego-de-tipi-stripes\/\",\"url\":\"https:\/\/cozydots.com\/es\/producto\/tienda-tipi-rayado-negro-juego-de-tipi-stripes\/\",\"name\":\"Tienda tipi rayado negro, juego de tipi Stripes - Cozydots.com\",\"isPartOf\":{\"@id\":\"https:\/\/cozydots.com\/es\/#website\"},\"primaryImageOfPage\":{\"@id\":\"https:\/\/cozydots.com\/es\/producto\/tienda-tipi-rayado-negro-juego-de-tipi-stripes\/#primaryimage\"},\"image\":{\"@id\":\"https:\/\/cozydots.com\/es\/producto\/tienda-tipi-rayado-negro-juego-de-tipi-stripes\/#primaryimage\"},\"thumbnailUrl\":\"https:\/\/cozydots.com\/wp-content\/uploads\/2021\/11\/pp-1243.jpg\",\"datePublished\":\"2019-08-22T19:40:36+00:00\",\"dateModified\":\"2023-02-08T10:58:16+00:00\",\"description\":\"Una fuerte carpa de tipi para jugar con los bolsillos y una ventana. Estabilizador y cubierta incluidos.\",\"breadcrumb\":{\"@id\":\"https:\/\/cozydots.com\/es\/producto\/tienda-tipi-rayado-negro-juego-de-tipi-stripes\/#breadcrumb\"},\"inLanguage\":\"es\",\"potentialAction\":[{\"@type\":\"ReadAction\",\"target\":[\"https:\/\/cozydots.com\/es\/producto\/tienda-tipi-rayado-negro-juego-de-tipi-stripes\/\"]}]},{\"@type\":\"ImageObject\",\"inLanguage\":\"es\",\"@id\":\"https:\/\/cozydots.com\/es\/producto\/tienda-tipi-rayado-negro-juego-de-tipi-stripes\/#primaryimage\",\"url\":\"https:\/\/cozydots.com\/wp-content\/uploads\/2021\/11\/pp-1243.jpg\",\"contentUrl\":\"https:\/\/cozydots.com\/wp-content\/uploads\/2021\/11\/pp-1243.jpg\",\"width\":1200,\"height\":1200},{\"@type\":\"BreadcrumbList\",\"@id\":\"https:\/\/cozydots.com\/es\/producto\/tienda-tipi-rayado-negro-juego-de-tipi-stripes\/#breadcrumb\",\"itemListElement\":[{\"@type\":\"ListItem\",\"position\":1,\"name\":\"Strona g\u0142\u00f3wna\",\"item\":\"https:\/\/cozydots.com\/es\/\"},{\"@type\":\"ListItem\",\"position\":2,\"name\":\"Tienda\",\"item\":\"https:\/\/cozydots.com\/es\/tienda\/\"},{\"@type\":\"ListItem\",\"position\":3,\"name\":\"Tienda tipi rayado negro, juego de tipi Stripes\"}]},{\"@type\":\"WebSite\",\"@id\":\"https:\/\/cozydots.com\/es\/#website\",\"url\":\"https:\/\/cozydots.com\/es\/\",\"name\":\"Cozydots.com\",\"description\":\"Producent namiot\u00f3w Tipi\",\"publisher\":{\"@id\":\"https:\/\/cozydots.com\/es\/#organization\"},\"potentialAction\":[{\"@type\":\"SearchAction\",\"target\":{\"@type\":\"EntryPoint\",\"urlTemplate\":\"https:\/\/cozydots.com\/es\/?s={search_term_string}\"},\"query-input\":{\"@type\":\"PropertyValueSpecification\",\"valueRequired\":true,\"valueName\":\"search_term_string\"}}],\"inLanguage\":\"es\"},{\"@type\":\"Organization\",\"@id\":\"https:\/\/cozydots.com\/es\/#organization\",\"name\":\"Cozydots.com\",\"url\":\"https:\/\/cozydots.com\/es\/\",\"logo\":{\"@type\":\"ImageObject\",\"inLanguage\":\"es\",\"@id\":\"https:\/\/cozydots.com\/es\/#\/schema\/logo\/image\/\",\"url\":\"https:\/\/cozydots.com\/wp-content\/uploads\/2021\/10\/cozyshop_logo.png\",\"contentUrl\":\"https:\/\/cozydots.com\/wp-content\/uploads\/2021\/10\/cozyshop_logo.png\",\"width\":400,\"height\":121,\"caption\":\"Cozydots.com\"},\"image\":{\"@id\":\"https:\/\/cozydots.com\/es\/#\/schema\/logo\/image\/\"}}]}<\/script>\n<!-- \/ Yoast SEO plugin. -->","yoast_head_json":{"title":"Tienda tipi rayado negro, juego de tipi Stripes - Cozydots.com","description":"Una fuerte carpa de tipi para jugar con los bolsillos y una ventana. Estabilizador y cubierta incluidos.","robots":{"index":"index","follow":"follow","max-snippet":"max-snippet:-1","max-image-preview":"max-image-preview:large","max-video-preview":"max-video-preview:-1"},"canonical":"https:\/\/cozydots.com\/es\/producto\/tienda-tipi-rayado-negro-juego-de-tipi-stripes\/","og_locale":"es_ES","og_type":"article","og_title":"Tienda tipi rayado negro, juego de tipi Stripes - Cozydots.com","og_description":"Una fuerte carpa de tipi para jugar con los bolsillos y una ventana. Estabilizador y cubierta incluidos.","og_url":"https:\/\/cozydots.com\/es\/producto\/tienda-tipi-rayado-negro-juego-de-tipi-stripes\/","og_site_name":"Cozydots.com","article_modified_time":"2023-02-08T10:58:16+00:00","og_image":[{"width":1200,"height":1200,"url":"https:\/\/cozydots.com\/wp-content\/uploads\/2021\/11\/pp-1243.jpg","type":"image\/jpeg"}],"twitter_card":"summary_large_image","twitter_misc":{"Tiempo de lectura":"1 minuto"},"schema":{"@context":"https:\/\/schema.org","@graph":[{"@type":"WebPage","@id":"https:\/\/cozydots.com\/es\/producto\/tienda-tipi-rayado-negro-juego-de-tipi-stripes\/","url":"https:\/\/cozydots.com\/es\/producto\/tienda-tipi-rayado-negro-juego-de-tipi-stripes\/","name":"Tienda tipi rayado negro, juego de tipi Stripes - Cozydots.com","isPartOf":{"@id":"https:\/\/cozydots.com\/es\/#website"},"primaryImageOfPage":{"@id":"https:\/\/cozydots.com\/es\/producto\/tienda-tipi-rayado-negro-juego-de-tipi-stripes\/#primaryimage"},"image":{"@id":"https:\/\/cozydots.com\/es\/producto\/tienda-tipi-rayado-negro-juego-de-tipi-stripes\/#primaryimage"},"thumbnailUrl":"https:\/\/cozydots.com\/wp-content\/uploads\/2021\/11\/pp-1243.jpg","datePublished":"2019-08-22T19:40:36+00:00","dateModified":"2023-02-08T10:58:16+00:00","description":"Una fuerte carpa de tipi para jugar con los bolsillos y una ventana. Estabilizador y cubierta incluidos.","breadcrumb":{"@id":"https:\/\/cozydots.com\/es\/producto\/tienda-tipi-rayado-negro-juego-de-tipi-stripes\/#breadcrumb"},"inLanguage":"es","potentialAction":[{"@type":"ReadAction","target":["https:\/\/cozydots.com\/es\/producto\/tienda-tipi-rayado-negro-juego-de-tipi-stripes\/"]}]},{"@type":"ImageObject","inLanguage":"es","@id":"https:\/\/cozydots.com\/es\/producto\/tienda-tipi-rayado-negro-juego-de-tipi-stripes\/#primaryimage","url":"https:\/\/cozydots.com\/wp-content\/uploads\/2021\/11\/pp-1243.jpg","contentUrl":"https:\/\/cozydots.com\/wp-content\/uploads\/2021\/11\/pp-1243.jpg","width":1200,"height":1200},{"@type":"BreadcrumbList","@id":"https:\/\/cozydots.com\/es\/producto\/tienda-tipi-rayado-negro-juego-de-tipi-stripes\/#breadcrumb","itemListElement":[{"@type":"ListItem","position":1,"name":"Strona g\u0142\u00f3wna","item":"https:\/\/cozydots.com\/es\/"},{"@type":"ListItem","position":2,"name":"Tienda","item":"https:\/\/cozydots.com\/es\/tienda\/"},{"@type":"ListItem","position":3,"name":"Tienda tipi rayado negro, juego de tipi Stripes"}]},{"@type":"WebSite","@id":"https:\/\/cozydots.com\/es\/#website","url":"https:\/\/cozydots.com\/es\/","name":"Cozydots.com","description":"Producent namiot\u00f3w Tipi","publisher":{"@id":"https:\/\/cozydots.com\/es\/#organization"},"potentialAction":[{"@type":"SearchAction","target":{"@type":"EntryPoint","urlTemplate":"https:\/\/cozydots.com\/es\/?s={search_term_string}"},"query-input":{"@type":"PropertyValueSpecification","valueRequired":true,"valueName":"search_term_string"}}],"inLanguage":"es"},{"@type":"Organization","@id":"https:\/\/cozydots.com\/es\/#organization","name":"Cozydots.com","url":"https:\/\/cozydots.com\/es\/","logo":{"@type":"ImageObject","inLanguage":"es","@id":"https:\/\/cozydots.com\/es\/#\/schema\/logo\/image\/","url":"https:\/\/cozydots.com\/wp-content\/uploads\/2021\/10\/cozyshop_logo.png","contentUrl":"https:\/\/cozydots.com\/wp-content\/uploads\/2021\/10\/cozyshop_logo.png","width":400,"height":121,"caption":"Cozydots.com"},"image":{"@id":"https:\/\/cozydots.com\/es\/#\/schema\/logo\/image\/"}}]}},"_links":{"self":[{"href":"https:\/\/cozydots.com\/es\/wp-json\/wp\/v2\/product\/21760","targetHints":{"allow":["GET"]}}],"collection":[{"href":"https:\/\/cozydots.com\/es\/wp-json\/wp\/v2\/product"}],"about":[{"href":"https:\/\/cozydots.com\/es\/wp-json\/wp\/v2\/types\/product"}],"replies":[{"embeddable":true,"href":"https:\/\/cozydots.com\/es\/wp-json\/wp\/v2\/comments?post=21760"}],"wp:featuredmedia":[{"embeddable":true,"href":"https:\/\/cozydots.com\/es\/wp-json\/wp\/v2\/media\/41278"}],"wp:attachment":[{"href":"https:\/\/cozydots.com\/es\/wp-json\/wp\/v2\/media?parent=21760"}],"wp:term":[{"taxonomy":"product_brand","embeddable":true,"href":"https:\/\/cozydots.com\/es\/wp-json\/wp\/v2\/product_brand?post=21760"},{"taxonomy":"product_cat","embeddable":true,"href":"https:\/\/cozydots.com\/es\/wp-json\/wp\/v2\/product_cat?post=21760"},{"taxonomy":"product_tag","embeddable":true,"href":"https:\/\/cozydots.com\/es\/wp-json\/wp\/v2\/product_tag?post=21760"}],"curies":[{"name":"wp","href":"https:\/\/api.w.org\/{rel}","templated":true}]}}