{"id":21808,"date":"2018-04-10T11:05:45","date_gmt":"2019-08-26T11:33:52","guid":{"rendered":"https:\/\/cozydots.com\/?post_type=product&#038;p=21808"},"modified":"2023-03-10T17:58:06","modified_gmt":"2023-03-10T16:58:06","slug":"tienda-de-campana-india-para-ninos-boho-white-set","status":"publish","type":"product","link":"https:\/\/cozydots.com\/es\/producto\/tienda-de-campana-india-para-ninos-boho-white-set\/","title":{"rendered":"Tienda De Campa\u00f1a India Para Ni\u00f1os Boho White set"},"content":{"rendered":"<p><img loading=\"lazy\" decoding=\"async\" class=\"alignright size-large wp-image-7779\" src=\"https:\/\/cozydots.com\/wp-content\/uploads\/2021\/11\/pp-1389-1200x1200.jpg\" alt=\"boho tipi\" width=\"533\" height=\"800\" \/><\/p>\n<p><strong>Tienda Tipi blanca con borlas de colores. Una casa india estilo Boho de Cozyshop.<\/strong><\/p>\n<p>El tipi tienda es el lugar perfecto para jugar y para relajarse \u2013 en el pa\u00eds o en el jard\u00edn. Con palos plegables y una bolsa, puedes llevarlos f\u00e1cilmente contigo a tus abuelos o de vacaciones.<br \/>\n<strong>La casa de campo del tipi es un gran regalo para los cumplea\u00f1os, d\u00edas de fiesta para los ni\u00f1os de 0-7 a\u00f1os.<\/strong><\/p>\n<p><strong>El tipi de la tienda y todos los accesorios textiles se pueden lavar en una lavadora.<\/strong><\/p>\n<p>La tienda de campa\u00f1a de estilo indio tiene una ventana con persiana y dos bolsillos para juguetes. La tienda tiene cintas para cerrar la puerta.<\/p>\n<p>El juego incluye:<\/p>\n<ul>\n<li>Tienda Tipi<\/li>\n<li>Alfombra de juego<\/li>\n<li>un libro con ideas para jugar en una tienda de campa\u00f1a.<\/li>\n<li>bastones de pino plegables + 4 conectores<\/li>\n<li>instrucci\u00f3n + cable para la estabilizaci\u00f3n<\/li>\n<\/ul>\n<p><strong>Los tejidos usados son seguros para los ni\u00f1os, los palos de madera son redondeados en los extremos y todo el conjunto est\u00e1 certificado por la CE.<\/strong><br \/>\nDise\u00f1amos y cosemos en Polonia tejidos europeos de acuerdo con los est\u00e1ndares de FAIRTRADE.<\/p>\n<p>&nbsp;<\/p>\n","protected":false},"excerpt":{"rendered":"<p>Tienda Tipi con ventana, dos bolsillos para juguetes \u2013 estructura estable. Fuerte lienzo Premium fabricado en la UE.<br \/>\nTienda de campa\u00f1a con estera. Folleto gratuito con ideas para un interesante juego en la tienda de campa\u00f1a.<\/p>\n","protected":false},"featured_media":53538,"comment_status":"open","ping_status":"closed","template":"","meta":[],"product_brand":[],"product_cat":[1272],"product_tag":[1439],"class_list":{"0":"post-21808","1":"product","2":"type-product","3":"status-publish","4":"has-post-thumbnail","6":"product_cat-tiendas-tipi","7":"product_tag-pla-es","9":"first","10":"instock","11":"taxable","12":"shipping-taxable","13":"product-type-simple"},"yoast_head":"<!-- This site is optimized with the Yoast SEO plugin v27.0 - https:\/\/yoast.com\/product\/yoast-seo-wordpress\/ -->\n<title>Tienda De Campa\u00f1a India Para Ni\u00f1os Boho White set - Cozydots.com<\/title>\n<meta name=\"description\" content=\"Tienda Tipi con ventana, dos bolsillos para juguetes \u2013 estructura estable. Fuerte lienzo Premium fabricado en la UE.Tienda de campa\u00f1a con estera. Folleto gratuito con ideas para un interesante juego en la tienda de campa\u00f1a.\" \/>\n<meta name=\"robots\" content=\"index, follow, max-snippet:-1, max-image-preview:large, max-video-preview:-1\" \/>\n<link rel=\"canonical\" href=\"https:\/\/cozydots.com\/es\/producto\/tienda-de-campana-india-para-ninos-boho-white-set\/\" \/>\n<meta property=\"og:locale\" content=\"es_ES\" \/>\n<meta property=\"og:type\" content=\"article\" \/>\n<meta property=\"og:title\" content=\"Tienda De Campa\u00f1a India Para Ni\u00f1os Boho White set - Cozydots.com\" \/>\n<meta property=\"og:description\" content=\"Tienda Tipi con ventana, dos bolsillos para juguetes \u2013 estructura estable. Fuerte lienzo Premium fabricado en la UE.Tienda de campa\u00f1a con estera. Folleto gratuito con ideas para un interesante juego en la tienda de campa\u00f1a.\" \/>\n<meta property=\"og:url\" content=\"https:\/\/cozydots.com\/es\/producto\/tienda-de-campana-india-para-ninos-boho-white-set\/\" \/>\n<meta property=\"og:site_name\" content=\"Cozydots.com\" \/>\n<meta property=\"article:modified_time\" content=\"2023-03-10T16:58:06+00:00\" \/>\n<meta property=\"og:image\" content=\"https:\/\/cozydots.com\/wp-content\/uploads\/2018\/04\/kids_tipi_tent_boho_s1_po-1.jpg\" \/>\n\t<meta property=\"og:image:width\" content=\"1200\" \/>\n\t<meta property=\"og:image:height\" content=\"1200\" \/>\n\t<meta property=\"og:image:type\" content=\"image\/jpeg\" \/>\n<meta name=\"twitter:card\" content=\"summary_large_image\" \/>\n<meta name=\"twitter:label1\" content=\"Tiempo de lectura\" \/>\n\t<meta name=\"twitter:data1\" content=\"1 minuto\" \/>\n<script type=\"application\/ld+json\" class=\"yoast-schema-graph\">{\"@context\":\"https:\/\/schema.org\",\"@graph\":[{\"@type\":\"WebPage\",\"@id\":\"https:\/\/cozydots.com\/es\/producto\/tienda-de-campana-india-para-ninos-boho-white-set\/\",\"url\":\"https:\/\/cozydots.com\/es\/producto\/tienda-de-campana-india-para-ninos-boho-white-set\/\",\"name\":\"Tienda De Campa\u00f1a India Para Ni\u00f1os Boho White set - Cozydots.com\",\"isPartOf\":{\"@id\":\"https:\/\/cozydots.com\/es\/#website\"},\"primaryImageOfPage\":{\"@id\":\"https:\/\/cozydots.com\/es\/producto\/tienda-de-campana-india-para-ninos-boho-white-set\/#primaryimage\"},\"image\":{\"@id\":\"https:\/\/cozydots.com\/es\/producto\/tienda-de-campana-india-para-ninos-boho-white-set\/#primaryimage\"},\"thumbnailUrl\":\"https:\/\/cozydots.com\/wp-content\/uploads\/2018\/04\/kids_tipi_tent_boho_s1_po-1.jpg\",\"datePublished\":\"2019-08-26T11:33:52+00:00\",\"dateModified\":\"2023-03-10T16:58:06+00:00\",\"description\":\"Tienda Tipi con ventana, dos bolsillos para juguetes \u2013 estructura estable. Fuerte lienzo Premium fabricado en la UE.Tienda de campa\u00f1a con estera. Folleto gratuito con ideas para un interesante juego en la tienda de campa\u00f1a.\",\"breadcrumb\":{\"@id\":\"https:\/\/cozydots.com\/es\/producto\/tienda-de-campana-india-para-ninos-boho-white-set\/#breadcrumb\"},\"inLanguage\":\"es\",\"potentialAction\":[{\"@type\":\"ReadAction\",\"target\":[\"https:\/\/cozydots.com\/es\/producto\/tienda-de-campana-india-para-ninos-boho-white-set\/\"]}]},{\"@type\":\"ImageObject\",\"inLanguage\":\"es\",\"@id\":\"https:\/\/cozydots.com\/es\/producto\/tienda-de-campana-india-para-ninos-boho-white-set\/#primaryimage\",\"url\":\"https:\/\/cozydots.com\/wp-content\/uploads\/2018\/04\/kids_tipi_tent_boho_s1_po-1.jpg\",\"contentUrl\":\"https:\/\/cozydots.com\/wp-content\/uploads\/2018\/04\/kids_tipi_tent_boho_s1_po-1.jpg\",\"width\":1200,\"height\":1200,\"caption\":\"kids tipi tent boho\"},{\"@type\":\"BreadcrumbList\",\"@id\":\"https:\/\/cozydots.com\/es\/producto\/tienda-de-campana-india-para-ninos-boho-white-set\/#breadcrumb\",\"itemListElement\":[{\"@type\":\"ListItem\",\"position\":1,\"name\":\"Strona g\u0142\u00f3wna\",\"item\":\"https:\/\/cozydots.com\/es\/\"},{\"@type\":\"ListItem\",\"position\":2,\"name\":\"Tienda\",\"item\":\"https:\/\/cozydots.com\/es\/tienda\/\"},{\"@type\":\"ListItem\",\"position\":3,\"name\":\"Tienda De Campa\u00f1a India Para Ni\u00f1os Boho White set\"}]},{\"@type\":\"WebSite\",\"@id\":\"https:\/\/cozydots.com\/es\/#website\",\"url\":\"https:\/\/cozydots.com\/es\/\",\"name\":\"Cozydots.com\",\"description\":\"Producent namiot\u00f3w Tipi\",\"publisher\":{\"@id\":\"https:\/\/cozydots.com\/es\/#organization\"},\"potentialAction\":[{\"@type\":\"SearchAction\",\"target\":{\"@type\":\"EntryPoint\",\"urlTemplate\":\"https:\/\/cozydots.com\/es\/?s={search_term_string}\"},\"query-input\":{\"@type\":\"PropertyValueSpecification\",\"valueRequired\":true,\"valueName\":\"search_term_string\"}}],\"inLanguage\":\"es\"},{\"@type\":\"Organization\",\"@id\":\"https:\/\/cozydots.com\/es\/#organization\",\"name\":\"Cozydots.com\",\"url\":\"https:\/\/cozydots.com\/es\/\",\"logo\":{\"@type\":\"ImageObject\",\"inLanguage\":\"es\",\"@id\":\"https:\/\/cozydots.com\/es\/#\/schema\/logo\/image\/\",\"url\":\"https:\/\/cozydots.com\/wp-content\/uploads\/2021\/10\/cozyshop_logo.png\",\"contentUrl\":\"https:\/\/cozydots.com\/wp-content\/uploads\/2021\/10\/cozyshop_logo.png\",\"width\":400,\"height\":121,\"caption\":\"Cozydots.com\"},\"image\":{\"@id\":\"https:\/\/cozydots.com\/es\/#\/schema\/logo\/image\/\"}}]}<\/script>\n<!-- \/ Yoast SEO plugin. -->","yoast_head_json":{"title":"Tienda De Campa\u00f1a India Para Ni\u00f1os Boho White set - Cozydots.com","description":"Tienda Tipi con ventana, dos bolsillos para juguetes \u2013 estructura estable. Fuerte lienzo Premium fabricado en la UE.Tienda de campa\u00f1a con estera. Folleto gratuito con ideas para un interesante juego en la tienda de campa\u00f1a.","robots":{"index":"index","follow":"follow","max-snippet":"max-snippet:-1","max-image-preview":"max-image-preview:large","max-video-preview":"max-video-preview:-1"},"canonical":"https:\/\/cozydots.com\/es\/producto\/tienda-de-campana-india-para-ninos-boho-white-set\/","og_locale":"es_ES","og_type":"article","og_title":"Tienda De Campa\u00f1a India Para Ni\u00f1os Boho White set - Cozydots.com","og_description":"Tienda Tipi con ventana, dos bolsillos para juguetes \u2013 estructura estable. Fuerte lienzo Premium fabricado en la UE.Tienda de campa\u00f1a con estera. Folleto gratuito con ideas para un interesante juego en la tienda de campa\u00f1a.","og_url":"https:\/\/cozydots.com\/es\/producto\/tienda-de-campana-india-para-ninos-boho-white-set\/","og_site_name":"Cozydots.com","article_modified_time":"2023-03-10T16:58:06+00:00","og_image":[{"width":1200,"height":1200,"url":"https:\/\/cozydots.com\/wp-content\/uploads\/2018\/04\/kids_tipi_tent_boho_s1_po-1.jpg","type":"image\/jpeg"}],"twitter_card":"summary_large_image","twitter_misc":{"Tiempo de lectura":"1 minuto"},"schema":{"@context":"https:\/\/schema.org","@graph":[{"@type":"WebPage","@id":"https:\/\/cozydots.com\/es\/producto\/tienda-de-campana-india-para-ninos-boho-white-set\/","url":"https:\/\/cozydots.com\/es\/producto\/tienda-de-campana-india-para-ninos-boho-white-set\/","name":"Tienda De Campa\u00f1a India Para Ni\u00f1os Boho White set - Cozydots.com","isPartOf":{"@id":"https:\/\/cozydots.com\/es\/#website"},"primaryImageOfPage":{"@id":"https:\/\/cozydots.com\/es\/producto\/tienda-de-campana-india-para-ninos-boho-white-set\/#primaryimage"},"image":{"@id":"https:\/\/cozydots.com\/es\/producto\/tienda-de-campana-india-para-ninos-boho-white-set\/#primaryimage"},"thumbnailUrl":"https:\/\/cozydots.com\/wp-content\/uploads\/2018\/04\/kids_tipi_tent_boho_s1_po-1.jpg","datePublished":"2019-08-26T11:33:52+00:00","dateModified":"2023-03-10T16:58:06+00:00","description":"Tienda Tipi con ventana, dos bolsillos para juguetes \u2013 estructura estable. Fuerte lienzo Premium fabricado en la UE.Tienda de campa\u00f1a con estera. Folleto gratuito con ideas para un interesante juego en la tienda de campa\u00f1a.","breadcrumb":{"@id":"https:\/\/cozydots.com\/es\/producto\/tienda-de-campana-india-para-ninos-boho-white-set\/#breadcrumb"},"inLanguage":"es","potentialAction":[{"@type":"ReadAction","target":["https:\/\/cozydots.com\/es\/producto\/tienda-de-campana-india-para-ninos-boho-white-set\/"]}]},{"@type":"ImageObject","inLanguage":"es","@id":"https:\/\/cozydots.com\/es\/producto\/tienda-de-campana-india-para-ninos-boho-white-set\/#primaryimage","url":"https:\/\/cozydots.com\/wp-content\/uploads\/2018\/04\/kids_tipi_tent_boho_s1_po-1.jpg","contentUrl":"https:\/\/cozydots.com\/wp-content\/uploads\/2018\/04\/kids_tipi_tent_boho_s1_po-1.jpg","width":1200,"height":1200,"caption":"kids tipi tent boho"},{"@type":"BreadcrumbList","@id":"https:\/\/cozydots.com\/es\/producto\/tienda-de-campana-india-para-ninos-boho-white-set\/#breadcrumb","itemListElement":[{"@type":"ListItem","position":1,"name":"Strona g\u0142\u00f3wna","item":"https:\/\/cozydots.com\/es\/"},{"@type":"ListItem","position":2,"name":"Tienda","item":"https:\/\/cozydots.com\/es\/tienda\/"},{"@type":"ListItem","position":3,"name":"Tienda De Campa\u00f1a India Para Ni\u00f1os Boho White set"}]},{"@type":"WebSite","@id":"https:\/\/cozydots.com\/es\/#website","url":"https:\/\/cozydots.com\/es\/","name":"Cozydots.com","description":"Producent namiot\u00f3w Tipi","publisher":{"@id":"https:\/\/cozydots.com\/es\/#organization"},"potentialAction":[{"@type":"SearchAction","target":{"@type":"EntryPoint","urlTemplate":"https:\/\/cozydots.com\/es\/?s={search_term_string}"},"query-input":{"@type":"PropertyValueSpecification","valueRequired":true,"valueName":"search_term_string"}}],"inLanguage":"es"},{"@type":"Organization","@id":"https:\/\/cozydots.com\/es\/#organization","name":"Cozydots.com","url":"https:\/\/cozydots.com\/es\/","logo":{"@type":"ImageObject","inLanguage":"es","@id":"https:\/\/cozydots.com\/es\/#\/schema\/logo\/image\/","url":"https:\/\/cozydots.com\/wp-content\/uploads\/2021\/10\/cozyshop_logo.png","contentUrl":"https:\/\/cozydots.com\/wp-content\/uploads\/2021\/10\/cozyshop_logo.png","width":400,"height":121,"caption":"Cozydots.com"},"image":{"@id":"https:\/\/cozydots.com\/es\/#\/schema\/logo\/image\/"}}]}},"_links":{"self":[{"href":"https:\/\/cozydots.com\/es\/wp-json\/wp\/v2\/product\/21808","targetHints":{"allow":["GET"]}}],"collection":[{"href":"https:\/\/cozydots.com\/es\/wp-json\/wp\/v2\/product"}],"about":[{"href":"https:\/\/cozydots.com\/es\/wp-json\/wp\/v2\/types\/product"}],"replies":[{"embeddable":true,"href":"https:\/\/cozydots.com\/es\/wp-json\/wp\/v2\/comments?post=21808"}],"wp:featuredmedia":[{"embeddable":true,"href":"https:\/\/cozydots.com\/es\/wp-json\/wp\/v2\/media\/53538"}],"wp:attachment":[{"href":"https:\/\/cozydots.com\/es\/wp-json\/wp\/v2\/media?parent=21808"}],"wp:term":[{"taxonomy":"product_brand","embeddable":true,"href":"https:\/\/cozydots.com\/es\/wp-json\/wp\/v2\/product_brand?post=21808"},{"taxonomy":"product_cat","embeddable":true,"href":"https:\/\/cozydots.com\/es\/wp-json\/wp\/v2\/product_cat?post=21808"},{"taxonomy":"product_tag","embeddable":true,"href":"https:\/\/cozydots.com\/es\/wp-json\/wp\/v2\/product_tag?post=21808"}],"curies":[{"name":"wp","href":"https:\/\/api.w.org\/{rel}","templated":true}]}}