{"id":21853,"date":"2017-08-03T15:16:39","date_gmt":"2019-08-26T14:08:06","guid":{"rendered":"https:\/\/cozydots.com\/?post_type=product&#038;p=21853"},"modified":"2023-03-19T00:18:28","modified_gmt":"2023-03-18T23:18:28","slug":"tienda-tipi-en-diseno-azteca-tipi-mexican","status":"publish","type":"product","link":"https:\/\/cozydots.com\/es\/producto\/tienda-tipi-en-diseno-azteca-tipi-mexican\/","title":{"rendered":"Tienda Tipi en dise\u00f1o azteca, tipi Mexican"},"content":{"rendered":"<h3>Tipi de ni\u00f1os indios con motivos aztecas de la serie mexicana<\/h3>\n<p>Carpa hecha a mano para ni\u00f1os de la serie mexicana Cozyshop es un lugar ideal para jugar para peque\u00f1os aventureros y viajeros. <strong>Lienzo de algod\u00f3n en color natural acabado en material turquesa con motivo geom\u00e9trico en la parte superior, y la entrada cubierta con cinta con borlas indias en marr\u00f3n.<\/strong><\/p>\n<p>El robusto lienzo del wigwam est\u00e1 hecho de algod\u00f3n natural y aireado. Tipi le proteger\u00e1 del viento y del sol mientras usted juega al aire libre y le proporcionar\u00e1 un escondite acogedor para su ni\u00f1o, acomodando f\u00e1cilmente sus juguetes y libros favoritos.\u00a0La ventana que se puede abrir soporta adicionalmente el flujo de aire, de modo que no se caliente demasiado en el interior.<\/p>\n<p><strong>El tipi de la tienda y todos los accesorios textiles se pueden lavar en una lavadora.<\/strong><\/p>\n<p>La tienda de campa\u00f1a de estilo indio tiene una ventana con persiana y dos bolsillos para juguetes. La tienda tiene cintas para cerrar la puerta.<\/p>\n<p>El juego incluye:<\/p>\n<ul>\n<li>Tienda Tipi<\/li>\n<li>una bolsa atada a un asa de transporte<\/li>\n<li>un libro con ideas para jugar en una tienda de campa\u00f1a.<\/li>\n<li>bastones de pino plegables + 4 conectores<\/li>\n<li>instrucci\u00f3n + cable para la estabilizaci\u00f3n<\/li>\n<\/ul>\n<p><strong>Los tejidos usados son seguros para los ni\u00f1os, los palos de madera son redondeados en los extremos y todo el conjunto est\u00e1 certificado por la CE.<\/strong><br \/>\nDise\u00f1amos y cosemos en Polonia tejidos europeos de acuerdo con los est\u00e1ndares de FAIRTRADE.<\/p>\n<p>&nbsp;<\/p>\n","protected":false},"excerpt":{"rendered":"<p>Tienda Tipi con ventana, dos bolsillos para juguetes \u2013 estructura estable. Fuerte lienzo Premium fabricado en la UE.<\/p>\n","protected":false},"featured_media":41474,"comment_status":"open","ping_status":"closed","template":"","meta":[],"product_brand":[],"product_cat":[1272],"product_tag":[],"class_list":{"0":"post-21853","1":"product","2":"type-product","3":"status-publish","4":"has-post-thumbnail","6":"product_cat-tiendas-tipi","8":"first","9":"instock","10":"sale","11":"taxable","12":"shipping-taxable","13":"product-type-simple"},"yoast_head":"<!-- This site is optimized with the Yoast SEO plugin v27.0 - https:\/\/yoast.com\/product\/yoast-seo-wordpress\/ -->\n<title>Tienda Tipi en dise\u00f1o azteca, tipi Mexican - Cozydots.com<\/title>\n<meta name=\"description\" content=\"Tienda Tipi con ventana, dos bolsillos para juguetes \u2013 estructura estable. Fuerte lienzo Premium fabricado en la UE.\" \/>\n<meta name=\"robots\" content=\"index, follow, max-snippet:-1, max-image-preview:large, max-video-preview:-1\" \/>\n<link rel=\"canonical\" href=\"https:\/\/cozydots.com\/es\/producto\/tienda-tipi-en-diseno-azteca-tipi-mexican\/\" \/>\n<meta property=\"og:locale\" content=\"es_ES\" \/>\n<meta property=\"og:type\" content=\"article\" \/>\n<meta property=\"og:title\" content=\"Tienda Tipi en dise\u00f1o azteca, tipi Mexican - Cozydots.com\" \/>\n<meta property=\"og:description\" content=\"Tienda Tipi con ventana, dos bolsillos para juguetes \u2013 estructura estable. Fuerte lienzo Premium fabricado en la UE.\" \/>\n<meta property=\"og:url\" content=\"https:\/\/cozydots.com\/es\/producto\/tienda-tipi-en-diseno-azteca-tipi-mexican\/\" \/>\n<meta property=\"og:site_name\" content=\"Cozydots.com\" \/>\n<meta property=\"article:modified_time\" content=\"2023-03-18T23:18:28+00:00\" \/>\n<meta property=\"og:image\" content=\"https:\/\/cozydots.com\/wp-content\/uploads\/2021\/11\/pp-1494.jpg\" \/>\n\t<meta property=\"og:image:width\" content=\"1200\" \/>\n\t<meta property=\"og:image:height\" content=\"1200\" \/>\n\t<meta property=\"og:image:type\" content=\"image\/jpeg\" \/>\n<meta name=\"twitter:card\" content=\"summary_large_image\" \/>\n<meta name=\"twitter:label1\" content=\"Tiempo de lectura\" \/>\n\t<meta name=\"twitter:data1\" content=\"1 minuto\" \/>\n<script type=\"application\/ld+json\" class=\"yoast-schema-graph\">{\"@context\":\"https:\/\/schema.org\",\"@graph\":[{\"@type\":\"WebPage\",\"@id\":\"https:\/\/cozydots.com\/es\/producto\/tienda-tipi-en-diseno-azteca-tipi-mexican\/\",\"url\":\"https:\/\/cozydots.com\/es\/producto\/tienda-tipi-en-diseno-azteca-tipi-mexican\/\",\"name\":\"Tienda Tipi en dise\u00f1o azteca, tipi Mexican - Cozydots.com\",\"isPartOf\":{\"@id\":\"https:\/\/cozydots.com\/es\/#website\"},\"primaryImageOfPage\":{\"@id\":\"https:\/\/cozydots.com\/es\/producto\/tienda-tipi-en-diseno-azteca-tipi-mexican\/#primaryimage\"},\"image\":{\"@id\":\"https:\/\/cozydots.com\/es\/producto\/tienda-tipi-en-diseno-azteca-tipi-mexican\/#primaryimage\"},\"thumbnailUrl\":\"https:\/\/cozydots.com\/wp-content\/uploads\/2021\/11\/pp-1494.jpg\",\"datePublished\":\"2019-08-26T14:08:06+00:00\",\"dateModified\":\"2023-03-18T23:18:28+00:00\",\"description\":\"Tienda Tipi con ventana, dos bolsillos para juguetes \u2013 estructura estable. Fuerte lienzo Premium fabricado en la UE.\",\"breadcrumb\":{\"@id\":\"https:\/\/cozydots.com\/es\/producto\/tienda-tipi-en-diseno-azteca-tipi-mexican\/#breadcrumb\"},\"inLanguage\":\"es\",\"potentialAction\":[{\"@type\":\"ReadAction\",\"target\":[\"https:\/\/cozydots.com\/es\/producto\/tienda-tipi-en-diseno-azteca-tipi-mexican\/\"]}]},{\"@type\":\"ImageObject\",\"inLanguage\":\"es\",\"@id\":\"https:\/\/cozydots.com\/es\/producto\/tienda-tipi-en-diseno-azteca-tipi-mexican\/#primaryimage\",\"url\":\"https:\/\/cozydots.com\/wp-content\/uploads\/2021\/11\/pp-1494.jpg\",\"contentUrl\":\"https:\/\/cozydots.com\/wp-content\/uploads\/2021\/11\/pp-1494.jpg\",\"width\":1200,\"height\":1200},{\"@type\":\"BreadcrumbList\",\"@id\":\"https:\/\/cozydots.com\/es\/producto\/tienda-tipi-en-diseno-azteca-tipi-mexican\/#breadcrumb\",\"itemListElement\":[{\"@type\":\"ListItem\",\"position\":1,\"name\":\"Strona g\u0142\u00f3wna\",\"item\":\"https:\/\/cozydots.com\/es\/\"},{\"@type\":\"ListItem\",\"position\":2,\"name\":\"Tienda\",\"item\":\"https:\/\/cozydots.com\/es\/tienda\/\"},{\"@type\":\"ListItem\",\"position\":3,\"name\":\"Tienda Tipi en dise\u00f1o azteca, tipi Mexican\"}]},{\"@type\":\"WebSite\",\"@id\":\"https:\/\/cozydots.com\/es\/#website\",\"url\":\"https:\/\/cozydots.com\/es\/\",\"name\":\"Cozydots.com\",\"description\":\"Producent namiot\u00f3w Tipi\",\"publisher\":{\"@id\":\"https:\/\/cozydots.com\/es\/#organization\"},\"potentialAction\":[{\"@type\":\"SearchAction\",\"target\":{\"@type\":\"EntryPoint\",\"urlTemplate\":\"https:\/\/cozydots.com\/es\/?s={search_term_string}\"},\"query-input\":{\"@type\":\"PropertyValueSpecification\",\"valueRequired\":true,\"valueName\":\"search_term_string\"}}],\"inLanguage\":\"es\"},{\"@type\":\"Organization\",\"@id\":\"https:\/\/cozydots.com\/es\/#organization\",\"name\":\"Cozydots.com\",\"url\":\"https:\/\/cozydots.com\/es\/\",\"logo\":{\"@type\":\"ImageObject\",\"inLanguage\":\"es\",\"@id\":\"https:\/\/cozydots.com\/es\/#\/schema\/logo\/image\/\",\"url\":\"https:\/\/cozydots.com\/wp-content\/uploads\/2021\/10\/cozyshop_logo.png\",\"contentUrl\":\"https:\/\/cozydots.com\/wp-content\/uploads\/2021\/10\/cozyshop_logo.png\",\"width\":400,\"height\":121,\"caption\":\"Cozydots.com\"},\"image\":{\"@id\":\"https:\/\/cozydots.com\/es\/#\/schema\/logo\/image\/\"}}]}<\/script>\n<!-- \/ Yoast SEO plugin. -->","yoast_head_json":{"title":"Tienda Tipi en dise\u00f1o azteca, tipi Mexican - Cozydots.com","description":"Tienda Tipi con ventana, dos bolsillos para juguetes \u2013 estructura estable. Fuerte lienzo Premium fabricado en la UE.","robots":{"index":"index","follow":"follow","max-snippet":"max-snippet:-1","max-image-preview":"max-image-preview:large","max-video-preview":"max-video-preview:-1"},"canonical":"https:\/\/cozydots.com\/es\/producto\/tienda-tipi-en-diseno-azteca-tipi-mexican\/","og_locale":"es_ES","og_type":"article","og_title":"Tienda Tipi en dise\u00f1o azteca, tipi Mexican - Cozydots.com","og_description":"Tienda Tipi con ventana, dos bolsillos para juguetes \u2013 estructura estable. Fuerte lienzo Premium fabricado en la UE.","og_url":"https:\/\/cozydots.com\/es\/producto\/tienda-tipi-en-diseno-azteca-tipi-mexican\/","og_site_name":"Cozydots.com","article_modified_time":"2023-03-18T23:18:28+00:00","og_image":[{"width":1200,"height":1200,"url":"https:\/\/cozydots.com\/wp-content\/uploads\/2021\/11\/pp-1494.jpg","type":"image\/jpeg"}],"twitter_card":"summary_large_image","twitter_misc":{"Tiempo de lectura":"1 minuto"},"schema":{"@context":"https:\/\/schema.org","@graph":[{"@type":"WebPage","@id":"https:\/\/cozydots.com\/es\/producto\/tienda-tipi-en-diseno-azteca-tipi-mexican\/","url":"https:\/\/cozydots.com\/es\/producto\/tienda-tipi-en-diseno-azteca-tipi-mexican\/","name":"Tienda Tipi en dise\u00f1o azteca, tipi Mexican - Cozydots.com","isPartOf":{"@id":"https:\/\/cozydots.com\/es\/#website"},"primaryImageOfPage":{"@id":"https:\/\/cozydots.com\/es\/producto\/tienda-tipi-en-diseno-azteca-tipi-mexican\/#primaryimage"},"image":{"@id":"https:\/\/cozydots.com\/es\/producto\/tienda-tipi-en-diseno-azteca-tipi-mexican\/#primaryimage"},"thumbnailUrl":"https:\/\/cozydots.com\/wp-content\/uploads\/2021\/11\/pp-1494.jpg","datePublished":"2019-08-26T14:08:06+00:00","dateModified":"2023-03-18T23:18:28+00:00","description":"Tienda Tipi con ventana, dos bolsillos para juguetes \u2013 estructura estable. Fuerte lienzo Premium fabricado en la UE.","breadcrumb":{"@id":"https:\/\/cozydots.com\/es\/producto\/tienda-tipi-en-diseno-azteca-tipi-mexican\/#breadcrumb"},"inLanguage":"es","potentialAction":[{"@type":"ReadAction","target":["https:\/\/cozydots.com\/es\/producto\/tienda-tipi-en-diseno-azteca-tipi-mexican\/"]}]},{"@type":"ImageObject","inLanguage":"es","@id":"https:\/\/cozydots.com\/es\/producto\/tienda-tipi-en-diseno-azteca-tipi-mexican\/#primaryimage","url":"https:\/\/cozydots.com\/wp-content\/uploads\/2021\/11\/pp-1494.jpg","contentUrl":"https:\/\/cozydots.com\/wp-content\/uploads\/2021\/11\/pp-1494.jpg","width":1200,"height":1200},{"@type":"BreadcrumbList","@id":"https:\/\/cozydots.com\/es\/producto\/tienda-tipi-en-diseno-azteca-tipi-mexican\/#breadcrumb","itemListElement":[{"@type":"ListItem","position":1,"name":"Strona g\u0142\u00f3wna","item":"https:\/\/cozydots.com\/es\/"},{"@type":"ListItem","position":2,"name":"Tienda","item":"https:\/\/cozydots.com\/es\/tienda\/"},{"@type":"ListItem","position":3,"name":"Tienda Tipi en dise\u00f1o azteca, tipi Mexican"}]},{"@type":"WebSite","@id":"https:\/\/cozydots.com\/es\/#website","url":"https:\/\/cozydots.com\/es\/","name":"Cozydots.com","description":"Producent namiot\u00f3w Tipi","publisher":{"@id":"https:\/\/cozydots.com\/es\/#organization"},"potentialAction":[{"@type":"SearchAction","target":{"@type":"EntryPoint","urlTemplate":"https:\/\/cozydots.com\/es\/?s={search_term_string}"},"query-input":{"@type":"PropertyValueSpecification","valueRequired":true,"valueName":"search_term_string"}}],"inLanguage":"es"},{"@type":"Organization","@id":"https:\/\/cozydots.com\/es\/#organization","name":"Cozydots.com","url":"https:\/\/cozydots.com\/es\/","logo":{"@type":"ImageObject","inLanguage":"es","@id":"https:\/\/cozydots.com\/es\/#\/schema\/logo\/image\/","url":"https:\/\/cozydots.com\/wp-content\/uploads\/2021\/10\/cozyshop_logo.png","contentUrl":"https:\/\/cozydots.com\/wp-content\/uploads\/2021\/10\/cozyshop_logo.png","width":400,"height":121,"caption":"Cozydots.com"},"image":{"@id":"https:\/\/cozydots.com\/es\/#\/schema\/logo\/image\/"}}]}},"_links":{"self":[{"href":"https:\/\/cozydots.com\/es\/wp-json\/wp\/v2\/product\/21853","targetHints":{"allow":["GET"]}}],"collection":[{"href":"https:\/\/cozydots.com\/es\/wp-json\/wp\/v2\/product"}],"about":[{"href":"https:\/\/cozydots.com\/es\/wp-json\/wp\/v2\/types\/product"}],"replies":[{"embeddable":true,"href":"https:\/\/cozydots.com\/es\/wp-json\/wp\/v2\/comments?post=21853"}],"wp:featuredmedia":[{"embeddable":true,"href":"https:\/\/cozydots.com\/es\/wp-json\/wp\/v2\/media\/41474"}],"wp:attachment":[{"href":"https:\/\/cozydots.com\/es\/wp-json\/wp\/v2\/media?parent=21853"}],"wp:term":[{"taxonomy":"product_brand","embeddable":true,"href":"https:\/\/cozydots.com\/es\/wp-json\/wp\/v2\/product_brand?post=21853"},{"taxonomy":"product_cat","embeddable":true,"href":"https:\/\/cozydots.com\/es\/wp-json\/wp\/v2\/product_cat?post=21853"},{"taxonomy":"product_tag","embeddable":true,"href":"https:\/\/cozydots.com\/es\/wp-json\/wp\/v2\/product_tag?post=21853"}],"curies":[{"name":"wp","href":"https:\/\/api.w.org\/{rel}","templated":true}]}}