{"id":21990,"date":"2017-10-11T10:46:32","date_gmt":"2019-09-03T08:30:39","guid":{"rendered":"https:\/\/cozydots.com\/?post_type=product&#038;p=21990"},"modified":"2024-02-16T13:34:59","modified_gmt":"2024-02-16T12:34:59","slug":"tienda-tipi-pink-casa-de-juego-rosa","status":"publish","type":"product","link":"https:\/\/cozydots.com\/es\/producto\/tienda-tipi-pink-casa-de-juego-rosa\/","title":{"rendered":"Tienda tipi Pink, casa de juego Rosa"},"content":{"rendered":"<p>La tienda de campa\u00f1a de Tipi Pink est\u00e1 hecha de lona fuerte y algod\u00f3n rosa.\u00a0La entrada al wigwam est\u00e1 decorada con una banda rosa con pompones. El Tipi para la muchacha tiene un bolso al cual usted puede empacar el sistema entero.<\/p>\n<p>La tienda tiene un bolsillo cosido para los juguetes y una ventana con persiana enrollable. Todos los elementos de tejido se pueden lavar en una lavadora.\u00a0La tienda para ni\u00f1os es f\u00e1cil de plegar y no ocupa mucho espacio.<\/p>\n<p>Kit de tipi rosa incluido:<\/p>\n<ul>\n<li>Tienda tipi Rosa<\/li>\n<li>Cubierta de carpa (con mango cosido y cord\u00f3n)<\/li>\n<li>un libro con ideas para jugar en una tienda de campa\u00f1a.<\/li>\n<li>\u00a0bastones de pino plegables + 4 conectores<\/li>\n<li>instrucci\u00f3n + cable para la estabilizaci\u00f3n<\/li>\n<\/ul>\n<p>Los tipis indios son hechos a mano, hechos de telas europeas seguras con certificados de calidad. Todos los modelos son dise\u00f1ados por nosotros y le garantizamos que obtendr\u00e1 un producto \u00fanico y de la mejor calidad.<\/p>\n","protected":false},"excerpt":{"rendered":"<p>Casa rosa para jugar al estilo indio. Carpa con ventana y bolsillos.<\/p>\n","protected":false},"featured_media":41229,"comment_status":"open","ping_status":"closed","template":"","meta":[],"product_brand":[],"product_cat":[1272],"product_tag":[],"class_list":{"0":"post-21990","1":"product","2":"type-product","3":"status-publish","4":"has-post-thumbnail","6":"product_cat-tiendas-tipi","8":"first","9":"outofstock","10":"sale","11":"taxable","12":"shipping-taxable","13":"product-type-simple"},"yoast_head":"<!-- This site is optimized with the Yoast SEO plugin v27.0 - https:\/\/yoast.com\/product\/yoast-seo-wordpress\/ -->\n<title>Tienda tipi Pink, casa de juego Rosa - Cozydots.com<\/title>\n<meta name=\"description\" content=\"Casa rosa para jugar al estilo indio. Carpa con ventana y bolsillos.\" \/>\n<meta name=\"robots\" content=\"index, follow, max-snippet:-1, max-image-preview:large, max-video-preview:-1\" \/>\n<link rel=\"canonical\" href=\"https:\/\/cozydots.com\/es\/producto\/tienda-tipi-pink-casa-de-juego-rosa\/\" \/>\n<meta property=\"og:locale\" content=\"es_ES\" \/>\n<meta property=\"og:type\" content=\"article\" \/>\n<meta property=\"og:title\" content=\"Tienda tipi Pink, casa de juego Rosa - Cozydots.com\" \/>\n<meta property=\"og:description\" content=\"Casa rosa para jugar al estilo indio. Carpa con ventana y bolsillos.\" \/>\n<meta property=\"og:url\" content=\"https:\/\/cozydots.com\/es\/producto\/tienda-tipi-pink-casa-de-juego-rosa\/\" \/>\n<meta property=\"og:site_name\" content=\"Cozydots.com\" \/>\n<meta property=\"article:modified_time\" content=\"2024-02-16T12:34:59+00:00\" \/>\n<meta property=\"og:image\" content=\"https:\/\/cozydots.com\/wp-content\/uploads\/2021\/11\/pp-1090.jpg\" \/>\n\t<meta property=\"og:image:width\" content=\"1200\" \/>\n\t<meta property=\"og:image:height\" content=\"1200\" \/>\n\t<meta property=\"og:image:type\" content=\"image\/jpeg\" \/>\n<meta name=\"twitter:card\" content=\"summary_large_image\" \/>\n<meta name=\"twitter:label1\" content=\"Tiempo de lectura\" \/>\n\t<meta name=\"twitter:data1\" content=\"1 minuto\" \/>\n<script type=\"application\/ld+json\" class=\"yoast-schema-graph\">{\"@context\":\"https:\/\/schema.org\",\"@graph\":[{\"@type\":\"WebPage\",\"@id\":\"https:\/\/cozydots.com\/es\/producto\/tienda-tipi-pink-casa-de-juego-rosa\/\",\"url\":\"https:\/\/cozydots.com\/es\/producto\/tienda-tipi-pink-casa-de-juego-rosa\/\",\"name\":\"Tienda tipi Pink, casa de juego Rosa - Cozydots.com\",\"isPartOf\":{\"@id\":\"https:\/\/cozydots.com\/es\/#website\"},\"primaryImageOfPage\":{\"@id\":\"https:\/\/cozydots.com\/es\/producto\/tienda-tipi-pink-casa-de-juego-rosa\/#primaryimage\"},\"image\":{\"@id\":\"https:\/\/cozydots.com\/es\/producto\/tienda-tipi-pink-casa-de-juego-rosa\/#primaryimage\"},\"thumbnailUrl\":\"https:\/\/cozydots.com\/wp-content\/uploads\/2021\/11\/pp-1090.jpg\",\"datePublished\":\"2019-09-03T08:30:39+00:00\",\"dateModified\":\"2024-02-16T12:34:59+00:00\",\"description\":\"Casa rosa para jugar al estilo indio. Carpa con ventana y bolsillos.\",\"breadcrumb\":{\"@id\":\"https:\/\/cozydots.com\/es\/producto\/tienda-tipi-pink-casa-de-juego-rosa\/#breadcrumb\"},\"inLanguage\":\"es\",\"potentialAction\":[{\"@type\":\"ReadAction\",\"target\":[\"https:\/\/cozydots.com\/es\/producto\/tienda-tipi-pink-casa-de-juego-rosa\/\"]}]},{\"@type\":\"ImageObject\",\"inLanguage\":\"es\",\"@id\":\"https:\/\/cozydots.com\/es\/producto\/tienda-tipi-pink-casa-de-juego-rosa\/#primaryimage\",\"url\":\"https:\/\/cozydots.com\/wp-content\/uploads\/2021\/11\/pp-1090.jpg\",\"contentUrl\":\"https:\/\/cozydots.com\/wp-content\/uploads\/2021\/11\/pp-1090.jpg\",\"width\":1200,\"height\":1200},{\"@type\":\"BreadcrumbList\",\"@id\":\"https:\/\/cozydots.com\/es\/producto\/tienda-tipi-pink-casa-de-juego-rosa\/#breadcrumb\",\"itemListElement\":[{\"@type\":\"ListItem\",\"position\":1,\"name\":\"Strona g\u0142\u00f3wna\",\"item\":\"https:\/\/cozydots.com\/es\/\"},{\"@type\":\"ListItem\",\"position\":2,\"name\":\"Tienda\",\"item\":\"https:\/\/cozydots.com\/es\/tienda\/\"},{\"@type\":\"ListItem\",\"position\":3,\"name\":\"Tienda tipi Pink, casa de juego Rosa\"}]},{\"@type\":\"WebSite\",\"@id\":\"https:\/\/cozydots.com\/es\/#website\",\"url\":\"https:\/\/cozydots.com\/es\/\",\"name\":\"Cozydots.com\",\"description\":\"Producent namiot\u00f3w Tipi\",\"publisher\":{\"@id\":\"https:\/\/cozydots.com\/es\/#organization\"},\"potentialAction\":[{\"@type\":\"SearchAction\",\"target\":{\"@type\":\"EntryPoint\",\"urlTemplate\":\"https:\/\/cozydots.com\/es\/?s={search_term_string}\"},\"query-input\":{\"@type\":\"PropertyValueSpecification\",\"valueRequired\":true,\"valueName\":\"search_term_string\"}}],\"inLanguage\":\"es\"},{\"@type\":\"Organization\",\"@id\":\"https:\/\/cozydots.com\/es\/#organization\",\"name\":\"Cozydots.com\",\"url\":\"https:\/\/cozydots.com\/es\/\",\"logo\":{\"@type\":\"ImageObject\",\"inLanguage\":\"es\",\"@id\":\"https:\/\/cozydots.com\/es\/#\/schema\/logo\/image\/\",\"url\":\"https:\/\/cozydots.com\/wp-content\/uploads\/2021\/10\/cozyshop_logo.png\",\"contentUrl\":\"https:\/\/cozydots.com\/wp-content\/uploads\/2021\/10\/cozyshop_logo.png\",\"width\":400,\"height\":121,\"caption\":\"Cozydots.com\"},\"image\":{\"@id\":\"https:\/\/cozydots.com\/es\/#\/schema\/logo\/image\/\"}}]}<\/script>\n<!-- \/ Yoast SEO plugin. -->","yoast_head_json":{"title":"Tienda tipi Pink, casa de juego Rosa - Cozydots.com","description":"Casa rosa para jugar al estilo indio. Carpa con ventana y bolsillos.","robots":{"index":"index","follow":"follow","max-snippet":"max-snippet:-1","max-image-preview":"max-image-preview:large","max-video-preview":"max-video-preview:-1"},"canonical":"https:\/\/cozydots.com\/es\/producto\/tienda-tipi-pink-casa-de-juego-rosa\/","og_locale":"es_ES","og_type":"article","og_title":"Tienda tipi Pink, casa de juego Rosa - Cozydots.com","og_description":"Casa rosa para jugar al estilo indio. Carpa con ventana y bolsillos.","og_url":"https:\/\/cozydots.com\/es\/producto\/tienda-tipi-pink-casa-de-juego-rosa\/","og_site_name":"Cozydots.com","article_modified_time":"2024-02-16T12:34:59+00:00","og_image":[{"width":1200,"height":1200,"url":"https:\/\/cozydots.com\/wp-content\/uploads\/2021\/11\/pp-1090.jpg","type":"image\/jpeg"}],"twitter_card":"summary_large_image","twitter_misc":{"Tiempo de lectura":"1 minuto"},"schema":{"@context":"https:\/\/schema.org","@graph":[{"@type":"WebPage","@id":"https:\/\/cozydots.com\/es\/producto\/tienda-tipi-pink-casa-de-juego-rosa\/","url":"https:\/\/cozydots.com\/es\/producto\/tienda-tipi-pink-casa-de-juego-rosa\/","name":"Tienda tipi Pink, casa de juego Rosa - Cozydots.com","isPartOf":{"@id":"https:\/\/cozydots.com\/es\/#website"},"primaryImageOfPage":{"@id":"https:\/\/cozydots.com\/es\/producto\/tienda-tipi-pink-casa-de-juego-rosa\/#primaryimage"},"image":{"@id":"https:\/\/cozydots.com\/es\/producto\/tienda-tipi-pink-casa-de-juego-rosa\/#primaryimage"},"thumbnailUrl":"https:\/\/cozydots.com\/wp-content\/uploads\/2021\/11\/pp-1090.jpg","datePublished":"2019-09-03T08:30:39+00:00","dateModified":"2024-02-16T12:34:59+00:00","description":"Casa rosa para jugar al estilo indio. Carpa con ventana y bolsillos.","breadcrumb":{"@id":"https:\/\/cozydots.com\/es\/producto\/tienda-tipi-pink-casa-de-juego-rosa\/#breadcrumb"},"inLanguage":"es","potentialAction":[{"@type":"ReadAction","target":["https:\/\/cozydots.com\/es\/producto\/tienda-tipi-pink-casa-de-juego-rosa\/"]}]},{"@type":"ImageObject","inLanguage":"es","@id":"https:\/\/cozydots.com\/es\/producto\/tienda-tipi-pink-casa-de-juego-rosa\/#primaryimage","url":"https:\/\/cozydots.com\/wp-content\/uploads\/2021\/11\/pp-1090.jpg","contentUrl":"https:\/\/cozydots.com\/wp-content\/uploads\/2021\/11\/pp-1090.jpg","width":1200,"height":1200},{"@type":"BreadcrumbList","@id":"https:\/\/cozydots.com\/es\/producto\/tienda-tipi-pink-casa-de-juego-rosa\/#breadcrumb","itemListElement":[{"@type":"ListItem","position":1,"name":"Strona g\u0142\u00f3wna","item":"https:\/\/cozydots.com\/es\/"},{"@type":"ListItem","position":2,"name":"Tienda","item":"https:\/\/cozydots.com\/es\/tienda\/"},{"@type":"ListItem","position":3,"name":"Tienda tipi Pink, casa de juego Rosa"}]},{"@type":"WebSite","@id":"https:\/\/cozydots.com\/es\/#website","url":"https:\/\/cozydots.com\/es\/","name":"Cozydots.com","description":"Producent namiot\u00f3w Tipi","publisher":{"@id":"https:\/\/cozydots.com\/es\/#organization"},"potentialAction":[{"@type":"SearchAction","target":{"@type":"EntryPoint","urlTemplate":"https:\/\/cozydots.com\/es\/?s={search_term_string}"},"query-input":{"@type":"PropertyValueSpecification","valueRequired":true,"valueName":"search_term_string"}}],"inLanguage":"es"},{"@type":"Organization","@id":"https:\/\/cozydots.com\/es\/#organization","name":"Cozydots.com","url":"https:\/\/cozydots.com\/es\/","logo":{"@type":"ImageObject","inLanguage":"es","@id":"https:\/\/cozydots.com\/es\/#\/schema\/logo\/image\/","url":"https:\/\/cozydots.com\/wp-content\/uploads\/2021\/10\/cozyshop_logo.png","contentUrl":"https:\/\/cozydots.com\/wp-content\/uploads\/2021\/10\/cozyshop_logo.png","width":400,"height":121,"caption":"Cozydots.com"},"image":{"@id":"https:\/\/cozydots.com\/es\/#\/schema\/logo\/image\/"}}]}},"_links":{"self":[{"href":"https:\/\/cozydots.com\/es\/wp-json\/wp\/v2\/product\/21990","targetHints":{"allow":["GET"]}}],"collection":[{"href":"https:\/\/cozydots.com\/es\/wp-json\/wp\/v2\/product"}],"about":[{"href":"https:\/\/cozydots.com\/es\/wp-json\/wp\/v2\/types\/product"}],"replies":[{"embeddable":true,"href":"https:\/\/cozydots.com\/es\/wp-json\/wp\/v2\/comments?post=21990"}],"wp:featuredmedia":[{"embeddable":true,"href":"https:\/\/cozydots.com\/es\/wp-json\/wp\/v2\/media\/41229"}],"wp:attachment":[{"href":"https:\/\/cozydots.com\/es\/wp-json\/wp\/v2\/media?parent=21990"}],"wp:term":[{"taxonomy":"product_brand","embeddable":true,"href":"https:\/\/cozydots.com\/es\/wp-json\/wp\/v2\/product_brand?post=21990"},{"taxonomy":"product_cat","embeddable":true,"href":"https:\/\/cozydots.com\/es\/wp-json\/wp\/v2\/product_cat?post=21990"},{"taxonomy":"product_tag","embeddable":true,"href":"https:\/\/cozydots.com\/es\/wp-json\/wp\/v2\/product_tag?post=21990"}],"curies":[{"name":"wp","href":"https:\/\/api.w.org\/{rel}","templated":true}]}}