{"id":22079,"date":"2017-08-13T14:03:05","date_gmt":"2019-09-06T17:46:26","guid":{"rendered":"https:\/\/cozydots.com\/?post_type=product&#038;p=22079"},"modified":"2023-02-08T11:58:14","modified_gmt":"2023-02-08T10:58:14","slug":"tipi-indio-tienda-de-campana-para-ninos-grey","status":"publish","type":"product","link":"https:\/\/cozydots.com\/es\/producto\/tipi-indio-tienda-de-campana-para-ninos-grey\/","title":{"rendered":"Tipi indio Tienda de campa\u00f1a para ni\u00f1os Grey"},"content":{"rendered":"<p><img loading=\"lazy\" decoding=\"async\" class=\"alignright wp-image-22083\" src=\"https:\/\/cozydots.com\/wp-content\/uploads\/2017\/08\/tipi-grey.jpg\" alt=\"tipi grey\" width=\"600\" height=\"742\" \/><\/p>\n<p>El tipi indio hecho a mano para ni\u00f1os de la serie Gray de Cozyshop es el lugar perfecto para jugar para los ni\u00f1os y un regalo universal para los ni\u00f1os.<\/p>\n<p><strong>La lona de algod\u00f3n estaba terminada en la parte superior con tela gris claro y la entrada adornada con una cinta decorativa con pompones grises.<\/strong><\/p>\n<p>Esta delicada carpa con pompones se adapta tanto a la habitaci\u00f3n de la ni\u00f1a como a la del ni\u00f1o. El tienda indio es ideal para jugar al aire libre, como una carpa infantil para el jard\u00edn y la playa.<\/p>\n<p>Kit de tipi Summer incluido:<\/p>\n<ul>\n<li>Tienda tipi<\/li>\n<li>Cubierta de carpa (con mango cosido y cord\u00f3n)<\/li>\n<li>\u00a0un libro con ideas para jugar en una tienda de campa\u00f1a<\/li>\n<li>\u00a0bastones de pino plegables + 4 conectores<\/li>\n<li>instrucci\u00f3n + cable para la estabilizaci\u00f3n<\/li>\n<\/ul>\n<p>&nbsp;<\/p>\n","protected":false},"excerpt":{"rendered":"<p>Una tienda tipi gris con una ventana. Jugar tienda india, algod\u00f3n premium<\/p>\n","protected":false},"featured_media":41404,"comment_status":"open","ping_status":"closed","template":"","meta":[],"product_brand":[],"product_cat":[1272],"product_tag":[1439],"class_list":{"0":"post-22079","1":"product","2":"type-product","3":"status-publish","4":"has-post-thumbnail","6":"product_cat-tiendas-tipi","7":"product_tag-pla-es","9":"first","10":"outofstock","11":"sale","12":"taxable","13":"shipping-taxable","14":"product-type-simple"},"yoast_head":"<!-- This site is optimized with the Yoast SEO plugin v27.0 - https:\/\/yoast.com\/product\/yoast-seo-wordpress\/ -->\n<title>Tipi indio Tienda de campa\u00f1a para ni\u00f1os Grey - Cozydots.com<\/title>\n<meta name=\"description\" content=\"Una tienda tipi gris con una ventana. Jugar tienda india, algod\u00f3n premium\" \/>\n<meta name=\"robots\" content=\"index, follow, max-snippet:-1, max-image-preview:large, max-video-preview:-1\" \/>\n<link rel=\"canonical\" href=\"https:\/\/cozydots.com\/es\/producto\/tipi-indio-tienda-de-campana-para-ninos-grey\/\" \/>\n<meta property=\"og:locale\" content=\"es_ES\" \/>\n<meta property=\"og:type\" content=\"article\" \/>\n<meta property=\"og:title\" content=\"Tipi indio Tienda de campa\u00f1a para ni\u00f1os Grey - Cozydots.com\" \/>\n<meta property=\"og:description\" content=\"Una tienda tipi gris con una ventana. Jugar tienda india, algod\u00f3n premium\" \/>\n<meta property=\"og:url\" content=\"https:\/\/cozydots.com\/es\/producto\/tipi-indio-tienda-de-campana-para-ninos-grey\/\" \/>\n<meta property=\"og:site_name\" content=\"Cozydots.com\" \/>\n<meta property=\"article:modified_time\" content=\"2023-02-08T10:58:14+00:00\" \/>\n<meta property=\"og:image\" content=\"https:\/\/cozydots.com\/wp-content\/uploads\/2021\/11\/pp-1399.jpg\" \/>\n\t<meta property=\"og:image:width\" content=\"1200\" \/>\n\t<meta property=\"og:image:height\" content=\"1200\" \/>\n\t<meta property=\"og:image:type\" content=\"image\/jpeg\" \/>\n<meta name=\"twitter:card\" content=\"summary_large_image\" \/>\n<meta name=\"twitter:label1\" content=\"Tiempo de lectura\" \/>\n\t<meta name=\"twitter:data1\" content=\"1 minuto\" \/>\n<script type=\"application\/ld+json\" class=\"yoast-schema-graph\">{\"@context\":\"https:\/\/schema.org\",\"@graph\":[{\"@type\":\"WebPage\",\"@id\":\"https:\/\/cozydots.com\/es\/producto\/tipi-indio-tienda-de-campana-para-ninos-grey\/\",\"url\":\"https:\/\/cozydots.com\/es\/producto\/tipi-indio-tienda-de-campana-para-ninos-grey\/\",\"name\":\"Tipi indio Tienda de campa\u00f1a para ni\u00f1os Grey - Cozydots.com\",\"isPartOf\":{\"@id\":\"https:\/\/cozydots.com\/es\/#website\"},\"primaryImageOfPage\":{\"@id\":\"https:\/\/cozydots.com\/es\/producto\/tipi-indio-tienda-de-campana-para-ninos-grey\/#primaryimage\"},\"image\":{\"@id\":\"https:\/\/cozydots.com\/es\/producto\/tipi-indio-tienda-de-campana-para-ninos-grey\/#primaryimage\"},\"thumbnailUrl\":\"https:\/\/cozydots.com\/wp-content\/uploads\/2021\/11\/pp-1399.jpg\",\"datePublished\":\"2019-09-06T17:46:26+00:00\",\"dateModified\":\"2023-02-08T10:58:14+00:00\",\"description\":\"Una tienda tipi gris con una ventana. Jugar tienda india, algod\u00f3n premium\",\"breadcrumb\":{\"@id\":\"https:\/\/cozydots.com\/es\/producto\/tipi-indio-tienda-de-campana-para-ninos-grey\/#breadcrumb\"},\"inLanguage\":\"es\",\"potentialAction\":[{\"@type\":\"ReadAction\",\"target\":[\"https:\/\/cozydots.com\/es\/producto\/tipi-indio-tienda-de-campana-para-ninos-grey\/\"]}]},{\"@type\":\"ImageObject\",\"inLanguage\":\"es\",\"@id\":\"https:\/\/cozydots.com\/es\/producto\/tipi-indio-tienda-de-campana-para-ninos-grey\/#primaryimage\",\"url\":\"https:\/\/cozydots.com\/wp-content\/uploads\/2021\/11\/pp-1399.jpg\",\"contentUrl\":\"https:\/\/cozydots.com\/wp-content\/uploads\/2021\/11\/pp-1399.jpg\",\"width\":1200,\"height\":1200},{\"@type\":\"BreadcrumbList\",\"@id\":\"https:\/\/cozydots.com\/es\/producto\/tipi-indio-tienda-de-campana-para-ninos-grey\/#breadcrumb\",\"itemListElement\":[{\"@type\":\"ListItem\",\"position\":1,\"name\":\"Strona g\u0142\u00f3wna\",\"item\":\"https:\/\/cozydots.com\/es\/\"},{\"@type\":\"ListItem\",\"position\":2,\"name\":\"Tienda\",\"item\":\"https:\/\/cozydots.com\/es\/tienda\/\"},{\"@type\":\"ListItem\",\"position\":3,\"name\":\"Tipi indio Tienda de campa\u00f1a para ni\u00f1os Grey\"}]},{\"@type\":\"WebSite\",\"@id\":\"https:\/\/cozydots.com\/es\/#website\",\"url\":\"https:\/\/cozydots.com\/es\/\",\"name\":\"Cozydots.com\",\"description\":\"Producent namiot\u00f3w Tipi\",\"publisher\":{\"@id\":\"https:\/\/cozydots.com\/es\/#organization\"},\"potentialAction\":[{\"@type\":\"SearchAction\",\"target\":{\"@type\":\"EntryPoint\",\"urlTemplate\":\"https:\/\/cozydots.com\/es\/?s={search_term_string}\"},\"query-input\":{\"@type\":\"PropertyValueSpecification\",\"valueRequired\":true,\"valueName\":\"search_term_string\"}}],\"inLanguage\":\"es\"},{\"@type\":\"Organization\",\"@id\":\"https:\/\/cozydots.com\/es\/#organization\",\"name\":\"Cozydots.com\",\"url\":\"https:\/\/cozydots.com\/es\/\",\"logo\":{\"@type\":\"ImageObject\",\"inLanguage\":\"es\",\"@id\":\"https:\/\/cozydots.com\/es\/#\/schema\/logo\/image\/\",\"url\":\"https:\/\/cozydots.com\/wp-content\/uploads\/2021\/10\/cozyshop_logo.png\",\"contentUrl\":\"https:\/\/cozydots.com\/wp-content\/uploads\/2021\/10\/cozyshop_logo.png\",\"width\":400,\"height\":121,\"caption\":\"Cozydots.com\"},\"image\":{\"@id\":\"https:\/\/cozydots.com\/es\/#\/schema\/logo\/image\/\"}}]}<\/script>\n<!-- \/ Yoast SEO plugin. -->","yoast_head_json":{"title":"Tipi indio Tienda de campa\u00f1a para ni\u00f1os Grey - Cozydots.com","description":"Una tienda tipi gris con una ventana. Jugar tienda india, algod\u00f3n premium","robots":{"index":"index","follow":"follow","max-snippet":"max-snippet:-1","max-image-preview":"max-image-preview:large","max-video-preview":"max-video-preview:-1"},"canonical":"https:\/\/cozydots.com\/es\/producto\/tipi-indio-tienda-de-campana-para-ninos-grey\/","og_locale":"es_ES","og_type":"article","og_title":"Tipi indio Tienda de campa\u00f1a para ni\u00f1os Grey - Cozydots.com","og_description":"Una tienda tipi gris con una ventana. Jugar tienda india, algod\u00f3n premium","og_url":"https:\/\/cozydots.com\/es\/producto\/tipi-indio-tienda-de-campana-para-ninos-grey\/","og_site_name":"Cozydots.com","article_modified_time":"2023-02-08T10:58:14+00:00","og_image":[{"width":1200,"height":1200,"url":"https:\/\/cozydots.com\/wp-content\/uploads\/2021\/11\/pp-1399.jpg","type":"image\/jpeg"}],"twitter_card":"summary_large_image","twitter_misc":{"Tiempo de lectura":"1 minuto"},"schema":{"@context":"https:\/\/schema.org","@graph":[{"@type":"WebPage","@id":"https:\/\/cozydots.com\/es\/producto\/tipi-indio-tienda-de-campana-para-ninos-grey\/","url":"https:\/\/cozydots.com\/es\/producto\/tipi-indio-tienda-de-campana-para-ninos-grey\/","name":"Tipi indio Tienda de campa\u00f1a para ni\u00f1os Grey - Cozydots.com","isPartOf":{"@id":"https:\/\/cozydots.com\/es\/#website"},"primaryImageOfPage":{"@id":"https:\/\/cozydots.com\/es\/producto\/tipi-indio-tienda-de-campana-para-ninos-grey\/#primaryimage"},"image":{"@id":"https:\/\/cozydots.com\/es\/producto\/tipi-indio-tienda-de-campana-para-ninos-grey\/#primaryimage"},"thumbnailUrl":"https:\/\/cozydots.com\/wp-content\/uploads\/2021\/11\/pp-1399.jpg","datePublished":"2019-09-06T17:46:26+00:00","dateModified":"2023-02-08T10:58:14+00:00","description":"Una tienda tipi gris con una ventana. Jugar tienda india, algod\u00f3n premium","breadcrumb":{"@id":"https:\/\/cozydots.com\/es\/producto\/tipi-indio-tienda-de-campana-para-ninos-grey\/#breadcrumb"},"inLanguage":"es","potentialAction":[{"@type":"ReadAction","target":["https:\/\/cozydots.com\/es\/producto\/tipi-indio-tienda-de-campana-para-ninos-grey\/"]}]},{"@type":"ImageObject","inLanguage":"es","@id":"https:\/\/cozydots.com\/es\/producto\/tipi-indio-tienda-de-campana-para-ninos-grey\/#primaryimage","url":"https:\/\/cozydots.com\/wp-content\/uploads\/2021\/11\/pp-1399.jpg","contentUrl":"https:\/\/cozydots.com\/wp-content\/uploads\/2021\/11\/pp-1399.jpg","width":1200,"height":1200},{"@type":"BreadcrumbList","@id":"https:\/\/cozydots.com\/es\/producto\/tipi-indio-tienda-de-campana-para-ninos-grey\/#breadcrumb","itemListElement":[{"@type":"ListItem","position":1,"name":"Strona g\u0142\u00f3wna","item":"https:\/\/cozydots.com\/es\/"},{"@type":"ListItem","position":2,"name":"Tienda","item":"https:\/\/cozydots.com\/es\/tienda\/"},{"@type":"ListItem","position":3,"name":"Tipi indio Tienda de campa\u00f1a para ni\u00f1os Grey"}]},{"@type":"WebSite","@id":"https:\/\/cozydots.com\/es\/#website","url":"https:\/\/cozydots.com\/es\/","name":"Cozydots.com","description":"Producent namiot\u00f3w Tipi","publisher":{"@id":"https:\/\/cozydots.com\/es\/#organization"},"potentialAction":[{"@type":"SearchAction","target":{"@type":"EntryPoint","urlTemplate":"https:\/\/cozydots.com\/es\/?s={search_term_string}"},"query-input":{"@type":"PropertyValueSpecification","valueRequired":true,"valueName":"search_term_string"}}],"inLanguage":"es"},{"@type":"Organization","@id":"https:\/\/cozydots.com\/es\/#organization","name":"Cozydots.com","url":"https:\/\/cozydots.com\/es\/","logo":{"@type":"ImageObject","inLanguage":"es","@id":"https:\/\/cozydots.com\/es\/#\/schema\/logo\/image\/","url":"https:\/\/cozydots.com\/wp-content\/uploads\/2021\/10\/cozyshop_logo.png","contentUrl":"https:\/\/cozydots.com\/wp-content\/uploads\/2021\/10\/cozyshop_logo.png","width":400,"height":121,"caption":"Cozydots.com"},"image":{"@id":"https:\/\/cozydots.com\/es\/#\/schema\/logo\/image\/"}}]}},"_links":{"self":[{"href":"https:\/\/cozydots.com\/es\/wp-json\/wp\/v2\/product\/22079","targetHints":{"allow":["GET"]}}],"collection":[{"href":"https:\/\/cozydots.com\/es\/wp-json\/wp\/v2\/product"}],"about":[{"href":"https:\/\/cozydots.com\/es\/wp-json\/wp\/v2\/types\/product"}],"replies":[{"embeddable":true,"href":"https:\/\/cozydots.com\/es\/wp-json\/wp\/v2\/comments?post=22079"}],"wp:featuredmedia":[{"embeddable":true,"href":"https:\/\/cozydots.com\/es\/wp-json\/wp\/v2\/media\/41404"}],"wp:attachment":[{"href":"https:\/\/cozydots.com\/es\/wp-json\/wp\/v2\/media?parent=22079"}],"wp:term":[{"taxonomy":"product_brand","embeddable":true,"href":"https:\/\/cozydots.com\/es\/wp-json\/wp\/v2\/product_brand?post=22079"},{"taxonomy":"product_cat","embeddable":true,"href":"https:\/\/cozydots.com\/es\/wp-json\/wp\/v2\/product_cat?post=22079"},{"taxonomy":"product_tag","embeddable":true,"href":"https:\/\/cozydots.com\/es\/wp-json\/wp\/v2\/product_tag?post=22079"}],"curies":[{"name":"wp","href":"https:\/\/api.w.org\/{rel}","templated":true}]}}