{"id":1964,"date":"2017-09-18T14:37:47","date_gmt":"2017-09-18T12:37:47","guid":{"rendered":"https:\/\/cozydots.com\/?page_id=1964"},"modified":"2023-02-02T19:57:47","modified_gmt":"2023-02-02T18:57:47","slug":"livraison","status":"publish","type":"page","link":"https:\/\/cozydots.com\/fr\/livraison\/","title":{"rendered":"Livraison"},"content":{"rendered":"<p>Nous nous effor\u00e7ons de faire en sorte que nos produits soient facilement disponibles, mais nous vous prions de tenir compte du fait qu&#8217;ils sont faits \u00e0 la main. Si vous avez un besoin urgent d&#8217;articles \u00e0 livrer plus t\u00f4t, par exemple lorsque vous achetez un cadeau pour l&#8217;anniversaire de votre enfant, faites-le nous savoir! Nous ferons de notre mieux pour le livrer \u00e0 temps.<\/p>\n<p>Toutes les commandes pass\u00e9es sur Cozydots.com sont envoy\u00e9es par DPD ou GLS. Apr\u00e8s l&#8217;achat, vous pouvez suivre votre commande ici: <strong><a href=\"\/?page_id=3181\">SUIVRE VOTRE COMMANDE<\/a><\/strong> en entrant l&#8217;IDENTIT\u00c9 DE COMMANDE et l&#8217;adresse email de l&#8217;acheteur.<\/p>\n<p>Lorsque la commande est exp\u00e9di\u00e9e, vous recevrez un e-mail contenant le num\u00e9ro de suivi du colis, ce qui vous permettra de suivre le colis sur le site web de la soci\u00e9t\u00e9 DPD ou GLS. Bien que DPD et GLS s&#8217;efforcent de livrer votre commande en bon \u00e9tat, veuillez v\u00e9rifier l&#8217;\u00e9tat du colis en pr\u00e9sence du transporteur.<\/p>\n<h3 style=\"text-align: center;\"><span style=\"font-size: 100%;\"><em><strong>LIVRAISON GRATUITE \u00c0 PARTIR DE 150 \u20ac<\/strong><\/em><\/span><\/h3>\n<div class=\"tabelka\" style=\"overflow-x: auto;\">\n<table style=\"font-size: 15px;\">\n<tbody>\n<tr>\n<td><strong>Country<\/strong><\/td>\n<td><\/td>\n<td><strong>DPD STANDARD*<\/strong><\/td>\n<td><strong>GLS*<\/strong><\/td>\n<td><strong>DHL EXPRESS*<\/strong><\/td>\n<\/tr>\n<tr style=\"background: #eee;\">\n<td>France<\/td>\n<td><img loading=\"lazy\" decoding=\"async\" style=\"float: left;\" src=\"https:\/\/cozyanddozy.com\/img\/l\/fr.png\" alt=\"\" width=\"20\" height=\"14\" \/><\/td>\n<td><strong>11,99 \u20ac<\/strong><\/td>\n<td><strong>11,99 \u20ac<\/strong><\/td>\n<td><strong>31 \u20ac<\/strong><\/td>\n<\/tr>\n<tr>\n<td>Germany<\/td>\n<td><img loading=\"lazy\" decoding=\"async\" src=\"https:\/\/cozyanddozy.com\/img\/l\/de.png\" alt=\"de.png\" width=\"20\" height=\"13\" \/><\/td>\n<td><strong>9 \u20ac<\/strong><\/td>\n<td><strong>14 \u20ac<\/strong><\/td>\n<td><strong>31 \u20ac<\/strong><\/td>\n<\/tr>\n<tr style=\"background: #eee;\">\n<td>Austria<\/td>\n<td><img loading=\"lazy\" decoding=\"async\" src=\"https:\/\/cozyanddozy.com\/img\/l\/at.png\" alt=\"\" width=\"20\" height=\"14\" \/><\/td>\n<td><strong>11 \u20ac<\/strong><\/td>\n<td><strong>14 \u20ac<\/strong><\/td>\n<td><strong>31 \u20ac<\/strong><\/td>\n<\/tr>\n<tr>\n<td>Belgium<\/td>\n<td><img loading=\"lazy\" decoding=\"async\" src=\"https:\/\/cozyanddozy.com\/img\/l\/be.png\" alt=\"\" width=\"20\" height=\"14\" \/><\/td>\n<td><strong>11 \u20ac<\/strong><\/td>\n<td><strong>14 \u20ac<\/strong><\/td>\n<td><strong>31 \u20ac<\/strong><\/td>\n<\/tr>\n<tr style=\"background: #eee;\">\n<td>Czech Republic<\/td>\n<td><img loading=\"lazy\" decoding=\"async\" src=\"https:\/\/cozyanddozy.com\/img\/l\/cz.png\" alt=\"\" width=\"20\" height=\"14\" \/><\/td>\n<td><strong>9 \u20ac<\/strong><\/td>\n<td><strong>15 \u20ac<\/strong><\/td>\n<td><strong>31 \u20ac<\/strong><\/td>\n<\/tr>\n<tr>\n<td>Denmark<\/td>\n<td><img loading=\"lazy\" decoding=\"async\" src=\"https:\/\/cozyanddozy.com\/img\/l\/dk.png\" alt=\"dk.png\" width=\"20\" height=\"14\" \/><\/td>\n<td><strong>11 \u20ac<\/strong><\/td>\n<td><strong>15 \u20ac<\/strong><\/td>\n<td><strong>31 \u20ac<\/strong><\/td>\n<\/tr>\n<tr style=\"background: #eee;\">\n<td>Estonia<\/td>\n<td><img loading=\"lazy\" decoding=\"async\" src=\"https:\/\/cozyanddozy.com\/img\/l\/ee.png\" alt=\"\" width=\"20\" height=\"14\" \/><\/td>\n<td><strong>12 \u20ac<\/strong><\/td>\n<td><strong>15 \u20ac<\/strong><\/td>\n<td><strong>31 \u20ac<\/strong><\/td>\n<\/tr>\n<tr>\n<td>Finland<\/td>\n<td><img loading=\"lazy\" decoding=\"async\" src=\"https:\/\/cozyanddozy.com\/img\/l\/fi.png\" alt=\"\" width=\"20\" height=\"14\" \/><\/td>\n<td><strong>12 \u20ac<\/strong><\/td>\n<td><strong>20 \u20ac<\/strong><\/td>\n<td><strong>31 \u20ac<\/strong><\/td>\n<\/tr>\n<tr style=\"background: #eee;\">\n<td>United Kingdom \/ Northern Ireland<\/td>\n<td><img loading=\"lazy\" decoding=\"async\" src=\"https:\/\/cozyanddozy.com\/img\/l\/gb.png\" alt=\"\" width=\"20\" height=\"14\" \/><\/td>\n<td><strong><span class=\"woocommerce-Price-currencySymbol\">\u00a3<\/span>12<\/strong><\/td>\n<td><strong><span class=\"woocommerce-Price-currencySymbol\">\u00a3<\/span>15<\/strong><\/td>\n<td><strong><span class=\"woocommerce-Price-currencySymbol\">\u00a3<\/span>26<\/strong><\/td>\n<\/tr>\n<tr>\n<td>Greece<\/td>\n<td><img loading=\"lazy\" decoding=\"async\" src=\"https:\/\/cozyanddozy.com\/img\/l\/gr.png\" alt=\"\" width=\"20\" height=\"14\" \/><\/td>\n<td><strong>18 \u20ac<\/strong><\/td>\n<td><strong>25 \u20ac<\/strong><\/td>\n<td><strong>31 \u20ac<\/strong><\/td>\n<\/tr>\n<tr style=\"background: #eee;\">\n<td>Spain<\/td>\n<td><img loading=\"lazy\" decoding=\"async\" src=\"https:\/\/cozyanddozy.com\/img\/l\/es.png\" alt=\"\" width=\"20\" height=\"14\" \/><\/td>\n<td><strong>18 \u20ac<\/strong><\/td>\n<td><strong>21 \u20ac<\/strong><\/td>\n<td><strong>31 \u20ac<\/strong><\/td>\n<\/tr>\n<tr>\n<td>Netherlands<\/td>\n<td><img loading=\"lazy\" decoding=\"async\" src=\"https:\/\/cozyanddozy.com\/img\/l\/nl.png\" alt=\"\" width=\"20\" height=\"14\" \/><\/td>\n<td><strong>11 \u20ac<\/strong><\/td>\n<td><strong>15 \u20ac<\/strong><\/td>\n<td><strong>31 \u20ac<\/strong><\/td>\n<\/tr>\n<tr style=\"background: #eee;\">\n<td>Ireland<\/td>\n<td><img loading=\"lazy\" decoding=\"async\" src=\"https:\/\/cozyanddozy.com\/img\/l\/ir.png\" alt=\"ir.png\" width=\"20\" height=\"14\" \/><\/td>\n<td><strong>18 \u20ac<\/strong><\/td>\n<td><strong>18 \u20ac<\/strong><\/td>\n<td><strong>31 \u20ac<\/strong><\/td>\n<\/tr>\n<tr>\n<td>Lithuania<\/td>\n<td><img loading=\"lazy\" decoding=\"async\" src=\"https:\/\/cozyanddozy.com\/img\/l\/lt.png\" alt=\"\" width=\"20\" height=\"14\" \/><\/td>\n<td><strong>11 \u20ac<\/strong><\/td>\n<td><strong>15 \u20ac<\/strong><\/td>\n<td><strong>31 \u20ac<\/strong><\/td>\n<\/tr>\n<tr style=\"background: #eee;\">\n<td>Luxembourg<\/td>\n<td><img loading=\"lazy\" decoding=\"async\" src=\"https:\/\/cozyanddozy.com\/img\/l\/lu.png\" alt=\"\" width=\"20\" height=\"14\" \/><\/td>\n<td><strong>11 \u20ac<\/strong><\/td>\n<td><strong>15 \u20ac<\/strong><\/td>\n<td><strong>31 \u20ac<\/strong><\/td>\n<\/tr>\n<tr>\n<td>Norway<\/td>\n<td><img loading=\"lazy\" decoding=\"async\" src=\"https:\/\/cozyanddozy.com\/img\/l\/no.png\" alt=\"\" width=\"20\" height=\"14\" \/><\/td>\n<td><strong>&#8212;<\/strong><\/td>\n<td><strong>63 \u20ac<\/strong><\/td>\n<td><strong>18 \u20ac<\/strong><\/td>\n<\/tr>\n<tr style=\"background: #eee;\">\n<td>Portugal<\/td>\n<td><img loading=\"lazy\" decoding=\"async\" src=\"https:\/\/cozyanddozy.com\/img\/l\/pt.png\" alt=\"\" width=\"20\" height=\"14\" \/><\/td>\n<td><strong>18 \u20ac<\/strong><\/td>\n<td><strong>20 \u20ac<\/strong><\/td>\n<td><strong>31 \u20ac<\/strong><\/td>\n<\/tr>\n<tr>\n<td>Romania<\/td>\n<td><img loading=\"lazy\" decoding=\"async\" src=\"https:\/\/cozyanddozy.com\/img\/l\/ro.png\" alt=\"\" width=\"20\" height=\"14\" \/><\/td>\n<td><strong>18 \u20ac<\/strong><\/td>\n<td><strong>20 \u20ac<\/strong><\/td>\n<td><strong>31 \u20ac<\/strong><\/td>\n<\/tr>\n<tr>\n<td>Switzerland<\/td>\n<td><img loading=\"lazy\" decoding=\"async\" src=\"https:\/\/cozyanddozy.com\/img\/l\/ch.png\" alt=\"\" width=\"20\" height=\"20\" \/><\/td>\n<td><strong>&#8212;-<\/strong><\/td>\n<td><strong>63 \u20ac<\/strong><\/td>\n<td><strong>16 \u20ac<\/strong><\/td>\n<\/tr>\n<tr style=\"background: #eee;\">\n<td>Sweden<\/td>\n<td><img loading=\"lazy\" decoding=\"async\" src=\"https:\/\/cozyanddozy.com\/img\/l\/se.png\" alt=\"\" width=\"20\" height=\"14\" \/><\/td>\n<td><strong>12 \u20ac<\/strong><\/td>\n<td><strong>20 \u20ac<\/strong><\/td>\n<td><strong>31 \u20ac<\/strong><\/td>\n<\/tr>\n<tr>\n<td>Slovenia<\/td>\n<td><img loading=\"lazy\" decoding=\"async\" src=\"https:\/\/cozyanddozy.com\/img\/l\/si.png\" alt=\"\" width=\"20\" height=\"14\" \/><\/td>\n<td><strong>12 \u20ac<\/strong><\/td>\n<td><strong>20 \u20ac<\/strong><\/td>\n<td><strong>31 \u20ac<\/strong><\/td>\n<\/tr>\n<tr style=\"background: #eee;\">\n<td>Slovakia<\/td>\n<td><img loading=\"lazy\" decoding=\"async\" src=\"https:\/\/cozyanddozy.com\/img\/l\/sk.png\" alt=\"\" width=\"20\" height=\"14\" \/><\/td>\n<td><strong>9 \u20ac<\/strong><\/td>\n<td><strong>15 \u20ac<\/strong><\/td>\n<td><strong>31 \u20ac<\/strong><\/td>\n<\/tr>\n<tr>\n<td>Hungary<\/td>\n<td><img loading=\"lazy\" decoding=\"async\" src=\"https:\/\/cozyanddozy.com\/img\/l\/hu.png\" alt=\"\" width=\"20\" height=\"14\" \/><\/td>\n<td><strong>9 \u20ac<\/strong><\/td>\n<td><strong>18 \u20ac<\/strong><\/td>\n<td><strong>31 \u20ac<\/strong><\/td>\n<\/tr>\n<tr style=\"background: #eee;\">\n<td>Isle of Man<\/td>\n<td><img loading=\"lazy\" decoding=\"async\" src=\"https:\/\/cozyanddozy.com\/img\/l\/im.png\" alt=\"\" width=\"20\" height=\"20\" \/><\/td>\n<td><b>&#8212;<\/b><\/td>\n<td><strong>18 \u20ac<\/strong><\/td>\n<td><strong>31 \u20ac<\/strong><\/td>\n<\/tr>\n<tr>\n<td>Italy<\/td>\n<td><img loading=\"lazy\" decoding=\"async\" src=\"https:\/\/cozyanddozy.com\/img\/l\/it.png\" alt=\"\" width=\"20\" height=\"14\" \/><\/td>\n<td><strong>15 \u20ac<\/strong><\/td>\n<td><strong>20 \u20ac<\/strong><\/td>\n<td><strong>33 \u20ac\u00a0<\/strong><\/td>\n<\/tr>\n<tr style=\"background: #eee;\">\n<td>Latvia<\/td>\n<td><img loading=\"lazy\" decoding=\"async\" src=\"https:\/\/cozyanddozy.com\/img\/l\/lv.png\" alt=\"\" width=\"20\" height=\"14\" \/><\/td>\n<td><strong>11 \u20ac<\/strong><\/td>\n<td><strong>15 \u20ac<\/strong><\/td>\n<td><strong>31 \u20ac<\/strong><\/td>\n<\/tr>\n<tr>\n<td>Croatia<\/td>\n<td><img loading=\"lazy\" decoding=\"async\" src=\"https:\/\/cozyanddozy.com\/img\/l\/hr.png\" alt=\"\" width=\"20\" height=\"14\" \/><\/td>\n<td><strong>15 \u20ac<\/strong><\/td>\n<td><strong>15 \u20ac<\/strong><\/td>\n<td><strong>31 \u20ac<\/strong><\/td>\n<\/tr>\n<tr style=\"background: #eee;\">\n<td>Cyprus<\/td>\n<td><img loading=\"lazy\" decoding=\"async\" src=\"https:\/\/cozyanddozy.com\/img\/l\/cy.png\" alt=\"\" width=\"20\" height=\"14\" \/><\/td>\n<td><strong>&#8212;<\/strong><\/td>\n<td><strong>\u20ac30<\/strong><\/td>\n<td><strong>31 \u20ac<\/strong><\/td>\n<\/tr>\n<tr>\n<td>USA<\/td>\n<td><img loading=\"lazy\" decoding=\"async\" src=\"https:\/\/cozyanddozy.com\/img\/l\/us.png\" alt=\"\" width=\"20\" height=\"14\" \/><\/td>\n<td><strong>&#8212;<\/strong><\/td>\n<td><strong>&#8212;<\/strong><\/td>\n<td><strong>34.5 <span class=\"woocommerce-Price-currencySymbol\">$<\/span><\/strong><\/td>\n<\/tr>\n<\/tbody>\n<\/table>\n<\/div>\n<p><small><br \/>\n<em>*DPD STANDARD, GLS &#8211; max. 3-5 jours<\/em><br \/>\n<em>*DHL EXPRESS (air cargo) &#8211; max. 2 jours (la commande doit \u00eatre pass\u00e9e avant 12h00.).<\/em><br \/>\n<em>Les prix indiqu\u00e9s dans le tableau peuvent varier l\u00e9g\u00e8rement en fonction du taux de change de l&#8217;euro.\u00a0Le prix actuel est visible dans le panier d&#8217;achat \/ sumarry, apr\u00e8s identification ou saisie de l&#8217;adresse de livraison.<\/em><br \/>\n<\/small><\/p>\n","protected":false},"excerpt":{"rendered":"<p>Nous nous effor\u00e7ons de faire en sorte que nos produits soient facilement disponibles, mais nous vous prions de tenir compte du fait qu&#8217;ils sont faits \u00e0 la main. Si vous avez un besoin urgent d&#8217;articles \u00e0 livrer plus t\u00f4t, par exemple lorsque vous achetez un cadeau pour l&#8217;anniversaire de votre enfant, faites-le nous savoir! Nous [&#8230;]\n","protected":false},"author":1,"featured_media":0,"parent":0,"menu_order":0,"comment_status":"closed","ping_status":"closed","template":"","meta":{"footnotes":""},"class_list":["post-1964","page","type-page","status-publish","hentry"],"yoast_head":"<!-- This site is optimized with the Yoast SEO plugin v27.0 - https:\/\/yoast.com\/product\/yoast-seo-wordpress\/ -->\n<title>Livraison - Cozydots.com<\/title>\n<meta name=\"robots\" content=\"index, follow, max-snippet:-1, max-image-preview:large, max-video-preview:-1\" \/>\n<link rel=\"canonical\" href=\"https:\/\/cozydots.com\/fr\/livraison\/\" \/>\n<meta property=\"og:locale\" content=\"fr_FR\" \/>\n<meta property=\"og:type\" content=\"article\" \/>\n<meta property=\"og:title\" content=\"Livraison - Cozydots.com\" \/>\n<meta property=\"og:description\" content=\"Nous nous effor\u00e7ons de faire en sorte que nos produits soient facilement disponibles, mais nous vous prions de tenir compte du fait qu&#8217;ils sont faits \u00e0 la main. Si vous avez un besoin urgent d&#8217;articles \u00e0 livrer plus t\u00f4t, par exemple lorsque vous achetez un cadeau pour l&#8217;anniversaire de votre enfant, faites-le nous savoir! Nous [...]\" \/>\n<meta property=\"og:url\" content=\"https:\/\/cozydots.com\/fr\/livraison\/\" \/>\n<meta property=\"og:site_name\" content=\"Cozydots.com\" \/>\n<meta property=\"article:modified_time\" content=\"2023-02-02T18:57:47+00:00\" \/>\n<meta property=\"og:image\" content=\"https:\/\/cozyanddozy.com\/img\/l\/fr.png\" \/>\n<meta name=\"twitter:card\" content=\"summary_large_image\" \/>\n<meta name=\"twitter:label1\" content=\"Dur\u00e9e de lecture estim\u00e9e\" \/>\n\t<meta name=\"twitter:data1\" content=\"9 minutes\" \/>\n<script type=\"application\/ld+json\" class=\"yoast-schema-graph\">{\"@context\":\"https:\/\/schema.org\",\"@graph\":[{\"@type\":\"WebPage\",\"@id\":\"https:\/\/cozydots.com\/fr\/livraison\/\",\"url\":\"https:\/\/cozydots.com\/fr\/livraison\/\",\"name\":\"Livraison - Cozydots.com\",\"isPartOf\":{\"@id\":\"https:\/\/cozydots.com\/fr\/#website\"},\"primaryImageOfPage\":{\"@id\":\"https:\/\/cozydots.com\/fr\/livraison\/#primaryimage\"},\"image\":{\"@id\":\"https:\/\/cozydots.com\/fr\/livraison\/#primaryimage\"},\"thumbnailUrl\":\"https:\/\/cozyanddozy.com\/img\/l\/fr.png\",\"datePublished\":\"2017-09-18T12:37:47+00:00\",\"dateModified\":\"2023-02-02T18:57:47+00:00\",\"breadcrumb\":{\"@id\":\"https:\/\/cozydots.com\/fr\/livraison\/#breadcrumb\"},\"inLanguage\":\"fr-FR\",\"potentialAction\":[{\"@type\":\"ReadAction\",\"target\":[\"https:\/\/cozydots.com\/fr\/livraison\/\"]}]},{\"@type\":\"ImageObject\",\"inLanguage\":\"fr-FR\",\"@id\":\"https:\/\/cozydots.com\/fr\/livraison\/#primaryimage\",\"url\":\"https:\/\/cozyanddozy.com\/img\/l\/fr.png\",\"contentUrl\":\"https:\/\/cozyanddozy.com\/img\/l\/fr.png\"},{\"@type\":\"BreadcrumbList\",\"@id\":\"https:\/\/cozydots.com\/fr\/livraison\/#breadcrumb\",\"itemListElement\":[{\"@type\":\"ListItem\",\"position\":1,\"name\":\"Strona g\u0142\u00f3wna\",\"item\":\"https:\/\/cozydots.com\/fr\/\"},{\"@type\":\"ListItem\",\"position\":2,\"name\":\"Livraison\"}]},{\"@type\":\"WebSite\",\"@id\":\"https:\/\/cozydots.com\/fr\/#website\",\"url\":\"https:\/\/cozydots.com\/fr\/\",\"name\":\"Cozydots.com\",\"description\":\"Producent namiot\u00f3w Tipi\",\"publisher\":{\"@id\":\"https:\/\/cozydots.com\/fr\/#organization\"},\"potentialAction\":[{\"@type\":\"SearchAction\",\"target\":{\"@type\":\"EntryPoint\",\"urlTemplate\":\"https:\/\/cozydots.com\/fr\/?s={search_term_string}\"},\"query-input\":{\"@type\":\"PropertyValueSpecification\",\"valueRequired\":true,\"valueName\":\"search_term_string\"}}],\"inLanguage\":\"fr-FR\"},{\"@type\":\"Organization\",\"@id\":\"https:\/\/cozydots.com\/fr\/#organization\",\"name\":\"Cozydots.com\",\"url\":\"https:\/\/cozydots.com\/fr\/\",\"logo\":{\"@type\":\"ImageObject\",\"inLanguage\":\"fr-FR\",\"@id\":\"https:\/\/cozydots.com\/fr\/#\/schema\/logo\/image\/\",\"url\":\"https:\/\/cozydots.com\/wp-content\/uploads\/2021\/10\/cozyshop_logo.png\",\"contentUrl\":\"https:\/\/cozydots.com\/wp-content\/uploads\/2021\/10\/cozyshop_logo.png\",\"width\":400,\"height\":121,\"caption\":\"Cozydots.com\"},\"image\":{\"@id\":\"https:\/\/cozydots.com\/fr\/#\/schema\/logo\/image\/\"}}]}<\/script>\n<!-- \/ Yoast SEO plugin. -->","yoast_head_json":{"title":"Livraison - Cozydots.com","robots":{"index":"index","follow":"follow","max-snippet":"max-snippet:-1","max-image-preview":"max-image-preview:large","max-video-preview":"max-video-preview:-1"},"canonical":"https:\/\/cozydots.com\/fr\/livraison\/","og_locale":"fr_FR","og_type":"article","og_title":"Livraison - Cozydots.com","og_description":"Nous nous effor\u00e7ons de faire en sorte que nos produits soient facilement disponibles, mais nous vous prions de tenir compte du fait qu&#8217;ils sont faits \u00e0 la main. Si vous avez un besoin urgent d&#8217;articles \u00e0 livrer plus t\u00f4t, par exemple lorsque vous achetez un cadeau pour l&#8217;anniversaire de votre enfant, faites-le nous savoir! Nous [...]","og_url":"https:\/\/cozydots.com\/fr\/livraison\/","og_site_name":"Cozydots.com","article_modified_time":"2023-02-02T18:57:47+00:00","og_image":[{"url":"https:\/\/cozyanddozy.com\/img\/l\/fr.png","type":"","width":"","height":""}],"twitter_card":"summary_large_image","twitter_misc":{"Dur\u00e9e de lecture estim\u00e9e":"9 minutes"},"schema":{"@context":"https:\/\/schema.org","@graph":[{"@type":"WebPage","@id":"https:\/\/cozydots.com\/fr\/livraison\/","url":"https:\/\/cozydots.com\/fr\/livraison\/","name":"Livraison - Cozydots.com","isPartOf":{"@id":"https:\/\/cozydots.com\/fr\/#website"},"primaryImageOfPage":{"@id":"https:\/\/cozydots.com\/fr\/livraison\/#primaryimage"},"image":{"@id":"https:\/\/cozydots.com\/fr\/livraison\/#primaryimage"},"thumbnailUrl":"https:\/\/cozyanddozy.com\/img\/l\/fr.png","datePublished":"2017-09-18T12:37:47+00:00","dateModified":"2023-02-02T18:57:47+00:00","breadcrumb":{"@id":"https:\/\/cozydots.com\/fr\/livraison\/#breadcrumb"},"inLanguage":"fr-FR","potentialAction":[{"@type":"ReadAction","target":["https:\/\/cozydots.com\/fr\/livraison\/"]}]},{"@type":"ImageObject","inLanguage":"fr-FR","@id":"https:\/\/cozydots.com\/fr\/livraison\/#primaryimage","url":"https:\/\/cozyanddozy.com\/img\/l\/fr.png","contentUrl":"https:\/\/cozyanddozy.com\/img\/l\/fr.png"},{"@type":"BreadcrumbList","@id":"https:\/\/cozydots.com\/fr\/livraison\/#breadcrumb","itemListElement":[{"@type":"ListItem","position":1,"name":"Strona g\u0142\u00f3wna","item":"https:\/\/cozydots.com\/fr\/"},{"@type":"ListItem","position":2,"name":"Livraison"}]},{"@type":"WebSite","@id":"https:\/\/cozydots.com\/fr\/#website","url":"https:\/\/cozydots.com\/fr\/","name":"Cozydots.com","description":"Producent namiot\u00f3w Tipi","publisher":{"@id":"https:\/\/cozydots.com\/fr\/#organization"},"potentialAction":[{"@type":"SearchAction","target":{"@type":"EntryPoint","urlTemplate":"https:\/\/cozydots.com\/fr\/?s={search_term_string}"},"query-input":{"@type":"PropertyValueSpecification","valueRequired":true,"valueName":"search_term_string"}}],"inLanguage":"fr-FR"},{"@type":"Organization","@id":"https:\/\/cozydots.com\/fr\/#organization","name":"Cozydots.com","url":"https:\/\/cozydots.com\/fr\/","logo":{"@type":"ImageObject","inLanguage":"fr-FR","@id":"https:\/\/cozydots.com\/fr\/#\/schema\/logo\/image\/","url":"https:\/\/cozydots.com\/wp-content\/uploads\/2021\/10\/cozyshop_logo.png","contentUrl":"https:\/\/cozydots.com\/wp-content\/uploads\/2021\/10\/cozyshop_logo.png","width":400,"height":121,"caption":"Cozydots.com"},"image":{"@id":"https:\/\/cozydots.com\/fr\/#\/schema\/logo\/image\/"}}]}},"_links":{"self":[{"href":"https:\/\/cozydots.com\/fr\/wp-json\/wp\/v2\/pages\/1964","targetHints":{"allow":["GET"]}}],"collection":[{"href":"https:\/\/cozydots.com\/fr\/wp-json\/wp\/v2\/pages"}],"about":[{"href":"https:\/\/cozydots.com\/fr\/wp-json\/wp\/v2\/types\/page"}],"author":[{"embeddable":true,"href":"https:\/\/cozydots.com\/fr\/wp-json\/wp\/v2\/users\/1"}],"replies":[{"embeddable":true,"href":"https:\/\/cozydots.com\/fr\/wp-json\/wp\/v2\/comments?post=1964"}],"version-history":[{"count":8,"href":"https:\/\/cozydots.com\/fr\/wp-json\/wp\/v2\/pages\/1964\/revisions"}],"predecessor-version":[{"id":54495,"href":"https:\/\/cozydots.com\/fr\/wp-json\/wp\/v2\/pages\/1964\/revisions\/54495"}],"wp:attachment":[{"href":"https:\/\/cozydots.com\/fr\/wp-json\/wp\/v2\/media?parent=1964"}],"curies":[{"name":"wp","href":"https:\/\/api.w.org\/{rel}","templated":true}]}}