{"id":3206,"date":"2017-10-23T13:04:03","date_gmt":"2017-10-23T11:04:03","guid":{"rendered":"https:\/\/cozydots.com\/?page_id=3206"},"modified":"2025-04-17T15:00:50","modified_gmt":"2025-04-17T13:00:50","slug":"conditions-de-vente","status":"publish","type":"page","link":"https:\/\/cozydots.com\/fr\/conditions-de-vente\/","title":{"rendered":"Conditions de vente"},"content":{"rendered":"<p style=\"text-align: center;\">Les termes et conditions de la boutique en ligne Cozyshop &#8211; avec un amour pour les enfants, avec les parents \u00e0 l&#8217;esprit &#8211; vous pouvez le donner au consommateur.<br \/>\nenregistrer sur disque ou imprimer<\/p>\n<p style=\"text-align: center;\">\u00a71 DISPOSITIONS RELATIVES \u00c0 LA PASSATION DE NOUVEAUX CONTRATS<br \/>\n1.<br \/>\nLa boutique en ligne Cozyshop &#8211; avec l&#8217;amour des enfants, pour les parents en t\u00eate, est dirig\u00e9e par<br \/>\nBaYka Karolina Poyan-Pogorzelska, inscrit\/entr\u00e9 dans le registre central et inscrit dans le registre central.<br \/>\nInformation sur l&#8217;activit\u00e9 \u00e9conomique men\u00e9e par le ministre de l&#8217;\u00c9conomie NIP No. 5422951737<br \/>\n2.<br \/>\nLe pr\u00e9sent r\u00e8glement constitue les r\u00e8gles de conclusion des contrats de vente \u00e0 distance.<br \/>\nvia le Store.<\/p>\n<p style=\"text-align: center;\">\u00a72 D\u00e9finitions<br \/>\n1.<br \/>\nconsommateur<br \/>\nUn utilisateur qui est une personne physique ex\u00e9cutant avec l&#8217;Entrepreneur dans le magasin<br \/>\nCozyshop &#8211; amour des enfants pour leurs enfants, pour les parents d&#8217;un acte juridique qui ne les concerne pas directement<br \/>\nleurs activit\u00e9s commerciales ou professionnelles<br \/>\n2.<br \/>\nentrepreneur<br \/>\nBaYka Karolina Poyan-Pogorzelska, ayant son si\u00e8ge social \u00e0 Praw Kobiet 6, 15-535 Bia\u0142ystok\u00a0inscrit\/enregistr\u00e9 dans le registre central des entreprises et de l&#8217;information<br \/>\nMinistre de l&#8217;\u00c9conomie NIP no. 5422951737<br \/>\n3.<br \/>\nUtilisateur<br \/>\nToute entit\u00e9 effectuant des achats par l&#8217;entremise du magasin.<br \/>\n4.<br \/>\nMagasinage<br \/>\nMagasin Internet g\u00e9r\u00e9 par l&#8217;entrepreneur \u00e0 l&#8217;adresse suivante<br \/>\nhttps:\/\/cozydots.com<\/p>\n<p style=\"text-align: center;\">\u00a7 3 CONTACT<br \/>\n1.<br \/>\nAdresse de l&#8217;entreprise: Praw Kobiet 6, 15-535 Bia\u0142ystok<br \/>\n2.<br \/>\nAdresse de courriel: shop@cozydots.com<br \/>\n3.<br \/>\nT\u00e9l\u00e9phone: +48 791-981-501<br \/>\n4.<br \/>\nLe consommateur peut communiquer avec le professionnel par l&#8217;interm\u00e9diaire d&#8217;adresses et de donn\u00e9es<br \/>\ncomme d\u00e9crit dans ce paragraphe.<br \/>\n4 INFORMATIONS \u00c0 RECEVOIR<br \/>\n1.<br \/>\nLes prix indiqu\u00e9s dans le magasin sont en zloty polonais et sont des prix bruts (taxes comprises).<br \/>\nVAT).<br \/>\n2.<br \/>\nLe prix final de la commande comprendra le prix des marchandises et les frais de livraison indiqu\u00e9s \u00e0 l&#8217;adresse suivante<br \/>\nsur les pages du magasin.<\/p>\n<p style=\"text-align: center;\">\u00a75 EX\u00c9CUTION DU CONTRAT DE VENTE<br \/>\n1.<br \/>\nL&#8217;utilisateur doit payer le commer\u00e7ant pour les marchandises achet\u00e9es dans les 14 jours ou dans les 14 jours.<br \/>\nlors de la livraison des marchandises, en fonction du mode de paiement choisi au moment de la livraison<br \/>\npasser une commande.<br \/>\n2.<br \/>\nL&#8217;utilisateur peut utiliser, entre autres, les \u00e9l\u00e9ments suivants. des modes de paiement suivants:<br \/>\na.<br \/>\nvirer<br \/>\nb.<br \/>\npaiement \/ carte de cr\u00e9dit<br \/>\nc.<br \/>\nsur r\u00e9ception (pour encaissement)<br \/>\n3.<br \/>\nVous trouverez des informations d\u00e9taill\u00e9es sur les modes de paiement accept\u00e9s sur les pages suivantes<br \/>\nBoutique.<br \/>\n4.<br \/>\nLes marchandises seront exp\u00e9di\u00e9es par l&#8217;Entrepreneur dans le d\u00e9lai indiqu\u00e9 dans la description des marchandises, de la mani\u00e8re suivante<br \/>\ns\u00e9lectionn\u00e9 par le Consommateur lors de sa commande.<\/p>\n<p style=\"text-align: center;\">5.<\/p>\n<p style=\"text-align: center;\">Le d\u00e9lai de traitement de la commande est de 2 \u00e0 5 jours ouvrables.<\/p>\n<p style=\"text-align: center;\">\u00a76 DROIT DE SUBROGATION DU CONTRAT<br \/>\n1.<br \/>\nLe consommateur a le droit de r\u00e9silier le contrat dans un d\u00e9lai de 14 jours sans indication de motif.<\/p>\n<p style=\"text-align: center;\">2.<br \/>\nLe d\u00e9lai de r\u00e9tractation expire apr\u00e8s quatorze jours \u00e0 compter du jour de la conclusion du contrat par le consommateur.<br \/>\nla possession d&#8217;un article ou d&#8217;un tiers autre que le transporteur et indiqu\u00e9 par<br \/>\nLe consommateur a pris possession des biens<br \/>\n3.<br \/>\nPour exercer son droit de r\u00e9tractation, le consommateur doit informer le professionnel<br \/>\nleur d\u00e9cision de r\u00e9silier le contrat au moyen d&#8217;une d\u00e9claration sans \u00e9quivoque, en utilisant les moyens suivants<br \/>\ndonn\u00e9es de l&#8217;Entrepreneur donn\u00e9es dans ce r\u00e8glement.<br \/>\n4.<br \/>\nLe consommateur peut utiliser le mod\u00e8le de formulaire de r\u00e9tractation pr\u00e9vu par<br \/>\n\u00e0 la fin de ce r\u00e8glement, mais c&#8217;est facultatif.<br \/>\n5.<br \/>\nPour conserver le d\u00e9lai de r\u00e9tractation du contrat, il suffit que le consommateur envoie l&#8217;information.<br \/>\nconcernant l&#8217;exercice du droit de r\u00e9tractation avant l&#8217;expiration du d\u00e9lai jusqu&#8217;au<br \/>\nla r\u00e9siliation du contrat.<br \/>\n6.<br \/>\nEffets du sevrage:<br \/>\na.<br \/>\nen cas de r\u00e9siliation du contrat, le professionnel restitue au consommateur tous les \u00e9l\u00e9ments suivants<br \/>\nles paiements re\u00e7us du consommateur, y compris les frais de livraison (<br \/>\nsauf<br \/>\n:<br \/>\nles frais suppl\u00e9mentaires r\u00e9sultant du mode de livraison choisi par le Consommateur<br \/>\nautre que le mode de livraison standard le moins cher propos\u00e9 par l&#8217;Entrepreneur en magasin,<br \/>\nimm\u00e9diatement, et en tout \u00e9tat de cause au plus tard dans les 14 jours \u00e0 compter de la date \u00e0 laquelle l&#8217;Entrepreneur<br \/>\na \u00e9t\u00e9 inform\u00e9e de la d\u00e9cision du consommateur d&#8217;exercer son droit de r\u00e9tractation.;<br \/>\nb.<br \/>\nle remboursement de l&#8217;Entrepreneur sera effectu\u00e9 par l&#8217;Entrepreneur par les m\u00eames moyens de paiement que ceux utilis\u00e9s par l&#8217;Entrepreneur.<br \/>\nont \u00e9t\u00e9 utilis\u00e9s par le consommateur dans la transaction initiale, sauf indication contraire expresse du consommateur<br \/>\na convenu d&#8217;une solution diff\u00e9rente; en tout \u00e9tat de cause, le consommateur ne paie aucune redevance.<br \/>\ndans le cadre de ce remboursement;<br \/>\nc.<br \/>\nLe professionnel peut retenir un remboursement jusqu&#8217; \u00e0 ce que les marchandises aient \u00e9t\u00e9 re\u00e7ues ou jusqu&#8217; \u00e0 ce que les marchandises aient \u00e9t\u00e9 re\u00e7ues.<br \/>\nle d\u00e9lai n\u00e9cessaire pour justifier de l&#8217;envoi, selon le cas<br \/>\nse produiront plus t\u00f4t;<br \/>\nd.<br \/>\nLe consommateur doit retourner les biens \u00e0 l&#8217;adresse du professionnel indiqu\u00e9e dans le pr\u00e9sent document.<br \/>\nLe r\u00e8glement de proc\u00e9dure s&#8217;applique imm\u00e9diatement et, en tout \u00e9tat de cause, au plus tard quatorze jours \u00e0 compter de la date \u00e0 laquelle<br \/>\na inform\u00e9 le professionnel de la r\u00e9siliation du contrat. La date limite sera respect\u00e9e si<br \/>\nLe consommateur doit retourner la marchandise dans un d\u00e9lai de 14 jours;<br \/>\ne.<br \/>\nLes frais directs de retour sont \u00e0 la charge du consommateur;<br \/>\nf.<br \/>\nLe consommateur n&#8217;est responsable que de la d\u00e9pr\u00e9ciation du bien r\u00e9sultant de son utilisation.<br \/>\nd&#8217;une mani\u00e8re autre que celle n\u00e9cessaire pour \u00e9tablir la nature, les caract\u00e9ristiques et les performances du produit<br \/>\ndes choses.<br \/>\n7.<br \/>\nLorsque, en raison de leur nature, ils ne peuvent normalement pas \u00eatre tenus dans le cours normal des choses<br \/>\nles informations envoy\u00e9es par la poste \u00e0 ce sujet, ainsi que les frais de retour de la marchandise, doivent \u00eatre incluses dans les documents suivants<br \/>\nDescription des choses dans le magasin.<br \/>\n8.<br \/>\nLe consommateur n&#8217; a pas le droit de se r\u00e9tracter d&#8217;un contrat \u00e0 distance en ce qui concerne<br \/>\n\u00e0 l&#8217;Accord:<br \/>\na.<br \/>\ndont l&#8217;objet est un objet non pr\u00e9fabriqu\u00e9, fabriqu\u00e9 selon la norme<br \/>\nle cahier des charges ou les besoins personnalis\u00e9s du consommateur;<\/p>\n<p style=\"text-align: center;\">\u00a77 R\u00c9CLAMATION ET GARANTIE<br \/>\n1.<br \/>\nLe commer\u00e7ant est tenu de livrer la marchandise sans d\u00e9faut.<br \/>\n2.<br \/>\nEn cas de d\u00e9faut de la marchandise achet\u00e9e aupr\u00e8s du professionnel, le Consommateur a droit \u00e0<br \/>\nPlaintes fond\u00e9es sur la garantie r\u00e9gies par les dispositions du Code civil.<br \/>\n3.<br \/>\nLa plainte doit \u00eatre soumise par \u00e9crit ou par courrier \u00e9lectronique \u00e0 l&#8217;adresse suivante<br \/>\nles r\u00e8glements r\u00e9gissant les adresses de l&#8217;entrepreneur.<br \/>\n4.<br \/>\nIl est recommand\u00e9 que la plainte comprenne, entre autres, les \u00e9l\u00e9ments suivants description concise du d\u00e9faut, date de sa survenance, donn\u00e9es<br \/>\nLe consommateur d\u00e9posant la r\u00e9clamation et la demande du consommateur relative au d\u00e9faut du bien.<br \/>\n5.<br \/>\nLe professionnel r\u00e9pond \u00e0 la r\u00e9clamation du consommateur dans un d\u00e9lai de quatorze jours, et<br \/>\ns&#8217;il ne le fait pas dans ce d\u00e9lai, la r\u00e9clamation du consommateur est consid\u00e9r\u00e9e comme justifi\u00e9e.<br \/>\n6.<br \/>\nLes marchandises renvoy\u00e9es dans le cadre de la proc\u00e9dure de r\u00e9clamation doivent \u00eatre envoy\u00e9es \u00e0 l&#8217;adresse indiqu\u00e9e au \u00a7 3.<br \/>\nR\u00e8glement int\u00e9rieur.<br \/>\n7.<br \/>\nSi le produit est couvert par la garantie, des informations sur le produit et son contenu,<br \/>\nsera inclus dans la description du produit dans le magasin.<\/p>\n<p style=\"text-align: center;\">8 AUTRES PUBLICIT\u00c9S ET ENQU\u00caTES SUR LES R\u00c9CLAMATIONS<\/p>\n<p style=\"text-align: center;\">1.<br \/>\nLe consommateur a la possibilit\u00e9 de profiter, entre autres, des avantages suivants z:<br \/>\na.<br \/>\nla m\u00e9diation men\u00e9e par les inspections de vo\u00efvodie de l&#8217;inspection commerciale.<br \/>\nb.<br \/>\nassistance des tribunaux de la consommation permanents et amiables op\u00e9rant dans les bureaux de la vo\u00efvodie<br \/>\nInspections de l&#8217;Autorit\u00e9 d&#8217;inspection commerciale<\/p>\n<p style=\"text-align: center;\">\u00a79 DONN\u00c9ES PERSONNELLES<br \/>\n1.<br \/>\nL&#8217;Utilisateur, lors de l&#8217;achat au magasin, fournit volontairement ses donn\u00e9es personnelles, ce qui est n\u00e9cessaire.<br \/>\nA cet effet, elles seront trait\u00e9es par l&#8217;entrepreneur.<br \/>\n2.<br \/>\nL&#8217;Utilisateur a le droit de consulter les donn\u00e9es personnelles le concernant et d&#8217;en demander la rectification.<br \/>\n3.<br \/>\nL&#8217;administrateur des donn\u00e9es personnelles est l&#8217;Entrepreneur.<\/p>\n<p style=\"text-align: center;\">ARTICLE 10 DISPOSITIONS FINALES<br \/>\n1.<br \/>\nDans les mati\u00e8res qui ne sont pas r\u00e9gies par le pr\u00e9sent r\u00e8glement int\u00e9rieur, elles sont d&#8217;application g\u00e9n\u00e9rale<br \/>\nles dispositions applicables du droit polonais, en particulier: la loi sur les droits des consommateurs du<br \/>\n30 mai 2014, la loi du 23 avril 1964 sur le Code civil et la loi du Code civil<br \/>\nla proc\u00e9dure civile du 17 novembre 1964.<br \/>\n2.<br \/>\nContrat d&#8217;achat conclu<\/p>\n<p>&nbsp;<\/p>\n","protected":false},"excerpt":{"rendered":"<p>Les termes et conditions de la boutique en ligne Cozyshop &#8211; avec un amour pour les enfants, avec les parents \u00e0 l&#8217;esprit &#8211; vous pouvez le donner au consommateur. enregistrer sur disque ou imprimer \u00a71 DISPOSITIONS RELATIVES \u00c0 LA PASSATION DE NOUVEAUX CONTRATS 1. La boutique en ligne Cozyshop &#8211; avec l&#8217;amour des enfants, pour [&#8230;]\n","protected":false},"author":1,"featured_media":0,"parent":0,"menu_order":0,"comment_status":"closed","ping_status":"closed","template":"","meta":{"footnotes":""},"class_list":["post-3206","page","type-page","status-publish","hentry"],"yoast_head":"<!-- This site is optimized with the Yoast SEO plugin v27.0 - https:\/\/yoast.com\/product\/yoast-seo-wordpress\/ -->\n<title>Conditions de vente - Cozydots.com<\/title>\n<meta name=\"robots\" content=\"noindex, nofollow\" \/>\n<meta property=\"og:locale\" content=\"fr_FR\" \/>\n<meta property=\"og:type\" content=\"article\" \/>\n<meta property=\"og:title\" content=\"Conditions de vente - Cozydots.com\" \/>\n<meta property=\"og:description\" content=\"Les termes et conditions de la boutique en ligne Cozyshop &#8211; avec un amour pour les enfants, avec les parents \u00e0 l&#8217;esprit &#8211; vous pouvez le donner au consommateur. enregistrer sur disque ou imprimer \u00a71 DISPOSITIONS RELATIVES \u00c0 LA PASSATION DE NOUVEAUX CONTRATS 1. La boutique en ligne Cozyshop &#8211; avec l&#8217;amour des enfants, pour [...]\" \/>\n<meta property=\"og:url\" content=\"https:\/\/cozydots.com\/fr\/conditions-de-vente\/\" \/>\n<meta property=\"og:site_name\" content=\"Cozydots.com\" \/>\n<meta property=\"article:modified_time\" content=\"2025-04-17T13:00:50+00:00\" \/>\n<meta name=\"twitter:card\" content=\"summary_large_image\" \/>\n<meta name=\"twitter:label1\" content=\"Dur\u00e9e de lecture estim\u00e9e\" \/>\n\t<meta name=\"twitter:data1\" content=\"9 minutes\" \/>\n<script type=\"application\/ld+json\" class=\"yoast-schema-graph\">{\"@context\":\"https:\/\/schema.org\",\"@graph\":[{\"@type\":\"WebPage\",\"@id\":\"https:\/\/cozydots.com\/fr\/conditions-de-vente\/\",\"url\":\"https:\/\/cozydots.com\/fr\/conditions-de-vente\/\",\"name\":\"Conditions de vente - Cozydots.com\",\"isPartOf\":{\"@id\":\"https:\/\/cozydots.com\/fr\/#website\"},\"datePublished\":\"2017-10-23T11:04:03+00:00\",\"dateModified\":\"2025-04-17T13:00:50+00:00\",\"breadcrumb\":{\"@id\":\"https:\/\/cozydots.com\/fr\/conditions-de-vente\/#breadcrumb\"},\"inLanguage\":\"fr-FR\",\"potentialAction\":[{\"@type\":\"ReadAction\",\"target\":[\"https:\/\/cozydots.com\/fr\/conditions-de-vente\/\"]}]},{\"@type\":\"BreadcrumbList\",\"@id\":\"https:\/\/cozydots.com\/fr\/conditions-de-vente\/#breadcrumb\",\"itemListElement\":[{\"@type\":\"ListItem\",\"position\":1,\"name\":\"Strona g\u0142\u00f3wna\",\"item\":\"https:\/\/cozydots.com\/fr\/\"},{\"@type\":\"ListItem\",\"position\":2,\"name\":\"Conditions de vente\"}]},{\"@type\":\"WebSite\",\"@id\":\"https:\/\/cozydots.com\/fr\/#website\",\"url\":\"https:\/\/cozydots.com\/fr\/\",\"name\":\"Cozydots.com\",\"description\":\"Producent namiot\u00f3w Tipi\",\"publisher\":{\"@id\":\"https:\/\/cozydots.com\/fr\/#organization\"},\"potentialAction\":[{\"@type\":\"SearchAction\",\"target\":{\"@type\":\"EntryPoint\",\"urlTemplate\":\"https:\/\/cozydots.com\/fr\/?s={search_term_string}\"},\"query-input\":{\"@type\":\"PropertyValueSpecification\",\"valueRequired\":true,\"valueName\":\"search_term_string\"}}],\"inLanguage\":\"fr-FR\"},{\"@type\":\"Organization\",\"@id\":\"https:\/\/cozydots.com\/fr\/#organization\",\"name\":\"Cozydots.com\",\"url\":\"https:\/\/cozydots.com\/fr\/\",\"logo\":{\"@type\":\"ImageObject\",\"inLanguage\":\"fr-FR\",\"@id\":\"https:\/\/cozydots.com\/fr\/#\/schema\/logo\/image\/\",\"url\":\"https:\/\/cozydots.com\/wp-content\/uploads\/2021\/10\/cozyshop_logo.png\",\"contentUrl\":\"https:\/\/cozydots.com\/wp-content\/uploads\/2021\/10\/cozyshop_logo.png\",\"width\":400,\"height\":121,\"caption\":\"Cozydots.com\"},\"image\":{\"@id\":\"https:\/\/cozydots.com\/fr\/#\/schema\/logo\/image\/\"}}]}<\/script>\n<!-- \/ Yoast SEO plugin. -->","yoast_head_json":{"title":"Conditions de vente - Cozydots.com","robots":{"index":"noindex","follow":"nofollow"},"og_locale":"fr_FR","og_type":"article","og_title":"Conditions de vente - Cozydots.com","og_description":"Les termes et conditions de la boutique en ligne Cozyshop &#8211; avec un amour pour les enfants, avec les parents \u00e0 l&#8217;esprit &#8211; vous pouvez le donner au consommateur. enregistrer sur disque ou imprimer \u00a71 DISPOSITIONS RELATIVES \u00c0 LA PASSATION DE NOUVEAUX CONTRATS 1. La boutique en ligne Cozyshop &#8211; avec l&#8217;amour des enfants, pour [...]","og_url":"https:\/\/cozydots.com\/fr\/conditions-de-vente\/","og_site_name":"Cozydots.com","article_modified_time":"2025-04-17T13:00:50+00:00","twitter_card":"summary_large_image","twitter_misc":{"Dur\u00e9e de lecture estim\u00e9e":"9 minutes"},"schema":{"@context":"https:\/\/schema.org","@graph":[{"@type":"WebPage","@id":"https:\/\/cozydots.com\/fr\/conditions-de-vente\/","url":"https:\/\/cozydots.com\/fr\/conditions-de-vente\/","name":"Conditions de vente - Cozydots.com","isPartOf":{"@id":"https:\/\/cozydots.com\/fr\/#website"},"datePublished":"2017-10-23T11:04:03+00:00","dateModified":"2025-04-17T13:00:50+00:00","breadcrumb":{"@id":"https:\/\/cozydots.com\/fr\/conditions-de-vente\/#breadcrumb"},"inLanguage":"fr-FR","potentialAction":[{"@type":"ReadAction","target":["https:\/\/cozydots.com\/fr\/conditions-de-vente\/"]}]},{"@type":"BreadcrumbList","@id":"https:\/\/cozydots.com\/fr\/conditions-de-vente\/#breadcrumb","itemListElement":[{"@type":"ListItem","position":1,"name":"Strona g\u0142\u00f3wna","item":"https:\/\/cozydots.com\/fr\/"},{"@type":"ListItem","position":2,"name":"Conditions de vente"}]},{"@type":"WebSite","@id":"https:\/\/cozydots.com\/fr\/#website","url":"https:\/\/cozydots.com\/fr\/","name":"Cozydots.com","description":"Producent namiot\u00f3w Tipi","publisher":{"@id":"https:\/\/cozydots.com\/fr\/#organization"},"potentialAction":[{"@type":"SearchAction","target":{"@type":"EntryPoint","urlTemplate":"https:\/\/cozydots.com\/fr\/?s={search_term_string}"},"query-input":{"@type":"PropertyValueSpecification","valueRequired":true,"valueName":"search_term_string"}}],"inLanguage":"fr-FR"},{"@type":"Organization","@id":"https:\/\/cozydots.com\/fr\/#organization","name":"Cozydots.com","url":"https:\/\/cozydots.com\/fr\/","logo":{"@type":"ImageObject","inLanguage":"fr-FR","@id":"https:\/\/cozydots.com\/fr\/#\/schema\/logo\/image\/","url":"https:\/\/cozydots.com\/wp-content\/uploads\/2021\/10\/cozyshop_logo.png","contentUrl":"https:\/\/cozydots.com\/wp-content\/uploads\/2021\/10\/cozyshop_logo.png","width":400,"height":121,"caption":"Cozydots.com"},"image":{"@id":"https:\/\/cozydots.com\/fr\/#\/schema\/logo\/image\/"}}]}},"_links":{"self":[{"href":"https:\/\/cozydots.com\/fr\/wp-json\/wp\/v2\/pages\/3206","targetHints":{"allow":["GET"]}}],"collection":[{"href":"https:\/\/cozydots.com\/fr\/wp-json\/wp\/v2\/pages"}],"about":[{"href":"https:\/\/cozydots.com\/fr\/wp-json\/wp\/v2\/types\/page"}],"author":[{"embeddable":true,"href":"https:\/\/cozydots.com\/fr\/wp-json\/wp\/v2\/users\/1"}],"replies":[{"embeddable":true,"href":"https:\/\/cozydots.com\/fr\/wp-json\/wp\/v2\/comments?post=3206"}],"version-history":[{"count":3,"href":"https:\/\/cozydots.com\/fr\/wp-json\/wp\/v2\/pages\/3206\/revisions"}],"predecessor-version":[{"id":57466,"href":"https:\/\/cozydots.com\/fr\/wp-json\/wp\/v2\/pages\/3206\/revisions\/57466"}],"wp:attachment":[{"href":"https:\/\/cozydots.com\/fr\/wp-json\/wp\/v2\/media?parent=3206"}],"curies":[{"name":"wp","href":"https:\/\/api.w.org\/{rel}","templated":true}]}}