{"id":2091,"date":"2017-08-13T15:37:54","date_gmt":"2017-09-19T10:30:15","guid":{"rendered":"https:\/\/cozydots.com\/?post_type=product&#038;p=2091"},"modified":"2023-02-08T11:58:15","modified_gmt":"2023-02-08T10:58:15","slug":"idienne-tente-tipi-pour-enfants-indian","status":"publish","type":"product","link":"https:\/\/cozydots.com\/fr\/produit\/idienne-tente-tipi-pour-enfants-indian\/","title":{"rendered":"Idienne Tente tipi pour enfants Etno"},"content":{"rendered":"<h2><b>Tente tipi pour enfants Etno<\/b><\/h2>\n<p><b>Une simple wigwam tente Indienne<\/b><span style=\"font-weight: 400\"> par Cozyshop est un refuge ludique pour tous les petits explorateurs.<\/span><span style=\"font-weight: 400\"><br \/>\n<\/span><span style=\"font-weight: 400\">La toile beige est finie avec <\/span><b>coton \u00e0 motifs indiens<\/b><span style=\"font-weight: 400\"> et l&#8217;<\/span><b>entr\u00e9e est d\u00e9cor\u00e9e de ruban turquoise avec des pompons<\/b><span style=\"font-weight: 400\">. La tente teepee pour enfant avec un design indien traditionnel est une excellente id\u00e9e pour une chambre d&#8217;enfant, \u00e0 la fois pour gar\u00e7on et fille. Elle est \u00e9galement utile lorsque les enfants jouent dans l&#8217;arri\u00e8re-cour &#8211; comme une cabane textile confortable <\/span><b>dans un jardin ou sur une plage<\/b><span style=\"font-weight: 400\">.<\/span><span style=\"font-weight: 400\"><br \/>\n<\/span><span style=\"font-weight: 400\">La tente de jeu est faite de coton naturel, exceptionnellement respirant et r\u00e9sistant aux d\u00e9chirures. Il donne une nuance agr\u00e9able, prot\u00e8ge du vent pendant les activit\u00e9s de plein air et cr\u00e9e une cachette calme et confortable pour votre enfant et ses petits tr\u00e9sors. La petite fen\u00eatre pratique avec le store \u00e0 rouleaux am\u00e9liore la circulation de l&#8217;air, de sorte qu&#8217;il n&#8217;y a jamais trop chaud \u00e0 l&#8217;int\u00e9rieur.<\/span><span style=\"font-weight: 400\"><br \/>\n<\/span><span style=\"font-weight: 400\">Le tipi de notre enfant est \u00e0 <\/span><b>100% fait \u00e0 la main<\/b><span style=\"font-weight: 400\">, cousu avec une attention particuli\u00e8re aux d\u00e9tails. Chaque tente est unique. Vous pouvez \u00eatre s\u00fbr que vous donnez \u00e0 votre enfant l&#8217;objet de <\/span><b>la meilleure qualit\u00e9<\/b><span style=\"font-weight: 400\">.<\/span><\/p>\n<h2><span style=\"font-weight: 400\">L&#8217;\u00e9quipement de la tente Etno indienne pour enfants par Cozyshop comprend:<\/span><\/h2>\n<ul>\n<li><span style=\"font-weight: 400\">\u00a0tente tipi<\/span><\/li>\n<li><span style=\"font-weight: 400\">4 poteaux de pin<\/span><\/li>\n<li><span style=\"font-weight: 400\">stabilizer<\/span><\/li>\n<\/ul>\n","protected":false},"excerpt":{"rendered":"<p><b>Une simple wigwam tente Indienne<\/b> par Cozyshop est un refuge ludique pour tous les petits explorateurs<\/p>\n","protected":false},"featured_media":41421,"comment_status":"open","ping_status":"closed","template":"","meta":[],"product_brand":[],"product_cat":[469],"product_tag":[],"class_list":{"0":"post-2091","1":"product","2":"type-product","3":"status-publish","4":"has-post-thumbnail","6":"product_cat-tentes-tipi","8":"first","9":"instock","10":"taxable","11":"shipping-taxable","12":"product-type-simple"},"yoast_head":"<!-- This site is optimized with the Yoast SEO plugin v27.0 - https:\/\/yoast.com\/product\/yoast-seo-wordpress\/ -->\n<title>Idienne Tente tipi pour enfants Etno - Cozydots.com<\/title>\n<meta name=\"description\" content=\"Une simple wigwam tente Indienne par Cozyshop est un refuge ludique pour tous les petits explorateurs\" \/>\n<meta name=\"robots\" content=\"index, follow, max-snippet:-1, max-image-preview:large, max-video-preview:-1\" \/>\n<link rel=\"canonical\" href=\"https:\/\/cozydots.com\/fr\/produit\/idienne-tente-tipi-pour-enfants-indian\/\" \/>\n<meta property=\"og:locale\" content=\"fr_FR\" \/>\n<meta property=\"og:type\" content=\"article\" \/>\n<meta property=\"og:title\" content=\"Idienne Tente tipi pour enfants Etno - Cozydots.com\" \/>\n<meta property=\"og:description\" content=\"Une simple wigwam tente Indienne par Cozyshop est un refuge ludique pour tous les petits explorateurs\" \/>\n<meta property=\"og:url\" content=\"https:\/\/cozydots.com\/fr\/produit\/idienne-tente-tipi-pour-enfants-indian\/\" \/>\n<meta property=\"og:site_name\" content=\"Cozydots.com\" \/>\n<meta property=\"article:modified_time\" content=\"2023-02-08T10:58:15+00:00\" \/>\n<meta property=\"og:image\" content=\"https:\/\/cozydots.com\/wp-content\/uploads\/2021\/11\/pp-1408.jpg\" \/>\n\t<meta property=\"og:image:width\" content=\"1200\" \/>\n\t<meta property=\"og:image:height\" content=\"1200\" \/>\n\t<meta property=\"og:image:type\" content=\"image\/jpeg\" \/>\n<meta name=\"twitter:card\" content=\"summary_large_image\" \/>\n<meta name=\"twitter:label1\" content=\"Dur\u00e9e de lecture estim\u00e9e\" \/>\n\t<meta name=\"twitter:data1\" content=\"1 minute\" \/>\n<script type=\"application\/ld+json\" class=\"yoast-schema-graph\">{\"@context\":\"https:\/\/schema.org\",\"@graph\":[{\"@type\":\"WebPage\",\"@id\":\"https:\/\/cozydots.com\/fr\/produit\/idienne-tente-tipi-pour-enfants-indian\/\",\"url\":\"https:\/\/cozydots.com\/fr\/produit\/idienne-tente-tipi-pour-enfants-indian\/\",\"name\":\"Idienne Tente tipi pour enfants Etno - Cozydots.com\",\"isPartOf\":{\"@id\":\"https:\/\/cozydots.com\/fr\/#website\"},\"primaryImageOfPage\":{\"@id\":\"https:\/\/cozydots.com\/fr\/produit\/idienne-tente-tipi-pour-enfants-indian\/#primaryimage\"},\"image\":{\"@id\":\"https:\/\/cozydots.com\/fr\/produit\/idienne-tente-tipi-pour-enfants-indian\/#primaryimage\"},\"thumbnailUrl\":\"https:\/\/cozydots.com\/wp-content\/uploads\/2021\/11\/pp-1408.jpg\",\"datePublished\":\"2017-09-19T10:30:15+00:00\",\"dateModified\":\"2023-02-08T10:58:15+00:00\",\"description\":\"Une simple wigwam tente Indienne par Cozyshop est un refuge ludique pour tous les petits explorateurs\",\"breadcrumb\":{\"@id\":\"https:\/\/cozydots.com\/fr\/produit\/idienne-tente-tipi-pour-enfants-indian\/#breadcrumb\"},\"inLanguage\":\"fr-FR\",\"potentialAction\":[{\"@type\":\"ReadAction\",\"target\":[\"https:\/\/cozydots.com\/fr\/produit\/idienne-tente-tipi-pour-enfants-indian\/\"]}]},{\"@type\":\"ImageObject\",\"inLanguage\":\"fr-FR\",\"@id\":\"https:\/\/cozydots.com\/fr\/produit\/idienne-tente-tipi-pour-enfants-indian\/#primaryimage\",\"url\":\"https:\/\/cozydots.com\/wp-content\/uploads\/2021\/11\/pp-1408.jpg\",\"contentUrl\":\"https:\/\/cozydots.com\/wp-content\/uploads\/2021\/11\/pp-1408.jpg\",\"width\":1200,\"height\":1200},{\"@type\":\"BreadcrumbList\",\"@id\":\"https:\/\/cozydots.com\/fr\/produit\/idienne-tente-tipi-pour-enfants-indian\/#breadcrumb\",\"itemListElement\":[{\"@type\":\"ListItem\",\"position\":1,\"name\":\"Strona g\u0142\u00f3wna\",\"item\":\"https:\/\/cozydots.com\/fr\/\"},{\"@type\":\"ListItem\",\"position\":2,\"name\":\"Boutique\",\"item\":\"https:\/\/cozydots.com\/fr\/boutique\/\"},{\"@type\":\"ListItem\",\"position\":3,\"name\":\"Idienne Tente tipi pour enfants Etno\"}]},{\"@type\":\"WebSite\",\"@id\":\"https:\/\/cozydots.com\/fr\/#website\",\"url\":\"https:\/\/cozydots.com\/fr\/\",\"name\":\"Cozydots.com\",\"description\":\"Producent namiot\u00f3w Tipi\",\"publisher\":{\"@id\":\"https:\/\/cozydots.com\/fr\/#organization\"},\"potentialAction\":[{\"@type\":\"SearchAction\",\"target\":{\"@type\":\"EntryPoint\",\"urlTemplate\":\"https:\/\/cozydots.com\/fr\/?s={search_term_string}\"},\"query-input\":{\"@type\":\"PropertyValueSpecification\",\"valueRequired\":true,\"valueName\":\"search_term_string\"}}],\"inLanguage\":\"fr-FR\"},{\"@type\":\"Organization\",\"@id\":\"https:\/\/cozydots.com\/fr\/#organization\",\"name\":\"Cozydots.com\",\"url\":\"https:\/\/cozydots.com\/fr\/\",\"logo\":{\"@type\":\"ImageObject\",\"inLanguage\":\"fr-FR\",\"@id\":\"https:\/\/cozydots.com\/fr\/#\/schema\/logo\/image\/\",\"url\":\"https:\/\/cozydots.com\/wp-content\/uploads\/2021\/10\/cozyshop_logo.png\",\"contentUrl\":\"https:\/\/cozydots.com\/wp-content\/uploads\/2021\/10\/cozyshop_logo.png\",\"width\":400,\"height\":121,\"caption\":\"Cozydots.com\"},\"image\":{\"@id\":\"https:\/\/cozydots.com\/fr\/#\/schema\/logo\/image\/\"}}]}<\/script>\n<!-- \/ Yoast SEO plugin. -->","yoast_head_json":{"title":"Idienne Tente tipi pour enfants Etno - Cozydots.com","description":"Une simple wigwam tente Indienne par Cozyshop est un refuge ludique pour tous les petits explorateurs","robots":{"index":"index","follow":"follow","max-snippet":"max-snippet:-1","max-image-preview":"max-image-preview:large","max-video-preview":"max-video-preview:-1"},"canonical":"https:\/\/cozydots.com\/fr\/produit\/idienne-tente-tipi-pour-enfants-indian\/","og_locale":"fr_FR","og_type":"article","og_title":"Idienne Tente tipi pour enfants Etno - Cozydots.com","og_description":"Une simple wigwam tente Indienne par Cozyshop est un refuge ludique pour tous les petits explorateurs","og_url":"https:\/\/cozydots.com\/fr\/produit\/idienne-tente-tipi-pour-enfants-indian\/","og_site_name":"Cozydots.com","article_modified_time":"2023-02-08T10:58:15+00:00","og_image":[{"width":1200,"height":1200,"url":"https:\/\/cozydots.com\/wp-content\/uploads\/2021\/11\/pp-1408.jpg","type":"image\/jpeg"}],"twitter_card":"summary_large_image","twitter_misc":{"Dur\u00e9e de lecture estim\u00e9e":"1 minute"},"schema":{"@context":"https:\/\/schema.org","@graph":[{"@type":"WebPage","@id":"https:\/\/cozydots.com\/fr\/produit\/idienne-tente-tipi-pour-enfants-indian\/","url":"https:\/\/cozydots.com\/fr\/produit\/idienne-tente-tipi-pour-enfants-indian\/","name":"Idienne Tente tipi pour enfants Etno - Cozydots.com","isPartOf":{"@id":"https:\/\/cozydots.com\/fr\/#website"},"primaryImageOfPage":{"@id":"https:\/\/cozydots.com\/fr\/produit\/idienne-tente-tipi-pour-enfants-indian\/#primaryimage"},"image":{"@id":"https:\/\/cozydots.com\/fr\/produit\/idienne-tente-tipi-pour-enfants-indian\/#primaryimage"},"thumbnailUrl":"https:\/\/cozydots.com\/wp-content\/uploads\/2021\/11\/pp-1408.jpg","datePublished":"2017-09-19T10:30:15+00:00","dateModified":"2023-02-08T10:58:15+00:00","description":"Une simple wigwam tente Indienne par Cozyshop est un refuge ludique pour tous les petits explorateurs","breadcrumb":{"@id":"https:\/\/cozydots.com\/fr\/produit\/idienne-tente-tipi-pour-enfants-indian\/#breadcrumb"},"inLanguage":"fr-FR","potentialAction":[{"@type":"ReadAction","target":["https:\/\/cozydots.com\/fr\/produit\/idienne-tente-tipi-pour-enfants-indian\/"]}]},{"@type":"ImageObject","inLanguage":"fr-FR","@id":"https:\/\/cozydots.com\/fr\/produit\/idienne-tente-tipi-pour-enfants-indian\/#primaryimage","url":"https:\/\/cozydots.com\/wp-content\/uploads\/2021\/11\/pp-1408.jpg","contentUrl":"https:\/\/cozydots.com\/wp-content\/uploads\/2021\/11\/pp-1408.jpg","width":1200,"height":1200},{"@type":"BreadcrumbList","@id":"https:\/\/cozydots.com\/fr\/produit\/idienne-tente-tipi-pour-enfants-indian\/#breadcrumb","itemListElement":[{"@type":"ListItem","position":1,"name":"Strona g\u0142\u00f3wna","item":"https:\/\/cozydots.com\/fr\/"},{"@type":"ListItem","position":2,"name":"Boutique","item":"https:\/\/cozydots.com\/fr\/boutique\/"},{"@type":"ListItem","position":3,"name":"Idienne Tente tipi pour enfants Etno"}]},{"@type":"WebSite","@id":"https:\/\/cozydots.com\/fr\/#website","url":"https:\/\/cozydots.com\/fr\/","name":"Cozydots.com","description":"Producent namiot\u00f3w Tipi","publisher":{"@id":"https:\/\/cozydots.com\/fr\/#organization"},"potentialAction":[{"@type":"SearchAction","target":{"@type":"EntryPoint","urlTemplate":"https:\/\/cozydots.com\/fr\/?s={search_term_string}"},"query-input":{"@type":"PropertyValueSpecification","valueRequired":true,"valueName":"search_term_string"}}],"inLanguage":"fr-FR"},{"@type":"Organization","@id":"https:\/\/cozydots.com\/fr\/#organization","name":"Cozydots.com","url":"https:\/\/cozydots.com\/fr\/","logo":{"@type":"ImageObject","inLanguage":"fr-FR","@id":"https:\/\/cozydots.com\/fr\/#\/schema\/logo\/image\/","url":"https:\/\/cozydots.com\/wp-content\/uploads\/2021\/10\/cozyshop_logo.png","contentUrl":"https:\/\/cozydots.com\/wp-content\/uploads\/2021\/10\/cozyshop_logo.png","width":400,"height":121,"caption":"Cozydots.com"},"image":{"@id":"https:\/\/cozydots.com\/fr\/#\/schema\/logo\/image\/"}}]}},"_links":{"self":[{"href":"https:\/\/cozydots.com\/fr\/wp-json\/wp\/v2\/product\/2091","targetHints":{"allow":["GET"]}}],"collection":[{"href":"https:\/\/cozydots.com\/fr\/wp-json\/wp\/v2\/product"}],"about":[{"href":"https:\/\/cozydots.com\/fr\/wp-json\/wp\/v2\/types\/product"}],"replies":[{"embeddable":true,"href":"https:\/\/cozydots.com\/fr\/wp-json\/wp\/v2\/comments?post=2091"}],"wp:featuredmedia":[{"embeddable":true,"href":"https:\/\/cozydots.com\/fr\/wp-json\/wp\/v2\/media\/41421"}],"wp:attachment":[{"href":"https:\/\/cozydots.com\/fr\/wp-json\/wp\/v2\/media?parent=2091"}],"wp:term":[{"taxonomy":"product_brand","embeddable":true,"href":"https:\/\/cozydots.com\/fr\/wp-json\/wp\/v2\/product_brand?post=2091"},{"taxonomy":"product_cat","embeddable":true,"href":"https:\/\/cozydots.com\/fr\/wp-json\/wp\/v2\/product_cat?post=2091"},{"taxonomy":"product_tag","embeddable":true,"href":"https:\/\/cozydots.com\/fr\/wp-json\/wp\/v2\/product_tag?post=2091"}],"curies":[{"name":"wp","href":"https:\/\/api.w.org\/{rel}","templated":true}]}}