{"id":2456,"date":"2017-07-31T18:36:02","date_gmt":"2017-10-08T13:31:59","guid":{"rendered":"https:\/\/cozydots.com\/?post_type=product&#038;p=2456"},"modified":"2025-12-04T21:05:57","modified_gmt":"2025-12-04T20:05:57","slug":"tente-tipi-indien-pour-garcon-aztec-2-ensemble-de-7-pieces","status":"publish","type":"product","link":"https:\/\/cozydots.com\/fr\/produit\/tente-tipi-indien-pour-garcon-aztec-2-ensemble-de-7-pieces\/","title":{"rendered":"Tente tipi indien pour gar\u00e7on Indian, ensemble de 6 pi\u00e8ces"},"content":{"rendered":"<p><img loading=\"lazy\" decoding=\"async\" class=\"wp-image-41501 alignright\" src=\"https:\/\/cozydots.com\/wp-content\/uploads\/2021\/11\/pp-1503.jpg\" alt=\"indian tipi aztec\" width=\"600\" height=\"600\" srcset=\"https:\/\/cozydots.com\/wp-content\/uploads\/2021\/11\/pp-1503.jpg 1200w, https:\/\/cozydots.com\/wp-content\/uploads\/2021\/11\/pp-1503-400x400.jpg 400w, https:\/\/cozydots.com\/wp-content\/uploads\/2021\/11\/pp-1503-150x150.jpg 150w, https:\/\/cozydots.com\/wp-content\/uploads\/2021\/11\/pp-1503-768x768.jpg 768w, https:\/\/cozydots.com\/wp-content\/uploads\/2021\/11\/pp-1503-470x470.jpg 470w, https:\/\/cozydots.com\/wp-content\/uploads\/2021\/11\/pp-1503-800x800.jpg 800w, https:\/\/cozydots.com\/wp-content\/uploads\/2021\/11\/pp-1503-100x100.jpg 100w\" sizes=\"auto, (max-width: 600px) 100vw, 600px\" \/><\/p>\n<h2><b>Tente tipi indien pour gar\u00e7on Indian, ensemble de 6 pi\u00e8ces<\/b><\/h2>\n<p><span style=\"font-weight: 400\">Tipi pour enfants \u00e0 motif azt\u00e8que de la s\u00e9rie Indian. Parfait pour un gar\u00e7on. <\/span><\/p>\n<p><span style=\"font-weight: 400\">Comprend un tapis, deux oreillers.<\/span><\/p>\n<p><b>Le<\/b> <b>tipi indien ethnique pour enfants de la s\u00e9rie Indian \u00a0par Cozyshop<\/b><span style=\"font-weight: 400\"> est un espace confortable pour jouer pour les petits aventuriers. <\/span><\/p>\n<p><span style=\"font-weight: 400\">La toile naturelle de coton a \u00e9t\u00e9 d\u00e9cor\u00e9e avec un <\/span><b>tissu \u00e0 motifs azt\u00e8ques<\/b><span style=\"font-weight: 400\">. Les d\u00e9tails sont soulign\u00e9s avec des rubans noirs et des pompons. Le plancher de la tente cr\u00e9e un tapis rembourr\u00e9 avec une application en forme de cactus et une bordure. Ce <\/span><b>tipi<\/b><span style=\"font-weight: 400\"> stimulant l&#8217;imagination <\/span><b>pour la chambre d&#8217;enfant<\/b><span style=\"font-weight: 400\"> sera particuli\u00e8rement attrayante pour les gar\u00e7ons. \u00a0<\/span><\/p>\n<p><span style=\"font-weight: 400\">Fait de coton naturel, le wigwam offre une excellente circulation d&#8217;air, est hypoallerg\u00e9nique et lavable dans la machine \u00e0 laver. La tente est tr\u00e8s pratique <\/span><b>\u00e0 l&#8217;int\u00e9rieur comme \u00e0 l&#8217;ext\u00e9rieur<\/b><span style=\"font-weight: 400\">, o\u00f9 elle deviendra une cachette tranquille isol\u00e9e du vent et du soleil. Le tapis permet des jeux confortables au sol et une belle sieste avec des coussins, et une fen\u00eatre avec un store offre encore plus de plaisir lors des jeux dans le wigwam! <\/span><\/p>\n<p><span style=\"font-weight: 400\">Nos tentes sont <\/span><b>faite \u00e0 la main<\/b><span style=\"font-weight: 400\">, avec un soin particulier. Cela rend chaque exemplaire parfait et unique et vous \u00eates s\u00fbr d&#8217;avoir un <\/span><b>produit de la plus haute qualit\u00e9<\/b><span style=\"font-weight: 400\">.<\/span><\/p>\n<h2><span style=\"font-weight: 400\">L&#8217;\u00e9quipement de la tente Indian par Cozyshop comprend:<\/span><span style=\"font-weight: 400\"><br \/>\n<\/span><\/h2>\n<ul>\n<li><span style=\"font-weight: 400\">tente tipi<\/span><\/li>\n<li><span style=\"font-weight: 400\">\u00a04 poteaux de pin (cadre)<\/span><\/li>\n<li><span style=\"font-weight: 400\">\u00a0housse de tente (avec poign\u00e9e de transport et cordon de serrage)<\/span><\/li>\n<li><span style=\"color: #555555\">tapis (qui n&#8217;est pas int\u00e9gr\u00e9 \u00e0 la tente)<\/span><\/li>\n<li><span style=\"color: #555555\">deux oreillers\u00a0<\/span><\/li>\n<\/ul>\n<p><span style=\"font-weight: 400\">Vous pouvez \u00e9galement acheter la tente Aztec 2 sans tapis, guirlande et oreillers.<\/span><\/p>\n<p><span style=\"font-weight: 400\">D\u00e9lai de livraison: 1-2 jours ouvrables + exp\u00e9dition.<\/span><span style=\"font-weight: 400\"><br \/>\n<\/span><span style=\"font-weight: 400\">Nous serons heureux de vous faire une tente sur mesure et de r\u00e9aliser votre id\u00e9e. Contactez-nous pour en savoir plus.<\/span><\/p>\n","protected":false},"excerpt":{"rendered":"<p>Tipi pour enfants \u00e0 motif azt\u00e8que de la s\u00e9rie Indian. Parfait pour un gar\u00e7on.<\/p>\n","protected":false},"featured_media":48672,"comment_status":"open","ping_status":"closed","template":"","meta":[],"product_brand":[],"product_cat":[469],"product_tag":[1436],"class_list":{"0":"post-2456","1":"product","2":"type-product","3":"status-publish","4":"has-post-thumbnail","6":"product_cat-tentes-tipi","7":"product_tag-pla-fr","9":"first","10":"instock","11":"sale","12":"taxable","13":"shipping-taxable","14":"product-type-simple"},"yoast_head":"<!-- This site is optimized with the Yoast SEO plugin v27.0 - https:\/\/yoast.com\/product\/yoast-seo-wordpress\/ -->\n<title>Tente tipi indien pour gar\u00e7on Indian, ensemble de 6 pi\u00e8ces - Cozydots.com<\/title>\n<meta name=\"description\" content=\"Tipi pour enfants \u00e0 motif azt\u00e8que de la s\u00e9rie Indian. Parfait pour un gar\u00e7on.\" \/>\n<meta name=\"robots\" content=\"index, follow, max-snippet:-1, max-image-preview:large, max-video-preview:-1\" \/>\n<link rel=\"canonical\" href=\"https:\/\/cozydots.com\/fr\/produit\/tente-tipi-indien-pour-garcon-aztec-2-ensemble-de-7-pieces\/\" \/>\n<meta property=\"og:locale\" content=\"fr_FR\" \/>\n<meta property=\"og:type\" content=\"article\" \/>\n<meta property=\"og:title\" content=\"Tente tipi indien pour gar\u00e7on Indian, ensemble de 6 pi\u00e8ces - Cozydots.com\" \/>\n<meta property=\"og:description\" content=\"Tipi pour enfants \u00e0 motif azt\u00e8que de la s\u00e9rie Indian. Parfait pour un gar\u00e7on.\" \/>\n<meta property=\"og:url\" content=\"https:\/\/cozydots.com\/fr\/produit\/tente-tipi-indien-pour-garcon-aztec-2-ensemble-de-7-pieces\/\" \/>\n<meta property=\"og:site_name\" content=\"Cozydots.com\" \/>\n<meta property=\"article:modified_time\" content=\"2025-12-04T20:05:57+00:00\" \/>\n<meta property=\"og:image\" content=\"https:\/\/cozydots.com\/wp-content\/uploads\/2017\/07\/kids_tipi_tent_indian_s1.jpg\" \/>\n\t<meta property=\"og:image:width\" content=\"1200\" \/>\n\t<meta property=\"og:image:height\" content=\"1200\" \/>\n\t<meta property=\"og:image:type\" content=\"image\/jpeg\" \/>\n<meta name=\"twitter:card\" content=\"summary_large_image\" \/>\n<meta name=\"twitter:label1\" content=\"Dur\u00e9e de lecture estim\u00e9e\" \/>\n\t<meta name=\"twitter:data1\" content=\"2 minutes\" \/>\n<script type=\"application\/ld+json\" class=\"yoast-schema-graph\">{\"@context\":\"https:\/\/schema.org\",\"@graph\":[{\"@type\":\"WebPage\",\"@id\":\"https:\/\/cozydots.com\/fr\/produit\/tente-tipi-indien-pour-garcon-aztec-2-ensemble-de-7-pieces\/\",\"url\":\"https:\/\/cozydots.com\/fr\/produit\/tente-tipi-indien-pour-garcon-aztec-2-ensemble-de-7-pieces\/\",\"name\":\"Tente tipi indien pour gar\u00e7on Indian, ensemble de 6 pi\u00e8ces - Cozydots.com\",\"isPartOf\":{\"@id\":\"https:\/\/cozydots.com\/fr\/#website\"},\"primaryImageOfPage\":{\"@id\":\"https:\/\/cozydots.com\/fr\/produit\/tente-tipi-indien-pour-garcon-aztec-2-ensemble-de-7-pieces\/#primaryimage\"},\"image\":{\"@id\":\"https:\/\/cozydots.com\/fr\/produit\/tente-tipi-indien-pour-garcon-aztec-2-ensemble-de-7-pieces\/#primaryimage\"},\"thumbnailUrl\":\"https:\/\/cozydots.com\/wp-content\/uploads\/2017\/07\/kids_tipi_tent_indian_s1.jpg\",\"datePublished\":\"2017-10-08T13:31:59+00:00\",\"dateModified\":\"2025-12-04T20:05:57+00:00\",\"description\":\"Tipi pour enfants \u00e0 motif azt\u00e8que de la s\u00e9rie Indian. Parfait pour un gar\u00e7on.\",\"breadcrumb\":{\"@id\":\"https:\/\/cozydots.com\/fr\/produit\/tente-tipi-indien-pour-garcon-aztec-2-ensemble-de-7-pieces\/#breadcrumb\"},\"inLanguage\":\"fr-FR\",\"potentialAction\":[{\"@type\":\"ReadAction\",\"target\":[\"https:\/\/cozydots.com\/fr\/produit\/tente-tipi-indien-pour-garcon-aztec-2-ensemble-de-7-pieces\/\"]}]},{\"@type\":\"ImageObject\",\"inLanguage\":\"fr-FR\",\"@id\":\"https:\/\/cozydots.com\/fr\/produit\/tente-tipi-indien-pour-garcon-aztec-2-ensemble-de-7-pieces\/#primaryimage\",\"url\":\"https:\/\/cozydots.com\/wp-content\/uploads\/2017\/07\/kids_tipi_tent_indian_s1.jpg\",\"contentUrl\":\"https:\/\/cozydots.com\/wp-content\/uploads\/2017\/07\/kids_tipi_tent_indian_s1.jpg\",\"width\":1200,\"height\":1200,\"caption\":\"kids_tipi_tent_indian_s1\"},{\"@type\":\"BreadcrumbList\",\"@id\":\"https:\/\/cozydots.com\/fr\/produit\/tente-tipi-indien-pour-garcon-aztec-2-ensemble-de-7-pieces\/#breadcrumb\",\"itemListElement\":[{\"@type\":\"ListItem\",\"position\":1,\"name\":\"Strona g\u0142\u00f3wna\",\"item\":\"https:\/\/cozydots.com\/fr\/\"},{\"@type\":\"ListItem\",\"position\":2,\"name\":\"Boutique\",\"item\":\"https:\/\/cozydots.com\/fr\/boutique\/\"},{\"@type\":\"ListItem\",\"position\":3,\"name\":\"Tente tipi indien pour gar\u00e7on Indian, ensemble de 6 pi\u00e8ces\"}]},{\"@type\":\"WebSite\",\"@id\":\"https:\/\/cozydots.com\/fr\/#website\",\"url\":\"https:\/\/cozydots.com\/fr\/\",\"name\":\"Cozydots.com\",\"description\":\"Producent namiot\u00f3w Tipi\",\"publisher\":{\"@id\":\"https:\/\/cozydots.com\/fr\/#organization\"},\"potentialAction\":[{\"@type\":\"SearchAction\",\"target\":{\"@type\":\"EntryPoint\",\"urlTemplate\":\"https:\/\/cozydots.com\/fr\/?s={search_term_string}\"},\"query-input\":{\"@type\":\"PropertyValueSpecification\",\"valueRequired\":true,\"valueName\":\"search_term_string\"}}],\"inLanguage\":\"fr-FR\"},{\"@type\":\"Organization\",\"@id\":\"https:\/\/cozydots.com\/fr\/#organization\",\"name\":\"Cozydots.com\",\"url\":\"https:\/\/cozydots.com\/fr\/\",\"logo\":{\"@type\":\"ImageObject\",\"inLanguage\":\"fr-FR\",\"@id\":\"https:\/\/cozydots.com\/fr\/#\/schema\/logo\/image\/\",\"url\":\"https:\/\/cozydots.com\/wp-content\/uploads\/2021\/10\/cozyshop_logo.png\",\"contentUrl\":\"https:\/\/cozydots.com\/wp-content\/uploads\/2021\/10\/cozyshop_logo.png\",\"width\":400,\"height\":121,\"caption\":\"Cozydots.com\"},\"image\":{\"@id\":\"https:\/\/cozydots.com\/fr\/#\/schema\/logo\/image\/\"}}]}<\/script>\n<!-- \/ Yoast SEO plugin. -->","yoast_head_json":{"title":"Tente tipi indien pour gar\u00e7on Indian, ensemble de 6 pi\u00e8ces - Cozydots.com","description":"Tipi pour enfants \u00e0 motif azt\u00e8que de la s\u00e9rie Indian. Parfait pour un gar\u00e7on.","robots":{"index":"index","follow":"follow","max-snippet":"max-snippet:-1","max-image-preview":"max-image-preview:large","max-video-preview":"max-video-preview:-1"},"canonical":"https:\/\/cozydots.com\/fr\/produit\/tente-tipi-indien-pour-garcon-aztec-2-ensemble-de-7-pieces\/","og_locale":"fr_FR","og_type":"article","og_title":"Tente tipi indien pour gar\u00e7on Indian, ensemble de 6 pi\u00e8ces - Cozydots.com","og_description":"Tipi pour enfants \u00e0 motif azt\u00e8que de la s\u00e9rie Indian. Parfait pour un gar\u00e7on.","og_url":"https:\/\/cozydots.com\/fr\/produit\/tente-tipi-indien-pour-garcon-aztec-2-ensemble-de-7-pieces\/","og_site_name":"Cozydots.com","article_modified_time":"2025-12-04T20:05:57+00:00","og_image":[{"width":1200,"height":1200,"url":"https:\/\/cozydots.com\/wp-content\/uploads\/2017\/07\/kids_tipi_tent_indian_s1.jpg","type":"image\/jpeg"}],"twitter_card":"summary_large_image","twitter_misc":{"Dur\u00e9e de lecture estim\u00e9e":"2 minutes"},"schema":{"@context":"https:\/\/schema.org","@graph":[{"@type":"WebPage","@id":"https:\/\/cozydots.com\/fr\/produit\/tente-tipi-indien-pour-garcon-aztec-2-ensemble-de-7-pieces\/","url":"https:\/\/cozydots.com\/fr\/produit\/tente-tipi-indien-pour-garcon-aztec-2-ensemble-de-7-pieces\/","name":"Tente tipi indien pour gar\u00e7on Indian, ensemble de 6 pi\u00e8ces - Cozydots.com","isPartOf":{"@id":"https:\/\/cozydots.com\/fr\/#website"},"primaryImageOfPage":{"@id":"https:\/\/cozydots.com\/fr\/produit\/tente-tipi-indien-pour-garcon-aztec-2-ensemble-de-7-pieces\/#primaryimage"},"image":{"@id":"https:\/\/cozydots.com\/fr\/produit\/tente-tipi-indien-pour-garcon-aztec-2-ensemble-de-7-pieces\/#primaryimage"},"thumbnailUrl":"https:\/\/cozydots.com\/wp-content\/uploads\/2017\/07\/kids_tipi_tent_indian_s1.jpg","datePublished":"2017-10-08T13:31:59+00:00","dateModified":"2025-12-04T20:05:57+00:00","description":"Tipi pour enfants \u00e0 motif azt\u00e8que de la s\u00e9rie Indian. Parfait pour un gar\u00e7on.","breadcrumb":{"@id":"https:\/\/cozydots.com\/fr\/produit\/tente-tipi-indien-pour-garcon-aztec-2-ensemble-de-7-pieces\/#breadcrumb"},"inLanguage":"fr-FR","potentialAction":[{"@type":"ReadAction","target":["https:\/\/cozydots.com\/fr\/produit\/tente-tipi-indien-pour-garcon-aztec-2-ensemble-de-7-pieces\/"]}]},{"@type":"ImageObject","inLanguage":"fr-FR","@id":"https:\/\/cozydots.com\/fr\/produit\/tente-tipi-indien-pour-garcon-aztec-2-ensemble-de-7-pieces\/#primaryimage","url":"https:\/\/cozydots.com\/wp-content\/uploads\/2017\/07\/kids_tipi_tent_indian_s1.jpg","contentUrl":"https:\/\/cozydots.com\/wp-content\/uploads\/2017\/07\/kids_tipi_tent_indian_s1.jpg","width":1200,"height":1200,"caption":"kids_tipi_tent_indian_s1"},{"@type":"BreadcrumbList","@id":"https:\/\/cozydots.com\/fr\/produit\/tente-tipi-indien-pour-garcon-aztec-2-ensemble-de-7-pieces\/#breadcrumb","itemListElement":[{"@type":"ListItem","position":1,"name":"Strona g\u0142\u00f3wna","item":"https:\/\/cozydots.com\/fr\/"},{"@type":"ListItem","position":2,"name":"Boutique","item":"https:\/\/cozydots.com\/fr\/boutique\/"},{"@type":"ListItem","position":3,"name":"Tente tipi indien pour gar\u00e7on Indian, ensemble de 6 pi\u00e8ces"}]},{"@type":"WebSite","@id":"https:\/\/cozydots.com\/fr\/#website","url":"https:\/\/cozydots.com\/fr\/","name":"Cozydots.com","description":"Producent namiot\u00f3w Tipi","publisher":{"@id":"https:\/\/cozydots.com\/fr\/#organization"},"potentialAction":[{"@type":"SearchAction","target":{"@type":"EntryPoint","urlTemplate":"https:\/\/cozydots.com\/fr\/?s={search_term_string}"},"query-input":{"@type":"PropertyValueSpecification","valueRequired":true,"valueName":"search_term_string"}}],"inLanguage":"fr-FR"},{"@type":"Organization","@id":"https:\/\/cozydots.com\/fr\/#organization","name":"Cozydots.com","url":"https:\/\/cozydots.com\/fr\/","logo":{"@type":"ImageObject","inLanguage":"fr-FR","@id":"https:\/\/cozydots.com\/fr\/#\/schema\/logo\/image\/","url":"https:\/\/cozydots.com\/wp-content\/uploads\/2021\/10\/cozyshop_logo.png","contentUrl":"https:\/\/cozydots.com\/wp-content\/uploads\/2021\/10\/cozyshop_logo.png","width":400,"height":121,"caption":"Cozydots.com"},"image":{"@id":"https:\/\/cozydots.com\/fr\/#\/schema\/logo\/image\/"}}]}},"_links":{"self":[{"href":"https:\/\/cozydots.com\/fr\/wp-json\/wp\/v2\/product\/2456","targetHints":{"allow":["GET"]}}],"collection":[{"href":"https:\/\/cozydots.com\/fr\/wp-json\/wp\/v2\/product"}],"about":[{"href":"https:\/\/cozydots.com\/fr\/wp-json\/wp\/v2\/types\/product"}],"replies":[{"embeddable":true,"href":"https:\/\/cozydots.com\/fr\/wp-json\/wp\/v2\/comments?post=2456"}],"wp:featuredmedia":[{"embeddable":true,"href":"https:\/\/cozydots.com\/fr\/wp-json\/wp\/v2\/media\/48672"}],"wp:attachment":[{"href":"https:\/\/cozydots.com\/fr\/wp-json\/wp\/v2\/media?parent=2456"}],"wp:term":[{"taxonomy":"product_brand","embeddable":true,"href":"https:\/\/cozydots.com\/fr\/wp-json\/wp\/v2\/product_brand?post=2456"},{"taxonomy":"product_cat","embeddable":true,"href":"https:\/\/cozydots.com\/fr\/wp-json\/wp\/v2\/product_cat?post=2456"},{"taxonomy":"product_tag","embeddable":true,"href":"https:\/\/cozydots.com\/fr\/wp-json\/wp\/v2\/product_tag?post=2456"}],"curies":[{"name":"wp","href":"https:\/\/api.w.org\/{rel}","templated":true}]}}