{"id":2474,"date":"2017-08-02T11:11:26","date_gmt":"2017-10-08T15:24:58","guid":{"rendered":"https:\/\/cozydots.com\/?post_type=product&#038;p=2474"},"modified":"2023-02-15T16:32:53","modified_gmt":"2023-02-15T15:32:53","slug":"tente-tipi-noir-pour-garcon-honey","status":"publish","type":"product","link":"https:\/\/cozydots.com\/fr\/produit\/tente-tipi-noir-pour-garcon-honey\/","title":{"rendered":"Tente tipi noir pour gar\u00e7on Honey Bee"},"content":{"rendered":"<h3>Tente tipi indien pour gar\u00e7on Honey Bee<\/h3>\n<p><span style=\"font-weight: 400;\">Tipi classique pour enfants de la s\u00e9rie Honey. Parfait pour un gar\u00e7on.<\/span><\/p>\n<p><b>La tente de contraste pour la chambre des enfants de la s\u00e9rie Honey par Cozy &amp; Dozy <\/b><span style=\"font-weight: 400;\">est un endroit confortable et intime \u00e0 jouer, qui offrira beaucoup de joie \u00e0 tous les enfants. <\/span><\/p>\n<p><span style=\"font-weight: 400;\">La toile de coton naturel a \u00e9t\u00e9 juxtapos\u00e9e avec un tissu noir contrastant, et le d\u00e9tails sont finis avec des rubans en couleur de miel. Ce mod\u00e8le de tipi indien pour enfants est excellent pour la <\/span><b>chambre d&#8217;un gar\u00e7on <\/b><span style=\"font-weight: 400;\">pour des jeux gamins dans la cour. \u00a0\u00a0<\/span><\/p>\n<p><span style=\"font-weight: 400;\">Notre tipi est<\/span><b> fait \u00e0 la main <\/b><span style=\"font-weight: 400;\">de tissu a\u00e9r\u00e9 et agr\u00e9able au toucher en coton, qui peut \u00eatre <\/span><b>lav\u00e9 dans une machine \u00e0 laver.<\/b><span style=\"font-weight: 400;\"> Il prot\u00e9gera le tout-petit contre le soleil et le vent <\/span><b>lors de jeux dans le jardin ou sur la plage<\/b><span style=\"font-weight: 400;\">. <\/span><span style=\"font-weight: 400;\">\u00c0<\/span><span style=\"font-weight: 400;\"> l&#8217;int\u00e9rieur du <\/span><b>tipi pour enfants<\/b><span style=\"font-weight: 400;\"> il y a deux poches spacieuses pour les tr\u00e9sors d&#8217;enfant. La tente dispose \u00e9galement d&#8217;une <\/span><b>fen\u00eatre avec le store r\u00e9glable<\/b><span style=\"font-weight: 400;\"> qui permet de fermer le tipi. <\/span><span style=\"font-weight: 400;\"><br \/>\n<\/span><span style=\"font-weight: 400;\"><br \/>\n<\/span><span style=\"font-weight: 400;\">Le wigwam a \u00e9t\u00e9<\/span><b> fait \u00e0 la main <\/b><span style=\"font-weight: 400;\">avec un soin particulier et une pr\u00e9cision exceptionnelle. Gr\u00e2ce \u00e0 cela, chaque tente est unique et vous pouvez \u00eatre certain que vous obtenez un <\/span><b>exemplaire de la meilleure qualit\u00e9<\/b><span style=\"font-weight: 400;\">.<\/span><\/p>\n<h3><span style=\"font-weight: 400;\">L&#8217;\u00e9quipement de tipi pour enfants s<\/span><span style=\"font-weight: 400;\">\u00e9<\/span><span style=\"font-weight: 400;\">rie Honey Bee par Cozy &amp; Dozy comprend:<\/span><span style=\"font-weight: 400;\"><br \/>\n<\/span><\/h3>\n<ul>\n<li><span style=\"font-weight: 400;\">\u00a0tente tipi<\/span><\/li>\n<li><span style=\"color: #555555;\">4 poteaux de pin naturel (cadre)<\/span><\/li>\n<li><span style=\"color: #555555;\">stabilizer<\/span><\/li>\n<\/ul>\n<p><span style=\"font-weight: 400;\">Vous pouvez \u00e9galement acheter ce type de tente avec un tapis et des oreillers.<\/span><span style=\"font-weight: 400;\"><br \/>\n<\/span><\/p>\n<h3><span style=\"font-weight: 400;\">Dimensions:<\/span><span style=\"font-weight: 400;\"><br \/>\n<\/span><\/h3>\n<ul>\n<li><span style=\"font-weight: 400;\">Hauteur (avec poteaux) pli\u00e9: 150 cm<\/span><\/li>\n<li><span style=\"font-weight: 400;\">Hauteur (avec poteaux): 170 cm<\/span><\/li>\n<li><span style=\"font-weight: 400;\">Surface du sol: env. 110 \u00d7 110 cm<\/span><span style=\"font-weight: 400;\"><br \/>\n<\/span><\/li>\n<\/ul>\n<p><span style=\"font-weight: 400;\">Le wigwam peut confortablement accueillir 2-3 enfants. Le Teepee peut \u00eatre facilement pli\u00e9 et stock\u00e9 dans une housse en coton avec une poign\u00e9e qui fait partie de l&#8217;ensemble.<\/span><span style=\"font-weight: 400;\"><br \/>\n<\/span><\/p>\n<h3><span style=\"font-weight: 400;\">Composition:<\/span><span style=\"font-weight: 400;\"><br \/>\n<\/span><\/h3>\n<ul>\n<li><span style=\"font-weight: 400;\">100% Coton et marque CE<\/span><span style=\"font-weight: 400;\"><br \/>\n<\/span><\/li>\n<\/ul>\n<p><span style=\"font-weight: 400;\">Toutes les tentes tipi sont fabriqu\u00e9s uniquement avec des tissus europ\u00e9ens, donc elles sont <\/span><b>\u00e0 100\u00a0% s\u00fbrs pour les enfants<\/b><span style=\"font-weight: 400;\"> et ont les approbations, les certificats et les attestations appropri\u00e9s. La tente a \u00e9t\u00e9 fabriqu\u00e9e en Pologne.<\/span><\/p>\n<h3><span style=\"font-weight: 400;\">M\u00e9thode de soins:<\/span><span style=\"font-weight: 400;\"><br \/>\n<\/span><\/h3>\n<ul>\n<li><span style=\"font-weight: 400;\">Lavage en machine \u00e0 40 \u00b0 C, essorage &#8211; 800 tr \/ min<\/span><\/li>\n<li><span style=\"font-weight: 400;\">Ne pas javelliser<\/span><\/li>\n<li><span style=\"font-weight: 400;\">Ne pas nettoyer \u00e0 sec<\/span><span style=\"font-weight: 400;\"><br \/>\n<\/span><\/li>\n<\/ul>\n<p><span style=\"font-weight: 400;\">D\u00e9lai de livraison: 1-2 jours ouvrables + exp\u00e9dition.<\/span><span style=\"font-weight: 400;\"><br \/>\n<\/span><span style=\"font-weight: 400;\">Nous serons heureux de vous faire une tente sur mesure et de r\u00e9aliser votre id\u00e9e. Contactez-nous pour en savoir plus.<\/span><\/p>\n","protected":false},"excerpt":{"rendered":"<p>Tipi classique pour enfants de la s\u00e9rie Honey. Parfait pour un gar\u00e7on.<\/p>\n","protected":false},"featured_media":41351,"comment_status":"open","ping_status":"closed","template":"","meta":[],"product_brand":[],"product_cat":[469],"product_tag":[],"class_list":{"0":"post-2474","1":"product","2":"type-product","3":"status-publish","4":"has-post-thumbnail","6":"product_cat-tentes-tipi","8":"first","9":"instock","10":"taxable","11":"shipping-taxable","12":"product-type-simple"},"yoast_head":"<!-- This site is optimized with the Yoast SEO plugin v27.0 - https:\/\/yoast.com\/product\/yoast-seo-wordpress\/ -->\n<title>Tente tipi noir pour gar\u00e7on Honey Bee - Cozydots.com<\/title>\n<meta name=\"robots\" content=\"index, follow, max-snippet:-1, max-image-preview:large, max-video-preview:-1\" \/>\n<link rel=\"canonical\" href=\"https:\/\/cozydots.com\/fr\/produit\/tente-tipi-noir-pour-garcon-honey\/\" \/>\n<meta property=\"og:locale\" content=\"fr_FR\" \/>\n<meta property=\"og:type\" content=\"article\" \/>\n<meta property=\"og:title\" content=\"Tente tipi noir pour gar\u00e7on Honey Bee - Cozydots.com\" \/>\n<meta property=\"og:description\" content=\"Tipi classique pour enfants de la s\u00e9rie Honey. Parfait pour un gar\u00e7on.\" \/>\n<meta property=\"og:url\" content=\"https:\/\/cozydots.com\/fr\/produit\/tente-tipi-noir-pour-garcon-honey\/\" \/>\n<meta property=\"og:site_name\" content=\"Cozydots.com\" \/>\n<meta property=\"article:modified_time\" content=\"2023-02-15T15:32:53+00:00\" \/>\n<meta property=\"og:image\" content=\"https:\/\/cozydots.com\/wp-content\/uploads\/2021\/11\/pp-1297.jpg\" \/>\n\t<meta property=\"og:image:width\" content=\"1200\" \/>\n\t<meta property=\"og:image:height\" content=\"1200\" \/>\n\t<meta property=\"og:image:type\" content=\"image\/jpeg\" \/>\n<meta name=\"twitter:card\" content=\"summary_large_image\" \/>\n<meta name=\"twitter:label1\" content=\"Dur\u00e9e de lecture estim\u00e9e\" \/>\n\t<meta name=\"twitter:data1\" content=\"3 minutes\" \/>\n<script type=\"application\/ld+json\" class=\"yoast-schema-graph\">{\"@context\":\"https:\/\/schema.org\",\"@graph\":[{\"@type\":\"WebPage\",\"@id\":\"https:\/\/cozydots.com\/fr\/produit\/tente-tipi-noir-pour-garcon-honey\/\",\"url\":\"https:\/\/cozydots.com\/fr\/produit\/tente-tipi-noir-pour-garcon-honey\/\",\"name\":\"Tente tipi noir pour gar\u00e7on Honey Bee - Cozydots.com\",\"isPartOf\":{\"@id\":\"https:\/\/cozydots.com\/fr\/#website\"},\"primaryImageOfPage\":{\"@id\":\"https:\/\/cozydots.com\/fr\/produit\/tente-tipi-noir-pour-garcon-honey\/#primaryimage\"},\"image\":{\"@id\":\"https:\/\/cozydots.com\/fr\/produit\/tente-tipi-noir-pour-garcon-honey\/#primaryimage\"},\"thumbnailUrl\":\"https:\/\/cozydots.com\/wp-content\/uploads\/2021\/11\/pp-1297.jpg\",\"datePublished\":\"2017-10-08T15:24:58+00:00\",\"dateModified\":\"2023-02-15T15:32:53+00:00\",\"breadcrumb\":{\"@id\":\"https:\/\/cozydots.com\/fr\/produit\/tente-tipi-noir-pour-garcon-honey\/#breadcrumb\"},\"inLanguage\":\"fr-FR\",\"potentialAction\":[{\"@type\":\"ReadAction\",\"target\":[\"https:\/\/cozydots.com\/fr\/produit\/tente-tipi-noir-pour-garcon-honey\/\"]}]},{\"@type\":\"ImageObject\",\"inLanguage\":\"fr-FR\",\"@id\":\"https:\/\/cozydots.com\/fr\/produit\/tente-tipi-noir-pour-garcon-honey\/#primaryimage\",\"url\":\"https:\/\/cozydots.com\/wp-content\/uploads\/2021\/11\/pp-1297.jpg\",\"contentUrl\":\"https:\/\/cozydots.com\/wp-content\/uploads\/2021\/11\/pp-1297.jpg\",\"width\":1200,\"height\":1200},{\"@type\":\"BreadcrumbList\",\"@id\":\"https:\/\/cozydots.com\/fr\/produit\/tente-tipi-noir-pour-garcon-honey\/#breadcrumb\",\"itemListElement\":[{\"@type\":\"ListItem\",\"position\":1,\"name\":\"Strona g\u0142\u00f3wna\",\"item\":\"https:\/\/cozydots.com\/fr\/\"},{\"@type\":\"ListItem\",\"position\":2,\"name\":\"Boutique\",\"item\":\"https:\/\/cozydots.com\/fr\/boutique\/\"},{\"@type\":\"ListItem\",\"position\":3,\"name\":\"Tente tipi noir pour gar\u00e7on Honey Bee\"}]},{\"@type\":\"WebSite\",\"@id\":\"https:\/\/cozydots.com\/fr\/#website\",\"url\":\"https:\/\/cozydots.com\/fr\/\",\"name\":\"Cozydots.com\",\"description\":\"Producent namiot\u00f3w Tipi\",\"publisher\":{\"@id\":\"https:\/\/cozydots.com\/fr\/#organization\"},\"potentialAction\":[{\"@type\":\"SearchAction\",\"target\":{\"@type\":\"EntryPoint\",\"urlTemplate\":\"https:\/\/cozydots.com\/fr\/?s={search_term_string}\"},\"query-input\":{\"@type\":\"PropertyValueSpecification\",\"valueRequired\":true,\"valueName\":\"search_term_string\"}}],\"inLanguage\":\"fr-FR\"},{\"@type\":\"Organization\",\"@id\":\"https:\/\/cozydots.com\/fr\/#organization\",\"name\":\"Cozydots.com\",\"url\":\"https:\/\/cozydots.com\/fr\/\",\"logo\":{\"@type\":\"ImageObject\",\"inLanguage\":\"fr-FR\",\"@id\":\"https:\/\/cozydots.com\/fr\/#\/schema\/logo\/image\/\",\"url\":\"https:\/\/cozydots.com\/wp-content\/uploads\/2021\/10\/cozyshop_logo.png\",\"contentUrl\":\"https:\/\/cozydots.com\/wp-content\/uploads\/2021\/10\/cozyshop_logo.png\",\"width\":400,\"height\":121,\"caption\":\"Cozydots.com\"},\"image\":{\"@id\":\"https:\/\/cozydots.com\/fr\/#\/schema\/logo\/image\/\"}}]}<\/script>\n<!-- \/ Yoast SEO plugin. -->","yoast_head_json":{"title":"Tente tipi noir pour gar\u00e7on Honey Bee - Cozydots.com","robots":{"index":"index","follow":"follow","max-snippet":"max-snippet:-1","max-image-preview":"max-image-preview:large","max-video-preview":"max-video-preview:-1"},"canonical":"https:\/\/cozydots.com\/fr\/produit\/tente-tipi-noir-pour-garcon-honey\/","og_locale":"fr_FR","og_type":"article","og_title":"Tente tipi noir pour gar\u00e7on Honey Bee - Cozydots.com","og_description":"Tipi classique pour enfants de la s\u00e9rie Honey. Parfait pour un gar\u00e7on.","og_url":"https:\/\/cozydots.com\/fr\/produit\/tente-tipi-noir-pour-garcon-honey\/","og_site_name":"Cozydots.com","article_modified_time":"2023-02-15T15:32:53+00:00","og_image":[{"width":1200,"height":1200,"url":"https:\/\/cozydots.com\/wp-content\/uploads\/2021\/11\/pp-1297.jpg","type":"image\/jpeg"}],"twitter_card":"summary_large_image","twitter_misc":{"Dur\u00e9e de lecture estim\u00e9e":"3 minutes"},"schema":{"@context":"https:\/\/schema.org","@graph":[{"@type":"WebPage","@id":"https:\/\/cozydots.com\/fr\/produit\/tente-tipi-noir-pour-garcon-honey\/","url":"https:\/\/cozydots.com\/fr\/produit\/tente-tipi-noir-pour-garcon-honey\/","name":"Tente tipi noir pour gar\u00e7on Honey Bee - Cozydots.com","isPartOf":{"@id":"https:\/\/cozydots.com\/fr\/#website"},"primaryImageOfPage":{"@id":"https:\/\/cozydots.com\/fr\/produit\/tente-tipi-noir-pour-garcon-honey\/#primaryimage"},"image":{"@id":"https:\/\/cozydots.com\/fr\/produit\/tente-tipi-noir-pour-garcon-honey\/#primaryimage"},"thumbnailUrl":"https:\/\/cozydots.com\/wp-content\/uploads\/2021\/11\/pp-1297.jpg","datePublished":"2017-10-08T15:24:58+00:00","dateModified":"2023-02-15T15:32:53+00:00","breadcrumb":{"@id":"https:\/\/cozydots.com\/fr\/produit\/tente-tipi-noir-pour-garcon-honey\/#breadcrumb"},"inLanguage":"fr-FR","potentialAction":[{"@type":"ReadAction","target":["https:\/\/cozydots.com\/fr\/produit\/tente-tipi-noir-pour-garcon-honey\/"]}]},{"@type":"ImageObject","inLanguage":"fr-FR","@id":"https:\/\/cozydots.com\/fr\/produit\/tente-tipi-noir-pour-garcon-honey\/#primaryimage","url":"https:\/\/cozydots.com\/wp-content\/uploads\/2021\/11\/pp-1297.jpg","contentUrl":"https:\/\/cozydots.com\/wp-content\/uploads\/2021\/11\/pp-1297.jpg","width":1200,"height":1200},{"@type":"BreadcrumbList","@id":"https:\/\/cozydots.com\/fr\/produit\/tente-tipi-noir-pour-garcon-honey\/#breadcrumb","itemListElement":[{"@type":"ListItem","position":1,"name":"Strona g\u0142\u00f3wna","item":"https:\/\/cozydots.com\/fr\/"},{"@type":"ListItem","position":2,"name":"Boutique","item":"https:\/\/cozydots.com\/fr\/boutique\/"},{"@type":"ListItem","position":3,"name":"Tente tipi noir pour gar\u00e7on Honey Bee"}]},{"@type":"WebSite","@id":"https:\/\/cozydots.com\/fr\/#website","url":"https:\/\/cozydots.com\/fr\/","name":"Cozydots.com","description":"Producent namiot\u00f3w Tipi","publisher":{"@id":"https:\/\/cozydots.com\/fr\/#organization"},"potentialAction":[{"@type":"SearchAction","target":{"@type":"EntryPoint","urlTemplate":"https:\/\/cozydots.com\/fr\/?s={search_term_string}"},"query-input":{"@type":"PropertyValueSpecification","valueRequired":true,"valueName":"search_term_string"}}],"inLanguage":"fr-FR"},{"@type":"Organization","@id":"https:\/\/cozydots.com\/fr\/#organization","name":"Cozydots.com","url":"https:\/\/cozydots.com\/fr\/","logo":{"@type":"ImageObject","inLanguage":"fr-FR","@id":"https:\/\/cozydots.com\/fr\/#\/schema\/logo\/image\/","url":"https:\/\/cozydots.com\/wp-content\/uploads\/2021\/10\/cozyshop_logo.png","contentUrl":"https:\/\/cozydots.com\/wp-content\/uploads\/2021\/10\/cozyshop_logo.png","width":400,"height":121,"caption":"Cozydots.com"},"image":{"@id":"https:\/\/cozydots.com\/fr\/#\/schema\/logo\/image\/"}}]}},"_links":{"self":[{"href":"https:\/\/cozydots.com\/fr\/wp-json\/wp\/v2\/product\/2474","targetHints":{"allow":["GET"]}}],"collection":[{"href":"https:\/\/cozydots.com\/fr\/wp-json\/wp\/v2\/product"}],"about":[{"href":"https:\/\/cozydots.com\/fr\/wp-json\/wp\/v2\/types\/product"}],"replies":[{"embeddable":true,"href":"https:\/\/cozydots.com\/fr\/wp-json\/wp\/v2\/comments?post=2474"}],"wp:featuredmedia":[{"embeddable":true,"href":"https:\/\/cozydots.com\/fr\/wp-json\/wp\/v2\/media\/41351"}],"wp:attachment":[{"href":"https:\/\/cozydots.com\/fr\/wp-json\/wp\/v2\/media?parent=2474"}],"wp:term":[{"taxonomy":"product_brand","embeddable":true,"href":"https:\/\/cozydots.com\/fr\/wp-json\/wp\/v2\/product_brand?post=2474"},{"taxonomy":"product_cat","embeddable":true,"href":"https:\/\/cozydots.com\/fr\/wp-json\/wp\/v2\/product_cat?post=2474"},{"taxonomy":"product_tag","embeddable":true,"href":"https:\/\/cozydots.com\/fr\/wp-json\/wp\/v2\/product_tag?post=2474"}],"curies":[{"name":"wp","href":"https:\/\/api.w.org\/{rel}","templated":true}]}}