{"id":2487,"date":"2017-08-03T11:12:49","date_gmt":"2017-10-08T16:39:27","guid":{"rendered":"https:\/\/cozydots.com\/?post_type=product&#038;p=2487"},"modified":"2026-01-01T17:58:31","modified_gmt":"2026-01-01T16:58:31","slug":"tente-tipi-pour-garcon-honey-ensemble-de-6-pcs","status":"publish","type":"product","link":"https:\/\/cozydots.com\/fr\/produit\/tente-tipi-pour-garcon-honey-ensemble-de-6-pcs\/","title":{"rendered":"Tente tipi pour enfant Honey, ensemble de 6 pcs"},"content":{"rendered":"<p><img loading=\"lazy\" decoding=\"async\" class=\"alignright wp-image-53593\" src=\"https:\/\/cozydots.com\/wp-content\/uploads\/2017\/08\/specyfikacja-honey-fr.jpg\" alt=\"tipi-honey-fr\" width=\"600\" height=\"600\" srcset=\"https:\/\/cozydots.com\/wp-content\/uploads\/2017\/08\/specyfikacja-honey-fr.jpg 1200w, https:\/\/cozydots.com\/wp-content\/uploads\/2017\/08\/specyfikacja-honey-fr-400x400.jpg 400w, https:\/\/cozydots.com\/wp-content\/uploads\/2017\/08\/specyfikacja-honey-fr-150x150.jpg 150w, https:\/\/cozydots.com\/wp-content\/uploads\/2017\/08\/specyfikacja-honey-fr-768x768.jpg 768w, https:\/\/cozydots.com\/wp-content\/uploads\/2017\/08\/specyfikacja-honey-fr-470x470.jpg 470w, https:\/\/cozydots.com\/wp-content\/uploads\/2017\/08\/specyfikacja-honey-fr-800x800.jpg 800w, https:\/\/cozydots.com\/wp-content\/uploads\/2017\/08\/specyfikacja-honey-fr-100x100.jpg 100w\" sizes=\"auto, (max-width: 600px) 100vw, 600px\" \/><\/p>\n<h2><span style=\"font-weight: 400;\">Tente tipi pour enfant Honey <\/span><\/h2>\n<p>Tipi pour les enfants \u00e0 motif g\u00e9om\u00e9trique de la s\u00e9rie Honey. <span style=\"font-weight: 400;\">Comprend un tapis et deux oreillers. <\/span><\/p>\n<p>Un ensemble avec un tipi indien pour la chambre d&#8217;enfants de la s\u00e9rie Honey par Cozy rappelle avec ses couleurs jaune et noire une abeille \u00e0 rayures. La tente repr\u00e9sente un endroit s\u00fbr et tranquille pour jouer.<\/p>\n<p>La toile de coton beige a \u00e9t\u00e9 contrast\u00e9e avec un tissu noir et finie avec des accents en couleur de miel. L&#8217;entr\u00e9e \u00e9tait d\u00e9cor\u00e9e de ruban avec des pompons. Le kit comprend \u00e9galement 2 oreillers doux \u00e0 motifs g\u00e9om\u00e9triques et un tapis rembourr\u00e9 en couleur de miel. Ces couleurs contrastantes du tipi indien pour enfants sont excellentes pour la chambre d&#8217;un gar\u00e7on. Le wigwam deviendra vite une cachette favorite pendant les jeux aussi bien dans la chambre d&#8217;enfant que dans la cour.<\/p>\n<p><b>Cette tente faite \u00e0 la main est en coton naturel<\/b><span style=\"font-weight: 400;\">, qui offre une excellente circulation d&#8217;air et une protection s\u00fbre contre le soleil et le vent lors de jeux en plein air. Le tapis de jeu est rempli d&#8217;ouate de silicone anti allergique, qui <\/span><b>isole efficacement du froid<\/b><span style=\"font-weight: 400;\">. Les oreillers de m\u00eame style vous donneront encore plus de joie et seront pr\u00e9cieux pendant la sieste d&#8217;apr\u00e8s-midi dans la tente. Ce mod\u00e8le du <\/span><b>tipi pour enfants<\/b><span style=\"font-weight: 400;\"> a \u00e9galement deux poches int\u00e9rieures pour les bibelots et une <\/span><b>fen\u00eatre avec des volets roulants<\/b><span style=\"font-weight: 400;\">. <\/span><span style=\"font-weight: 400;\"><br \/>\n<\/span><span style=\"font-weight: 400;\"><br \/>\n<\/span><span style=\"font-weight: 400;\">Notre tipi pour enfants est soigneusement <\/span><b>fait \u00e0 la main<\/b><span style=\"font-weight: 400;\">. Gr\u00e2ce \u00e0 cela, chaque pi\u00e8ce est unique et vous pouvez \u00eatre certain que vous obtenez un <\/span><b>produit haut de gamme<\/b><span style=\"font-weight: 400;\">. <\/span><\/p>\n<h2><span style=\"font-weight: 400;\">L&#8217;ensemble de tipi pour enfants s<\/span><span style=\"font-weight: 400;\">\u00e9<\/span><span style=\"font-weight: 400;\">rie Honey par Cozy comprend:<\/span><span style=\"font-weight: 400;\"><br \/>\n<\/span><\/h2>\n<ul>\n<li><strong>Tente tipi<\/strong><\/li>\n<li><strong>Stabilisateur<\/strong>\u00a0(emp\u00eache le cadre de bouger)<\/li>\n<li><span style=\"color: #555555;\">4 poteaux de pin naturel (cadre)<\/span><\/li>\n<li><strong><span style=\"color: #555555;\">2 oreillers<\/span><\/strong><\/li>\n<li><span style=\"color: #555555;\"><strong>tapis<\/strong> (qui n&#8217;est pas int\u00e9gr\u00e9 \u00e0 la tente)<\/span><\/li>\n<\/ul>\n","protected":false},"excerpt":{"rendered":"<p><span style=\"font-weight: 400;\">Tipi pour les enfants \u00e0 motif g\u00e9om\u00e9trique de la s\u00e9rie Honey. Parfait pour un gar\u00e7on. <\/span><span style=\"font-weight: 400;\">Comprend un tapis et deux oreillers.<\/span><\/p>\n","protected":false},"featured_media":53550,"comment_status":"open","ping_status":"closed","template":"","meta":[],"product_brand":[],"product_cat":[469],"product_tag":[1436],"class_list":{"0":"post-2487","1":"product","2":"type-product","3":"status-publish","4":"has-post-thumbnail","6":"product_cat-tentes-tipi","7":"product_tag-pla-fr","9":"first","10":"instock","11":"sale","12":"taxable","13":"shipping-taxable","14":"product-type-simple"},"yoast_head":"<!-- This site is optimized with the Yoast SEO plugin v27.0 - https:\/\/yoast.com\/product\/yoast-seo-wordpress\/ -->\n<title>Tente tipi pour enfant Honey, ensemble de 6 pcs - Cozydots.com<\/title>\n<meta name=\"description\" content=\"Tipi pour les enfants \u00e0 motif g\u00e9om\u00e9trique de la s\u00e9rie Honey Bee. Parfait pour un gar\u00e7on. Comprend un tapis et deux oreillers.\" \/>\n<meta name=\"robots\" content=\"index, follow, max-snippet:-1, max-image-preview:large, max-video-preview:-1\" \/>\n<link rel=\"canonical\" href=\"https:\/\/cozydots.com\/fr\/produit\/tente-tipi-pour-garcon-honey-ensemble-de-6-pcs\/\" \/>\n<meta property=\"og:locale\" content=\"fr_FR\" \/>\n<meta property=\"og:type\" content=\"article\" \/>\n<meta property=\"og:title\" content=\"Tente tipi pour enfant Honey, ensemble de 6 pcs - Cozydots.com\" \/>\n<meta property=\"og:description\" content=\"Tipi pour les enfants \u00e0 motif g\u00e9om\u00e9trique de la s\u00e9rie Honey Bee. Parfait pour un gar\u00e7on. Comprend un tapis et deux oreillers.\" \/>\n<meta property=\"og:url\" content=\"https:\/\/cozydots.com\/fr\/produit\/tente-tipi-pour-garcon-honey-ensemble-de-6-pcs\/\" \/>\n<meta property=\"og:site_name\" content=\"Cozydots.com\" \/>\n<meta property=\"article:modified_time\" content=\"2026-01-01T16:58:31+00:00\" \/>\n<meta property=\"og:image\" content=\"https:\/\/cozydots.com\/wp-content\/uploads\/2017\/08\/kids_tipi_tent_honey_s1_f9.jpg\" \/>\n\t<meta property=\"og:image:width\" content=\"1200\" \/>\n\t<meta property=\"og:image:height\" content=\"1200\" \/>\n\t<meta property=\"og:image:type\" content=\"image\/jpeg\" \/>\n<meta name=\"twitter:card\" content=\"summary_large_image\" \/>\n<meta name=\"twitter:label1\" content=\"Dur\u00e9e de lecture estim\u00e9e\" \/>\n\t<meta name=\"twitter:data1\" content=\"2 minutes\" \/>\n<script type=\"application\/ld+json\" class=\"yoast-schema-graph\">{\"@context\":\"https:\/\/schema.org\",\"@graph\":[{\"@type\":\"WebPage\",\"@id\":\"https:\/\/cozydots.com\/fr\/produit\/tente-tipi-pour-garcon-honey-ensemble-de-6-pcs\/\",\"url\":\"https:\/\/cozydots.com\/fr\/produit\/tente-tipi-pour-garcon-honey-ensemble-de-6-pcs\/\",\"name\":\"Tente tipi pour enfant Honey, ensemble de 6 pcs - Cozydots.com\",\"isPartOf\":{\"@id\":\"https:\/\/cozydots.com\/fr\/#website\"},\"primaryImageOfPage\":{\"@id\":\"https:\/\/cozydots.com\/fr\/produit\/tente-tipi-pour-garcon-honey-ensemble-de-6-pcs\/#primaryimage\"},\"image\":{\"@id\":\"https:\/\/cozydots.com\/fr\/produit\/tente-tipi-pour-garcon-honey-ensemble-de-6-pcs\/#primaryimage\"},\"thumbnailUrl\":\"https:\/\/cozydots.com\/wp-content\/uploads\/2017\/08\/kids_tipi_tent_honey_s1_f9.jpg\",\"datePublished\":\"2017-10-08T16:39:27+00:00\",\"dateModified\":\"2026-01-01T16:58:31+00:00\",\"description\":\"Tipi pour les enfants \u00e0 motif g\u00e9om\u00e9trique de la s\u00e9rie Honey Bee. Parfait pour un gar\u00e7on. Comprend un tapis et deux oreillers.\",\"breadcrumb\":{\"@id\":\"https:\/\/cozydots.com\/fr\/produit\/tente-tipi-pour-garcon-honey-ensemble-de-6-pcs\/#breadcrumb\"},\"inLanguage\":\"fr-FR\",\"potentialAction\":[{\"@type\":\"ReadAction\",\"target\":[\"https:\/\/cozydots.com\/fr\/produit\/tente-tipi-pour-garcon-honey-ensemble-de-6-pcs\/\"]}]},{\"@type\":\"ImageObject\",\"inLanguage\":\"fr-FR\",\"@id\":\"https:\/\/cozydots.com\/fr\/produit\/tente-tipi-pour-garcon-honey-ensemble-de-6-pcs\/#primaryimage\",\"url\":\"https:\/\/cozydots.com\/wp-content\/uploads\/2017\/08\/kids_tipi_tent_honey_s1_f9.jpg\",\"contentUrl\":\"https:\/\/cozydots.com\/wp-content\/uploads\/2017\/08\/kids_tipi_tent_honey_s1_f9.jpg\",\"width\":1200,\"height\":1200,\"caption\":\"kids tipi tent honey\"},{\"@type\":\"BreadcrumbList\",\"@id\":\"https:\/\/cozydots.com\/fr\/produit\/tente-tipi-pour-garcon-honey-ensemble-de-6-pcs\/#breadcrumb\",\"itemListElement\":[{\"@type\":\"ListItem\",\"position\":1,\"name\":\"Strona g\u0142\u00f3wna\",\"item\":\"https:\/\/cozydots.com\/fr\/\"},{\"@type\":\"ListItem\",\"position\":2,\"name\":\"Boutique\",\"item\":\"https:\/\/cozydots.com\/fr\/boutique\/\"},{\"@type\":\"ListItem\",\"position\":3,\"name\":\"Tente tipi pour enfant Honey, ensemble de 6 pcs\"}]},{\"@type\":\"WebSite\",\"@id\":\"https:\/\/cozydots.com\/fr\/#website\",\"url\":\"https:\/\/cozydots.com\/fr\/\",\"name\":\"Cozydots.com\",\"description\":\"Producent namiot\u00f3w Tipi\",\"publisher\":{\"@id\":\"https:\/\/cozydots.com\/fr\/#organization\"},\"potentialAction\":[{\"@type\":\"SearchAction\",\"target\":{\"@type\":\"EntryPoint\",\"urlTemplate\":\"https:\/\/cozydots.com\/fr\/?s={search_term_string}\"},\"query-input\":{\"@type\":\"PropertyValueSpecification\",\"valueRequired\":true,\"valueName\":\"search_term_string\"}}],\"inLanguage\":\"fr-FR\"},{\"@type\":\"Organization\",\"@id\":\"https:\/\/cozydots.com\/fr\/#organization\",\"name\":\"Cozydots.com\",\"url\":\"https:\/\/cozydots.com\/fr\/\",\"logo\":{\"@type\":\"ImageObject\",\"inLanguage\":\"fr-FR\",\"@id\":\"https:\/\/cozydots.com\/fr\/#\/schema\/logo\/image\/\",\"url\":\"https:\/\/cozydots.com\/wp-content\/uploads\/2021\/10\/cozyshop_logo.png\",\"contentUrl\":\"https:\/\/cozydots.com\/wp-content\/uploads\/2021\/10\/cozyshop_logo.png\",\"width\":400,\"height\":121,\"caption\":\"Cozydots.com\"},\"image\":{\"@id\":\"https:\/\/cozydots.com\/fr\/#\/schema\/logo\/image\/\"}}]}<\/script>\n<!-- \/ Yoast SEO plugin. -->","yoast_head_json":{"title":"Tente tipi pour enfant Honey, ensemble de 6 pcs - Cozydots.com","description":"Tipi pour les enfants \u00e0 motif g\u00e9om\u00e9trique de la s\u00e9rie Honey Bee. Parfait pour un gar\u00e7on. Comprend un tapis et deux oreillers.","robots":{"index":"index","follow":"follow","max-snippet":"max-snippet:-1","max-image-preview":"max-image-preview:large","max-video-preview":"max-video-preview:-1"},"canonical":"https:\/\/cozydots.com\/fr\/produit\/tente-tipi-pour-garcon-honey-ensemble-de-6-pcs\/","og_locale":"fr_FR","og_type":"article","og_title":"Tente tipi pour enfant Honey, ensemble de 6 pcs - Cozydots.com","og_description":"Tipi pour les enfants \u00e0 motif g\u00e9om\u00e9trique de la s\u00e9rie Honey Bee. Parfait pour un gar\u00e7on. Comprend un tapis et deux oreillers.","og_url":"https:\/\/cozydots.com\/fr\/produit\/tente-tipi-pour-garcon-honey-ensemble-de-6-pcs\/","og_site_name":"Cozydots.com","article_modified_time":"2026-01-01T16:58:31+00:00","og_image":[{"width":1200,"height":1200,"url":"https:\/\/cozydots.com\/wp-content\/uploads\/2017\/08\/kids_tipi_tent_honey_s1_f9.jpg","type":"image\/jpeg"}],"twitter_card":"summary_large_image","twitter_misc":{"Dur\u00e9e de lecture estim\u00e9e":"2 minutes"},"schema":{"@context":"https:\/\/schema.org","@graph":[{"@type":"WebPage","@id":"https:\/\/cozydots.com\/fr\/produit\/tente-tipi-pour-garcon-honey-ensemble-de-6-pcs\/","url":"https:\/\/cozydots.com\/fr\/produit\/tente-tipi-pour-garcon-honey-ensemble-de-6-pcs\/","name":"Tente tipi pour enfant Honey, ensemble de 6 pcs - Cozydots.com","isPartOf":{"@id":"https:\/\/cozydots.com\/fr\/#website"},"primaryImageOfPage":{"@id":"https:\/\/cozydots.com\/fr\/produit\/tente-tipi-pour-garcon-honey-ensemble-de-6-pcs\/#primaryimage"},"image":{"@id":"https:\/\/cozydots.com\/fr\/produit\/tente-tipi-pour-garcon-honey-ensemble-de-6-pcs\/#primaryimage"},"thumbnailUrl":"https:\/\/cozydots.com\/wp-content\/uploads\/2017\/08\/kids_tipi_tent_honey_s1_f9.jpg","datePublished":"2017-10-08T16:39:27+00:00","dateModified":"2026-01-01T16:58:31+00:00","description":"Tipi pour les enfants \u00e0 motif g\u00e9om\u00e9trique de la s\u00e9rie Honey Bee. Parfait pour un gar\u00e7on. Comprend un tapis et deux oreillers.","breadcrumb":{"@id":"https:\/\/cozydots.com\/fr\/produit\/tente-tipi-pour-garcon-honey-ensemble-de-6-pcs\/#breadcrumb"},"inLanguage":"fr-FR","potentialAction":[{"@type":"ReadAction","target":["https:\/\/cozydots.com\/fr\/produit\/tente-tipi-pour-garcon-honey-ensemble-de-6-pcs\/"]}]},{"@type":"ImageObject","inLanguage":"fr-FR","@id":"https:\/\/cozydots.com\/fr\/produit\/tente-tipi-pour-garcon-honey-ensemble-de-6-pcs\/#primaryimage","url":"https:\/\/cozydots.com\/wp-content\/uploads\/2017\/08\/kids_tipi_tent_honey_s1_f9.jpg","contentUrl":"https:\/\/cozydots.com\/wp-content\/uploads\/2017\/08\/kids_tipi_tent_honey_s1_f9.jpg","width":1200,"height":1200,"caption":"kids tipi tent honey"},{"@type":"BreadcrumbList","@id":"https:\/\/cozydots.com\/fr\/produit\/tente-tipi-pour-garcon-honey-ensemble-de-6-pcs\/#breadcrumb","itemListElement":[{"@type":"ListItem","position":1,"name":"Strona g\u0142\u00f3wna","item":"https:\/\/cozydots.com\/fr\/"},{"@type":"ListItem","position":2,"name":"Boutique","item":"https:\/\/cozydots.com\/fr\/boutique\/"},{"@type":"ListItem","position":3,"name":"Tente tipi pour enfant Honey, ensemble de 6 pcs"}]},{"@type":"WebSite","@id":"https:\/\/cozydots.com\/fr\/#website","url":"https:\/\/cozydots.com\/fr\/","name":"Cozydots.com","description":"Producent namiot\u00f3w Tipi","publisher":{"@id":"https:\/\/cozydots.com\/fr\/#organization"},"potentialAction":[{"@type":"SearchAction","target":{"@type":"EntryPoint","urlTemplate":"https:\/\/cozydots.com\/fr\/?s={search_term_string}"},"query-input":{"@type":"PropertyValueSpecification","valueRequired":true,"valueName":"search_term_string"}}],"inLanguage":"fr-FR"},{"@type":"Organization","@id":"https:\/\/cozydots.com\/fr\/#organization","name":"Cozydots.com","url":"https:\/\/cozydots.com\/fr\/","logo":{"@type":"ImageObject","inLanguage":"fr-FR","@id":"https:\/\/cozydots.com\/fr\/#\/schema\/logo\/image\/","url":"https:\/\/cozydots.com\/wp-content\/uploads\/2021\/10\/cozyshop_logo.png","contentUrl":"https:\/\/cozydots.com\/wp-content\/uploads\/2021\/10\/cozyshop_logo.png","width":400,"height":121,"caption":"Cozydots.com"},"image":{"@id":"https:\/\/cozydots.com\/fr\/#\/schema\/logo\/image\/"}}]}},"_links":{"self":[{"href":"https:\/\/cozydots.com\/fr\/wp-json\/wp\/v2\/product\/2487","targetHints":{"allow":["GET"]}}],"collection":[{"href":"https:\/\/cozydots.com\/fr\/wp-json\/wp\/v2\/product"}],"about":[{"href":"https:\/\/cozydots.com\/fr\/wp-json\/wp\/v2\/types\/product"}],"replies":[{"embeddable":true,"href":"https:\/\/cozydots.com\/fr\/wp-json\/wp\/v2\/comments?post=2487"}],"wp:featuredmedia":[{"embeddable":true,"href":"https:\/\/cozydots.com\/fr\/wp-json\/wp\/v2\/media\/53550"}],"wp:attachment":[{"href":"https:\/\/cozydots.com\/fr\/wp-json\/wp\/v2\/media?parent=2487"}],"wp:term":[{"taxonomy":"product_brand","embeddable":true,"href":"https:\/\/cozydots.com\/fr\/wp-json\/wp\/v2\/product_brand?post=2487"},{"taxonomy":"product_cat","embeddable":true,"href":"https:\/\/cozydots.com\/fr\/wp-json\/wp\/v2\/product_cat?post=2487"},{"taxonomy":"product_tag","embeddable":true,"href":"https:\/\/cozydots.com\/fr\/wp-json\/wp\/v2\/product_tag?post=2487"}],"curies":[{"name":"wp","href":"https:\/\/api.w.org\/{rel}","templated":true}]}}