{"id":2492,"date":"2017-08-13T14:03:05","date_gmt":"2017-10-08T17:03:21","guid":{"rendered":"https:\/\/cozydots.com\/?post_type=product&#038;p=2492"},"modified":"2023-02-08T11:58:14","modified_gmt":"2023-02-08T10:58:14","slug":"tente-tipi-pour-enfants-grey","status":"publish","type":"product","link":"https:\/\/cozydots.com\/fr\/produit\/tente-tipi-pour-enfants-grey\/","title":{"rendered":"Tente tipi pour enfants GREY"},"content":{"rendered":"<p><img loading=\"lazy\" decoding=\"async\" class=\"alignright size-large \" src=\"https:\/\/cozydots.com\/wp-content\/uploads\/2021\/11\/pp-1399-1200x1200.jpg\" alt=\"tipi grey\" width=\"600\" height=\"600\" \/>Le tipi indien est l&#8217;endroit id\u00e9al pour jouer, tant \u00e0 la maison qu&#8217;\u00e0 l&#8217;ext\u00e9rieur. C&#8217;est un endroit id\u00e9al pour s&#8217;amuser pour les plus petits et un cadeau universel pour votre enfant.<\/p>\n<p>Notre Teepee est fait avec <b>soin et attention aux d\u00e9tails<\/b>. Chaque pi\u00e8ce est unique et <b>faite \u00e0 la main<\/b>. Les tentes sont faites d&#8217;une toile forte, de sorte qu&#8217;elles garantissent non seulement la bonne tenue, mais aussi la <b>protection contre le vent et le soleil<\/b> pendant les jeux dans le jardin, sur la terrasse ou la plage. Ce wigwam est <b>facile \u00e0 assembler<\/b> et ne prend pas beaucoup d&#8217;espace. Il a un sac en coton qui peut emballer tout l&#8217;\u00e9quipement. Gr\u00e2ce au coton color\u00e9 \u00e0 des motifs \u00e0 la mode et des applications int\u00e9ressantes ainsi que la passementerie s\u00e9lectionn\u00e9e avec soin, nos tentes de jeu pour enfants sont un <b>\u00e9l\u00e9ment d\u00e9coratif original <\/b>dans la chambre ou le salon de chaque enfant.<\/p>\n<p>Les tissus que nous utilisons sont d&#8217;<b>origine europ<\/b><b>\u00e9<\/b><b>enne<\/b> et ont tous les certificats pour enfants. Le kit de tente et d&#8217;accessoires est facile \u00e0 nettoyer car il peut \u00eatre lavable en machine. Chaque tente a une <b>fen\u00eatre ouvrante et une poche <\/b><b>\u00e0 l&#8217;int\u00e9rieur<\/b>.<\/p>\n<p>La tente de jeu pour enfants GREY est faite de coton. <strong>Au sommet, le tipi a \u00e9t\u00e9 fini avec un tissu gris, et l&#8217;entr\u00e9e \u00e9tait d\u00e9cor\u00e9e d&#8217;un ruban d\u00e9coratif aux pompons gris.<\/strong> Cette tente d\u00e9licate est parfaite \u00e0 la fois pour les filles et pour les gar\u00e7ons. Le tipi est id\u00e9al pour les activit\u00e9s de plein air &#8211; comme une tente pour le jardin et la plage.\u00a0Il est lavable en machine.<br \/>\nVous pouvez \u00eatre s\u00fbr de recevoir un tipi de la meilleure qualit\u00e9.<\/p>\n<h2>L&#8217;\u00e9quipement de la tente pour enfants GREY par Cozyshop comprend:<\/h2>\n<ul>\n<li>tente tipi<\/li>\n<li>4 poteaux de pin naturel (cadre)<\/li>\n<li>\u00a0housse de tente (avec poign\u00e9e de transport et cordon de serrage)<\/li>\n<\/ul>\n<p>Vous pouvez \u00e9galement acheter ce type de tente de jeu d&#8217;enfants comme un ensemble avec un tapis, une guirlande et des oreillers.<\/p>\n","protected":false},"excerpt":{"rendered":"<p>Le tipi indien est l&#8217;endroit id\u00e9al pour jouer, tant \u00e0 la maison qu&#8217;\u00e0 l&#8217;ext\u00e9rieur. C&#8217;est un endroit id\u00e9al pour s&#8217;amuser pour les plus petits et un cadeau universel pour votre enfant.<\/p>\n","protected":false},"featured_media":41400,"comment_status":"open","ping_status":"closed","template":"","meta":[],"product_brand":[],"product_cat":[469],"product_tag":[1436],"class_list":{"0":"post-2492","1":"product","2":"type-product","3":"status-publish","4":"has-post-thumbnail","6":"product_cat-tentes-tipi","7":"product_tag-pla-fr","9":"first","10":"outofstock","11":"sale","12":"taxable","13":"shipping-taxable","14":"product-type-simple"},"yoast_head":"<!-- This site is optimized with the Yoast SEO plugin v27.0 - https:\/\/yoast.com\/product\/yoast-seo-wordpress\/ -->\n<title>Tente tipi pour enfants GREY - Cozydots.com<\/title>\n<meta name=\"description\" content=\"Le tipi indien est l&#039;endroit id\u00e9al pour jouer, tant \u00e0 la maison qu&#039;\u00e0 l&#039;ext\u00e9rieur. C&#039;est un endroit id\u00e9al pour s&#039;amuser pour les plus petits et un cadeau universel pour votre enfant.\" \/>\n<meta name=\"robots\" content=\"index, follow, max-snippet:-1, max-image-preview:large, max-video-preview:-1\" \/>\n<link rel=\"canonical\" href=\"https:\/\/cozydots.com\/fr\/produit\/tente-tipi-pour-enfants-grey\/\" \/>\n<meta property=\"og:locale\" content=\"fr_FR\" \/>\n<meta property=\"og:type\" content=\"article\" \/>\n<meta property=\"og:title\" content=\"Tente tipi pour enfants GREY - Cozydots.com\" \/>\n<meta property=\"og:description\" content=\"Le tipi indien est l&#039;endroit id\u00e9al pour jouer, tant \u00e0 la maison qu&#039;\u00e0 l&#039;ext\u00e9rieur. C&#039;est un endroit id\u00e9al pour s&#039;amuser pour les plus petits et un cadeau universel pour votre enfant.\" \/>\n<meta property=\"og:url\" content=\"https:\/\/cozydots.com\/fr\/produit\/tente-tipi-pour-enfants-grey\/\" \/>\n<meta property=\"og:site_name\" content=\"Cozydots.com\" \/>\n<meta property=\"article:modified_time\" content=\"2023-02-08T10:58:14+00:00\" \/>\n<meta property=\"og:image\" content=\"https:\/\/cozydots.com\/wp-content\/uploads\/2021\/11\/pp-1399.jpg\" \/>\n\t<meta property=\"og:image:width\" content=\"1200\" \/>\n\t<meta property=\"og:image:height\" content=\"1200\" \/>\n\t<meta property=\"og:image:type\" content=\"image\/jpeg\" \/>\n<meta name=\"twitter:card\" content=\"summary_large_image\" \/>\n<meta name=\"twitter:label1\" content=\"Dur\u00e9e de lecture estim\u00e9e\" \/>\n\t<meta name=\"twitter:data1\" content=\"2 minutes\" \/>\n<script type=\"application\/ld+json\" class=\"yoast-schema-graph\">{\"@context\":\"https:\/\/schema.org\",\"@graph\":[{\"@type\":\"WebPage\",\"@id\":\"https:\/\/cozydots.com\/fr\/produit\/tente-tipi-pour-enfants-grey\/\",\"url\":\"https:\/\/cozydots.com\/fr\/produit\/tente-tipi-pour-enfants-grey\/\",\"name\":\"Tente tipi pour enfants GREY - Cozydots.com\",\"isPartOf\":{\"@id\":\"https:\/\/cozydots.com\/fr\/#website\"},\"primaryImageOfPage\":{\"@id\":\"https:\/\/cozydots.com\/fr\/produit\/tente-tipi-pour-enfants-grey\/#primaryimage\"},\"image\":{\"@id\":\"https:\/\/cozydots.com\/fr\/produit\/tente-tipi-pour-enfants-grey\/#primaryimage\"},\"thumbnailUrl\":\"https:\/\/cozydots.com\/wp-content\/uploads\/2021\/11\/pp-1399.jpg\",\"datePublished\":\"2017-10-08T17:03:21+00:00\",\"dateModified\":\"2023-02-08T10:58:14+00:00\",\"description\":\"Le tipi indien est l'endroit id\u00e9al pour jouer, tant \u00e0 la maison qu'\u00e0 l'ext\u00e9rieur. C'est un endroit id\u00e9al pour s'amuser pour les plus petits et un cadeau universel pour votre enfant.\",\"breadcrumb\":{\"@id\":\"https:\/\/cozydots.com\/fr\/produit\/tente-tipi-pour-enfants-grey\/#breadcrumb\"},\"inLanguage\":\"fr-FR\",\"potentialAction\":[{\"@type\":\"ReadAction\",\"target\":[\"https:\/\/cozydots.com\/fr\/produit\/tente-tipi-pour-enfants-grey\/\"]}]},{\"@type\":\"ImageObject\",\"inLanguage\":\"fr-FR\",\"@id\":\"https:\/\/cozydots.com\/fr\/produit\/tente-tipi-pour-enfants-grey\/#primaryimage\",\"url\":\"https:\/\/cozydots.com\/wp-content\/uploads\/2021\/11\/pp-1399.jpg\",\"contentUrl\":\"https:\/\/cozydots.com\/wp-content\/uploads\/2021\/11\/pp-1399.jpg\",\"width\":1200,\"height\":1200},{\"@type\":\"BreadcrumbList\",\"@id\":\"https:\/\/cozydots.com\/fr\/produit\/tente-tipi-pour-enfants-grey\/#breadcrumb\",\"itemListElement\":[{\"@type\":\"ListItem\",\"position\":1,\"name\":\"Strona g\u0142\u00f3wna\",\"item\":\"https:\/\/cozydots.com\/fr\/\"},{\"@type\":\"ListItem\",\"position\":2,\"name\":\"Boutique\",\"item\":\"https:\/\/cozydots.com\/fr\/boutique\/\"},{\"@type\":\"ListItem\",\"position\":3,\"name\":\"Tente tipi pour enfants GREY\"}]},{\"@type\":\"WebSite\",\"@id\":\"https:\/\/cozydots.com\/fr\/#website\",\"url\":\"https:\/\/cozydots.com\/fr\/\",\"name\":\"Cozydots.com\",\"description\":\"Producent namiot\u00f3w Tipi\",\"publisher\":{\"@id\":\"https:\/\/cozydots.com\/fr\/#organization\"},\"potentialAction\":[{\"@type\":\"SearchAction\",\"target\":{\"@type\":\"EntryPoint\",\"urlTemplate\":\"https:\/\/cozydots.com\/fr\/?s={search_term_string}\"},\"query-input\":{\"@type\":\"PropertyValueSpecification\",\"valueRequired\":true,\"valueName\":\"search_term_string\"}}],\"inLanguage\":\"fr-FR\"},{\"@type\":\"Organization\",\"@id\":\"https:\/\/cozydots.com\/fr\/#organization\",\"name\":\"Cozydots.com\",\"url\":\"https:\/\/cozydots.com\/fr\/\",\"logo\":{\"@type\":\"ImageObject\",\"inLanguage\":\"fr-FR\",\"@id\":\"https:\/\/cozydots.com\/fr\/#\/schema\/logo\/image\/\",\"url\":\"https:\/\/cozydots.com\/wp-content\/uploads\/2021\/10\/cozyshop_logo.png\",\"contentUrl\":\"https:\/\/cozydots.com\/wp-content\/uploads\/2021\/10\/cozyshop_logo.png\",\"width\":400,\"height\":121,\"caption\":\"Cozydots.com\"},\"image\":{\"@id\":\"https:\/\/cozydots.com\/fr\/#\/schema\/logo\/image\/\"}}]}<\/script>\n<!-- \/ Yoast SEO plugin. -->","yoast_head_json":{"title":"Tente tipi pour enfants GREY - Cozydots.com","description":"Le tipi indien est l'endroit id\u00e9al pour jouer, tant \u00e0 la maison qu'\u00e0 l'ext\u00e9rieur. C'est un endroit id\u00e9al pour s'amuser pour les plus petits et un cadeau universel pour votre enfant.","robots":{"index":"index","follow":"follow","max-snippet":"max-snippet:-1","max-image-preview":"max-image-preview:large","max-video-preview":"max-video-preview:-1"},"canonical":"https:\/\/cozydots.com\/fr\/produit\/tente-tipi-pour-enfants-grey\/","og_locale":"fr_FR","og_type":"article","og_title":"Tente tipi pour enfants GREY - Cozydots.com","og_description":"Le tipi indien est l'endroit id\u00e9al pour jouer, tant \u00e0 la maison qu'\u00e0 l'ext\u00e9rieur. C'est un endroit id\u00e9al pour s'amuser pour les plus petits et un cadeau universel pour votre enfant.","og_url":"https:\/\/cozydots.com\/fr\/produit\/tente-tipi-pour-enfants-grey\/","og_site_name":"Cozydots.com","article_modified_time":"2023-02-08T10:58:14+00:00","og_image":[{"width":1200,"height":1200,"url":"https:\/\/cozydots.com\/wp-content\/uploads\/2021\/11\/pp-1399.jpg","type":"image\/jpeg"}],"twitter_card":"summary_large_image","twitter_misc":{"Dur\u00e9e de lecture estim\u00e9e":"2 minutes"},"schema":{"@context":"https:\/\/schema.org","@graph":[{"@type":"WebPage","@id":"https:\/\/cozydots.com\/fr\/produit\/tente-tipi-pour-enfants-grey\/","url":"https:\/\/cozydots.com\/fr\/produit\/tente-tipi-pour-enfants-grey\/","name":"Tente tipi pour enfants GREY - Cozydots.com","isPartOf":{"@id":"https:\/\/cozydots.com\/fr\/#website"},"primaryImageOfPage":{"@id":"https:\/\/cozydots.com\/fr\/produit\/tente-tipi-pour-enfants-grey\/#primaryimage"},"image":{"@id":"https:\/\/cozydots.com\/fr\/produit\/tente-tipi-pour-enfants-grey\/#primaryimage"},"thumbnailUrl":"https:\/\/cozydots.com\/wp-content\/uploads\/2021\/11\/pp-1399.jpg","datePublished":"2017-10-08T17:03:21+00:00","dateModified":"2023-02-08T10:58:14+00:00","description":"Le tipi indien est l'endroit id\u00e9al pour jouer, tant \u00e0 la maison qu'\u00e0 l'ext\u00e9rieur. C'est un endroit id\u00e9al pour s'amuser pour les plus petits et un cadeau universel pour votre enfant.","breadcrumb":{"@id":"https:\/\/cozydots.com\/fr\/produit\/tente-tipi-pour-enfants-grey\/#breadcrumb"},"inLanguage":"fr-FR","potentialAction":[{"@type":"ReadAction","target":["https:\/\/cozydots.com\/fr\/produit\/tente-tipi-pour-enfants-grey\/"]}]},{"@type":"ImageObject","inLanguage":"fr-FR","@id":"https:\/\/cozydots.com\/fr\/produit\/tente-tipi-pour-enfants-grey\/#primaryimage","url":"https:\/\/cozydots.com\/wp-content\/uploads\/2021\/11\/pp-1399.jpg","contentUrl":"https:\/\/cozydots.com\/wp-content\/uploads\/2021\/11\/pp-1399.jpg","width":1200,"height":1200},{"@type":"BreadcrumbList","@id":"https:\/\/cozydots.com\/fr\/produit\/tente-tipi-pour-enfants-grey\/#breadcrumb","itemListElement":[{"@type":"ListItem","position":1,"name":"Strona g\u0142\u00f3wna","item":"https:\/\/cozydots.com\/fr\/"},{"@type":"ListItem","position":2,"name":"Boutique","item":"https:\/\/cozydots.com\/fr\/boutique\/"},{"@type":"ListItem","position":3,"name":"Tente tipi pour enfants GREY"}]},{"@type":"WebSite","@id":"https:\/\/cozydots.com\/fr\/#website","url":"https:\/\/cozydots.com\/fr\/","name":"Cozydots.com","description":"Producent namiot\u00f3w Tipi","publisher":{"@id":"https:\/\/cozydots.com\/fr\/#organization"},"potentialAction":[{"@type":"SearchAction","target":{"@type":"EntryPoint","urlTemplate":"https:\/\/cozydots.com\/fr\/?s={search_term_string}"},"query-input":{"@type":"PropertyValueSpecification","valueRequired":true,"valueName":"search_term_string"}}],"inLanguage":"fr-FR"},{"@type":"Organization","@id":"https:\/\/cozydots.com\/fr\/#organization","name":"Cozydots.com","url":"https:\/\/cozydots.com\/fr\/","logo":{"@type":"ImageObject","inLanguage":"fr-FR","@id":"https:\/\/cozydots.com\/fr\/#\/schema\/logo\/image\/","url":"https:\/\/cozydots.com\/wp-content\/uploads\/2021\/10\/cozyshop_logo.png","contentUrl":"https:\/\/cozydots.com\/wp-content\/uploads\/2021\/10\/cozyshop_logo.png","width":400,"height":121,"caption":"Cozydots.com"},"image":{"@id":"https:\/\/cozydots.com\/fr\/#\/schema\/logo\/image\/"}}]}},"_links":{"self":[{"href":"https:\/\/cozydots.com\/fr\/wp-json\/wp\/v2\/product\/2492","targetHints":{"allow":["GET"]}}],"collection":[{"href":"https:\/\/cozydots.com\/fr\/wp-json\/wp\/v2\/product"}],"about":[{"href":"https:\/\/cozydots.com\/fr\/wp-json\/wp\/v2\/types\/product"}],"replies":[{"embeddable":true,"href":"https:\/\/cozydots.com\/fr\/wp-json\/wp\/v2\/comments?post=2492"}],"wp:featuredmedia":[{"embeddable":true,"href":"https:\/\/cozydots.com\/fr\/wp-json\/wp\/v2\/media\/41400"}],"wp:attachment":[{"href":"https:\/\/cozydots.com\/fr\/wp-json\/wp\/v2\/media?parent=2492"}],"wp:term":[{"taxonomy":"product_brand","embeddable":true,"href":"https:\/\/cozydots.com\/fr\/wp-json\/wp\/v2\/product_brand?post=2492"},{"taxonomy":"product_cat","embeddable":true,"href":"https:\/\/cozydots.com\/fr\/wp-json\/wp\/v2\/product_cat?post=2492"},{"taxonomy":"product_tag","embeddable":true,"href":"https:\/\/cozydots.com\/fr\/wp-json\/wp\/v2\/product_tag?post=2492"}],"curies":[{"name":"wp","href":"https:\/\/api.w.org\/{rel}","templated":true}]}}