{"id":25263,"date":"2019-12-03T15:03:56","date_gmt":"2020-01-17T11:57:41","guid":{"rendered":"https:\/\/cozydots.com\/?post_type=product&#038;p=25263"},"modified":"2022-06-29T17:40:31","modified_gmt":"2022-06-29T15:40:31","slug":"tente-enfant-tipi-green-velvet","status":"publish","type":"product","link":"https:\/\/cozydots.com\/fr\/produit\/tente-enfant-tipi-green-velvet\/","title":{"rendered":"Tente enfant tipi Green Velvet"},"content":{"rendered":"<p>Le Teepee Tente est un endroit confortable pour jouer \u00e0 la maison. Les tipis indiens de Cozyshop sont une garantie de grand plaisir et de meilleure qualit\u00e9.<\/p>\n<p><strong>Wigwam est une grande tente de 110&#215;110 cm avec une poche et une fen\u00eatre, fabriqu\u00e9e en coton Premium r\u00e9sistant et en velours vert fonc\u00e9. L&#8217;entr\u00e9e de la tente est d\u00e9cor\u00e9e de glands de miel.<\/strong><\/p>\n<p>L&#8217;ensemble tipi comprend:<\/p>\n<ul>\n<li>tente tipi<\/li>\n<li>4 b\u00e2tons de pin pliables + 4 connecteurs m\u00e9talliques<\/li>\n<li>instruction<\/li>\n<li>stabilisateur<\/li>\n<\/ul>\n<p>Dimensions:<\/p>\n<ul>\n<li>Hauteur (avec poteaux) apr\u00e8s d\u00e9pliage: 150 cm<\/li>\n<li>Hauteur (avec poteaux) apr\u00e8s pliage: 170 cm<\/li>\n<li>Surface au sol: env. 110 \u00d7 110 cm<\/li>\n<\/ul>\n<p><strong>La tente est con\u00e7ue pour 2-3 enfants. Le tipi se plie facilement et ne prend pas beaucoup de place.\u00a0<\/strong><\/p>\n<p>Composition:<\/p>\n<ul>\n<li>100% coton, 100% velours, et certificat CE<\/li>\n<\/ul>\n<p><strong>Tous les tissus utilis\u00e9s pour fabriquer nos tentes tipi sont certifi\u00e9s et proviennent de pays europ\u00e9ens, ce qui les rend s\u00fbrs pour les enfants. Tous les articles Cozyshop sont con\u00e7us et cousus en Pologne.<\/strong><\/p>\n<p>M\u00e9thode d&#8217;entretien:<\/p>\n<p>Lavage \u00e0 40 \u00b0 &#8211; programme d\u00e9licat Repassage \u00e0 basse temp\u00e9rature Ne pas s\u00e9cher en machine Ne pas nettoyer \u00e0 sec Ne pas chlorer<\/p>\n<p>ATTENTION: Ne pas repasser les pompons et les pompons &#8211; ils peuvent fondre!<\/p>\n<p>&nbsp;<\/p>\n","protected":false},"excerpt":{"rendered":"<p>Tente tipi en tissu de toile Premium et velours durable, d\u00e9cor\u00e9e de glands de miel. Construction stable.<\/p>\n","protected":false},"featured_media":41316,"comment_status":"open","ping_status":"closed","template":"","meta":[],"product_brand":[],"product_cat":[469],"product_tag":[],"class_list":{"0":"post-25263","1":"product","2":"type-product","3":"status-publish","4":"has-post-thumbnail","6":"product_cat-tentes-tipi","8":"first","9":"instock","10":"taxable","11":"shipping-taxable","12":"product-type-simple"},"yoast_head":"<!-- This site is optimized with the Yoast SEO plugin v27.0 - https:\/\/yoast.com\/product\/yoast-seo-wordpress\/ -->\n<title>Tente enfant tipi Green Velvet - Cozydots.com<\/title>\n<meta name=\"description\" content=\"Tente tipi en tissu de toile Premium et velours durable, d\u00e9cor\u00e9e de glands de miel. Construction stable.\" \/>\n<meta name=\"robots\" content=\"index, follow, max-snippet:-1, max-image-preview:large, max-video-preview:-1\" \/>\n<link rel=\"canonical\" href=\"https:\/\/cozydots.com\/fr\/produit\/tente-enfant-tipi-green-velvet\/\" \/>\n<meta property=\"og:locale\" content=\"fr_FR\" \/>\n<meta property=\"og:type\" content=\"article\" \/>\n<meta property=\"og:title\" content=\"Tente enfant tipi Green Velvet - Cozydots.com\" \/>\n<meta property=\"og:description\" content=\"Tente tipi en tissu de toile Premium et velours durable, d\u00e9cor\u00e9e de glands de miel. Construction stable.\" \/>\n<meta property=\"og:url\" content=\"https:\/\/cozydots.com\/fr\/produit\/tente-enfant-tipi-green-velvet\/\" \/>\n<meta property=\"og:site_name\" content=\"Cozydots.com\" \/>\n<meta property=\"article:modified_time\" content=\"2022-06-29T15:40:31+00:00\" \/>\n<meta property=\"og:image\" content=\"https:\/\/cozydots.com\/wp-content\/uploads\/2021\/11\/pp-1278.jpg\" \/>\n\t<meta property=\"og:image:width\" content=\"1200\" \/>\n\t<meta property=\"og:image:height\" content=\"1200\" \/>\n\t<meta property=\"og:image:type\" content=\"image\/jpeg\" \/>\n<meta name=\"twitter:card\" content=\"summary_large_image\" \/>\n<meta name=\"twitter:label1\" content=\"Dur\u00e9e de lecture estim\u00e9e\" \/>\n\t<meta name=\"twitter:data1\" content=\"2 minutes\" \/>\n<script type=\"application\/ld+json\" class=\"yoast-schema-graph\">{\"@context\":\"https:\/\/schema.org\",\"@graph\":[{\"@type\":\"WebPage\",\"@id\":\"https:\/\/cozydots.com\/fr\/produit\/tente-enfant-tipi-green-velvet\/\",\"url\":\"https:\/\/cozydots.com\/fr\/produit\/tente-enfant-tipi-green-velvet\/\",\"name\":\"Tente enfant tipi Green Velvet - Cozydots.com\",\"isPartOf\":{\"@id\":\"https:\/\/cozydots.com\/fr\/#website\"},\"primaryImageOfPage\":{\"@id\":\"https:\/\/cozydots.com\/fr\/produit\/tente-enfant-tipi-green-velvet\/#primaryimage\"},\"image\":{\"@id\":\"https:\/\/cozydots.com\/fr\/produit\/tente-enfant-tipi-green-velvet\/#primaryimage\"},\"thumbnailUrl\":\"https:\/\/cozydots.com\/wp-content\/uploads\/2021\/11\/pp-1278.jpg\",\"datePublished\":\"2020-01-17T11:57:41+00:00\",\"dateModified\":\"2022-06-29T15:40:31+00:00\",\"description\":\"Tente tipi en tissu de toile Premium et velours durable, d\u00e9cor\u00e9e de glands de miel. Construction stable.\",\"breadcrumb\":{\"@id\":\"https:\/\/cozydots.com\/fr\/produit\/tente-enfant-tipi-green-velvet\/#breadcrumb\"},\"inLanguage\":\"fr-FR\",\"potentialAction\":[{\"@type\":\"ReadAction\",\"target\":[\"https:\/\/cozydots.com\/fr\/produit\/tente-enfant-tipi-green-velvet\/\"]}]},{\"@type\":\"ImageObject\",\"inLanguage\":\"fr-FR\",\"@id\":\"https:\/\/cozydots.com\/fr\/produit\/tente-enfant-tipi-green-velvet\/#primaryimage\",\"url\":\"https:\/\/cozydots.com\/wp-content\/uploads\/2021\/11\/pp-1278.jpg\",\"contentUrl\":\"https:\/\/cozydots.com\/wp-content\/uploads\/2021\/11\/pp-1278.jpg\",\"width\":1200,\"height\":1200},{\"@type\":\"BreadcrumbList\",\"@id\":\"https:\/\/cozydots.com\/fr\/produit\/tente-enfant-tipi-green-velvet\/#breadcrumb\",\"itemListElement\":[{\"@type\":\"ListItem\",\"position\":1,\"name\":\"Strona g\u0142\u00f3wna\",\"item\":\"https:\/\/cozydots.com\/fr\/\"},{\"@type\":\"ListItem\",\"position\":2,\"name\":\"Boutique\",\"item\":\"https:\/\/cozydots.com\/fr\/boutique\/\"},{\"@type\":\"ListItem\",\"position\":3,\"name\":\"Tente enfant tipi Green Velvet\"}]},{\"@type\":\"WebSite\",\"@id\":\"https:\/\/cozydots.com\/fr\/#website\",\"url\":\"https:\/\/cozydots.com\/fr\/\",\"name\":\"Cozydots.com\",\"description\":\"Producent namiot\u00f3w Tipi\",\"publisher\":{\"@id\":\"https:\/\/cozydots.com\/fr\/#organization\"},\"potentialAction\":[{\"@type\":\"SearchAction\",\"target\":{\"@type\":\"EntryPoint\",\"urlTemplate\":\"https:\/\/cozydots.com\/fr\/?s={search_term_string}\"},\"query-input\":{\"@type\":\"PropertyValueSpecification\",\"valueRequired\":true,\"valueName\":\"search_term_string\"}}],\"inLanguage\":\"fr-FR\"},{\"@type\":\"Organization\",\"@id\":\"https:\/\/cozydots.com\/fr\/#organization\",\"name\":\"Cozydots.com\",\"url\":\"https:\/\/cozydots.com\/fr\/\",\"logo\":{\"@type\":\"ImageObject\",\"inLanguage\":\"fr-FR\",\"@id\":\"https:\/\/cozydots.com\/fr\/#\/schema\/logo\/image\/\",\"url\":\"https:\/\/cozydots.com\/wp-content\/uploads\/2021\/10\/cozyshop_logo.png\",\"contentUrl\":\"https:\/\/cozydots.com\/wp-content\/uploads\/2021\/10\/cozyshop_logo.png\",\"width\":400,\"height\":121,\"caption\":\"Cozydots.com\"},\"image\":{\"@id\":\"https:\/\/cozydots.com\/fr\/#\/schema\/logo\/image\/\"}}]}<\/script>\n<!-- \/ Yoast SEO plugin. -->","yoast_head_json":{"title":"Tente enfant tipi Green Velvet - Cozydots.com","description":"Tente tipi en tissu de toile Premium et velours durable, d\u00e9cor\u00e9e de glands de miel. Construction stable.","robots":{"index":"index","follow":"follow","max-snippet":"max-snippet:-1","max-image-preview":"max-image-preview:large","max-video-preview":"max-video-preview:-1"},"canonical":"https:\/\/cozydots.com\/fr\/produit\/tente-enfant-tipi-green-velvet\/","og_locale":"fr_FR","og_type":"article","og_title":"Tente enfant tipi Green Velvet - Cozydots.com","og_description":"Tente tipi en tissu de toile Premium et velours durable, d\u00e9cor\u00e9e de glands de miel. Construction stable.","og_url":"https:\/\/cozydots.com\/fr\/produit\/tente-enfant-tipi-green-velvet\/","og_site_name":"Cozydots.com","article_modified_time":"2022-06-29T15:40:31+00:00","og_image":[{"width":1200,"height":1200,"url":"https:\/\/cozydots.com\/wp-content\/uploads\/2021\/11\/pp-1278.jpg","type":"image\/jpeg"}],"twitter_card":"summary_large_image","twitter_misc":{"Dur\u00e9e de lecture estim\u00e9e":"2 minutes"},"schema":{"@context":"https:\/\/schema.org","@graph":[{"@type":"WebPage","@id":"https:\/\/cozydots.com\/fr\/produit\/tente-enfant-tipi-green-velvet\/","url":"https:\/\/cozydots.com\/fr\/produit\/tente-enfant-tipi-green-velvet\/","name":"Tente enfant tipi Green Velvet - Cozydots.com","isPartOf":{"@id":"https:\/\/cozydots.com\/fr\/#website"},"primaryImageOfPage":{"@id":"https:\/\/cozydots.com\/fr\/produit\/tente-enfant-tipi-green-velvet\/#primaryimage"},"image":{"@id":"https:\/\/cozydots.com\/fr\/produit\/tente-enfant-tipi-green-velvet\/#primaryimage"},"thumbnailUrl":"https:\/\/cozydots.com\/wp-content\/uploads\/2021\/11\/pp-1278.jpg","datePublished":"2020-01-17T11:57:41+00:00","dateModified":"2022-06-29T15:40:31+00:00","description":"Tente tipi en tissu de toile Premium et velours durable, d\u00e9cor\u00e9e de glands de miel. Construction stable.","breadcrumb":{"@id":"https:\/\/cozydots.com\/fr\/produit\/tente-enfant-tipi-green-velvet\/#breadcrumb"},"inLanguage":"fr-FR","potentialAction":[{"@type":"ReadAction","target":["https:\/\/cozydots.com\/fr\/produit\/tente-enfant-tipi-green-velvet\/"]}]},{"@type":"ImageObject","inLanguage":"fr-FR","@id":"https:\/\/cozydots.com\/fr\/produit\/tente-enfant-tipi-green-velvet\/#primaryimage","url":"https:\/\/cozydots.com\/wp-content\/uploads\/2021\/11\/pp-1278.jpg","contentUrl":"https:\/\/cozydots.com\/wp-content\/uploads\/2021\/11\/pp-1278.jpg","width":1200,"height":1200},{"@type":"BreadcrumbList","@id":"https:\/\/cozydots.com\/fr\/produit\/tente-enfant-tipi-green-velvet\/#breadcrumb","itemListElement":[{"@type":"ListItem","position":1,"name":"Strona g\u0142\u00f3wna","item":"https:\/\/cozydots.com\/fr\/"},{"@type":"ListItem","position":2,"name":"Boutique","item":"https:\/\/cozydots.com\/fr\/boutique\/"},{"@type":"ListItem","position":3,"name":"Tente enfant tipi Green Velvet"}]},{"@type":"WebSite","@id":"https:\/\/cozydots.com\/fr\/#website","url":"https:\/\/cozydots.com\/fr\/","name":"Cozydots.com","description":"Producent namiot\u00f3w Tipi","publisher":{"@id":"https:\/\/cozydots.com\/fr\/#organization"},"potentialAction":[{"@type":"SearchAction","target":{"@type":"EntryPoint","urlTemplate":"https:\/\/cozydots.com\/fr\/?s={search_term_string}"},"query-input":{"@type":"PropertyValueSpecification","valueRequired":true,"valueName":"search_term_string"}}],"inLanguage":"fr-FR"},{"@type":"Organization","@id":"https:\/\/cozydots.com\/fr\/#organization","name":"Cozydots.com","url":"https:\/\/cozydots.com\/fr\/","logo":{"@type":"ImageObject","inLanguage":"fr-FR","@id":"https:\/\/cozydots.com\/fr\/#\/schema\/logo\/image\/","url":"https:\/\/cozydots.com\/wp-content\/uploads\/2021\/10\/cozyshop_logo.png","contentUrl":"https:\/\/cozydots.com\/wp-content\/uploads\/2021\/10\/cozyshop_logo.png","width":400,"height":121,"caption":"Cozydots.com"},"image":{"@id":"https:\/\/cozydots.com\/fr\/#\/schema\/logo\/image\/"}}]}},"_links":{"self":[{"href":"https:\/\/cozydots.com\/fr\/wp-json\/wp\/v2\/product\/25263","targetHints":{"allow":["GET"]}}],"collection":[{"href":"https:\/\/cozydots.com\/fr\/wp-json\/wp\/v2\/product"}],"about":[{"href":"https:\/\/cozydots.com\/fr\/wp-json\/wp\/v2\/types\/product"}],"replies":[{"embeddable":true,"href":"https:\/\/cozydots.com\/fr\/wp-json\/wp\/v2\/comments?post=25263"}],"wp:featuredmedia":[{"embeddable":true,"href":"https:\/\/cozydots.com\/fr\/wp-json\/wp\/v2\/media\/41316"}],"wp:attachment":[{"href":"https:\/\/cozydots.com\/fr\/wp-json\/wp\/v2\/media?parent=25263"}],"wp:term":[{"taxonomy":"product_brand","embeddable":true,"href":"https:\/\/cozydots.com\/fr\/wp-json\/wp\/v2\/product_brand?post=25263"},{"taxonomy":"product_cat","embeddable":true,"href":"https:\/\/cozydots.com\/fr\/wp-json\/wp\/v2\/product_cat?post=25263"},{"taxonomy":"product_tag","embeddable":true,"href":"https:\/\/cozydots.com\/fr\/wp-json\/wp\/v2\/product_tag?post=25263"}],"curies":[{"name":"wp","href":"https:\/\/api.w.org\/{rel}","templated":true}]}}